{"id":6984,"date":"2012-12-08T15:14:55","date_gmt":"2012-12-08T15:14:55","guid":{"rendered":"https:\/\/toolset.com\/page-daccueil\/types-gere-les-types-de-publications-les-taxinomies-et-les-champs-personnalises\/"},"modified":"2014-10-28T16:52:33","modified_gmt":"2014-10-28T16:52:33","slug":"types-gere-les-types-de-publications-les-taxinomies-et-les-champs-personnalises","status":"publish","type":"page","link":"https:\/\/toolset.com\/fr\/page-daccueil\/types-gere-les-types-de-publications-les-taxinomies-et-les-champs-personnalises\/","title":{"rendered":"Plug-in Types : taxonomie, types de publication et champs personnalis\u00e9s"},"content":{"rendered":"<section id=\"about\" class=\"gray-height\">\n<div id=\"about-right\">\n<a class=\"play-mask top\" onclick=\"popupVideo(640, 410, 'http:\/\/d1ftqtsbckf6jv.cloudfront.net\/types-intro.mp4', '');\"><i><\/i><img decoding=\"async\" alt=\"Lancer la vid\u00e9o\" title=\"\" width=\"320\" height=\"220\" class=\"alignnone size-full wp-image-11466\" src=\"https:\/\/toolset.com\/wp-content\/uploads\/2012\/12\/vp-types.jpg\"><\/a>\n\t<\/div>\n<div id=\"about-left\">\n<h1>Plug-in Types : taxonomie, types de publication et champs personnalis\u00e9s<\/h1>\n<h2>Types est la solution int\u00e9gr\u00e9e de personnalisation de WordPress.<\/h2>\n<p>\n Vous pourrez cr\u00e9er de la taxonomie, des types de publication et des champs personnalis\u00e9s, le tout depuis l&#8217;interface utilisateur graphique de WordPress.\n\t\t<\/p>\n<p style=\"margin-top:3em; text-align:center;\"><a href=\"\/fr\/wp-json\/wp\/v2\/pages\/6984?add-to-cart=38994&buy_now=1\" class=\"woo-sc-button custom large\" title=\"Register to download Types\"><span class=\"woo-download\">T\u00e9l\u00e9chargez Types<\/span><\/a><\/p>\n<ul>\n<li>Large gamme de types de champs personnalis\u00e9s, tous r\u00e9p\u00e9tables<\/li>\n<li>Types de publication personnalis\u00e9s avec relation parent\/enfant<\/li>\n<li>Multilingue avec WPML<\/li>\n<\/ul><\/div>\n<\/section>\n<div class=\"section-wrapper\">\n<section id=\"moreinformation\">\n<section id=\"whychoose\" class=\"column-float\">\n<h3>Pourquoi choisir Types ?<\/h3>\n<ul class=\"oklist\">\n<li><span class=\"promise-title\"><i class=\"icon-ok-sign\"><\/i>Int\u00e9gration compl\u00e8te<\/span>\n<p>Types comprend tout ce dont vous avez besoin en un. Les types de publications, taxonomie et champs personnalis\u00e9s fonctionneront parfaitement ensemble.<\/p>\n<\/li>\n<li>\n<span class=\"promise-title\"><i class=\"icon-ok-sign\"><\/i>Robuste et fiable<\/span><\/p>\n<p>Types appartient \u00e0 une famille de plug-ins derri\u00e8re plus de 100 000 sites Web commerciaux sous WordPress.<\/p>\n<\/li>\n<li>\n<span class=\"promise-title\"><i class=\"icon-ok-sign\"><\/i>Multilingue<\/span><\/p>\n<p>Types est le seul plug-in, pour les types de publication et champs personnalis\u00e9s, int\u00e9gralement compatible avec les sites multilingue gr\u00e2ce \u00e0 WPML.<\/p>\n<\/li>\n<\/ul>\n<\/section>\n<section id=\"links\" class=\"column-float\">\n<h3>Liens rapides<\/h3>\n<ul class=\"linklist\">\n<li><a href=\"https:\/\/toolset.com\/fr\/documentation-2\/guides-de-lutilisateur\/les-champs-personnalises-de-wordpress\/\"><i class=\"icon-arrow-right\"><\/i>D\u00e9finition de champs personnalis\u00e9s<\/a><\/li>\n<li><a href=\"https:\/\/toolset.com\/fr\/documentation-2\/guides-de-lutilisateur\/types-de-publications-personnalisees\/\"><i class=\"icon-arrow-right\"><\/i>Implantation de types de publication personnalis\u00e9s<\/a><\/li>\n<li><a href=\"https:\/\/toolset.com\/fr\/documentation-2\/guides-de-lutilisateur\/taxinomie-personnalisee\/\"><i class=\"icon-arrow-right\"><\/i>Utilisation d&#8217;une taxonomie personnalis\u00e9e<\/a><\/li>\n<li><a href=\"https:\/\/toolset.com\/fr\/functions\/\"><i class=\"icon-arrow-right\"><\/i>API de champs Types<\/a><\/li>\n<li><a href=\"https:\/\/toolset.com\/fr\/documentation-2\/guides-de-lutilisateur\/realiser-des-relations-entre-types-de-publication\/\"><i class=\"icon-arrow-right\"><\/i>Relation parent\/enfant entre types de publication personnalis\u00e9s<\/a><\/li>\n<\/ul>\n<\/section>\n<section id=\"download\" class=\"column-float end\">\n<h3>T\u00e9l\u00e9charger<\/h3>\n<p> Types est gratuit. Pour le t\u00e9l\u00e9charger depuis ce site, nous vous demandons de vous enregistrer avec votre nom et votre adresse e-mail. L&#8217;enregistrement vous donne \u00e9galement acc\u00e8s au forum d&#8217;assistance de la communaut\u00e9.<\/p>\n<p style=\"margin-top:4em; text-align:center;\"><a href=\"\/fr\/wp-json\/wp\/v2\/pages\/6984?add-to-cart=38994&buy_now=1\" class=\"woo-sc-button custom large\" title=\"Register to download Types\"><span class=\"woo-download\">T\u00e9l\u00e9chargez Types<\/span><\/a><\/p>\n<\/section>\n<\/section>\n<\/div>\n<section id=\"features\" class=\"featuretype\">\n<h3>Caract\u00e9ristiques de Types<\/h3>\n<h4 style=\"clear: both;\">Personnalisation des \u00e9crans d&#8217;\u00e9dition avec les champs personnalis\u00e9s<\/h4>\n<p><a href=\"https:\/\/toolset.com\/wp-content\/uploads\/2012\/12\/project-edit.png\"><img decoding=\"async\" src=\"https:\/\/toolset.com\/wp-content\/uploads\/2012\/12\/project-edit-272x3001.png\" alt=\"\" title=\"project-edit\" width=\"272\" height=\"300\" class=\"alignright size-medium wp-image-9759\" \/><\/a><\/p>\n<p>Types vous fournit une large gamme de champs personnalis\u00e9s comprenant des cases \u00e0 cocher, des zones de texte, des \u00e9diteurs visuels, des images, des menus d\u00e9roulants et bien plus encore.<\/p>\n<p>Avec ces champs, vous pouvez personnaliser l&#8217;apparence des diff\u00e9rents \u00e9crans d&#8217;\u00e9dition en fonction des types de contenus.<\/p>\n<p>Les champs personnalis\u00e9s de Types peuvent aussi valider les entr\u00e9es des utilisateurs. Ils v\u00e9rifient que chaque entr\u00e9e est correcte et respecte le format requis. Cela veut dire que lorsque vous utilisez ces donn\u00e9es dans vos templates, vous savez que l&#8217;affichage sera parfait. <\/p>\n<p>Types prend en charge des <strong>champs r\u00e9p\u00e9titifs<\/strong> simples ainsi que des structures de donn\u00e9es complexes par le biais de l&#8217;\u00e9dition en ligne des donn\u00e9es enfants.<\/p>\n<p>D\u00e9couvrez-en plus sur la <a href=\"https:\/\/toolset.com\/fr\/documentation-2\/guides-de-lutilisateur\/les-champs-personnalises-de-wordpress\/\">gestion des champs personnalis\u00e9s<\/a>.<\/p>\n<h4 style=\"clear: both;\">Cr\u00e9ation de types de publications personnalis\u00e9s sur WordPress<\/h4>\n<p><a href=\"https:\/\/toolset.com\/wp-content\/uploads\/2012\/12\/new-custom-post-type.png\"><img decoding=\"async\" class=\"alignright size-medium wp-image-918\" title=\"new-custom-post-type\" src=\"https:\/\/toolset.com\/wp-content\/uploads\/2012\/12\/new-custom-post-type-300x2361.png\" alt=\"\" width=\"300\" height=\"236\" \/><\/a><\/p>\n<p>Saisissez le nom du nouveau type de contenu, cliquez sur Enregistrer et voil\u00e0, c&#8217;est pr\u00eat !<\/p>\n<p>En dehors de cette configuration simple et rapide, Types vous donne \u00e9galement acc\u00e8s \u00e0 tous les param\u00e8tres et fonctionnalit\u00e9s avanc\u00e9s des types de publication et de taxonomie personnalis\u00e9s.<\/p>\n<p>Types vous laisse \u00e9galement d\u00e9finir une relation <strong>parent\/enfant<\/strong> entre les diff\u00e9rents types de publication. Ceci vous permettra d&#8217;associer diff\u00e9rents types de donn\u00e9es et d&#8217;assembler le tout parfaitement.<\/p>\n<p>D\u00e9couvrez-en plus sur la <a href=\"https:\/\/toolset.com\/fr\/documentation-2\/guides-de-lutilisateur\/types-de-publications-personnalisees\/\">Cr\u00e9ation de types de publication personnalis\u00e9s<\/a> et la <a href=\"https:\/\/toolset.com\/fr\/documentation-2\/guides-de-lutilisateur\/taxinomie-personnalisee\/\">Cr\u00e9ation de taxonomies personnalis\u00e9es<\/a>.<\/p>\n<h4 style=\"clear: both;\">Affichage facile des contenus personnalis\u00e9s<\/h4>\n<p><a href=\"https:\/\/toolset.com\/wp-content\/uploads\/2012\/12\/insert-types-shortcodes.png\"><img decoding=\"async\" class=\"alignright size-medium wp-image-947\" title=\"\" src=\"https:\/\/toolset.com\/wp-content\/uploads\/2012\/12\/insert-types-shortcodes-300x1791.png\" alt=\"\" width=\"300\" height=\"179\" \/><\/a><\/p>\n<p>Il est facile d&#8217;ins\u00e9rer des contenus personnalis\u00e9s avec Types. Lors de la cr\u00e9ation de contenus, les auteurs peuvent cliquer sur l&#8217;ic\u00f4ne <strong>T<\/strong> et ins\u00e9rer n&#8217;importe quel champ dans le contenu.<\/p>\n<p>Pour afficher les champs personnalis\u00e9s dans les th\u00e8mes, utilisez l&#8217;<a href=\"https:\/\/toolset.com\/fr\/functions\/\">API Types<\/a> et encodez-la en PHP, ou utilisez <a href=\"https:\/\/toolset.com\/fr\/page-daccueil\/views-creez-de-belles-presentations-pour-vos-contenus\/\">Views<\/a> pour cr\u00e9er des templates dynamiques (et bien plus) sans ne jamais rien faire en PHP.<\/p>\n<h4 style=\"clear: both;\">Gestion des contenus existants<\/h4>\n<p><a href=\"https:\/\/toolset.com\/wp-content\/uploads\/2012\/12\/custom-fields-management.png\"><img decoding=\"async\" class=\"size-medium wp-image-899 alignright\" src=\"https:\/\/toolset.com\/wp-content\/uploads\/2012\/12\/custom-fields-management-300x1751.png\" alt=\"\" width=\"300\" height=\"175\" \/><\/a><\/p>\n<p>Si vous avez d\u00e9j\u00e0 un grand nombre de champs personnalis\u00e9s que vous g\u00e9rez manuellement, vous pouvez laisser Types en prendre le contr\u00f4le.<\/p>\n<p>Indiquez \u00e0 Types quels sont les genres de champs personnalis\u00e9s dont vous disposez et chacun d&#8217;eux recevra sa propre bo\u00eete-m\u00e9ta sophistiqu\u00e9e dans les pages de modifications.<\/p>\n<p>Cela fonctionne \u00e0 merveille avec les champs personnalis\u00e9s cr\u00e9\u00e9s pr\u00e9c\u00e9demment ou ceux que des plug-ins de champ personnalis\u00e9 g\u00e9raient pr\u00e9c\u00e9demment.<\/p>\n<h4 style=\"clear: both;\">Insertion dans vos th\u00e8mes et plug-ins<\/h4>\n<p>Si vous r\u00e9alisez des th\u00e8mes et des plug-ins, vous pouvez ma\u00eetriser toute la puissance de Types et faire que vos utilisateurs jouissent de toute l&#8217;intense exp\u00e9rience que procure WordPress.<\/p>\n<p>Types poss\u00e8de un mode d&#8217;insertion que vous pouvez utiliser pour inclure des fonctionnalit\u00e9s dans vos th\u00e8mes et plug-ins. Cela veut dire que vous pouvez d\u00e9finir des types personnalis\u00e9s et personnaliser l&#8217;interface d&#8217;\u00e9dition sans avoir \u00e0 \u00e9crire une seule ligne de code.<\/p>\n<p>La version ins\u00e9r\u00e9e fonctionne comme une fonction de th\u00e8me et non comme un plug-in. Aucune activation n&#8217;est requise. De plus, comme l&#8217;interface graphique utilisateur de Types n&#8217;est pas incluse, elle est n&#8217;est pas aussi importante que la version compl\u00e8te du plug-in. Vos utilisateurs seront capables de personnaliser des \u00e9l\u00e9ments eux-m\u00eames s&#8217;ils t\u00e9l\u00e9chargent le plug-in Types.<\/p>\n<\/section>\n","protected":false},"excerpt":{"rendered":"<p>Plug-in Types : taxonomie, types de publication et champs personnalis\u00e9s Types est la solution int\u00e9gr\u00e9e de personnalisation de WordPress. Vous pourrez cr\u00e9er de la taxonomie, des types de publication et des champs personnalis\u00e9s, le tout depuis l&#8217;interface utilisateur graphique de WordPress. Large gamme de types de champs personnalis\u00e9s, tous r\u00e9p\u00e9tables Types de publication personnalis\u00e9s avec [&hellip;]<\/p>\n","protected":false},"author":1,"featured_media":0,"parent":4166,"menu_order":0,"comment_status":"closed","ping_status":"closed","template":"template-blank.php","meta":{"_bbp_topic_count":0,"_bbp_reply_count":0,"_bbp_total_topic_count":0,"_bbp_total_reply_count":0,"_bbp_voice_count":0,"_bbp_anonymous_reply_count":0,"_bbp_topic_count_hidden":0,"_bbp_reply_count_hidden":0,"_bbp_forum_subforum_count":0,"ep_exclude_from_search":false,"footnotes":""},"documentation-category":[],"class_list":["post-6984","page","type-page","status-publish","hentry"],"_links":{"self":[{"href":"https:\/\/toolset.com\/fr\/wp-json\/wp\/v2\/pages\/6984","targetHints":{"allow":["GET"]}}],"collection":[{"href":"https:\/\/toolset.com\/fr\/wp-json\/wp\/v2\/pages"}],"about":[{"href":"https:\/\/toolset.com\/fr\/wp-json\/wp\/v2\/types\/page"}],"author":[{"embeddable":true,"href":"https:\/\/toolset.com\/fr\/wp-json\/wp\/v2\/users\/1"}],"replies":[{"embeddable":true,"href":"https:\/\/toolset.com\/fr\/wp-json\/wp\/v2\/comments?post=6984"}],"version-history":[{"count":40,"href":"https:\/\/toolset.com\/fr\/wp-json\/wp\/v2\/pages\/6984\/revisions"}],"predecessor-version":[{"id":30184,"href":"https:\/\/toolset.com\/fr\/wp-json\/wp\/v2\/pages\/6984\/revisions\/30184"}],"up":[{"embeddable":true,"href":"https:\/\/toolset.com\/fr\/wp-json\/wp\/v2\/pages\/4166"}],"wp:attachment":[{"href":"https:\/\/toolset.com\/fr\/wp-json\/wp\/v2\/media?parent=6984"}],"wp:term":[{"taxonomy":"documentation-category","embeddable":true,"href":"https:\/\/toolset.com\/fr\/wp-json\/wp\/v2\/documentation-category?post=6984"}],"curies":[{"name":"wp","href":"https:\/\/api.w.org\/{rel}","templated":true}]}}