{"id":692450,"date":"2018-04-19T14:22:14","date_gmt":"2018-04-19T14:22:14","guid":{"rendered":"https:\/\/toolset.com\/formulaires-de-soumission-et-dedition-de-contenu-en-amont\/"},"modified":"2018-04-19T14:22:14","modified_gmt":"2018-04-19T14:22:14","slug":"formulaires-de-soumission-et-dedition-de-contenu-en-amont","status":"publish","type":"page","link":"https:\/\/toolset.com\/fr\/formulaires-de-soumission-et-dedition-de-contenu-en-amont\/","title":{"rendered":"Formulaires de soumission et d&#8217;\u00e9dition de contenu en amont"},"content":{"rendered":"<p><strong>De nombreux sites Web requi\u00e8rent la capacit\u00e9 de cr\u00e9er et d&#8217;\u00e9diter des contenus en amont. Des exemples englobent des sites class\u00e9s, de listage, immobiliers et d&#8217;emploi. Le module d&#8217;extension Forms facilite l&#8217;ajout de cette capacit\u00e9. Forms vous permet de cr\u00e9er des formulaires en amont en vue de cr\u00e9er et d&#8217;\u00e9diter des contenus. Ces formulaires peuvent contenir des champs personnalis\u00e9s, valider des saisies et envoyer des e-mails de notification.<\/strong><\/p>\n<div class=\"well well-default \">Si vous n&#8217;\u00eates pas familiaris\u00e9 avec le module d&#8217;extension Forms, nous vous recommandons de consulter d&#8217;abord le <a href=\"\/?page_id=565236\">cours de formation Forms<\/a>.<br \/>\n <\/div>\n<p> Pour cr\u00e9er un nouveau formulaire d&#8217;\u00e9dition de contenu en amont, allez aux <strong>Formulaires de publication-&gt;Toolset <\/strong>et cliquez sur\u00a0<strong>En ajouter un nouveau<\/strong>. Choisissez le type de formulaire que vous souhaitez cr\u00e9er (\u201cnouveau contenu\u201d ou \u201c\u00e9diter le contenu\u201d) ainsi que de nombreuses autres options relatives au formulaire.<\/p>\n<p><ta_ignore><figure id=\"attachment_400575\" aria-describedby=\"caption-attachment-400575\" style=\"width: 450px\" class=\"wp-caption aligncenter\"><a href=\"https:\/\/toolset.com\/wp-content\/uploads\/2012\/09\/cred-post-forms-classifieds-example.jpg\"><img decoding=\"async\" class=\"size-full wp-image-400575\" src=\"https:\/\/toolset.com\/wp-content\/uploads\/2012\/09\/cred-post-forms-classifieds-example-small-r1.jpg\" alt=\"Formulaire Forms pour soumettre une nouvelle annonce\" width=\"450\" height=\"300\" srcset=\"https:\/\/toolset.com\/wp-content\/uploads\/2012\/09\/cred-post-forms-classifieds-example-small-r1.jpg 450w, https:\/\/toolset.com\/wp-content\/uploads\/2012\/09\/cred-post-forms-classifieds-example-small-r1-150x100.jpg 150w, https:\/\/toolset.com\/wp-content\/uploads\/2012\/09\/cred-post-forms-classifieds-example-small-r1-300x200.jpg 300w\" sizes=\"(max-width: 450px) 100vw, 450px\" \/><\/a><figcaption id=\"caption-attachment-400575\" class=\"wp-caption-text\">Formulaire Forms pour soumettre une nouvelle annonce<ta_ignore><\/figcaption><\/figure><\/ta_ignore><\/p>\n<p> Le formulaire peut cr\u00e9er un nouveau contenu ou \u00e9diter le contenu existant. Les formulaires Forms de contenu en amont prennent en charge les pages, publications et types de publication personnalis\u00e9e WordPress (voir les instructions pour <a href=\"\/?post_type=course-lesson&#038;p=472600\">cr\u00e9er des formulaires Forms pour les produits WooCommerce<\/a>).<\/p>\n<p> Pour cr\u00e9er des formulaires pour les utilisateurs, utilisez les <a href=\"http:\/\/www.wp-types.com\/user-guides\/cred-user-forms\/\">formulaires d&#8217;inscription d&#8217;utilisateur en amont<\/a>. Si vous avez besoin d&#8217;autoriser \u00e0 cr\u00e9er un contenu et de le modifier, cr\u00e9ez deux formulaires, un pour chaque fonction.<\/p>\n<h2 id=\"designing-the-cred-post-form\">Conception de formulaires de soumission de contenu en amont<\/h2>\n<p> Les formulaires Forms pr\u00eats \u00e0 \u00eatre cr\u00e9\u00e9s sont vides. La mani\u00e8re la plus simple de d\u00e9marrer est de cliquer sur le bouton <strong>Autog\u00e9n\u00e9rer un formulaire<\/strong>.<\/p>\n<p><ta_ignore><figure id=\"attachment_427385\" aria-describedby=\"caption-attachment-427385\" style=\"width: 300px\" class=\"wp-caption aligncenter\"><a href=\"https:\/\/toolset.com\/wp-content\/uploads\/2012\/09\/cred-post-forms-autogeneration.png\"><img decoding=\"async\" class=\"wp-image-427385 size-medium\" src=\"https:\/\/toolset.com\/wp-content\/uploads\/2012\/09\/cred-post-forms-autogeneration-300x169.png\" alt=\"Fonctionnalit\u00e9 Autog\u00e9n\u00e9ration de formulaire dans Formulaires de publication Forms\" width=\"300\" height=\"169\" srcset=\"https:\/\/toolset.com\/wp-content\/uploads\/2012\/09\/cred-post-forms-autogeneration-300x169.png 300w, https:\/\/toolset.com\/wp-content\/uploads\/2012\/09\/cred-post-forms-autogeneration-150x85.png 150w, https:\/\/toolset.com\/wp-content\/uploads\/2012\/09\/cred-post-forms-autogeneration-768x434.png 768w, https:\/\/toolset.com\/wp-content\/uploads\/2012\/09\/cred-post-forms-autogeneration-1024x578.png 1024w, https:\/\/toolset.com\/wp-content\/uploads\/2012\/09\/cred-post-forms-autogeneration-805x455.png 805w, https:\/\/toolset.com\/wp-content\/uploads\/2012\/09\/cred-post-forms-autogeneration.png 1130w\" sizes=\"(max-width: 300px) 100vw, 300px\" \/><\/a><figcaption id=\"caption-attachment-427385\" class=\"wp-caption-text\">Fonctionnalit\u00e9 Autog\u00e9n\u00e9ration de formulaire dans Formulaires de publication Forms<ta_ignore><\/figcaption><\/figure><\/ta_ignore><\/p>\n<p> L&#8217;autog\u00e9n\u00e9rateur cr\u00e9e un formulaire enti\u00e8rement fonctionnel incluant tous les champs faisant partie du contenu.<\/p>\n<p><ta_ignore><figure id=\"attachment_427386\" aria-describedby=\"caption-attachment-427386\" style=\"width: 300px\" class=\"wp-caption aligncenter\"><a href=\"https:\/\/toolset.com\/wp-content\/uploads\/2012\/09\/cred-post-forms-autogeneration-basic.png\"><img decoding=\"async\" class=\"size-medium wp-image-427386\" src=\"https:\/\/toolset.com\/wp-content\/uploads\/2012\/09\/cred-post-forms-autogeneration-basic-300x285.png\" alt=\"Contenu de formulaire de base autog\u00e9n\u00e9r\u00e9.\" width=\"300\" height=\"285\" srcset=\"https:\/\/toolset.com\/wp-content\/uploads\/2012\/09\/cred-post-forms-autogeneration-basic-300x285.png 300w, https:\/\/toolset.com\/wp-content\/uploads\/2012\/09\/cred-post-forms-autogeneration-basic-150x143.png 150w, https:\/\/toolset.com\/wp-content\/uploads\/2012\/09\/cred-post-forms-autogeneration-basic-768x730.png 768w, https:\/\/toolset.com\/wp-content\/uploads\/2012\/09\/cred-post-forms-autogeneration-basic-1024x973.png 1024w, https:\/\/toolset.com\/wp-content\/uploads\/2012\/09\/cred-post-forms-autogeneration-basic-547x520.png 547w, https:\/\/toolset.com\/wp-content\/uploads\/2012\/09\/cred-post-forms-autogeneration-basic.png 1131w\" sizes=\"(max-width: 300px) 100vw, 300px\" \/><\/a><figcaption id=\"caption-attachment-427386\" class=\"wp-caption-text\">Contenu de formulaire de base autog\u00e9n\u00e9r\u00e9.<ta_ignore><\/figcaption><\/figure><\/ta_ignore><\/p>\n<p> Vous pouvez utiliser cette stylisation de formulaire par d\u00e9faut ou modifier l&#8217;HTML afin de personnaliser la mise en page.<\/p>\n<p> Vous pouvez quasiment tout modifier dans le formulaire Forms. Les codes abr\u00e9g\u00e9s (textes entre crochets) sont les champs et les contr\u00f4les de formulaire. Ne les modifiez pas, mais si vous le souhaitez, vous pouvez ajouter des classes pour contr\u00f4ler leur stylisation. Vous pouvez modifier l&#8217;HTML autour de ces codes abr\u00e9g\u00e9s.<\/p>\n<p> Il existe des codes abr\u00e9g\u00e9s Forms sp\u00e9ciaux qui contr\u00f4lent la fonctionnalit\u00e9 de base de chaque formulaire. Ces codes abr\u00e9g\u00e9s incluent :<\/p>\n<ul>\n<li><code>{sc{credform class='cred-form cred-keep-original'}sc}<\/code> : obligatoire<\/li>\n<li><code>{sc{cred_field field='form_messages' value=''}sc}<\/code> : facultatif, utilis\u00e9 pour placer les messages de validation<\/li>\n<li><code>{sc{cred_field field='form_submit' value='Submit' urlparam=}sc}<\/code> : obligatoire (le formulaire ne fonctionnera pas sans bouton d&#8217;envoi)<\/li>\n<li><code>{sc{\/credform}sc}<\/code> : obligatoire<\/li>\n<\/ul>\n<p> La suppression des codes abr\u00e9g\u00e9s obligatoires de vos formulaires entra\u00eenera leur rupture.<\/p>\n<p> Vous pouvez ins\u00e9rer des champs suppl\u00e9mentaires appartenant \u00e0 la publication \u00e0 l&#8217;aide du bouton <strong>Ajouter des champs de publication<\/strong>. Le bouton <strong>Ajouter des champs g\u00e9n\u00e9riques<\/strong> vous permet d&#8217;ajouter des champs n&#8217;appartenant pas \u00e0 la publication. Testez ces deux boutons et voyez les possibilit\u00e9s qu&#8217;ils offrent.<\/p>\n<h2 id=\"email-notifications\">Notifications par e-mail apr\u00e8s soumission de formulaire<\/h2>\n<p> Une fois les formulaires soumis, Forms peut envoyer des e-mails de notification. Vous pouvez configurer de multiples e-mails de notification proposant des contenus diff\u00e9rents \u00e0 diff\u00e9rents destinataires. Les e-mails de notification peuvent \u00eatre envoy\u00e9s \u00e0 un auteur de contenu, administrateur de site Web ou \u00e0 n&#8217;importe quel utilisateur ou adresse e-mail en particulier.<\/p>\n<p> \u00c9tudions deux exemples de notification par e-mail.<\/p>\n<h3>Envoi d&#8217;un e-mail de notification pour les brouillons r\u00e9cemment soumis<\/h3>\n<p> Si les formulaires g\u00e9n\u00e8rent des &#8216;brouillons&#8217;, vous aurez probablement besoin d&#8217;un \u00e9diteur ou administrateur pour r\u00e9viser et publier le contenu. Il vous faudra ensuite disposer d&#8217;un moyen pour avertir l&#8217;administrateur ou l&#8217;\u00e9diteur qu&#8217;une nouvelle publication est en attente d&#8217;\u00eatre approuv\u00e9e. Cr\u00e9ez pour cela une notification \u00e0 envoyer lors de la soumission du contenu et s\u00e9lectionnez l&#8217;administrateur du site comme destinataire.<\/p>\n<h3>Confirmation de soumission de contenu \u00e0 la personne qui soumet<\/h3>\n<p> Un autre exemple type d&#8217;utilisation de notification automatique est l&#8217;envoi des confirmations aux utilisateurs concernant les contenus soumis avec succ\u00e8s. Apr\u00e8s avoir publi\u00e9 un formulaire, les utilisateurs ont la possibilit\u00e9 de recevoir un e-mail de confirmation automatique \u201cMerci pour votre publication !\u201d. Vous pouvez inclure diff\u00e9rentes informations \u00e0 ces notifications, comme un lien vers leur publication.<\/p>\n<h3>Configuration d&#8217;un e-mail de notification pour les formulaires Forms<\/h3>\n<p> Vous pouvez configurer des notifications pour un formulaire dans la section <strong>R\u00e9glages de notification<\/strong>.<\/p>\n<p><ta_ignore><figure id=\"attachment_427388\" aria-describedby=\"caption-attachment-427388\" style=\"width: 300px\" class=\"wp-caption aligncenter\"><a href=\"https:\/\/toolset.com\/wp-content\/uploads\/2012\/09\/cred-post-forms-notification-1.png\"><img decoding=\"async\" class=\"size-medium wp-image-427388\" src=\"https:\/\/toolset.com\/wp-content\/uploads\/2012\/09\/cred-post-forms-notification-1-300x179.png\" alt=\"Section Notification pour formulaire de publication Forms\" width=\"300\" height=\"179\" srcset=\"https:\/\/toolset.com\/wp-content\/uploads\/2012\/09\/cred-post-forms-notification-1-300x179.png 300w, https:\/\/toolset.com\/wp-content\/uploads\/2012\/09\/cred-post-forms-notification-1-150x90.png 150w, https:\/\/toolset.com\/wp-content\/uploads\/2012\/09\/cred-post-forms-notification-1-768x459.png 768w, https:\/\/toolset.com\/wp-content\/uploads\/2012\/09\/cred-post-forms-notification-1-1024x612.png 1024w, https:\/\/toolset.com\/wp-content\/uploads\/2012\/09\/cred-post-forms-notification-1-805x481.png 805w, https:\/\/toolset.com\/wp-content\/uploads\/2012\/09\/cred-post-forms-notification-1.png 1114w\" sizes=\"(max-width: 300px) 100vw, 300px\" \/><\/a><figcaption id=\"caption-attachment-427388\" class=\"wp-caption-text\">Section Notification pour formulaire de publication Forms<ta_ignore><\/figcaption><\/figure><\/ta_ignore><\/p>\n<h2>Validation des champs de saisie dans le formulaire<\/h2>\n<p> Les formulaires Forms garantissent la validit\u00e9 des contenus soumis. Si vous configurez un champ comme &#8216;requis&#8217;, Forms s&#8217;assurera que ce champ n&#8217;est pas blanc. Certains champs pr\u00e9sentent des formats requis (champs &#8216;e-mail&#8217; et &#8216;num\u00e9rique&#8217;). Forms affichera une erreur si les champs sont manquants ou format\u00e9s incorrectement, en demandant \u00e0 l&#8217;utilisateur de rectifier avant l&#8217;envoi.<\/p>\n<p><ta_ignore><figure id=\"attachment_335028\" aria-describedby=\"caption-attachment-335028\" style=\"width: 300px\" class=\"wp-caption aligncenter\"><a href=\"https:\/\/toolset.com\/wp-content\/uploads\/2012\/09\/cred-post-forms-validation-fail-messages.jpg\"><img decoding=\"async\" class=\"img-border wp-image-335028 size-medium\" src=\"https:\/\/toolset.com\/wp-content\/uploads\/2012\/09\/cred-post-forms-validation-fail-messages-300x231.jpg\" alt=\"Exemple de message pour la validation des formulaires de publication Forms ayant \u00e9chou\u00e9\" width=\"300\" height=\"231\" srcset=\"https:\/\/toolset.com\/wp-content\/uploads\/2012\/09\/cred-post-forms-validation-fail-messages-300x231.jpg 300w, https:\/\/toolset.com\/wp-content\/uploads\/2012\/09\/cred-post-forms-validation-fail-messages-150x116.jpg 150w, https:\/\/toolset.com\/wp-content\/uploads\/2012\/09\/cred-post-forms-validation-fail-messages-1024x790.jpg 1024w, https:\/\/toolset.com\/wp-content\/uploads\/2012\/09\/cred-post-forms-validation-fail-messages-674x520.jpg 674w, https:\/\/toolset.com\/wp-content\/uploads\/2012\/09\/cred-post-forms-validation-fail-messages.jpg 1053w\" sizes=\"(max-width: 300px) 100vw, 300px\" \/><\/a><figcaption id=\"caption-attachment-335028\" class=\"wp-caption-text\">Exemple de message pour la validation des formulaires de publication Forms ayant \u00e9chou\u00e9<ta_ignore><\/figcaption><\/figure><\/ta_ignore><\/p>\n<p> Une validation de saisie automatique est \u00e9galement importante pour la s\u00e9curit\u00e9 de votre site, car elle emp\u00eache l&#8217;injection d&#8217;un code malveillant.<\/p>\n<p> Utilisez HTML et CSS pour styliser les messages de validation du formulaire et des champs.<\/p>\n<h2>Protection anti-SPAM int\u00e9gr\u00e9e pour les formulaires<\/h2>\n<p> Forms vous permet d&#8217;emp\u00eacher l&#8217;envoi de pourriels vers votre site en ayant recours \u00e0 reCAPTCHA. Lorsque vous d\u00e9finissez le formulaire, vous pouvez choisir d&#8217;y inclure le champ reCAPTCHA. Saisissez alors vos informations d&#8217;identification de compte pour pouvoir utiliser le formulaire.<\/p>\n<p><ta_ignore><figure id=\"attachment_389973\" aria-describedby=\"caption-attachment-389973\" style=\"width: 300px\" class=\"wp-caption aligncenter\"><a href=\"https:\/\/toolset.com\/wp-content\/uploads\/2012\/09\/cred-recaptcha-v2.png\" rel=\"attachment wp-att-389973\"><img decoding=\"async\" class=\"size-medium wp-image-389973\" src=\"https:\/\/toolset.com\/wp-content\/uploads\/2012\/09\/cred-recaptcha-v2-300x76.png\" alt=\"Champ reCAPTCHA tel qu'il est d\u00e9crit sur les formulaires de publication Forms.\" width=\"300\" height=\"76\" srcset=\"https:\/\/toolset.com\/wp-content\/uploads\/2012\/09\/cred-recaptcha-v2-300x76.png 300w, https:\/\/toolset.com\/wp-content\/uploads\/2012\/09\/cred-recaptcha-v2-150x38.png 150w, https:\/\/toolset.com\/wp-content\/uploads\/2012\/09\/cred-recaptcha-v2.png 379w\" sizes=\"(max-width: 300px) 100vw, 300px\" \/><\/a><figcaption id=\"caption-attachment-389973\" class=\"wp-caption-text\">Champ reCAPTCHA tel qu&#8217;il est d\u00e9crit sur les formulaires de publication Forms.<ta_ignore><\/figcaption><\/figure><\/ta_ignore><\/p>\n<p> Pour utiliser reCAPTCHA, vous devez d&#8217;abord enregistrer les cl\u00e9s publiques et priv\u00e9es via la <a href=\"https:\/\/www.google.com\/recaptcha\/\">page d&#8217;accueil reCAPTCHA de Google<\/a>. Vous pourrez ensuite ins\u00e9rer le champ dans n&#8217;importe quel formulaire \u00e0 l&#8217;aide de la fonctionnalit\u00e9 <strong>Formulaires Forms autog\u00e9n\u00e9r\u00e9s<\/strong> ou en l&#8217;ins\u00e9rant manuellement \u00e0 l&#8217;aide du bouton <strong>Ajouter une publication<\/strong>.<\/p>\n<p> En plus du champ reCAPTCHA utilis\u00e9 pour combattre les pourriels, vous pouvez \u00e9galement limiter l&#8217;acc\u00e8s aux formulaires \u00e0 l&#8217;aide du module d&#8217;extension Access.<\/p>\n<h2 id=\"displaying-forms-on-the-front-end\">Affichage des formulaires en amont du site<\/h2>\n<p> Vous pouvez ins\u00e9rer des formulaires Forms dans n&#8217;importe quel contenu WordPress. Ceci inclut des pages, des publications et tout type personnalis\u00e9. Lorsque vous modifiez un contenu, cliquez sur le bouton <strong>Formulaires Forms<\/strong> et s\u00e9lectionnez les formulaires.<\/p>\n<p><ta_ignore><figure id=\"attachment_427392\" aria-describedby=\"caption-attachment-427392\" style=\"width: 300px\" class=\"wp-caption aligncenter\"><a href=\"https:\/\/toolset.com\/wp-content\/uploads\/2012\/09\/cred-post-forms-insertion-into-content.png\"><img decoding=\"async\" class=\"size-medium wp-image-427392\" src=\"https:\/\/toolset.com\/wp-content\/uploads\/2012\/09\/cred-post-forms-insertion-into-content-300x180.png\" alt=\"Bo\u00eete de dialogue d'insertion des formulaires Forms.\" width=\"300\" height=\"180\" srcset=\"https:\/\/toolset.com\/wp-content\/uploads\/2012\/09\/cred-post-forms-insertion-into-content-300x180.png 300w, https:\/\/toolset.com\/wp-content\/uploads\/2012\/09\/cred-post-forms-insertion-into-content-150x90.png 150w, https:\/\/toolset.com\/wp-content\/uploads\/2012\/09\/cred-post-forms-insertion-into-content-768x460.png 768w, https:\/\/toolset.com\/wp-content\/uploads\/2012\/09\/cred-post-forms-insertion-into-content-1024x614.png 1024w, https:\/\/toolset.com\/wp-content\/uploads\/2012\/09\/cred-post-forms-insertion-into-content-805x482.png 805w, https:\/\/toolset.com\/wp-content\/uploads\/2012\/09\/cred-post-forms-insertion-into-content.png 1155w\" sizes=\"(max-width: 300px) 100vw, 300px\" \/><\/a><figcaption id=\"caption-attachment-427392\" class=\"wp-caption-text\">Bo\u00eete de dialogue d&#8217;insertion des formulaires Forms.<ta_ignore><\/figcaption><\/figure><\/ta_ignore><\/p>\n<p> Le formulaire s&#8217;affiche alors sur la page.<\/p>\n<p><ta_ignore><figure id=\"attachment_335025\" aria-describedby=\"caption-attachment-335025\" style=\"width: 212px\" class=\"wp-caption aligncenter\"><a href=\"https:\/\/toolset.com\/wp-content\/uploads\/2012\/09\/cred-post-forms-classifieds-example.jpg\"><img decoding=\"async\" class=\"img-border wp-image-335025 size-medium\" src=\"https:\/\/toolset.com\/wp-content\/uploads\/2012\/09\/cred-post-forms-classifieds-example-212x300.jpg\" alt=\"Formulaire Forms qui alimente un site de petites annonces\" width=\"212\" height=\"300\" srcset=\"https:\/\/toolset.com\/wp-content\/uploads\/2012\/09\/cred-post-forms-classifieds-example-212x300.jpg 212w, https:\/\/toolset.com\/wp-content\/uploads\/2012\/09\/cred-post-forms-classifieds-example-106x150.jpg 106w, https:\/\/toolset.com\/wp-content\/uploads\/2012\/09\/cred-post-forms-classifieds-example-724x1024.jpg 724w, https:\/\/toolset.com\/wp-content\/uploads\/2012\/09\/cred-post-forms-classifieds-example-367x520.jpg 367w, https:\/\/toolset.com\/wp-content\/uploads\/2012\/09\/cred-post-forms-classifieds-example.jpg 1036w\" sizes=\"(max-width: 212px) 100vw, 212px\" \/><\/a><figcaption id=\"caption-attachment-335025\" class=\"wp-caption-text\">Formulaire Forms qui alimente un site de petites annonces<ta_ignore><\/figcaption><\/figure><\/ta_ignore><\/p>\n<h3 id=\"editing-forms-and-deletion-links\">Insertion de formulaires de publication d&#8217;\u00e9dition et suppression de liens<\/h3>\n<p> En plus d&#8217;ins\u00e9rer des formulaires Forms pour cr\u00e9er de nouveaux contenus, vous pouvez \u00e9galement ins\u00e9rer ceux qui modifient un contenu. Lorsque vous ins\u00e9rez des formulaires d&#8217;\u00e9dition, vous pouvez choisir soit de les afficher directement dans une publication ou sur une page, soit d&#8217;ins\u00e9rer un lien au formulaire d&#8217;\u00e9dition lui-m\u00eame. Des options avanc\u00e9es permettent de choisir les contenus \u00e0 \u00e9diter (publication actuelle ou publication sp\u00e9cifique).<\/p>\n<p> Forms vous permet en plus d&#8217;ins\u00e9rer des liens qui supprimeront une publication s\u00e9lectionn\u00e9e ou une page.\u00a0<span>Les options avanc\u00e9es permettent de choisir les contenus \u00e0 supprimer (publication actuelle ou publication sp\u00e9cifique).<\/span><\/p>\n<h2 id=\"creating-woocomerce-products\">Cr\u00e9ation de produits WooCommerce \u00e0 l&#8217;aide des formulaires Forms<\/h2>\n<p> Les formulaires Forms peuvent aussi \u00eatre utilis\u00e9s pour cr\u00e9er des produits WooCommerce en amont.<\/p>\n<p> Vous pouvez ajouter tous les champs de produit WooCommerce par d\u00e9faut \u00e0 ces formulaires. V\u00e9rifiez la cr\u00e9ation <a href=\"\/?post_type=course-lesson&#038;p=472600\">de produits WooCommerce \u00e0 l&#8217;aide de la page de documentation sur les formulaires Forms<\/a> pour de plus amples d\u00e9tails.<\/p>\n<p><ta_ignore><figure id=\"attachment_473006\" aria-describedby=\"caption-attachment-473006\" style=\"width: 284px\" class=\"wp-caption aligncenter\"><a href=\"https:\/\/toolset.com\/wp-content\/uploads\/2012\/09\/woocommerce-product-cred-form.png\"><img decoding=\"async\" class=\"size-medium wp-image-473006\" src=\"https:\/\/toolset.com\/wp-content\/uploads\/2012\/09\/woocommerce-product-cred-form-284x300.png\" alt=\"Formulaire Forms pour soumettre un nouveau produit WooCommerce\" width=\"284\" height=\"300\" srcset=\"https:\/\/toolset.com\/wp-content\/uploads\/2012\/09\/woocommerce-product-cred-form-284x300.png 284w, https:\/\/toolset.com\/wp-content\/uploads\/2012\/09\/woocommerce-product-cred-form-142x150.png 142w, https:\/\/toolset.com\/wp-content\/uploads\/2012\/09\/woocommerce-product-cred-form-768x811.png 768w, https:\/\/toolset.com\/wp-content\/uploads\/2012\/09\/woocommerce-product-cred-form-493x520.png 493w, https:\/\/toolset.com\/wp-content\/uploads\/2012\/09\/woocommerce-product-cred-form.png 920w\" sizes=\"(max-width: 284px) 100vw, 284px\" \/><\/a><figcaption id=\"caption-attachment-473006\" class=\"wp-caption-text\">Formulaire Forms pour soumettre un nouveau produit WooCommerce<ta_ignore><\/figcaption><\/figure><\/ta_ignore><\/p>\n<h2>Contr\u00f4le de l&#8217;acc\u00e8s aux formulaires de contenu en amont<\/h2>\n<p> Vous pouvez contr\u00f4ler l&#8217;acc\u00e8s aux formulaires Forms \u00e0 l&#8217;aide du module d&#8217;extension Access qui fait partie int\u00e9grante de Toolset.<\/p>\n<p> \u00c0 l&#8217;aide d&#8217;Access, vous pouvez contr\u00f4ler les personnes autoris\u00e9es \u00e0 utiliser tel ou tel formulaire. Certains formulaires peuvent \u00eatre ouverts par tout le monde, d&#8217;autres pour certains r\u00f4les et certains formulaires sont destin\u00e9s \u00e0 des utilisateurs sp\u00e9cifiques.<\/p>\n<p> Pour en savoir plus, consultez le <a href=\"\/?page_id=24631\">Contr\u00f4le d&#8217;acc\u00e8s aux formulaires Forms<\/a>.<\/p>\n","protected":false},"excerpt":{"rendered":"<p>De nombreux sites Web requi\u00e8rent la capacit\u00e9 de cr\u00e9er et d&#8217;\u00e9diter des contenus en amont. Des exemples englobent des sites class\u00e9s, de listage, immobiliers et d&#8217;emploi. Le module d&#8217;extension Forms facilite l&#8217;ajout de cette capacit\u00e9. Forms vous permet de cr\u00e9er des formulaires en amont en vue de cr\u00e9er et d&#8217;\u00e9diter des contenus. Ces formulaires peuvent [&hellip;]<\/p>\n","protected":false},"author":1,"featured_media":0,"parent":0,"menu_order":0,"comment_status":"closed","ping_status":"closed","template":"","meta":{"_bbp_topic_count":0,"_bbp_reply_count":0,"_bbp_total_topic_count":0,"_bbp_total_reply_count":0,"_bbp_voice_count":0,"_bbp_anonymous_reply_count":0,"_bbp_topic_count_hidden":0,"_bbp_reply_count_hidden":0,"_bbp_forum_subforum_count":0,"ep_exclude_from_search":false,"footnotes":""},"documentation-category":[5752],"class_list":["post-692450","page","type-page","status-publish","hentry","documentation-category-cred"],"_links":{"self":[{"href":"https:\/\/toolset.com\/fr\/wp-json\/wp\/v2\/pages\/692450","targetHints":{"allow":["GET"]}}],"collection":[{"href":"https:\/\/toolset.com\/fr\/wp-json\/wp\/v2\/pages"}],"about":[{"href":"https:\/\/toolset.com\/fr\/wp-json\/wp\/v2\/types\/page"}],"author":[{"embeddable":true,"href":"https:\/\/toolset.com\/fr\/wp-json\/wp\/v2\/users\/1"}],"replies":[{"embeddable":true,"href":"https:\/\/toolset.com\/fr\/wp-json\/wp\/v2\/comments?post=692450"}],"version-history":[{"count":0,"href":"https:\/\/toolset.com\/fr\/wp-json\/wp\/v2\/pages\/692450\/revisions"}],"wp:attachment":[{"href":"https:\/\/toolset.com\/fr\/wp-json\/wp\/v2\/media?parent=692450"}],"wp:term":[{"taxonomy":"documentation-category","embeddable":true,"href":"https:\/\/toolset.com\/fr\/wp-json\/wp\/v2\/documentation-category?post=692450"}],"curies":[{"name":"wp","href":"https:\/\/api.w.org\/{rel}","templated":true}]}}