{"id":686991,"date":"2018-04-18T14:58:56","date_gmt":"2018-04-18T14:58:56","guid":{"rendered":"https:\/\/toolset.com\/documentation-2\/demarrer-avec-toolset\/"},"modified":"2018-04-18T14:58:56","modified_gmt":"2018-04-18T14:58:56","slug":"demarrer-avec-toolset","status":"publish","type":"page","link":"https:\/\/toolset.com\/fr\/documentation-2\/demarrer-avec-toolset\/","title":{"rendered":"D\u00e9marrer avec Toolset"},"content":{"rendered":"<p class=\"lead\">Les modules d&#8217;extension Toolset vous permettent de cr\u00e9er des sites Internet entiers en toute facilit\u00e9 dans la zone d&#8217;administration de WordPress, sans aucune programmation PHP. Ce didacticiel vous enseignera les bases afin que vous puissiez cr\u00e9er des sites personnalis\u00e9s avec Toolset.<\/p>\n<p><required type=\"ta_marker\">\n\n\n\n<\/required><\/p>\n<h2>Techniques Toolset pour des sites optimis\u00e9s<\/h2>\n<p> Une fois les bases assimil\u00e9es, et d\u00e8s que vous savez comment utiliser Toolset, assurez-vous d&#8217;apprendre \u00e0 am\u00e9liorer vos connaissances en marketing avec Toolset.<\/p>\n<ul>\n<li><a href=\"\/?page_id=504082\">optimisation du moteur de recherche pour vos sites bas\u00e9s sur Toolset<\/a><\/li>\n<li><a href=\"\/?page_id=504190\">cr\u00e9ation de conceptions vraiment r\u00e9actives<\/a><\/li>\n<li><a href=\"\/?page_id=503621\">cr\u00e9ation de pages de destination<\/a><\/li>\n<\/ul>\n","protected":false},"excerpt":{"rendered":"<p>Les modules d&#8217;extension Toolset vous permettent de cr\u00e9er des sites Internet entiers en toute facilit\u00e9 dans la zone d&#8217;administration de WordPress, sans aucune programmation PHP. Ce didacticiel vous enseignera les bases afin que vous puissiez cr\u00e9er des sites personnalis\u00e9s avec Toolset. Techniques Toolset pour des sites optimis\u00e9s Une fois les bases assimil\u00e9es, et d\u00e8s que [&hellip;]<\/p>\n","protected":false},"author":4341,"featured_media":0,"parent":5226,"menu_order":0,"comment_status":"closed","ping_status":"closed","template":"","meta":{"_bbp_topic_count":0,"_bbp_reply_count":0,"_bbp_total_topic_count":0,"_bbp_total_reply_count":0,"_bbp_voice_count":0,"_bbp_anonymous_reply_count":0,"_bbp_topic_count_hidden":0,"_bbp_reply_count_hidden":0,"_bbp_forum_subforum_count":0,"ep_exclude_from_search":false,"footnotes":""},"documentation-category":[],"class_list":["post-686991","page","type-page","status-publish","hentry"],"_links":{"self":[{"href":"https:\/\/toolset.com\/fr\/wp-json\/wp\/v2\/pages\/686991","targetHints":{"allow":["GET"]}}],"collection":[{"href":"https:\/\/toolset.com\/fr\/wp-json\/wp\/v2\/pages"}],"about":[{"href":"https:\/\/toolset.com\/fr\/wp-json\/wp\/v2\/types\/page"}],"author":[{"embeddable":true,"href":"https:\/\/toolset.com\/fr\/wp-json\/wp\/v2\/users\/4341"}],"replies":[{"embeddable":true,"href":"https:\/\/toolset.com\/fr\/wp-json\/wp\/v2\/comments?post=686991"}],"version-history":[{"count":0,"href":"https:\/\/toolset.com\/fr\/wp-json\/wp\/v2\/pages\/686991\/revisions"}],"up":[{"embeddable":true,"href":"https:\/\/toolset.com\/fr\/wp-json\/wp\/v2\/pages\/5226"}],"wp:attachment":[{"href":"https:\/\/toolset.com\/fr\/wp-json\/wp\/v2\/media?parent=686991"}],"wp:term":[{"taxonomy":"documentation-category","embeddable":true,"href":"https:\/\/toolset.com\/fr\/wp-json\/wp\/v2\/documentation-category?post=686991"}],"curies":[{"name":"wp","href":"https:\/\/api.w.org\/{rel}","templated":true}]}}