{"id":678151,"date":"2018-04-17T09:18:43","date_gmt":"2018-04-17T09:18:43","guid":{"rendered":"https:\/\/toolset.com\/page-daccueil\/visite-virtuelle-toolset\/"},"modified":"2020-06-04T08:17:54","modified_gmt":"2020-06-04T08:17:54","slug":"visite-virtuelle-toolset","status":"publish","type":"page","link":"https:\/\/toolset.com\/fr\/nouvelle-page-daccueil\/visite-virtuelle-toolset\/","title":{"rendered":"Pr\u00e9sentation de Toolset"},"content":{"rendered":"<div class=\"wp-block-toolset-blocks-container tb-container alignfull\" data-toolset-blocks-container=\"50c80471f6789cd8e537aacd0c02bca1\"> <div class=\"wp-block-toolset-blocks-container tb-container alignfull\" data-toolset-blocks-container=\"aca689103d7312add1a35e63385fbd08\"><div class=\"tb-container-inner\"> <div class=\"wp-block-toolset-blocks-grid tb-grid\" data-toolset-blocks-grid=\"911934f7020e9c5d2123ec98a28288c8\"> <div class=\"wp-block-toolset-blocks-grid-column tb-grid-column tb-grid-align-center tb-align-top\" data-toolset-blocks-grid-column=\"6c99d90d0bfe30cabf9a62185486ee3c\"> <h2 class=\"tb-heading\" data-toolset-blocks-heading=\"22f3feddf06abce0c644b27c868598f6\"><strong>Toolset aide les non encodeurs \u00e0 cr\u00e9er des sites WordPress avanc\u00e9s<\/strong> <\/h2> <div class=\"tb-fields-and-text\" data-toolset-blocks-fields-and-text=\"57413f427e9d81f5ed043abb9e0c3881\">Trop beau pour \u00eatre vrai ?<br \/> Voyez un peu comment c&#8217;est possible.<\/div> <div class=\"wp-block-toolset-blocks-container tb-container\" data-toolset-blocks-container=\"deaf6d2641f0a59e94ad0a06620df26f\"> <div class=\"wp-block-toolset-blocks-grid tb-grid\" data-toolset-blocks-grid=\"945215e30cd9079af759e7681f8506f9\"> <div class=\"wp-block-toolset-blocks-grid-column tb-grid-column tb-grid-align-top\" data-toolset-blocks-grid-column=\"3034fbe886c11054e95b46b09d3e4112\"><div class=\"tb-fields-and-text\" data-toolset-blocks-fields-and-text=\"7f55dc5340ed9d390effba94928149e6\"> <p><span style=\"font-weight: 400;\">Aucun HTML, aucun CSS, aucun JavaScript ni PHP n&#8217;est requis !<\/span><\/p> <\/div> <\/div> <div class=\"wp-block-toolset-blocks-grid-column tb-grid-column tb-grid-align-top\" data-toolset-blocks-grid-column=\"3034fbe886c11054e95b46b09d3e4112\"> <figure class=\"wp-block-image tb-image tb-image-media\" data-toolset-blocks-image=\"58d16bc320b0a7ca4b93496477b04b1a\"><img decoding=\"async\" loading=\"lazy\" src=\"https:\/\/toolset.com\/wp-content\/uploads\/2020\/03\/no-coding.svg\" alt=\"\" class=\"wp-image-1545657\"\/><\/figure> <\/div> <\/div> <\/div> <\/div> <div class=\"wp-block-toolset-blocks-grid-column tb-grid-column tb-grid-align-center tb-align-top\" data-toolset-blocks-grid-column=\"2eef7cf1cb64eeb51b891178b32d49fd\"><div class=\"wp-block-image\"> <figure class=\" tb-image tb-image-media aligncenter\" data-toolset-blocks-image=\"6215f0937eba5559453576a908bf2d28\"><a href=\"https:\/\/www.youtube.com\/watch?v=_1MaF2QOjx8\"><img decoding=\"async\" width=\"559\" height=\"383\" loading=\"lazy\" src=\"https:\/\/toolset.com\/wp-content\/uploads\/2020\/05\/Dario-Toolset-tour-video-1.png\" alt=\"\" class=\"wp-image-1641147\" srcset=\"https:\/\/toolset.com\/wp-content\/uploads\/2020\/05\/Dario-Toolset-tour-video-1.png 559w, https:\/\/toolset.com\/wp-content\/uploads\/2020\/05\/Dario-Toolset-tour-video-1-300x206.png 300w, https:\/\/toolset.com\/wp-content\/uploads\/2020\/05\/Dario-Toolset-tour-video-1-150x103.png 150w\" sizes=\"auto, (max-width: 559px) 100vw, 559px\" \/><\/a><\/figure> <\/div><\/div> <\/div> <\/div><\/div> <\/div> <div class=\"wp-block-toolset-blocks-container tb-container alignfull\" data-toolset-blocks-container=\"8d871ddf8b8628b328d67474c49e45b8\"><div class=\"tb-container-inner\"> <div class=\"wp-block-toolset-blocks-grid tb-grid\" data-toolset-blocks-grid=\"c0ca86f70d7239d5bbc4d8c0a7dcc828\"> <div class=\"wp-block-toolset-blocks-grid-column tb-grid-column tb-grid-align-center tb-align-top\" data-toolset-blocks-grid-column=\"6c99d90d0bfe30cabf9a62185486ee3c\"><div class=\"wp-block-image\"> <figure class=\" tb-image tb-image-media aligncenter\" data-toolset-blocks-image=\"c6909d7ed8bf2e7e89045c20645359f6\"><img decoding=\"async\" width=\"1000\" height=\"743\" loading=\"lazy\" src=\"https:\/\/toolset.com\/wp-content\/uploads\/2020\/05\/CPT-1.png\" alt=\"\" class=\"wp-image-1641241\" srcset=\"https:\/\/toolset.com\/wp-content\/uploads\/2020\/05\/CPT-1.png 1000w, https:\/\/toolset.com\/wp-content\/uploads\/2020\/05\/CPT-1-300x223.png 300w, https:\/\/toolset.com\/wp-content\/uploads\/2020\/05\/CPT-1-150x111.png 150w, https:\/\/toolset.com\/wp-content\/uploads\/2020\/05\/CPT-1-768x571.png 768w, https:\/\/toolset.com\/wp-content\/uploads\/2020\/05\/CPT-1-700x520.png 700w\" sizes=\"auto, (max-width: 1000px) 100vw, 1000px\" \/><\/figure> <\/div><\/div> <div class=\"wp-block-toolset-blocks-grid-column tb-grid-column tb-grid-align-center tb-align-top\" data-toolset-blocks-grid-column=\"6c99d90d0bfe30cabf9a62185486ee3c\"> <div class=\"wp-block-toolset-blocks-container tb-container\" data-toolset-blocks-container=\"11d7377a43bd780b50b042f35b3fb975\"> <figure class=\"wp-block-image tb-image tb-image-media\" data-toolset-blocks-image=\"6d4153cc4d443368a34344482418b35d\"><img decoding=\"async\" loading=\"lazy\" src=\"https:\/\/toolset.com\/wp-content\/uploads\/2020\/03\/types-orange.svg\" alt=\"\" class=\"wp-image-1553605\"\/><\/figure> <h3 class=\"tb-heading\" data-toolset-blocks-heading=\"0f352e697adb8f1a3241ca4ef6113564\">D\u00e9finissez les types et champs personnalis\u00e9s dont votre site a besoin<\/h3> <div class=\"tb-fields-and-text\" data-toolset-blocks-fields-and-text=\"6088439d9df1bb352cf469db67308436\"> <p><span>Des sites diff\u00e9rents requi\u00e8rent des types de contenu diff\u00e9rents. Toolset vous permet de cr\u00e9er exactement les types de contenu dont vous avez besoin et d&#8217;\u00e9tablir ais\u00e9ment des liens entre eux.<\/span><\/p> <\/div> <\/div> <\/div> <\/div> <div class=\"wp-block-toolset-blocks-container tb-container\" data-toolset-blocks-container=\"39f9ffd729940b5567a921bd0062e768\"><\/div> <\/div><\/div> <div class=\"wp-block-toolset-blocks-container tb-container alignfull\" data-toolset-blocks-container=\"a2fad2cf07f2c1036d70b6c1f30bb734\"><div class=\"tb-container-inner\"> <div class=\"wp-block-toolset-blocks-grid tb-grid\" data-toolset-blocks-grid=\"b311a177d830f0795342f261d446f15a\"> <div class=\"wp-block-toolset-blocks-grid-column tb-grid-column tb-grid-align-center tb-align-top\" data-toolset-blocks-grid-column=\"6c99d90d0bfe30cabf9a62185486ee3c\"> <div class=\"wp-block-toolset-blocks-container tb-container\" data-toolset-blocks-container=\"11d7377a43bd780b50b042f35b3fb975\"> <figure class=\"wp-block-image tb-image tb-image-media\" data-toolset-blocks-image=\"2f6c1ef4942405df32e9267a3974cae1\"><img decoding=\"async\" loading=\"lazy\" src=\"https:\/\/toolset.com\/wp-content\/uploads\/2020\/05\/view.svg\" alt=\"\" class=\"wp-image-1641173\"\/><\/figure> <h3 class=\"tb-heading\" data-toolset-blocks-heading=\"6bb756fef87b5a28186c94c73b4df895\">Concevez des mod\u00e8les et vues<\/h3> <div class=\"tb-fields-and-text\" data-toolset-blocks-fields-and-text=\"6088439d9df1bb352cf469db67308436\"> <p>Toolset facilite la conception de mod\u00e8les, archives et listes pour vos types de contenu. Vous pouvez tout cr\u00e9er visuellement \u00e0 l&#8217;aide de l&#8217;\u00e9diteur de bloc int\u00e9gr\u00e9 WordPress.<\/p> <p>En plus des mod\u00e8les, vous avez presque toujours besoin de listes d&#8217;\u00e9l\u00e9ments. Nous les appelons vues. Les vues vous permettent de charger n&#8217;importe quelle liste de contenus et de les afficher comme exactement comme vous le d\u00e9sirez. Vous avez la possibilit\u00e9 de cr\u00e9er de simples listes, des grilles, tableaux, recherches personnalis\u00e9es et m\u00eame d&#8217;afficher des contenus sur Google Maps.<\/p> <\/div> <\/div> <\/div> <div class=\"wp-block-toolset-blocks-grid-column tb-grid-column tb-grid-align-center tb-align-top\" data-toolset-blocks-grid-column=\"6c99d90d0bfe30cabf9a62185486ee3c\"> <figure class=\"wp-block-image tb-image tb-image-url\" data-toolset-blocks-image=\"a860dec40b45b5afb230ba11e3c11ea6\"><img decoding=\"async\" loading=\"lazy\" src=\"https:\/\/toolset.com\/wp-content\/uploads\/2020\/03\/trainer-1.png\"\/><\/figure> <\/div> <\/div> <div class=\"wp-block-toolset-blocks-container tb-container\" data-toolset-blocks-container=\"39f9ffd729940b5567a921bd0062e768\"><\/div> <\/div><\/div> <div class=\"wp-block-toolset-blocks-container tb-container alignfull\" data-toolset-blocks-container=\"8d871ddf8b8628b328d67474c49e45b8\"><div class=\"tb-container-inner\"> <div class=\"wp-block-toolset-blocks-grid tb-grid\" data-toolset-blocks-grid=\"c0ca86f70d7239d5bbc4d8c0a7dcc828\"> <div class=\"wp-block-toolset-blocks-grid-column tb-grid-column tb-grid-align-center tb-align-top\" data-toolset-blocks-grid-column=\"6c99d90d0bfe30cabf9a62185486ee3c\"><div class=\"wp-block-image\"> <figure class=\" tb-image tb-image-media aligncenter\" data-toolset-blocks-image=\"828168664d5bf99db0b66b2ea5b3e2d2\"><img decoding=\"async\" width=\"1000\" height=\"743\" loading=\"lazy\" src=\"https:\/\/toolset.com\/wp-content\/uploads\/2020\/05\/form.png\" alt=\"\" class=\"wp-image-1641329\" srcset=\"https:\/\/toolset.com\/wp-content\/uploads\/2020\/05\/form.png 1000w, https:\/\/toolset.com\/wp-content\/uploads\/2020\/05\/form-300x223.png 300w, https:\/\/toolset.com\/wp-content\/uploads\/2020\/05\/form-150x111.png 150w, https:\/\/toolset.com\/wp-content\/uploads\/2020\/05\/form-768x571.png 768w, https:\/\/toolset.com\/wp-content\/uploads\/2020\/05\/form-700x520.png 700w\" sizes=\"auto, (max-width: 1000px) 100vw, 1000px\" \/><\/figure> <\/div><\/div> <div class=\"wp-block-toolset-blocks-grid-column tb-grid-column tb-grid-align-center tb-align-top\" data-toolset-blocks-grid-column=\"6c99d90d0bfe30cabf9a62185486ee3c\"> <div class=\"wp-block-toolset-blocks-container tb-container\" data-toolset-blocks-container=\"11d7377a43bd780b50b042f35b3fb975\"> <figure class=\"wp-block-image tb-image tb-image-media\" data-toolset-blocks-image=\"c9d40af28227e5c71942853ef0cfdf86\"><img decoding=\"async\" loading=\"lazy\" src=\"https:\/\/toolset.com\/wp-content\/uploads\/2020\/03\/form-orange.svg\" alt=\"\" class=\"wp-image-1553621\"\/><\/figure> <h3 class=\"tb-heading\" data-toolset-blocks-heading=\"0f352e697adb8f1a3241ca4ef6113564\">Cr\u00e9ez des formulaires pour envoyer et modifier les contenus en amont<\/h3> <div class=\"tb-fields-and-text\" data-toolset-blocks-fields-and-text=\"6088439d9df1bb352cf469db67308436\"> <p><span>Si vous cr\u00e9ez des sites class\u00e9s, d&#8217;annonces ou de r\u00e9pertoires, vous aurez besoin de formulaires pouvant autoriser les visiteurs \u00e0 soumettre et modifier des contenus directement en amont. Toolset vous permet de cr\u00e9er des formulaires pour n&#8217;importe quel type de contenu et avec le champ de votre choix. Les formulaires Toolset peuvent cr\u00e9er et modifier de nouveaux contenus et m\u00eame en supprimer.<\/span><\/p> <\/div> <\/div> <\/div> <\/div> <div class=\"wp-block-toolset-blocks-container tb-container\" data-toolset-blocks-container=\"39f9ffd729940b5567a921bd0062e768\"><\/div> <\/div><\/div> <div class=\"wp-block-toolset-blocks-container tb-container alignfull\" data-toolset-blocks-container=\"a2fad2cf07f2c1036d70b6c1f30bb734\"><div class=\"tb-container-inner\"> <div class=\"wp-block-toolset-blocks-grid tb-grid\" data-toolset-blocks-grid=\"b311a177d830f0795342f261d446f15a\"> <div class=\"wp-block-toolset-blocks-grid-column tb-grid-column tb-grid-align-center tb-align-top\" data-toolset-blocks-grid-column=\"6c99d90d0bfe30cabf9a62185486ee3c\"> <div class=\"wp-block-toolset-blocks-container tb-container\" data-toolset-blocks-container=\"11d7377a43bd780b50b042f35b3fb975\"> <figure class=\"wp-block-image tb-image tb-image-media\" data-toolset-blocks-image=\"9fe1a4e42f914615bf939883cf8c8571\"><img decoding=\"async\" width=\"30\" height=\"30\" loading=\"lazy\" src=\"https:\/\/toolset.com\/wp-content\/uploads\/2020\/03\/access-orange.svg\" alt=\"Toolset Access\" class=\"wp-image-1553631\"\/><\/figure> <h3 class=\"tb-heading\" data-toolset-blocks-heading=\"6bb756fef87b5a28186c94c73b4df895\">Contr\u00f4lez qui peut acc\u00e9der aux diff\u00e9rentes pages d&#8217;administration et aux pages en amont <\/h3> <div class=\"tb-fields-and-text\" data-toolset-blocks-fields-and-text=\"6088439d9df1bb352cf469db67308436\"> <p><span>Toolset inclut un contr\u00f4le d&#8217;acc\u00e8s avanc\u00e9 \u00e0 la fois \u00e0 l&#8217;admin. WordPress et aux pages en amont. Vous pouvez d\u00e9finir des r\u00f4les personnalis\u00e9s et g\u00e9rer leur acc\u00e8s \u00e0 votre site. Lorsque vous bloquez l&#8217;acc\u00e8s, vous pouvez choisir ce que vous d\u00e9sirez afficher \u00e0 la place.<\/span><\/p> <\/div> <\/div> <\/div> <div class=\"wp-block-toolset-blocks-grid-column tb-grid-column tb-grid-align-center tb-align-top\" data-toolset-blocks-grid-column=\"6c99d90d0bfe30cabf9a62185486ee3c\"><div class=\"wp-block-image\"> <figure class=\" tb-image tb-image-media aligncenter\" data-toolset-blocks-image=\"8bc32c200a17695695e320dc40d48229\"><img decoding=\"async\" width=\"1000\" height=\"743\" loading=\"lazy\" src=\"https:\/\/toolset.com\/wp-content\/uploads\/2020\/05\/access.png\" alt=\"\" class=\"wp-image-1641353\" srcset=\"https:\/\/toolset.com\/wp-content\/uploads\/2020\/05\/access.png 1000w, https:\/\/toolset.com\/wp-content\/uploads\/2020\/05\/access-300x223.png 300w, https:\/\/toolset.com\/wp-content\/uploads\/2020\/05\/access-150x111.png 150w, https:\/\/toolset.com\/wp-content\/uploads\/2020\/05\/access-768x571.png 768w, https:\/\/toolset.com\/wp-content\/uploads\/2020\/05\/access-700x520.png 700w\" sizes=\"auto, (max-width: 1000px) 100vw, 1000px\" \/><\/figure> <\/div><\/div> <\/div> <div class=\"wp-block-toolset-blocks-container tb-container\" data-toolset-blocks-container=\"39f9ffd729940b5567a921bd0062e768\"><\/div> <\/div><\/div> <div class=\"wp-block-toolset-blocks-container tb-container\" data-toolset-blocks-container=\"55e374c8b6fb444efc183df0cae4d670\"><div class=\"tb-container-inner\"> <h2 class=\"tb-heading has-text-color\" data-toolset-blocks-heading=\"8e57c57ed9a6bb63e2705a4ce92e2a33\">Achetez Toolset aujourd&#8217;hui et b\u00e9n\u00e9ficiez de notre garantie de remboursement \u00e0 100% de 30 jours<\/h2> <div class=\"tb-button\" data-toolset-blocks-button=\"1813fb17d2a83391469e520e11f2e736\"><a class=\"tb-button__link\" href=\"https:\/\/toolset.com\/buy\/\"><i class=\"tb-button__icon\"><\/i><span class=\"tb-button__content\">Achetez et t\u00e9l\u00e9chargez<\/span><\/a><\/div> <div class=\"wp-block-toolset-blocks-grid tb-grid\" data-toolset-blocks-grid=\"c6bdec274d6cdaeeea7644a2d21f03fe\"> <div class=\"wp-block-toolset-blocks-grid-column tb-grid-column tb-grid-align-center\" data-toolset-blocks-grid-column=\"f586ff7bfe1d7317c63162ec7b7039ed\"><div class=\"tb-fields-and-text\" data-toolset-blocks-fields-and-text=\"110ece5c8c116dd5bba2e3ee44718d46\"> <p style=\"text-align: right;\"><span>Vous avez des questions ?<\/span><\/p> <\/div> <\/div> <div class=\"wp-block-toolset-blocks-grid-column tb-grid-column tb-grid-align-center\" data-toolset-blocks-grid-column=\"f586ff7bfe1d7317c63162ec7b7039ed\"> <div class=\"tb-button\" data-toolset-blocks-button=\"48fd4be2128ce8e010d974bd6f401b03\"><a class=\"tb-button__link\" href=\"https:\/\/toolset.com\/toolset-free-consultation\/\"><i class=\"tb-button__icon\"><\/i><span class=\"tb-button__content\">Posez vos questions<\/span><\/a><\/div> <\/div> <\/div> <\/div><\/div>","protected":false},"excerpt":{"rendered":"","protected":false},"author":23373,"featured_media":0,"parent":1396327,"menu_order":0,"comment_status":"closed","ping_status":"closed","template":"template-page-no-title.php","meta":{"_bbp_topic_count":0,"_bbp_reply_count":0,"_bbp_total_topic_count":0,"_bbp_total_reply_count":0,"_bbp_voice_count":0,"_bbp_anonymous_reply_count":0,"_bbp_topic_count_hidden":0,"_bbp_reply_count_hidden":0,"_bbp_forum_subforum_count":0,"ep_exclude_from_search":false,"footnotes":""},"documentation-category":[],"class_list":["post-678151","page","type-page","status-publish","hentry"],"_links":{"self":[{"href":"https:\/\/toolset.com\/fr\/wp-json\/wp\/v2\/pages\/678151","targetHints":{"allow":["GET"]}}],"collection":[{"href":"https:\/\/toolset.com\/fr\/wp-json\/wp\/v2\/pages"}],"about":[{"href":"https:\/\/toolset.com\/fr\/wp-json\/wp\/v2\/types\/page"}],"author":[{"embeddable":true,"href":"https:\/\/toolset.com\/fr\/wp-json\/wp\/v2\/users\/23373"}],"replies":[{"embeddable":true,"href":"https:\/\/toolset.com\/fr\/wp-json\/wp\/v2\/comments?post=678151"}],"version-history":[{"count":8,"href":"https:\/\/toolset.com\/fr\/wp-json\/wp\/v2\/pages\/678151\/revisions"}],"predecessor-version":[{"id":1650125,"href":"https:\/\/toolset.com\/fr\/wp-json\/wp\/v2\/pages\/678151\/revisions\/1650125"}],"up":[{"embeddable":true,"href":"https:\/\/toolset.com\/fr\/wp-json\/wp\/v2\/pages\/1396327"}],"wp:attachment":[{"href":"https:\/\/toolset.com\/fr\/wp-json\/wp\/v2\/media?parent=678151"}],"wp:term":[{"taxonomy":"documentation-category","embeddable":true,"href":"https:\/\/toolset.com\/fr\/wp-json\/wp\/v2\/documentation-category?post=678151"}],"curies":[{"name":"wp","href":"https:\/\/api.w.org\/{rel}","templated":true}]}}