{"id":5631,"date":"2012-11-21T19:11:26","date_gmt":"2012-11-21T19:11:26","guid":{"rendered":"https:\/\/toolset.com\/fonctions\/"},"modified":"2014-10-28T16:30:17","modified_gmt":"2014-10-28T16:30:17","slug":"fonctions","status":"publish","type":"page","link":"https:\/\/toolset.com\/fr\/fonctions\/","title":{"rendered":"Pr\u00e9sentation"},"content":{"rendered":"<section id=\"product-features\">\n<header>\n<hgroup>\n<h1>Pr\u00e9sentation de Toolset<\/h1>\n<\/hgroup>\n<\/header>\n<section class=\"featureblock singlefeature\">\n<h3>Utiliser des champs personnalis\u00e9s dans des templates<\/h3>\n<p><strong><a href=\"https:\/\/toolset.com\/fr\/page-daccueil\/types-gere-les-types-de-publications-les-taxinomies-et-les-champs-personnalises\/\">Types<\/a> vous laisse ajouter des champs personnalis\u00e9s et <a href=\"https:\/\/toolset.com\/fr\/page-daccueil\/views-creez-de-belles-presentations-pour-vos-contenus\/\">Views<\/a> vous en facilite l&#8217;affichage.<\/strong><\/p>\n<p>Cr\u00e9ez avec Views des templates de publication, de page et de type personnalis\u00e9 puis ins\u00e9rez des champs personnalis\u00e9s depuis son menu. Vous utiliserez l&#8217;HTML et le CSS pour le style et le positionnement des en-t\u00eates de page, du contenu et des champs personnalis\u00e9s que vous ins\u00e9rerez.<\/p>\n<p>Mais il ne s&#8217;agit pas que des champs personnalis\u00e9s. Views vous laisse \u00e9galement afficher facilement les champs de publications, la taxonomie et les commentaires standards.<\/p>\n<div class=\"feature-thumbnail\"><figure id=\"attachment_13391\" aria-describedby=\"caption-attachment-13391\" style=\"width: 150px\" class=\"wp-caption alignnone\"><a href=\"https:\/\/toolset.com\/wp-content\/uploads\/2012\/11\/inserting-custom-fields.png\"><img decoding=\"async\" src=\"https:\/\/toolset.com\/wp-content\/uploads\/2012\/11\/inserting-custom-fields-150x1501.png\" alt=\"\" title=\"\" width=\"150\" height=\"150\" class=\"size-thumbnail wp-image-13391\" \/><\/a><figcaption id=\"caption-attachment-13391\" class=\"wp-caption-text\">Insertion de champs dans le template<\/figcaption><\/figure>\n<\/div>\n<div class=\"feature-thumbnail\"><figure id=\"attachment_1234\" aria-describedby=\"caption-attachment-1234\" style=\"width: 150px\" class=\"wp-caption alignnone\"><a href=\"https:\/\/toolset.com\/wp-content\/uploads\/2012\/11\/views-html.png\"><img decoding=\"async\" src=\"https:\/\/toolset.com\/wp-content\/uploads\/2012\/11\/views-html-150x1501.png\" alt=\"\" title=\"\" width=\"150\" height=\"150\" class=\"size-thumbnail wp-image-1234\" \/><\/a><figcaption id=\"caption-attachment-1234\" class=\"wp-caption-text\">Template avec champs personnalis\u00e9s<\/figcaption><\/figure>\n<\/div>\n<div class=\"feature-thumbnail-last\"><figure id=\"attachment_8318\" aria-describedby=\"caption-attachment-8318\" style=\"width: 150px\" class=\"wp-caption alignnone\"><a href=\"https:\/\/toolset.com\/wp-content\/uploads\/2012\/11\/single-showcase.png\"><img decoding=\"async\" src=\"https:\/\/toolset.com\/wp-content\/uploads\/2012\/11\/single-showcase-150x1501.png\" alt=\"\" title=\"\" width=\"150\" height=\"150\" class=\"size-thumbnail wp-image-8318\" \/><\/a><figcaption id=\"caption-attachment-8318\" class=\"wp-caption-text\">Page format\u00e9e avec le template de View<\/figcaption><\/figure><\/div>\n<div style=\"clear:both;\"><\/div>\n<\/section>\n<div class=\"feature-separator\"><\/div>\n<section class=\"featureblock singlefeature\">\n<h3>T\u00e9l\u00e9charger du contenu depuis la base de donn\u00e9es et l&#8217;afficher<\/h3>\n<p><strong><a href=\"https:\/\/toolset.com\/fr\/page-daccueil\/views-creez-de-belles-presentations-pour-vos-contenus\/\">Views<\/a> vous permet de tout charger depuis la base de donn\u00e9es, y compris des types personnalis\u00e9s et standard. Vous pouvez afficher ce contenu sous forme de blocs \u00e0 l&#8217;int\u00e9rieur des pages ou comme widgets.<\/strong><\/p>\n<p>Aimeriez-vous que la page d&#8217;accueil de votre site reprenne du contenu personnalis\u00e9 ? Cela vous plairait-il de cr\u00e9er vos propres widgets ? Cherchez-vous \u00e0 cr\u00e9er un catalogue de produits avec possibilit\u00e9 de recherche ? Views vous permet tout cela et m\u00eame plus encore.<\/p>\n<p>Views incorpore un moteur de requ\u00eate puissant qui vous laisse choisir le contenu que vous souhaitez t\u00e9l\u00e9charger depuis votre base de donn\u00e9es. Choisissez le type de contenu, ajoutez des filtres, activez la pagination et choisissez comment afficher le tout.<\/p>\n<p>Avec Views, vous pouvez b\u00e9n\u00e9ficier des styles de mise en page int\u00e9gr\u00e9s, y compris des grilles, des tables et des listes, ou choisir de cr\u00e9er depuis une page vierge.  Comme pour tout ce qui se r\u00e9alise avec Views, concevez en utilisant un simple code HTML.<\/p>\n<div class=\"feature-thumbnail\"><figure id=\"attachment_13392\" aria-describedby=\"caption-attachment-13392\" style=\"width: 150px\" class=\"wp-caption alignnone\"><a href=\"https:\/\/toolset.com\/wp-content\/uploads\/2012\/11\/view-query-type-selection.png\"><img decoding=\"async\" src=\"https:\/\/toolset.com\/wp-content\/uploads\/2012\/11\/view-query-type-selection-150x1501.png\" alt=\"\" title=\"\" width=\"150\" height=\"150\" class=\"size-thumbnail wp-image-13392\" \/><\/a><figcaption id=\"caption-attachment-13392\" class=\"wp-caption-text\">Choisir quoi t\u00e9l\u00e9charger<\/figcaption><\/figure>\n<\/div>\n<div class=\"feature-thumbnail\"><figure id=\"attachment_13393\" aria-describedby=\"caption-attachment-13393\" style=\"width: 150px\" class=\"wp-caption alignnone\"><a href=\"https:\/\/toolset.com\/wp-content\/uploads\/2012\/11\/view-layout-simple.png\"><img decoding=\"async\" src=\"https:\/\/toolset.com\/wp-content\/uploads\/2012\/11\/view-layout-simple-150x1501.png\" alt=\"\" title=\"\" width=\"150\" height=\"150\" class=\"size-thumbnail wp-image-13393\" \/><\/a><figcaption id=\"caption-attachment-13393\" class=\"wp-caption-text\">Choisir le style de mise en page et ajouter des champs<\/figcaption><\/figure>\n<\/div>\n<div class=\"feature-thumbnail-last\"><figure id=\"attachment_10679\" aria-describedby=\"caption-attachment-10679\" style=\"width: 150px\" class=\"wp-caption alignnone\"><a href=\"https:\/\/toolset.com\/wp-content\/uploads\/2012\/11\/showcase-homepage.png\"><img decoding=\"async\" src=\"https:\/\/toolset.com\/wp-content\/uploads\/2012\/11\/showcase-homepage-150x1501.png\" alt=\"\" title=\"\" width=\"150\" height=\"150\" class=\"size-thumbnail wp-image-10679\" \/><\/a><figcaption id=\"caption-attachment-10679\" class=\"wp-caption-text\">View affiche votre contenu<\/figcaption><\/figure>\n<\/div>\n<div style=\"clear:both;\"><\/div>\n<\/section>\n<div class=\"feature-separator\"><\/div>\n<section class=\"featureblock singlefeature\">\n<h3>R\u00e9aliser et modifier du contenu depuis les pages frontales<\/h3>\n<p><strong><a href=\"https:\/\/toolset.com\/fr\/page-daccueil\/cred-editeur-de-contenu-frontal-pour-wordpress\/\">Forms<\/a> vous permet de r\u00e9aliser des formulaires cr\u00e9ant et modifiant du contenu sur votre site. Les formulaires de Forms peuvent tout modifier, y compris les champs standard, la taxonomie et les champs personnalis\u00e9s, voire les relations des publications.<\/strong><\/p>\n<p>Vous avez besoin de r\u00e9aliser des sites laissant les visiteurs cr\u00e9er ou modifier du contenu ? Forms r\u00e9pondra exactement \u00e0 vos besoins. Tous les formulaires Forms fonctionnent directement avec le contenu sur WordPress. Indiquez \u00e0 Forms avec quel type de contenu il doit travailler et tout le reste se configurera automatiquement. Forms saura comment afficher et traiter les formulaires sans aucune configuration.<\/p>\n<p>Avec Forms vous pouvez r\u00e9aliser des apps Web compl\u00e8tes au-del\u00e0 de WordPress. Le syst\u00e8me d&#8217;ancrage et l&#8217;API exhaustifs vous permettent d&#8217;ajouter vos propres actions aux formulaires. Vous pouvez, en toute facilit\u00e9, int\u00e9grer au traitement et \u00e0 l&#8217;affichage des formulaires l&#8217;inscription d&#8217;utilisateur, le paiement et bien d&#8217;autres \u00e9tapes.<\/p>\n<div class=\"feature-thumbnail\"><figure id=\"attachment_25577\" aria-describedby=\"caption-attachment-25577\" style=\"width: 150px\" class=\"wp-caption alignnone\"><a href=\"https:\/\/toolset.com\/wp-content\/uploads\/2012\/11\/cred-form-settings.png\"><img decoding=\"async\" src=\"https:\/\/toolset.com\/wp-content\/uploads\/2012\/11\/cred-form-settings-150.png\" alt=\"\" title=\"Param\u00e8tres d'un formulaire Forms\" width=\"150\" height=\"150\" class=\"size-full wp-image-25577\" \/><\/a><figcaption id=\"caption-attachment-25577\" class=\"wp-caption-text\">Param\u00e8tres d&#8217;un formulaire Forms<\/figcaption><\/figure>\n<\/div>\n<div class=\"feature-thumbnail\"><figure id=\"attachment_25579\" aria-describedby=\"caption-attachment-25579\" style=\"width: 150px\" class=\"wp-caption alignnone\"><a href=\"https:\/\/toolset.com\/wp-content\/uploads\/2012\/11\/cred-form-editor.png\"><img decoding=\"async\" src=\"https:\/\/toolset.com\/wp-content\/uploads\/2012\/11\/cred-form-editor-150.png\" alt=\"\" title=\"\u00c9diteur HTML de formulaire Forms\" width=\"150\" height=\"150\" class=\"size-full wp-image-25579\" \/><\/a><figcaption id=\"caption-attachment-25579\" class=\"wp-caption-text\">\u00c9diteur HTML de formulaire Forms<\/figcaption><\/figure>\n<\/div>\n<div class=\"feature-thumbnail-last\"><figure id=\"attachment_25581\" aria-describedby=\"caption-attachment-25581\" style=\"width: 150px\" class=\"wp-caption alignnone\"><a href=\"https:\/\/toolset.com\/wp-content\/uploads\/2012\/11\/sample-cred-form.png\"><img decoding=\"async\" src=\"https:\/\/toolset.com\/wp-content\/uploads\/2012\/11\/sample-cred-form-150.png\" alt=\"\" title=\"Formulaire Forms sur page publique\" width=\"150\" height=\"150\" class=\"size-full wp-image-25581\" \/><\/a><figcaption id=\"caption-attachment-25581\" class=\"wp-caption-text\">Formulaire Forms sur page publique<\/figcaption><\/figure><\/div>\n<div style=\"clear:both;\"><\/div>\n<\/section>\n<div class=\"feature-separator\"><\/div>\n<section class=\"featureblock singlefeature\">\n<h3>Contr\u00f4ler totalement l&#8217;acc\u00e8s et la gestion des r\u00f4les <\/h3>\n<p><strong><a href=\"https:\/\/toolset.com\/fr\/page-daccueil\/access-gestion-des-roles-et-des-privileges-des-utilisateurs\/\">Access<\/a> vous permet de contr\u00f4ler facilement qui peut faire quoi sur vos sites. L&#8217;int\u00e9gration compl\u00e8te avec Types, Views et Forms rend le contr\u00f4le des acc\u00e8s simple et complet.<\/strong><\/p>\n<p>Access vous permettra de d\u00e9finir vos propres r\u00f4les personnalis\u00e9s et de choisir ce qu&#8217;ils peuvent faire sur le site. Vous pouvez tout contr\u00f4ler, des privil\u00e8ges de lecture \u00e0 la cr\u00e9ation de contenu en passant par l&#8217;\u00e9dition et la publication.<\/p>\n<p>De cette mani\u00e8re, vous pouvez d\u00e9finir enti\u00e8rement les privil\u00e8ges d&#8217;auteur et d&#8217;administration pour tout type de site.<\/p>\n<div class=\"feature-thumbnail\"><figure id=\"attachment_25585\" aria-describedby=\"caption-attachment-25585\" style=\"width: 150px\" class=\"wp-caption alignnone\"><a href=\"https:\/\/toolset.com\/wp-content\/uploads\/2012\/11\/access-for-properties.png\"><img decoding=\"async\" src=\"https:\/\/toolset.com\/wp-content\/uploads\/2012\/11\/access-for-properties-150.png\" alt=\"\" title=\"Contr\u00f4le d'acc\u00e8s pour les types de publication personnalis\u00e9s\" width=\"150\" height=\"150\" class=\"size-full wp-image-25585\" \/><\/a><figcaption id=\"caption-attachment-25585\" class=\"wp-caption-text\">Contr\u00f4le d&#8217;acc\u00e8s pour les types de publication personnalis\u00e9s<\/figcaption><\/figure>\n<\/div>\n<div class=\"feature-thumbnail\"><figure id=\"attachment_25587\" aria-describedby=\"caption-attachment-25587\" style=\"width: 150px\" class=\"wp-caption alignnone\"><a href=\"https:\/\/toolset.com\/wp-content\/uploads\/2012\/11\/access-for-forms.png\"><img decoding=\"async\" src=\"https:\/\/toolset.com\/wp-content\/uploads\/2012\/11\/access-for-forms-150.png\" alt=\"\" title=\"Contr\u00f4le d'acc\u00e8s pour les formulaires\" width=\"150\" height=\"150\" class=\"size-full wp-image-25587\" \/><\/a><figcaption id=\"caption-attachment-25587\" class=\"wp-caption-text\">Contr\u00f4le d&#8217;acc\u00e8s pour les formulaires<\/figcaption><\/figure>\n<\/div>\n<div class=\"feature-thumbnail-last\"><figure id=\"attachment_25589\" aria-describedby=\"caption-attachment-25589\" style=\"width: 150px\" class=\"wp-caption alignnone\"><a href=\"https:\/\/toolset.com\/wp-content\/uploads\/2012\/11\/custom-roles.png\"><img decoding=\"async\" src=\"https:\/\/toolset.com\/wp-content\/uploads\/2012\/11\/custom-roles-150.png\" alt=\"\" title=\"Cr\u00e9ation et \u00e9dition des r\u00f4les personnalis\u00e9s\" width=\"150\" height=\"150\" class=\"size-full wp-image-25589\" \/><\/a><figcaption id=\"caption-attachment-25589\" class=\"wp-caption-text\">Cr\u00e9ation et \u00e9dition des r\u00f4les personnalis\u00e9s<\/figcaption><\/figure><\/div>\n<div style=\"clear:both;\"><\/div>\n<\/section>\n<div class=\"feature-separator\"><\/div>\n<section class=\"featureblock singlefeature\">\n<h3>R\u00e9aliser vos propres fonctionnalit\u00e9s<\/h3>\n<p>Vous avez besoin de fonctionnalit\u00e9s complexes et n&#8217;aimez pas vous sentir restreint ? Cr\u00e9ez-les vous-m\u00eame, \u00e0 votre gr\u00e9.<\/p>\n<p>Views comprend les blocs de cr\u00e9ation qui vous permettent d&#8217;afficher du contenu en toute facilit\u00e9. La pagination de Views et les mises \u00e0 jour AJAX sont les bases de puissants curseurs. Les filtres frontaux vous permettent de r\u00e9aliser des sites d&#8217;immobilier, de petites annonces ou de vente de produits. L&#8217;int\u00e9gration du commerce \u00e9lectronique vous permet de r\u00e9aliser de z\u00e9ro des sites de commerce \u00e9lectronique.<\/p>\n<p>Forms vous permet d&#8217;activer l&#8217;interaction avec les utilisateurs en ajoutant la r\u00e9daction \u00e0 votre site.<\/p>\n<p>Access assemble le tout gr\u00e2ce \u00e0 une gestion des r\u00f4les et un contr\u00f4le des acc\u00e8s substantiels.<\/p>\n<div class=\"feature-thumbnail\"><figure id=\"attachment_13397\" aria-describedby=\"caption-attachment-13397\" style=\"width: 150px\" class=\"wp-caption alignnone\"><a href=\"https:\/\/toolset.com\/wp-content\/uploads\/2012\/11\/slider-demo-1.png\"><img decoding=\"async\" src=\"https:\/\/toolset.com\/wp-content\/uploads\/2012\/11\/slider-demo-1-150x1501.png\" alt=\"\" title=\"\" width=\"150\" height=\"150\" class=\"size-thumbnail wp-image-13397\" \/><\/a><figcaption id=\"caption-attachment-13397\" class=\"wp-caption-text\">Des curseurs uniques<\/figcaption><\/figure>\n<\/div>\n<div class=\"feature-thumbnail\"><figure id=\"attachment_13398\" aria-describedby=\"caption-attachment-13398\" style=\"width: 150px\" class=\"wp-caption alignnone\"><a href=\"https:\/\/toolset.com\/wp-content\/uploads\/2012\/11\/front-end-filter.png\"><img decoding=\"async\" src=\"https:\/\/toolset.com\/wp-content\/uploads\/2012\/11\/front-end-filter-150x1501.png\" alt=\"\" title=\"\" width=\"150\" height=\"150\" class=\"size-thumbnail wp-image-13398\" \/><\/a><figcaption id=\"caption-attachment-13398\" class=\"wp-caption-text\">Des filtres frontaux<\/figcaption><\/figure>\n<\/div>\n<div class=\"feature-thumbnail-last\"><figure id=\"attachment_13399\" aria-describedby=\"caption-attachment-13399\" style=\"width: 150px\" class=\"wp-caption alignnone\"><a href=\"https:\/\/toolset.com\/wp-content\/uploads\/2012\/11\/magazine-sample.png\"><img decoding=\"async\" src=\"https:\/\/toolset.com\/wp-content\/uploads\/2012\/11\/magazine-sample-150x1501.png\" alt=\"\" title=\"\" width=\"150\" height=\"150\" class=\"size-thumbnail wp-image-13399\" \/><\/a><figcaption id=\"caption-attachment-13399\" class=\"wp-caption-text\">Des mises en pages complexes pr\u00e9sent\u00e9es de fa\u00e7on simple<\/figcaption><\/figure>\n<\/div>\n<div style=\"clear:both;\"><\/div>\n<\/section>\n<div class=\"feature-separator\"><\/div>\n<section class=\"featureblock singlefeature\">\n<h3>Types, Views, Forms et Access fonctionnent avec n&#8217;importe quel th\u00e8me<\/h3>\n<p>Ne serait-ce pas g\u00e9nial si le th\u00e8me d\u00e9terminait l&#8217;apparence tout en vous laissant aux commandes des fonctionnalit\u00e9s du site ? Types et Views vous permettent de r\u00e9aliser ce que vous voulez, quelque soit le th\u00e8me.<\/p>\n<p>Choisissez les th\u00e8mes selon leur design et ne vous pr\u00e9occupez pas de leurs fonctionnalit\u00e9s. Types et Views vous permettent de cr\u00e9er les sites correspondant r\u00e9ellement \u00e0 vos envies.<\/p>\n<p>Les sites r\u00e9alis\u00e9s avec Views sont stables, flexibles et portatifs. Vous pouvez facilement passer d&#8217;un th\u00e8me \u00e0 l&#8217;autre pour un look renouvel\u00e9 en laissant Toolset en charge de la fonctionnalit\u00e9.<\/p>\n<\/section>\n","protected":false},"excerpt":{"rendered":"<p>Pr\u00e9sentation de Toolset Utiliser des champs personnalis\u00e9s dans des templates Types vous laisse ajouter des champs personnalis\u00e9s et Views vous en facilite l&#8217;affichage. Cr\u00e9ez avec Views des templates de publication, de page et de type personnalis\u00e9 puis ins\u00e9rez des champs personnalis\u00e9s depuis son menu. Vous utiliserez l&#8217;HTML et le CSS pour le style et le [&hellip;]<\/p>\n","protected":false},"author":3,"featured_media":0,"parent":0,"menu_order":64,"comment_status":"closed","ping_status":"closed","template":"page-layouts.php","meta":{"_bbp_topic_count":0,"_bbp_reply_count":0,"_bbp_total_topic_count":0,"_bbp_total_reply_count":0,"_bbp_voice_count":0,"_bbp_anonymous_reply_count":0,"_bbp_topic_count_hidden":0,"_bbp_reply_count_hidden":0,"_bbp_forum_subforum_count":0,"ep_exclude_from_search":false,"footnotes":""},"documentation-category":[],"class_list":["post-5631","page","type-page","status-publish","hentry"],"_links":{"self":[{"href":"https:\/\/toolset.com\/fr\/wp-json\/wp\/v2\/pages\/5631","targetHints":{"allow":["GET"]}}],"collection":[{"href":"https:\/\/toolset.com\/fr\/wp-json\/wp\/v2\/pages"}],"about":[{"href":"https:\/\/toolset.com\/fr\/wp-json\/wp\/v2\/types\/page"}],"author":[{"embeddable":true,"href":"https:\/\/toolset.com\/fr\/wp-json\/wp\/v2\/users\/3"}],"replies":[{"embeddable":true,"href":"https:\/\/toolset.com\/fr\/wp-json\/wp\/v2\/comments?post=5631"}],"version-history":[{"count":61,"href":"https:\/\/toolset.com\/fr\/wp-json\/wp\/v2\/pages\/5631\/revisions"}],"predecessor-version":[{"id":256508,"href":"https:\/\/toolset.com\/fr\/wp-json\/wp\/v2\/pages\/5631\/revisions\/256508"}],"wp:attachment":[{"href":"https:\/\/toolset.com\/fr\/wp-json\/wp\/v2\/media?parent=5631"}],"wp:term":[{"taxonomy":"documentation-category","embeddable":true,"href":"https:\/\/toolset.com\/fr\/wp-json\/wp\/v2\/documentation-category?post=5631"}],"curies":[{"name":"wp","href":"https:\/\/api.w.org\/{rel}","templated":true}]}}