{"id":5229,"date":"2012-11-20T20:12:49","date_gmt":"2012-11-20T20:12:49","guid":{"rendered":"https:\/\/toolset.com\/page-daccueil\/contactez-nous\/"},"modified":"2024-10-24T06:37:34","modified_gmt":"2024-10-24T06:37:34","slug":"contactez-nous","status":"publish","type":"page","link":"https:\/\/toolset.com\/fr\/nouvelle-page-daccueil\/contactez-nous\/","title":{"rendered":"Nous contacter"},"content":{"rendered":"<div class=\"container-fluid \"> <div class=\"ddl-full-width-row row ddl-frontend-editor-row ddl-frontend-editor-editable\" data-id='17' data-name='Row 2' data-type='row' data-layout_slug='' data-kind='Row' > <div class=\"col-sm-8 my-account-nav contact-nav ddl-frontend-editor-cell ddl-frontend-editor-editable js-ddl-frontend-editor-cell\" data-id='13' data-name='Contact Us' data-type='cell-content-template' data-layout_slug='' data-kind='Cell'><div class=\"my-account-nav contact-nav\"> <a href=\"https:\/\/toolset.com\/fr\/forums\/\" class=\"contact-nav-forums\"> <h3>Assistance technique<\/h3> Si vous achetez Toolset et avez besoin d&#8217;une aide technique, consultez le forum d&#8217;assistance destin\u00e9 aux membres. <\/a> <a href=\"https:\/\/toolset.com\/fr\/?page_id=515793\" class=\"contact-nav-questions\"><h3>Questions concernant la pr\u00e9vente<\/h3>Pas encore client ? Remplissez notre formulaire de consultation gratuite. <\/a> <a href=\"\/?page_id=501187\" class=\"contact-nav-themes\"><h3>Contactez-nous au sujet des th\u00e8mes bas\u00e9s sur Toolset<\/h3> Vous voulez en savoir plus sur la cr\u00e9ation de th\u00e8mes avec Toolset ? Remplissez ce formulaire et nous vous r\u00e9pondrons <\/a> <a href=\"https:\/\/toolset.com\/report-security-vulnerability-issues\/\" class=\"contact-nav-security\"><h3>Probl\u00e8mes de s\u00e9curit\u00e9 et de vuln\u00e9rabilit\u00e9<\/h3>Vous avez rencontr\u00e9 un probl\u00e8me de s\u00e9curit\u00e9 \/ vuln\u00e9rabilit\u00e9 ? Remplissez ce formulaire<\/a> <a href=\"https:\/\/toolset.com\/fr\/?page_id=535614\" class=\"contact-nav-password\"><h3>Compte et finance<\/h3>Probl\u00e8me de compte ou d&#8217;abonnement ? Remplissez notre formulaire de contact. <\/a> <a href=\"https:\/\/toolset.com\/fr\/?page_id=511880\" class=\"contact-nav-password\"><h3>R\u00e9cup\u00e9ration de mot de passe<\/h3>Vous venez d&#8217;acheter Toolset et n&#8217;avez pas re\u00e7u d&#8217;e-mail pour activer votre nouveau compte ? Utilisez la r\u00e9cup\u00e9ration de mot de passe. <\/a> <a href=\"https:\/\/toolset.com\/fr\/?page_id=5220\" class=\"contact-nav-refunds\"><h3>Retours<\/h3> Vous avez achet\u00e9 Toolset et il ne correspond pas exactement \u00e0 ce que vous en attendiez ? Politique de retour. <\/a> <a href=\"https:\/\/toolset.com\/fr\/?page_id=535617\" class=\"contact-nav-bussiness\"><h3>Entreprise et presse<\/h3>Requ\u00eates li\u00e9es aux entreprises ou \u00e0 la presse ? Remplissez notre formulaire de contact. <\/a> <a href=\"https:\/\/toolset.com\/fr\/contractors\/\" class=\"contact-nav-help\"><h3>Aide pour votre projet personnalis\u00e9<\/h3>Vous recherchez un expert pour vous aider \u00e0 g\u00e9rer votre site bas\u00e9 sur Toolset ? Consultez les prestataires de service Toolset. <\/a> <a href=\"http:\/\/www.onthegosystems.com\/jobs\/\" class=\"contact-nav-jobs\"><h3>Emplois<\/h3>Vous cherchez un emploi ? Visualisez nos emplois d&#8217;assistance et de d\u00e9veloppement WordPress chez OnTheGoSystems. <\/a> <\/div><\/div><div class=\"col-sm-4 sidebar sidebar-contact ddl-frontend-editor-cell ddl-frontend-editor-editable js-ddl-frontend-editor-cell\" data-id='15' data-name='Visual editor (text, images, HTML)' data-type='cell-text' data-layout_slug='' data-kind='Cell'><h2>Notre adresse<\/h2> <p><strong>OnTheGoSystems Limited<\/strong><\/p><p>22\/F 3 Lockhart Road<br> Wanchai<br> Hong Kong<\/p><\/div><\/div><\/div>","protected":false},"excerpt":{"rendered":"<p>Notre adresse<\/p>\n","protected":false},"author":1,"featured_media":0,"parent":1396327,"menu_order":0,"comment_status":"closed","ping_status":"closed","template":"","meta":{"_bbp_topic_count":0,"_bbp_reply_count":0,"_bbp_total_topic_count":0,"_bbp_total_reply_count":0,"_bbp_voice_count":0,"_bbp_anonymous_reply_count":0,"_bbp_topic_count_hidden":0,"_bbp_reply_count_hidden":0,"_bbp_forum_subforum_count":0,"ep_exclude_from_search":false,"footnotes":""},"documentation-category":[],"class_list":["post-5229","page","type-page","status-publish","hentry"],"_links":{"self":[{"href":"https:\/\/toolset.com\/fr\/wp-json\/wp\/v2\/pages\/5229","targetHints":{"allow":["GET"]}}],"collection":[{"href":"https:\/\/toolset.com\/fr\/wp-json\/wp\/v2\/pages"}],"about":[{"href":"https:\/\/toolset.com\/fr\/wp-json\/wp\/v2\/types\/page"}],"author":[{"embeddable":true,"href":"https:\/\/toolset.com\/fr\/wp-json\/wp\/v2\/users\/1"}],"replies":[{"embeddable":true,"href":"https:\/\/toolset.com\/fr\/wp-json\/wp\/v2\/comments?post=5229"}],"version-history":[{"count":8,"href":"https:\/\/toolset.com\/fr\/wp-json\/wp\/v2\/pages\/5229\/revisions"}],"predecessor-version":[{"id":2779161,"href":"https:\/\/toolset.com\/fr\/wp-json\/wp\/v2\/pages\/5229\/revisions\/2779161"}],"up":[{"embeddable":true,"href":"https:\/\/toolset.com\/fr\/wp-json\/wp\/v2\/pages\/1396327"}],"wp:attachment":[{"href":"https:\/\/toolset.com\/fr\/wp-json\/wp\/v2\/media?parent=5229"}],"wp:term":[{"taxonomy":"documentation-category","embeddable":true,"href":"https:\/\/toolset.com\/fr\/wp-json\/wp\/v2\/documentation-category?post=5229"}],"curies":[{"name":"wp","href":"https:\/\/api.w.org\/{rel}","templated":true}]}}