{"id":5226,"date":"2012-11-20T20:16:17","date_gmt":"2012-11-20T20:16:17","guid":{"rendered":"https:\/\/toolset.com\/documentation-2\/"},"modified":"2020-02-17T14:43:14","modified_gmt":"2020-02-17T14:43:14","slug":"documentation-2","status":"publish","type":"page","link":"https:\/\/toolset.com\/fr\/documentation-2\/","title":{"rendered":"Documentation"},"content":{"rendered":"<div class=\"container-fluid\">\n<p>Toolset \u00e9volue tr\u00e8s rapidement avec de nouvelles fonctionnalit\u00e9s ainsi que des am\u00e9liorations en continu. Nous vous recommandons d&#8217;utiliser la <a href=\"https:\/\/toolset.com\/documentation\/\">version Anglaise de notre documentation<\/a> afin d&#8217;\u00eatre s\u00fbr que les informations et les tutoriels sont \u00e0 jour.<\/p><\/div>\n","protected":false},"excerpt":{"rendered":"<p>Toolset \u00e9volue tr\u00e8s rapidement avec de nouvelles fonctionnalit\u00e9s ainsi que des am\u00e9liorations en continu. Nous vous recommandons d&#8217;utiliser la version Anglaise de notre documentation afin d&#8217;\u00eatre s\u00fbr que les informations et les tutoriels sont \u00e0 jour.<\/p>\n","protected":false},"author":3,"featured_media":0,"parent":0,"menu_order":64,"comment_status":"closed","ping_status":"closed","template":"template-page-no-title.php","meta":{"_bbp_topic_count":0,"_bbp_reply_count":0,"_bbp_total_topic_count":0,"_bbp_total_reply_count":0,"_bbp_voice_count":0,"_bbp_anonymous_reply_count":0,"_bbp_topic_count_hidden":0,"_bbp_reply_count_hidden":0,"_bbp_forum_subforum_count":0,"ep_exclude_from_search":false,"footnotes":""},"documentation-category":[],"class_list":["post-5226","page","type-page","status-publish","hentry"],"_links":{"self":[{"href":"https:\/\/toolset.com\/fr\/wp-json\/wp\/v2\/pages\/5226","targetHints":{"allow":["GET"]}}],"collection":[{"href":"https:\/\/toolset.com\/fr\/wp-json\/wp\/v2\/pages"}],"about":[{"href":"https:\/\/toolset.com\/fr\/wp-json\/wp\/v2\/types\/page"}],"author":[{"embeddable":true,"href":"https:\/\/toolset.com\/fr\/wp-json\/wp\/v2\/users\/3"}],"replies":[{"embeddable":true,"href":"https:\/\/toolset.com\/fr\/wp-json\/wp\/v2\/comments?post=5226"}],"version-history":[{"count":10,"href":"https:\/\/toolset.com\/fr\/wp-json\/wp\/v2\/pages\/5226\/revisions"}],"predecessor-version":[{"id":1484737,"href":"https:\/\/toolset.com\/fr\/wp-json\/wp\/v2\/pages\/5226\/revisions\/1484737"}],"wp:attachment":[{"href":"https:\/\/toolset.com\/fr\/wp-json\/wp\/v2\/media?parent=5226"}],"wp:term":[{"taxonomy":"documentation-category","embeddable":true,"href":"https:\/\/toolset.com\/fr\/wp-json\/wp\/v2\/documentation-category?post=5226"}],"curies":[{"name":"wp","href":"https:\/\/api.w.org\/{rel}","templated":true}]}}