{"id":5158,"date":"2013-07-25T08:35:45","date_gmt":"2013-07-25T08:35:45","guid":{"rendered":"https:\/\/toolset.com\/page-daccueil\/views-creez-de-belles-presentations-pour-vos-contenus\/"},"modified":"2020-02-10T06:44:33","modified_gmt":"2020-02-10T06:44:33","slug":"views-creez-de-belles-presentations-pour-vos-contenus","status":"publish","type":"page","link":"https:\/\/toolset.com\/fr\/nouvelle-page-daccueil\/views-creez-de-belles-presentations-pour-vos-contenus\/","title":{"rendered":"Views"},"content":{"rendered":"<section class=\"full-bg page-views row--padding--large\" > <div class=\"container \"> <div class=\"row\"> <section class=\"col-sm-12\"> <div class=\"row \" > <div class=\"col-sm-5 hero-text col-sm-offset-1\"><h1 class=\"new-layout__header calltoaction__title\">Views : le <span class=\"text-primary-red\">g\u00e9n\u00e9rateur de requ\u00eates<\/span> pour WordPress <\/h1> <p class=\"home__lead__paragraph\"> Avec Views, vous pouvez charger n&#8217;importe quel type de contenu depuis la base de donn\u00e9es et l&#8217;afficher avec votre conception. Ce plugin est facile \u00e0 utiliser pour les non-programmeurs et enrichi de fonctionnalit\u00e9s pour les d\u00e9veloppeurs WordPress chevronn\u00e9s. <\/p><\/div><div class=\"col-sm-5 hero-img col-sm-offset-1\"><img decoding=\"async\" class=\"size-full aligncenter img-responsive\" src=\"https:\/\/toolset.com\/wp-content\/uploads\/2018\/06\/img-new-grid-1.png\"><\/div><\/div> <div class=\"row page-views__hero-box\" > <div class=\"col-sm-4 col-sm-4\"><div class=\"shadow-box__element\"> <div class=\"col-sm-3 col-xs-3\"> <span class=\"icon compatible\"><\/span> <\/div> <div class=\"col-sm-9 col-xs-9\"> <h3>Compatibilit\u00e9<\/h3> <p> Views fonctionne avec n\u2019importe quel th\u00e8me et constructeur de page <\/p> <\/div> <\/div><\/div><div class=\"col-sm-4 col-xs-12 col-sm-4\"><div class=\"shadow-box__element\"> <div class=\"col-sm-3 col-xs-3\"> <span class=\"icon complete\"><\/span> <\/div> <div class=\"col-sm-9 col-xs-9\"> <h3>Solution compl\u00e8te<\/h3> <p> Pour afficher tout ce que vous souhaitez dans votre base de donn\u00e9es <\/p> <\/div> <\/div><\/div><div class=\"col-sm-4 col-xs-12 col-sm-4\"><div class=\"shadow-box__element\"> <div class=\"col-sm-3 col-xs-3\"> <span class=\"icon easy\"><\/span> <\/div> <div class=\"col-sm-9 col-xs-9\"> <h3>Intuitif<\/h3> <p> Vous pouvez utiliser Views sans restriction et sans programmation <\/p> <\/div> <\/div><\/div><\/div><\/section><\/div><\/div><\/section> <section class=\"full-bg row--padding--large explore\" > <div class=\"container \"> <div class=\"row\"> <section class=\"col-sm-12\"> <div class=\"row \" > <div class=\"col-sm-12\"><h2 class=\"new-layout__header text-center\">Comment <span class=\"text-primary-red\">cr\u00e9er des requ\u00eates<\/span> avec Views<\/div><\/div> <div class=\"row \" > <div class=\"col-sm-12\"><div class=\"step row one\"> <div class=\"step__number one\"> <span>\u00c9TAPE<\/span> <\/div> <div class=\"step__content row\"> <div class=\"col-sm-6 step__content__img\"> <a class=\"js-box\" href=\"https:\/\/toolset.com\/wp-content\/uploads\/2018\/06\/custom-search-content-type-selection.jpg\"> <img decoding=\"async\" class=\"has-border step__image img-responsive\" src=\"https:\/\/toolset.com\/wp-content\/uploads\/2018\/06\/custom-search-content-type-selection.jpg\" alt=\"\"> <\/a> <\/div> <div class=\"col-sm-5 step__content__text\"> <h3 class=\"step__header\">S\u00e9lectionner le contenu \u00e0 charger<\/h3> <p class=\"step__paragraph\"> Views permet de charger ais\u00e9ment le contenu ad\u00e9quat depuis la base de donn\u00e9es. Commencez par s\u00e9lectionner le type de contenu \u00e0 charger. Views peut charger n&#8217;importe quel affichage dans votre site. <\/p> <\/div> <\/div> <\/div> <div class=\"step row two\"> <div class=\"step__number two\"> <span>\u00c9TAPE<\/span> <\/div> <div class=\"step__content row\"> <div class=\"col-sm-6 step__content__img\"> <a class=\"js-box\" href=\"https:\/\/toolset.com\/wp-content\/uploads\/2018\/06\/Global-list-of-Planeta.png\"> <img decoding=\"async\" class=\"step__image img-responsive\" alt=\"\" src=\"https:\/\/toolset.com\/wp-content\/uploads\/2018\/06\/Global-list-of-Planeta.png\"> <\/a> <\/div> <div class=\"col-sm-5 step__content__text\"> <h3 class=\"step__header\">Appliquer des filtres<\/h3> <p class=\"step__paragraph\"> Le plus souvent, vous voulez non pas tout afficher, mais seulement certains \u00e9l\u00e9ments sp\u00e9cifiques. Ainsi, vous souhaitez par exemple afficher des \u00ab r\u00e9cits connexes \u00bb, des \u00ab commentaires concernant ce produit \u00bb ou les \u00ab orateurs de cette conf\u00e9rence \u00bb. Views simplifie ce filtrage et le rend intuitif. <\/p> <\/div> <\/div> <\/div> <div class=\"step row three\"> <div class=\"step__number three\"> <span>\u00c9TAPE<\/span> <\/div> <div class=\"step__content row\"> <div class=\"col-sm-6 step__content__img\"> <a class=\"js-box\" href=\"https:\/\/toolset.com\/wp-content\/uploads\/2018\/06\/layout-select-style-300x18211.png\"> <img decoding=\"async\" class=\"step__image img-responsive\" src=\"https:\/\/toolset.com\/wp-content\/uploads\/2018\/06\/layout-select-style-300x18211.png\" alt=\"\"> <\/a> <\/div> <div class=\"col-sm-5 step__content__text\"> <h3 class=\"step__header\">Styliser la sortie<\/h3> <p class=\"step__paragraph\"> Views ne se contente pas de charger le contenu appropri\u00e9 depuis la base de donn\u00e9es, mais facilite \u00e9galement l&#8217;affichage du contenu en amont du site. Il suffit d&#8217;utiliser un simple HTML pour afficher les r\u00e9sultats de la mani\u00e8re dont vous le souhaitez. Views vous aide \u00e0 formater la sortie avec des styles pr\u00e9d\u00e9finis que vous pouvez enti\u00e8rement modifier. <\/p> <\/div> <\/div> <\/div> <div class=\"step row\"> <div class=\"step__number four\"> <span>\u00c9TAPE<\/span> <\/div> <div class=\"step__content row\"> <div class=\"col-sm-6 step__content__img\"> <a class=\"js-box\" href=\"https:\/\/toolset.com\/wp-content\/uploads\/2018\/06\/Jon-Arvizu-I-Design.png\"> <img decoding=\"async\" class=\"step__image img-responsive\" src=\"https:\/\/toolset.com\/wp-content\/uploads\/2018\/06\/Jon-Arvizu-I-Design.png\" alt=\"\"> <\/a> <\/div> <div class=\"col-sm-5 step__content__text\"> <h3 class=\"step__header\">Afficher en amont<\/h3> <p class=\"step__paragraph\"> Vous pouvez afficher Views n&#8217;importe o\u00f9 et sur n&#8217;importe quel site cr\u00e9\u00e9 avec n&#8217;importe quel th\u00e8me ou constructeur de page. Vous pouvez ajouter Views \u00e0 des pages, mod\u00e8les, archives et m\u00eame \u00e0 des widgets. <\/p> <\/div> <\/div> <\/div><\/div><\/div><\/section><\/div><\/div><\/section> <section class=\"full-bg showcase-container\" > <div class=\"container \"> <div class=\"row\"> <section class=\"col-sm-10 container showcase col-sm-offset-1\"> <div class=\"row \" > <div class=\"col-sm-12\"><h2 class=\"new-layout__header text-center\"> Souhaitez-vous d\u00e9couvrir ce que d&#8217;autres ont <span class=\"text-primary-red\">r\u00e9alis\u00e9 avec Views ?<\/span> <\/h2><\/div><\/div> <div class=\"row \" > <div class=\"col-sm-6 showcase__element\"><div class=\"showcase__container\"> <img decoding=\"async\" class=\"img-responsive\" src=\"https:\/\/toolset.com\/wp-content\/uploads\/2018\/06\/Helena-Frith-Powell.png\" alt=\"\"> <div class=\"showcase__content\"> <h3>Listes dynamiques de contenus pour page d&#8217;accueil<\/h3> <p> <a class=\"showcase__link\" href=\"http:\/\/helenafrithpowell.com\/\" target=\"_blank\" rel=\"nofollow noopener noreferrer\">Helenafrithpowell.com<\/a> utilise plusieurs vues afin d&#8217;afficher les contenus de l&#8217;\u00e9crivain sur la page d&#8217;accueil. La page d&#8217;accueil s&#8217;actualise automatiquement chaque fois qu&#8217;un contenu est ajout\u00e9 au site. <\/p> <\/div> <\/div><\/div><div class=\"col-sm-6 showcase__element\"><div class=\"showcase__container\"> <img decoding=\"async\" class=\"img-responsive\" src=\"https:\/\/toolset.com\/wp-content\/uploads\/2018\/06\/Hotel-Business-e-per-Famiglie-Roma.png\" alt=\"\"> <div class=\"showcase__content\"> <h3>Recherche personnalis\u00e9e dans l&#8217;encadr\u00e9 du site<\/h3> <p> <a class=\"showcase__link\" href=\"http:\/\/hotelinrome.com\/\" target=\"_blank\" rel=\"nofollow noopener noreferrer\">Hotel in Rome<\/a> propose un h\u00e9bergement, des visites et des restaurants dans la capitale italienne. Pour laisser autant d&#8217;espace que possible \u00e0 ses services, l&#8217;option de recherche a \u00e9t\u00e9 plac\u00e9 dans un widget situ\u00e9 \u00e0 droite dans l&#8217;encadr\u00e9. <\/p> <\/div> <\/div><\/div><\/div> <div class=\"row \" > <div class=\"col-sm-6 showcase__element\"><div class=\"showcase__container\"> <img decoding=\"async\" class=\"img-responsive\" src=\"https:\/\/toolset.com\/wp-content\/uploads\/2018\/06\/Global-list-of-Planeta-2.png\" alt=\"\"> <div class=\"showcase__content\"> <h3>Recherche personnalis\u00e9e sur une page enti\u00e8re avec r\u00e9sultats sur Google Map<\/h3> <p> <a href=\"http:\/\/www.fddb.org\/\" class=\"showcase__link\" target=\"_blank\" rel=\"nofollow noopener noreferrer\">La base de donn\u00e9es avec d\u00f4me d&#8217;immersion<\/a> a n\u00e9c\u00e9ssit\u00e9 une recherche personnalis\u00e9e avec 14 attributs afin de lister ses centaines de spectacles \u00e0 travers le monde. Une recherche qui se met \u00e0 jour en temps r\u00e9el a \u00e9t\u00e9 cr\u00e9\u00e9e avec Views pour aider l&#8217;utilisateur \u00e0 trouver le bon \u00e9v\u00e9nement en quelques secondes. <\/p> <\/div> <\/div><\/div><div class=\"col-sm-6 showcase__element\"><div class=\"showcase__container\"> <img decoding=\"async\" class=\"img-responsive\" src=\"https:\/\/toolset.com\/wp-content\/uploads\/2018\/06\/Forms.png\" alt=\"\"> <div class=\"showcase__content\"> <h3>Simple tableau<\/h3> <p> <a class=\"showcase__link\" href=\"http:\/\/andersoncountyclerkandmaster.com\/\" target=\"_blank\" rel=\"nofollow noopener noreferrer\">Anderson County Clerk &amp; Master<\/a> est le gardien des archives de tribunaux. Une longue liste de formulaires est pr\u00e9sent\u00e9e dans diff\u00e9rent formats. La liste est une vue qui affiche les r\u00e9sultats sous forme de tableau. <\/p> <\/div> <\/div><\/div><\/div> <div class=\"row \" > <div class=\"col-sm-6 showcase__element\"><div class=\"showcase__container\"> <img decoding=\"async\" class=\"img-responsive\" src=\"https:\/\/toolset.com\/wp-content\/uploads\/2018\/06\/Swindon-Teaching-Schools.png\" alt=\"\"> <div class=\"showcase__content\"> <h3>Grille<\/h3> <p> <a class=\"showcase__link\" href=\"https:\/\/www.swindonteachingschool.org.uk\/\" target=\"_blank\" rel=\"nofollow noopener noreferrer\">Swindon Teaching Schools<\/a> propose une palette de cours. Pour simplifier la maintenance de la page d&#8217;accueil, les cours sont affich\u00e9s sous forme de vue. Ainsi, lorsque les cours sont actualis\u00e9s, la page d&#8217;accueil se met \u00e0 jour automatiquement. <\/p> <\/div> <\/div><\/div><div class=\"col-sm-6 showcase__element\"><div class=\"showcase__container\"> <img decoding=\"async\" class=\"img-responsive\" src=\"https:\/\/toolset.com\/wp-content\/uploads\/2018\/06\/Jon-Arvizu-I-Design.png\" alt=\"\"> <div class=\"showcase__content\"> <h3>Listages personnalis\u00e9s pour produits WooCommerce<\/h3> <p> Le site Web <a class=\"showcase__link\" href=\"https:\/\/jonarvizu.com\/\" target=\"_blank\" rel=\"nofollow noopener noreferrer\">Jon Arvizu<\/a> utilise WooCommerce pour vendre des \u0153uvres. Un listage personnalis\u00e9 a \u00e9t\u00e9 cr\u00e9\u00e9 avec Views pour les produits, afin d&#8217;obtenir l&#8217;aspect exact et provoquer les r\u00e9actions d\u00e9sir\u00e9es. <\/p> <\/div> <\/div><\/div><\/div><\/section><\/div><\/div><\/section> <section class=\"full-bg equalize row-calltoaction-bg\" > <div class=\"container \"> <div class=\"row\"> <div class=\"col-sm-5 col-xs-12 col-sm-offset-1\"><h2 class=\"new-layout__header text--white\">Essayez <span class=\"text-primary-yellow\">Views<\/span><\/h2> <p class=\"new-layout__paragraph text--white\"> Le plugin Views vous aidera \u00e0 cr\u00e9er vos premi\u00e8res requ\u00eates en quelques minutes \u00e0 peine. Gr\u00e2ce aux fonctionnalit\u00e9s avanc\u00e9es de Views, vous pouvez cr\u00e9er exactement ce que vos clients demandent, et ce, sans programmation. <br> <strong>Testez-le pendant 30 jours<\/strong> et voyez s&#8217;il vous convient. Si vous n&#8217;\u00eates pas 100% satisfait, faites-le nous savoir et vous serez int\u00e9gralement rembours\u00e9. <\/p><\/div><div class=\"col-sm-4 col-xs-12 col-sm-offset-1\"><a href=\"https:\/\/toolset.com\/fr\/acheter-des-maintenant\/\" class=\"calltoaction__main-btn calltoaction__main-btn--white\"><i class=\"fa fa-chevron-right\"><\/i> Acheter Views avec Toolset<\/a><\/div><\/div><\/div><\/section>","protected":false},"excerpt":{"rendered":"<p>Views : le g\u00e9n\u00e9rateur de requ\u00eates pour WordPress Avec Views, vous pouvez charger n&#8217;importe quel type de contenu depuis la base de donn\u00e9es et l&#8217;afficher avec votre conception. Ce plugin est facile \u00e0 utiliser pour les non-programmeurs et enrichi de fonctionnalit\u00e9s pour les d\u00e9veloppeurs WordPress chevronn\u00e9s. Compatibilit\u00e9 Views fonctionne avec n\u2019importe quel th\u00e8me et constructeur [&hellip;]<\/p>\n","protected":false},"author":3,"featured_media":0,"parent":1396327,"menu_order":0,"comment_status":"closed","ping_status":"closed","template":"","meta":{"_bbp_topic_count":0,"_bbp_reply_count":0,"_bbp_total_topic_count":0,"_bbp_total_reply_count":0,"_bbp_voice_count":0,"_bbp_anonymous_reply_count":0,"_bbp_topic_count_hidden":0,"_bbp_reply_count_hidden":0,"_bbp_forum_subforum_count":0,"ep_exclude_from_search":false,"footnotes":""},"documentation-category":[],"class_list":["post-5158","page","type-page","status-publish","hentry"],"_links":{"self":[{"href":"https:\/\/toolset.com\/fr\/wp-json\/wp\/v2\/pages\/5158","targetHints":{"allow":["GET"]}}],"collection":[{"href":"https:\/\/toolset.com\/fr\/wp-json\/wp\/v2\/pages"}],"about":[{"href":"https:\/\/toolset.com\/fr\/wp-json\/wp\/v2\/types\/page"}],"author":[{"embeddable":true,"href":"https:\/\/toolset.com\/fr\/wp-json\/wp\/v2\/users\/3"}],"replies":[{"embeddable":true,"href":"https:\/\/toolset.com\/fr\/wp-json\/wp\/v2\/comments?post=5158"}],"version-history":[{"count":9,"href":"https:\/\/toolset.com\/fr\/wp-json\/wp\/v2\/pages\/5158\/revisions"}],"predecessor-version":[{"id":1501149,"href":"https:\/\/toolset.com\/fr\/wp-json\/wp\/v2\/pages\/5158\/revisions\/1501149"}],"up":[{"embeddable":true,"href":"https:\/\/toolset.com\/fr\/wp-json\/wp\/v2\/pages\/1396327"}],"wp:attachment":[{"href":"https:\/\/toolset.com\/fr\/wp-json\/wp\/v2\/media?parent=5158"}],"wp:term":[{"taxonomy":"documentation-category","embeddable":true,"href":"https:\/\/toolset.com\/fr\/wp-json\/wp\/v2\/documentation-category?post=5158"}],"curies":[{"name":"wp","href":"https:\/\/api.w.org\/{rel}","templated":true}]}}