{"id":510565,"date":"2017-04-07T06:09:13","date_gmt":"2017-04-07T06:09:13","guid":{"rendered":"https:\/\/toolset.com\/account\/sites\/"},"modified":"2020-02-18T08:52:06","modified_gmt":"2020-02-18T08:52:06","slug":"sites","status":"publish","type":"page","link":"https:\/\/toolset.com\/fr\/account\/sites\/","title":{"rendered":"Sites"},"content":{"rendered":"<div class=\"login-reminder-wrapper\">\n\t<\/div>\n\n<div class=\"account-wrapper row\">\n        <div class=\"col-xs-12\">\n    \t    \t    <div id=\"content\" class=\"my-sites-page-block\">\n\n\n\n\t\t    \n\n<div class=\"woocommerce-notices-wrapper\"><\/div>\n\n        <br>\n    <div class=\"row\">\n        <div class=\"col-md-10 col-md-offset-1\">\n            Pour recevoir les mises \u00e0 jour Toolset directement depuis l'administration de votre site, enregistrez ce site avec Toolset. Vous pouvez ais\u00e9ment le faire sur cette page.\n\nCette page pr\u00e9sente \u00e9galement les informations relatives \u00e0 chaque site enregistr\u00e9, y compris la date de l'enregistrement et quels plugins Toolset vous utilisez.        <\/div>\n    <\/div>\n    \n    <div class=\"login-select-box\">\n        <div class=\"row align-items-center\">\n            <div class=\"col-md-5\">\n                <h2>Ajoutez des sites \u00e0 votre compte Toolset<\/h2>\n            <\/div>\n            <div class=\"col-md-7\">\n                <div class=\"row login-selection\">\n                    <div class=\"col col-md-6\">\n                        <div class=\"login-select-box__exist\">J'ai d\u00e9j\u00e0 un compte <a class=\"login-select-box__btn\" href=\"#\">Log in<\/a><\/div>\n                    <\/div>\n                    <div class=\"col col-md-6\">\n                        <div class=\"login-select-box__buy\">Je n'ai pas encore de compte <a class=\"login-select-box__btn\" href=\"https:\/\/toolset.com\/fr\/acheter-des-maintenant\/\">Acheter<\/a><\/div>\n                    <\/div>\n                <\/div>\n                <div class=\"row login-form\">\n                    <div class=\"col\">\n                        <div class=\"login-select-box__form clearfix\">\n\n\t\n                            <form method=\"post\" class=\"login\"\n\t\t                         action=\"https:\/\/toolset.com\/fr\/account\/?redirect=\/fr\/wp-json\/wp\/v2\/pages\/510565\">\n                                <h2>Connexion<\/h2>\n\t\t                        \n                                <p class=\"form-group\">\n                                    <label for=\"username\">Nom d'utilisateur ou adresse e-mail <span\n                                                class=\"required\">*<\/span><\/label>\n                                    <input type=\"text\" class=\"form-control\" name=\"username\" id=\"username\"\n                                           value=\"\"\/>\n                                <\/p>\n                                <p class=\"form-group\">\n                                    <label for=\"password\">Mot de passe <span class=\"required\">*<\/span><\/label>\n                                    <input class=\"form-control\" type=\"password\" name=\"password\" id=\"password\"\/>\n                                <\/p>\n\n\t\t                        \t                            \n                                <p class=\"form-group\">\n\t\t\t                        <input type=\"hidden\" id=\"_wpnonce\" name=\"_wpnonce\" value=\"ad128b76ea\" \/><input type=\"hidden\" name=\"_wp_http_referer\" value=\"\/fr\/wp-json\/wp\/v2\/pages\/510565\" \/>                                    <input type=\"submit\" class=\"btn btn-orange pull-left\" name=\"login\"\n                                           value=\"Connexion\"\/>\n\n                                    <a class=\"lost_password pull-right\"\n                                       href=\"https:\/\/toolset.com\/fr\/account\/jai-perdu-mon-mot-de-passe\/\">Mot de passe perdu ?<\/a>\n\n                                <\/p>\n\t\t                                                    <\/form>\n\n    \n                        <\/div>\n                    <\/div>\n                <\/div>\n            <\/div>\n        <\/div>\n    <\/div>\n\n\t\n\n\n                <script>\n                    jQuery(\"form.login , form[name='loginform']\").submit(function (eventObj) {\n                        var otgs_doc_referer = document.referrer;\n                        if (typeof(otgs_doc_referer) != \"undefined\" && otgs_doc_referer !== null) {\n                            var otgs_doc_referer_exist = encodeURI(otgs_doc_referer);\n                            jQuery(\"form.login , form[name='loginform']\").append('<input type=\"hidden\" name=\"where_user_originate\" value=\"' + otgs_doc_referer_exist + '\" \/>');\n                            return true;\n                        }\n                    });\n                <\/script>\n                \n\t    <\/div>\n\n\n\n    <\/div>\n<\/div>\n\n","protected":false},"excerpt":{"rendered":"","protected":false},"author":9845,"featured_media":0,"parent":4519,"menu_order":0,"comment_status":"closed","ping_status":"closed","template":"","meta":{"_bbp_topic_count":0,"_bbp_reply_count":0,"_bbp_total_topic_count":0,"_bbp_total_reply_count":0,"_bbp_voice_count":0,"_bbp_anonymous_reply_count":0,"_bbp_topic_count_hidden":0,"_bbp_reply_count_hidden":0,"_bbp_forum_subforum_count":0,"ep_exclude_from_search":false,"footnotes":""},"documentation-category":[],"class_list":["post-510565","page","type-page","status-publish","hentry"],"_links":{"self":[{"href":"https:\/\/toolset.com\/fr\/wp-json\/wp\/v2\/pages\/510565","targetHints":{"allow":["GET"]}}],"collection":[{"href":"https:\/\/toolset.com\/fr\/wp-json\/wp\/v2\/pages"}],"about":[{"href":"https:\/\/toolset.com\/fr\/wp-json\/wp\/v2\/types\/page"}],"author":[{"embeddable":true,"href":"https:\/\/toolset.com\/fr\/wp-json\/wp\/v2\/users\/9845"}],"replies":[{"embeddable":true,"href":"https:\/\/toolset.com\/fr\/wp-json\/wp\/v2\/comments?post=510565"}],"version-history":[{"count":1,"href":"https:\/\/toolset.com\/fr\/wp-json\/wp\/v2\/pages\/510565\/revisions"}],"predecessor-version":[{"id":1501213,"href":"https:\/\/toolset.com\/fr\/wp-json\/wp\/v2\/pages\/510565\/revisions\/1501213"}],"up":[{"embeddable":true,"href":"https:\/\/toolset.com\/fr\/wp-json\/wp\/v2\/pages\/4519"}],"wp:attachment":[{"href":"https:\/\/toolset.com\/fr\/wp-json\/wp\/v2\/media?parent=510565"}],"wp:term":[{"taxonomy":"documentation-category","embeddable":true,"href":"https:\/\/toolset.com\/fr\/wp-json\/wp\/v2\/documentation-category?post=510565"}],"curies":[{"name":"wp","href":"https:\/\/api.w.org\/{rel}","templated":true}]}}