{"id":507664,"date":"2017-03-30T08:02:14","date_gmt":"2017-03-30T08:02:14","guid":{"rendered":"https:\/\/toolset.com\/page-daccueil\/composants-toolset-2\/"},"modified":"2020-09-28T06:54:06","modified_gmt":"2020-09-28T06:54:06","slug":"composants-toolset-2","status":"publish","type":"page","link":"https:\/\/toolset.com\/fr\/nouvelle-page-daccueil\/composants-toolset-2\/","title":{"rendered":"Composants Toolset"},"content":{"rendered":"<h2 class=\"tb-heading\" data-toolset-blocks-heading=\"8c9e2e3eb5873a1a8ac6520bc1e634ac\">Composants Toolset<\/h2> <div class=\"tb-fields-and-text\" data-toolset-blocks-fields-and-text=\"9ded41bcfbfde20249136d0aebe552d6\"><p><span>Les plugins Toolset vous permettent d&#8217;ajouter des types personnalis\u00e9s \u00e0 votre site et de les afficher comme vous en avez envie ; le tout sans \u00e9criture PHP.<\/span><\/p><\/div> <div class=\"wp-block-toolset-blocks-grid tb-grid\" data-toolset-blocks-grid=\"af053ad20ad5f278981af17bc9cc8a78\"> <div class=\"wp-block-toolset-blocks-grid-column tb-grid-column tb-grid-align-top\" data-toolset-blocks-grid-column=\"6ecf300193c94cd8fcf2701c0be7dcaf\"> <div class=\"wp-block-toolset-blocks-container tb-container\" data-toolset-blocks-container=\"5b2541eba82dfcf4023230cd464cab73\"> <h4 class=\"tb-heading\" data-toolset-blocks-heading=\"6e9033c48fbe9b68155f704eebf00e37\">Composants<\/h4> <ul class=\"doc-content wp-block-list\"><li><a href=\"#blocks\">Blocks<\/a><\/li><li><a href=\"#types\">Types<\/a><\/li><li><a href=\"#forms\">Forms<\/a><\/li><li><a href=\"#access\">Access<\/a><\/li><li><a href=\"#maps\">Cartes<\/a><\/li><\/ul> <\/div> <\/div> <div class=\"wp-block-toolset-blocks-grid-column tb-grid-column tb-grid-align-top\" data-toolset-blocks-grid-column=\"b6300e4a8e0fa3097ba0ac1902aae186\"> <div class=\"wp-block-toolset-blocks-container tb-container\" data-toolset-blocks-container=\"97d55aff54ac3206cad33efa27e92b01\"> <div class=\"wp-block-toolset-blocks-grid tb-grid\" data-toolset-blocks-grid=\"08e59640c49b8e0aebca1e7ee7f0398e\"> <div class=\"wp-block-toolset-blocks-grid-column tb-grid-column tb-grid-align-top\" data-toolset-blocks-grid-column=\"a992820d7fb301188dad620be23f1543\"><\/div> <div class=\"wp-block-toolset-blocks-grid-column tb-grid-column tb-grid-align-top\" data-toolset-blocks-grid-column=\"c5a6be97cfec4b7967978aca3c723c45\"> <div class=\"wp-block-toolset-blocks-container tb-container\" data-toolset-blocks-container=\"9875d691c96dd4ce3687a89ccad32af9\"> <h2 id=\"blocks\" class=\"tb-heading\" data-toolset-blocks-heading=\"443a2a064b493db724e2427aa0641cc8\"><a href=\"https:\/\/toolset.com\/home\/blocks\/\">Blocks<\/a><\/h2> <div class=\"tb-fields-and-text\" data-toolset-blocks-fields-and-text=\"7ec5b330a84aaa759037f8f1a41a583d\"><p style=\"text-align: left;\">Affichage de contenus en amont<\/p><\/div> <\/div> <div class=\"tb-fields-and-text\" data-toolset-blocks-fields-and-text=\"161bb9f799a3c0258d08fb7d2f32ad83\"><p><a href=\"https:\/\/toolset.com\/home\/blocks\/\">Blocks<\/a><span> <\/span>affiche des contenus en amont du site, exactement comme vous en avez envie. Avec Blocks, vous pouvez afficher visuellement des listes de contenus, des mod\u00e8les de conception pour des pages de contenus et de conception d&#8217;archive.<\/p> <p>Blocks vous permet de cr\u00e9er de puissantes<span> <\/span><a href=\"https:\/\/toolset.com\/course-lesson\/creating-a-custom-search\/\">recherches personnalis\u00e9es<\/a><span> <\/span>pour tout type de contenu. Les recherches personnalis\u00e9es permettent aux visiteurs de trouver des contenus en fonction des champs, de la taxonomie et de la relation.<\/p> <p>Vous effectuez tout le travail de conception visuellement \u00e0 l&#8217;aide de l&#8217;\u00e9diteur de bloc int\u00e9gr\u00e9 WordPress.<\/p><\/div> <\/div> <\/div> <\/div> <div class=\"wp-block-toolset-blocks-container tb-container\" data-toolset-blocks-container=\"0fcc8c64174fc6e4a52ee549d508db75\"> <div class=\"wp-block-toolset-blocks-grid tb-grid\" data-toolset-blocks-grid=\"08e59640c49b8e0aebca1e7ee7f0398e\"> <div class=\"wp-block-toolset-blocks-grid-column tb-grid-column tb-grid-align-top\" data-toolset-blocks-grid-column=\"a992820d7fb301188dad620be23f1543\"><\/div> <div class=\"wp-block-toolset-blocks-grid-column tb-grid-column tb-grid-align-top\" data-toolset-blocks-grid-column=\"c5a6be97cfec4b7967978aca3c723c45\"> <div class=\"wp-block-toolset-blocks-container tb-container\" data-toolset-blocks-container=\"ee1f51d45e33a0066294787dcc1d389f\"> <h2 id=\"types\" class=\"tb-heading\" data-toolset-blocks-heading=\"ff1a879e5dd078550578e8247befc5eb\"><a href=\"https:\/\/toolset.com\/home\/types-manage-post-types-taxonomy-and-custom-fields\/\">Types<\/a><\/h2> <div class=\"tb-fields-and-text\" data-toolset-blocks-fields-and-text=\"7ec5b330a84aaa759037f8f1a41a583d\"><p style=\"text-align: left;\">Types de publication, taxonomies et champs personnalis\u00e9s<\/p><\/div> <\/div> <div class=\"tb-fields-and-text\" data-toolset-blocks-fields-and-text=\"161bb9f799a3c0258d08fb7d2f32ad83\"><p><a href=\"https:\/\/toolset.com\/home\/types-manage-post-types-taxonomy-and-custom-fields\/\">Types<\/a><span> <\/span>installations de plugin<span> <\/span><a href=\"https:\/\/toolset.com\/course-lesson\/creating-a-custom-post-type\/\">types de publication personnalis\u00e9e<\/a>,<span> <\/span><a href=\"https:\/\/toolset.com\/course-lesson\/creating-a-custom-taxonomy\/\">taxonomies personnalis\u00e9es<\/a><span> <\/span>et<span> <\/span><a href=\"https:\/\/toolset.com\/course-lesson\/creating-custom-fields\/\">champs personnalis\u00e9s<\/a> . Vous pouvez ajouter des champs \u00e0 n\u2019importe quel type de contenu et aussi \u00e0 des utilisateurs.<\/p> <p>Avec Types, vous pouvez \u00e9galement relier diff\u00e9rents types de contenu et travailler avec des bases de donn\u00e9es relationnelles.<\/p><\/div> <\/div> <\/div> <\/div> <div class=\"wp-block-toolset-blocks-container tb-container\" data-toolset-blocks-container=\"867edb78acc15b6268806fdfbff84577\"> <div class=\"wp-block-toolset-blocks-grid tb-grid\" data-toolset-blocks-grid=\"08e59640c49b8e0aebca1e7ee7f0398e\"> <div class=\"wp-block-toolset-blocks-grid-column tb-grid-column tb-grid-align-top\" data-toolset-blocks-grid-column=\"a992820d7fb301188dad620be23f1543\"><\/div> <div class=\"wp-block-toolset-blocks-grid-column tb-grid-column tb-grid-align-top\" data-toolset-blocks-grid-column=\"c5a6be97cfec4b7967978aca3c723c45\"> <div class=\"wp-block-toolset-blocks-container tb-container\" data-toolset-blocks-container=\"a975711b3486f2d1d44280fbdad24221\"> <h2 id=\"forms\" class=\"tb-heading\" data-toolset-blocks-heading=\"2fe3a91544bbcf0caa5b749dbe4a975e\"><a href=\"https:\/\/toolset.com\/home\/cred\/\">Forms<\/a><\/h2> <div class=\"tb-fields-and-text\" data-toolset-blocks-fields-and-text=\"7ec5b330a84aaa759037f8f1a41a583d\"><p style=\"text-align: left;\">Formulaires pour cr\u00e9er des contenus en amont<\/p><\/div> <\/div> <div class=\"tb-fields-and-text\" data-toolset-blocks-fields-and-text=\"161bb9f799a3c0258d08fb7d2f32ad83\"><p>Avec<span> <\/span><a href=\"https:\/\/toolset.com\/home\/cred\/\">Forms<\/a>, vous pouvez cr\u00e9er des formulaires en amont afin de cr\u00e9er et modifier des contenus des utilisateurs. Les formulaires Toolset incluent tous les champs qui font partie des contenus et ils s\u2019affichent dans votre propre style HTML. Les formulaires Toolset valident les entr\u00e9es et envoient des notifications e-mails lors de la soumission des formulaires.<\/p> <p>\u00c0 l\u2019aide des formulaires Toolset, vous pouvez cr\u00e9er des sites class\u00e9s, des sites de r\u00e9pertoires, des sites d\u2019adh\u00e9sion et tout ce qui requiert une soumission de contenu en amont.<\/p><\/div> <\/div> <\/div> <\/div> <div class=\"wp-block-toolset-blocks-container tb-container\" data-toolset-blocks-container=\"fc53cc4a0ff2f686177e47ea78966067\"> <div class=\"wp-block-toolset-blocks-grid tb-grid\" data-toolset-blocks-grid=\"08e59640c49b8e0aebca1e7ee7f0398e\"> <div class=\"wp-block-toolset-blocks-grid-column tb-grid-column tb-grid-align-top\" data-toolset-blocks-grid-column=\"a992820d7fb301188dad620be23f1543\"><\/div> <div class=\"wp-block-toolset-blocks-grid-column tb-grid-column tb-grid-align-top\" data-toolset-blocks-grid-column=\"c5a6be97cfec4b7967978aca3c723c45\"> <div class=\"wp-block-toolset-blocks-container tb-container\" data-toolset-blocks-container=\"7b2465396c326afd33406d8599dcfa51\"> <h2 id=\"access\" class=\"tb-heading\" data-toolset-blocks-heading=\"884b0bbfa124ec29d9e98f9f38de088e\"><a href=\"https:\/\/toolset.com\/home\/types-access\/\">Access<\/a><\/h2> <div class=\"tb-fields-and-text\" data-toolset-blocks-fields-and-text=\"7ec5b330a84aaa759037f8f1a41a583d\"><p style=\"text-align: left;\">Contr\u00f4le d&#8217;acc\u00e8s et gestion de r\u00f4les personnalis\u00e9e<\/p><\/div> <\/div> <div class=\"tb-fields-and-text\" data-toolset-blocks-fields-and-text=\"161bb9f799a3c0258d08fb7d2f32ad83\"><p><a href=\"https:\/\/toolset.com\/home\/types-access\/\">Access<\/a><span> vous permet d&#8217;ajouter des r\u00f4les personnalis\u00e9s et de contr\u00f4ler les privil\u00e8ges. Vous pouvez contr\u00f4ler les actions que les diff\u00e9rents r\u00f4les et utilisateurs peuvent r\u00e9aliser sur les contenus et les \u00e9crans d\u2019administration WordPress auxquels les utilisateurs peuvent avoir acc\u00e8s.<\/span><\/p><\/div> <\/div> <\/div> <\/div> <div class=\"wp-block-toolset-blocks-container tb-container\" data-toolset-blocks-container=\"9590bcaeebd585261276e846cf8dfc00\"> <div class=\"wp-block-toolset-blocks-grid tb-grid\" data-toolset-blocks-grid=\"08e59640c49b8e0aebca1e7ee7f0398e\"> <div class=\"wp-block-toolset-blocks-grid-column tb-grid-column tb-grid-align-top\" data-toolset-blocks-grid-column=\"a992820d7fb301188dad620be23f1543\"><\/div> <div class=\"wp-block-toolset-blocks-grid-column tb-grid-column tb-grid-align-top\" data-toolset-blocks-grid-column=\"c5a6be97cfec4b7967978aca3c723c45\"> <div class=\"wp-block-toolset-blocks-container tb-container\" data-toolset-blocks-container=\"17db993fb8dea81424176a81598daa45\"> <h2 id=\"maps\" class=\"tb-heading\" data-toolset-blocks-heading=\"e7239041f1c6b9fecb9855fe3516d53e\"><a href=\"https:\/\/toolset.com\/course-lesson\/displaying-a-list-of-posts-on-a-map\/\">Cartes<\/a><\/h2> <div class=\"tb-fields-and-text\" data-toolset-blocks-fields-and-text=\"7ec5b330a84aaa759037f8f1a41a583d\"><p style=\"text-align: left;\">Affichez toutes sortes de marqueurs sur Google Maps ou Azure Maps<\/p><\/div> <\/div> <div class=\"tb-fields-and-text\" data-toolset-blocks-fields-and-text=\"161bb9f799a3c0258d08fb7d2f32ad83\"><p>Toolset Maps vous permet d&#8217;afficher tout ce que vous d\u00e9sirez sur une carte Google ou Azure, qu&#8217;il s&#8217;agisse d&#8217;une <a href=\"https:\/\/toolset.com\/course-lesson\/displaying-a-simple-map\/\">simple adresse<\/a> sur une page \u201ccontactez-nous\u201d ou d&#8217;<a href=\"https:\/\/toolset.com\/course-lesson\/displaying-a-list-of-posts-on-a-map\/\">afficher les r\u00e9sultats d&#8217;une recherche<\/a> sur une carte,<\/p> <p>Avec Toolset Maps, vous pouvez <a href=\"https:\/\/toolset.com\/course-lesson\/installing-toolset-maps-and-adding-address-fields\/\">ajouter des champs \u201cadresse\u201d<\/a> \u00e0 tout type de contenu et d&#8217;utilisateur.<\/p><\/div> <\/div> <\/div> <\/div> <\/div> <\/div>","protected":false},"excerpt":{"rendered":"","protected":false},"author":4341,"featured_media":0,"parent":1396327,"menu_order":0,"comment_status":"closed","ping_status":"closed","template":"template-page-no-title.php","meta":{"_bbp_topic_count":0,"_bbp_reply_count":0,"_bbp_total_topic_count":0,"_bbp_total_reply_count":0,"_bbp_voice_count":0,"_bbp_anonymous_reply_count":0,"_bbp_topic_count_hidden":0,"_bbp_reply_count_hidden":0,"_bbp_forum_subforum_count":0,"ep_exclude_from_search":false,"footnotes":""},"documentation-category":[],"class_list":["post-507664","page","type-page","status-publish","hentry"],"_links":{"self":[{"href":"https:\/\/toolset.com\/fr\/wp-json\/wp\/v2\/pages\/507664","targetHints":{"allow":["GET"]}}],"collection":[{"href":"https:\/\/toolset.com\/fr\/wp-json\/wp\/v2\/pages"}],"about":[{"href":"https:\/\/toolset.com\/fr\/wp-json\/wp\/v2\/types\/page"}],"author":[{"embeddable":true,"href":"https:\/\/toolset.com\/fr\/wp-json\/wp\/v2\/users\/4341"}],"replies":[{"embeddable":true,"href":"https:\/\/toolset.com\/fr\/wp-json\/wp\/v2\/comments?post=507664"}],"version-history":[{"count":8,"href":"https:\/\/toolset.com\/fr\/wp-json\/wp\/v2\/pages\/507664\/revisions"}],"predecessor-version":[{"id":1792581,"href":"https:\/\/toolset.com\/fr\/wp-json\/wp\/v2\/pages\/507664\/revisions\/1792581"}],"up":[{"embeddable":true,"href":"https:\/\/toolset.com\/fr\/wp-json\/wp\/v2\/pages\/1396327"}],"wp:attachment":[{"href":"https:\/\/toolset.com\/fr\/wp-json\/wp\/v2\/media?parent=507664"}],"wp:term":[{"taxonomy":"documentation-category","embeddable":true,"href":"https:\/\/toolset.com\/fr\/wp-json\/wp\/v2\/documentation-category?post=507664"}],"curies":[{"name":"wp","href":"https:\/\/api.w.org\/{rel}","templated":true}]}}