{"id":4805,"date":"2013-04-09T10:11:34","date_gmt":"2013-04-09T10:11:34","guid":{"rendered":"https:\/\/toolset.com\/acheter-des-maintenant\/"},"modified":"2020-06-01T13:09:17","modified_gmt":"2020-06-01T13:09:17","slug":"acheter-des-maintenant","status":"publish","type":"page","link":"https:\/\/toolset.com\/fr\/acheter-des-maintenant\/","title":{"rendered":"Acheter Toolset"},"content":{"rendered":"<div id=\"toolset-buy-page\">\n<header>\n<h2>\n Achetez Toolset et r\u00e9alisez d&#8217;incroyables sites sous WordPress<br \/>\n        <\/h2>\n<p>Avec votre achat, vous b\u00e9n\u00e9ficierez d&#8217;un <strong>nombre illimit\u00e9 de sites<\/strong>, d&#8217;<strong>une assistance compl\u00e8te<\/strong> et de notre <strong>garantie de 30 jours satisfait ou rembours\u00e9<\/strong>.<\/p>\n<\/header>\n<div id=\"toolset-buy-page-content\">\n<h3 class=\"toolset-logo\"><span>Toolset : Types Views CRED Access<\/span><\/h3>\n<p>\u00c9conomisez 80 $ en achetant le kit complet. Vous pouvez \u00e9galement choisir d&#8217;acheter les composants Toolset \u00e9num\u00e9r\u00e9s ci-apr\u00e8s, s\u00e9par\u00e9ment.<\/p>\n\n<p>ou <a href=\"https:\/\/toolset.com\/fr\/\" onclick=\"otgs_datalayer_push('Toolset for life')\">achetez Toolset une fois pour toutes!<\/a>\n<script type=\"text\/javascript\">\n    if ('function' !== typeof otgs_datalayer_push) {\n        function otgs_datalayer_push(eventlabel) {\n            if ('object' === typeof window.dataLayer) {\n                window.dataLayer.push({\n                    event: 'gaEvent',\n                    eventCategory: 'Product',\n                    eventAction: 'purchase',\n                    eventLabel: eventlabel\n                });\n            }\n        }\n    }\n<\/script>\n\t\t<\/p>\n<div id=\"toolset-buy-boxes\">\n<div class=\"toolset-buy-box\">\n<h4 class=\"toolset-buy-box-logo types-logo\">\nTypes<br \/>\n                <\/h4>\n<div class=\"toolset-buy-box-content\">\n<h5>D\u00e9finissez des types et champs personnalis\u00e9s<\/h5>\n<p>Types d\u00e9cuple les possibilit\u00e9s qu&#8217;offre WordPress et vous permet de d\u00e9finir vos propres types de contenu.  Vous pourrez cr\u00e9er des types de publication personnalis\u00e9s, de la taxonomie ainsi qu&#8217;une large vari\u00e9t\u00e9 de champs personnalis\u00e9s.<\/p>\n<ul>\n<li>D\u00e9finition de types personnalis\u00e9s<\/li>\n<li>Configuration de champs personnalis\u00e9s<\/li>\n<li>R\u00e9alisation de hi\u00e9rarchies relationnelles<\/li>\n<\/ul>\n<p class=\"action-button-wrapper\">\n <a href=\"https:\/\/toolset.com\/fr\/?add-to-cart=38994&#038;buy_now=1\" class=\"action-button\" onclick=\"otgs_datalayer_push('Toolset Types')\"><i class=\"icon-cloud-download\"><\/i> T\u00e9l\u00e9chargement gratuit!<\/a>\n<script type=\"text\/javascript\">\n    if ('function' !== typeof otgs_datalayer_push) {\n        function otgs_datalayer_push(eventlabel) {\n            if ('object' === typeof window.dataLayer) {\n                window.dataLayer.push({\n                    event: 'gaEvent',\n                    eventCategory: 'Product',\n                    eventAction: 'purchase',\n                    eventLabel: eventlabel\n                });\n            }\n        }\n    }\n<\/script>\n\t\t\n                    <\/p><\/div>\n<\/p><\/div>\n<p class=\"plus-ico\">plus<\/p>\n<div class=\"toolset-buy-box\">\n<h4 class=\"toolset-buy-box-logo views-logo\">\nViews<br \/>\n                <\/h4>\n<div class=\"toolset-buy-box-content\">\n<h5>Affichez le contenu \u00e0 votre gr\u00e9<\/h5>\n<p>Views est votre moteur d&#8217;affichage. Vous serez en mesure de personnaliser l&#8217;apparence de pages simples, de charger des listes de contenu, de cr\u00e9er vos propres widgets et de r\u00e9aliser des sites complets, le tout depuis l&#8217;admin de WordPress.<\/p>\n<ul>\n<li>Conception de templates depuis votre admin WordPress<\/li>\n<li>Requ\u00eates, filtres ou t\u00e9l\u00e9chargement de tout type de contenu<\/li>\n<li>Affichage de listes, grilles, diaporamas et bien plus encore<\/li>\n<li>Affichage de contenu standard ou personnalis\u00e9<\/li>\n<\/ul>\n<p class=\"action-button-wrapper\">\n <a href=\"https:\/\/toolset.com\/fr\/\" class=\"action-button\" onclick=\"otgs_datalayer_push('Views')\">Acheter pour 95$<\/a>\n<script type=\"text\/javascript\">\n    if ('function' !== typeof otgs_datalayer_push) {\n        function otgs_datalayer_push(eventlabel) {\n            if ('object' === typeof window.dataLayer) {\n                window.dataLayer.push({\n                    event: 'gaEvent',\n                    eventCategory: 'Product',\n                    eventAction: 'purchase',\n                    eventLabel: eventlabel\n                });\n            }\n        }\n    }\n<\/script>\n\t\t\n                    <\/p><\/div>\n<\/p><\/div>\n<p class=\"plus-ico\">plus<\/p>\n<div class=\"toolset-buy-box\">\n<h4 class=\"toolset-buy-box-logo cred-logo\">\nCRED<br \/>\n                <\/h4>\n<div class=\"toolset-buy-box-content\">\n<h5>R\u00e9alisez des sites Web interactifs<\/h5>\n<p>CRED vous permet de r\u00e9aliser des formulaires de cr\u00e9ation et de modification de contenu depuis les pages frontales.  Combin\u00e9 avec le contr\u00f4le qu&#8217;offre Access, CRED vous permet de r\u00e9aliser des applications Web \u00e9poustouflantes sur WordPress.<\/p>\n<ul>\n<li>R\u00e9alisation de formulaires pour cr\u00e9ation et \u00e9dition de contenu<\/li>\n<li>Modification des champs standard ou personnalis\u00e9s et de la taxonomie<\/li>\n<li>Cr\u00e9ation de formulaires flexibles avec champs dynamiques<\/li>\n<li>D\u00e9veloppement d&#8217;apps Web compl\u00e8tes gr\u00e2ce \u00e0 l&#8217;API CRED<\/li>\n<\/ul>\n<p class=\"action-button-wrapper\">\n <a href=\"https:\/\/toolset.com\/fr\/\" class=\"action-button\" onclick=\"otgs_datalayer_push('CRED')\">Acheter pour 95$<\/a>\n<script type=\"text\/javascript\">\n    if ('function' !== typeof otgs_datalayer_push) {\n        function otgs_datalayer_push(eventlabel) {\n            if ('object' === typeof window.dataLayer) {\n                window.dataLayer.push({\n                    event: 'gaEvent',\n                    eventCategory: 'Product',\n                    eventAction: 'purchase',\n                    eventLabel: eventlabel\n                });\n            }\n        }\n    }\n<\/script>\n\t\t\n                    <\/p><\/div>\n<\/p><\/div>\n<p class=\"plus-ico\">plus<\/p>\n<div class=\"toolset-buy-box\">\n<h4 class=\"toolset-buy-box-logo access-logo\">\nAccess<br \/>\n                <\/h4>\n<div class=\"toolset-buy-box-content\">\n<h5>Contr\u00f4lez l&#8217;acc\u00e8s au contenu<\/h5>\n<p>Types Access vous laisse d\u00e9finir de nouveaux r\u00f4les et contr\u00f4ler qui peut faire quoi. Avec Types Access, vous pouvez prot\u00e9ger certains contenus, et permettre aux utilisateurs d&#8217;acc\u00e9der \u00e0 leur propre contenu uniquement.<\/p>\n<ul>\n<li>Contr\u00f4le de qui peut acc\u00e9der au contenu<\/li>\n<li>Cr\u00e9ation de r\u00f4les personnalis\u00e9s et attribution de privil\u00e8ges<\/li>\n<\/ul>\n<p class=\"action-button-wrapper\">\n <a href=\"https:\/\/toolset.com\/fr\/\" class=\"action-button\" onclick=\"otgs_datalayer_push('Access')\">Acheter pour 39$<\/a>\n<script type=\"text\/javascript\">\n    if ('function' !== typeof otgs_datalayer_push) {\n        function otgs_datalayer_push(eventlabel) {\n            if ('object' === typeof window.dataLayer) {\n                window.dataLayer.push({\n                    event: 'gaEvent',\n                    eventCategory: 'Product',\n                    eventAction: 'purchase',\n                    eventLabel: eventlabel\n                });\n            }\n        }\n    }\n<\/script>\n\t\t\n                    <\/p><\/div>\n<\/p><\/div>\n<\/p><\/div>\n<p class=\"toolset-buy-button-wrapper\">\n <a href=\"https:\/\/toolset.com\/fr\/\" class=\"action-button\" onclick=\"otgs_datalayer_push('Toolset')\">\u00c9conomisez 80$ en achetant le kit complet \u2013 <strong>Acheter Toolset pour 149$<\/strong><\/a>\n<script type=\"text\/javascript\">\n    if ('function' !== typeof otgs_datalayer_push) {\n        function otgs_datalayer_push(eventlabel) {\n            if ('object' === typeof window.dataLayer) {\n                window.dataLayer.push({\n                    event: 'gaEvent',\n                    eventCategory: 'Product',\n                    eventAction: 'purchase',\n                    eventLabel: eventlabel\n                });\n            }\n        }\n    }\n<\/script>\n\t\t\n        <\/p><\/div>\n<\/div>\n","protected":false},"excerpt":{"rendered":"<p>Achetez Toolset et r\u00e9alisez d&#8217;incroyables sites sous WordPress Avec votre achat, vous b\u00e9n\u00e9ficierez d&#8217;un nombre illimit\u00e9 de sites, d&#8217;une assistance compl\u00e8te et de notre garantie de 30 jours satisfait ou rembours\u00e9. Toolset : Types Views CRED Access \u00c9conomisez 80 $ en achetant le kit complet. Vous pouvez \u00e9galement choisir d&#8217;acheter les composants Toolset \u00e9num\u00e9r\u00e9s ci-apr\u00e8s, [&hellip;]<\/p>\n","protected":false},"author":3,"featured_media":0,"parent":0,"menu_order":66,"comment_status":"closed","ping_status":"closed","template":"","meta":{"_bbp_topic_count":0,"_bbp_reply_count":0,"_bbp_total_topic_count":0,"_bbp_total_reply_count":0,"_bbp_voice_count":0,"_bbp_anonymous_reply_count":0,"_bbp_topic_count_hidden":0,"_bbp_reply_count_hidden":0,"_bbp_forum_subforum_count":0,"ep_exclude_from_search":false,"footnotes":""},"documentation-category":[],"class_list":["post-4805","page","type-page","status-publish","hentry"],"_links":{"self":[{"href":"https:\/\/toolset.com\/fr\/wp-json\/wp\/v2\/pages\/4805","targetHints":{"allow":["GET"]}}],"collection":[{"href":"https:\/\/toolset.com\/fr\/wp-json\/wp\/v2\/pages"}],"about":[{"href":"https:\/\/toolset.com\/fr\/wp-json\/wp\/v2\/types\/page"}],"author":[{"embeddable":true,"href":"https:\/\/toolset.com\/fr\/wp-json\/wp\/v2\/users\/3"}],"replies":[{"embeddable":true,"href":"https:\/\/toolset.com\/fr\/wp-json\/wp\/v2\/comments?post=4805"}],"version-history":[{"count":8,"href":"https:\/\/toolset.com\/fr\/wp-json\/wp\/v2\/pages\/4805\/revisions"}],"predecessor-version":[{"id":508194,"href":"https:\/\/toolset.com\/fr\/wp-json\/wp\/v2\/pages\/4805\/revisions\/508194"}],"wp:attachment":[{"href":"https:\/\/toolset.com\/fr\/wp-json\/wp\/v2\/media?parent=4805"}],"wp:term":[{"taxonomy":"documentation-category","embeddable":true,"href":"https:\/\/toolset.com\/fr\/wp-json\/wp\/v2\/documentation-category?post=4805"}],"curies":[{"name":"wp","href":"https:\/\/api.w.org\/{rel}","templated":true}]}}