{"id":47054,"date":"2013-02-14T18:21:44","date_gmt":"2013-02-14T18:21:44","guid":{"rendered":"https:\/\/toolset.com\/my-account\/affiliate\/"},"modified":"2021-01-26T13:14:50","modified_gmt":"2021-01-26T13:14:50","slug":"affiliate","status":"publish","type":"page","link":"https:\/\/toolset.com\/fr\/account\/affiliate\/","title":{"rendered":"Membre"},"content":{"rendered":"\n\n<div class=\"woocommerce-notices-wrapper\"><\/div>\n\n        <br>\n    <div class=\"row\">\n        <div class=\"col-md-10 col-md-offset-1\">\n            <p class=\"lead\">Le programme d'affiliation de Toolset permet aux blogueurs et d\u00e9veloppeurs de toucher une commission quand ils recommandent des clients afin d'utiliser Toolset. Les clients actuels peuvent commencer imm\u00e9diatement. Si vous \u00eates blogueur ou d\u00e9veloppeur et que vous souhaitez rejoindre le programme, contactez-nous.<\/p>\n\n<p>Appr\u00e9ciez-vous Toolset ? Faites passer le message et touchez une commission d'affiliation pour chaque nouveau client que vous recommandez.<\/p>\n\n<p>Le programme d'affiliation de Toolset est uniquement accessible aux clients de Toolset. Nous sommes intimement convaincus que vous pouvez seulement recommander un produit que vous avez vous-m\u00eame utilis\u00e9. Si vous animez un blog qui rencontre beaucoup de succ\u00e8s et que vous souhaitez prendre part \u00e0 notre programme d'affiliation (mais n'\u00eates pas client), veuillez<a href=\"\/home\/contact-us\/contact-form\/\">nous contacter <\/a>.<\/p>\n\n<p>Pour les clients existants, veuillez vous connecter \u00e0 votre <a href=\"\/account\/\">compte Toolset<\/a> et cliquer sur le lien<strong>Membre<\/strong> pour d\u00e9marrer.<\/p>        <\/div>\n    <\/div>\n    \n    <div class=\"login-select-box\">\n        <div class=\"row align-items-center\">\n            <div class=\"col-md-5\">\n                <h2>Pr\u00eat \u00e0 rejoindre<br>notre programme d'affiliation ?<\/h2>\n            <\/div>\n            <div class=\"col-md-7\">\n                <div class=\"row login-selection\">\n                    <div class=\"col col-md-6\">\n                        <div class=\"login-select-box__exist\">J'ai d\u00e9j\u00e0 un compte <a class=\"login-select-box__btn\" href=\"#\">Log in<\/a><\/div>\n                    <\/div>\n                    <div class=\"col col-md-6\">\n                        <div class=\"login-select-box__buy\">Je n'ai pas encore de compte <a class=\"login-select-box__btn\" href=\"https:\/\/toolset.com\/fr\/acheter-des-maintenant\/\">Acheter<\/a><\/div>\n                    <\/div>\n                <\/div>\n                <div class=\"row login-form\">\n                    <div class=\"col\">\n                        <div class=\"login-select-box__form clearfix\">\n\n\t\n                            <form method=\"post\" class=\"login\"\n\t\t                         action=\"https:\/\/toolset.com\/fr\/account\/?redirect=\/fr\/wp-json\/wp\/v2\/pages\/47054\">\n                                <h2>Connexion<\/h2>\n\t\t                        \n                                <p class=\"form-group\">\n                                    <label for=\"username\">Nom d'utilisateur ou adresse e-mail <span\n                                                class=\"required\">*<\/span><\/label>\n                                    <input type=\"text\" class=\"form-control\" name=\"username\" id=\"username\"\n                                           value=\"\"\/>\n                                <\/p>\n                                <p class=\"form-group\">\n                                    <label for=\"password\">Mot de passe <span class=\"required\">*<\/span><\/label>\n                                    <input class=\"form-control\" type=\"password\" name=\"password\" id=\"password\"\/>\n                                <\/p>\n\n\t\t                        \t                            \n                                <p class=\"form-group\">\n\t\t\t                        <input type=\"hidden\" id=\"_wpnonce\" name=\"_wpnonce\" value=\"10d29ca44d\" \/><input type=\"hidden\" name=\"_wp_http_referer\" value=\"\/fr\/wp-json\/wp\/v2\/pages\/47054\" \/>                                    <input type=\"submit\" class=\"btn btn-orange pull-left\" name=\"login\"\n                                           value=\"Connexion\"\/>\n\n                                    <a class=\"lost_password pull-right\"\n                                       href=\"https:\/\/toolset.com\/fr\/account\/jai-perdu-mon-mot-de-passe\/\">Mot de passe perdu ?<\/a>\n\n                                <\/p>\n\t\t                                                    <\/form>\n\n    \n                        <\/div>\n                    <\/div>\n                <\/div>\n            <\/div>\n        <\/div>\n    <\/div>\n\n\t\n\n\n                <script>\n                    jQuery(\"form.login , form[name='loginform']\").submit(function (eventObj) {\n                        var otgs_doc_referer = document.referrer;\n                        if (typeof(otgs_doc_referer) != \"undefined\" && otgs_doc_referer !== null) {\n                            var otgs_doc_referer_exist = encodeURI(otgs_doc_referer);\n                            jQuery(\"form.login , form[name='loginform']\").append('<input type=\"hidden\" name=\"where_user_originate\" value=\"' + otgs_doc_referer_exist + '\" \/>');\n                            return true;\n                        }\n                    });\n                <\/script>\n                \n","protected":false},"excerpt":{"rendered":"","protected":false},"author":1392,"featured_media":0,"parent":4519,"menu_order":2,"comment_status":"closed","ping_status":"closed","template":"","meta":{"_bbp_topic_count":0,"_bbp_reply_count":0,"_bbp_total_topic_count":0,"_bbp_total_reply_count":0,"_bbp_voice_count":0,"_bbp_anonymous_reply_count":0,"_bbp_topic_count_hidden":0,"_bbp_reply_count_hidden":0,"_bbp_forum_subforum_count":0,"ep_exclude_from_search":false,"footnotes":""},"documentation-category":[],"class_list":["post-47054","page","type-page","status-publish","hentry"],"_links":{"self":[{"href":"https:\/\/toolset.com\/fr\/wp-json\/wp\/v2\/pages\/47054","targetHints":{"allow":["GET"]}}],"collection":[{"href":"https:\/\/toolset.com\/fr\/wp-json\/wp\/v2\/pages"}],"about":[{"href":"https:\/\/toolset.com\/fr\/wp-json\/wp\/v2\/types\/page"}],"author":[{"embeddable":true,"href":"https:\/\/toolset.com\/fr\/wp-json\/wp\/v2\/users\/1392"}],"replies":[{"embeddable":true,"href":"https:\/\/toolset.com\/fr\/wp-json\/wp\/v2\/comments?post=47054"}],"version-history":[{"count":3,"href":"https:\/\/toolset.com\/fr\/wp-json\/wp\/v2\/pages\/47054\/revisions"}],"predecessor-version":[{"id":1650131,"href":"https:\/\/toolset.com\/fr\/wp-json\/wp\/v2\/pages\/47054\/revisions\/1650131"}],"up":[{"embeddable":true,"href":"https:\/\/toolset.com\/fr\/wp-json\/wp\/v2\/pages\/4519"}],"wp:attachment":[{"href":"https:\/\/toolset.com\/fr\/wp-json\/wp\/v2\/media?parent=47054"}],"wp:term":[{"taxonomy":"documentation-category","embeddable":true,"href":"https:\/\/toolset.com\/fr\/wp-json\/wp\/v2\/documentation-category?post=47054"}],"curies":[{"name":"wp","href":"https:\/\/api.w.org\/{rel}","templated":true}]}}