{"id":26675,"date":"2012-11-21T20:10:14","date_gmt":"2012-11-21T20:10:14","guid":{"rendered":"https:\/\/toolset.com\/page-daccueil\/a-notre-propos\/"},"modified":"2020-11-19T10:57:08","modified_gmt":"2020-11-19T10:57:08","slug":"a-notre-propos","status":"publish","type":"page","link":"https:\/\/toolset.com\/fr\/nouvelle-page-daccueil\/a-notre-propos\/","title":{"rendered":"\u00c0 propos de nous"},"content":{"rendered":"<p>L&#8217;entreprise qui se cache derri\u00e8re Types, Views, Forms et Types Access se nomme <a href=\"http:\/\/www.onthegosystems.com\">OnTheGoSystems<\/a>. Nous existons depuis 2007 et nos plugins WordPress administrent plus de 600 000 sites Web commerciaux sous WordPress. Peut-\u00eatre nous connaissez-vous par l&#8217;interm\u00e9diaire de <a href=\"http:\/\/wpml.org\">WPML<\/a>, le plugin WordPress multilingue.<\/p>\n<p><a href=\"https:\/\/www.onthegosystems.com\/\" target=\"_blank\" rel=\"noopener noreferrer\"><img decoding=\"async\" class=\"alignnone wp-image-1722593\" role=\"img\" src=\"https:\/\/toolset.com\/wp-content\/uploads\/2020\/07\/logo-otgs-color.svg\" alt=\"\" width=\"240\" height=\"50\"><\/a><\/p>\n<p>Nous sommes une soci\u00e9t\u00e9 r\u00e9solument internationale regroupant une \u00e9quipe en provenance de six continents (si vous r\u00e9sidez en Antarctique, envoyez-nous votre candidature car nous n&#8217;avons personne de ce continent).<\/p>\n<h2 class=\"clear\">Quelques statistiques sur OnTheGoSystems<\/h2>\n<ul>\n<li>L&#8217;\u00e9quipe : 90 % des employ\u00e9s d&#8217;OnTheGoSystems sont d\u00e9tenteurs d&#8217;une licence en informatique ou d&#8217;un dipl\u00f4me d&#8217;ing\u00e9nieur \u00e9quivalent.<\/li>\n<li>Plus de la moiti\u00e9 travaille comme d\u00e9veloppeurs. Un tiers comme assistants, testeurs et AQ. Un sixi\u00e8me s&#8217;occupe de faire tourner la bo\u00eete et d&#8217;attirer des clients.<\/li>\n<\/ul>\n<h2>Comment postuler<\/h2>\n<p>Nous sommes constamment \u00e0 la recherche de bons \u00e9l\u00e9ments d\u00e9sireux de rejoindre notre \u00e9quipe. Nos exigences sont simples, mais cependant essentielles. Vous devez \u00eatre comp\u00e9tent, pouvoir vous adapter facilement, mais \u00eatre aussi agr\u00e9able, amical et travailler avec vous doit \u00eatre un plaisir. Si l&#8217;image que vous renvoie votre miroir chaque matin correspond \u00e0 cette description et que vous \u00eates \u00e0 la recherche d&#8217;un emploi enrichissant et gratifiant, n&#8217;h\u00e9sitez pas \u00e0 nous contacter.<\/p>\n<p>Consultez notre page de <a href=\"http:\/\/www.onthegosystems.com\/jobs\/\">postes vacants<\/a> et d\u00e9couvrez les opportunit\u00e9s qui vous attendent.<\/p>\n<h2>Ce que nous faisons<\/h2>\n<p>WPML \u00e9tait le premier produit que nous avons mis sur le march\u00e9. Il s&#8217;agit d&#8217;une extension qui permet de rendre les sites sous WordPress multilingues. Ensuite, nous avons cr\u00e9\u00e9 Types. Puis Views est arriv\u00e9 et derni\u00e8rement, Forms et Access ont vu le jour.<\/p>\n<h2>Qui sont nos clients<\/h2>\n<p>Presque tous nos acheteurs cr\u00e9ent des sites Web pour leurs clients. Il s&#8217;agit aussi bien d&#8217;ind\u00e9pendants travaillant pour leur compte que d&#8217;importantes soci\u00e9t\u00e9s de d\u00e9veloppement Web. Nos produits sont con\u00e7us pour les d\u00e9veloppeurs Web. Facilit\u00e9 d&#8217;utilisation, documentation et assistance sont des pr\u00e9requis de base. Par cons\u00e9quent, vous b\u00e9n\u00e9ficierez de l&#8217;assistance et de l&#8217;aide dont vous aurez besoin pour servir au mieux vos clients et respecter vos dates butoirs.<\/p>\n<h2>Principes de base<\/h2>\n<p>Nous comprenons que notre succ\u00e8s repose sur la satisfaction des milliers de clients qui nous font confiance. Cette confiance doit se m\u00e9riter tous les jours (litt\u00e9ralement). Alors que tout le monde affirme se soucier de ses clients et proposer une assistance de qualit\u00e9, nous, nous le faisons r\u00e9ellement. Constatez par vous-m\u00eame en consultant notre <a href=\"https:\/\/toolset.com\/forums\/\">forum d&#8217;assistance technique <\/a> et d\u00e9couvrez comment nous travaillons.<\/p>\n<h2>Comment nous joindre<\/h2>\n<p>Pour les questions techniques, veuillez passer par notre <a href=\"https:\/\/toolset.com\/forums\/\">forum d&#8217;assistance<\/a>. Pour les questions commerciales ou toute autre question non technique, veuillez remplir notre <a href=\"https:\/\/toolset.com\/fr\/nouvelle-page-daccueil\/contactez-nous\/\">formulaire de contact<\/a>.<\/p>\n","protected":false},"excerpt":{"rendered":"<p>L&#8217;entreprise qui se cache derri\u00e8re Types, Views, Forms et Types Access se nomme OnTheGoSystems. Nous existons depuis 2007 et nos plugins WordPress administrent plus de 600 000 sites Web commerciaux sous WordPress. Peut-\u00eatre nous connaissez-vous par l&#8217;interm\u00e9diaire de WPML, le plugin WordPress multilingue. Nous sommes une soci\u00e9t\u00e9 r\u00e9solument internationale regroupant une \u00e9quipe en provenance de [&hellip;]<\/p>\n","protected":false},"author":1,"featured_media":0,"parent":1396327,"menu_order":34,"comment_status":"closed","ping_status":"closed","template":"","meta":{"_bbp_topic_count":0,"_bbp_reply_count":0,"_bbp_total_topic_count":0,"_bbp_total_reply_count":0,"_bbp_voice_count":0,"_bbp_anonymous_reply_count":0,"_bbp_topic_count_hidden":0,"_bbp_reply_count_hidden":0,"_bbp_forum_subforum_count":0,"ep_exclude_from_search":false,"footnotes":""},"documentation-category":[],"class_list":["post-26675","page","type-page","status-publish","hentry"],"_links":{"self":[{"href":"https:\/\/toolset.com\/fr\/wp-json\/wp\/v2\/pages\/26675","targetHints":{"allow":["GET"]}}],"collection":[{"href":"https:\/\/toolset.com\/fr\/wp-json\/wp\/v2\/pages"}],"about":[{"href":"https:\/\/toolset.com\/fr\/wp-json\/wp\/v2\/types\/page"}],"author":[{"embeddable":true,"href":"https:\/\/toolset.com\/fr\/wp-json\/wp\/v2\/users\/1"}],"replies":[{"embeddable":true,"href":"https:\/\/toolset.com\/fr\/wp-json\/wp\/v2\/comments?post=26675"}],"version-history":[{"count":8,"href":"https:\/\/toolset.com\/fr\/wp-json\/wp\/v2\/pages\/26675\/revisions"}],"predecessor-version":[{"id":1849595,"href":"https:\/\/toolset.com\/fr\/wp-json\/wp\/v2\/pages\/26675\/revisions\/1849595"}],"up":[{"embeddable":true,"href":"https:\/\/toolset.com\/fr\/wp-json\/wp\/v2\/pages\/1396327"}],"wp:attachment":[{"href":"https:\/\/toolset.com\/fr\/wp-json\/wp\/v2\/media?parent=26675"}],"wp:term":[{"taxonomy":"documentation-category","embeddable":true,"href":"https:\/\/toolset.com\/fr\/wp-json\/wp\/v2\/documentation-category?post=26675"}],"curies":[{"name":"wp","href":"https:\/\/api.w.org\/{rel}","templated":true}]}}