{"id":26305,"date":"2012-11-21T18:14:51","date_gmt":"2012-11-21T18:14:51","guid":{"rendered":"https:\/\/toolset.com\/page-daccueil\/access-gestion-des-roles-et-des-privileges-des-utilisateurs\/"},"modified":"2020-07-03T12:15:16","modified_gmt":"2020-07-03T12:15:16","slug":"access-gestion-des-roles-et-des-privileges-des-utilisateurs","status":"publish","type":"page","link":"https:\/\/toolset.com\/fr\/nouvelle-page-daccueil\/access-gestion-des-roles-et-des-privileges-des-utilisateurs\/","title":{"rendered":"Access"},"content":{"rendered":"<section class=\"full-bg masthead access row--padding--large ddl-frontend-editor-row ddl-frontend-editor-editable\" data-id='' data-name='page-lead' data-type='row' data-layout_slug='' data-kind='Row' >\n<div class=\"container \">\n<div class=\"row\">\n<div class=\"col-sm-6 ddl-frontend-editor-cell ddl-frontend-editor-editable js-ddl-frontend-editor-cell\" data-id='' data-name='text' data-type='cell-text' data-layout_slug='' data-kind='Cell'>\n<div class=\"masthead-content\">\n<h1 class=\"new-layout__header calltoaction__title\"><span class=\"text-primary-red\">Control<\/span> what users can do on your site<\/h1>\n<p class=\"home__lead__paragraph \">Access plugin lets you choose what different users can do on your WordPress site. Grant privileges to entire user roles or to specific users.<\/p><\/div>\n<div class=\"home__cta__paragraph\"> <a class=\"calltoaction__main-btn calltoaction__main-btn--orange\" href=\"https:\/\/wp-types.com\/buy\/\"><i class=\"fa fa-chevron-right\"><\/i> <span>Buy with Toolset<\/span><\/a> <a class=\"cta-btn--link text-primary-red flex--self-aligned-center\" href=\"https:\/\/toolset.com\/fr\/course-chapter\/controlling-access-to-content-in-directory-sites\/\">Access documentation<\/a> <\/p>\n<p class=\"compatibility-note\"> Works with WordPress 5.0&#8211;6.9.4 and any theme<\/p><\/div>\n<\/div>\n<div class=\"col-sm-5 ddl-frontend-editor-cell ddl-frontend-editor-editable js-ddl-frontend-editor-cell col-sm-offset-1\" data-id='' data-name='Visual editor (text, images, HTML)' data-type='cell-text' data-layout_slug='' data-kind='Cell'><img decoding=\"async\" src=\"https:\/\/toolset.com\/wp-content\/uploads\/2018\/04\/main-img-access.png\" alt=\"Gestion des r\u00f4les WordPress avec Access\" class=\"size-full img-responsive\"><\/div>\n<\/div>\n<\/div>\n<\/section>\n<section class=\"full-bg row--darkGray row--padding--large ddl-frontend-editor-row ddl-frontend-editor-editable\" id=\"step-1\" data-id='' data-name='section 01' data-type='row' data-layout_slug='' data-kind='Row' >\n<div class=\"container \">\n<div class=\"row\">\n<div class=\"col-sm-6 ddl-frontend-editor-cell ddl-frontend-editor-editable js-ddl-frontend-editor-cell\" data-id='' data-name='image' data-type='cell-text' data-layout_slug='' data-kind='Cell'>\n<p><img decoding=\"async\" src=\"https:\/\/toolset.com\/wp-content\/uploads\/2018\/04\/stop.png\" alt=\"D\u00e9cidez ce que vous souhaitez afficher\" class=\"size-full img-responsive\"><\/p>\n<\/div>\n<div class=\"col-sm-6 counter-top ddl-frontend-editor-cell ddl-frontend-editor-editable js-ddl-frontend-editor-cell\" data-id='' data-name='text' data-type='cell-text' data-layout_slug='' data-kind='Cell'>\n<h2 class=\"new-layout__header\"><span class=\"text-primary-red\">D\u00e9cidez ce que vous souhaitez afficher <\/span> lorsque les utilisateurs ne peuvent pas lire le contenu<\/h2>\n<p class=\"new-layout__paragraph\">Access facilite la cr\u00e9ation des sites d\u2019adh\u00e9sion et des sites \u00e0 contenu payant. Vous pouvez choisir ce que vous souhaitez afficher aux utilisateurs qui n\u2019ont pas <i>acc\u00e8s en lecture<\/i> aux contenus.<\/p>\n<p class=\"new-layout__paragraph\">Vous pouvez afficher la page par d\u00e9faut 404 (introuvable) ou utiliser un mod\u00e8le diff\u00e9rent quand l\u2019acc\u00e8s est refus\u00e9.<\/p>\n<\/div>\n<\/div>\n<\/div>\n<\/section>\n<section class=\"full-bg bg-gray-lightest row--margin row--padding--large ddl-frontend-editor-row ddl-frontend-editor-editable\" id=\"step-2\" data-id='' data-name='section 02' data-type='row' data-layout_slug='' data-kind='Row' >\n<div class=\"container \">\n<div class=\"row\">\n<section class=\"col-sm-12 ddl-frontend-editor-cell ddl-frontend-editor-editable js-ddl-frontend-editor-cell\" id=\"step-2\" data-id='' data-name='details grid' data-type='container' data-layout_slug='' data-kind='Container'>\n<div class=\"row ddl-frontend-editor-row ddl-frontend-editor-editable\" data-id='' data-name='intro' data-type='row' data-layout_slug='' data-kind='Row' >\n<div class=\"col-sm-6 ddl-frontend-editor-cell ddl-frontend-editor-editable js-ddl-frontend-editor-cell\" data-id='' data-name='image' data-type='cell-text' data-layout_slug='' data-kind='Cell'>\n<h2 class=\"new-layout__header calltoaction__title\"><span class=\"text-primary-red\">Afficher ou masquer <\/span> diff\u00e9rents \u00e9l\u00e9ments \u00e0 diff\u00e9rentes personnes<\/h2>\n<p class=\"new-layout__paragraph\">Lorsque vous cr\u00e9ez des sites d\u2019adh\u00e9sion, il est souvent n\u00e9cessaire de r\u00e9server certaines parties de page exclusivement aux membres de votre site. Access vous facilite la t\u00e2che. Vous pouvez non seulement contr\u00f4ler l\u2019acc\u00e8s de pages enti\u00e8res, mais aussi d\u2019\u00e9l\u00e9ments \u00e0 l\u2019int\u00e9rieur de chaque page. <\/p>\n<\/div>\n<div class=\"col-sm-6 counter-top ddl-frontend-editor-cell ddl-frontend-editor-editable js-ddl-frontend-editor-cell\" data-id='' data-name='text' data-type='cell-text' data-layout_slug='' data-kind='Cell'><img decoding=\"async\" class=\"aligncenter img-responsive\" src=\"https:\/\/toolset.com\/wp-content\/uploads\/2018\/04\/member-content.png\"><\/div>\n<\/div>\n<\/section>\n<\/div>\n<\/div>\n<\/section>\n<section class=\"full-bg bg-gray-superlight row--padding--large ddl-frontend-editor-row ddl-frontend-editor-editable\" id=\"step-3\" data-id='' data-name='section 03' data-type='row' data-layout_slug='' data-kind='Row' >\n<div class=\"container \">\n<div class=\"row\">\n<div class=\"col-sm-12 ddl-frontend-editor-cell ddl-frontend-editor-editable js-ddl-frontend-editor-cell\" data-id='' data-name='details grid' data-type='container' data-layout_slug='' data-kind='Container'>\n<div class=\"row outer ddl-frontend-editor-row ddl-frontend-editor-editable\" data-id='' data-name='intro' data-type='row' data-layout_slug='' data-kind='Row' >\n<div class=\"col-sm-6 counter-top ddl-frontend-editor-cell ddl-frontend-editor-editable js-ddl-frontend-editor-cell\" data-id='' data-name='text - heading' data-type='cell-text' data-layout_slug='' data-kind='Cell'><img decoding=\"async\" class=\"aligncenter img-responsive\" src=\"https:\/\/toolset.com\/wp-content\/uploads\/2018\/04\/auto-set-access.png\"><\/div>\n<div class=\"col-sm-6 ddl-frontend-editor-cell ddl-frontend-editor-editable js-ddl-frontend-editor-cell\" data-id='' data-name='text - body' data-type='cell-text' data-layout_slug='' data-kind='Cell'>\n<h2 class=\"new-layout__header\"><span class=\"text-primary-red\">D\u00e9finissez automatiquement les<\/span> <span class=\"text-primary-red\">permissions<\/span> ad\u00e9quates pour votre site<\/h2>\n<p class=\"new-layout__paragraph\">Le syst\u00e8me d&#8217;autorisations de WordPress est \u00e9pineux et comprend des interd\u00e9pendances complexes. Heureusement, Access vous \u00e9pargne cette complexit\u00e9, facilitant ainsi votre travail administratif. Access d\u00e9finira et effacera automatiquement les permissions requises pour vous lorsque vous aurez d\u00e9fini les permissions dont vous avez besoin.<\/p>\n<\/div>\n<\/div>\n<\/div>\n<\/div>\n<\/div>\n<\/section>\n<section class=\"full-bg row--padding--large ddl-frontend-editor-row ddl-frontend-editor-editable\" id=\"step-4\" data-id='' data-name='section 04' data-type='row' data-layout_slug='' data-kind='Row' >\n<div class=\"container \">\n<div class=\"row\">\n<div class=\"col-sm-12 ddl-frontend-editor-cell ddl-frontend-editor-editable js-ddl-frontend-editor-cell\" data-id='' data-name='details grid' data-type='container' data-layout_slug='' data-kind='Container'>\n<div class=\"row ddl-frontend-editor-row ddl-frontend-editor-editable\" data-id='' data-name='Row 3' data-type='row' data-layout_slug='' data-kind='Row' >\n<div class=\"col-sm-5 ddl-frontend-editor-cell ddl-frontend-editor-editable js-ddl-frontend-editor-cell col-sm-offset-1\" data-id='' data-name='Visual Editor' data-type='cell-text' data-layout_slug='' data-kind='Cell'>\n<h2 class=\"new-layout__header\">Contr\u00f4ler l&#8217;acc\u00e8s en lecture aux pages individuelles<\/h2>\n<p class=\"new-layout__paragraph\">Un encadr\u00e9 Access s\u2019affiche lorsque vous modifiez un contenu. Vous pouvez cr\u00e9er des groupes de contenu \u00e0 contr\u00f4le d\u2019acc\u00e8s et d\u00e9finir leur autorisation de lecture pour des r\u00f4les d\u2019utilisation complets ou pour des utilisateurs individuels.<\/p>\n<\/div>\n<div class=\"col-sm-6 ddl-frontend-editor-cell ddl-frontend-editor-editable js-ddl-frontend-editor-cell\" data-id='' data-name='Visual Editor 2' data-type='cell-text' data-layout_slug='' data-kind='Cell'><img decoding=\"async\" class=\"aligncenter img-responsive\" src=\"https:\/\/toolset.com\/wp-content\/uploads\/2018\/04\/post-group.png\"><\/div>\n<\/div>\n<\/div>\n<\/div>\n<\/div>\n<\/section>\n<section class=\"full-bg row--darkGray row--padding--large ddl-frontend-editor-row ddl-frontend-editor-editable\" id=\"step-5\" data-id='' data-name='section05' data-type='row' data-layout_slug='' data-kind='Row' >\n<div class=\"container \">\n<div class=\"row\">\n<div class=\"col-sm-5 ddl-frontend-editor-cell ddl-frontend-editor-editable js-ddl-frontend-editor-cell col-sm-offset-1\" data-id='' data-name='Visual Editor 3' data-type='cell-text' data-layout_slug='' data-kind='Cell'><img decoding=\"async\" class=\"aligncenter img-responsive\" src=\"https:\/\/toolset.com\/wp-content\/uploads\/2018\/04\/custom-roles.png\"><\/div>\n<div class=\"col-sm-6 ddl-frontend-editor-cell ddl-frontend-editor-editable js-ddl-frontend-editor-cell\" data-id='' data-name='Visual Editor 4' data-type='cell-text' data-layout_slug='' data-kind='Cell'>\n<h2 class=\"new-layout__header\">Cr\u00e9ation de r\u00f4les personnalis\u00e9s<\/h2>\n<p class=\"new-layout__paragraphs\"> Access vous permet de d\u00e9finir vos propres r\u00f4les et de d\u00e9terminer le champ d&#8217;action de ces r\u00f4les dans l&#8217;administration WordPress. Vous pouvez modifier le niveau du r\u00f4le pour qu&#8217;il corresponde aux capacit\u00e9s des r\u00f4les WordPress int\u00e9gr\u00e9s ou contr\u00f4ler les capacit\u00e9s manuellement. <\/p>\n<\/div>\n<\/div>\n<\/div>\n<\/section>\n<section class=\"full-bg row--margin bg-gray-superlight row--padding--large ddl-frontend-editor-row ddl-frontend-editor-editable\" id=\"step-6\" data-id='' data-name='section06' data-type='row' data-layout_slug='' data-kind='Row' >\n<div class=\"container \">\n<div class=\"row\">\n<div class=\"col-sm-12 ddl-frontend-editor-cell ddl-frontend-editor-editable js-ddl-frontend-editor-cell\" data-id='' data-name='details grid' data-type='container' data-layout_slug='' data-kind='Container'>\n<div class=\"row outer ddl-frontend-editor-row ddl-frontend-editor-editable\" data-id='' data-name='intro' data-type='row' data-layout_slug='' data-kind='Row' >\n<div class=\"col-sm-6 counter-top ddl-frontend-editor-cell ddl-frontend-editor-editable js-ddl-frontend-editor-cell\" data-id='' data-name='heading' data-type='cell-text' data-layout_slug='' data-kind='Cell'>\n<h2 class=\"new-layout__header\"><span class=\"text-primary-red\">Contr\u00f4les pointus<\/span> sur l&#8217;administration WordPress<\/h2>\n<p class=\"new-layout__paragraph\"> Access vous offre un contr\u00f4le de pr\u00e9cision sur les actions entreprises dans l\u2019administration WordPress par les utilisateurs dot\u00e9s de r\u00f4les personnalis\u00e9s. Vous pouvez choisir l\u2019\u00e9cran d\u2019administration auxquels vos nouveaux r\u00f4les d\u2019utilisateur ont acc\u00e8s et d\u00e9cider des actions qu&#8217;ils doivent ex\u00e9cuter. <\/p>\n<\/div>\n<div class=\"col-sm-6 ddl-frontend-editor-cell ddl-frontend-editor-editable js-ddl-frontend-editor-cell\" data-id='' data-name='text' data-type='cell-text' data-layout_slug='' data-kind='Cell'><img decoding=\"async\" class=\"aligncenter img-responsive\" src=\"https:\/\/toolset.com\/wp-content\/uploads\/2018\/04\/access-controls.png\"><\/div>\n<\/div>\n<\/div>\n<\/div>\n<\/div>\n<\/section>\n<section class=\"full-bg bg-gray-superlight row--padding--large ddl-frontend-editor-row ddl-frontend-editor-editable\" id=\"step-7\" data-id='' data-name='Row 10' data-type='row' data-layout_slug='' data-kind='Row' >\n<div class=\"container \">\n<div class=\"row\">\n<div class=\"col-sm-4 ddl-frontend-editor-cell ddl-frontend-editor-editable js-ddl-frontend-editor-cell col-sm-offset-1\" data-id='' data-name='Visual Editor 5' data-type='cell-text' data-layout_slug='' data-kind='Cell'><img decoding=\"async\" class=\"aligncenter img-responsive\" src=\"https:\/\/toolset.com\/wp-content\/uploads\/2018\/04\/woo-access.png\"><\/div>\n<div class=\"col-sm-6 ddl-frontend-editor-cell ddl-frontend-editor-editable js-ddl-frontend-editor-cell col-sm-offset-1\" data-id='' data-name='Visual Editor 6' data-type='cell-text' data-layout_slug='' data-kind='Cell'>\n<h2 class=\"new-layout__header\">G\u00e9rer l&#8217;acc\u00e8s \u00e0 WPML et \u00e0 l&#8217;administration WooCommerce<\/h2>\n<p class=\"new-layout__paragraph\"> Access s&#8217;int\u00e8gre harmonieusement \u00e0 WPML et WooCommerce. D\u00e9couvrez, dans un langage simple, les diff\u00e9rentes capacit\u00e9s pour g\u00e9rer \u00e0 la fois les options administratives WPML et WooCommerce. <\/p>\n<p class=\"new-layout__paragraph\"> Avec Access, vous pouvez cr\u00e9er des r\u00f4les personnalis\u00e9s pour g\u00e9rer ais\u00e9ment les capacit\u00e9s de vos sites multilingues et e-commerce ! <\/p>\n<\/div>\n<\/div>\n<\/div>\n<\/section>\n<section class=\"full-bg equalize row-calltoaction-bg ddl-frontend-editor-row ddl-frontend-editor-editable\" data-id='' data-name='Row 11' data-type='row' data-layout_slug='' data-kind='Row' >\n<div class=\"container \">\n<div class=\"row\">\n<div class=\"col-sm-5 col-xs-12 ddl-frontend-editor-cell ddl-frontend-editor-editable js-ddl-frontend-editor-cell col-sm-offset-1\" data-id='' data-name='Visual Editor 7' data-type='cell-text' data-layout_slug='' data-kind='Cell'>\n<h2 class=\"new-layout__header text--white\" style=\"margin-top: 0;\">Quelle est la prochaine \u00e9tape ? <\/h2>\n<p class=\"new-layout__paragraph text--white\"> B\u00e9n\u00e9ficiez de notre offre &#8220;30 jours satisfait ou rembours\u00e9&#8221;. Acqu\u00e9rez Toolset et testez-le. Si vous n&#8217;\u00eates pas 100% satisfait, faites-le nous savoir et vous serez int\u00e9gralement rembours\u00e9. <\/p>\n<p> <a class=\"text-primary-yellow\" href=\"https:\/\/toolset.com\/fr\/posez-vos-questions-sur-toolset\/\">D\u00e9couvrez Toolset<\/a> Contactez-nous pour d\u00e9couvrir comment Toolset peut vous aider \u00e0 r\u00e9aliser votre projet. <\/p>\n<\/div>\n<div class=\"col-sm-4 col-xs-12 ddl-frontend-editor-cell ddl-frontend-editor-editable js-ddl-frontend-editor-cell col-sm-offset-1\" data-id='' data-name='Visual Editor 8' data-type='cell-text' data-layout_slug='' data-kind='Cell'><a href=\"https:\/\/toolset.com\/fr\/acheter-des-maintenant\/\" class=\"calltoaction__main-btn calltoaction__main-btn--white\"> <i class=\"fa fa-chevron-right\"><\/i> Acheter Toolset <\/a><\/div>\n<\/div>\n<\/div>\n<\/section>\n","protected":false},"excerpt":{"rendered":"<p>Control what users can do on your site Access plugin lets you choose what different users can do on your WordPress site. Grant privileges to entire user roles or to specific users. Buy with Toolset Access documentation Works with WordPress &#8211; and any theme D\u00e9cidez ce que vous souhaitez afficher lorsque les utilisateurs ne peuvent [&hellip;]<\/p>\n","protected":false},"author":1,"featured_media":0,"parent":1396327,"menu_order":0,"comment_status":"closed","ping_status":"closed","template":"template-page-no-title.php","meta":{"_bbp_topic_count":0,"_bbp_reply_count":0,"_bbp_total_topic_count":0,"_bbp_total_reply_count":0,"_bbp_voice_count":0,"_bbp_anonymous_reply_count":0,"_bbp_topic_count_hidden":0,"_bbp_reply_count_hidden":0,"_bbp_forum_subforum_count":0,"ep_exclude_from_search":false,"footnotes":""},"documentation-category":[],"class_list":["post-26305","page","type-page","status-publish","hentry"],"_links":{"self":[{"href":"https:\/\/toolset.com\/fr\/wp-json\/wp\/v2\/pages\/26305","targetHints":{"allow":["GET"]}}],"collection":[{"href":"https:\/\/toolset.com\/fr\/wp-json\/wp\/v2\/pages"}],"about":[{"href":"https:\/\/toolset.com\/fr\/wp-json\/wp\/v2\/types\/page"}],"author":[{"embeddable":true,"href":"https:\/\/toolset.com\/fr\/wp-json\/wp\/v2\/users\/1"}],"replies":[{"embeddable":true,"href":"https:\/\/toolset.com\/fr\/wp-json\/wp\/v2\/comments?post=26305"}],"version-history":[{"count":8,"href":"https:\/\/toolset.com\/fr\/wp-json\/wp\/v2\/pages\/26305\/revisions"}],"predecessor-version":[{"id":1686585,"href":"https:\/\/toolset.com\/fr\/wp-json\/wp\/v2\/pages\/26305\/revisions\/1686585"}],"up":[{"embeddable":true,"href":"https:\/\/toolset.com\/fr\/wp-json\/wp\/v2\/pages\/1396327"}],"wp:attachment":[{"href":"https:\/\/toolset.com\/fr\/wp-json\/wp\/v2\/media?parent=26305"}],"wp:term":[{"taxonomy":"documentation-category","embeddable":true,"href":"https:\/\/toolset.com\/fr\/wp-json\/wp\/v2\/documentation-category?post=26305"}],"curies":[{"name":"wp","href":"https:\/\/api.w.org\/{rel}","templated":true}]}}