{"id":26300,"date":"2012-11-21T11:56:49","date_gmt":"2012-11-21T11:56:49","guid":{"rendered":"https:\/\/toolset.com\/page-daccueil\/coin-presse\/"},"modified":"2023-08-25T07:39:47","modified_gmt":"2023-08-25T07:39:47","slug":"coin-presse","status":"publish","type":"page","link":"https:\/\/toolset.com\/fr\/nouvelle-page-daccueil\/coin-presse\/","title":{"rendered":"Ressources presse Toolset"},"content":{"rendered":"<p>Vous trouverez ici les ressources Toolset officielles pour votre site.<\/p> <p>Toolset est compos\u00e9 de puissantes extensions WordPress, cr\u00e9\u00e9es par OnTheGoSystems. OnTheGoSystems est \u00e9galement l\u2019entreprise qui a cr\u00e9\u00e9 <a href=\"https:\/\/wpml.org\">WPML<\/a>et <a href=\"https:\/\/www.icanlocalize.com\/site\/\">ICanLocalize<\/a>. OnTheGoSystems Limited est le propri\u00e9taire l\u00e9gal du nom et du logo de la marque d\u00e9pos\u00e9e onTheGoSystems. Toute utilisation du nom ou du logo d\u2019onTheGoSystems et des noms ou logos de plugins doit \u00eatre conforme aux <a title=\"R\u00e8glements sur la marque d\u00e9pos\u00e9e\" href=\"http:\/\/www.onthegosystems.com\/legal\/\">r\u00e8gles suivantes concernant la marque d\u00e9pos\u00e9e d\u2019OnTheGoSystems<\/a>.<\/p> <hr class=\"hr-light extra-padding\"> <div class=\"row\"> <div class=\"col-sm-4\"> <h3 class=\"text-dark\">Directives de la marque<\/h3> <p>Soyons des partenaires loyaux. Pour en savoir plus sur les directives des marques communautaires, consultez le guide.<\/p> <a target=\"_blank\" class=\"btn btn-secondary\" href=\"https:\/\/toolset.com\/wp-content\/uploads\/2020\/04\/Toolset-Branding-guidebook.pdf\" rel=\"noopener noreferrer\">Guide des marques<\/a> <\/div> <div class=\"col-sm-8\"> <h5 class=\"text-dark\">Ce qu\u2019il faut faire<\/h5> <ul> <li>Utilisez les graphiques Toolset pour promouvoir notre marque et nos produits<\/li> <li>Utilisez nos graphiques sur les publications de blog et autres m\u00e9dias num\u00e9riques<\/li> <\/ul> <h5>Ce qu\u2019il ne faut pas faire<\/h5> <ul> <li>Modifier ou transformer les graphiques fournis<\/li> <li>Incorporer nos graphiques \u00e0 votre propre marque, ou l\u2019utiliser d\u2019une fa\u00e7on qui pourrait induire les visiteurs en erreur quant \u00e0 la propri\u00e9t\u00e9 du service<\/li> <\/ul> <\/div> <\/div> <hr class=\"hr-light extra-padding\"> <div class=\"row\"> <div class=\"col-sm-4\"> <h4 class=\"text-dark\">Logos Toolset<\/h4> <p>Fichiers pr\u00e9sent\u00e9s en format PNG. Vous pouvez t\u00e9l\u00e9charger ci-dessous un ensemble complet de fichiers.<\/p> <a class=\"btn btn-secondary\" href=\"https:\/\/toolset.com\/wp-content\/uploads\/2020\/04\/toolset-community-package.zip\">Fichiers m\u00e9dia 7,5 Mo<\/a> <\/div> <div class=\"col-sm-8\"> <div class=\"row brands\"> <div class=\"col-sm-6\"> <div class=\"brand-asset\"> <a href=\"https:\/\/toolset.com\/wp-content\/uploads\/2020\/04\/Toolset-logo-png.png\"> <img decoding=\"async\" class=\"wp-image-735321 size-full\" src=\"https:\/\/toolset.com\/wp-content\/uploads\/2020\/04\/Toolset-logo-png.png\" alt=\"\" width=\"600\" height=\"200\"> <\/a> <small>Logo Toolset 600x200px<\/small> <\/div> <\/div> <div class=\"col-sm-6\"> <div class=\"brand-asset\"> <a href=\"https:\/\/toolset.com\/wp-content\/uploads\/2020\/04\/Toolset-logo-bg-white-png.png\"> <img decoding=\"async\" src=\"https:\/\/toolset.com\/wp-content\/uploads\/2020\/04\/Toolset-logo-bg-white-png.png\" width=\"600\" height=\"200\" class=\"size-full\"> <\/a> <small>Logo Toolset 600x200px<\/small><\/div> <\/div> <\/div> <div class=\"row brands\"> <div class=\"col-sm-6\"> <div class=\"brand-asset\"> <a href=\"https:\/\/toolset.com\/wp-content\/uploads\/2020\/04\/toolset-logo-tag-line-png.png\"> <img decoding=\"async\" src=\"https:\/\/toolset.com\/wp-content\/uploads\/2020\/04\/toolset-logo-tag-line-png.png\" width=\"600\" height=\"310\" class=\"size-full\"> <\/a> <small>Logo Toolset avec un slogan 600x310px<\/small><\/div> <\/div> <div class=\"col-sm-6\"> <div class=\"brand-asset\"> <a href=\"https:\/\/toolset.com\/wp-content\/uploads\/2020\/04\/toolset-logo-tag-line-bg-white-png.png\"> <img decoding=\"async\" class=\"size-full wp-image-742512\" src=\"https:\/\/toolset.com\/wp-content\/uploads\/2020\/04\/toolset-logo-tag-line-bg-white-png.png\" alt=\"\" width=\"600\" height=\"310\"> <\/a> <small>Logo Toolset avec un slogan 600x310px<\/small><\/div> <\/div> <\/div> <\/div> <\/div> <hr class=\"hr-light extra-padding\"> <div class=\"row\"> <div class=\"col-sm-4\"> <h3 class=\"text-dark\">Marque communautaire Toolset<\/h3> <p>Les logos communautaires sont destin\u00e9s aux gens d\u00e9sireux de cr\u00e9er des vid\u00e9os, des tutoriels ou des groupes FB reli\u00e9s \u00e0 Toolset<\/p> <p><a class=\"btn btn-secondary\" href=\"https:\/\/toolset.com\/wp-content\/uploads\/2020\/04\/toolset-community-package.zip\">Fichiers m\u00e9dia 7,5 Mo<\/a><\/p> <p><a target=\"_blank\" class=\"btn btn-secondary\" href=\"https:\/\/toolset.com\/wp-content\/uploads\/2020\/04\/Toolset-Community-Branding-guidebook.pdf\" rel=\"noopener noreferrer\">Guide des marques<\/a> <\/p> <\/div> <div class=\"col-sm-4 col-sm-8\"> <div class=\"row brands\"> <div class=\"col-sm-6\"> <div class=\"brand-asset\"> <a href=\"https:\/\/toolset.com\/wp-content\/uploads\/2020\/04\/toolset-community-logo-transparent-png.png\"> <img decoding=\"async\" class=\"size-full wp-image-743077\" src=\"https:\/\/toolset.com\/wp-content\/uploads\/2020\/04\/toolset-community-logo-transparent-png.png\" alt=\"\" width=\"577\" height=\"148\"> <\/a> <small>Logo communautaire transparent Toolset 577x148px<\/small> <\/div> <\/div> <div class=\"col-sm-6\"> <div class=\"brand-asset\"> <a href=\"https:\/\/toolset.com\/wp-content\/uploads\/2020\/04\/toolset-community-logo-png.png\"> <img decoding=\"async\" class=\"size-full wp-image-743096\" src=\"https:\/\/toolset.com\/wp-content\/uploads\/2020\/04\/toolset-community-logo-png.png\" alt=\"\" width=\"600\" height=\"171\"> <\/a> <small>Logo communautaire Toolset 600x171px<\/small> <\/div> <\/div> <\/div> <div class=\"row brands\"> <div class=\"col-sm-6\"> <div class=\"brand-asset\"> <a href=\"https:\/\/toolset.com\/wp-content\/uploads\/2020\/04\/toolset-community.png\"><img decoding=\"async\" class=\"size-full wp-image-735625\" src=\"https:\/\/toolset.com\/wp-content\/uploads\/2020\/04\/toolset-community.png\" alt=\"\" width=\"1280\" height=\"720\"><\/a> <small>Utilisation exemplaire<\/small> <\/div> <\/div> <div class=\"col-sm-6\"> <div class=\"brand-asset\"> <a href=\"https:\/\/toolset.com\/wp-content\/uploads\/2020\/04\/toolset-community-2.png\"><img decoding=\"async\" class=\"size-full wp-image-735623\" src=\"https:\/\/toolset.com\/wp-content\/uploads\/2020\/04\/toolset-community-2.png\" alt=\"\" width=\"1500\" height=\"1500\"><\/a> <small>Utilisation exemplaire<\/small> <\/div> <\/div> <\/div> <\/div> <\/div> <hr class=\"hr-light extra-padding\"> <div class=\"row\"> <div class=\"col-sm-4\"> <h3 class=\"text-dark\">Couleurs<\/h3> <p>Couleurs officielles de Toolset en codes RVB et HEX<\/p> <\/div> <div class=\"col-sm-8\"> <ul class=\"toolset-colors\"> <li> <div class=\"orange\"><\/div> <small>#ed793e, rvb (237, 121, 62)<\/small> <\/li> <li> <div style=\"background: #ffffff;\"><\/div> <small>#ffffff, rvb (255,255,255)<\/small> <\/li> <\/ul> <\/div> <\/div> <hr class=\"hr-light extra-padding\"> <div class=\"row\"> <div class=\"col-sm-4\"> <h3 class=\"text-dark\">Nom de la marque<\/h3> <\/div> <div class=\"col-sm-8\"> <div class=\"row\"> <div class=\"col-sm-6\"> <h5 class=\"text-dark\">Correct<\/h5> <ul> <li>Toolset<\/li> <li>Types Toolset (Types)<\/li> <li>Vues Toolset (Views)<\/li> <li>Mises en page Toolset (Layouts)<\/li> <li>Formulaires Toolset (Forms)<\/li> <li>Acc\u00e8s Toolset (Access)<\/li> <li>Cartes Toolset (Maps)<\/li> <\/ul> <\/div> <div class=\"col-sm-6\"> <h5>Incorrect<\/h5> <ul> <li>Trousse d\u2019outils<\/li> <li>Ensemble d\u2019outils<\/li> <li>WP Types<\/li> <li>ENSEMBLE d\u2019outils<\/li> <\/ul> <\/div> <\/div> <\/div> <\/div> <hr class=\"hr-light extra-padding\"> <h3 class=\"text-dark\">Programme d\u2019affiliation<\/h3> <p>Si vous \u00eates blogueur et souhaitez promouvoir Toolset, nous pouvons vous aider \u00e0 y parvenir et \u00e0 cr\u00e9er votre propre mat\u00e9riel de marketing. Nous serons alors heureux de vous faire profiter de notre <a href=\"https:\/\/toolset.com\/account\/affiliate\/\">syst\u00e8me d\u2019affiliation<\/a>. Si vous \u00eates int\u00e9ress\u00e9, voici quelques informations pour vous aider \u00e0 d\u00e9marrer facilement.<\/p> <div class=\"row\"> <div class=\"col-sm-6\"> <h4>Taux de commission<\/h4> <p>Vous toucherez une commission d\u2019affiliation sur chaque commande de Toolset.<\/p> <table class=\"table table\"> <tbody> <tr> <th>Achat<\/th> <th>Votre commission<\/th> <\/tr> <tr> <td>Toolset Agency<\/td> <td class=\"fee\">60 EUR<\/td> <\/tr> <tr> <td>Toolset Interactive<\/td> <td class=\"fee\">30 EUR<\/td> <\/tr> <tr> <td>Toolset Presentation<\/td> <td class=\"fee\">14 EUR<\/td> <\/tr> <\/tbody> <\/table> <\/div> <div class=\"col-sm-6\"> <h4>Comment g\u00e9n\u00e9rer des liens d\u2019affiliation<\/h4> <p>Connectez-vous \u00e0 votre compte Toolset et cliquez sur le bouton Affili\u00e9s. Un lien appara\u00eetra, que vous pouvez copier et utiliser. Le lien englobe votre ID et votre cl\u00e9 d\u2019affiliation. Vous pouvez vous relier \u00e0 n\u2019importe quelle page sur toolset.com. Assurez-vous d\u2019inclure l\u2019ID et la cl\u00e9 d\u2019affiliation pour que ce lien fonctionne comme un lien d\u2019affiliation. Nous enregistrons les visites pendant 30 jours. Lorsqu\u2019un visiteur consulte notre site, nous pla\u00e7ons un cookie pour conna\u00eetre son origine. Si ce visiteur ach\u00e8te lors d\u2019une prochaine visite, nous saurons que c\u2019est vous qui l\u2019avez envoy\u00e9 et payerons votre commission. <\/p> <p>Nous vous recommandons de prendre vous-m\u00eame des captures d\u2019\u00e9cran des plugins de Toolset. Cela permet de montrer l\u2019individualit\u00e9 de votre travail. Lorsque vous prenez des captures d\u2019\u00e9cran, gardez la taille du navigateur au minimum, de mani\u00e8re \u00e0 ce que les autres puissent voir vos captures d\u2019\u00e9cran sur leurs \u00e9crans. Nous vous recommandons aussi d\u2019utiliser des l\u00e9gendes pour expliquer et d\u00e9crire les images. <\/p> <\/div> <\/div> <hr class=\"hr-light extra-padding\"> <h3 class=\"text-dark\">Faites-nous savoir quand vous r\u00e9digez un article sur nous<\/h3> <p>Nous serons heureux de vous ajouter \u00e0 notre page<a href=\"https:\/\/toolset.com\/mention\/\">Toolset On The Web<\/a>. Si vous \u00e9crivez un article int\u00e9ressant sur Toolset, contactez-nous et nous serons ravis de vous ajouter.<\/p> <hr class=\"hr-light extra-padding\"> <h3 class=\"text-dark\">Contactez-nous<\/h3> <p>Tout le monde aime montrer ce qu\u2019il a lui-m\u00eame cr\u00e9\u00e9 et nous n\u2019\u00e9chappons pas \u00e0 cette r\u00e8gle. Si vous souhaitez couvrir Toolset et avez besoin d\u2019informations compl\u00e9mentaires, n\u2019h\u00e9sitez pas \u00e0 <a title=\"Formulaire de contact\" href=\"https:\/\/toolset.com\/home\/contact-us\/contact-form\/\">nous contacter<\/a>.<\/p>\n","protected":false},"excerpt":{"rendered":"","protected":false},"author":1,"featured_media":0,"parent":1396327,"menu_order":81,"comment_status":"closed","ping_status":"closed","template":"","meta":{"_bbp_topic_count":0,"_bbp_reply_count":0,"_bbp_total_topic_count":0,"_bbp_total_reply_count":0,"_bbp_voice_count":0,"_bbp_anonymous_reply_count":0,"_bbp_topic_count_hidden":0,"_bbp_reply_count_hidden":0,"_bbp_forum_subforum_count":0,"ep_exclude_from_search":false,"footnotes":""},"documentation-category":[],"class_list":["post-26300","page","type-page","status-publish","hentry"],"_links":{"self":[{"href":"https:\/\/toolset.com\/fr\/wp-json\/wp\/v2\/pages\/26300","targetHints":{"allow":["GET"]}}],"collection":[{"href":"https:\/\/toolset.com\/fr\/wp-json\/wp\/v2\/pages"}],"about":[{"href":"https:\/\/toolset.com\/fr\/wp-json\/wp\/v2\/types\/page"}],"author":[{"embeddable":true,"href":"https:\/\/toolset.com\/fr\/wp-json\/wp\/v2\/users\/1"}],"replies":[{"embeddable":true,"href":"https:\/\/toolset.com\/fr\/wp-json\/wp\/v2\/comments?post=26300"}],"version-history":[{"count":8,"href":"https:\/\/toolset.com\/fr\/wp-json\/wp\/v2\/pages\/26300\/revisions"}],"predecessor-version":[{"id":1501189,"href":"https:\/\/toolset.com\/fr\/wp-json\/wp\/v2\/pages\/26300\/revisions\/1501189"}],"up":[{"embeddable":true,"href":"https:\/\/toolset.com\/fr\/wp-json\/wp\/v2\/pages\/1396327"}],"wp:attachment":[{"href":"https:\/\/toolset.com\/fr\/wp-json\/wp\/v2\/media?parent=26300"}],"wp:term":[{"taxonomy":"documentation-category","embeddable":true,"href":"https:\/\/toolset.com\/fr\/wp-json\/wp\/v2\/documentation-category?post=26300"}],"curies":[{"name":"wp","href":"https:\/\/api.w.org\/{rel}","templated":true}]}}