{"id":2132101,"date":"2021-08-03T05:49:03","date_gmt":"2021-08-03T05:49:03","guid":{"rendered":"https:\/\/toolset.com\/codes-abreges-dans-gutenberg-dynamic-sources\/"},"modified":"2021-08-03T05:49:16","modified_gmt":"2021-08-03T05:49:16","slug":"codes-abreges-dans-gutenberg-dynamic-sources","status":"publish","type":"page","link":"https:\/\/toolset.com\/fr\/codes-abreges-dans-gutenberg-dynamic-sources\/","title":{"rendered":"Codes abr\u00e9g\u00e9s dans Gutenberg : Dynamic Sources"},"content":{"rendered":"\n<div class=\"wp-block-toolset-blocks-container tb-container alignfull\" data-toolset-blocks-container=\"52295b69875cb53d5e54441b5cf9282f\"><div class=\"tb-container-inner\">\n<div class=\"wp-block-toolset-blocks-grid tb-grid\" data-toolset-blocks-grid=\"14c93161724ba3fc3b962f28162516de\">\n<div class=\"wp-block-toolset-blocks-grid-column tb-grid-column tb-grid-align-center\" data-toolset-blocks-grid-column=\"f586ff7bfe1d7317c63162ec7b7039ed\">\n<h1 class=\"tb-heading has-text-color\" data-toolset-blocks-heading=\"133eedfe3c15b7aa9dea680bb7f960b7\" data-last-update=\"1.4\">Codes abr\u00e9g\u00e9s dans Gutenberg : <span class=\"has-inline-color has-green-color\">Dynamic Sources<\/span><\/h1>\n\n\n\n<p class=\"tb-heading has-text-color\" data-toolset-blocks-heading=\"861a9040bc632853bc525c9766bd8781\" data-last-update=\"1.4\">Si vous devez afficher des champs dans Gutenberg, il n&#8217;est plus n\u00e9cessaire d&#8217;utiliser des codes abr\u00e9g\u00e9s. Utilisez \u00e0 la place Dynamic Sources dans les pages, mod\u00e8les et archives.<\/p>\n\n\n\n<p class=\"tb-heading has-text-color\" data-toolset-blocks-heading=\"01b6c52f5111d1bfd46b41d81792474e\" data-last-update=\"1.4\">Des ann\u00e9es durant, les d\u00e9veloppeurs WordPress ont utilis\u00e9 des codes abr\u00e9g\u00e9s pour afficher des \u00e9l\u00e9ments dynamiques. Dynamic Sources offre un moyen plus pratique pour cr\u00e9er des mod\u00e8les, des archives et des \u00e9l\u00e9ments personnalis\u00e9s. Plus besoin de m\u00e9moriser des codes abr\u00e9g\u00e9s magiques. S\u00e9lectionnez \u00e0 la place les champs que vous souhaitez afficher et choisissez des options stylistiques.<\/p>\n\n\n\n<p><\/p>\n<\/div>\n\n\n\n<div class=\"wp-block-toolset-blocks-grid-column tb-grid-column tb-grid-align-top\" data-toolset-blocks-grid-column=\"3034fbe886c11054e95b46b09d3e4112\">\n<figure class=\"wp-block-image tb-image tb-image-dynamic\" data-toolset-blocks-image=\"e262523c109eeb93684bfcd28b275b75\"><img decoding=\"async\" width=\"685\" height=\"772\" loading=\"lazy\" src=\"https:\/\/toolset.com\/wp-content\/uploads\/2021\/05\/main-img-3-1.png\" alt=\"\" class=\"wp-image-2067917\" srcset=\"https:\/\/toolset.com\/wp-content\/uploads\/2021\/05\/main-img-3-1.png 685w, https:\/\/toolset.com\/wp-content\/uploads\/2021\/05\/main-img-3-1-266x300.png 266w, https:\/\/toolset.com\/wp-content\/uploads\/2021\/05\/main-img-3-1-133x150.png 133w, https:\/\/toolset.com\/wp-content\/uploads\/2021\/05\/main-img-3-1-461x520.png 461w, https:\/\/toolset.com\/wp-content\/uploads\/2021\/05\/main-img-3-1-300x338.png 300w\" sizes=\"auto, (max-width: 685px) 100vw, 685px\" \/><\/figure>\n<\/div>\n<\/div>\n<\/div><\/div>\n\n<div class=\"wp-block-toolset-blocks-container tb-container alignfull\" data-toolset-blocks-container=\"2628e836554ffca2e5600a8a122cb192\"><div class=\"tb-container-inner\">\n<div class=\"wp-block-toolset-blocks-grid tb-grid\" data-toolset-blocks-grid=\"f289a74f07b7111b7af9610906b4d055\">\n<div class=\"wp-block-toolset-blocks-grid-column tb-grid-column tb-grid-align-center\" data-toolset-blocks-grid-column=\"f586ff7bfe1d7317c63162ec7b7039ed\">\n<div class=\"tb-youtube\" data-toolset-blocks-youtube=\"a81624a5220a2ddaa2a5cb9b1e9bdb21\"><div><iframe data-src=\"https:\/\/www.youtube.com\/embed\/RvMYv-AsbWI?rel=0&#038;color=white&#038;toolset=1\" frameBorder=\"0\" allow=\"accelerometer; autoplay; encrypted-media; gyroscope; picture-in-picture\" allowfullscreen><\/iframe><\/div><\/div>\n<\/div>\n\n\n\n<div class=\"wp-block-toolset-blocks-grid-column tb-grid-column tb-grid-align-center\" data-toolset-blocks-grid-column=\"f586ff7bfe1d7317c63162ec7b7039ed\">\n<figure class=\"wp-block-image tb-image tb-image-dynamic\" data-toolset-blocks-image=\"85d6fe6c3b48abb8b3509eb4add71246\"><img decoding=\"async\" loading=\"lazy\" src=\"https:\/\/toolset.com\/wp-content\/uploads\/2021\/05\/inline-field-1.svg\" alt=\"\" class=\"wp-image-2067501\"\/><\/figure>\n\n\n\n<h3 class=\"tb-heading has-text-color\" data-toolset-blocks-heading=\"6e86c89c5903a097e912860eb00dfd11\" data-last-update=\"1.4\">Exemple : co\u00fbt de location dans les mod\u00e8les<\/h3>\n\n\n\n<div class=\"tb-fields-and-text\" data-toolset-blocks-fields-and-text=\"22d529938ef1482d3b5824b14e573d0f\"><p><span style=\"font-weight: 400;\">Si vous cr\u00e9ez un <\/span> <a href=\"https:\/\/toolset.com\/course-lesson\/creating-templates-to-display-custom-posts\/\"><span style=\"font-weight: 400;\">mod\u00e8le \u00e0 l&#8217;aide de Gutenberg et de Toolset<\/span><\/a> <span style=\"font-weight: 400;\">, cliquez sur le <\/span> <b>bouton int\u00e9gr\u00e9 Fields<\/b> <span style=\"font-weight: 400;\">pour ajouter des champs personnalis\u00e9s \u00e0 n&#8217;importe quel bloc.<\/span><\/p><\/div>\n<\/div>\n<\/div>\n<\/div><\/div>\n\n<div class=\"wp-block-toolset-blocks-container tb-container alignfull\" data-toolset-blocks-container=\"2cf47a81172b4fe62ee9b16407ab822d\"><div class=\"tb-container-inner\">\n<div class=\"wp-block-toolset-blocks-grid tb-grid\" data-toolset-blocks-grid=\"4a5e1de89d039578c667592191fdeaf6\">\n<div class=\"wp-block-toolset-blocks-grid-column tb-grid-column tb-grid-align-center\" data-toolset-blocks-grid-column=\"f586ff7bfe1d7317c63162ec7b7039ed\">\n<figure class=\"wp-block-image tb-image tb-image-dynamic\" data-toolset-blocks-image=\"198089b068e8258d158715807e4f015c\"><img decoding=\"async\" loading=\"lazy\" src=\"https:\/\/toolset.com\/wp-content\/uploads\/2021\/05\/field.svg\" alt=\"\" class=\"wp-image-2067511\"\/><\/figure>\n\n\n\n<h3 class=\"tb-heading has-text-color\" data-toolset-blocks-heading=\"6e86c89c5903a097e912860eb00dfd11\" data-last-update=\"1.4\">Exemple : affichage d&#8217;un champ personnalis\u00e9 sous forme de bloc<\/h3>\n\n\n\n<div class=\"tb-fields-and-text\" data-toolset-blocks-fields-and-text=\"22d529938ef1482d3b5824b14e573d0f\"><p><span style=\"font-weight: 400;\">Toolset ajoute des commandes Dynamic Sources \u00e0 n&#8217;importe quel bloc. D\u00e9couvrez comment afficher une citation \u00e0 partir d&#8217;un champ personnalis\u00e9.<\/span><\/p><\/div>\n<\/div>\n\n\n\n<div class=\"wp-block-toolset-blocks-grid-column tb-grid-column tb-grid-align-center\" data-toolset-blocks-grid-column=\"f586ff7bfe1d7317c63162ec7b7039ed\">\n<div class=\"tb-youtube\" data-toolset-blocks-youtube=\"4a22997936094e983a76f495f1483e57\"><div><iframe data-src=\"https:\/\/www.youtube.com\/embed\/os1XscM5vuM?rel=0&#038;color=white&#038;toolset=1\" frameBorder=\"0\" allow=\"accelerometer; autoplay; encrypted-media; gyroscope; picture-in-picture\" allowfullscreen><\/iframe><\/div><\/div>\n<\/div>\n<\/div>\n<\/div><\/div>\n\n<div class=\"wp-block-toolset-blocks-container tb-container alignfull\" data-toolset-blocks-container=\"2628e836554ffca2e5600a8a122cb192\"><div class=\"tb-container-inner\">\n<div class=\"wp-block-toolset-blocks-grid tb-grid\" data-toolset-blocks-grid=\"f289a74f07b7111b7af9610906b4d055\">\n<div class=\"wp-block-toolset-blocks-grid-column tb-grid-column tb-grid-align-center\" data-toolset-blocks-grid-column=\"f586ff7bfe1d7317c63162ec7b7039ed\">\n<div class=\"tb-youtube\" data-toolset-blocks-youtube=\"256f50f12a48f5f666d9d216d5d4d3cd\"><div><iframe data-src=\"https:\/\/www.youtube.com\/embed\/qtDFIdy2s4g?rel=0&#038;color=white&#038;toolset=1\" frameBorder=\"0\" allow=\"accelerometer; autoplay; encrypted-media; gyroscope; picture-in-picture\" allowfullscreen><\/iframe><\/div><\/div>\n<\/div>\n\n\n\n<div class=\"wp-block-toolset-blocks-grid-column tb-grid-column tb-grid-align-center\" data-toolset-blocks-grid-column=\"f586ff7bfe1d7317c63162ec7b7039ed\">\n<figure class=\"wp-block-image tb-image tb-image-dynamic\" data-toolset-blocks-image=\"6288687c254ef65c67708bd645e06f5c\"><img decoding=\"async\" loading=\"lazy\" src=\"https:\/\/toolset.com\/wp-content\/uploads\/2021\/05\/map.svg\" alt=\"\" class=\"wp-image-2061145\"\/><\/figure>\n\n\n\n<h3 class=\"tb-heading has-text-color\" data-toolset-blocks-heading=\"6e86c89c5903a097e912860eb00dfd11\" data-last-update=\"1.4\">Exemple : emplacements sur une carte<\/h3>\n\n\n\n<div class=\"tb-fields-and-text\" data-toolset-blocks-fields-and-text=\"22d529938ef1482d3b5824b14e573d0f\"><p><span style=\"font-weight: 400;\">Une vue vous permet de charger n&#8217;importe quel contenu de la base de donn\u00e9es et de l&#8217;afficher exactement comme vous le souhaitez. D\u00e9couvrez comment cr\u00e9er une vue qui charge les emplacements de salles de sport et les affiche sur Google Map.<\/span><\/p><\/div>\n<\/div>\n<\/div>\n<\/div><\/div>\n\n<div class=\"wp-block-toolset-blocks-container tb-container\" data-toolset-blocks-container=\"2e05c1316a16effef7e6f94be89dab5d\"><div class=\"tb-container-inner\">\n<h2 class=\"tb-heading has-text-color\" data-toolset-blocks-heading=\"2ab6144013b44ec2f0f0c9bcd3892063\" data-last-update=\"1.4\">Un ensemble conceptuel performant \u00e0 un prix d\u00e9fiant toute concurrence<\/h2>\n\n\n\n<div class=\"tb-fields-and-text\" data-toolset-blocks-fields-and-text=\"dd1d95c1aff5508f670e1e52c7137e6e\"><p style=\"text-align: center;\"><span style=\"font-weight: 400;\">L&#8217;ensemble <\/span> <a class=\"white-link\" href=\"https:\/\/toolset.com\/fr\/nouvelle-page-daccueil\/composants-toolset-2\/\"><span style=\"font-weight: 400;\">Toolset <\/span><\/a> <span style=\"font-weight: 400;\">inclut tout ce dont vous avez besoin pour cr\u00e9er des sites WordPress avanc\u00e9s bas\u00e9s sur Gutenberg.<\/span><\/p><\/div>\n\n\n\n<div class=\"tb-button\" data-toolset-blocks-button=\"207c932e430b7f6d4e1df4024f10d619\"><a class=\"tb-button__link\" href=\"https:\/\/toolset.com\/buy\/\"><span class=\"tb-button__content\">Acheter Toolset<\/span><i class=\"tb-button__icon\"><\/i><\/a><\/div>\n\n\n\n<div class=\"tb-fields-and-text\" data-toolset-blocks-fields-and-text=\"b0e45c64aca5bde607e9632d96b10646\"><p style=\"text-align: center;\"><span style=\"font-weight: 400;\">Tout compris, \u00e0 partir de 69$<\/span><\/p><\/div>\n<\/div><\/div>\n","protected":false},"excerpt":{"rendered":"","protected":false},"author":53452,"featured_media":0,"parent":0,"menu_order":0,"comment_status":"closed","ping_status":"closed","template":"template-page-no-title.php","meta":{"_bbp_topic_count":0,"_bbp_reply_count":0,"_bbp_total_topic_count":0,"_bbp_total_reply_count":0,"_bbp_voice_count":0,"_bbp_anonymous_reply_count":0,"_bbp_topic_count_hidden":0,"_bbp_reply_count_hidden":0,"_bbp_forum_subforum_count":0,"ep_exclude_from_search":false,"footnotes":""},"documentation-category":[],"class_list":["post-2132101","page","type-page","status-publish","hentry"],"_links":{"self":[{"href":"https:\/\/toolset.com\/fr\/wp-json\/wp\/v2\/pages\/2132101","targetHints":{"allow":["GET"]}}],"collection":[{"href":"https:\/\/toolset.com\/fr\/wp-json\/wp\/v2\/pages"}],"about":[{"href":"https:\/\/toolset.com\/fr\/wp-json\/wp\/v2\/types\/page"}],"author":[{"embeddable":true,"href":"https:\/\/toolset.com\/fr\/wp-json\/wp\/v2\/users\/53452"}],"replies":[{"embeddable":true,"href":"https:\/\/toolset.com\/fr\/wp-json\/wp\/v2\/comments?post=2132101"}],"version-history":[{"count":1,"href":"https:\/\/toolset.com\/fr\/wp-json\/wp\/v2\/pages\/2132101\/revisions"}],"predecessor-version":[{"id":2132103,"href":"https:\/\/toolset.com\/fr\/wp-json\/wp\/v2\/pages\/2132101\/revisions\/2132103"}],"wp:attachment":[{"href":"https:\/\/toolset.com\/fr\/wp-json\/wp\/v2\/media?parent=2132101"}],"wp:term":[{"taxonomy":"documentation-category","embeddable":true,"href":"https:\/\/toolset.com\/fr\/wp-json\/wp\/v2\/documentation-category?post=2132101"}],"curies":[{"name":"wp","href":"https:\/\/api.w.org\/{rel}","templated":true}]}}