{"id":2132095,"date":"2021-08-03T05:48:55","date_gmt":"2021-08-03T05:48:55","guid":{"rendered":"https:\/\/toolset.com\/cartes-pour-sites-de-repertoires-avances\/"},"modified":"2021-08-03T05:49:35","modified_gmt":"2021-08-03T05:49:35","slug":"cartes-pour-sites-de-repertoires-avances","status":"publish","type":"page","link":"https:\/\/toolset.com\/fr\/cartes-pour-sites-de-repertoires-avances\/","title":{"rendered":"Cartes pour sites de r\u00e9pertoires avanc\u00e9s"},"content":{"rendered":"\n<div class=\"wp-block-toolset-blocks-container tb-container alignfull\" data-toolset-blocks-container=\"7db887b8b58766f273bc62a5ca8e7b9c\"><div class=\"tb-container-inner\">\n<div class=\"wp-block-toolset-blocks-grid tb-grid\" data-toolset-blocks-grid=\"71a12288a5af1b6a27df2780abb81298\">\n<div class=\"wp-block-toolset-blocks-grid-column tb-grid-column tb-grid-align-center\" data-toolset-blocks-grid-column=\"f586ff7bfe1d7317c63162ec7b7039ed\">\n<h1 class=\"tb-heading has-text-color\" data-toolset-blocks-heading=\"133eedfe3c15b7aa9dea680bb7f960b7\" data-last-update=\"1.4\">Cartes pour sites de r\u00e9pertoires avanc\u00e9s<\/h1>\n\n\n\n<p class=\"tb-heading has-text-color\" data-toolset-blocks-heading=\"861a9040bc632853bc525c9766bd8781\" data-last-update=\"1.4\">Toolset Maps vous permet d&#8217;afficher n&#8217;importe quel contenu WordPress en ins\u00e9rant un marqueur sur des cartes. Cr\u00e9ez facilement des sites immobiliers, des sites d&#8217;annonces, des r\u00e9pertoires g\u00e9ographiques personnalis\u00e9s et plus encore sans aucune programmation pr\u00e9alable.<\/p>\n\n\n\n<div class=\"wp-block-toolset-blocks-grid tb-grid\" data-toolset-blocks-grid=\"883f5871fff204d8dbf788dff4ed3eed\">\n<div class=\"wp-block-toolset-blocks-grid-column tb-grid-column tb-grid-align-top\" data-toolset-blocks-grid-column=\"3034fbe886c11054e95b46b09d3e4112\">\n<div class=\"tb-button\" data-toolset-blocks-button=\"0dc640d1f6de90661f8be8605529f444\"><a class=\"tb-button__link\" href=\"https:\/\/toolset.com\/buy\/\"><i class=\"tb-button__icon\"><\/i><span class=\"tb-button__content\">Acheter Toolset<\/span><\/a><\/div>\n\n\n\n<p class=\"tb-heading has-text-color\" data-toolset-blocks-heading=\"67309bfa3dbd5b93370d0bb68e51d847\" data-last-update=\"1.4\">Tout compris, \u00e0 partir de 69$<\/p>\n<\/div>\n\n\n\n<div class=\"wp-block-toolset-blocks-grid-column tb-grid-column tb-grid-align-top\" data-toolset-blocks-grid-column=\"3034fbe886c11054e95b46b09d3e4112\">\n<div class=\"tb-button\" data-toolset-blocks-button=\"a48bbad94c846a72edf04d2e82697c83\"><a class=\"tb-button__link\" href=\"https:\/\/www.youtube.com\/watch?v=IIwNJr3bR4Y\"><span class=\"tb-button__content\">Comment cela fonctionne<\/span><i class=\"tb-button__icon\"><\/i><\/a><\/div>\n<\/div>\n<\/div>\n<\/div>\n\n\n\n<div class=\"wp-block-toolset-blocks-grid-column tb-grid-column tb-grid-align-top\" data-toolset-blocks-grid-column=\"3034fbe886c11054e95b46b09d3e4112\">\n<figure class=\"wp-block-image tb-image tb-image-dynamic\" data-toolset-blocks-image=\"04d12a3eabf22a231d26fe607ae606b4\"><img decoding=\"async\" width=\"1000\" height=\"1000\" loading=\"lazy\" src=\"https:\/\/toolset.com\/wp-content\/uploads\/2021\/05\/map-main-section-4.png\" alt=\"\" class=\"wp-image-2042309\" srcset=\"https:\/\/toolset.com\/wp-content\/uploads\/2021\/05\/map-main-section-4.png 1000w, https:\/\/toolset.com\/wp-content\/uploads\/2021\/05\/map-main-section-4-300x300.png 300w, https:\/\/toolset.com\/wp-content\/uploads\/2021\/05\/map-main-section-4-150x150.png 150w, https:\/\/toolset.com\/wp-content\/uploads\/2021\/05\/map-main-section-4-768x768.png 768w, https:\/\/toolset.com\/wp-content\/uploads\/2021\/05\/map-main-section-4-520x520.png 520w, https:\/\/toolset.com\/wp-content\/uploads\/2021\/05\/map-main-section-4-100x100.png 100w\" sizes=\"auto, (max-width: 1000px) 100vw, 1000px\" \/><\/figure>\n<\/div>\n<\/div>\n<\/div><\/div>\n\n<div class=\"wp-block-toolset-blocks-container tb-container alignfull\" data-toolset-blocks-container=\"e7a37f36818847bade1e4d88bd2e51e4\"><div class=\"tb-container-inner\">\n<div class=\"wp-block-toolset-blocks-grid tb-grid\" data-toolset-blocks-grid=\"db25bb475689b314453c99e593e771ef\">\n<div class=\"wp-block-toolset-blocks-grid-column tb-grid-column tb-grid-align-center tb-align-top\" data-toolset-blocks-grid-column=\"6c99d90d0bfe30cabf9a62185486ee3c\">\n<div class=\"wp-block-toolset-blocks-container tb-container\" data-toolset-blocks-container=\"ff48ac1190d9e375fbad999a0b74ffc8\"><div class=\"tb-container-inner\">\n<h3 class=\"tb-heading has-text-color\" data-toolset-blocks-heading=\"59e0628b293fc8a031f1c835cdd81944\" data-last-update=\"1.4\">01.<\/h3>\n\n\n\n<h3 class=\"tb-heading has-text-color\" data-toolset-blocks-heading=\"0d43a68113c6b4365b2e0835f2626b7a\" data-last-update=\"1.4\">Ajouter un bloc Map de Toolset \u00e0 n&#8217;importe quelle page<\/h3>\n<\/div><\/div>\n<\/div>\n\n\n\n<div class=\"wp-block-toolset-blocks-grid-column tb-grid-column tb-grid-align-top tb-align-top\" data-toolset-blocks-grid-column=\"639ec54fd0e407d46858c9bae9aba05f\">\n<div class=\"wp-block-toolset-blocks-container tb-container\" data-toolset-blocks-container=\"28c26c7ff4efee6210b05e71cb4d8bb2\"><div class=\"tb-container-inner\"><div class=\"wp-block-image\">\n<figure class=\" tb-image tb-image-dynamic aligncenter\" data-toolset-blocks-image=\"84ce12a5fb04c8a4ec365187776f2dd6\"><img decoding=\"async\" width=\"330\" height=\"600\" loading=\"lazy\" src=\"https:\/\/toolset.com\/wp-content\/uploads\/2021\/05\/add-map-1.png\" alt=\"\" class=\"wp-image-2041143\" srcset=\"https:\/\/toolset.com\/wp-content\/uploads\/2021\/05\/add-map-1.png 330w, https:\/\/toolset.com\/wp-content\/uploads\/2021\/05\/add-map-1-165x300.png 165w, https:\/\/toolset.com\/wp-content\/uploads\/2021\/05\/add-map-1-83x150.png 83w, https:\/\/toolset.com\/wp-content\/uploads\/2021\/05\/add-map-1-286x520.png 286w, https:\/\/toolset.com\/wp-content\/uploads\/2021\/05\/add-map-1-300x545.png 300w\" sizes=\"auto, (max-width: 330px) 100vw, 330px\" \/><\/figure>\n<\/div><\/div><\/div>\n<\/div>\n<\/div>\n\n\n\n<div class=\"wp-block-toolset-blocks-grid tb-grid\" data-toolset-blocks-grid=\"c676151edb0c4fbea2d5f9e648578eba\">\n<div class=\"wp-block-toolset-blocks-grid-column tb-grid-column tb-grid-align-center tb-align-top\" data-toolset-blocks-grid-column=\"6c99d90d0bfe30cabf9a62185486ee3c\">\n<div class=\"wp-block-toolset-blocks-container tb-container\" data-toolset-blocks-container=\"ff48ac1190d9e375fbad999a0b74ffc8\"><div class=\"tb-container-inner\">\n<h3 class=\"tb-heading has-text-color\" data-toolset-blocks-heading=\"59e0628b293fc8a031f1c835cdd81944\" data-last-update=\"1.4\">02.<\/h3>\n\n\n\n<h3 class=\"tb-heading has-text-color\" data-toolset-blocks-heading=\"0d43a68113c6b4365b2e0835f2626b7a\" data-last-update=\"1.4\">Choisir la source des marqueurs<\/h3>\n<\/div><\/div>\n<\/div>\n\n\n\n<div class=\"wp-block-toolset-blocks-grid-column tb-grid-column tb-grid-align-center tb-align-top\" data-toolset-blocks-grid-column=\"6c99d90d0bfe30cabf9a62185486ee3c\"><div class=\"wp-block-image\">\n<figure class=\" tb-image tb-image-dynamic aligncenter\" data-toolset-blocks-image=\"c5d86255215776e571c3e408d92ca7ec\"><img decoding=\"async\" width=\"330\" height=\"520\" loading=\"lazy\" src=\"https:\/\/toolset.com\/wp-content\/uploads\/2021\/05\/marker-source.png\" alt=\"\" class=\"wp-image-2041123\" srcset=\"https:\/\/toolset.com\/wp-content\/uploads\/2021\/05\/marker-source.png 330w, https:\/\/toolset.com\/wp-content\/uploads\/2021\/05\/marker-source-190x300.png 190w, https:\/\/toolset.com\/wp-content\/uploads\/2021\/05\/marker-source-95x150.png 95w, https:\/\/toolset.com\/wp-content\/uploads\/2021\/05\/marker-source-300x473.png 300w\" sizes=\"auto, (max-width: 330px) 100vw, 330px\" \/><\/figure>\n<\/div><\/div>\n<\/div>\n\n\n\n<div class=\"wp-block-toolset-blocks-grid tb-grid\" data-toolset-blocks-grid=\"617579136c18f1ebeb27a578c26202f4\">\n<div class=\"wp-block-toolset-blocks-grid-column tb-grid-column tb-grid-align-center tb-align-top\" data-toolset-blocks-grid-column=\"6c99d90d0bfe30cabf9a62185486ee3c\">\n<div class=\"wp-block-toolset-blocks-container tb-container\" data-toolset-blocks-container=\"ff48ac1190d9e375fbad999a0b74ffc8\"><div class=\"tb-container-inner\">\n<h3 class=\"tb-heading has-text-color\" data-toolset-blocks-heading=\"59e0628b293fc8a031f1c835cdd81944\" data-last-update=\"1.4\">03.<\/h3>\n\n\n\n<h3 class=\"tb-heading has-text-color\" data-toolset-blocks-heading=\"0d43a68113c6b4365b2e0835f2626b7a\" data-last-update=\"1.4\">Concevoir des marqueurs et des fen\u00eatres contextuelles<\/h3>\n<\/div><\/div>\n<\/div>\n\n\n\n<div class=\"wp-block-toolset-blocks-grid-column tb-grid-column tb-grid-align-top tb-align-top\" data-toolset-blocks-grid-column=\"639ec54fd0e407d46858c9bae9aba05f\">\n<div class=\"wp-block-toolset-blocks-container tb-container\" data-toolset-blocks-container=\"c8d22287c23e2031e9b5792a18364f6a\"><div class=\"tb-container-inner\"><div class=\"wp-block-image\">\n<figure class=\" tb-image tb-image-dynamic aligncenter\" data-toolset-blocks-image=\"1708a5c6a349a0be95a746910515d765\"><img decoding=\"async\" width=\"517\" height=\"520\" loading=\"lazy\" src=\"https:\/\/toolset.com\/wp-content\/uploads\/2021\/04\/pins.png\" alt=\"\" class=\"wp-image-2038213\" srcset=\"https:\/\/toolset.com\/wp-content\/uploads\/2021\/04\/pins.png 517w, https:\/\/toolset.com\/wp-content\/uploads\/2021\/04\/pins-298x300.png 298w, https:\/\/toolset.com\/wp-content\/uploads\/2021\/04\/pins-150x150.png 150w, https:\/\/toolset.com\/wp-content\/uploads\/2021\/04\/pins-300x302.png 300w, https:\/\/toolset.com\/wp-content\/uploads\/2021\/04\/pins-100x100.png 100w\" sizes=\"auto, (max-width: 517px) 100vw, 517px\" \/><\/figure>\n<\/div><\/div><\/div>\n<\/div>\n<\/div>\n<\/div><\/div>\n\n<div class=\"wp-block-toolset-blocks-grid tb-grid\" data-toolset-blocks-grid=\"c79ca8c358306c70c9ee29bdbdd07f26\">\n<div class=\"wp-block-toolset-blocks-grid-column tb-grid-column tb-grid-align-center\" data-toolset-blocks-grid-column=\"f586ff7bfe1d7317c63162ec7b7039ed\">\n<figure class=\"wp-block-image tb-image tb-image-dynamic\" data-toolset-blocks-image=\"c54cf0df9cd29a6c04006327a2bc3ebb\"><img decoding=\"async\" width=\"934\" height=\"793\" loading=\"lazy\" src=\"https:\/\/toolset.com\/wp-content\/uploads\/2021\/04\/search-1.png\" alt=\"\" class=\"wp-image-2038201\" srcset=\"https:\/\/toolset.com\/wp-content\/uploads\/2021\/04\/search-1.png 934w, https:\/\/toolset.com\/wp-content\/uploads\/2021\/04\/search-1-300x255.png 300w, https:\/\/toolset.com\/wp-content\/uploads\/2021\/04\/search-1-150x127.png 150w, https:\/\/toolset.com\/wp-content\/uploads\/2021\/04\/search-1-768x652.png 768w, https:\/\/toolset.com\/wp-content\/uploads\/2021\/04\/search-1-612x520.png 612w\" sizes=\"auto, (max-width: 934px) 100vw, 934px\" \/><\/figure>\n<\/div>\n\n\n\n<div class=\"wp-block-toolset-blocks-grid-column tb-grid-column tb-grid-align-center\" data-toolset-blocks-grid-column=\"f586ff7bfe1d7317c63162ec7b7039ed\">\n<h3 class=\"tb-heading has-text-color\" data-toolset-blocks-heading=\"6e86c89c5903a097e912860eb00dfd11\" data-last-update=\"1.4\">Cr\u00e9er des recherches personnalis\u00e9es sur des cartes<\/h3>\n\n\n\n<div class=\"tb-fields-and-text\" data-toolset-blocks-fields-and-text=\"22d529938ef1482d3b5824b14e573d0f\"><p><span style=\"font-weight: 400;\">Toolset vous permet de cr\u00e9er des recherches avanc\u00e9es afin d&#8217;afficher des contenus sur des cartes et trouver des \u00e9l\u00e9ments tout autour de l&#8217;emplacement du visiteur.<\/span><\/p><\/div>\n<\/div>\n<\/div>\n\n<div class=\"wp-block-toolset-blocks-grid tb-grid\" data-toolset-blocks-grid=\"f538fc5d3d465af2a19e79565c3c0d7f\">\n<div class=\"wp-block-toolset-blocks-grid-column tb-grid-column tb-grid-align-center\" data-toolset-blocks-grid-column=\"f586ff7bfe1d7317c63162ec7b7039ed\">\n<h3 class=\"tb-heading\" data-toolset-blocks-heading=\"56b9c77d0805174327f355c1e962ee1a\" data-last-update=\"1.4\">Afficher des cartes dans les mod\u00e8les<\/h3>\n\n\n\n<div class=\"tb-fields-and-text\" data-toolset-blocks-fields-and-text=\"3e1d2592ce20bdf2bf813c9dfa44c991\"><p><span style=\"font-weight: 400;\">Ins\u00e9rer des cartes dans les mod\u00e8les afin d&#8217;afficher l&#8217;emplacement d&#8217;\u00e9l\u00e9ments individuels.<\/span><\/p><\/div>\n<\/div>\n\n\n\n<div class=\"wp-block-toolset-blocks-grid-column tb-grid-column tb-grid-align-top\" data-toolset-blocks-grid-column=\"3034fbe886c11054e95b46b09d3e4112\">\n<figure class=\"wp-block-image tb-image tb-image-dynamic\" data-toolset-blocks-image=\"53e940cdf7ea49ac6e58bf5e2fc4edc2\"><img decoding=\"async\" width=\"934\" height=\"793\" loading=\"lazy\" src=\"https:\/\/toolset.com\/wp-content\/uploads\/2021\/04\/CT.png\" alt=\"\" class=\"wp-image-2037833\" srcset=\"https:\/\/toolset.com\/wp-content\/uploads\/2021\/04\/CT.png 934w, https:\/\/toolset.com\/wp-content\/uploads\/2021\/04\/CT-300x255.png 300w, https:\/\/toolset.com\/wp-content\/uploads\/2021\/04\/CT-150x127.png 150w, https:\/\/toolset.com\/wp-content\/uploads\/2021\/04\/CT-768x652.png 768w, https:\/\/toolset.com\/wp-content\/uploads\/2021\/04\/CT-612x520.png 612w\" sizes=\"auto, (max-width: 934px) 100vw, 934px\" \/><\/figure>\n<\/div>\n<\/div>\n\n<div class=\"wp-block-toolset-blocks-container tb-container\" data-toolset-blocks-container=\"2e05c1316a16effef7e6f94be89dab5d\"><div class=\"tb-container-inner\">\n<h2 class=\"tb-heading has-text-color\" data-toolset-blocks-heading=\"2ab6144013b44ec2f0f0c9bcd3892063\" data-last-update=\"1.4\">Un ensemble conceptuel performant pour un prix d\u00e9fiant toute concurrence<\/h2>\n\n\n\n<div class=\"tb-fields-and-text\" data-toolset-blocks-fields-and-text=\"17efd2e652886e762dabcebf7771e2c3\"><p style=\"text-align: center;\"><span style=\"font-weight: 400;\">L&#8217;ensemble <\/span> <a class=\"white-link\" href=\"https:\/\/toolset.com\/fr\/nouvelle-page-daccueil\/composants-toolset-2\/\"><span style=\"font-weight: 400;\">Toolset <\/span><\/a> <span style=\"font-weight: 400;\">inclut tout ce dont vous avez besoin pour cr\u00e9er des sites WordPress avanc\u00e9s.<\/span><\/p><\/div>\n\n\n\n<div class=\"tb-button\" data-toolset-blocks-button=\"207c932e430b7f6d4e1df4024f10d619\"><a class=\"tb-button__link\" href=\"https:\/\/toolset.com\/buy\/\"><span class=\"tb-button__content\">Acheter Toolset<\/span><i class=\"tb-button__icon\"><\/i><\/a><\/div>\n\n\n\n<div class=\"tb-fields-and-text\" data-toolset-blocks-fields-and-text=\"b0e45c64aca5bde607e9632d96b10646\"><p style=\"text-align: center;\"><span style=\"font-weight: 400;\">Tout compris, \u00e0 partir de 69$<\/span><\/p><\/div>\n<\/div><\/div>\n","protected":false},"excerpt":{"rendered":"","protected":false},"author":53452,"featured_media":0,"parent":0,"menu_order":0,"comment_status":"closed","ping_status":"closed","template":"template-page-no-title.php","meta":{"_bbp_topic_count":0,"_bbp_reply_count":0,"_bbp_total_topic_count":0,"_bbp_total_reply_count":0,"_bbp_voice_count":0,"_bbp_anonymous_reply_count":0,"_bbp_topic_count_hidden":0,"_bbp_reply_count_hidden":0,"_bbp_forum_subforum_count":0,"ep_exclude_from_search":false,"footnotes":""},"documentation-category":[],"class_list":["post-2132095","page","type-page","status-publish","hentry"],"_links":{"self":[{"href":"https:\/\/toolset.com\/fr\/wp-json\/wp\/v2\/pages\/2132095","targetHints":{"allow":["GET"]}}],"collection":[{"href":"https:\/\/toolset.com\/fr\/wp-json\/wp\/v2\/pages"}],"about":[{"href":"https:\/\/toolset.com\/fr\/wp-json\/wp\/v2\/types\/page"}],"author":[{"embeddable":true,"href":"https:\/\/toolset.com\/fr\/wp-json\/wp\/v2\/users\/53452"}],"replies":[{"embeddable":true,"href":"https:\/\/toolset.com\/fr\/wp-json\/wp\/v2\/comments?post=2132095"}],"version-history":[{"count":1,"href":"https:\/\/toolset.com\/fr\/wp-json\/wp\/v2\/pages\/2132095\/revisions"}],"predecessor-version":[{"id":2132099,"href":"https:\/\/toolset.com\/fr\/wp-json\/wp\/v2\/pages\/2132095\/revisions\/2132099"}],"wp:attachment":[{"href":"https:\/\/toolset.com\/fr\/wp-json\/wp\/v2\/media?parent=2132095"}],"wp:term":[{"taxonomy":"documentation-category","embeddable":true,"href":"https:\/\/toolset.com\/fr\/wp-json\/wp\/v2\/documentation-category?post=2132095"}],"curies":[{"name":"wp","href":"https:\/\/api.w.org\/{rel}","templated":true}]}}