{"id":2023019,"date":"2021-04-16T07:40:25","date_gmt":"2021-04-16T07:40:25","guid":{"rendered":"https:\/\/toolset.com\/nouvelle-page-daccueil\/comment-creer-vous-meme-des-sites-avec-toolset\/"},"modified":"2023-08-25T07:40:55","modified_gmt":"2023-08-25T07:40:55","slug":"comment-creer-vous-meme-des-sites-avec-toolset","status":"publish","type":"page","link":"https:\/\/toolset.com\/fr\/nouvelle-page-daccueil\/comment-creer-vous-meme-des-sites-avec-toolset\/","title":{"rendered":"Comment cr\u00e9er vous-m\u00eame des sites avec Toolset"},"content":{"rendered":"\n<div class=\"wp-block-toolset-blocks-container tb-container\" data-toolset-blocks-container=\"60ddc542d70164579710bbf5d08dcd7f\"><div class=\"tb-container-inner\">\n<h1 class=\"tb-heading\" data-toolset-blocks-heading=\"278d3a6efa08aa5c025eeb32f85ac887\" data-last-update=\"1.4\">Comment cr\u00e9er vous-m\u00eame des sites avec Toolset<\/h1>\n\n\n\n<div class=\"tb-fields-and-text lead\" data-toolset-blocks-fields-and-text=\"31800c5cc2e4c12fbd5659cee0b6fa2e\"><p style=\"text-align: center;\"><span style=\"font-weight: 400;\">Toolset propose une approche novatrice pour cr\u00e9er des sites WordPress. Toolset permet de cr\u00e9er sur WordPress et fournit une conception et un kit de d\u00e9veloppement complets, le tout sans aucune connaissance en programmation requise.<\/span><\/p><\/div>\n<\/div><\/div>\n\n<div class=\"wp-block-toolset-blocks-grid tb-grid\" data-toolset-blocks-grid=\"7f6ce8d03a4818f8b642e1c183a58a3a\">\n<div class=\"wp-block-toolset-blocks-grid-column tb-grid-column tb-grid-align-center\" data-toolset-blocks-grid-column=\"f586ff7bfe1d7317c63162ec7b7039ed\">\n<figure class=\"wp-block-image tb-image tb-image-media tb-image-frame-none\" data-toolset-blocks-image=\"ffdcb1141d6de53d07f50fed9c76d1d2\"><img decoding=\"async\" width=\"934\" height=\"793\" loading=\"lazy\" src=\"https:\/\/toolset.com\/wp-content\/uploads\/2021\/04\/01-5.png\" alt=\"\" class=\"wp-image-2014719\" srcset=\"https:\/\/toolset.com\/wp-content\/uploads\/2021\/04\/01-5.png 934w, https:\/\/toolset.com\/wp-content\/uploads\/2021\/04\/01-5-300x255.png 300w, https:\/\/toolset.com\/wp-content\/uploads\/2021\/04\/01-5-150x127.png 150w, https:\/\/toolset.com\/wp-content\/uploads\/2021\/04\/01-5-768x652.png 768w, https:\/\/toolset.com\/wp-content\/uploads\/2021\/04\/01-5-612x520.png 612w\" sizes=\"auto, (max-width: 934px) 100vw, 934px\" \/><\/figure>\n<\/div>\n\n\n\n<div class=\"wp-block-toolset-blocks-grid-column tb-grid-column tb-grid-align-top\" data-toolset-blocks-grid-column=\"3034fbe886c11054e95b46b09d3e4112\">\n<h3 class=\"tb-heading has-text-color\" data-toolset-blocks-heading=\"6e86c89c5903a097e912860eb00dfd11\" data-last-update=\"1.4\">01. \u00c9tudiez<\/h3>\n\n\n\n<div class=\"tb-fields-and-text\" data-toolset-blocks-fields-and-text=\"5df1f513ae6236018107e0882c5bfbb6\"><p><span style=\"font-weight: 400;\">Nous avons conscience que votre temps est pr\u00e9cieux, aussi nous avons adapt\u00e9 notre documentation pour r\u00e9pondre sp\u00e9cialement \u00e0 vos besoins. Nous avons donc mis en place des cours d\u00e9taill\u00e9s pour faire du d\u00e9butant que vous \u00eates un expert. Choisissez le type de site que vous souhaiteriez cr\u00e9er et apprenez tout ce qu&#8217;il faut savoir \u00e0 ce sujet.<\/span><\/p><\/div>\n\n\n<div class=\"wpv-view-output\" data-toolset-views-view-editor=\"c1c5d2855db7fa6cc67c8e6a6437c21e\"><div class=\"wp-block-toolset-views-view-editor\"><div id=\"wpv-view-layout-2013617\" class=\"js-wpv-view-layout js-wpv-layout-responsive js-wpv-view-layout-2013617\" data-viewnumber=\"2013617\" data-pagination=\"{&quot;id&quot;:2013617,&quot;query&quot;:&quot;normal&quot;,&quot;type&quot;:&quot;disabled&quot;,&quot;effect&quot;:&quot;fade&quot;,&quot;duration&quot;:500,&quot;speed&quot;:5,&quot;pause_on_hover&quot;:&quot;enabled&quot;,&quot;stop_rollover&quot;:&quot;false&quot;,&quot;cache_pages&quot;:&quot;enabled&quot;,&quot;preload_images&quot;:&quot;enabled&quot;,&quot;preload_pages&quot;:&quot;enabled&quot;,&quot;preload_reach&quot;:1,&quot;spinner&quot;:&quot;builtin&quot;,&quot;spinner_image&quot;:&quot;https:\/\/toolset.com\/wp-content\/plugins\/wp-views\/embedded\/res\/img\/ajax-loader.gif&quot;,&quot;callback_next&quot;:&quot;&quot;,&quot;manage_history&quot;:&quot;disabled&quot;,&quot;has_controls_in_form&quot;:&quot;disabled&quot;,&quot;infinite_tolerance&quot;:&quot;0&quot;,&quot;max_pages&quot;:0,&quot;page&quot;:1,&quot;base_permalink&quot;:&quot;\/fr\/wp-json\/wp\/v2\/pages\/2023019?wpv_view_count=2013617&amp;wpv_paged=WPV_PAGE_NUM&quot;,&quot;loop&quot;:{&quot;type&quot;:&quot;&quot;,&quot;name&quot;:&quot;&quot;,&quot;data&quot;:[],&quot;id&quot;:0}}\" data-permalink=\"\/fr\/wp-json\/wp\/v2\/pages\/2023019?wpv_view_count=2013617\">\n\n<div class=\"js-wpv-loop-wrapper\"><div class=\"tb-grid\"><div class=\"tb-grid-column\">\n\n<div class=\"wp-block-toolset-views-view-template-block wpv-block-loop-item php-to-be-replaced-with-shortcode\" data-toolset-views-view-template-block=\"f0939298f44c2e99f50f8feec12adf75\">\n<div class=\"wp-block-toolset-blocks-container tb-container\" data-toolset-blocks-container=\"7ea296f8e221a8f930cfcaedbeabc8b2\" style=\"background: url(https:\/\/toolset.com\/wp-content\/uploads\/2021\/05\/Design.svg) left center no-repeat;background-size: 24px auto;\">\n<h5 class=\"tb-heading\" data-toolset-blocks-heading=\"154936a1b7dc565e69fd3f9f795450ca\" data-last-update=\"1.4\"><a href=\"https:\/\/toolset.com\/fr\/course\/wordpress-design-course\/\">WordPress Design<\/a><\/h5>\n<\/div>\n<\/div>\n\n<\/div><div class=\"tb-grid-column\">\n\n<div class=\"wp-block-toolset-views-view-template-block wpv-block-loop-item php-to-be-replaced-with-shortcode\" data-toolset-views-view-template-block=\"f0939298f44c2e99f50f8feec12adf75\">\n<div class=\"wp-block-toolset-blocks-container tb-container\" data-toolset-blocks-container=\"7ea296f8e221a8f930cfcaedbeabc8b2\" style=\"background: url(https:\/\/toolset.com\/wp-content\/uploads\/2020\/12\/Real-estate.svg) left center no-repeat;background-size: 24px auto;\">\n<h5 class=\"tb-heading\" data-toolset-blocks-heading=\"154936a1b7dc565e69fd3f9f795450ca\" data-last-update=\"1.4\"><a href=\"https:\/\/toolset.com\/fr\/course\/wordpress-real-estate-sites\/\">WordPress Real Estate Sites<\/a><\/h5>\n<\/div>\n<\/div>\n\n<\/div><div class=\"tb-grid-column\">\n\n<div class=\"wp-block-toolset-views-view-template-block wpv-block-loop-item php-to-be-replaced-with-shortcode\" data-toolset-views-view-template-block=\"f0939298f44c2e99f50f8feec12adf75\">\n<div class=\"wp-block-toolset-blocks-container tb-container\" data-toolset-blocks-container=\"7ea296f8e221a8f930cfcaedbeabc8b2\" style=\"background: url(https:\/\/toolset.com\/wp-content\/uploads\/2020\/12\/cart.svg) left center no-repeat;background-size: 24px auto;\">\n<h5 class=\"tb-heading\" data-toolset-blocks-heading=\"154936a1b7dc565e69fd3f9f795450ca\" data-last-update=\"1.4\"><a href=\"https:\/\/toolset.com\/fr\/course\/custom-woocommerce-sites\/\">Custom WooCommerce Sites<\/a><\/h5>\n<\/div>\n<\/div>\n\n<\/div><div class=\"tb-grid-column\">\n\n<div class=\"wp-block-toolset-views-view-template-block wpv-block-loop-item php-to-be-replaced-with-shortcode\" data-toolset-views-view-template-block=\"f0939298f44c2e99f50f8feec12adf75\">\n<div class=\"wp-block-toolset-blocks-container tb-container\" data-toolset-blocks-container=\"7ea296f8e221a8f930cfcaedbeabc8b2\" style=\"background: url(https:\/\/toolset.com\/wp-content\/uploads\/2020\/12\/member.svg) left center no-repeat;background-size: 24px auto;\">\n<h5 class=\"tb-heading\" data-toolset-blocks-heading=\"154936a1b7dc565e69fd3f9f795450ca\" data-last-update=\"1.4\"><a href=\"https:\/\/toolset.com\/fr\/course\/wordpress-membership-sites\/\">WordPress Membership Sites<\/a><\/h5>\n<\/div>\n<\/div>\n\n<\/div><div class=\"tb-grid-column\">\n\n<div class=\"wp-block-toolset-views-view-template-block wpv-block-loop-item php-to-be-replaced-with-shortcode\" data-toolset-views-view-template-block=\"f0939298f44c2e99f50f8feec12adf75\">\n<div class=\"wp-block-toolset-blocks-container tb-container\" data-toolset-blocks-container=\"7ea296f8e221a8f930cfcaedbeabc8b2\" style=\"background: url(https:\/\/toolset.com\/wp-content\/uploads\/2020\/12\/bussiness.svg) left center no-repeat;background-size: 24px auto;\">\n<h5 class=\"tb-heading\" data-toolset-blocks-heading=\"154936a1b7dc565e69fd3f9f795450ca\" data-last-update=\"1.4\"><a href=\"https:\/\/toolset.com\/fr\/course\/custom-business-sites-with-dynamic-content\/\">Custom Business Sites<\/a><\/h5>\n<\/div>\n<\/div>\n\n<\/div><div class=\"tb-grid-column\">\n\n<div class=\"wp-block-toolset-views-view-template-block wpv-block-loop-item php-to-be-replaced-with-shortcode\" data-toolset-views-view-template-block=\"f0939298f44c2e99f50f8feec12adf75\">\n<div class=\"wp-block-toolset-blocks-container tb-container\" data-toolset-blocks-container=\"7ea296f8e221a8f930cfcaedbeabc8b2\" style=\"background: url(https:\/\/toolset.com\/wp-content\/uploads\/2020\/12\/Classifieds.svg) left center no-repeat;background-size: 24px auto;\">\n<h5 class=\"tb-heading\" data-toolset-blocks-heading=\"154936a1b7dc565e69fd3f9f795450ca\" data-last-update=\"1.4\"><a href=\"https:\/\/toolset.com\/fr\/course\/wordpress-directory-and-classifieds-sites\/\">WordPress Directory and Classifieds Sites<\/a><\/h5>\n<\/div>\n<\/div>\n\n<\/div><\/div><\/div>\n<\/div><\/div>\n\n<\/div><\/div>\n<\/div>\n\n<div class=\"wp-block-toolset-blocks-grid tb-grid\" data-toolset-blocks-grid=\"738799f2f14c932f90247bcbf8d587ac\">\n<div class=\"wp-block-toolset-blocks-grid-column tb-grid-column tb-grid-align-center\" data-toolset-blocks-grid-column=\"f586ff7bfe1d7317c63162ec7b7039ed\">\n<h3 class=\"tb-heading\" data-toolset-blocks-heading=\"56b9c77d0805174327f355c1e962ee1a\" data-last-update=\"1.4\">02. Installez<\/h3>\n\n\n\n<div class=\"tb-fields-and-text\" data-toolset-blocks-fields-and-text=\"3e1d2592ce20bdf2bf813c9dfa44c991\"><p><span style=\"font-weight: 400;\">Toolset fournit une fonctionnalit\u00e9 int\u00e9grale et vous \u00e9pargne la peine de devoir utiliser des extensions diff\u00e9rentes venant de diff\u00e9rents vendeurs. Nos cours de formation couvrent les composants Toolset dont vous avez besoin pour cr\u00e9er divers \u00e9l\u00e9ments.<\/span><\/p><\/div>\n<\/div>\n\n\n\n<div class=\"wp-block-toolset-blocks-grid-column tb-grid-column tb-grid-align-top\" data-toolset-blocks-grid-column=\"3034fbe886c11054e95b46b09d3e4112\">\n<figure class=\"wp-block-image tb-image tb-image-media tb-image-frame-none\" data-toolset-blocks-image=\"b14587109e66127dd86b8f2da51d1555\"><img decoding=\"async\" width=\"934\" height=\"793\" loading=\"lazy\" src=\"https:\/\/toolset.com\/wp-content\/uploads\/2021\/04\/02-5.png\" alt=\"\" class=\"wp-image-2015887\" srcset=\"https:\/\/toolset.com\/wp-content\/uploads\/2021\/04\/02-5.png 934w, https:\/\/toolset.com\/wp-content\/uploads\/2021\/04\/02-5-300x255.png 300w, https:\/\/toolset.com\/wp-content\/uploads\/2021\/04\/02-5-150x127.png 150w, https:\/\/toolset.com\/wp-content\/uploads\/2021\/04\/02-5-768x652.png 768w, https:\/\/toolset.com\/wp-content\/uploads\/2021\/04\/02-5-612x520.png 612w\" sizes=\"auto, (max-width: 934px) 100vw, 934px\" \/><\/figure>\n<\/div>\n<\/div>\n\n<div class=\"wp-block-toolset-blocks-grid tb-grid\" data-toolset-blocks-grid=\"7f6ce8d03a4818f8b642e1c183a58a3a\">\n<div class=\"wp-block-toolset-blocks-grid-column tb-grid-column tb-grid-align-top\" data-toolset-blocks-grid-column=\"3034fbe886c11054e95b46b09d3e4112\">\n<figure class=\"wp-block-image tb-image tb-image-media tb-image-frame-none\" data-toolset-blocks-image=\"d7994253c2a0523298dede90b28e2f20\"><img decoding=\"async\" width=\"934\" height=\"793\" loading=\"lazy\" src=\"https:\/\/toolset.com\/wp-content\/uploads\/2021\/04\/03-3.png\" alt=\"\" class=\"wp-image-2014765\" srcset=\"https:\/\/toolset.com\/wp-content\/uploads\/2021\/04\/03-3.png 934w, https:\/\/toolset.com\/wp-content\/uploads\/2021\/04\/03-3-300x255.png 300w, https:\/\/toolset.com\/wp-content\/uploads\/2021\/04\/03-3-150x127.png 150w, https:\/\/toolset.com\/wp-content\/uploads\/2021\/04\/03-3-768x652.png 768w, https:\/\/toolset.com\/wp-content\/uploads\/2021\/04\/03-3-612x520.png 612w\" sizes=\"auto, (max-width: 934px) 100vw, 934px\" \/><\/figure>\n<\/div>\n\n\n\n<div class=\"wp-block-toolset-blocks-grid-column tb-grid-column tb-grid-align-center\" data-toolset-blocks-grid-column=\"f586ff7bfe1d7317c63162ec7b7039ed\">\n<h3 class=\"tb-heading\" data-toolset-blocks-heading=\"56b9c77d0805174327f355c1e962ee1a\" data-last-update=\"1.4\">03. Cr\u00e9ez <\/h3>\n\n\n\n<div class=\"tb-fields-and-text\" data-toolset-blocks-fields-and-text=\"3e1d2592ce20bdf2bf813c9dfa44c991\"><p><span style=\"font-weight: 400;\">Cr\u00e9ez de magnifiques sites WordPress avanc\u00e9s sans avoir \u00e0 ouvrir un seul \u00e9diteur de code ni devoir effectuer une quelconque programmation. Si vous avez besoin d&#8217;aide, notre \u00e9quipe d&#8217;assistance est pr\u00e9sente 6 jours par semaine, 19 heures par jour.<\/span><\/p><\/div>\n<\/div>\n<\/div>\n\n<div class=\"wp-block-toolset-blocks-container tb-container alignfull\" data-toolset-blocks-container=\"a1dcda694f34632058e5570c6b852cc1\"><div class=\"tb-container-inner\">\n<h2 class=\"tb-heading has-text-color\" data-toolset-blocks-heading=\"499c5d385c586e89f9e402d5fef1754b\" data-last-update=\"1.4\">Que pouvez-vous attendre de vos sites construits avec Toolset<\/h2>\n\n\n\n<div class=\"wp-block-toolset-blocks-grid tb-grid\" data-toolset-blocks-grid=\"acfd2c4d517f43cfb3b6b62f63465d80\">\n<div class=\"wp-block-toolset-blocks-grid-column tb-grid-column tb-grid-align-top\" data-toolset-blocks-grid-column=\"39b82ab4c8628a923971927958fb5105\"><div class=\"wp-block-image\">\n<figure class=\" tb-image tb-image-media tb-image-frame-none alignleft\" data-toolset-blocks-image=\"5520ab39bc7762670ff06e9b842c949d\"><img decoding=\"async\" loading=\"lazy\" src=\"https:\/\/toolset.com\/wp-content\/uploads\/2021\/04\/custom.svg\" alt=\"\" class=\"wp-image-2015905\"\/><\/figure>\n<\/div>\n\n\n<h4 class=\"tb-heading\" data-toolset-blocks-heading=\"01f337907349149de6158269fc6058de\" data-last-update=\"1.4\"><strong>Enti\u00e8rement personnalis\u00e9s<\/strong><\/h4>\n\n\n\n<div class=\"tb-fields-and-text\" data-toolset-blocks-fields-and-text=\"3e1d2592ce20bdf2bf813c9dfa44c991\"><p style=\"text-align: left;\"><span style=\"font-weight: 400;\">L&#8217;aspect et la fonctionnalit\u00e9 pr\u00e9cis que vous souhaitez, sans \u00eatre limit\u00e9 par les th\u00e8mes et plugins cod\u00e9s de mani\u00e8re irr\u00e9versible.<\/span><\/p><\/div>\n<\/div>\n\n\n\n<div class=\"wp-block-toolset-blocks-grid-column tb-grid-column tb-grid-align-top\" data-toolset-blocks-grid-column=\"3034fbe886c11054e95b46b09d3e4112\"><div class=\"wp-block-image\">\n<figure class=\" tb-image tb-image-media tb-image-frame-none alignleft\" data-toolset-blocks-image=\"59d005639d308589ef7ed3c3dcbb6e78\"><img decoding=\"async\" loading=\"lazy\" src=\"https:\/\/toolset.com\/wp-content\/uploads\/2020\/09\/diamond.svg\" alt=\"\" class=\"wp-image-1765191\"\/><\/figure>\n<\/div>\n\n\n<h4 class=\"tb-heading\" data-toolset-blocks-heading=\"01f337907349149de6158269fc6058de\" data-last-update=\"1.4\"><strong>Superbes<\/strong><\/h4>\n\n\n\n<div class=\"tb-fields-and-text\" data-toolset-blocks-fields-and-text=\"3e1d2592ce20bdf2bf813c9dfa44c991\"><p style=\"text-align: left;\"><span style=\"font-weight: 400;\">Vous contr\u00f4lez totalement la conception pour toutes vos cr\u00e9ations.<\/span><\/p><\/div>\n<\/div>\n\n\n\n<div class=\"wp-block-toolset-blocks-grid-column tb-grid-column tb-grid-align-top\" data-toolset-blocks-grid-column=\"3034fbe886c11054e95b46b09d3e4112\"><div class=\"wp-block-image\">\n<figure class=\" tb-image tb-image-media tb-image-frame-none alignleft\" data-toolset-blocks-image=\"96851fb3b48c5fffce443b5d99916067\"><img decoding=\"async\" loading=\"lazy\" src=\"https:\/\/toolset.com\/wp-content\/uploads\/2020\/09\/devices.svg\" alt=\"\" class=\"wp-image-1765181\"\/><\/figure>\n<\/div>\n\n\n<h4 class=\"tb-heading\" data-toolset-blocks-heading=\"01f337907349149de6158269fc6058de\" data-last-update=\"1.4\"><strong>R\u00e9actifs<\/strong><\/h4>\n\n\n\n<div class=\"tb-fields-and-text\" data-toolset-blocks-fields-and-text=\"3e1d2592ce20bdf2bf813c9dfa44c991\"><p style=\"text-align: left;\"><span style=\"font-weight: 400;\">Conception maline aussi bien pour les t\u00e9l\u00e9phones que pour les bureaux.<\/span><\/p><\/div>\n<\/div>\n\n\n\n<div class=\"wp-block-toolset-blocks-grid-column tb-grid-column tb-grid-align-top\" data-toolset-blocks-grid-column=\"3034fbe886c11054e95b46b09d3e4112\"><div class=\"wp-block-image\">\n<figure class=\" tb-image tb-image-media tb-image-frame-none alignleft\" data-toolset-blocks-image=\"714adddd83a3012fc640f763e43b139d\"><img decoding=\"async\" loading=\"lazy\" src=\"https:\/\/toolset.com\/wp-content\/uploads\/2021\/04\/fast.svg\" alt=\"\" class=\"wp-image-2015915\"\/><\/figure>\n<\/div>\n\n\n<h4 class=\"tb-heading\" data-toolset-blocks-heading=\"01f337907349149de6158269fc6058de\" data-last-update=\"1.4\"><strong>Ultrarapides<\/strong><\/h4>\n\n\n\n<div class=\"tb-fields-and-text\" data-toolset-blocks-fields-and-text=\"3e1d2592ce20bdf2bf813c9dfa44c991\"><p style=\"text-align: left;\"><span style=\"font-weight: 400;\">Atteignez des vitesses fulgurantes et am\u00e9liorez le r\u00e9f\u00e9rencement de votre site.<\/span><\/p><\/div>\n<\/div>\n\n\n\n<div class=\"wp-block-toolset-blocks-grid-column tb-grid-column tb-grid-align-top\" data-toolset-blocks-grid-column=\"3034fbe886c11054e95b46b09d3e4112\"><div class=\"wp-block-image\">\n<figure class=\" tb-image tb-image-media tb-image-frame-none alignleft\" data-toolset-blocks-image=\"2555747ca306a24552a31886c1ae28ef\"><img decoding=\"async\" loading=\"lazy\" src=\"https:\/\/toolset.com\/wp-content\/uploads\/2021\/04\/shield.svg\" alt=\"\" class=\"wp-image-2015925\"\/><\/figure>\n<\/div>\n\n\n<h4 class=\"tb-heading\" data-toolset-blocks-heading=\"01f337907349149de6158269fc6058de\" data-last-update=\"1.4\"><strong>Fiables<\/strong><\/h4>\n\n\n\n<div class=\"tb-fields-and-text\" data-toolset-blocks-fields-and-text=\"44f15a3e49025ee93580856b817f69ad\"><p style=\"text-align: left;\"><span style=\"font-weight: 400;\">Nous sommes toujours pr\u00eats avant la sortie de nos nouvelles versions de WordPress et ne rompons jamais la r\u00e9trocompatibilit\u00e9.<\/span><\/p><\/div>\n<\/div>\n\n\n\n<div class=\"wp-block-toolset-blocks-grid-column tb-grid-column tb-grid-align-top\" data-toolset-blocks-grid-column=\"3034fbe886c11054e95b46b09d3e4112\"><div class=\"wp-block-image\">\n<figure class=\" tb-image tb-image-media tb-image-frame-none alignleft\" data-toolset-blocks-image=\"623bf8bdad3b7ed9c665817487bdb67c\"><img decoding=\"async\" loading=\"lazy\" src=\"https:\/\/toolset.com\/wp-content\/uploads\/2021\/04\/translation.svg\" alt=\"\" class=\"wp-image-2015935\"\/><\/figure>\n<\/div>\n\n\n<h4 class=\"tb-heading\" data-toolset-blocks-heading=\"01f337907349149de6158269fc6058de\" data-last-update=\"1.4\"><strong>Disponibles en version multilingue<\/strong><\/h4>\n\n\n\n<div class=\"tb-fields-and-text\" data-toolset-blocks-fields-and-text=\"3e1d2592ce20bdf2bf813c9dfa44c991\"><p style=\"text-align: left;\"><span style=\"font-weight: 400;\">Toolset est issu de la m\u00eame entreprise que WPML. Tout ce que vous cr\u00e9ez avec Toolset, vous pouvez facilement le traduire.<\/span><\/p><\/div>\n<\/div>\n<\/div>\n\n\n\n<p><\/p>\n<\/div><\/div>\n\n<div class=\"wp-block-toolset-blocks-container tb-container alignfull\" data-toolset-blocks-container=\"f6d88024bd8f3f32cae6a7b060fc78e2\"><div class=\"tb-container-inner\">\n<div class=\"wp-block-toolset-blocks-container tb-container\" data-toolset-blocks-container=\"149ba01811abd123b8891c234cd57f41\"><div class=\"tb-container-inner\">\n<h2 class=\"tb-heading has-text-color\" data-toolset-blocks-heading=\"e33b2b851972b2ec196044558fd498ac\" data-last-update=\"1.4\">Ce que Toolset comprend<\/h2>\n\n\n\n<div class=\"tb-fields-and-text\" data-toolset-blocks-fields-and-text=\"1e213d051e0a5601921c09882785ac82\"><p style=\"text-align: center;\"><span style=\"font-weight: 400;\">Toolset est une <\/span> <a href=\"https:\/\/toolset.com\/fr\/nouvelle-page-daccueil\/composants-toolset-2\/\"><span style=\"font-weight: 400;\">suite de plugins WordPress <\/span><\/a><span style=\"font-weight: 400;\"> qui fonctionnent ensemble pour cr\u00e9er des sites Web WordPress avanc\u00e9s, sans programmation. Il s&#8217;agit d&#8217;un kit modulaire qui vous permet de s\u00e9lectionner les composants dont vous avez besoin pour chaque site.<\/span><\/p><\/div>\n<\/div><\/div>\n\n\n\n<div class=\"wp-block-toolset-blocks-grid tb-grid\" data-toolset-blocks-grid=\"0722175d6c61f3958c32c8574b44afb1\">\n<div class=\"wp-block-toolset-blocks-grid-column tb-grid-column tb-grid-align-top\" data-toolset-blocks-grid-column=\"c92d338d942a5659f229e130e61dad25\"><div class=\"wp-block-image\">\n<figure class=\" tb-image tb-image-media tb-image-frame-none aligncenter\" data-toolset-blocks-image=\"fcf05464bdbc6d15c11fec245d7f4c4f\"><img decoding=\"async\" loading=\"lazy\" src=\"https:\/\/toolset.com\/wp-content\/uploads\/2020\/05\/toolset-blocks.svg\" alt=\"\" class=\"wp-image-1643225\"\/><\/figure>\n<\/div>\n\n\n<h4 class=\"tb-heading\" data-toolset-blocks-heading=\"3c54dac589475e91c14ff9eefef6b899\" data-last-update=\"1.4\"><strong>Toolset Blocks<\/strong><\/h4>\n<\/div>\n\n\n\n<div class=\"wp-block-toolset-blocks-grid-column tb-grid-column tb-grid-align-top\" data-toolset-blocks-grid-column=\"ea5fffc02f8e82c1d71dd61dcfa18fc0\"><div class=\"wp-block-image\">\n<figure class=\" tb-image tb-image-media tb-image-frame-none aligncenter\" data-toolset-blocks-image=\"c38564687ff58891bdb37be7ef867e66\"><img decoding=\"async\" loading=\"lazy\" src=\"https:\/\/toolset.com\/wp-content\/uploads\/2020\/05\/toolset-types-logo.svg\" alt=\"\" class=\"wp-image-1641657\"\/><\/figure>\n<\/div>\n\n\n<h4 class=\"tb-heading\" data-toolset-blocks-heading=\"b54a07ca60f115f0507dccbe37bfe98a\" data-last-update=\"1.4\"><strong>Toolset Types<\/strong><\/h4>\n<\/div>\n\n\n\n<div class=\"wp-block-toolset-blocks-grid-column tb-grid-column tb-grid-align-top\" data-toolset-blocks-grid-column=\"4817480f82eda23a3b970acc09f9cc41\"><div class=\"wp-block-image\">\n<figure class=\" tb-image tb-image-media tb-image-frame-none aligncenter\" data-toolset-blocks-image=\"38966d17a622f9193fa9fd0303b355cb\"><img decoding=\"async\" loading=\"lazy\" src=\"https:\/\/toolset.com\/wp-content\/uploads\/2020\/05\/toolset-cred-logo.svg\" alt=\"\" class=\"wp-image-1643379\"\/><\/figure>\n<\/div>\n\n\n<h4 class=\"tb-heading\" data-toolset-blocks-heading=\"b54a07ca60f115f0507dccbe37bfe98a\" data-last-update=\"1.4\"><strong>Toolset Forms<\/strong><\/h4>\n<\/div>\n\n\n\n<div class=\"wp-block-toolset-blocks-grid-column tb-grid-column tb-grid-align-top\" data-toolset-blocks-grid-column=\"581edc3595a30a9410374ca535fa3fd8\"><div class=\"wp-block-image\">\n<figure class=\" tb-image tb-image-media tb-image-frame-none aligncenter\" data-toolset-blocks-image=\"af1edcb36017783ffde80588a873a316\"><img decoding=\"async\" loading=\"lazy\" src=\"https:\/\/toolset.com\/wp-content\/uploads\/2020\/05\/toolset-maps-logo.svg\" alt=\"\" class=\"wp-image-1643653\"\/><\/figure>\n<\/div>\n\n\n<h4 class=\"tb-heading\" data-toolset-blocks-heading=\"b54a07ca60f115f0507dccbe37bfe98a\" data-last-update=\"1.4\"><strong>Toolset Maps<\/strong><\/h4>\n<\/div>\n\n\n\n<div class=\"wp-block-toolset-blocks-grid-column tb-grid-column tb-grid-align-top\" data-toolset-blocks-grid-column=\"b8e6ea97b85d8a3db8cd97ef88f4ca4d\"><div class=\"wp-block-image\">\n<figure class=\" tb-image tb-image-media tb-image-frame-none aligncenter\" data-toolset-blocks-image=\"9d15b33c7d4035f0e9f62d3a33344a1a\"><img decoding=\"async\" loading=\"lazy\" src=\"https:\/\/toolset.com\/wp-content\/uploads\/2020\/05\/toolset-access-logo.svg\" alt=\"\" class=\"wp-image-1643587\"\/><\/figure>\n<\/div>\n\n\n<h4 class=\"tb-heading\" data-toolset-blocks-heading=\"b54a07ca60f115f0507dccbe37bfe98a\" data-last-update=\"1.4\"><strong>Toolset Access<\/strong><\/h4>\n<\/div>\n<\/div>\n\n\n\n<div class=\"wp-block-toolset-blocks-container tb-container\" data-toolset-blocks-container=\"cc0183e5d4659a649bdaa596bde47d8c\">\n<h2 class=\"tb-heading has-text-color\" data-toolset-blocks-heading=\"a09f29efa920e57a37ff5cd8e27f0922\" data-last-update=\"1.4\">Pr\u00eat \u00e0 nous rejoindre ?<\/h2>\n\n\n\n<div class=\"tb-button\" data-toolset-blocks-button=\"c5c7e5cfc8385351343e1f4991189085\"><a class=\"tb-button__link\" href=\"https:\/\/toolset.com\/buy\/\"><span class=\"tb-button__content\">Obtenez Toolset<\/span><i class=\"tb-button__icon\"><\/i><\/a><\/div>\n\n\n\n<div class=\"tb-fields-and-text\" data-toolset-blocks-fields-and-text=\"b0e45c64aca5bde607e9632d96b10646\"><p style=\"text-align: center;\"><span style=\"font-weight: 400;\">Tout compris, \u00e0 partir de <\/span><span style=\"font-weight: 400;\">69<\/span> \u20ac<\/p><\/div>\n<\/div>\n\n\n\n<p><\/p>\n<\/div><\/div>\n","protected":false},"excerpt":{"rendered":"","protected":false},"author":53452,"featured_media":0,"parent":1396327,"menu_order":0,"comment_status":"closed","ping_status":"closed","template":"template-page-no-title.php","meta":{"_bbp_topic_count":0,"_bbp_reply_count":0,"_bbp_total_topic_count":0,"_bbp_total_reply_count":0,"_bbp_voice_count":0,"_bbp_anonymous_reply_count":0,"_bbp_topic_count_hidden":0,"_bbp_reply_count_hidden":0,"_bbp_forum_subforum_count":0,"ep_exclude_from_search":false,"footnotes":""},"documentation-category":[],"class_list":["post-2023019","page","type-page","status-publish","hentry"],"_links":{"self":[{"href":"https:\/\/toolset.com\/fr\/wp-json\/wp\/v2\/pages\/2023019","targetHints":{"allow":["GET"]}}],"collection":[{"href":"https:\/\/toolset.com\/fr\/wp-json\/wp\/v2\/pages"}],"about":[{"href":"https:\/\/toolset.com\/fr\/wp-json\/wp\/v2\/types\/page"}],"author":[{"embeddable":true,"href":"https:\/\/toolset.com\/fr\/wp-json\/wp\/v2\/users\/53452"}],"replies":[{"embeddable":true,"href":"https:\/\/toolset.com\/fr\/wp-json\/wp\/v2\/comments?post=2023019"}],"version-history":[{"count":2,"href":"https:\/\/toolset.com\/fr\/wp-json\/wp\/v2\/pages\/2023019\/revisions"}],"predecessor-version":[{"id":2637385,"href":"https:\/\/toolset.com\/fr\/wp-json\/wp\/v2\/pages\/2023019\/revisions\/2637385"}],"up":[{"embeddable":true,"href":"https:\/\/toolset.com\/fr\/wp-json\/wp\/v2\/pages\/1396327"}],"wp:attachment":[{"href":"https:\/\/toolset.com\/fr\/wp-json\/wp\/v2\/media?parent=2023019"}],"wp:term":[{"taxonomy":"documentation-category","embeddable":true,"href":"https:\/\/toolset.com\/fr\/wp-json\/wp\/v2\/documentation-category?post=2023019"}],"curies":[{"name":"wp","href":"https:\/\/api.w.org\/{rel}","templated":true}]}}