{"id":1396327,"date":"2019-12-02T14:11:02","date_gmt":"2019-12-02T14:11:02","guid":{"rendered":"https:\/\/toolset.com\/?page_id=1396327"},"modified":"2023-08-25T07:40:38","modified_gmt":"2023-08-25T07:40:38","slug":"nouvelle-page-daccueil","status":"publish","type":"page","link":"https:\/\/toolset.com\/fr\/","title":{"rendered":"Accueil"},"content":{"rendered":"\n<div class=\"wp-block-toolset-blocks-container tb-container alignfull\" data-toolset-blocks-container=\"86600d0e6e04cb4a00e9186275e06017\">\n<div class=\"wp-block-toolset-blocks-container tb-container\" data-toolset-blocks-container=\"49a1e7aa50c59170ca828e6cfdf9f416\"><div class=\"tb-container-inner\">\n<div class=\"wp-block-toolset-blocks-container tb-container\" data-toolset-blocks-container=\"149ba01811abd123b8891c234cd57f41\"><div class=\"tb-container-inner\">\n<h1 class=\"tb-heading has-text-color\" data-toolset-blocks-heading=\"17a0c9b9f9a5cedd081151a61f029298\" data-last-update=\"1.4\">Toolset aide les professionnels WordPress \u00e0 cr\u00e9er des sites avanc\u00e9s sans encodage<\/h1>\n<\/div><\/div>\n\n\n\n<div class=\"wp-block-toolset-blocks-grid tb-grid\" data-toolset-blocks-grid=\"1f5293a84b4a6c3a942dc7f5c120581d\">\n<div class=\"wp-block-toolset-blocks-grid-column tb-grid-column tb-grid-align-top\" data-toolset-blocks-grid-column=\"3034fbe886c11054e95b46b09d3e4112\">\n<div class=\"tb-button\" data-toolset-blocks-button=\"3defbdbc014903e8f7b417bab9f9c421\"><a class=\"tb-button__link\" href=\"https:\/\/toolset.com\/buy\/\"><i class=\"tb-button__icon\"><\/i><span class=\"tb-button__content\"><strong>Acheter maintenant <\/strong> | \u00e0 partir de &euro;69<\/span><\/a><\/div>\n<\/div>\n\n\n\n<div class=\"wp-block-toolset-blocks-grid-column tb-grid-column tb-grid-align-top\" data-toolset-blocks-grid-column=\"3034fbe886c11054e95b46b09d3e4112\">\n<div class=\"tb-button\" data-toolset-blocks-button=\"c759165a66bde0113620b0721a77feba\"><a class=\"tb-button__link\" href=\"https:\/\/toolset.com\/home\/how-youll-build-sites-with-toolset\/\"><span class=\"tb-button__content\">Comment vous allez utiliser Toolset<\/span><i class=\"tb-button__icon\"><\/i><\/a><\/div>\n<\/div>\n<\/div>\n\n\n\n<div class=\"tb-fields-and-text hero-process\" data-toolset-blocks-fields-and-text=\"0acb027b72194c4142c01842f6d064b5\"><p style=\"text-align: center;\"><img decoding=\"async\" class=\"alignnone size-full\" src=\"https:\/\/toolset.com\/wp-content\/uploads\/2020\/04\/icon-check.png\" width=\"20\" height=\"16\"\/> Fonctionne avec <span>WordPress <\/span><strong>5.0 \u2013<\/strong><span><strong>6.9.4<\/strong><\/span> et n&#8217;importe quel th\u00e8me.<\/p><\/div>\n\n\n\n<div class=\"tb-fields-and-text\" data-toolset-blocks-fields-and-text=\"da1a7688bf83a58af8ae686b6acc47dd\"><p style=\"text-align: center;\">\n  <video id=\"main-video\" autoplay=\"\" muted=\"\" loop=\"\" playsinline=\"\">\n    <source src=\"https:\/\/toolset.com\/wp-content\/uploads\/videos\/homepage_6_toolset_homepage_autoplay_video.mp4\" type=\"video\/mp4\">\n  <\/source><\/video>\n<\/p><\/div>\n\n\n\n<div class=\"wp-block-toolset-blocks-grid tb-grid\" data-toolset-blocks-grid=\"ee76466cd915726aa7f1f3d1939049b8\">\n<div class=\"wp-block-toolset-blocks-grid-column tb-grid-column tb-align-top\" data-toolset-blocks-grid-column=\"4de3dabc05ea41267e3f2a40f667ffc3\">\n<div class=\"wp-block-toolset-blocks-container tb-container\" data-toolset-blocks-container=\"a784e7683849064e721dd18de03b2dc4\">\n<h3 class=\"tb-heading has-text-color\" data-toolset-blocks-heading=\"121ffb67d15345b80f46367a2f59284b\" data-last-update=\"1.4\">Fa\u00e7onnez vos id\u00e9es<\/h3>\n\n\n\n<div class=\"tb-fields-and-text\" data-toolset-blocks-fields-and-text=\"0545e5ab4a93c0e7c033edbbccbcdb53\"><p>Pas besoin de cr\u00e9er des th\u00e8mes enfant ou d&#8217;\u00e9crire en PHP. Toolset vous permet de concevoir \u00e0 l&#8217;int\u00e9rieur de WordPress.<\/p><\/div>\n<\/div>\n<\/div>\n\n\n\n<div class=\"wp-block-toolset-blocks-grid-column tb-grid-column tb-grid-align-top tb-align-top\" data-toolset-blocks-grid-column=\"639ec54fd0e407d46858c9bae9aba05f\">\n<div class=\"wp-block-toolset-blocks-container tb-container\" data-toolset-blocks-container=\"a784e7683849064e721dd18de03b2dc4\">\n<h3 class=\"tb-heading has-text-color\" data-toolset-blocks-heading=\"0d77cbe6a5c787bdb56c195c6f33551b\" data-last-update=\"1.4\">La solution WordPress<\/h3>\n\n\n\n<div class=\"tb-fields-and-text\" data-toolset-blocks-fields-and-text=\"0545e5ab4a93c0e7c033edbbccbcdb53\"><p>Toolset a recours \u00e0 l&#8217;\u00e9diteur de blocs WordPress pour cr\u00e9er des sites riches parfaitement con\u00e7us sur n&#8217;importe quel appareil et qui se chargent rapidement.<\/p><\/div>\n<\/div>\n<\/div>\n\n\n\n<div class=\"wp-block-toolset-blocks-grid-column tb-grid-column tb-grid-align-top tb-align-top\" data-toolset-blocks-grid-column=\"639ec54fd0e407d46858c9bae9aba05f\">\n<div class=\"wp-block-toolset-blocks-container tb-container\" data-toolset-blocks-container=\"957e900e0a2e22cdb0d703fcebcdac13\">\n<h3 class=\"tb-heading has-text-color\" data-toolset-blocks-heading=\"0d77cbe6a5c787bdb56c195c6f33551b\" data-last-update=\"1.4\">Avec Toolset de A \u00e0 Z<\/h3>\n\n\n\n<div class=\"tb-fields-and-text\" data-toolset-blocks-fields-and-text=\"0545e5ab4a93c0e7c033edbbccbcdb53\"><p><a class=\"white-link\" href=\"https:\/\/toolset.com\/fr\/nouvelle-page-daccueil\/composants-toolset-2\/\">Le pack Toolset <\/a> comprend tout ce dont vous avez besoin pour personnaliser les types de publication, les champs personnalis\u00e9s, les mod\u00e8les, recherches, formulaires, cartes, contr\u00f4le d&#8217;acc\u00e8s et plus encore !<\/p><\/div>\n<\/div>\n<\/div>\n<\/div>\n<\/div><\/div>\n<\/div>\n\n<div class=\"wp-block-toolset-blocks-container tb-container alignfull\" data-toolset-blocks-container=\"c75153faf0bb498f4e161edaf2c83ff7\"><div class=\"tb-container-inner\"><div class=\"wp-block-image\">\n<figure class=\" tb-image tb-image-media tb-image-frame-none text-center aligncenter\" data-toolset-blocks-image=\"d1e280dfab51ab03222e7e879c251849\"><img decoding=\"async\" width=\"32\" height=\"44\" loading=\"lazy\" src=\"https:\/\/toolset.com\/wp-content\/uploads\/2019\/11\/lightning.svg\" alt=\"\" class=\"wp-image-1395663\"\/><\/figure>\n<\/div>\n\n\n<h2 class=\"tb-heading\" data-toolset-blocks-heading=\"ab0bd730a6e1950fe058a71d2b8c9612\" data-last-update=\"1.4\"> Le moyen le plus rapide de cr\u00e9er des sites WordPress avanc\u00e9s<\/h2>\n\n\n\n<div class=\"wp-block-toolset-blocks-grid tb-grid\" data-toolset-blocks-grid=\"dac8f7c75616ee950b26f8bb333c0530\">\n<div class=\"wp-block-toolset-blocks-grid-column tb-grid-column tb-grid-align-top\" data-toolset-blocks-grid-column=\"3034fbe886c11054e95b46b09d3e4112\"><div class=\"wp-block-image\">\n<figure class=\" tb-image tb-image-media tb-image-frame-none aligncenter\" data-toolset-blocks-image=\"f17df7a11d51b9fdc826f2293f3ab3ed\"><img decoding=\"async\" width=\"934\" height=\"793\" loading=\"lazy\" src=\"https:\/\/toolset.com\/wp-content\/uploads\/2021\/01\/custom-post-type-3.png\" alt=\"\" class=\"wp-image-1920657\" srcset=\"https:\/\/toolset.com\/wp-content\/uploads\/2021\/01\/custom-post-type-3.png 934w, https:\/\/toolset.com\/wp-content\/uploads\/2021\/01\/custom-post-type-3-300x255.png 300w, https:\/\/toolset.com\/wp-content\/uploads\/2021\/01\/custom-post-type-3-150x127.png 150w, https:\/\/toolset.com\/wp-content\/uploads\/2021\/01\/custom-post-type-3-768x652.png 768w, https:\/\/toolset.com\/wp-content\/uploads\/2021\/01\/custom-post-type-3-612x520.png 612w\" sizes=\"auto, (max-width: 934px) 100vw, 934px\" \/><\/figure>\n<\/div><\/div>\n\n\n\n<div class=\"wp-block-toolset-blocks-grid-column tb-grid-column tb-grid-align-center\" data-toolset-blocks-grid-column=\"f586ff7bfe1d7317c63162ec7b7039ed\">\n<h3 class=\"tb-heading\" data-toolset-blocks-heading=\"abf30188e0f1bafa606181b5c752c90b\" data-last-update=\"1.4\">Types de publication, champs et taxonomies personnalis\u00e9s <\/h3>\n\n\n\n<div class=\"tb-fields-and-text\" data-toolset-blocks-fields-and-text=\"2f841c2c2bad175e1d0233a813da03e2\"><p><span>Cr\u00e9ez rapidement<\/span> <a href=\"https:\/\/toolset.com\/course-lesson\/creating-a-custom-post-type\/\" rel=\"noopener noreferrer\">des types personnalis\u00e9s<\/a> <span>, <a href=\"https:\/\/toolset.com\/course-lesson\/creating-custom-fields\/\">des champs personnalis\u00e9s<\/a> ,<\/span> <a href=\"https:\/\/toolset.com\/course-lesson\/creating-a-custom-taxonomy\/\">une taxonomie personnalis\u00e9e<\/a> <span>et m\u00eame<\/span> <a href=\"https:\/\/toolset.com\/course-lesson\/what-are-post-relationships-and-how-they-work\/\">des relations de publication<\/a> <span>.<\/span><\/p><\/div>\n<\/div>\n<\/div>\n\n\n\n<div class=\"wp-block-toolset-blocks-grid tb-grid\" data-toolset-blocks-grid=\"4324ac707ec99f5c2afbdbab297dd18d\">\n<div class=\"wp-block-toolset-blocks-grid-column tb-grid-column tb-grid-align-center\" data-toolset-blocks-grid-column=\"f586ff7bfe1d7317c63162ec7b7039ed\">\n<h3 class=\"tb-heading\" data-toolset-blocks-heading=\"e89b402ef0a06b920d04e1d67b1f881c\" data-last-update=\"1.4\">Mod\u00e8les et archives <\/h3>\n\n\n\n<div class=\"tb-fields-and-text\" data-toolset-blocks-fields-and-text=\"2f841c2c2bad175e1d0233a813da03e2\"><p><span><a href=\"https:\/\/toolset.com\/course-lesson\/creating-templates-to-display-custom-posts\/\">Cr\u00e9ez des mod\u00e8les <\/a>, <a href=\"https:\/\/toolset.com\/course-lesson\/creating-a-custom-archive-page\/\">des archives personnalis\u00e9es <\/a> et des listes avec l&#8217;\u00e9diteur de bloc WordPress.<\/span><span> <\/span><\/p><\/div>\n<\/div>\n\n\n\n<div class=\"wp-block-toolset-blocks-grid-column tb-grid-column tb-grid-align-top\" data-toolset-blocks-grid-column=\"3034fbe886c11054e95b46b09d3e4112\"><div class=\"wp-block-image\">\n<figure class=\" tb-image tb-image-media tb-image-frame-none aligncenter\" data-toolset-blocks-image=\"0437dc6790647de9e2aaa778dad156c1\"><img decoding=\"async\" width=\"522\" height=\"500\" loading=\"lazy\" src=\"https:\/\/toolset.com\/wp-content\/uploads\/2021\/01\/archive-3.png\" alt=\"\" class=\"wp-image-1923497\" srcset=\"https:\/\/toolset.com\/wp-content\/uploads\/2021\/01\/archive-3.png 522w, https:\/\/toolset.com\/wp-content\/uploads\/2021\/01\/archive-3-300x287.png 300w, https:\/\/toolset.com\/wp-content\/uploads\/2021\/01\/archive-3-150x144.png 150w\" sizes=\"auto, (max-width: 522px) 100vw, 522px\" \/><\/figure>\n<\/div><\/div>\n<\/div>\n\n\n\n<div class=\"wp-block-toolset-blocks-grid tb-grid\" data-toolset-blocks-grid=\"d2da18711003303c6938c3d14fe7df50\">\n<div class=\"wp-block-toolset-blocks-grid-column tb-grid-column tb-grid-align-top\" data-toolset-blocks-grid-column=\"3034fbe886c11054e95b46b09d3e4112\"><div class=\"wp-block-image\">\n<figure class=\" tb-image tb-image-media tb-image-frame-none aligncenter\" data-toolset-blocks-image=\"02f95d4bd2f6d21a9e29e10747c38e60\"><img decoding=\"async\" width=\"934\" height=\"793\" loading=\"lazy\" src=\"https:\/\/toolset.com\/wp-content\/uploads\/2021\/01\/grid.png\" alt=\"\" class=\"wp-image-1922051\" srcset=\"https:\/\/toolset.com\/wp-content\/uploads\/2021\/01\/grid.png 934w, https:\/\/toolset.com\/wp-content\/uploads\/2021\/01\/grid-300x255.png 300w, https:\/\/toolset.com\/wp-content\/uploads\/2021\/01\/grid-150x127.png 150w, https:\/\/toolset.com\/wp-content\/uploads\/2021\/01\/grid-768x652.png 768w, https:\/\/toolset.com\/wp-content\/uploads\/2021\/01\/grid-612x520.png 612w\" sizes=\"auto, (max-width: 934px) 100vw, 934px\" \/><\/figure>\n<\/div><\/div>\n\n\n\n<div class=\"wp-block-toolset-blocks-grid-column tb-grid-column tb-grid-align-center\" data-toolset-blocks-grid-column=\"f586ff7bfe1d7317c63162ec7b7039ed\">\n<h3 class=\"tb-heading\" data-toolset-blocks-heading=\"e89b402ef0a06b920d04e1d67b1f881c\" data-last-update=\"1.4\">Grilles, tableaux et listes personnalis\u00e9s<\/h3>\n\n\n\n<div class=\"tb-fields-and-text\" data-toolset-blocks-fields-and-text=\"2f841c2c2bad175e1d0233a813da03e2\"><p><span>Choisissez le contenu pr\u00e9cis \u00e0 afficher et comment vous souhaitez l&#8217;afficher. Utilisez des fonctionnalit\u00e9s puissantes telles que la pagination et AJAX pour cr\u00e9er tout type de liste.<\/span><\/p><\/div>\n<\/div>\n<\/div>\n<\/div><\/div>\n\n<div class=\"wp-block-toolset-blocks-container tb-container alignfull\" data-toolset-blocks-container=\"0bb6aa81a3f831c5fce23a70377c0d59\"><div class=\"tb-container-inner\">\n<div class=\"wp-block-toolset-blocks-container tb-container\" data-toolset-blocks-container=\"149ba01811abd123b8891c234cd57f41\"><div class=\"tb-container-inner\">\n<h2 class=\"tb-heading has-text-color\" data-toolset-blocks-heading=\"b189798b4c4b263d142b6ed12ac6af9e\" data-last-update=\"1.4\">Cr\u00e9ez des sites de r\u00e9pertoires, e-commerce, immobiliers et d&#8217;adh\u00e9sion personnalis\u00e9s<\/h2>\n<\/div><\/div>\n\n\n\n<div class=\"wp-block-toolset-blocks-grid tb-grid\" data-toolset-blocks-grid=\"bf2ca3060df95664c6532e31919e092d\">\n<div class=\"wp-block-toolset-blocks-grid-column tb-grid-column tb-grid-align-top tb-align-top\" data-toolset-blocks-grid-column=\"639ec54fd0e407d46858c9bae9aba05f\"><div class=\"wp-block-image\">\n<figure class=\" tb-image tb-image-media tb-image-frame-none aligncenter\" data-toolset-blocks-image=\"256fa1953c6d82a889bebaf6ab9ad704\"><img decoding=\"async\" width=\"400\" height=\"292\" loading=\"lazy\" src=\"https:\/\/toolset.com\/wp-content\/uploads\/2021\/01\/form.png\" alt=\"\" class=\"wp-image-1923871\" srcset=\"https:\/\/toolset.com\/wp-content\/uploads\/2021\/01\/form.png 400w, https:\/\/toolset.com\/wp-content\/uploads\/2021\/01\/form-300x219.png 300w, https:\/\/toolset.com\/wp-content\/uploads\/2021\/01\/form-150x110.png 150w\" sizes=\"auto, (max-width: 400px) 100vw, 400px\" \/><\/figure>\n<\/div><\/div>\n\n\n\n<div class=\"wp-block-toolset-blocks-grid-column tb-grid-column tb-grid-align-top tb-align-top\" data-toolset-blocks-grid-column=\"639ec54fd0e407d46858c9bae9aba05f\">\n<div class=\"wp-block-toolset-blocks-container tb-container\" data-toolset-blocks-container=\"28c26c7ff4efee6210b05e71cb4d8bb2\"><div class=\"tb-container-inner\">\n<h3 class=\"tb-heading has-text-color\" data-toolset-blocks-heading=\"9823f2410b4f829cc81f8e1c8578bd65\" data-last-update=\"1.4\">Formulaires de soumission et d&#8217;\u00e9dition de contenu<\/h3>\n\n\n\n<div class=\"tb-fields-and-text\" data-toolset-blocks-fields-and-text=\"2f841c2c2bad175e1d0233a813da03e2\"><p><span>Les formulaires Toolset et le contr\u00f4le Access vous permettent de cr\u00e9er des sites d&#8217;annonces et de r\u00e9pertoires complets.<\/span><\/p><\/div>\n<\/div><\/div>\n<\/div>\n<\/div>\n\n\n\n<div class=\"wp-block-toolset-blocks-grid tb-grid\" data-toolset-blocks-grid=\"2e02f6633a320170fdb25ecb17f04a75\">\n<div class=\"wp-block-toolset-blocks-grid-column tb-grid-column tb-grid-align-top tb-align-top\" data-toolset-blocks-grid-column=\"639ec54fd0e407d46858c9bae9aba05f\">\n<div class=\"wp-block-toolset-blocks-container tb-container\" data-toolset-blocks-container=\"09ff5cb3bc09fb280663ffd886256a21\"><div class=\"tb-container-inner\">\n<h3 class=\"tb-heading has-text-color\" data-toolset-blocks-heading=\"0e7c782b4b068722638331249c4a33a8\" data-last-update=\"1.4\">Recherches personnalis\u00e9es <\/h3>\n\n\n\n<div class=\"tb-fields-and-text\" data-toolset-blocks-fields-and-text=\"2f841c2c2bad175e1d0233a813da03e2\"><p><span>Toolset vous permet de cr\u00e9er des <a href=\"https:\/\/toolset.com\/course-lesson\/creating-a-custom-search\/\">recherches personnalis\u00e9es<\/a> ultra puissantes en quelques clics \u00e0 peine.<\/span><\/p><\/div>\n<\/div><\/div>\n<\/div>\n\n\n\n<div class=\"wp-block-toolset-blocks-grid-column tb-grid-column tb-grid-align-top tb-align-top\" data-toolset-blocks-grid-column=\"639ec54fd0e407d46858c9bae9aba05f\"><div class=\"wp-block-image\">\n<figure class=\" tb-image tb-image-media tb-image-frame-none aligncenter\" data-toolset-blocks-image=\"714b65a064011d810440eb6b7cbab7e8\"><img decoding=\"async\" width=\"400\" height=\"292\" loading=\"lazy\" src=\"https:\/\/toolset.com\/wp-content\/uploads\/2021\/01\/search-2.png\" alt=\"\" class=\"wp-image-1923883\" srcset=\"https:\/\/toolset.com\/wp-content\/uploads\/2021\/01\/search-2.png 400w, https:\/\/toolset.com\/wp-content\/uploads\/2021\/01\/search-2-300x219.png 300w, https:\/\/toolset.com\/wp-content\/uploads\/2021\/01\/search-2-150x110.png 150w\" sizes=\"auto, (max-width: 400px) 100vw, 400px\" \/><\/figure>\n<\/div><\/div>\n<\/div>\n\n\n\n<div class=\"wp-block-toolset-blocks-grid tb-grid\" data-toolset-blocks-grid=\"0c24eaac3c56a60c04ef96b24c5ad0fe\">\n<div class=\"wp-block-toolset-blocks-grid-column tb-grid-column tb-grid-align-top tb-align-top\" data-toolset-blocks-grid-column=\"639ec54fd0e407d46858c9bae9aba05f\"><div class=\"wp-block-image\">\n<figure class=\" tb-image tb-image-media tb-image-frame-none aligncenter\" data-toolset-blocks-image=\"19bcba52ffadc688951349271288c602\"><img decoding=\"async\" width=\"400\" height=\"292\" loading=\"lazy\" src=\"https:\/\/toolset.com\/wp-content\/uploads\/2021\/01\/map1.png\" alt=\"\" class=\"wp-image-1923715\" srcset=\"https:\/\/toolset.com\/wp-content\/uploads\/2021\/01\/map1.png 400w, https:\/\/toolset.com\/wp-content\/uploads\/2021\/01\/map1-300x219.png 300w, https:\/\/toolset.com\/wp-content\/uploads\/2021\/01\/map1-150x110.png 150w\" sizes=\"auto, (max-width: 400px) 100vw, 400px\" \/><\/figure>\n<\/div><\/div>\n\n\n\n<div class=\"wp-block-toolset-blocks-grid-column tb-grid-column tb-grid-align-top tb-align-top\" data-toolset-blocks-grid-column=\"639ec54fd0e407d46858c9bae9aba05f\">\n<div class=\"wp-block-toolset-blocks-container tb-container\" data-toolset-blocks-container=\"c8d22287c23e2031e9b5792a18364f6a\"><div class=\"tb-container-inner\">\n<h3 class=\"tb-heading has-text-color\" data-toolset-blocks-heading=\"0e7c782b4b068722638331249c4a33a8\" data-last-update=\"1.4\">Les contenus sur les cartes <\/h3>\n\n\n\n<div class=\"tb-fields-and-text\" data-toolset-blocks-fields-and-text=\"2f841c2c2bad175e1d0233a813da03e2\"><p><span>Cr\u00e9ez ais\u00e9ment des sites de r\u00e9pertoires et d&#8217;annonces qui <a href=\"https:\/\/toolset.com\/course-lesson\/displaying-a-list-of-posts-on-a-map\/\">affichent les r\u00e9sultats sur Google et Azure Maps<\/a>.<\/span><\/p><\/div>\n<\/div><\/div>\n<\/div>\n<\/div>\n<\/div><\/div>\n\n<div class=\"wp-block-toolset-blocks-container tb-container alignfull\" data-toolset-blocks-container=\"e9d95a1e801c5e04f3d05d6660501ab1\"><div class=\"tb-container-inner\">\n<div class=\"wp-block-toolset-blocks-grid tb-grid\" data-toolset-blocks-grid=\"ab09f7c5ffd22cac5063d15ed1c9bc82\">\n<div class=\"wp-block-toolset-blocks-grid-column tb-grid-column tb-grid-align-top\" data-toolset-blocks-grid-column=\"3034fbe886c11054e95b46b09d3e4112\">\n<div class=\"wp-block-toolset-blocks-container tb-container\" data-toolset-blocks-container=\"a5e2d018af0309536adc77246f78cdc5\">\n<figure class=\"wp-block-image tb-image tb-image-media tb-image-frame-none img-55\" data-toolset-blocks-image=\"783daaa62372117416b283b87c9ba14c\"><img decoding=\"async\" width=\"341\" height=\"110\" loading=\"lazy\" src=\"https:\/\/toolset.com\/wp-content\/uploads\/2021\/01\/wpml-full-grey.png\" alt=\"\" class=\"wp-image-1919189\" srcset=\"https:\/\/toolset.com\/wp-content\/uploads\/2021\/01\/wpml-full-grey.png 341w, https:\/\/toolset.com\/wp-content\/uploads\/2021\/01\/wpml-full-grey-300x97.png 300w, https:\/\/toolset.com\/wp-content\/uploads\/2021\/01\/wpml-full-grey-150x48.png 150w\" sizes=\"auto, (max-width: 341px) 100vw, 341px\" \/><\/figure>\n\n\n\n<h3 class=\"tb-heading\" data-toolset-blocks-heading=\"31e7d46616b7abab447d31d4d3bba0cd\" data-last-update=\"1.4\">Id\u00e9al pour les sites multilingues<\/h3>\n\n\n\n<div class=\"tb-fields-and-text\" data-toolset-blocks-fields-and-text=\"bf940b7e4b9c86b12ba3d870bc2626c8\"><p style=\"text-align: left;\"><span style=\"font-weight: 400;\">Toolset est issu de <a href=\"https:\/\/www.onthegosystems.com\/\" target=\"_blank\" rel=\"noopener noreferrer\">OnTheGoSystems<\/a>, l&#8217;entreprise qui d\u00e9veloppe le <a href=\"https:\/\/wpml.org\/\" target=\"_blank\" rel=\"noopener noreferrer\">plugin WPML <\/a>. Avec Toolset, vous pouvez facilement cr\u00e9er des sites multilingues.<\/span><span> <\/span><\/p><\/div>\n<\/div>\n<\/div>\n\n\n\n<div class=\"wp-block-toolset-blocks-grid-column tb-grid-column tb-grid-align-top\" data-toolset-blocks-grid-column=\"3034fbe886c11054e95b46b09d3e4112\">\n<div class=\"wp-block-toolset-blocks-container tb-container\" data-toolset-blocks-container=\"a5e2d018af0309536adc77246f78cdc5\">\n<figure class=\"wp-block-image tb-image tb-image-media tb-image-frame-none img-55\" data-toolset-blocks-image=\"c2f8982701d5080bc3d00a9343c6cd54\"><img decoding=\"async\" width=\"961\" height=\"210\" loading=\"lazy\" src=\"https:\/\/toolset.com\/wp-content\/uploads\/2021\/01\/support-team-4.png\" alt=\"\" class=\"wp-image-1920427\" srcset=\"https:\/\/toolset.com\/wp-content\/uploads\/2021\/01\/support-team-4.png 961w, https:\/\/toolset.com\/wp-content\/uploads\/2021\/01\/support-team-4-300x66.png 300w, https:\/\/toolset.com\/wp-content\/uploads\/2021\/01\/support-team-4-150x33.png 150w, https:\/\/toolset.com\/wp-content\/uploads\/2021\/01\/support-team-4-768x168.png 768w, https:\/\/toolset.com\/wp-content\/uploads\/2021\/01\/support-team-4-805x176.png 805w\" sizes=\"auto, (max-width: 961px) 100vw, 961px\" \/><\/figure>\n\n\n\n<h3 class=\"tb-heading\" data-toolset-blocks-heading=\"a000fad3172c0b9371d420b52a9bbef6\" data-last-update=\"1.4\">Assistance d\u00e9vou\u00e9e<\/h3>\n\n\n\n<div class=\"tb-fields-and-text\" data-toolset-blocks-fields-and-text=\"bf940b7e4b9c86b12ba3d870bc2626c8\"><p style=\"text-align: left;\">Notre assistance a un objectif bien d\u00e9fini : vous aider \u00e0 d\u00e9livrer des projets aboutis. Nous fournissons une assistance experte <strong>6 jours <\/strong>par semaine, <strong>19 heures<\/strong> par jour, et ce dans <strong>4 langues<\/strong>.<\/p><\/div>\n<\/div>\n<\/div>\n<\/div>\n\n\n\n<p><\/p>\n<\/div><\/div>\n\n<div class=\"wp-block-toolset-blocks-container tb-container alignfull\" data-toolset-blocks-container=\"d7379d8f5c0b89d99b4c6b29bdea5c1d\">\n<div class=\"wp-block-toolset-blocks-container tb-container alignfull\" data-toolset-blocks-container=\"4189c4800d0230a66d578bb99e0f040d\"><div class=\"tb-container-inner\">\n<h3 class=\"tb-heading has-text-color\" data-toolset-blocks-heading=\"76ca46fc24fd03565c117b1b8e69907f\" data-last-update=\"1.4\">Plus de 30 000 clients ont d\u00e9j\u00e0 cr\u00e9\u00e9 quelque 120 000 sites avec Toolset.<\/h3>\n\n\n\n<h2 class=\"tb-heading has-text-color\" data-toolset-blocks-heading=\"f7a1d8ecab57dc3c5de859a9b8e8389a\" data-last-update=\"1.4\">\u00cates-vous pr\u00eat \u00e0 nous rejoindre ?<\/h2>\n\n\n\n<div class=\"wp-block-toolset-blocks-grid tb-grid\" data-toolset-blocks-grid=\"7b2fe353701ffd7423efa5296eec5ae3\">\n<div class=\"wp-block-toolset-blocks-grid-column tb-grid-column tb-grid-align-top\" data-toolset-blocks-grid-column=\"3034fbe886c11054e95b46b09d3e4112\">\n<div class=\"tb-button\" data-toolset-blocks-button=\"c9ce8c86bae367b8cb9e455cc112e590\"><a class=\"tb-button__link\" href=\"https:\/\/toolset.com\/buy\/\"><i class=\"tb-button__icon\"><\/i><span class=\"tb-button__content\"><strong>Acheter maintenant<\/strong><\/span><\/a><\/div>\n<\/div>\n\n\n\n<div class=\"wp-block-toolset-blocks-grid-column tb-grid-column tb-grid-align-top\" data-toolset-blocks-grid-column=\"3034fbe886c11054e95b46b09d3e4112\">\n<div class=\"tb-button\" data-toolset-blocks-button=\"c759165a66bde0113620b0721a77feba\"><a class=\"tb-button__link\" href=\"https:\/\/toolset.com\/home\/how-youll-build-sites-with-toolset\/\"><span class=\"tb-button__content\">Comment vous allez utiliser Toolset<\/span><i class=\"tb-button__icon\"><\/i><\/a><\/div>\n<\/div>\n<\/div>\n\n\n\n<div class=\"tb-fields-and-text hero-process\" data-toolset-blocks-fields-and-text=\"61b0cb8ae26cf15df3f16bba5dc80be3\"><p style=\"text-align: center;\"><img decoding=\"async\" class=\"wp-image-1905159 alignnone\" src=\"https:\/\/toolset.com\/wp-content\/uploads\/2021\/01\/shield-green-1.png\" alt=\"\" width=\"21\" height=\"27\"\/>    <span style=\"background-color: rgba(237, 122, 64, 0);\">Votre satisfaction est garantie gr\u00e2ce \u00e0 notre <strong>politique de remboursement de 30 jours \u00ab sans question \u00bb <\/strong>.<\/span><span style=\"background-color: rgba(237, 122, 64, 0);\"> <\/span><\/p><\/div>\n<\/div><\/div>\n<\/div>\n","protected":false},"excerpt":{"rendered":"","protected":false},"author":53452,"featured_media":0,"parent":0,"menu_order":0,"comment_status":"closed","ping_status":"closed","template":"","meta":{"_bbp_topic_count":0,"_bbp_reply_count":0,"_bbp_total_topic_count":0,"_bbp_total_reply_count":0,"_bbp_voice_count":0,"_bbp_anonymous_reply_count":0,"_bbp_topic_count_hidden":0,"_bbp_reply_count_hidden":0,"_bbp_forum_subforum_count":0,"ep_exclude_from_search":false,"footnotes":""},"documentation-category":[],"class_list":["post-1396327","page","type-page","status-publish","hentry"],"_links":{"self":[{"href":"https:\/\/toolset.com\/fr\/wp-json\/wp\/v2\/pages\/1396327","targetHints":{"allow":["GET"]}}],"collection":[{"href":"https:\/\/toolset.com\/fr\/wp-json\/wp\/v2\/pages"}],"about":[{"href":"https:\/\/toolset.com\/fr\/wp-json\/wp\/v2\/types\/page"}],"author":[{"embeddable":true,"href":"https:\/\/toolset.com\/fr\/wp-json\/wp\/v2\/users\/53452"}],"replies":[{"embeddable":true,"href":"https:\/\/toolset.com\/fr\/wp-json\/wp\/v2\/comments?post=1396327"}],"version-history":[{"count":8,"href":"https:\/\/toolset.com\/fr\/wp-json\/wp\/v2\/pages\/1396327\/revisions"}],"predecessor-version":[{"id":2637389,"href":"https:\/\/toolset.com\/fr\/wp-json\/wp\/v2\/pages\/1396327\/revisions\/2637389"}],"wp:attachment":[{"href":"https:\/\/toolset.com\/fr\/wp-json\/wp\/v2\/media?parent=1396327"}],"wp:term":[{"taxonomy":"documentation-category","embeddable":true,"href":"https:\/\/toolset.com\/fr\/wp-json\/wp\/v2\/documentation-category?post=1396327"}],"curies":[{"name":"wp","href":"https:\/\/api.w.org\/{rel}","templated":true}]}}