{"id":117789,"date":"2013-07-25T09:13:30","date_gmt":"2013-07-25T09:13:30","guid":{"rendered":"https:\/\/toolset.com\/page-daccueil\/demo-de-views\/"},"modified":"2014-10-28T17:54:22","modified_gmt":"2014-10-28T17:54:22","slug":"demo-de-views","status":"publish","type":"page","link":"https:\/\/toolset.com\/fr\/page-daccueil\/demo-de-views\/","title":{"rendered":"D\u00e9mo de Views"},"content":{"rendered":"<div class=\"views-tour\">\n<hgroup style=\"text-align: center; margin: 30px 0 60px 0;\">\n\t<h1 style=\"border-bottom: 1px solid #ededed; padding-bottom: 30px;\">\n Views est un outil de d\u00e9veloppement de sites Web vous permettant d&#8217;afficher du contenu WordPress sans recourir \u00e0 du code.\n\t<\/h1>\n\t<div class=\"header\">\n\t\t<h2>\n Les possibilit\u00e9 avec <a href=\"https:\/\/toolset.com\/fr\/nouvelle-page-daccueil\/views-creez-de-belles-presentations-pour-vos-contenus\/\">Views<\/a> sont infinies. D\u00e9couvrez jusqu&#8217;o\u00f9 vous pouvez repousser les limites avec Views.\n\t\t<\/h2>\n\t<\/div>\n\n<\/hgroup>\n\n\t<ul class=\"sites-list\">\n\n\t\t<li>\n\t\t\t<div class=\"img-wrap\">\n\t\t\t\t<div class=\"img\">\n\t\t\t\t\t<img decoding=\"async\" src=\"https:\/\/toolset.com\/wp-content\/uploads\/2013\/07\/views-tour-single-pages-back1.jpg\" alt=\"Templates de page simple - panneau d'admin\">\n\t\t\t\t<\/div>\n<div class=\"img\">\n\t\t\t\t\t<img decoding=\"async\" src=\"https:\/\/toolset.com\/wp-content\/uploads\/2013\/07\/views-tour-single-pages-front1.jpg\" alt=\"Templates de page simple - rendu\">\n\t\t\t\t<\/div>\n\t\t\t<\/div>\n\t\t\t<div class=\"entry\">\n\t\t\t\t<div class=\"entry-inner\">\n\t\t\t\t\t<h3 class=\"entry-title\">\n <a href=\"\/?page_id=7601\">Concevoir des templates pour des pages simples<\/a>\n\t\t\t\t\t<\/h3>\n\t\t\t\t\t<div class=\"entry-content\">\n\t\t\t\t\t\t<p><a href=\"https:\/\/toolset.com\/fr\/nouvelle-page-daccueil\/views-creez-de-belles-presentations-pour-vos-contenus\/\">Views<\/a> vous permet de cr\u00e9er des templates de page par le biais de l&#8217;\u00e9diteur WordPress. Ins\u00e9rez vos champs standards, ainsi que vos champs et taxonomie personnalis\u00e9s. Ensuite, il vous suffit d&#8217;utiliser tout simplement du CSS ou du HTML, comme vous le feriez si vous \u00e9criviez du code.<\/p>\n\t\t\t\t\t<\/div>\n\t\t\t\t<\/div>\n\t\t\t<\/div>\n\t\t<\/li>\n\n\t\t<li>\n\t\t\t<div class=\"img-wrap\">\n\t\t\t\t<div class=\"img\">\n\t\t\t\t\t<img decoding=\"async\" src=\"https:\/\/toolset.com\/wp-content\/uploads\/2013\/07\/views-tour-layouts-back1.jpg\" alt=\" -  panneau d'admin\">\n\t\t\t\t<\/div>\n<div class=\"img\">\n\t\t\t\t\t<img decoding=\"async\" src=\"https:\/\/toolset.com\/wp-content\/uploads\/2013\/07\/views-tour-layouts-front1.jpg\" alt=\" - rendu\">\n\t\t\t\t<\/div>\n\t\t\t<\/div>\n\t\t\t<div class=\"entry\">\n\t\t\t\t<div class=\"entry-inner\">\n\t\t\t\t\t<h3 class=\"entry-title\">\n <a href=\"\/?page_id=7733\">Afficher du contenu en grille ou en liste<\/a>\n\t\t\t\t\t<\/h3>\n\t\t\t\t\t<div class=\"entry-content\">\n\t\t\t\t\t\t<p>\n <a href=\"https:\/\/toolset.com\/fr\/nouvelle-page-daccueil\/views-creez-de-belles-presentations-pour-vos-contenus\/\">Views<\/a> charge le contenu exact dont vous avez besoin et vous permet de l&#8217;afficher avec vos propres design et mise en page. Choisissez le type de contenu, ajoutez des filtres de donn\u00e9es et d\u00e9finissez le style de rendu en recourant \u00e0 du HTML.\n\t\t\t\t\t\t<\/p>\n\t\t\t\t\t<\/div>\n\t\t\t\t<\/div>\n\t\t\t<\/div>\n\t\t<\/li>\n\n\t\t<li>\n\t\t\t<div class=\"img-wrap\">\n\t\t\t\t<div class=\"img\">\n\t\t\t\t\t<img decoding=\"async\" src=\"https:\/\/toolset.com\/wp-content\/uploads\/2013\/07\/views-tour-filters-back1.jpg\" alt=\"Filtres d'URL - panneau d'admin\">\n\t\t\t\t<\/div>\n<div class=\"img\">\n\t\t\t\t\t<img decoding=\"async\" src=\"https:\/\/toolset.com\/wp-content\/uploads\/2013\/07\/views-tour-filters-front1.jpg\" alt=\"Filtres d'URL - rendu\">\n\t\t\t\t<\/div>\n\t\t\t<\/div>\n\t\t\t<div class=\"entry\">\n\t\t\t\t<div class=\"entry-inner\">\n\t\t\t\t\t<h3 class=\"entry-title\">\n <a href=\"\/?page_id=14974\">Autoriser vos visiteurs \u00e0 effectuer des recherches en utilisant des param\u00e8tres<\/a>\n\t\t\t\t\t<\/h3>\n\t\t\t\t\t<div class=\"entry-content\">\n\t\t\t\t\t\t<p>\n Permettez \u00e0 vos visiteurs de choisir exactement quel contenu charger en utilisant les filtres frontaux de <a href=\"https:\/\/toolset.com\/fr\/nouvelle-page-daccueil\/views-creez-de-belles-presentations-pour-vos-contenus\/\">Views<\/a>. Vous pouvez \u00e9galement cr\u00e9er des filtres avanc\u00e9s pour petites annonces, sites d&#8217;immobilier ou tout ce que vous d\u00e9sirez d&#8217;autre.\n\t\t\t\t\t\t<\/p>\n\t\t\t\t\t<\/div>\n\t\t\t\t<\/div>\n\t\t\t<\/div>\n\t\t<\/li>\n\n\t\t<li>\n\t\t\t<div class=\"img-wrap\">\n\t\t\t\t<div class=\"img\">\n\t\t\t\t\t<img decoding=\"async\" src=\"https:\/\/toolset.com\/wp-content\/uploads\/2013\/07\/views-tour-sliders-back1.jpg\" alt=\"Diaporamas - panneau d'admin\">\n\t\t\t\t<\/div>\n<div class=\"img\">\n\t\t\t\t\t<img decoding=\"async\" src=\"https:\/\/toolset.com\/wp-content\/uploads\/2013\/07\/views-tour-sliders-front1.jpg\" alt=\"Diaporama - rendu\">\n\t\t\t\t<\/div>\n\t\t\t<\/div>\n\t\t\t<div class=\"entry\">\n\t\t\t\t<div class=\"entry-inner\">\n\t\t\t\t\t<h3 class=\"entry-title\">\n <a href=\"\/?page_id=12097\">R\u00e9aliser des diaporamas personnalis\u00e9s de A \u00e0 Z<\/a>\n\t\t\t\t\t<\/h3>\n\t\t\t\t\t<div class=\"entry-content\">\n\t\t\t\t\t\t<p>\n Vous pouvez r\u00e9aliser des diaporamas depuis des pages, des publications ou tout autre type de contenu. Concevez en toute simplicit\u00e9 des diapositives \u00e0 l&#8217;aide des templates HTML, afin qu&#8217;elles puissent reprendre le contenu et rev\u00eatir l&#8217;apparence que vous d\u00e9sirez.\n\t\t\t\t\t\t<\/p>\n\t\t\t\t\t<\/div>\n\t\t\t\t<\/div>\n\t\t\t<\/div>\n\t\t<\/li>\n\n\t\t<li>\n\t\t\t<div class=\"img-wrap\">\n\t\t\t\t<div class=\"img\">\n\t\t\t\t\t<img decoding=\"async\" src=\"https:\/\/toolset.com\/wp-content\/uploads\/2013\/07\/views-tour-pagination-enabled-back1.jpg\" alt=\"Pagination -  panneau d'admin\">\n\t\t\t\t<\/div>\n<div class=\"img\">\n\t\t\t\t\t<img decoding=\"async\" src=\"https:\/\/toolset.com\/wp-content\/uploads\/2013\/07\/views-tour-pagination-front1.jpg\" alt=\"Pagination - rendu\">\n\t\t\t\t<\/div>\n\t\t\t<\/div>\n\t\t\t<div class=\"entry\">\n\t\t\t\t<div class=\"entry-inner\">\n\t\t\t\t\t<h3 class=\"entry-title\">\n <a href=\"\/?page_id=30372\">Mettre en page un nombre important de donn\u00e9es<\/a>\n\t\t\t\t\t<\/h3>\n\t\t\t\t\t<div class=\"entry-content\">\n\t\t\t\t\t\t<p>\n Lorsque vous affichez du contenu avec Views, vous pouvez facilement en activer la pagination, scindant ainsi un nombre important de donn\u00e9es en pages. Vous pouvez afficher des listes mises en page de tout ce que vous souhaitez, de la mani\u00e8re dont vous le d\u00e9sirez.\n\t\t\t\t\t\t<\/p>\n\t\t\t\t\t<\/div>\n\t\t\t\t<\/div>\n\t\t\t<\/div>\n\t\t<\/li>\n\n\t\t<li>\n\t\t\t<div class=\"img-wrap\">\n\t\t\t\t<div class=\"img\">\n\t\t\t\t\t<img decoding=\"async\" src=\"https:\/\/toolset.com\/wp-content\/uploads\/2013\/07\/views-tour-relationship-back1.jpg\" alt=\"Relation de publications - panneau d'admin\">\n\t\t\t\t<\/div>\n<div class=\"img\">\n\t\t\t\t\t<img decoding=\"async\" src=\"https:\/\/toolset.com\/wp-content\/uploads\/2013\/07\/views-tour-relationship-front1.jpg\" alt=\"Relation de publication - rendu\">\n\t\t\t\t<\/div>\n\t\t\t<\/div>\n\t\t\t<div class=\"entry\">\n\t\t\t\t<div class=\"entry-inner\">\n\t\t\t\t\t<h3 class=\"entry-title\">\n <a href=\"\/?page_id=29922\">Afficher les donn\u00e9es relationnelles<\/a>\n\t\t\t\t\t<\/h3>\n\t\t\t\t\t<div class=\"entry-content\">\n\t\t\t\t\t\t<p>\n Il est souvent plus facile d&#8217;organiser les donn\u00e9es en utilisant des relations parent \/ enfant. <a href=\"https:\/\/toolset.com\/fr\/nouvelle-page-daccueil\/views-creez-de-belles-presentations-pour-vos-contenus\/\">Views<\/a> facilite l&#8217;affichage de donn\u00e9es relationnelles.\n\t\t\t\t\t\t<\/p>\n\t\t\t\t\t<\/div>\n\t\t\t\t<\/div>\n\t\t\t<\/div>\n\t\t<\/li>\n\n\t\t<li>\n\t\t\t<div class=\"img-wrap\">\n\t\t\t\t<div class=\"img\">\n\t\t\t\t\t<img decoding=\"async\" src=\"https:\/\/toolset.com\/wp-content\/uploads\/2013\/07\/views-tour-wpml-back1.jpg\" alt=\"Contenu multilingue - panneau d'admin\">\n\t\t\t\t<\/div>\n<div class=\"img\">\n\t\t\t\t\t<img decoding=\"async\" src=\"https:\/\/toolset.com\/wp-content\/uploads\/2013\/07\/views-tour-wpml-front1.jpg\" alt=\"Contenu multilingue - rendu\">\n\t\t\t\t<\/div>\n\t\t\t<\/div>\n\t\t\t<div class=\"entry\">\n\t\t\t\t<div class=\"entry-inner\">\n\t\t\t\t\t<h3 class=\"entry-title\">\n <a href=\"\/?page_id=27292\">Tout devient multilingue<\/a>\n\t\t\t\t\t<\/h3>\n\t\t\t\t\t<div class=\"entry-content\">\n\t\t\t\t\t\t<p>\n <a href=\"https:\/\/toolset.com\/fr\/nouvelle-page-daccueil\/views-creez-de-belles-presentations-pour-vos-contenus\/\">Views<\/a> est con\u00e7u par la m\u00eame soci\u00e9t\u00e9 \u00e0 l&#8217;origine de WPML &#8211; le plug-in multilingue de WordPress. Tout ce que vous r\u00e9alisez avec Views est pr\u00eat \u00e0 devenir multilingue. Ne vous tracassez plus jamais quant \u00e0 la possibilit\u00e9 de traduire vos sites.\n\t\t\t\t\t\t<\/p>\n\t\t\t\t\t<\/div>\n\t\t\t\t<\/div>\n\t\t\t<\/div>\n\t\t<\/li>\n\n\n\t<\/ul>\n\n<div class=\"buy-views\">\n<h3 class=\"h4\">Si vous aimez r\u00e9aliser des sites Web avec WordPress, vous allez adorer <a href=\"https:\/\/toolset.com\/fr\/nouvelle-page-daccueil\/views-creez-de-belles-presentations-pour-vos-contenus\/\">Views<\/a>. Appr\u00e9ciez la possibilit\u00e9 de concevoir des sites entiers de mani\u00e8re personnalis\u00e9e, sans les soucis de devoir tout coder de A \u00e0 Z.<\/h3>\n<p><a href=\"https:\/\/toolset.com\/fr\/acheter-des-maintenant\/?add-to-cart=38995&#038;buy_now=1\" class=\"action-button\">Acheter Views<\/a><\/p>\n<\/div>\n\n<\/div>\n","protected":false},"excerpt":{"rendered":"<p>Views est un outil de d\u00e9veloppement de sites Web vous permettant d&#8217;afficher du contenu WordPress sans recourir \u00e0 du code. Les possibilit\u00e9 avec Views sont infinies. D\u00e9couvrez jusqu&#8217;o\u00f9 vous pouvez repousser les limites avec Views. Concevoir des templates pour des pages simples Views vous permet de cr\u00e9er des templates de page par le biais de [&hellip;]<\/p>\n","protected":false},"author":5464,"featured_media":0,"parent":4166,"menu_order":0,"comment_status":"closed","ping_status":"closed","template":"page-layouts.php","meta":{"_bbp_topic_count":0,"_bbp_reply_count":0,"_bbp_total_topic_count":0,"_bbp_total_reply_count":0,"_bbp_voice_count":0,"_bbp_anonymous_reply_count":0,"_bbp_topic_count_hidden":0,"_bbp_reply_count_hidden":0,"_bbp_forum_subforum_count":0,"ep_exclude_from_search":false,"footnotes":""},"documentation-category":[],"class_list":["post-117789","page","type-page","status-publish","hentry"],"_links":{"self":[{"href":"https:\/\/toolset.com\/fr\/wp-json\/wp\/v2\/pages\/117789","targetHints":{"allow":["GET"]}}],"collection":[{"href":"https:\/\/toolset.com\/fr\/wp-json\/wp\/v2\/pages"}],"about":[{"href":"https:\/\/toolset.com\/fr\/wp-json\/wp\/v2\/types\/page"}],"author":[{"embeddable":true,"href":"https:\/\/toolset.com\/fr\/wp-json\/wp\/v2\/users\/5464"}],"replies":[{"embeddable":true,"href":"https:\/\/toolset.com\/fr\/wp-json\/wp\/v2\/comments?post=117789"}],"version-history":[{"count":1,"href":"https:\/\/toolset.com\/fr\/wp-json\/wp\/v2\/pages\/117789\/revisions"}],"predecessor-version":[{"id":257933,"href":"https:\/\/toolset.com\/fr\/wp-json\/wp\/v2\/pages\/117789\/revisions\/257933"}],"up":[{"embeddable":true,"href":"https:\/\/toolset.com\/fr\/wp-json\/wp\/v2\/pages\/4166"}],"wp:attachment":[{"href":"https:\/\/toolset.com\/fr\/wp-json\/wp\/v2\/media?parent=117789"}],"wp:term":[{"taxonomy":"documentation-category","embeddable":true,"href":"https:\/\/toolset.com\/fr\/wp-json\/wp\/v2\/documentation-category?post=117789"}],"curies":[{"name":"wp","href":"https:\/\/api.w.org\/{rel}","templated":true}]}}