{"id":1150691,"date":"2018-11-21T15:05:19","date_gmt":"2018-11-21T15:05:19","guid":{"rendered":"https:\/\/toolset.com\/page-daccueil\/types\/"},"modified":"2020-06-24T05:32:43","modified_gmt":"2020-06-24T05:32:43","slug":"types","status":"publish","type":"page","link":"https:\/\/toolset.com\/fr\/nouvelle-page-daccueil\/types\/","title":{"rendered":"Types"},"content":{"rendered":"<div class=\"wp-block-toolset-blocks-container tb-container alignfull\" data-toolset-blocks-container=\"b4ffebddef65c55b453028953d7d3647\"> <div class=\"wp-block-toolset-blocks-container tb-container alignfull\" data-toolset-blocks-container=\"6b4e3fd1ccb0b693abcce02601326d2f\"><div class=\"tb-container-inner\"> <div class=\"wp-block-toolset-blocks-grid tb-grid\" data-toolset-blocks-grid=\"1af5993f41297a6b74ecf781c7be715c\"> <div class=\"wp-block-toolset-blocks-grid-column tb-grid-column tb-grid-align-center tb-align-top\" data-toolset-blocks-grid-column=\"6c99d90d0bfe30cabf9a62185486ee3c\"> <h1 class=\"tb-heading\" data-toolset-blocks-heading=\"7b44d6216ea44b01b1065954e26e3675\"><strong>Types de Toolset : types de publication, champs et taxonomie personnalis\u00e9s<\/strong><\/h1> <div class=\"tb-fields-and-text\" data-toolset-blocks-fields-and-text=\"57413f427e9d81f5ed043abb9e0c3881\"> <p>Types est un plugin tout-en-un destin\u00e9 \u00e0 g\u00e9rer les contenus personnalis\u00e9s dans WordPress. Il permet de d\u00e9finir des types de publications personnalis\u00e9es, des taxinomies personnalis\u00e9es et des champs personnalis\u00e9s.<\/p> <\/div> <div class=\"wp-block-toolset-blocks-container tb-container\" data-toolset-blocks-container=\"deaf6d2641f0a59e94ad0a06620df26f\"> <div class=\"wp-block-toolset-blocks-grid tb-grid\" data-toolset-blocks-grid=\"945215e30cd9079af759e7681f8506f9\"> <div class=\"wp-block-toolset-blocks-grid-column tb-grid-column tb-grid-align-top\" data-toolset-blocks-grid-column=\"3034fbe886c11054e95b46b09d3e4112\"><div class=\"tb-fields-and-text\" data-toolset-blocks-fields-and-text=\"7f55dc5340ed9d390effba94928149e6\"> <p><span style=\"font-weight: 400;\">Aucun HTML, aucun CSS, aucun JavaScript ni PHP n&#8217;est requis !<\/span><\/p> <\/div> <\/div> <div class=\"wp-block-toolset-blocks-grid-column tb-grid-column tb-grid-align-top\" data-toolset-blocks-grid-column=\"3034fbe886c11054e95b46b09d3e4112\"> <figure class=\"wp-block-image tb-image tb-image-media\" data-toolset-blocks-image=\"58d16bc320b0a7ca4b93496477b04b1a\"><img decoding=\"async\" loading=\"lazy\" src=\"https:\/\/toolset.com\/wp-content\/uploads\/2020\/03\/no-coding.svg\" alt=\"\" class=\"wp-image-1545657\"\/><\/figure> <\/div> <\/div> <\/div> <\/div> <div class=\"wp-block-toolset-blocks-grid-column tb-grid-column tb-grid-align-center tb-align-top\" data-toolset-blocks-grid-column=\"2eef7cf1cb64eeb51b891178b32d49fd\"> <figure class=\"wp-block-image tb-image tb-image-media\" data-toolset-blocks-image=\"e7e27b886474a417cd069dacd3467358\"><img decoding=\"async\" width=\"1600\" height=\"1466\" loading=\"lazy\" src=\"https:\/\/toolset.com\/wp-content\/uploads\/2020\/06\/types-1.png\" alt=\"\" class=\"wp-image-1663359\" srcset=\"https:\/\/toolset.com\/wp-content\/uploads\/2020\/06\/types-1.png 1600w, https:\/\/toolset.com\/wp-content\/uploads\/2020\/06\/types-1-300x275.png 300w, https:\/\/toolset.com\/wp-content\/uploads\/2020\/06\/types-1-1024x938.png 1024w, https:\/\/toolset.com\/wp-content\/uploads\/2020\/06\/types-1-150x137.png 150w, https:\/\/toolset.com\/wp-content\/uploads\/2020\/06\/types-1-768x704.png 768w, https:\/\/toolset.com\/wp-content\/uploads\/2020\/06\/types-1-1536x1407.png 1536w, https:\/\/toolset.com\/wp-content\/uploads\/2020\/06\/types-1-568x520.png 568w\" sizes=\"auto, (max-width: 1600px) 100vw, 1600px\" \/><\/figure> <\/div> <\/div> <\/div><\/div> <\/div> <div class=\"wp-block-toolset-blocks-container tb-container alignfull\" data-toolset-blocks-container=\"8d871ddf8b8628b328d67474c49e45b8\"><div class=\"tb-container-inner\"> <div class=\"wp-block-toolset-blocks-grid tb-grid\" data-toolset-blocks-grid=\"c0ca86f70d7239d5bbc4d8c0a7dcc828\"> <div class=\"wp-block-toolset-blocks-grid-column tb-grid-column tb-grid-align-center tb-align-top\" data-toolset-blocks-grid-column=\"6c99d90d0bfe30cabf9a62185486ee3c\"><div class=\"wp-block-image\"> <figure class=\" tb-image tb-image-url aligncenter\" data-toolset-blocks-image=\"6fd0170fc8c8cb05357290cd2cf0e0b3\"><img decoding=\"async\" loading=\"lazy\" src=\"https:\/\/toolset.com\/wp-content\/uploads\/2020\/05\/CPT-1.png\"\/><\/figure> <\/div><\/div> <div class=\"wp-block-toolset-blocks-grid-column tb-grid-column tb-grid-align-center tb-align-top\" data-toolset-blocks-grid-column=\"6c99d90d0bfe30cabf9a62185486ee3c\"> <div class=\"wp-block-toolset-blocks-container tb-container\" data-toolset-blocks-container=\"11d7377a43bd780b50b042f35b3fb975\"> <figure class=\"wp-block-image tb-image tb-image-media\" data-toolset-blocks-image=\"d1dfaae5bcf0422252302aeaba9ceaa7\"><img decoding=\"async\" loading=\"lazy\" src=\"https:\/\/toolset.com\/wp-content\/uploads\/2020\/03\/no-coding.svg\" alt=\"\" class=\"wp-image-1545657\"\/><\/figure> <h3 class=\"tb-heading\" data-toolset-blocks-heading=\"0f352e697adb8f1a3241ca4ef6113564\">Cr\u00e9ez des publications, champs et taxonomie personnalis\u00e9s<\/h3> <div class=\"tb-fields-and-text\" data-toolset-blocks-fields-and-text=\"6088439d9df1bb352cf469db67308436\"> <p>S\u2019il vous faut plus que de simples pages et publications, Types est fait pour vous. Types vous permet de cr\u00e9er vos propres types de contenu, enrichis de champs personnalis\u00e9s et organis\u00e9s selon vos cat\u00e9gories.<\/p> <\/div> <\/div> <\/div> <\/div> <div class=\"wp-block-toolset-blocks-container tb-container\" data-toolset-blocks-container=\"39f9ffd729940b5567a921bd0062e768\"><\/div> <\/div><\/div> <div class=\"wp-block-toolset-blocks-container tb-container alignfull\" data-toolset-blocks-container=\"a2fad2cf07f2c1036d70b6c1f30bb734\"><div class=\"tb-container-inner\"> <div class=\"wp-block-toolset-blocks-grid tb-grid\" data-toolset-blocks-grid=\"b311a177d830f0795342f261d446f15a\"> <div class=\"wp-block-toolset-blocks-grid-column tb-grid-column tb-grid-align-center tb-align-top\" data-toolset-blocks-grid-column=\"6c99d90d0bfe30cabf9a62185486ee3c\"> <div class=\"wp-block-toolset-blocks-container tb-container\" data-toolset-blocks-container=\"11d7377a43bd780b50b042f35b3fb975\"> <figure class=\"wp-block-image tb-image tb-image-media\" data-toolset-blocks-image=\"d1dfaae5bcf0422252302aeaba9ceaa7\"><img decoding=\"async\" loading=\"lazy\" src=\"https:\/\/toolset.com\/wp-content\/uploads\/2020\/03\/no-coding.svg\" alt=\"\" class=\"wp-image-1545657\"\/><\/figure> <h3 class=\"tb-heading\" data-toolset-blocks-heading=\"5b6be45b9811d6366e9bd0a3e0ed20d3\">D\u00e9finir des groupes de champ r\u00e9p\u00e9titifs<\/h3> <div class=\"tb-fields-and-text\" data-toolset-blocks-fields-and-text=\"6088439d9df1bb352cf469db67308436\"> <p style=\"text-align: left;\"><span>Parfois, un champ unique ne suffit pas et il faut cr\u00e9er des structures plus complexes. Types vous permet de rendre n\u2019importe quel groupe de champs r\u00e9p\u00e9titifs de mani\u00e8re \u00e0 cr\u00e9er des matrices de donn\u00e9es.<\/span><\/p> <\/div> <\/div> <\/div> <div class=\"wp-block-toolset-blocks-grid-column tb-grid-column tb-grid-align-center tb-align-top\" data-toolset-blocks-grid-column=\"6c99d90d0bfe30cabf9a62185486ee3c\"> <figure class=\"wp-block-image tb-image tb-image-media\" data-toolset-blocks-image=\"15f5b126157f1a185cdf8589dd61b1f0\"><img decoding=\"async\" width=\"1000\" height=\"743\" loading=\"lazy\" src=\"https:\/\/toolset.com\/wp-content\/uploads\/2020\/06\/repeating-field-groups.png\" alt=\"\" class=\"wp-image-1669719\" srcset=\"https:\/\/toolset.com\/wp-content\/uploads\/2020\/06\/repeating-field-groups.png 1000w, https:\/\/toolset.com\/wp-content\/uploads\/2020\/06\/repeating-field-groups-300x223.png 300w, https:\/\/toolset.com\/wp-content\/uploads\/2020\/06\/repeating-field-groups-150x111.png 150w, https:\/\/toolset.com\/wp-content\/uploads\/2020\/06\/repeating-field-groups-768x571.png 768w, https:\/\/toolset.com\/wp-content\/uploads\/2020\/06\/repeating-field-groups-700x520.png 700w\" sizes=\"auto, (max-width: 1000px) 100vw, 1000px\" \/><\/figure> <\/div> <\/div> <div class=\"wp-block-toolset-blocks-container tb-container\" data-toolset-blocks-container=\"39f9ffd729940b5567a921bd0062e768\"><\/div> <\/div><\/div> <div class=\"wp-block-toolset-blocks-container tb-container alignfull\" data-toolset-blocks-container=\"8d871ddf8b8628b328d67474c49e45b8\"><div class=\"tb-container-inner\"> <div class=\"wp-block-toolset-blocks-grid tb-grid\" data-toolset-blocks-grid=\"c0ca86f70d7239d5bbc4d8c0a7dcc828\"> <div class=\"wp-block-toolset-blocks-grid-column tb-grid-column tb-grid-align-center tb-align-top\" data-toolset-blocks-grid-column=\"6c99d90d0bfe30cabf9a62185486ee3c\"><div class=\"wp-block-image\"> <figure class=\" tb-image tb-image-media aligncenter\" data-toolset-blocks-image=\"f446731be74f6e18edc2e1ad5f35b38a\"><img decoding=\"async\" width=\"1000\" height=\"743\" loading=\"lazy\" src=\"https:\/\/toolset.com\/wp-content\/uploads\/2020\/06\/Relationship.png\" alt=\"\" class=\"wp-image-1663183\" srcset=\"https:\/\/toolset.com\/wp-content\/uploads\/2020\/06\/Relationship.png 1000w, https:\/\/toolset.com\/wp-content\/uploads\/2020\/06\/Relationship-300x223.png 300w, https:\/\/toolset.com\/wp-content\/uploads\/2020\/06\/Relationship-150x111.png 150w, https:\/\/toolset.com\/wp-content\/uploads\/2020\/06\/Relationship-768x571.png 768w, https:\/\/toolset.com\/wp-content\/uploads\/2020\/06\/Relationship-700x520.png 700w\" sizes=\"auto, (max-width: 1000px) 100vw, 1000px\" \/><\/figure> <\/div><\/div> <div class=\"wp-block-toolset-blocks-grid-column tb-grid-column tb-grid-align-center tb-align-top\" data-toolset-blocks-grid-column=\"6c99d90d0bfe30cabf9a62185486ee3c\"> <div class=\"wp-block-toolset-blocks-container tb-container\" data-toolset-blocks-container=\"11d7377a43bd780b50b042f35b3fb975\"> <figure class=\"wp-block-image tb-image tb-image-media\" data-toolset-blocks-image=\"d1dfaae5bcf0422252302aeaba9ceaa7\"><img decoding=\"async\" loading=\"lazy\" src=\"https:\/\/toolset.com\/wp-content\/uploads\/2020\/03\/no-coding.svg\" alt=\"\" class=\"wp-image-1545657\"\/><\/figure> <h3 class=\"tb-heading\" data-toolset-blocks-heading=\"0f352e697adb8f1a3241ca4ef6113564\">Relier diff\u00e9rents types de publication<\/h3> <div class=\"tb-fields-and-text\" data-toolset-blocks-fields-and-text=\"6088439d9df1bb352cf469db67308436\"> <p><span>Types vous permet de d\u00e9finir des relations parent\/enfant ainsi que des relations de plusieurs \u00e0 plusieurs entre diff\u00e9rents types de publication.<\/span><\/p> <\/div> <\/div> <\/div> <\/div> <div class=\"wp-block-toolset-blocks-container tb-container\" data-toolset-blocks-container=\"39f9ffd729940b5567a921bd0062e768\"><\/div> <\/div><\/div> <div class=\"wp-block-toolset-blocks-container tb-container alignfull\" data-toolset-blocks-container=\"a2fad2cf07f2c1036d70b6c1f30bb734\"><div class=\"tb-container-inner\"> <div class=\"wp-block-toolset-blocks-grid tb-grid\" data-toolset-blocks-grid=\"b311a177d830f0795342f261d446f15a\"> <div class=\"wp-block-toolset-blocks-grid-column tb-grid-column tb-grid-align-center tb-align-top\" data-toolset-blocks-grid-column=\"6c99d90d0bfe30cabf9a62185486ee3c\"> <div class=\"wp-block-toolset-blocks-container tb-container\" data-toolset-blocks-container=\"11d7377a43bd780b50b042f35b3fb975\"> <figure class=\"wp-block-image tb-image tb-image-media\" data-toolset-blocks-image=\"d1dfaae5bcf0422252302aeaba9ceaa7\"><img decoding=\"async\" loading=\"lazy\" src=\"https:\/\/toolset.com\/wp-content\/uploads\/2020\/03\/no-coding.svg\" alt=\"\" class=\"wp-image-1545657\"\/><\/figure> <h3 class=\"tb-heading\" data-toolset-blocks-heading=\"6bb756fef87b5a28186c94c73b4df895\">Validation de saisie int\u00e9gr\u00e9e<\/h3> <div class=\"tb-fields-and-text\" data-toolset-blocks-fields-and-text=\"6088439d9df1bb352cf469db67308436\"> <p><span>Types vous aide \u00e0 vous assurer que le contenu saisi par les utilisateurs est complet et correct. Vous pouvez d\u00e9terminer les champs qui doivent \u00eatre requis. De plus, Types v\u00e9rifie automatiquement que les donn\u00e9es saisies par les utilisateurs dans les champs non textuels sont valides.<\/span><\/p> <\/div> <\/div> <\/div> <div class=\"wp-block-toolset-blocks-grid-column tb-grid-column tb-grid-align-center tb-align-top\" data-toolset-blocks-grid-column=\"6c99d90d0bfe30cabf9a62185486ee3c\"><div class=\"wp-block-image\"> <figure class=\" tb-image tb-image-media aligncenter\" data-toolset-blocks-image=\"d888265998097a1f42cbff2f8d793989\"><img decoding=\"async\" width=\"1000\" height=\"743\" loading=\"lazy\" src=\"https:\/\/toolset.com\/wp-content\/uploads\/2020\/06\/validation-2.png\" alt=\"\" class=\"wp-image-1669657\" srcset=\"https:\/\/toolset.com\/wp-content\/uploads\/2020\/06\/validation-2.png 1000w, https:\/\/toolset.com\/wp-content\/uploads\/2020\/06\/validation-2-300x223.png 300w, https:\/\/toolset.com\/wp-content\/uploads\/2020\/06\/validation-2-150x111.png 150w, https:\/\/toolset.com\/wp-content\/uploads\/2020\/06\/validation-2-768x571.png 768w, https:\/\/toolset.com\/wp-content\/uploads\/2020\/06\/validation-2-700x520.png 700w\" sizes=\"auto, (max-width: 1000px) 100vw, 1000px\" \/><\/figure> <\/div><\/div> <\/div> <div class=\"wp-block-toolset-blocks-container tb-container\" data-toolset-blocks-container=\"39f9ffd729940b5567a921bd0062e768\"><\/div> <\/div><\/div> <div class=\"wp-block-toolset-blocks-container tb-container alignfull\" data-toolset-blocks-container=\"8d871ddf8b8628b328d67474c49e45b8\"><div class=\"tb-container-inner\"> <div class=\"wp-block-toolset-blocks-grid tb-grid\" data-toolset-blocks-grid=\"c0ca86f70d7239d5bbc4d8c0a7dcc828\"> <div class=\"wp-block-toolset-blocks-grid-column tb-grid-column tb-grid-align-center tb-align-top\" data-toolset-blocks-grid-column=\"6c99d90d0bfe30cabf9a62185486ee3c\"> <figure class=\"wp-block-image tb-image tb-image-url\" data-toolset-blocks-image=\"0406575cf94fed1c6524dcaf580c420c\"><img decoding=\"async\" loading=\"lazy\" src=\"https:\/\/toolset.com\/wp-content\/uploads\/2020\/03\/tt.png\"\/><\/figure> <\/div> <div class=\"wp-block-toolset-blocks-grid-column tb-grid-column tb-grid-align-center tb-align-top\" data-toolset-blocks-grid-column=\"6c99d90d0bfe30cabf9a62185486ee3c\"> <div class=\"wp-block-toolset-blocks-container tb-container\" data-toolset-blocks-container=\"11d7377a43bd780b50b042f35b3fb975\"> <figure class=\"wp-block-image tb-image tb-image-media\" data-toolset-blocks-image=\"d1dfaae5bcf0422252302aeaba9ceaa7\"><img decoding=\"async\" loading=\"lazy\" src=\"https:\/\/toolset.com\/wp-content\/uploads\/2020\/03\/no-coding.svg\" alt=\"\" class=\"wp-image-1545657\"\/><\/figure> <h3 class=\"tb-heading\" data-toolset-blocks-heading=\"0f352e697adb8f1a3241ca4ef6113564\">Affichage facile en amont du site<\/h3> <div class=\"tb-fields-and-text\" data-toolset-blocks-fields-and-text=\"6088439d9df1bb352cf469db67308436\"> <p><span>Types, avec le reste des plugins Toolset, rend ais\u00e9 l\u2019affichage des contenus personnalis\u00e9s en amont. Vous pouvez concevoir des mod\u00e8les, archives et listes avec <\/span><strong>Toolset Blocks<\/strong><span>et des formulaires avec <\/span> <a href=\"https:\/\/toolset.com\/fr\/nouvelle-page-daccueil\/cred-editeur-de-contenu-frontal-pour-wordpress\/\">Toolset Forms<\/a> <span>.<\/span><\/p> <\/div> <\/div> <\/div> <\/div> <div class=\"wp-block-toolset-blocks-container tb-container\" data-toolset-blocks-container=\"39f9ffd729940b5567a921bd0062e768\"><\/div> <\/div><\/div> <div class=\"wp-block-toolset-blocks-container tb-container\" data-toolset-blocks-container=\"5e95d57dc8887c69cf230b9c0c2d7d84\"> <h2 class=\"tb-heading has-text-color\" data-toolset-blocks-heading=\"3825af7ef3d31e933170cbd31815cbc4\">Quelle est la prochaine \u00e9tape ?<\/h2> <div class=\"tb-fields-and-text\" data-toolset-blocks-fields-and-text=\"b0e45c64aca5bde607e9632d96b10646\"> <p class=\"new-layout__paragraph text--white\" style=\"text-align: center;\">B\u00e9n\u00e9ficiez de notre offre &#8220;30 jours satisfait ou rembours\u00e9&#8221;. Acqu\u00e9rez Toolset et testez-le.<br \/>Si vous n&#8217;\u00eates pas 100% satisfait, faites-le nous savoir et vous serez int\u00e9gralement rembours\u00e9.<\/p> <\/div> <div class=\"wp-block-toolset-blocks-grid tb-grid\" data-toolset-blocks-grid=\"be5090090764891feae9c27c8898fef6\"> <div class=\"wp-block-toolset-blocks-grid-column tb-grid-column tb-grid-align-top\" data-toolset-blocks-grid-column=\"3034fbe886c11054e95b46b09d3e4112\"> <div class=\"tb-button\" data-toolset-blocks-button=\"c9d784890bfb02436b490a7420254c77\"><a class=\"tb-button__link\" href=\"https:\/\/toolset.com\/toolset-free-consultation\/\"><i class=\"tb-button__icon\"><\/i><span class=\"tb-button__content\">Posez vos questions<\/span><\/a><\/div> <\/div> <div class=\"wp-block-toolset-blocks-grid-column tb-grid-column tb-grid-align-center\" data-toolset-blocks-grid-column=\"f586ff7bfe1d7317c63162ec7b7039ed\"><div class=\"tb-fields-and-text\" data-toolset-blocks-fields-and-text=\"b0e45c64aca5bde607e9632d96b10646\"> <p><span>et d\u00e9couvrez comment Toolset peut vous aider \u00e0 concr\u00e9tiser votre projet.<\/span><\/p> <\/div> <\/div> <\/div> <div class=\"tb-button\" data-toolset-blocks-button=\"0ef119e6f911ca736c5c7733c053fa75\"><a class=\"tb-button__link\" href=\"https:\/\/toolset.com\/buy\/\"><i class=\"tb-button__icon\"><\/i><span class=\"tb-button__content\">Obtenez Toolset<\/span><\/a><\/div> <div class=\"tb-fields-and-text\" data-toolset-blocks-fields-and-text=\"5a02b6f3fcf20cc17316536cbaa9fb47\"> <p style=\"text-align: center;\"><span>Les sites bas\u00e9s sur Toolset sont robustes et fiables.<\/span><br \/><span>Avec Toolset, vous passez moins de temps \u00e0 d\u00e9velopper les sites et encore moins de temps \u00e0 les maintenir.<\/span><\/p> <\/div> <\/div>","protected":false},"excerpt":{"rendered":"","protected":false},"author":1,"featured_media":0,"parent":1396327,"menu_order":0,"comment_status":"closed","ping_status":"closed","template":"template-page-no-title.php","meta":{"_bbp_topic_count":0,"_bbp_reply_count":0,"_bbp_total_topic_count":0,"_bbp_total_reply_count":0,"_bbp_voice_count":0,"_bbp_anonymous_reply_count":0,"_bbp_topic_count_hidden":0,"_bbp_reply_count_hidden":0,"_bbp_forum_subforum_count":0,"ep_exclude_from_search":false,"footnotes":""},"documentation-category":[],"class_list":["post-1150691","page","type-page","status-publish","hentry"],"_links":{"self":[{"href":"https:\/\/toolset.com\/fr\/wp-json\/wp\/v2\/pages\/1150691","targetHints":{"allow":["GET"]}}],"collection":[{"href":"https:\/\/toolset.com\/fr\/wp-json\/wp\/v2\/pages"}],"about":[{"href":"https:\/\/toolset.com\/fr\/wp-json\/wp\/v2\/types\/page"}],"author":[{"embeddable":true,"href":"https:\/\/toolset.com\/fr\/wp-json\/wp\/v2\/users\/1"}],"replies":[{"embeddable":true,"href":"https:\/\/toolset.com\/fr\/wp-json\/wp\/v2\/comments?post=1150691"}],"version-history":[{"count":8,"href":"https:\/\/toolset.com\/fr\/wp-json\/wp\/v2\/pages\/1150691\/revisions"}],"predecessor-version":[{"id":1674301,"href":"https:\/\/toolset.com\/fr\/wp-json\/wp\/v2\/pages\/1150691\/revisions\/1674301"}],"up":[{"embeddable":true,"href":"https:\/\/toolset.com\/fr\/wp-json\/wp\/v2\/pages\/1396327"}],"wp:attachment":[{"href":"https:\/\/toolset.com\/fr\/wp-json\/wp\/v2\/media?parent=1150691"}],"wp:term":[{"taxonomy":"documentation-category","embeddable":true,"href":"https:\/\/toolset.com\/fr\/wp-json\/wp\/v2\/documentation-category?post=1150691"}],"curies":[{"name":"wp","href":"https:\/\/api.w.org\/{rel}","templated":true}]}}