{"id":1122717,"date":"2018-10-08T13:13:40","date_gmt":"2018-10-08T13:13:40","guid":{"rendered":"https:\/\/toolset.com\/a-qui-est-destine-toolset\/"},"modified":"2020-09-30T08:26:19","modified_gmt":"2020-09-30T08:26:19","slug":"a-qui-est-destine-toolset","status":"publish","type":"page","link":"https:\/\/toolset.com\/fr\/a-qui-est-destine-toolset\/","title":{"rendered":"\u00c0 qui est destin\u00e9 Toolset ?"},"content":{"rendered":"<p class=\"lead\">M\u00eame sans connaissance de programmation, Toolset vous aidera \u00e0 r\u00e9aliser des projets de plus grande envergure et encore plus ambitieux. M\u00eame sans connaissance de programmation, Toolset vous aidera \u00e0 r\u00e9aliser des projets de plus grande envergure et encore plus ambitieux.<\/p>\n<h2>Ce que vous pouvez r\u00e9aliser avec Toolset et <strong>z\u00e9ro programmation <\/strong><\/h2>\n<p>Toolset vous permet d\u2019ajouter des types de publication, des champs et des taxonomies personnalis\u00e9s \u00e0 vos sites WordPress, et cela ne constitue qu\u2019une infime partie de ses possibilit\u00e9s. La v\u00e9ritable force de Toolset r\u00e9side dans ce que vous pouvez r\u00e9aliser avec ces types personnalis\u00e9s sans \u00e9crire aucun code.<\/p>\n<div class=\"alert alert-warning\">Avoir recours \u00e0 Toolset, c\u2019est comme avoir un programmateur sp\u00e9cialis\u00e9 \u00e0 son service, qui met instantan\u00e9ment en \u0153uvre ce que vous lui demandez. Si vous avez des connaissances basiques en HTML et CSS, Toolset se chargera pour vous de la programmation.<\/div>\n<ul>\n<li>Relier diff\u00e9rents types de publication<\/li>\n<li>Cr\u00e9er des requ\u00eates personnalis\u00e9es et afficher des listes en amont<\/li>\n<li>Afficher des champs et une taxonomie personnalis\u00e9s<\/li>\n<li>Cr\u00e9er des recherches personnalis\u00e9es<\/li>\n<li>Cr\u00e9er des formulaires pour la soumission de contenu et l\u2019\u00e9dition en amont<\/li>\n<li>Cr\u00e9er des formulaires pour les inscriptions d\u2019utilisateur en amont<\/li>\n<li>Afficher des informations sous forme de marqueur sur Google Maps<\/li>\n<li>Contr\u00f4ler l\u2019acc\u00e8s aux diff\u00e9rentes parties de l\u2019administration WordPress et en amont<\/li>\n<\/ul>\n<h2>Ce que vous pouvez r\u00e9aliser avec Toolset avec <strong>un peu de programmation<\/strong><\/h2>\n<p>Toolset est extr\u00eamement extensible. En plus de tous les formidables possibilit\u00e9s que vous pouvez cr\u00e9er sans avoir \u00e0 \u00e9crire une seule ligne de code, Toolset est livr\u00e9 avec des amorces et des filtres avanc\u00e9s qui permettent une infinit\u00e9 d\u2019am\u00e9liorations.<\/p>\n<div class=\"alert alert-warning\">Si vous \u00eates un programmateur chevronn\u00e9, vous pourrez abattre beaucoup plus de travail en bien moins de temps avec Toolset. Vous serez donc plus efficace et pourrez limiter votre encodage personnalis\u00e9 l\u00e0 o\u00f9 vous en avez vraiment besoin.<\/div>\n<ul>\n<li>Cr\u00e9er des flux de travail en transformant WordPress en un cadre d\u2019application.<\/li>\n<li>Afficher les valeurs du champ calcul\u00e9es \u00e0 l\u2019aide de codes abr\u00e9g\u00e9s personnalis\u00e9s<\/li>\n<li>Int\u00e9grer Views \u00e0 des moteurs d\u2019affichage non HTML<\/li>\n<\/ul>\n<h2>J\u2019utilise d\u00e9j\u00e0 un constructeur de page, ai-je tout de m\u00eame besoin de Toolset?<\/h2>\n<p>Toolset n\u2019est pas un constructeur de page. Il ne remplace pas les constructeurs de page et les constructeurs de page ne remplacent pas Toolset. Avec un constructeur de page, vous pouvez concevoir <strong>l\u2019apparence<\/strong> de votre contenu. Toolset vous permet de cr\u00e9er des \u00e9l\u00e9ments personnalis\u00e9s, ce que les constructeurs de page ne peuvent faire.<\/p>\n<p>Toolset est enti\u00e8rement int\u00e9gr\u00e9 \u00e0 l&#8217;\u00e9diteur de bloc WordPress (Gutenberg). Cela vous permet de cr\u00e9er visuellement des sites personnalis\u00e9s avanc\u00e9s \u00e0 l&#8217;aide de l&#8217;\u00e9diteur WordPress.<\/p>\n<h2>J&#8217;utilise un autre CMS, comment puis-je apprendre \u00e0 travailler avec Toolset?<\/h2>\n<p>De nombreux clients actuels de Toolset utilisaient Drupal auparavant. Si vous travaillez actuellement dans Drupal et recherchez une alternative, consultez notre<a href=\"https:\/\/toolset.com\/documentation\/programmer-reference\/guide-drupal-developers-switching-wordpress\/\">guide de migration de Drupal \u00e0 WordPress<\/a>.<\/p>\n<p>Si vous cr\u00e9ez des sites personnalis\u00e9s avec des tableaux de base de donn\u00e9es personnalis\u00e9s et un code PHP, regardez notre tutoriel pour savoir <a href=\"https:\/\/toolset.com\/documentation\/programmer-reference\/how-to-import-a-database-into-wordpress\/\">comment migrer d&#8217;une conception de base de donn\u00e9es personnalis\u00e9e \u00e0 WordPress<\/a>.<\/p>\n<hr>\n<p>Vous vous demandez toujours ce que vaut Toolset par rapport aux solutions alternatives ? Consultez notre <a href=\"https:\/\/toolset.com\/home\/comparing-toolset-to-free-and-paid-alternatives\/\">comparatif de Toolset avec des alternatives gratuites et payantes.<\/a><\/p>\n<div class=\"alert alert-info\">\n<p>Int\u00e9ress\u00e9 ? <a href=\"https:\/\/toolset.com\/buy\/\">Choisissez la solution qui vous convient<\/a><\/p>\n<\/div>\n","protected":false},"excerpt":{"rendered":"<p>M\u00eame sans connaissance de programmation, Toolset vous aidera \u00e0 r\u00e9aliser des projets de plus grande envergure et encore plus ambitieux. M\u00eame sans connaissance de programmation, Toolset vous aidera \u00e0 r\u00e9aliser des projets de plus grande envergure et encore plus ambitieux. Ce que vous pouvez r\u00e9aliser avec Toolset et z\u00e9ro programmation Toolset vous permet d\u2019ajouter des [&hellip;]<\/p>\n","protected":false},"author":1,"featured_media":0,"parent":0,"menu_order":0,"comment_status":"closed","ping_status":"closed","template":"","meta":{"_bbp_topic_count":0,"_bbp_reply_count":0,"_bbp_total_topic_count":0,"_bbp_total_reply_count":0,"_bbp_voice_count":0,"_bbp_anonymous_reply_count":0,"_bbp_topic_count_hidden":0,"_bbp_reply_count_hidden":0,"_bbp_forum_subforum_count":0,"ep_exclude_from_search":false,"footnotes":""},"documentation-category":[],"class_list":["post-1122717","page","type-page","status-publish","hentry"],"_links":{"self":[{"href":"https:\/\/toolset.com\/fr\/wp-json\/wp\/v2\/pages\/1122717","targetHints":{"allow":["GET"]}}],"collection":[{"href":"https:\/\/toolset.com\/fr\/wp-json\/wp\/v2\/pages"}],"about":[{"href":"https:\/\/toolset.com\/fr\/wp-json\/wp\/v2\/types\/page"}],"author":[{"embeddable":true,"href":"https:\/\/toolset.com\/fr\/wp-json\/wp\/v2\/users\/1"}],"replies":[{"embeddable":true,"href":"https:\/\/toolset.com\/fr\/wp-json\/wp\/v2\/comments?post=1122717"}],"version-history":[{"count":1,"href":"https:\/\/toolset.com\/fr\/wp-json\/wp\/v2\/pages\/1122717\/revisions"}],"predecessor-version":[{"id":1408125,"href":"https:\/\/toolset.com\/fr\/wp-json\/wp\/v2\/pages\/1122717\/revisions\/1408125"}],"wp:attachment":[{"href":"https:\/\/toolset.com\/fr\/wp-json\/wp\/v2\/media?parent=1122717"}],"wp:term":[{"taxonomy":"documentation-category","embeddable":true,"href":"https:\/\/toolset.com\/fr\/wp-json\/wp\/v2\/documentation-category?post=1122717"}],"curies":[{"name":"wp","href":"https:\/\/api.w.org\/{rel}","templated":true}]}}