{"id":678275,"date":"2018-04-17T09:26:51","date_gmt":"2018-04-17T09:26:51","guid":{"rendered":"https:\/\/toolset.com\/documentacion\/introduccion-a-toolset\/"},"modified":"2018-04-17T09:26:51","modified_gmt":"2018-04-17T09:26:51","slug":"introduccion-a-toolset","status":"publish","type":"page","link":"https:\/\/toolset.com\/es\/documentacion\/introduccion-a-toolset\/","title":{"rendered":"Introducci\u00f3n a Toolset"},"content":{"rendered":"<p class=\"lead\">Los plugines de Toolset permiten crear sitios web completos desde la comodidad del \u00e1rea de administraci\u00f3n de WordPress, sin programar PHP. Este tutorial le explicar\u00e1 los conceptos b\u00e1sicos para que usted pueda crear sitios web personalizados con Toolset.<\/p>\n<p><required type=\"ta_marker\">\n\n\n\n<\/required><\/p>\n<h2>T\u00e9cnicas de Toolset para mejores sitios<\/h2>\n<p> Una vez que haya finalizado con los conceptos b\u00e1sicos y que sepa usar Toolset, aseg\u00farese de aprender c\u00f3mo mejorar el marketing con Toolset.<\/p>\n<ul>\n<li><a href=\"\/?page_id=504082\">SEO para sus sitios web basados en Toolset<\/a><\/li>\n<li><a href=\"\/?page_id=504190\">Creaci\u00f3n de dise\u00f1os realmente adaptables<\/a><\/li>\n<li><a href=\"\/?page_id=503621\">Creaci\u00f3n de p\u00e1ginas de aterrizaje<\/a><\/li>\n<\/ul>\n","protected":false},"excerpt":{"rendered":"<p>Los plugines de Toolset permiten crear sitios web completos desde la comodidad del \u00e1rea de administraci\u00f3n de WordPress, sin programar PHP. Este tutorial le explicar\u00e1 los conceptos b\u00e1sicos para que usted pueda crear sitios web personalizados con Toolset. T\u00e9cnicas de Toolset para mejores sitios Una vez que haya finalizado con los conceptos b\u00e1sicos y que [&hellip;]<\/p>\n","protected":false},"author":4341,"featured_media":0,"parent":5205,"menu_order":0,"comment_status":"closed","ping_status":"closed","template":"","meta":{"_bbp_topic_count":0,"_bbp_reply_count":0,"_bbp_total_topic_count":0,"_bbp_total_reply_count":0,"_bbp_voice_count":0,"_bbp_anonymous_reply_count":0,"_bbp_topic_count_hidden":0,"_bbp_reply_count_hidden":0,"_bbp_forum_subforum_count":0,"ep_exclude_from_search":false,"footnotes":""},"documentation-category":[],"class_list":["post-678275","page","type-page","status-publish","hentry"],"_links":{"self":[{"href":"https:\/\/toolset.com\/es\/wp-json\/wp\/v2\/pages\/678275","targetHints":{"allow":["GET"]}}],"collection":[{"href":"https:\/\/toolset.com\/es\/wp-json\/wp\/v2\/pages"}],"about":[{"href":"https:\/\/toolset.com\/es\/wp-json\/wp\/v2\/types\/page"}],"author":[{"embeddable":true,"href":"https:\/\/toolset.com\/es\/wp-json\/wp\/v2\/users\/4341"}],"replies":[{"embeddable":true,"href":"https:\/\/toolset.com\/es\/wp-json\/wp\/v2\/comments?post=678275"}],"version-history":[{"count":0,"href":"https:\/\/toolset.com\/es\/wp-json\/wp\/v2\/pages\/678275\/revisions"}],"up":[{"embeddable":true,"href":"https:\/\/toolset.com\/es\/wp-json\/wp\/v2\/pages\/5205"}],"wp:attachment":[{"href":"https:\/\/toolset.com\/es\/wp-json\/wp\/v2\/media?parent=678275"}],"wp:term":[{"taxonomy":"documentation-category","embeddable":true,"href":"https:\/\/toolset.com\/es\/wp-json\/wp\/v2\/documentation-category?post=678275"}],"curies":[{"name":"wp","href":"https:\/\/api.w.org\/{rel}","templated":true}]}}