{"id":625224,"date":"2018-03-15T10:43:21","date_gmt":"2018-03-15T10:43:21","guid":{"rendered":"https:\/\/toolset.com\/inicio\/un-paseo-por-toolset\/"},"modified":"2020-06-04T08:17:56","modified_gmt":"2020-06-04T08:17:56","slug":"un-paseo-por-toolset","status":"publish","type":"page","link":"https:\/\/toolset.com\/es\/nueva-pagina-de-inicio\/un-paseo-por-toolset\/","title":{"rendered":"Recorrido por Toolset"},"content":{"rendered":"<div class=\"wp-block-toolset-blocks-container tb-container alignfull\" data-toolset-blocks-container=\"50c80471f6789cd8e537aacd0c02bca1\"> <div class=\"wp-block-toolset-blocks-container tb-container alignfull\" data-toolset-blocks-container=\"aca689103d7312add1a35e63385fbd08\"><div class=\"tb-container-inner\"> <div class=\"wp-block-toolset-blocks-grid tb-grid\" data-toolset-blocks-grid=\"911934f7020e9c5d2123ec98a28288c8\"> <div class=\"wp-block-toolset-blocks-grid-column tb-grid-column tb-grid-align-center tb-align-top\" data-toolset-blocks-grid-column=\"6c99d90d0bfe30cabf9a62185486ee3c\"> <h2 class=\"tb-heading\" data-toolset-blocks-heading=\"22f3feddf06abce0c644b27c868598f6\"><strong>Toolset ayuda a quienes no manejan c\u00f3digos a crear sitios WordPress avanzados<\/strong> <\/h2> <div class=\"tb-fields-and-text\" data-toolset-blocks-fields-and-text=\"57413f427e9d81f5ed043abb9e0c3881\">\u00bfSuena como una gran promesa?<br \/> Observe c\u00f3mo se hace en realidad.<\/div> <div class=\"wp-block-toolset-blocks-container tb-container\" data-toolset-blocks-container=\"deaf6d2641f0a59e94ad0a06620df26f\"> <div class=\"wp-block-toolset-blocks-grid tb-grid\" data-toolset-blocks-grid=\"945215e30cd9079af759e7681f8506f9\"> <div class=\"wp-block-toolset-blocks-grid-column tb-grid-column tb-grid-align-top\" data-toolset-blocks-grid-column=\"3034fbe886c11054e95b46b09d3e4112\"><div class=\"tb-fields-and-text\" data-toolset-blocks-fields-and-text=\"7f55dc5340ed9d390effba94928149e6\"> <p><span style=\"font-weight: 400;\">\u00a1No necesita HTML, CSS, JavaScript ni PHP!<\/span><\/p> <\/div> <\/div> <div class=\"wp-block-toolset-blocks-grid-column tb-grid-column tb-grid-align-top\" data-toolset-blocks-grid-column=\"3034fbe886c11054e95b46b09d3e4112\"> <figure class=\"wp-block-image tb-image tb-image-media\" data-toolset-blocks-image=\"58d16bc320b0a7ca4b93496477b04b1a\"><img decoding=\"async\" loading=\"lazy\" src=\"https:\/\/toolset.com\/wp-content\/uploads\/2020\/03\/no-coding.svg\" alt=\"\" class=\"wp-image-1545661\"\/><\/figure> <\/div> <\/div> <\/div> <\/div> <div class=\"wp-block-toolset-blocks-grid-column tb-grid-column tb-grid-align-center tb-align-top\" data-toolset-blocks-grid-column=\"2eef7cf1cb64eeb51b891178b32d49fd\"><div class=\"wp-block-image\"> <figure class=\" tb-image tb-image-media aligncenter\" data-toolset-blocks-image=\"6215f0937eba5559453576a908bf2d28\"><a href=\"https:\/\/www.youtube.com\/watch?v=_1MaF2QOjx8\"><img decoding=\"async\" width=\"559\" height=\"383\" loading=\"lazy\" src=\"https:\/\/toolset.com\/wp-content\/uploads\/2020\/05\/Dario-Toolset-tour-video-1.png\" alt=\"\" class=\"wp-image-1641151\" srcset=\"https:\/\/toolset.com\/wp-content\/uploads\/2020\/05\/Dario-Toolset-tour-video-1.png 559w, https:\/\/toolset.com\/wp-content\/uploads\/2020\/05\/Dario-Toolset-tour-video-1-300x206.png 300w, https:\/\/toolset.com\/wp-content\/uploads\/2020\/05\/Dario-Toolset-tour-video-1-150x103.png 150w\" sizes=\"auto, (max-width: 559px) 100vw, 559px\" \/><\/a><\/figure> <\/div><\/div> <\/div> <\/div><\/div> <\/div> <div class=\"wp-block-toolset-blocks-container tb-container alignfull\" data-toolset-blocks-container=\"8d871ddf8b8628b328d67474c49e45b8\"><div class=\"tb-container-inner\"> <div class=\"wp-block-toolset-blocks-grid tb-grid\" data-toolset-blocks-grid=\"c0ca86f70d7239d5bbc4d8c0a7dcc828\"> <div class=\"wp-block-toolset-blocks-grid-column tb-grid-column tb-grid-align-center tb-align-top\" data-toolset-blocks-grid-column=\"6c99d90d0bfe30cabf9a62185486ee3c\"><div class=\"wp-block-image\"> <figure class=\" tb-image tb-image-media aligncenter\" data-toolset-blocks-image=\"c6909d7ed8bf2e7e89045c20645359f6\"><img decoding=\"async\" width=\"1000\" height=\"743\" loading=\"lazy\" src=\"https:\/\/toolset.com\/wp-content\/uploads\/2020\/05\/CPT-1.png\" alt=\"\" class=\"wp-image-1641245\" srcset=\"https:\/\/toolset.com\/wp-content\/uploads\/2020\/05\/CPT-1.png 1000w, https:\/\/toolset.com\/wp-content\/uploads\/2020\/05\/CPT-1-300x223.png 300w, https:\/\/toolset.com\/wp-content\/uploads\/2020\/05\/CPT-1-150x111.png 150w, https:\/\/toolset.com\/wp-content\/uploads\/2020\/05\/CPT-1-768x571.png 768w, https:\/\/toolset.com\/wp-content\/uploads\/2020\/05\/CPT-1-700x520.png 700w\" sizes=\"auto, (max-width: 1000px) 100vw, 1000px\" \/><\/figure> <\/div><\/div> <div class=\"wp-block-toolset-blocks-grid-column tb-grid-column tb-grid-align-center tb-align-top\" data-toolset-blocks-grid-column=\"6c99d90d0bfe30cabf9a62185486ee3c\"> <div class=\"wp-block-toolset-blocks-container tb-container\" data-toolset-blocks-container=\"11d7377a43bd780b50b042f35b3fb975\"> <figure class=\"wp-block-image tb-image tb-image-media\" data-toolset-blocks-image=\"6d4153cc4d443368a34344482418b35d\"><img decoding=\"async\" loading=\"lazy\" src=\"https:\/\/toolset.com\/wp-content\/uploads\/2020\/03\/types-orange.svg\" alt=\"\" class=\"wp-image-1553609\"\/><\/figure> <h3 class=\"tb-heading\" data-toolset-blocks-heading=\"0f352e697adb8f1a3241ca4ef6113564\">Cree los tipos y campos personalizados que su sitio web necesita.<\/h3> <div class=\"tb-fields-and-text\" data-toolset-blocks-fields-and-text=\"6088439d9df1bb352cf469db67308436\"> <p><span>Cada sitio necesita distintos tipos de contenido. Toolset le permite crear los tipos de contenido exactos que usted necesita y configurar f\u00e1cilmente las conexiones entre los mismos.<\/span><\/p> <\/div> <\/div> <\/div> <\/div> <div class=\"wp-block-toolset-blocks-container tb-container\" data-toolset-blocks-container=\"39f9ffd729940b5567a921bd0062e768\"><\/div> <\/div><\/div> <div class=\"wp-block-toolset-blocks-container tb-container alignfull\" data-toolset-blocks-container=\"a2fad2cf07f2c1036d70b6c1f30bb734\"><div class=\"tb-container-inner\"> <div class=\"wp-block-toolset-blocks-grid tb-grid\" data-toolset-blocks-grid=\"b311a177d830f0795342f261d446f15a\"> <div class=\"wp-block-toolset-blocks-grid-column tb-grid-column tb-grid-align-center tb-align-top\" data-toolset-blocks-grid-column=\"6c99d90d0bfe30cabf9a62185486ee3c\"> <div class=\"wp-block-toolset-blocks-container tb-container\" data-toolset-blocks-container=\"11d7377a43bd780b50b042f35b3fb975\"> <figure class=\"wp-block-image tb-image tb-image-media\" data-toolset-blocks-image=\"2f6c1ef4942405df32e9267a3974cae1\"><img decoding=\"async\" loading=\"lazy\" src=\"https:\/\/toolset.com\/wp-content\/uploads\/2020\/05\/view.svg\" alt=\"\" class=\"wp-image-1641177\"\/><\/figure> <h3 class=\"tb-heading\" data-toolset-blocks-heading=\"6bb756fef87b5a28186c94c73b4df895\">Dise\u00f1e plantillas y views<\/h3> <div class=\"tb-fields-and-text\" data-toolset-blocks-fields-and-text=\"6088439d9df1bb352cf469db67308436\"> <p>Toolset facilita el dise\u00f1o de plantillas, archivos y listas para sus tipos de contenido. Todo se construye de manera visual mediante el uso de Block Editor integrado en WordPress.<\/p> <p>Adem\u00e1s de plantillas, casi siempre necesita mostrar listas de elementos. Las llamamos views. Los views le permiten cargar cualquier lista de contenido y mostrarlo en cualquier parte que elija. Puede crear listas simples, cuadr\u00edculas, tablas, b\u00fasquedas personalizadas y hasta mostrar contenido en Google Maps.<\/p> <\/div> <\/div> <\/div> <div class=\"wp-block-toolset-blocks-grid-column tb-grid-column tb-grid-align-center tb-align-top\" data-toolset-blocks-grid-column=\"6c99d90d0bfe30cabf9a62185486ee3c\"> <figure class=\"wp-block-image tb-image tb-image-url\" data-toolset-blocks-image=\"a860dec40b45b5afb230ba11e3c11ea6\"><img decoding=\"async\" loading=\"lazy\" src=\"https:\/\/toolset.com\/wp-content\/uploads\/2020\/03\/trainer-1.png\"\/><\/figure> <\/div> <\/div> <div class=\"wp-block-toolset-blocks-container tb-container\" data-toolset-blocks-container=\"39f9ffd729940b5567a921bd0062e768\"><\/div> <\/div><\/div> <div class=\"wp-block-toolset-blocks-container tb-container alignfull\" data-toolset-blocks-container=\"8d871ddf8b8628b328d67474c49e45b8\"><div class=\"tb-container-inner\"> <div class=\"wp-block-toolset-blocks-grid tb-grid\" data-toolset-blocks-grid=\"c0ca86f70d7239d5bbc4d8c0a7dcc828\"> <div class=\"wp-block-toolset-blocks-grid-column tb-grid-column tb-grid-align-center tb-align-top\" data-toolset-blocks-grid-column=\"6c99d90d0bfe30cabf9a62185486ee3c\"><div class=\"wp-block-image\"> <figure class=\" tb-image tb-image-media aligncenter\" data-toolset-blocks-image=\"828168664d5bf99db0b66b2ea5b3e2d2\"><img decoding=\"async\" width=\"1000\" height=\"743\" loading=\"lazy\" src=\"https:\/\/toolset.com\/wp-content\/uploads\/2020\/05\/form.png\" alt=\"\" class=\"wp-image-1641333\" srcset=\"https:\/\/toolset.com\/wp-content\/uploads\/2020\/05\/form.png 1000w, https:\/\/toolset.com\/wp-content\/uploads\/2020\/05\/form-300x223.png 300w, https:\/\/toolset.com\/wp-content\/uploads\/2020\/05\/form-150x111.png 150w, https:\/\/toolset.com\/wp-content\/uploads\/2020\/05\/form-768x571.png 768w, https:\/\/toolset.com\/wp-content\/uploads\/2020\/05\/form-700x520.png 700w\" sizes=\"auto, (max-width: 1000px) 100vw, 1000px\" \/><\/figure> <\/div><\/div> <div class=\"wp-block-toolset-blocks-grid-column tb-grid-column tb-grid-align-center tb-align-top\" data-toolset-blocks-grid-column=\"6c99d90d0bfe30cabf9a62185486ee3c\"> <div class=\"wp-block-toolset-blocks-container tb-container\" data-toolset-blocks-container=\"11d7377a43bd780b50b042f35b3fb975\"> <figure class=\"wp-block-image tb-image tb-image-media\" data-toolset-blocks-image=\"c9d40af28227e5c71942853ef0cfdf86\"><img decoding=\"async\" loading=\"lazy\" src=\"https:\/\/toolset.com\/wp-content\/uploads\/2020\/03\/form-orange.svg\" alt=\"\" class=\"wp-image-1553625\"\/><\/figure> <h3 class=\"tb-heading\" data-toolset-blocks-heading=\"0f352e697adb8f1a3241ca4ef6113564\">Cree formularios para enviar contenido a la interfaz de usuario y editarlo<\/h3> <div class=\"tb-fields-and-text\" data-toolset-blocks-fields-and-text=\"6088439d9df1bb352cf469db67308436\"> <p><span>Si est\u00e1 creando listas, clasificados o sitios de directorios, necesita formularios que permitan al visitante enviar y editar contenido directamente desde la interfaz de usuario. Toolset le permite crear formularios para cualquier tipo de contenido con cualquier campo que elija. Los formularios de Toolset pueden crear contenido nuevo, editar contenido y hasta eliminar contenido.<\/span><\/p> <\/div> <\/div> <\/div> <\/div> <div class=\"wp-block-toolset-blocks-container tb-container\" data-toolset-blocks-container=\"39f9ffd729940b5567a921bd0062e768\"><\/div> <\/div><\/div> <div class=\"wp-block-toolset-blocks-container tb-container alignfull\" data-toolset-blocks-container=\"a2fad2cf07f2c1036d70b6c1f30bb734\"><div class=\"tb-container-inner\"> <div class=\"wp-block-toolset-blocks-grid tb-grid\" data-toolset-blocks-grid=\"b311a177d830f0795342f261d446f15a\"> <div class=\"wp-block-toolset-blocks-grid-column tb-grid-column tb-grid-align-center tb-align-top\" data-toolset-blocks-grid-column=\"6c99d90d0bfe30cabf9a62185486ee3c\"> <div class=\"wp-block-toolset-blocks-container tb-container\" data-toolset-blocks-container=\"11d7377a43bd780b50b042f35b3fb975\"> <figure class=\"wp-block-image tb-image tb-image-media\" data-toolset-blocks-image=\"9fe1a4e42f914615bf939883cf8c8571\"><img decoding=\"async\" width=\"30\" height=\"30\" loading=\"lazy\" src=\"https:\/\/toolset.com\/wp-content\/uploads\/2020\/03\/access-orange.svg\" alt=\"Toolset Access\" class=\"wp-image-1553635\"\/><\/figure> <h3 class=\"tb-heading\" data-toolset-blocks-heading=\"6bb756fef87b5a28186c94c73b4df895\">Controle qui\u00e9n puede acceder a las p\u00e1ginas de interfaz de usuario y de administraci\u00f3n <\/h3> <div class=\"tb-fields-and-text\" data-toolset-blocks-fields-and-text=\"6088439d9df1bb352cf469db67308436\"> <p><span>Toolset incluye control de acceso avanzado tanto para la administraci\u00f3n de WordPress y las p\u00e1ginas de interfaz de usuario. Puede configurar roles personalizados y administrar el acceso de los mismos al sitio. Si bloquea el acceso, puede elegir qu\u00e9 mostrar en reemplazo.<\/span><\/p> <\/div> <\/div> <\/div> <div class=\"wp-block-toolset-blocks-grid-column tb-grid-column tb-grid-align-center tb-align-top\" data-toolset-blocks-grid-column=\"6c99d90d0bfe30cabf9a62185486ee3c\"><div class=\"wp-block-image\"> <figure class=\" tb-image tb-image-media aligncenter\" data-toolset-blocks-image=\"8bc32c200a17695695e320dc40d48229\"><img decoding=\"async\" width=\"1000\" height=\"743\" loading=\"lazy\" src=\"https:\/\/toolset.com\/wp-content\/uploads\/2020\/05\/access.png\" alt=\"\" class=\"wp-image-1641357\" srcset=\"https:\/\/toolset.com\/wp-content\/uploads\/2020\/05\/access.png 1000w, https:\/\/toolset.com\/wp-content\/uploads\/2020\/05\/access-300x223.png 300w, https:\/\/toolset.com\/wp-content\/uploads\/2020\/05\/access-150x111.png 150w, https:\/\/toolset.com\/wp-content\/uploads\/2020\/05\/access-768x571.png 768w, https:\/\/toolset.com\/wp-content\/uploads\/2020\/05\/access-700x520.png 700w\" sizes=\"auto, (max-width: 1000px) 100vw, 1000px\" \/><\/figure> <\/div><\/div> <\/div> <div class=\"wp-block-toolset-blocks-container tb-container\" data-toolset-blocks-container=\"39f9ffd729940b5567a921bd0062e768\"><\/div> <\/div><\/div> <div class=\"wp-block-toolset-blocks-container tb-container\" data-toolset-blocks-container=\"55e374c8b6fb444efc183df0cae4d670\"><div class=\"tb-container-inner\"> <h2 class=\"tb-heading has-text-color\" data-toolset-blocks-heading=\"8e57c57ed9a6bb63e2705a4ce92e2a33\">Obtenga Toolset Hoy y disfrute de la garant\u00eda de devoluci\u00f3n del 100 % del dinero por 30 d\u00edas<\/h2> <div class=\"tb-button\" data-toolset-blocks-button=\"711252787074f39dff96fe5b03f5a54a\"><a class=\"tb-button__link\" href=\"https:\/\/toolset.com\/buy\/\"><i class=\"tb-button__icon\"><\/i><span class=\"tb-button__content\">Comprar y descargar<\/span><\/a><\/div> <div class=\"wp-block-toolset-blocks-grid tb-grid\" data-toolset-blocks-grid=\"c6bdec274d6cdaeeea7644a2d21f03fe\"> <div class=\"wp-block-toolset-blocks-grid-column tb-grid-column tb-grid-align-center\" data-toolset-blocks-grid-column=\"f586ff7bfe1d7317c63162ec7b7039ed\"><div class=\"tb-fields-and-text\" data-toolset-blocks-fields-and-text=\"110ece5c8c116dd5bba2e3ee44718d46\"> <p style=\"text-align: right;\"><span>\u00bfTiene preguntas?<\/span><\/p> <\/div> <\/div> <div class=\"wp-block-toolset-blocks-grid-column tb-grid-column tb-grid-align-center\" data-toolset-blocks-grid-column=\"f586ff7bfe1d7317c63162ec7b7039ed\"> <div class=\"tb-button\" data-toolset-blocks-button=\"e6aaa2b9cc417c583b2d79f0d737d091\"><a class=\"tb-button__link\" href=\"https:\/\/toolset.com\/toolset-free-consultation\/\"><i class=\"tb-button__icon\"><\/i><span class=\"tb-button__content\">Cont\u00e1ctenos<\/span><\/a><\/div> <\/div> <\/div> <\/div><\/div>","protected":false},"excerpt":{"rendered":"","protected":false},"author":23373,"featured_media":0,"parent":1396483,"menu_order":0,"comment_status":"closed","ping_status":"closed","template":"template-page-no-title.php","meta":{"_bbp_topic_count":0,"_bbp_reply_count":0,"_bbp_total_topic_count":0,"_bbp_total_reply_count":0,"_bbp_voice_count":0,"_bbp_anonymous_reply_count":0,"_bbp_topic_count_hidden":0,"_bbp_reply_count_hidden":0,"_bbp_forum_subforum_count":0,"ep_exclude_from_search":false,"footnotes":""},"documentation-category":[],"class_list":["post-625224","page","type-page","status-publish","hentry"],"_links":{"self":[{"href":"https:\/\/toolset.com\/es\/wp-json\/wp\/v2\/pages\/625224","targetHints":{"allow":["GET"]}}],"collection":[{"href":"https:\/\/toolset.com\/es\/wp-json\/wp\/v2\/pages"}],"about":[{"href":"https:\/\/toolset.com\/es\/wp-json\/wp\/v2\/types\/page"}],"author":[{"embeddable":true,"href":"https:\/\/toolset.com\/es\/wp-json\/wp\/v2\/users\/23373"}],"replies":[{"embeddable":true,"href":"https:\/\/toolset.com\/es\/wp-json\/wp\/v2\/comments?post=625224"}],"version-history":[{"count":9,"href":"https:\/\/toolset.com\/es\/wp-json\/wp\/v2\/pages\/625224\/revisions"}],"predecessor-version":[{"id":1650129,"href":"https:\/\/toolset.com\/es\/wp-json\/wp\/v2\/pages\/625224\/revisions\/1650129"}],"up":[{"embeddable":true,"href":"https:\/\/toolset.com\/es\/wp-json\/wp\/v2\/pages\/1396483"}],"wp:attachment":[{"href":"https:\/\/toolset.com\/es\/wp-json\/wp\/v2\/media?parent=625224"}],"wp:term":[{"taxonomy":"documentation-category","embeddable":true,"href":"https:\/\/toolset.com\/es\/wp-json\/wp\/v2\/documentation-category?post=625224"}],"curies":[{"name":"wp","href":"https:\/\/api.w.org\/{rel}","templated":true}]}}