{"id":5211,"date":"2013-07-25T12:02:17","date_gmt":"2013-07-25T12:02:17","guid":{"rendered":"https:\/\/toolset.com\/inicio\/views-cree-formas-elegantes-de-visualizacion-para-su-contenido\/"},"modified":"2020-02-10T06:44:34","modified_gmt":"2020-02-10T06:44:34","slug":"views-cree-formas-elegantes-de-visualizacion-para-su-contenido","status":"publish","type":"page","link":"https:\/\/toolset.com\/es\/nueva-pagina-de-inicio\/views-cree-formas-elegantes-de-visualizacion-para-su-contenido\/","title":{"rendered":"Views"},"content":{"rendered":"<section class=\"full-bg page-views row--padding--large\" > <div class=\"container \"> <div class=\"row\"> <section class=\"col-sm-12\"> <div class=\"row \" > <div class=\"col-sm-5 hero-text col-sm-offset-1\"><h1 class=\"new-layout__header calltoaction__title\">Views: el <span class=\"text-primary-red\">creador de consultas<\/span> para WordPress <\/h1> <p class=\"home__lead__paragraph\"> Views le permite cargar cualquier clase de contenido desde la base de datos y mostrarlo con el dise\u00f1o que elija. Es f\u00e1cil de usar para quienes no saben de programaci\u00f3n y est\u00e1 lleno de funciones para desarrolladores WordPress avanzados. <\/p><\/div><div class=\"col-sm-5 hero-img col-sm-offset-1\"><img decoding=\"async\" class=\"size-full aligncenter img-responsive\" src=\"https:\/\/toolset.com\/wp-content\/uploads\/2018\/06\/img-new-grid-1.png\"><\/div><\/div> <div class=\"row page-views__hero-box\" > <div class=\"col-sm-4 col-sm-4\"><div class=\"shadow-box__element\"> <div class=\"col-sm-3 col-xs-3\"> <span class=\"icon compatible\"><\/span> <\/div> <div class=\"col-sm-9 col-xs-9\"> <h3>Compatible<\/h3> <p> Views funciona con cualquier tema y creador de p\u00e1ginas <\/p> <\/div> <\/div><\/div><div class=\"col-sm-4 col-xs-12 col-sm-4\"><div class=\"shadow-box__element\"> <div class=\"col-sm-3 col-xs-3\"> <span class=\"icon complete\"><\/span> <\/div> <div class=\"col-sm-9 col-xs-9\"> <h3>Integral<\/h3> <p> Permite mostrar todo lo que hay en la base de datos <\/p> <\/div> <\/div><\/div><div class=\"col-sm-4 col-xs-12 col-sm-4\"><div class=\"shadow-box__element\"> <div class=\"col-sm-3 col-xs-3\"> <span class=\"icon easy\"><\/span> <\/div> <div class=\"col-sm-9 col-xs-9\"> <h3>F\u00e1cil de usar<\/h3> <p> Views se puede usar en su totalidad sin programar <\/p> <\/div> <\/div><\/div><\/div><\/section><\/div><\/div><\/section> <section class=\"full-bg row--padding--large explore\" > <div class=\"container \"> <div class=\"row\"> <section class=\"col-sm-12\"> <div class=\"row \" > <div class=\"col-sm-12\"><h2 class=\"new-layout__header text-center\">C\u00f3mo <span class=\"text-primary-red\">crear consultas<\/span> con Views<\/div><\/div> <div class=\"row \" > <div class=\"col-sm-12\"><div class=\"step row one\"> <div class=\"step__number one\"> <span>PASO<\/span> <\/div> <div class=\"step__content row\"> <div class=\"col-sm-6 step__content__img\"> <a class=\"js-box\" href=\"https:\/\/toolset.com\/wp-content\/uploads\/2018\/06\/custom-search-content-type-selection.jpg\"> <img decoding=\"async\" class=\"has-border step__image img-responsive\" src=\"https:\/\/toolset.com\/wp-content\/uploads\/2018\/06\/custom-search-content-type-selection.jpg\" alt=\"\"> <\/a> <\/div> <div class=\"col-sm-5 step__content__text\"> <h3 class=\"step__header\">Seleccione el contenido para cargar<\/h3> <p class=\"step__paragraph\"> Views facilita la carga del contenido correcto desde la base de datos. Empiece seleccionando el tipo de contenido para cargar. Views puede cargar por usted todo lo que aparece en su sitio web. <\/p> <\/div> <\/div> <\/div> <div class=\"step row two\"> <div class=\"step__number two\"> <span>PASO<\/span> <\/div> <div class=\"step__content row\"> <div class=\"col-sm-6 step__content__img\"> <a class=\"js-box\" href=\"https:\/\/toolset.com\/wp-content\/uploads\/2018\/06\/Global-list-of-Planeta.png\"> <img decoding=\"async\" class=\"step__image img-responsive\" alt=\"\" src=\"https:\/\/toolset.com\/wp-content\/uploads\/2018\/06\/Global-list-of-Planeta.png\"> <\/a> <\/div> <div class=\"col-sm-5 step__content__text\"> <h3 class=\"step__header\">Aplicar filtros<\/h3> <p class=\"step__paragraph\"> Muchas veces, no se necesita mostrar todo, sino solo elementos espec\u00edficos. Por ejemplo, si desea mostrar &#8220;historias relacionadas&#8221;, &#8220;rese\u00f1as para este producto&#8221; u &#8220;oradores de esta conferencia&#8221;. Views hace que el filtrado sea sencillo e intuitivo. <\/p> <\/div> <\/div> <\/div> <div class=\"step row three\"> <div class=\"step__number three\"> <span>PASO<\/span> <\/div> <div class=\"step__content row\"> <div class=\"col-sm-6 step__content__img\"> <a class=\"js-box\" href=\"https:\/\/toolset.com\/wp-content\/uploads\/2018\/06\/layout-select-style-300x18211.png\"> <img decoding=\"async\" class=\"step__image img-responsive\" src=\"https:\/\/toolset.com\/wp-content\/uploads\/2018\/06\/layout-select-style-300x18211.png\" alt=\"\"> <\/a> <\/div> <div class=\"col-sm-5 step__content__text\"> <h3 class=\"step__header\">Aplicar un estilo a la salida<\/h3> <p class=\"step__paragraph\"> Views no solo carga el contenido correcto desde la base de datos, sino que tambi\u00e9n facilita la presentaci\u00f3n del mismo en la interfaz de usuario del sitio. Usted utilizar\u00e1 HTML simple para mostrar los resultados de la manera que elija. Views le ayuda a darle forma a la salida sin un estilo predefinido, lo cual se puede editar en su totalidad. <\/p> <\/div> <\/div> <\/div> <div class=\"step row\"> <div class=\"step__number four\"> <span>PASO<\/span> <\/div> <div class=\"step__content row\"> <div class=\"col-sm-6 step__content__img\"> <a class=\"js-box\" href=\"https:\/\/toolset.com\/wp-content\/uploads\/2018\/06\/Jon-Arvizu-I-Design.png\"> <img decoding=\"async\" class=\"step__image img-responsive\" src=\"https:\/\/toolset.com\/wp-content\/uploads\/2018\/06\/Jon-Arvizu-I-Design.png\" alt=\"\"> <\/a> <\/div> <div class=\"col-sm-5 step__content__text\"> <h3 class=\"step__header\">Mostrar en la interfaz de usuario<\/h3> <p class=\"step__paragraph\"> Views se puede mostrar en cualquier parte, creado con cualquier tema o creador de p\u00e1ginas. Views se puede agregar a p\u00e1ginas, plantillas, archivos y hasta widgets. <\/p> <\/div> <\/div> <\/div><\/div><\/div><\/section><\/div><\/div><\/section> <section class=\"full-bg showcase-container\" > <div class=\"container \"> <div class=\"row\"> <section class=\"col-sm-10 container showcase col-sm-offset-1\"> <div class=\"row \" > <div class=\"col-sm-12\"><h2 class=\"new-layout__header text-center\"> \u00bfDesea ver qu\u00e9 se ha <span class=\"text-primary-red\">creado con Views?<\/span> <\/h2><\/div><\/div> <div class=\"row \" > <div class=\"col-sm-6 showcase__element\"><div class=\"showcase__container\"> <img decoding=\"async\" class=\"img-responsive\" src=\"https:\/\/toolset.com\/wp-content\/uploads\/2018\/06\/Helena-Frith-Powell.png\" alt=\"\"> <div class=\"showcase__content\"> <h3>Listas din\u00e1micas de contenido para la p\u00e1gina de inicio<\/h3> <p> <a href=\"http:\/\/helenafrithpowell.com\/\" target=\"_blank\" rel=\"nofollow noopener noreferrer\" class=\"showcase__link\">Helenafrithpowell.com<\/a> utiliza diversas views para mostrar el contenido del escritor en la p\u00e1gina de inicio. La p\u00e1gina de inicio se actualiza de forma autom\u00e1tica cuando se introduce el contenido al sitio web. <\/p> <\/div> <\/div><\/div><div class=\"col-sm-6 showcase__element\"><div class=\"showcase__container\"> <img decoding=\"async\" class=\"img-responsive\" src=\"https:\/\/toolset.com\/wp-content\/uploads\/2018\/06\/Hotel-Business-e-per-Famiglie-Roma.png\" alt=\"\"> <div class=\"showcase__content\"> <h3>Una b\u00fasqueda personalizada en la barra lateral del sitio web<\/h3> <p> <a href=\"http:\/\/hotelinrome.com\/\" class=\"showcase__link\" target=\"_blank\" rel=\"nofollow noopener noreferrer\">Hotel in Rome<\/a> ofrece alojamiento, excursiones y restaurantes en la capital de Italia. Para darle el mayor espacio posible a sus servicios, coloc\u00f3 la opci\u00f3n de b\u00fasqueda en un widget ubicado en la barra lateral derecha. <\/p> <\/div> <\/div><\/div><\/div> <div class=\"row \" > <div class=\"col-sm-6 showcase__element\"><div class=\"showcase__container\"> <img decoding=\"async\" class=\"img-responsive\" src=\"https:\/\/toolset.com\/wp-content\/uploads\/2018\/06\/Global-list-of-Planeta-2.png\" alt=\"\"> <div class=\"showcase__content\"> <h3>Una b\u00fasqueda personalizada en p\u00e1gina completa en un mapa de Google<\/h3> <p> <a href=\"http:\/\/www.fddb.org\/\" class=\"showcase__link\" target=\"_blank\" rel=\"nofollow noopener noreferrer\">The Fulldome Database<\/a> necesitaba una b\u00fasqueda personalizada con 14 atributos para mostrar sus cientos de espect\u00e1culos de todo el mundo. Con Views ha creado una b\u00fasqueda que se actualiza en tiempo real para ayudarle al usuario a encontrar el espect\u00e1culo indicado en segundos. <\/p> <\/div> <\/div><\/div><div class=\"col-sm-6 showcase__element\"><div class=\"showcase__container\"> <img decoding=\"async\" class=\"img-responsive\" src=\"https:\/\/toolset.com\/wp-content\/uploads\/2018\/06\/Forms.png\" alt=\"\"> <div class=\"showcase__content\"> <h3>Una tabla simple<\/h3> <p> <a href=\"http:\/\/andersoncountyclerkandmaster.com\/\" class=\"showcase__link\" target=\"_blank\" rel=\"nofollow noopener noreferrer\">The Anderson County Clerk &amp; Master <\/a> custodia actuaciones judiciales. Ofrecen una larga lista de formularios en diferentes formatos. La lista es una view que muestra los resultados en forma de tabla. <\/p> <\/div> <\/div><\/div><\/div> <div class=\"row \" > <div class=\"col-sm-6 showcase__element\"><div class=\"showcase__container\"> <img decoding=\"async\" class=\"img-responsive\" src=\"https:\/\/toolset.com\/wp-content\/uploads\/2018\/06\/Swindon-Teaching-Schools.png\" alt=\"\"> <div class=\"showcase__content\"> <h3>Una cuadr\u00edcula<\/h3> <p> <a href=\"https:\/\/www.swindonteachingschool.org.uk\/\" class=\"showcase__link\" target=\"_blank\" rel=\"nofollow noopener noreferrer\">Swindon Teaching Schools <\/a> ofrece una variedad de cursos. Para simplificar el mantenimiento de la p\u00e1gina de inicio, ellos la muestran con una view. De esta forma, cuando el curso es modificado, la p\u00e1gina de inicio se actualiza de forma autom\u00e1tica. <\/p> <\/div> <\/div><\/div><div class=\"col-sm-6 showcase__element\"><div class=\"showcase__container\"> <img decoding=\"async\" class=\"img-responsive\" src=\"https:\/\/toolset.com\/wp-content\/uploads\/2018\/06\/Jon-Arvizu-I-Design.png\" alt=\"\"> <div class=\"showcase__content\"> <h3>Listas personalizadas para productos en WooCommerce<\/h3> <p> El sitio web de <a href=\"https:\/\/jonarvizu.com\/\" class=\"showcase__link\" target=\"_blank\" rel=\"nofollow noopener noreferrer\">Jon Arvizu<\/a> utiliza WooCommerce para vender obras de arte. Ellos crearon con Views una lista personalizada para los productos, para lograr el aspecto y comportamiento que necesitaban exactamente. <\/p> <\/div> <\/div><\/div><\/div><\/section><\/div><\/div><\/section> <section class=\"full-bg equalize row-calltoaction-bg\" > <div class=\"container \"> <div class=\"row\"> <div class=\"col-sm-5 col-xs-12 col-sm-offset-1\"><h2 class=\"new-layout__header text--white\">Pruebe <span class=\"text-primary-yellow\">Views<\/span><\/h2> <p class=\"new-layout__paragraph text--white\"> En minutos, el plugin Views le ayudar\u00e1 a crear sus propias consultas. Las funciones avanzadas de Views le permitir\u00e1n crear exactamente lo que sus clientes est\u00e1n pidiendo sin programar. <br> <strong>Pru\u00e9belo durante 30 d\u00edas<\/strong> y f\u00edjese qu\u00e9 le parece. Si no queda 100 % satisfecho, comun\u00edquese con nostros y le reintegraremos su compra. <\/p><\/div><div class=\"col-sm-4 col-xs-12 col-sm-offset-1\"><a href=\"https:\/\/toolset.com\/es\/adquieralo-ahora-mismo\/\" class=\"calltoaction__main-btn calltoaction__main-btn--white\"><i class=\"fa fa-chevron-right\"><\/i> Compre Views con Toolset<\/a><\/div><\/div><\/div><\/section>","protected":false},"excerpt":{"rendered":"<p>Views: el creador de consultas para WordPress Views le permite cargar cualquier clase de contenido desde la base de datos y mostrarlo con el dise\u00f1o que elija. Es f\u00e1cil de usar para quienes no saben de programaci\u00f3n y est\u00e1 lleno de funciones para desarrolladores WordPress avanzados. Compatible Views funciona con cualquier tema y creador de [&hellip;]<\/p>\n","protected":false},"author":3,"featured_media":0,"parent":1396483,"menu_order":0,"comment_status":"closed","ping_status":"closed","template":"","meta":{"_bbp_topic_count":0,"_bbp_reply_count":0,"_bbp_total_topic_count":0,"_bbp_total_reply_count":0,"_bbp_voice_count":0,"_bbp_anonymous_reply_count":0,"_bbp_topic_count_hidden":0,"_bbp_reply_count_hidden":0,"_bbp_forum_subforum_count":0,"ep_exclude_from_search":false,"footnotes":""},"documentation-category":[],"class_list":["post-5211","page","type-page","status-publish","hentry"],"_links":{"self":[{"href":"https:\/\/toolset.com\/es\/wp-json\/wp\/v2\/pages\/5211","targetHints":{"allow":["GET"]}}],"collection":[{"href":"https:\/\/toolset.com\/es\/wp-json\/wp\/v2\/pages"}],"about":[{"href":"https:\/\/toolset.com\/es\/wp-json\/wp\/v2\/types\/page"}],"author":[{"embeddable":true,"href":"https:\/\/toolset.com\/es\/wp-json\/wp\/v2\/users\/3"}],"replies":[{"embeddable":true,"href":"https:\/\/toolset.com\/es\/wp-json\/wp\/v2\/comments?post=5211"}],"version-history":[{"count":9,"href":"https:\/\/toolset.com\/es\/wp-json\/wp\/v2\/pages\/5211\/revisions"}],"predecessor-version":[{"id":1501169,"href":"https:\/\/toolset.com\/es\/wp-json\/wp\/v2\/pages\/5211\/revisions\/1501169"}],"up":[{"embeddable":true,"href":"https:\/\/toolset.com\/es\/wp-json\/wp\/v2\/pages\/1396483"}],"wp:attachment":[{"href":"https:\/\/toolset.com\/es\/wp-json\/wp\/v2\/media?parent=5211"}],"wp:term":[{"taxonomy":"documentation-category","embeddable":true,"href":"https:\/\/toolset.com\/es\/wp-json\/wp\/v2\/documentation-category?post=5211"}],"curies":[{"name":"wp","href":"https:\/\/api.w.org\/{rel}","templated":true}]}}