{"id":5208,"date":"2012-11-20T06:11:37","date_gmt":"2012-11-20T06:11:37","guid":{"rendered":"https:\/\/toolset.com\/inicio\/contactenos\/"},"modified":"2024-10-24T06:18:05","modified_gmt":"2024-10-24T06:18:05","slug":"contactenos","status":"publish","type":"page","link":"https:\/\/toolset.com\/es\/nueva-pagina-de-inicio\/contactenos\/","title":{"rendered":"Cont\u00e1ctenos"},"content":{"rendered":"<div class=\"container-fluid \"> <div class=\"ddl-full-width-row row \" > <div class=\"col-sm-8 my-account-nav contact-nav\"><div class=\"my-account-nav contact-nav\"> <a href=\"https:\/\/toolset.com\/es\/forums\/\" class=\"contact-nav-forums\"> <h3>Asistencia t\u00e9cnica<\/h3> Si compr\u00f3 Toolset y necesita asistencia t\u00e9cnica, visite el foro de soporte exclusivo para miembros. <\/a> <a href=\"https:\/\/toolset.com\/es\/?page_id=514540\" class=\"contact-nav-questions\"><h3>Consultas previas a la compra<\/h3>\u00bfA\u00fan no es cliente? Utilice nuestro formulario de consulta gratuita. <\/a> <a href=\"\/?page_id=501187\" class=\"contact-nav-themes\"><h3>Cons\u00faltenos sobre los temas basados en Toolset.<\/h3> \u00bfDesea aprender m\u00e1s sobre la creaci\u00f3n de temas con Toolset? Use este formulario y nos pondremos en contacto con usted <\/a> <a href=\"https:\/\/toolset.com\/report-security-vulnerability-issues\/\" class=\"contact-nav-security\"><h3>Problemas de seguridad y vulnerabilidad<\/h3>\u00bfEncontr\u00f3 un problema de seguridad\/vulnerabilidad? Use este formulario.<\/a> <a href=\"https:\/\/toolset.com\/es\/?page_id=535612\" class=\"contact-nav-password\"><h3>Cuenta y finanzas<\/h3>\u00bfProblemas de cuenta o suscripci\u00f3n? Use nuestro formulario de contacton. <\/a> <a href=\"https:\/\/toolset.com\/es\/?page_id=510563\" class=\"contact-nav-password\"><h3>Recuperar contrase\u00f1a<\/h3>\u00bfCompr\u00f3 Toolset y no recibi\u00f3 el correo de cuenta nueva? Utilice la recuperaci\u00f3n de contrase\u00f1a. <\/a> <a href=\"https:\/\/toolset.com\/es\/?page_id=5217\" class=\"contact-nav-refunds\"><h3>Devoluciones<\/h3> \u00bfCompr\u00f3 y no es exactamente lo que esperaba? Pol\u00edtica de reembolso. <\/a> <a href=\"https:\/\/toolset.com\/es\/?page_id=535615\" class=\"contact-nav-bussiness\"><h3>Comercio y prensa<\/h3>\u00bfConsultas relacionadas con el comercio o la prensa? Use nuestro formulario de contacto. <\/a> <a href=\"https:\/\/toolset.com\/es\/contractors\/\" class=\"contact-nav-help\"><h3>Ayuda para su proyecto personalizado<\/h3>\u00bfEst\u00e1 buscando un experto que le ayude con su sitio web basado en Toolset? Conozcan los proveedores de Toolset. <\/a> <a href=\"http:\/\/www.onthegosystems.com\/jobs\/\" class=\"contact-nav-jobs\"><h3>Trabajo<\/h3>\u00bfBusca trabajo? Vea las vacantes para desarrollo y soporte para WordPress en OnTheGoSystems. <\/a> <\/div><\/div><div class=\"col-sm-4 sidebar sidebar-contact\"><h2>Nuestra direcci\u00f3n<\/h2> <p><strong>OnTheGoSystems Limited<\/strong><\/p><p>22\/F 3 Lockhart Road<br> Wanchai<br> Hong Kong<\/p><\/div><\/div><\/div>","protected":false},"excerpt":{"rendered":"<p>Nuestra direcci\u00f3n<\/p>\n","protected":false},"author":1,"featured_media":0,"parent":1396483,"menu_order":0,"comment_status":"closed","ping_status":"closed","template":"","meta":{"_bbp_topic_count":0,"_bbp_reply_count":0,"_bbp_total_topic_count":0,"_bbp_total_reply_count":0,"_bbp_voice_count":0,"_bbp_anonymous_reply_count":0,"_bbp_topic_count_hidden":0,"_bbp_reply_count_hidden":0,"_bbp_forum_subforum_count":0,"ep_exclude_from_search":false,"footnotes":""},"documentation-category":[],"class_list":["post-5208","page","type-page","status-publish","hentry"],"_links":{"self":[{"href":"https:\/\/toolset.com\/es\/wp-json\/wp\/v2\/pages\/5208","targetHints":{"allow":["GET"]}}],"collection":[{"href":"https:\/\/toolset.com\/es\/wp-json\/wp\/v2\/pages"}],"about":[{"href":"https:\/\/toolset.com\/es\/wp-json\/wp\/v2\/types\/page"}],"author":[{"embeddable":true,"href":"https:\/\/toolset.com\/es\/wp-json\/wp\/v2\/users\/1"}],"replies":[{"embeddable":true,"href":"https:\/\/toolset.com\/es\/wp-json\/wp\/v2\/comments?post=5208"}],"version-history":[{"count":8,"href":"https:\/\/toolset.com\/es\/wp-json\/wp\/v2\/pages\/5208\/revisions"}],"predecessor-version":[{"id":2779157,"href":"https:\/\/toolset.com\/es\/wp-json\/wp\/v2\/pages\/5208\/revisions\/2779157"}],"up":[{"embeddable":true,"href":"https:\/\/toolset.com\/es\/wp-json\/wp\/v2\/pages\/1396483"}],"wp:attachment":[{"href":"https:\/\/toolset.com\/es\/wp-json\/wp\/v2\/media?parent=5208"}],"wp:term":[{"taxonomy":"documentation-category","embeddable":true,"href":"https:\/\/toolset.com\/es\/wp-json\/wp\/v2\/documentation-category?post=5208"}],"curies":[{"name":"wp","href":"https:\/\/api.w.org\/{rel}","templated":true}]}}