{"id":5205,"date":"2012-11-22T12:11:06","date_gmt":"2012-11-22T12:11:06","guid":{"rendered":"https:\/\/toolset.com\/documentacion\/"},"modified":"2020-02-27T08:48:39","modified_gmt":"2020-02-27T08:48:39","slug":"documentacion","status":"publish","type":"page","link":"https:\/\/toolset.com\/es\/documentacion\/","title":{"rendered":"Documentaci\u00f3n"},"content":{"rendered":"<div class=\"container-fluid \">\n<p>Toolset evoluciona constantemente con nuevas funcionalidades y mejoras. Use la <a href=\"https:\/\/toolset.com\/documentation\/\">documentaci\u00f3n en ingl\u00e9s<\/a> para acceder a la informaci\u00f3n m\u00e1s actualizada.<\/p><\/div>\n","protected":false},"excerpt":{"rendered":"<p>Toolset evoluciona constantemente con nuevas funcionalidades y mejoras. Use la documentaci\u00f3n en ingl\u00e9s para acceder a la informaci\u00f3n m\u00e1s actualizada.<\/p>\n","protected":false},"author":3,"featured_media":0,"parent":0,"menu_order":64,"comment_status":"closed","ping_status":"closed","template":"template-page-no-title.php","meta":{"_bbp_topic_count":0,"_bbp_reply_count":0,"_bbp_total_topic_count":0,"_bbp_total_reply_count":0,"_bbp_voice_count":0,"_bbp_anonymous_reply_count":0,"_bbp_topic_count_hidden":0,"_bbp_reply_count_hidden":0,"_bbp_forum_subforum_count":0,"ep_exclude_from_search":false,"footnotes":""},"documentation-category":[],"class_list":["post-5205","page","type-page","status-publish","hentry"],"_links":{"self":[{"href":"https:\/\/toolset.com\/es\/wp-json\/wp\/v2\/pages\/5205","targetHints":{"allow":["GET"]}}],"collection":[{"href":"https:\/\/toolset.com\/es\/wp-json\/wp\/v2\/pages"}],"about":[{"href":"https:\/\/toolset.com\/es\/wp-json\/wp\/v2\/types\/page"}],"author":[{"embeddable":true,"href":"https:\/\/toolset.com\/es\/wp-json\/wp\/v2\/users\/3"}],"replies":[{"embeddable":true,"href":"https:\/\/toolset.com\/es\/wp-json\/wp\/v2\/comments?post=5205"}],"version-history":[{"count":9,"href":"https:\/\/toolset.com\/es\/wp-json\/wp\/v2\/pages\/5205\/revisions"}],"predecessor-version":[{"id":1484739,"href":"https:\/\/toolset.com\/es\/wp-json\/wp\/v2\/pages\/5205\/revisions\/1484739"}],"wp:attachment":[{"href":"https:\/\/toolset.com\/es\/wp-json\/wp\/v2\/media?parent=5205"}],"wp:term":[{"taxonomy":"documentation-category","embeddable":true,"href":"https:\/\/toolset.com\/es\/wp-json\/wp\/v2\/documentation-category?post=5205"}],"curies":[{"name":"wp","href":"https:\/\/api.w.org\/{rel}","templated":true}]}}