{"id":5196,"date":"2012-11-22T04:12:53","date_gmt":"2012-11-22T04:12:53","guid":{"rendered":"https:\/\/toolset.com\/caracteristicas\/"},"modified":"2014-10-28T16:34:26","modified_gmt":"2014-10-28T16:34:26","slug":"caracteristicas","status":"publish","type":"page","link":"https:\/\/toolset.com\/es\/caracteristicas\/","title":{"rendered":"Recorrido"},"content":{"rendered":"<section id=\"product-features\">\n<header>\n<hgroup>\n<h1>Un paseo por el Toolset<\/h1>\n<\/hgroup>\n<\/header>\n<section class=\"featureblock singlefeature\">\n<h3>Use Campos Personalizados en Templates<\/h3>\n<p><strong><a href=\"https:\/\/toolset.com\/es\/inicio\/types-manipule-y-gestione-tipos-de-entradas-taxonomia-y-campos-personalizados\/\">Types<\/a> le permite a\u00f1adir campos personalizados al <a href=\"https:\/\/toolset.com\/es\/inicio\/views-cree-formas-elegantes-de-visualizacion-para-su-contenido\/\">contenido<\/a>, mientras que Views lo hace m\u00e1s f\u00e1cil de visualizar.<\/strong><\/p>\n<p>Cree Content Templates para entradas, p\u00e1ginas y tipos personalizados e inserte campos personalizados desde el men\u00fa Views. Usted utilizar\u00e1 HTML y CSS para dar formato y posicionar cabeceras de p\u00e1gina, contenido y los campos personalizados que inserte.<\/p>\n<p>Pero no s\u00f3lo se trata de campos personalizados. Views le permite visualizar f\u00e1cilmente todos los campos de entrada, taxonom\u00edas y comentarios est\u00e1ndar<\/p>\n<div class=\"feature-thumbnail\"><figure id=\"attachment_13391\" aria-describedby=\"caption-attachment-13391\" style=\"width: 150px\" class=\"wp-caption alignnone\"><a href=\"https:\/\/toolset.com\/wp-content\/uploads\/2012\/11\/inserting-custom-fields2.png\"><img decoding=\"async\" src=\"https:\/\/toolset.com\/wp-content\/uploads\/2012\/11\/inserting-custom-fields-150x1503.png\" alt=\"\" title=\"\" width=\"150\" height=\"150\" class=\"size-thumbnail wp-image-13391\" \/><\/a><figcaption id=\"caption-attachment-13391\" class=\"wp-caption-text\">Inserte campos a la plantilla (template)<\/figcaption><\/figure>\n<\/div>\n<div class=\"feature-thumbnail\"><figure id=\"attachment_1234\" aria-describedby=\"caption-attachment-1234\" style=\"width: 150px\" class=\"wp-caption alignnone\"><a href=\"https:\/\/toolset.com\/wp-content\/uploads\/2012\/11\/views-html2.png\"><img decoding=\"async\" src=\"https:\/\/toolset.com\/wp-content\/uploads\/2012\/11\/views-html-150x1503.png\" alt=\"\" title=\"\" width=\"150\" height=\"150\" class=\"size-thumbnail wp-image-1234\" \/><\/a><figcaption id=\"caption-attachment-1234\" class=\"wp-caption-text\">Template con campos personalizados<\/figcaption><\/figure>\n<\/div>\n<div class=\"feature-thumbnail-last\"><figure id=\"attachment_8318\" aria-describedby=\"caption-attachment-8318\" style=\"width: 150px\" class=\"wp-caption alignnone\"><a href=\"https:\/\/toolset.com\/wp-content\/uploads\/2012\/11\/single-showcase2.png\"><img decoding=\"async\" src=\"https:\/\/toolset.com\/wp-content\/uploads\/2012\/11\/single-showcase-150x1503.png\" alt=\"\" title=\"\" width=\"150\" height=\"150\" class=\"size-thumbnail wp-image-8318\" \/><\/a><figcaption id=\"caption-attachment-8318\" class=\"wp-caption-text\">La p\u00e1gina, formateada con una Content Template<\/figcaption><\/figure><\/div>\n<div style=\"clear:both;\"><\/div>\n<\/section>\n<div class=\"feature-separator\"><\/div>\n<section class=\"featureblock singlefeature\">\n<h3>Cargue contenido de la base de datos y mu\u00e9strelo<\/h3>\n<p><strong><a href=\"https:\/\/toolset.com\/es\/inicio\/views-cree-formas-elegantes-de-visualizacion-para-su-contenido\/\">Views<\/a> le permite cargar cualquier contenido desde la base de datos, incluyendo tipos est\u00e1ndar y personalizados. Usted puede visualizar dicho contenido como bloques dentro de p\u00e1ginas o como widgets.<\/strong><\/p>\n<p>\u00bfDesea listar contenido personalizado en la p\u00e1gina principal de su sitio web? \u00bfQu\u00e9 le parece crear sus propios widgets? \u00bfCrear un cat\u00e1logo de productos con un buscador? Haga esto y mucho m\u00e1s, con Views.<\/p>\n<p>Views incluye un motor de b\u00fasqueda poderoso, que le permite encontrar el contenido que usted desee cargar desde la base de datos. Escoja el tipo de contenido, a\u00f1ada filtros, habilite paginaci\u00f3n y mu\u00e9strelo de la manera que Ud. elija.<\/p>\n<p>Puede sacar ventaja de los estilos incrustados en Views, esto es, Grid, Table y List, o bien crear uno propio desde cero. Como todo lo que ocurre en Views, todo se hace con un simple c\u00f3digo HTML.<\/p>\n<div class=\"feature-thumbnail\"><figure id=\"attachment_13392\" aria-describedby=\"caption-attachment-13392\" style=\"width: 150px\" class=\"wp-caption alignnone\"><a href=\"https:\/\/toolset.com\/wp-content\/uploads\/2012\/11\/view-query-type-selection2.png\"><img decoding=\"async\" src=\"https:\/\/toolset.com\/wp-content\/uploads\/2012\/11\/view-query-type-selection-150x1503.png\" alt=\"\" title=\"\" width=\"150\" height=\"150\" class=\"size-thumbnail wp-image-13392\" \/><\/a><figcaption id=\"caption-attachment-13392\" class=\"wp-caption-text\">Seleccione lo que va a cargar<\/figcaption><\/figure>\n<\/div>\n<div class=\"feature-thumbnail\"><figure id=\"attachment_13393\" aria-describedby=\"caption-attachment-13393\" style=\"width: 150px\" class=\"wp-caption alignnone\"><a href=\"https:\/\/toolset.com\/wp-content\/uploads\/2012\/11\/view-layout-simple2.png\"><img decoding=\"async\" src=\"https:\/\/toolset.com\/wp-content\/uploads\/2012\/11\/view-layout-simple-150x1503.png\" alt=\"\" title=\"\" width=\"150\" height=\"150\" class=\"size-thumbnail wp-image-13393\" \/><\/a><figcaption id=\"caption-attachment-13393\" class=\"wp-caption-text\">Elija estilo de layout y a\u00f1ada campos<\/figcaption><\/figure>\n<\/div>\n<div class=\"feature-thumbnail-last\"><figure id=\"attachment_10679\" aria-describedby=\"caption-attachment-10679\" style=\"width: 150px\" class=\"wp-caption alignnone\"><a href=\"https:\/\/toolset.com\/wp-content\/uploads\/2012\/11\/showcase-homepage2.png\"><img decoding=\"async\" src=\"https:\/\/toolset.com\/wp-content\/uploads\/2012\/11\/showcase-homepage-150x1503.png\" alt=\"\" title=\"\" width=\"150\" height=\"150\" class=\"size-thumbnail wp-image-10679\" \/><\/a><figcaption id=\"caption-attachment-10679\" class=\"wp-caption-text\">La View muestra su contenido<\/figcaption><\/figure>\n<\/div>\n<div style=\"clear:both;\"><\/div>\n<\/section>\n<div class=\"feature-separator\"><\/div>\n<section class=\"featureblock singlefeature\">\n<h3>Crear y editar contenido desde p\u00e1ginas front-end<\/h3>\n<p><strong><a href=\"https:\/\/toolset.com\/es\/inicio\/cred-editor-de-contenido-wordpress-para-el-front-end\/\">Forms<\/a> le permite construir formularios que crean y editan contenido en su sitio. Los formularios Forms pueden editar todo, incluyendo campos est\u00e1ndar, campos personalizados, taxonom\u00eda e incluso relaciones entre entradas.<\/strong><\/p>\n<p>\u00bfNecesita construir sitios donde los visitantes crean y editan contenido? Exactamente para eso existe Forms. Todos los formularios Forms trabajan directamente sobre contenido WordPress. Usted le dice a Forms el tipo de contenido con el que va a trabajar y todo lo dem\u00e1s se configura solo. Forms sabe c\u00f3mo visualizar y procesar formularios, sin configuraci\u00f3n alguna.<\/p>\n<p>Con Forms, usted puede construir aplicaciones web completas encima de WordPress. La amplia API, y el sistema de hooks le permite agregar sus propias acciones a los formularios. Usted puede integrar f\u00e1cilmente registro de usuario, pago y otros pasos para la visualizaci\u00f3n y procesamiento del formulario.<\/p>\n<div class=\"feature-thumbnail\"><figure id=\"attachment_25577\" aria-describedby=\"caption-attachment-25577\" style=\"width: 150px\" class=\"wp-caption alignnone\"><a href=\"https:\/\/toolset.com\/wp-content\/uploads\/2012\/11\/cred-form-settings2.png\"><img decoding=\"async\" src=\"https:\/\/toolset.com\/wp-content\/uploads\/2012\/11\/cred-form-settings-1502.png\" alt=\"\" title=\"Configuraci\u00f3n de un formulario Forms\" width=\"150\" height=\"150\" class=\"size-full wp-image-25577\" \/><\/a><figcaption id=\"caption-attachment-25577\" class=\"wp-caption-text\">Configuraci\u00f3n de un formulario Forms<\/figcaption><\/figure>\n<\/div>\n<div class=\"feature-thumbnail\"><figure id=\"attachment_25579\" aria-describedby=\"caption-attachment-25579\" style=\"width: 150px\" class=\"wp-caption alignnone\"><a href=\"https:\/\/toolset.com\/wp-content\/uploads\/2012\/11\/cred-form-editor4.png\"><img decoding=\"async\" src=\"https:\/\/toolset.com\/wp-content\/uploads\/2012\/11\/cred-form-editor-1502.png\" alt=\"\" title=\"Editor HTML de formularios Forms\" width=\"150\" height=\"150\" class=\"size-full wp-image-25579\" \/><\/a><figcaption id=\"caption-attachment-25579\" class=\"wp-caption-text\">Editor HTML de formularios Forms<\/figcaption><\/figure>\n<\/div>\n<div class=\"feature-thumbnail-last\"><figure id=\"attachment_25581\" aria-describedby=\"caption-attachment-25581\" style=\"width: 150px\" class=\"wp-caption alignnone\"><a href=\"https:\/\/toolset.com\/wp-content\/uploads\/2012\/11\/sample-cred-form4.png\"><img decoding=\"async\" src=\"https:\/\/toolset.com\/wp-content\/uploads\/2012\/11\/sample-cred-form-1502.png\" alt=\"\" title=\"Formulario Forms en p\u00e1gina p\u00fablica\" width=\"150\" height=\"150\" class=\"size-full wp-image-25581\" \/><\/a><figcaption id=\"caption-attachment-25581\" class=\"wp-caption-text\">Formulario Forms en p\u00e1gina p\u00fablica<\/figcaption><\/figure><\/div>\n<div style=\"clear:both;\"><\/div>\n<\/section>\n<div class=\"feature-separator\"><\/div>\n<section class=\"featureblock singlefeature\">\n<h3>Completo Control de Acceso y Gesti\u00f3n de Roles<\/h3>\n<p><strong><a href=\"https:\/\/toolset.com\/es\/inicio\/access-gestione-roles-y-privilegios-de-usuario\/\">Access<\/a> le permite controlar con sencillez qui\u00e9n puede hacer qu\u00e9 en sus sitios. Una total integraci\u00f3n con Types, Views y Forms simplifica y completa el control de acceso.<\/strong><\/p>\n<p>Access le permite definir sus propios roles de usuario y escoger qu\u00e9 puede hacer cada uno de ellos en el sitio. Usted puede controlar todo, comenzando con leer privilegios, creaci\u00f3n, edici\u00f3n y publicaci\u00f3n completa de contenido.<\/p>\n<p>De esta manera, usted puede definir completamente los privilegios de autor\u00eda y administraci\u00f3n web, para todo tipo de sitio.<\/p>\n<div class=\"feature-thumbnail\"><figure id=\"attachment_25585\" aria-describedby=\"caption-attachment-25585\" style=\"width: 150px\" class=\"wp-caption alignnone\"><a href=\"https:\/\/toolset.com\/wp-content\/uploads\/2012\/11\/access-for-properties2.png\"><img decoding=\"async\" src=\"https:\/\/toolset.com\/wp-content\/uploads\/2012\/11\/access-for-properties-1502.png\" alt=\"\" title=\"Control de acceso para tipos de entrada personalizados\" width=\"150\" height=\"150\" class=\"size-full wp-image-25585\" \/><\/a><figcaption id=\"caption-attachment-25585\" class=\"wp-caption-text\">Control de acceso para tipos de entrada personalizados<\/figcaption><\/figure>\n<\/div>\n<div class=\"feature-thumbnail\"><figure id=\"attachment_25587\" aria-describedby=\"caption-attachment-25587\" style=\"width: 150px\" class=\"wp-caption alignnone\"><a href=\"https:\/\/toolset.com\/wp-content\/uploads\/2012\/11\/access-for-forms4.png\"><img decoding=\"async\" src=\"https:\/\/toolset.com\/wp-content\/uploads\/2012\/11\/access-for-forms-1502.png\" alt=\"\" title=\"Control de acceso para formularios\" width=\"150\" height=\"150\" class=\"size-full wp-image-25587\" \/><\/a><figcaption id=\"caption-attachment-25587\" class=\"wp-caption-text\">Control de acceso para formularios<\/figcaption><\/figure>\n<\/div>\n<div class=\"feature-thumbnail-last\"><figure id=\"attachment_25589\" aria-describedby=\"caption-attachment-25589\" style=\"width: 150px\" class=\"wp-caption alignnone\"><a href=\"https:\/\/toolset.com\/wp-content\/uploads\/2012\/11\/custom-roles2.png\"><img decoding=\"async\" src=\"https:\/\/toolset.com\/wp-content\/uploads\/2012\/11\/custom-roles-1502.png\" alt=\"\" title=\"Crear y editar roles de usuario\" width=\"150\" height=\"150\" class=\"size-full wp-image-25589\" \/><\/a><figcaption id=\"caption-attachment-25589\" class=\"wp-caption-text\">Crear y editar roles de usuario<\/figcaption><\/figure><\/div>\n<div style=\"clear:both;\"><\/div>\n<\/section>\n<div class=\"feature-separator\"><\/div>\n<section class=\"featureblock singlefeature\">\n<h3>Construya su propia funcionalidad<\/h3>\n<p>\u00bfNecesita funcionalidad total y sin limitaciones? Cr\u00e9elo usted mismo con el Toolset y obtenga justo lo que necesita.<\/p>\n<p>Views contiene los bloques constructivos que le permiten visualizar contenido f\u00e1cilmente, y en distintas formas. La paginaci\u00f3n de Views y los updates AJAX son al base de excelentes sliders. Los filtros de front-end le permiten construir sitios de inmobiliaria, de clasificados y de productos. Con la integraci\u00f3n e-commerce usted crea sitios de venta en l\u00ednea desde cero. <\/p>\n<p>Forms le da interacci\u00f3n de usuario, a\u00f1adiendo autor\u00eda front-end a su sitio.<\/p>\n<p>Access re\u00fane todo con una robusta gesti\u00f3n de roles y control de acceso.<\/p>\n<div class=\"feature-thumbnail\"><figure id=\"attachment_13397\" aria-describedby=\"caption-attachment-13397\" style=\"width: 150px\" class=\"wp-caption alignnone\"><a href=\"https:\/\/toolset.com\/wp-content\/uploads\/2012\/11\/slider-demo-12.png\"><img decoding=\"async\" src=\"https:\/\/toolset.com\/wp-content\/uploads\/2012\/11\/slider-demo-1-150x1503.png\" alt=\"\" title=\"\" width=\"150\" height=\"150\" class=\"size-thumbnail wp-image-13397\" \/><\/a><figcaption id=\"caption-attachment-13397\" class=\"wp-caption-text\">Sus sliders exclusivos<\/figcaption><\/figure>\n<\/div>\n<div class=\"feature-thumbnail\"><figure id=\"attachment_13398\" aria-describedby=\"caption-attachment-13398\" style=\"width: 150px\" class=\"wp-caption alignnone\"><a href=\"https:\/\/toolset.com\/wp-content\/uploads\/2012\/11\/front-end-filter2.png\"><img decoding=\"async\" src=\"https:\/\/toolset.com\/wp-content\/uploads\/2012\/11\/front-end-filter-150x1503.png\" alt=\"\" title=\"\" width=\"150\" height=\"150\" class=\"size-thumbnail wp-image-13398\" \/><\/a><figcaption id=\"caption-attachment-13398\" class=\"wp-caption-text\">Filtros de front-end<\/figcaption><\/figure>\n<\/div>\n<div class=\"feature-thumbnail-last\"><figure id=\"attachment_13399\" aria-describedby=\"caption-attachment-13399\" style=\"width: 150px\" class=\"wp-caption alignnone\"><a href=\"https:\/\/toolset.com\/wp-content\/uploads\/2012\/11\/magazine-sample2.png\"><img decoding=\"async\" src=\"https:\/\/toolset.com\/wp-content\/uploads\/2012\/11\/magazine-sample-150x1503.png\" alt=\"\" title=\"\" width=\"150\" height=\"150\" class=\"size-thumbnail wp-image-13399\" \/><\/a><figcaption id=\"caption-attachment-13399\" class=\"wp-caption-text\">Simplificar complejos layouts<\/figcaption><\/figure>\n<\/div>\n<div style=\"clear:both;\"><\/div>\n<\/section>\n<div class=\"feature-separator\"><\/div>\n<section class=\"featureblock singlefeature\">\n<h3>Types, Views, Forms y Access trabajan con cualquier tema<\/h3>\n<p>\u00bfNo ser\u00eda fabuloso, que el tema determinara el aspecto pero que usted pudiese controlar la funcionalidad del sitio? Types y Views le permiten crear lo que quiera, usando cualquier tema.<\/p>\n<p>Escoja temas acordes a su dise\u00f1o y no se preocupe de la funcionalidad. Types y Views le permiten crear los sitios exactos que usted desea.<\/p>\n<p>Los sitios que usted construye con Views son portables, flexibles y robustos. Puede cambiar de tema para lograr un look renovado, mientras el Toolset construye la funcionalidad.<\/p>\n<\/section>\n","protected":false},"excerpt":{"rendered":"<p>Un paseo por el Toolset Use Campos Personalizados en Templates Types le permite a\u00f1adir campos personalizados al contenido, mientras que Views lo hace m\u00e1s f\u00e1cil de visualizar. Cree Content Templates para entradas, p\u00e1ginas y tipos personalizados e inserte campos personalizados desde el men\u00fa Views. Usted utilizar\u00e1 HTML y CSS para dar formato y posicionar cabeceras [&hellip;]<\/p>\n","protected":false},"author":3,"featured_media":0,"parent":0,"menu_order":64,"comment_status":"closed","ping_status":"closed","template":"page-layouts.php","meta":{"_bbp_topic_count":0,"_bbp_reply_count":0,"_bbp_total_topic_count":0,"_bbp_total_reply_count":0,"_bbp_voice_count":0,"_bbp_anonymous_reply_count":0,"_bbp_topic_count_hidden":0,"_bbp_reply_count_hidden":0,"_bbp_forum_subforum_count":0,"ep_exclude_from_search":false,"footnotes":""},"documentation-category":[],"class_list":["post-5196","page","type-page","status-publish","hentry"],"_links":{"self":[{"href":"https:\/\/toolset.com\/es\/wp-json\/wp\/v2\/pages\/5196","targetHints":{"allow":["GET"]}}],"collection":[{"href":"https:\/\/toolset.com\/es\/wp-json\/wp\/v2\/pages"}],"about":[{"href":"https:\/\/toolset.com\/es\/wp-json\/wp\/v2\/types\/page"}],"author":[{"embeddable":true,"href":"https:\/\/toolset.com\/es\/wp-json\/wp\/v2\/users\/3"}],"replies":[{"embeddable":true,"href":"https:\/\/toolset.com\/es\/wp-json\/wp\/v2\/comments?post=5196"}],"version-history":[{"count":66,"href":"https:\/\/toolset.com\/es\/wp-json\/wp\/v2\/pages\/5196\/revisions"}],"predecessor-version":[{"id":256652,"href":"https:\/\/toolset.com\/es\/wp-json\/wp\/v2\/pages\/5196\/revisions\/256652"}],"wp:attachment":[{"href":"https:\/\/toolset.com\/es\/wp-json\/wp\/v2\/media?parent=5196"}],"wp:term":[{"taxonomy":"documentation-category","embeddable":true,"href":"https:\/\/toolset.com\/es\/wp-json\/wp\/v2\/documentation-category?post=5196"}],"curies":[{"name":"wp","href":"https:\/\/api.w.org\/{rel}","templated":true}]}}