{"id":5168,"date":"2012-11-20T14:11:24","date_gmt":"2012-11-20T14:11:24","guid":{"rendered":"https:\/\/toolset.com\/inicio\/types-manipule-y-gestione-tipos-de-entradas-taxonomia-y-campos-personalizados\/"},"modified":"2014-10-28T16:28:50","modified_gmt":"2014-10-28T16:28:50","slug":"types-manipule-y-gestione-tipos-de-entradas-taxonomia-y-campos-personalizados","status":"publish","type":"page","link":"https:\/\/toolset.com\/es\/inicio\/types-manipule-y-gestione-tipos-de-entradas-taxonomia-y-campos-personalizados\/","title":{"rendered":"El plugin Types: tipos de entradas personalizados, taxonom\u00edas y campos personalizados"},"content":{"rendered":"<section id=\"about\" class=\"gray-height\">\n<div id=\"about-right\">\n<a class=\"play-mask top\" onclick=\"popupVideo(640, 410, 'http:\/\/d1ftqtsbckf6jv.cloudfront.net\/types-intro.mp4', '');\"><i><\/i><img decoding=\"async\" alt=\"Ver v\u00eddeo\" title=\"\" width=\"320\" height=\"220\" class=\"alignnone size-full wp-image-11466\" src=\"https:\/\/toolset.com\/wp-content\/uploads\/2012\/11\/vp-types1.jpg\"><\/a>\n\t<\/div>\n<div id=\"about-left\">\n<h1>El plugin Types: tipos de entradas personalizados, taxonom\u00edas y campos personalizados<\/h1>\n<h2>Types es la soluci\u00f3n integrada para personalizar WordPress.<\/h2>\n<p>\n Usted podr\u00e1 crear tipos de entrada personalizados, taxonom\u00edas y campos personalizados&#8230; todo ello dentro de la GUI de WordPress.\n\t\t<\/p>\n<p style=\"margin-top:3em; text-align:center;\"><a href=\"\/es\/wp-json\/wp\/v2\/pages\/5168?add-to-cart=38994&buy_now=1\" class=\"woo-sc-button custom large\" title=\"Register to download Types\"><span class=\"woo-download\">Descargar Types<\/span><\/a><\/p>\n<ul>\n<li>Una amplia selecci\u00f3n de tipos de campos personalizados, todos ellos repetibles<\/li>\n<li>Tipos de entrada personalizados con relaciones parent\/child<\/li>\n<li>Preparado para formato multiling\u00fce con WPML<\/li>\n<\/ul><\/div>\n<\/section>\n<div class=\"section-wrapper\">\n<section id=\"moreinformation\">\n<section id=\"whychoose\" class=\"column-float\">\n<h3>\u00bfPor qu\u00e9 elegir Types?<\/h3>\n<ul class=\"oklist\">\n<li><span class=\"promise-title\"><i class=\"icon-ok-sign\"><\/i>Totalmente integrado<\/span>\n<p>Types incluye todo lo que usted necesita, en un paquete. Los tipos de entrada, las taxonom\u00edas y los campos personalizados trabajar\u00e1n juntos perfectamente.<\/p>\n<\/li>\n<li>\n<span class=\"promise-title\"><i class=\"icon-ok-sign\"><\/i>S\u00f3lido y fiable<\/span><\/p>\n<p>Types es parte de una familia de plugins que constituye la plataforma de m\u00e1s de 100.000 sitios WordPress comerciales.<\/p>\n<\/li>\n<li>\n<span class=\"promise-title\"><i class=\"icon-ok-sign\"><\/i>Preparado para entorno multiling\u00fce<\/span><\/p>\n<p>Types es el plugin para tipos de entrada y campos personalizados que es 100% apto para sitios multiling\u00fces con WPML.<\/p>\n<\/li>\n<\/ul>\n<\/section>\n<section id=\"links\" class=\"column-float\">\n<h3>Enlaces r\u00e1pidos<\/h3>\n<ul class=\"linklist\">\n<li><a href=\"https:\/\/toolset.com\/es\/documentacion\/guias-de-usuario\/campos-personalizados-en-wordpress\/\"><i class=\"icon-arrow-right\"><\/i>Definir campos personalizados<\/a><\/li>\n<li><a href=\"https:\/\/toolset.com\/es\/documentacion\/guias-de-usuario\/tipos-de-entradas-personalizados\/\"><i class=\"icon-arrow-right\"><\/i>Crear tipos de entrada personalizados<\/a><\/li>\n<li><a href=\"https:\/\/toolset.com\/es\/documentacion\/guias-de-usuario\/taxonomia-personalizada\/\"><i class=\"icon-arrow-right\"><\/i>Uso de taxonom\u00eda personalizada<\/a><\/li>\n<li><a href=\"https:\/\/toolset.com\/es\/functions\/\"><i class=\"icon-arrow-right\"><\/i>API de campos de Types<\/a><\/li>\n<li><a href=\"https:\/\/toolset.com\/es\/documentacion\/guias-de-usuario\/crear-relaciones-entre-tipos-de-entradas\/\"><i class=\"icon-arrow-right\"><\/i>Relaciones parent\/child entre tipos de entrada personalizados<\/a><\/li>\n<\/ul>\n<\/section>\n<section id=\"download\" class=\"column-float end\">\n<h3>Descargar<\/h3>\n<p> Types es gratuito. Para descargarlo de este sitio le requerimos que se registre con su nombre y correo electr\u00f3nico. El registro tambi\u00e9n le da acceso al foro de ayuda de la comunidad.<\/p>\n<p style=\"margin-top:4em; text-align:center;\"><a href=\"\/es\/wp-json\/wp\/v2\/pages\/5168?add-to-cart=38994&buy_now=1\" class=\"woo-sc-button custom large\" title=\"Register to download Types\"><span class=\"woo-download\">Descargar Types<\/span><\/a><\/p>\n<\/section>\n<\/section>\n<\/div>\n<section id=\"features\" class=\"featuretype\">\n<h3>Caracter\u00edsticas de Types<\/h3>\n<h4 style=\"clear: both;\">Personalice ventanas de edici\u00f3n con campos personalizados<\/h4>\n<p><a href=\"https:\/\/toolset.com\/wp-content\/uploads\/2012\/11\/project-edit.png\"><img decoding=\"async\" src=\"https:\/\/toolset.com\/wp-content\/uploads\/2012\/11\/project-edit-272x3001.png\" alt=\"\" title=\"edici\u00f3n de proyecto\" width=\"272\" height=\"300\" class=\"alignright size-medium wp-image-9759\" \/><\/a><\/p>\n<p>Types le provee de una amplia variedad de campos personalizados, incluyendo casillas de verificaci\u00f3n, \u00e1reas de texto, editores visuales, im\u00e1genes, men\u00fas desplegables y muchos m\u00e1s.<\/p>\n<p>Con estos campos, puede personalizar el aspecto visual de pantallas de edici\u00f3n para diferentes tipos de contenidos.<\/p>\n<p>Los campos personalizados de Types tambi\u00e9n pueden validar un input del usuario. Ellos comprueban que la entrada est\u00e9 correctamente agregada y correctamente formateada. Esto significa, que cuando usted utiliza esos datos en sus plantillas (templates) usted sabe que la visualizaci\u00f3n ser\u00e1 impecable.<\/p>\n<p>Types es compatible con <strong>campos repetibles<\/strong> simples y complejas estructuras de datos, utilizando edici\u00f3n inline de datos child.<\/p>\n<p>Aprenda m\u00e1s acerca de c\u00f3mo <a href=\"https:\/\/toolset.com\/es\/documentacion\/guias-de-usuario\/campos-personalizados-en-wordpress\/\">manipular campos personalizados<\/a>.<\/p>\n<h4 style=\"clear: both;\">Crear tipos de entrada personalizados para WordPress<\/h4>\n<p><a href=\"https:\/\/toolset.com\/wp-content\/uploads\/2012\/11\/new-custom-post-type.png\"><img decoding=\"async\" class=\"alignright size-medium wp-image-918\" title=\"nuevo tipo de entrada personalizado\" src=\"https:\/\/toolset.com\/wp-content\/uploads\/2012\/11\/new-custom-post-type-300x2361.png\" alt=\"\" width=\"300\" height=\"236\" \/><\/a><\/p>\n<p>Introduzca el nombre de su nuevo tipo de contenido, haga clic para guardarlo y&#8230; ya est\u00e1 listo para usarse.<\/p>\n<p>Adem\u00e1s de este proceso tan b\u00e1sico de creaci\u00f3n, Types tambi\u00e9n le da acceso a todos los ajustes avanzados y funcionalidad de los tipos de entrada y taxonom\u00edas personalizados.<\/p>\n<p>Types tambi\u00e9n le permite definir relaciones <strong>parent \/ child<\/strong> entre diferentes tipos de entrada. Esto le permitir\u00e1 establecer asociaciones entre distintos tipos de datos y pr\u00e1cticamente todo, con limpieza.<\/p>\n<p>Aprenda m\u00e1s acerca de c\u00f3mo crear <a href=\"https:\/\/toolset.com\/es\/documentacion\/guias-de-usuario\/tipos-de-entradas-personalizados\/\">tipos de entrada personalizados<\/a> y <a href=\"https:\/\/toolset.com\/es\/documentacion\/guias-de-usuario\/taxonomia-personalizada\/\">taxonom\u00edas personalizadas<\/a>.<\/p>\n<h4 style=\"clear: both;\">Visualice Contenido Personalizado con facilidad<\/h4>\n<p><a href=\"https:\/\/toolset.com\/wp-content\/uploads\/2012\/11\/insert-types-shortcodes.png\"><img decoding=\"async\" class=\"alignright size-medium wp-image-947\" title=\"\" src=\"https:\/\/toolset.com\/wp-content\/uploads\/2012\/11\/insert-types-shortcodes-300x1791.png\" alt=\"\" width=\"300\" height=\"179\" \/><\/a><\/p>\n<p>Types hace que insertar su contenido personalizado sea algo sencillo. Al crear contenido, los autores pueden hacer clic en el icono <strong>T<\/strong> e insertar cualquier campo dentro del contenido.<\/p>\n<p>Para visualizar campos personalizados en temas, use la <a href=\"https:\/\/toolset.com\/es\/functions\/\">API de Types<\/a> y escr\u00edbalos en PHP, o implemente <a href=\"https:\/\/toolset.com\/es\/inicio\/views-cree-formas-elegantes-de-visualizacion-para-su-contenido\/\">Views<\/a> para crear templates din\u00e1micas (y m\u00e1s a\u00fan) sin tocar PHP. <\/p>\n<h4 style=\"clear: both;\">Manipular contenido existente<\/h4>\n<p><a href=\"https:\/\/toolset.com\/wp-content\/uploads\/2012\/11\/custom-fields-management.png\"><img decoding=\"async\" class=\"size-medium wp-image-899 alignright\" src=\"https:\/\/toolset.com\/wp-content\/uploads\/2012\/11\/custom-fields-management-300x1751.png\" alt=\"\" width=\"300\" height=\"175\" \/><\/a><\/p>\n<p>Si usted ya tiene una gran cantidad de campos personalizados que gestiona manualmente, puede hacer que Types los controle.<\/p>\n<p>D\u00edgale a Types qu\u00e9 clase de campos personalizados tiene, y cada uno de ellos tendr\u00e1 su propio meta-box con estilo en las p\u00e1ginas de edici\u00f3n.<\/p>\n<p>Esto funciona fant\u00e1sticamente con campos personalizados que usted hubiese creado con anterioridad o que otros plugins de campos personalizados hubiesen manipulado antes.<\/p>\n<h4 style=\"clear: both;\">Int\u00e9grelo a sus temas o plugins<\/h4>\n<p>Si Ud. hace temas y plugins, puede dominar la potencia de Types y brindar a sus usuarios una experiencia rica con WordPress.<\/p>\n<p>Types posee un modo incrustado que usted puede usar para dotar de funcionalidad a sus temas y plugins. Esto significa que Ud. puede definir tipos personalizados y personalizar la interfaz de edici\u00f3n sin escribir una sola l\u00ednea de programa.<\/p>\n<p>La versi\u00f3n incrustada corre como una funci\u00f3n de tema, no como plugin. No necesita activaci\u00f3n. En otras palabras, al no incluir la GUI de Types, es mucho menor que la versi\u00f3n plugin completa. Sus usuarios podr\u00e1n seguir personalizando cosas por su cuenta si descargan el plugin Types.<\/p>\n<\/section>\n","protected":false},"excerpt":{"rendered":"<p>El plugin Types: tipos de entradas personalizados, taxonom\u00edas y campos personalizados Types es la soluci\u00f3n integrada para personalizar WordPress. Usted podr\u00e1 crear tipos de entrada personalizados, taxonom\u00edas y campos personalizados&#8230; todo ello dentro de la GUI de WordPress. Una amplia selecci\u00f3n de tipos de campos personalizados, todos ellos repetibles Tipos de entrada personalizados con relaciones [&hellip;]<\/p>\n","protected":false},"author":1,"featured_media":0,"parent":4131,"menu_order":0,"comment_status":"closed","ping_status":"closed","template":"template-blank.php","meta":{"_bbp_topic_count":0,"_bbp_reply_count":0,"_bbp_total_topic_count":0,"_bbp_total_reply_count":0,"_bbp_voice_count":0,"_bbp_anonymous_reply_count":0,"_bbp_topic_count_hidden":0,"_bbp_reply_count_hidden":0,"_bbp_forum_subforum_count":0,"ep_exclude_from_search":false,"footnotes":""},"documentation-category":[],"class_list":["post-5168","page","type-page","status-publish","hentry"],"_links":{"self":[{"href":"https:\/\/toolset.com\/es\/wp-json\/wp\/v2\/pages\/5168","targetHints":{"allow":["GET"]}}],"collection":[{"href":"https:\/\/toolset.com\/es\/wp-json\/wp\/v2\/pages"}],"about":[{"href":"https:\/\/toolset.com\/es\/wp-json\/wp\/v2\/types\/page"}],"author":[{"embeddable":true,"href":"https:\/\/toolset.com\/es\/wp-json\/wp\/v2\/users\/1"}],"replies":[{"embeddable":true,"href":"https:\/\/toolset.com\/es\/wp-json\/wp\/v2\/comments?post=5168"}],"version-history":[{"count":36,"href":"https:\/\/toolset.com\/es\/wp-json\/wp\/v2\/pages\/5168\/revisions"}],"predecessor-version":[{"id":26254,"href":"https:\/\/toolset.com\/es\/wp-json\/wp\/v2\/pages\/5168\/revisions\/26254"}],"up":[{"embeddable":true,"href":"https:\/\/toolset.com\/es\/wp-json\/wp\/v2\/pages\/4131"}],"wp:attachment":[{"href":"https:\/\/toolset.com\/es\/wp-json\/wp\/v2\/media?parent=5168"}],"wp:term":[{"taxonomy":"documentation-category","embeddable":true,"href":"https:\/\/toolset.com\/es\/wp-json\/wp\/v2\/documentation-category?post=5168"}],"curies":[{"name":"wp","href":"https:\/\/api.w.org\/{rel}","templated":true}]}}