{"id":509799,"date":"2017-04-05T13:31:18","date_gmt":"2017-04-05T13:31:18","guid":{"rendered":"https:\/\/toolset.com\/account\/sitios-web\/"},"modified":"2020-02-18T08:52:20","modified_gmt":"2020-02-18T08:52:20","slug":"sitios-web","status":"publish","type":"page","link":"https:\/\/toolset.com\/es\/account\/sitios-web\/","title":{"rendered":"Sitios web"},"content":{"rendered":"<div class=\"login-reminder-wrapper\">\n\t<\/div>\n\n<div class=\"account-wrapper row\">\n        <div class=\"col-xs-12\">\n    \t    \t    <div id=\"content\" class=\"my-sites-page-block\">\n\n\n\n\t\t    \n\n<div class=\"woocommerce-notices-wrapper\"><\/div>\n\n        <br>\n    <div class=\"row\">\n        <div class=\"col-md-10 col-md-offset-1\">\n            Para recibir las actualizaciones de Toolset directamente desde la administraci\u00f3n de su sitio web, tiene que registrar el mismo en Toolset. Esta p\u00e1gina le permite hacer esto f\u00e1cilmente.\n\nTambi\u00e9n muestra los detalles de cada sitio web registrado, entre estos, la fecha de registro y los plugines de Toolset que se est\u00e1n utilizando.        <\/div>\n    <\/div>\n    \n    <div class=\"login-select-box\">\n        <div class=\"row align-items-center\">\n            <div class=\"col-md-5\">\n                <h2>Agregue sitios web a su cuenta de Toolset<\/h2>\n            <\/div>\n            <div class=\"col-md-7\">\n                <div class=\"row login-selection\">\n                    <div class=\"col col-md-6\">\n                        <div class=\"login-select-box__exist\">Ya tengo una cuenta <a class=\"login-select-box__btn\" href=\"#\">Ingresar<\/a><\/div>\n                    <\/div>\n                    <div class=\"col col-md-6\">\n                        <div class=\"login-select-box__buy\">A\u00fan no tengo una cuenta. <a class=\"login-select-box__btn\" href=\"https:\/\/toolset.com\/es\/adquieralo-ahora-mismo\/\">Comprar ahora<\/a><\/div>\n                    <\/div>\n                <\/div>\n                <div class=\"row login-form\">\n                    <div class=\"col\">\n                        <div class=\"login-select-box__form clearfix\">\n\n\t\n                            <form method=\"post\" class=\"login\"\n\t\t                         action=\"https:\/\/toolset.com\/es\/account\/?redirect=\/es\/wp-json\/wp\/v2\/pages\/509799\">\n                                <h2>Identificarse<\/h2>\n\t\t                        \n                                <p class=\"form-group\">\n                                    <label for=\"username\">Nombre de Usuario o correo electr\u00f3nico <span\n                                                class=\"required\">*<\/span><\/label>\n                                    <input type=\"text\" class=\"form-control\" name=\"username\" id=\"username\"\n                                           value=\"\"\/>\n                                <\/p>\n                                <p class=\"form-group\">\n                                    <label for=\"password\">Contrase\u00f1a <span class=\"required\">*<\/span><\/label>\n                                    <input class=\"form-control\" type=\"password\" name=\"password\" id=\"password\"\/>\n                                <\/p>\n\n\t\t                        \t                            \n                                <p class=\"form-group\">\n\t\t\t                        <input type=\"hidden\" id=\"_wpnonce\" name=\"_wpnonce\" value=\"951e5faa34\" \/><input type=\"hidden\" name=\"_wp_http_referer\" value=\"\/es\/wp-json\/wp\/v2\/pages\/509799\" \/>                                    <input type=\"submit\" class=\"btn btn-orange pull-left\" name=\"login\"\n                                           value=\"Identificarse\"\/>\n\n                                    <a class=\"lost_password pull-right\"\n                                       href=\"https:\/\/toolset.com\/es\/account\/perdi-la-contrasena\/\">\u00bfOlvidaste la contrase\u00f1a?<\/a>\n\n                                <\/p>\n\t\t                                                    <\/form>\n\n    \n                        <\/div>\n                    <\/div>\n                <\/div>\n            <\/div>\n        <\/div>\n    <\/div>\n\n\t\n\n\n                <script>\n                    jQuery(\"form.login , form[name='loginform']\").submit(function (eventObj) {\n                        var otgs_doc_referer = document.referrer;\n                        if (typeof(otgs_doc_referer) != \"undefined\" && otgs_doc_referer !== null) {\n                            var otgs_doc_referer_exist = encodeURI(otgs_doc_referer);\n                            jQuery(\"form.login , form[name='loginform']\").append('<input type=\"hidden\" name=\"where_user_originate\" value=\"' + otgs_doc_referer_exist + '\" \/>');\n                            return true;\n                        }\n                    });\n                <\/script>\n                \n\t    <\/div>\n\n\n\n    <\/div>\n<\/div>\n\n","protected":false},"excerpt":{"rendered":"","protected":false},"author":9845,"featured_media":0,"parent":4521,"menu_order":0,"comment_status":"closed","ping_status":"closed","template":"","meta":{"_bbp_topic_count":0,"_bbp_reply_count":0,"_bbp_total_topic_count":0,"_bbp_total_reply_count":0,"_bbp_voice_count":0,"_bbp_anonymous_reply_count":0,"_bbp_topic_count_hidden":0,"_bbp_reply_count_hidden":0,"_bbp_forum_subforum_count":0,"ep_exclude_from_search":false,"footnotes":""},"documentation-category":[],"class_list":["post-509799","page","type-page","status-publish","hentry"],"_links":{"self":[{"href":"https:\/\/toolset.com\/es\/wp-json\/wp\/v2\/pages\/509799","targetHints":{"allow":["GET"]}}],"collection":[{"href":"https:\/\/toolset.com\/es\/wp-json\/wp\/v2\/pages"}],"about":[{"href":"https:\/\/toolset.com\/es\/wp-json\/wp\/v2\/types\/page"}],"author":[{"embeddable":true,"href":"https:\/\/toolset.com\/es\/wp-json\/wp\/v2\/users\/9845"}],"replies":[{"embeddable":true,"href":"https:\/\/toolset.com\/es\/wp-json\/wp\/v2\/comments?post=509799"}],"version-history":[{"count":2,"href":"https:\/\/toolset.com\/es\/wp-json\/wp\/v2\/pages\/509799\/revisions"}],"predecessor-version":[{"id":1514175,"href":"https:\/\/toolset.com\/es\/wp-json\/wp\/v2\/pages\/509799\/revisions\/1514175"}],"up":[{"embeddable":true,"href":"https:\/\/toolset.com\/es\/wp-json\/wp\/v2\/pages\/4521"}],"wp:attachment":[{"href":"https:\/\/toolset.com\/es\/wp-json\/wp\/v2\/media?parent=509799"}],"wp:term":[{"taxonomy":"documentation-category","embeddable":true,"href":"https:\/\/toolset.com\/es\/wp-json\/wp\/v2\/documentation-category?post=509799"}],"curies":[{"name":"wp","href":"https:\/\/api.w.org\/{rel}","templated":true}]}}