{"id":508104,"date":"2017-03-31T07:59:52","date_gmt":"2017-03-31T07:59:52","guid":{"rendered":"https:\/\/toolset.com\/inicio\/componentes-de-toolset-2\/"},"modified":"2020-09-28T06:54:11","modified_gmt":"2020-09-28T06:54:11","slug":"componentes-de-toolset-2","status":"publish","type":"page","link":"https:\/\/toolset.com\/es\/nueva-pagina-de-inicio\/componentes-de-toolset-2\/","title":{"rendered":"Componentes de Toolset"},"content":{"rendered":"<h2 class=\"tb-heading\" data-toolset-blocks-heading=\"8c9e2e3eb5873a1a8ac6520bc1e634ac\">Componentes de Toolset<\/h2> <div class=\"tb-fields-and-text\" data-toolset-blocks-fields-and-text=\"9ded41bcfbfde20249136d0aebe552d6\"><p><span>Los plugines de Toolset permiten agregar tipos personalizados a su sitio web y mostrarlos de la manera que elija: todo, sin escribir PHP.<\/span><\/p><\/div> <div class=\"wp-block-toolset-blocks-grid tb-grid\" data-toolset-blocks-grid=\"af053ad20ad5f278981af17bc9cc8a78\"> <div class=\"wp-block-toolset-blocks-grid-column tb-grid-column tb-grid-align-top\" data-toolset-blocks-grid-column=\"6ecf300193c94cd8fcf2701c0be7dcaf\"> <div class=\"wp-block-toolset-blocks-container tb-container\" data-toolset-blocks-container=\"5b2541eba82dfcf4023230cd464cab73\"> <h4 class=\"tb-heading\" data-toolset-blocks-heading=\"6e9033c48fbe9b68155f704eebf00e37\">Componentes<\/h4> <ul class=\"doc-content wp-block-list\"><li><a href=\"#blocks\">Blocks<\/a><\/li><li><a href=\"#types\">El plugin Types<\/a><\/li><li><a href=\"#forms\">Formularios<\/a><\/li><li><a href=\"#access\">Access<\/a><\/li><li><a href=\"#maps\">Maps<\/a><\/li><\/ul> <\/div> <\/div> <div class=\"wp-block-toolset-blocks-grid-column tb-grid-column tb-grid-align-top\" data-toolset-blocks-grid-column=\"b6300e4a8e0fa3097ba0ac1902aae186\"> <div class=\"wp-block-toolset-blocks-container tb-container\" data-toolset-blocks-container=\"97d55aff54ac3206cad33efa27e92b01\"> <div class=\"wp-block-toolset-blocks-grid tb-grid\" data-toolset-blocks-grid=\"08e59640c49b8e0aebca1e7ee7f0398e\"> <div class=\"wp-block-toolset-blocks-grid-column tb-grid-column tb-grid-align-top\" data-toolset-blocks-grid-column=\"a992820d7fb301188dad620be23f1543\"><\/div> <div class=\"wp-block-toolset-blocks-grid-column tb-grid-column tb-grid-align-top\" data-toolset-blocks-grid-column=\"c5a6be97cfec4b7967978aca3c723c45\"> <div class=\"wp-block-toolset-blocks-container tb-container\" data-toolset-blocks-container=\"9875d691c96dd4ce3687a89ccad32af9\"> <h2 id=\"blocks\" class=\"tb-heading\" data-toolset-blocks-heading=\"443a2a064b493db724e2427aa0641cc8\"><a href=\"https:\/\/toolset.com\/home\/blocks\/\">Blocks<\/a><\/h2> <div class=\"tb-fields-and-text\" data-toolset-blocks-fields-and-text=\"7ec5b330a84aaa759037f8f1a41a583d\"><p style=\"text-align: left;\">Visualizaci\u00f3n del contenido de la interfaz de usuario<\/p><\/div> <\/div> <div class=\"tb-fields-and-text\" data-toolset-blocks-fields-and-text=\"161bb9f799a3c0258d08fb7d2f32ad83\"><p><a href=\"https:\/\/toolset.com\/home\/blocks\/\">Blocks<\/a><span> <\/span>muestra contenido en la interfaz de usuario del sitio web de la manera que usted elija. Con Blocks, muestre listas de contenido, plantillas de dise\u00f1o para contenido y p\u00e1ginas de archivos de dise\u00f1o de forma visual.<\/p> <p>Blocks permite crear<span> <\/span><a href=\"https:\/\/toolset.com\/course-lesson\/creating-a-custom-search\/\">b\u00fasquedas personalizadas<\/a><span> <\/span>potentes para cualquier tipo de contenido. Las b\u00fasquedas personalizadas permiten a los visitantes encontrar contenido seg\u00fan campos, taxonom\u00eda y relaci\u00f3n.<\/p> <p>Todo el trabajo de dise\u00f1o se realiza de forma visual, por medio de Block Editor integrado en WordPress.<\/p><\/div> <\/div> <\/div> <\/div> <div class=\"wp-block-toolset-blocks-container tb-container\" data-toolset-blocks-container=\"0fcc8c64174fc6e4a52ee549d508db75\"> <div class=\"wp-block-toolset-blocks-grid tb-grid\" data-toolset-blocks-grid=\"08e59640c49b8e0aebca1e7ee7f0398e\"> <div class=\"wp-block-toolset-blocks-grid-column tb-grid-column tb-grid-align-top\" data-toolset-blocks-grid-column=\"a992820d7fb301188dad620be23f1543\"><\/div> <div class=\"wp-block-toolset-blocks-grid-column tb-grid-column tb-grid-align-top\" data-toolset-blocks-grid-column=\"c5a6be97cfec4b7967978aca3c723c45\"> <div class=\"wp-block-toolset-blocks-container tb-container\" data-toolset-blocks-container=\"ee1f51d45e33a0066294787dcc1d389f\"> <h2 id=\"types\" class=\"tb-heading\" data-toolset-blocks-heading=\"ff1a879e5dd078550578e8247befc5eb\"><a href=\"https:\/\/toolset.com\/home\/types-manage-post-types-taxonomy-and-custom-fields\/\">El plugin Types<\/a><\/h2> <div class=\"tb-fields-and-text\" data-toolset-blocks-fields-and-text=\"7ec5b330a84aaa759037f8f1a41a583d\"><p style=\"text-align: left;\">Tipos de entrada, taxonom\u00edas y campos personalizados<\/p><\/div> <\/div> <div class=\"tb-fields-and-text\" data-toolset-blocks-fields-and-text=\"161bb9f799a3c0258d08fb7d2f32ad83\"><p><a href=\"https:\/\/toolset.com\/home\/types-manage-post-types-taxonomy-and-custom-fields\/\">El plugin Types<\/a><span> <\/span>configura<span> <\/span><a href=\"https:\/\/toolset.com\/course-lesson\/creating-a-custom-post-type\/\">tipos de entrada personalizados<\/a>,<span> <\/span><a href=\"https:\/\/toolset.com\/course-lesson\/creating-a-custom-taxonomy\/\">taxonom\u00edas personalizadas<\/a><span> <\/span>y<span> <\/span>y <a href=\"https:\/\/toolset.com\/course-lesson\/creating-custom-fields\/\">campos personalizados<\/a>. Puede agregar campos a cualquier tipo de contenido y a usuarios.<\/p> <p>Con Types, tambi\u00e9n puede conectar distintos tipos de contenido y trabajar con bases de datos relacionales.<\/p><\/div> <\/div> <\/div> <\/div> <div class=\"wp-block-toolset-blocks-container tb-container\" data-toolset-blocks-container=\"867edb78acc15b6268806fdfbff84577\"> <div class=\"wp-block-toolset-blocks-grid tb-grid\" data-toolset-blocks-grid=\"08e59640c49b8e0aebca1e7ee7f0398e\"> <div class=\"wp-block-toolset-blocks-grid-column tb-grid-column tb-grid-align-top\" data-toolset-blocks-grid-column=\"a992820d7fb301188dad620be23f1543\"><\/div> <div class=\"wp-block-toolset-blocks-grid-column tb-grid-column tb-grid-align-top\" data-toolset-blocks-grid-column=\"c5a6be97cfec4b7967978aca3c723c45\"> <div class=\"wp-block-toolset-blocks-container tb-container\" data-toolset-blocks-container=\"a975711b3486f2d1d44280fbdad24221\"> <h2 id=\"forms\" class=\"tb-heading\" data-toolset-blocks-heading=\"2fe3a91544bbcf0caa5b749dbe4a975e\"><a href=\"https:\/\/toolset.com\/home\/cred\/\">Formularios<\/a><\/h2> <div class=\"tb-fields-and-text\" data-toolset-blocks-fields-and-text=\"7ec5b330a84aaa759037f8f1a41a583d\"><p style=\"text-align: left;\">Formularios de creaci\u00f3n de contenido para la interfaz de usuario<\/p><\/div> <\/div> <div class=\"tb-fields-and-text\" data-toolset-blocks-fields-and-text=\"161bb9f799a3c0258d08fb7d2f32ad83\"><p>Con<span> <\/span><a href=\"https:\/\/toolset.com\/home\/cred\/\">Forms<\/a>, puede crear formularios de interfaz de usuario para crear y editar contenido y usuarios. Los formularios de Toolset incluyen todos los campos que pertenecen al contenido, mostrados con el estilo HTML aplicado. Los formularios de Toolset validan las entradas y env\u00edan notificaciones por correo electr\u00f3nico al enviar formularios.<\/p> <p>Al usar formularios de Toolset, puede crear sitios para clasificados, directorios, membres\u00edas, y todo aquello que requiera env\u00edo de contenido a la interfaz de usuario.<\/p><\/div> <\/div> <\/div> <\/div> <div class=\"wp-block-toolset-blocks-container tb-container\" data-toolset-blocks-container=\"fc53cc4a0ff2f686177e47ea78966067\"> <div class=\"wp-block-toolset-blocks-grid tb-grid\" data-toolset-blocks-grid=\"08e59640c49b8e0aebca1e7ee7f0398e\"> <div class=\"wp-block-toolset-blocks-grid-column tb-grid-column tb-grid-align-top\" data-toolset-blocks-grid-column=\"a992820d7fb301188dad620be23f1543\"><\/div> <div class=\"wp-block-toolset-blocks-grid-column tb-grid-column tb-grid-align-top\" data-toolset-blocks-grid-column=\"c5a6be97cfec4b7967978aca3c723c45\"> <div class=\"wp-block-toolset-blocks-container tb-container\" data-toolset-blocks-container=\"7b2465396c326afd33406d8599dcfa51\"> <h2 id=\"access\" class=\"tb-heading\" data-toolset-blocks-heading=\"884b0bbfa124ec29d9e98f9f38de088e\"><a href=\"https:\/\/toolset.com\/home\/types-access\/\">Access<\/a><\/h2> <div class=\"tb-fields-and-text\" data-toolset-blocks-fields-and-text=\"7ec5b330a84aaa759037f8f1a41a583d\"><p style=\"text-align: left;\">Control de acceso y administraci\u00f3n de roles personalizados<\/p><\/div> <\/div> <div class=\"tb-fields-and-text\" data-toolset-blocks-fields-and-text=\"161bb9f799a3c0258d08fb7d2f32ad83\"><p><a href=\"https:\/\/toolset.com\/home\/types-access\/\">Access<\/a><span> permite agregar roles personalizados y controlar sus privilegios. Controle qu\u00e9 acciones pueden realizar los diferentes roles y usuarios sobre el contenido y a qu\u00e9 pantallas de administraci\u00f3n de WordPress pueden acceder los usuarios.<\/span><\/p><\/div> <\/div> <\/div> <\/div> <div class=\"wp-block-toolset-blocks-container tb-container\" data-toolset-blocks-container=\"9590bcaeebd585261276e846cf8dfc00\"> <div class=\"wp-block-toolset-blocks-grid tb-grid\" data-toolset-blocks-grid=\"08e59640c49b8e0aebca1e7ee7f0398e\"> <div class=\"wp-block-toolset-blocks-grid-column tb-grid-column tb-grid-align-top\" data-toolset-blocks-grid-column=\"a992820d7fb301188dad620be23f1543\"><\/div> <div class=\"wp-block-toolset-blocks-grid-column tb-grid-column tb-grid-align-top\" data-toolset-blocks-grid-column=\"c5a6be97cfec4b7967978aca3c723c45\"> <div class=\"wp-block-toolset-blocks-container tb-container\" data-toolset-blocks-container=\"17db993fb8dea81424176a81598daa45\"> <h2 id=\"maps\" class=\"tb-heading\" data-toolset-blocks-heading=\"e7239041f1c6b9fecb9855fe3516d53e\"><a href=\"https:\/\/toolset.com\/course-lesson\/displaying-a-list-of-posts-on-a-map\/\">Maps<\/a><\/h2> <div class=\"tb-fields-and-text\" data-toolset-blocks-fields-and-text=\"7ec5b330a84aaa759037f8f1a41a583d\"><p style=\"text-align: left;\">Visualizaci\u00f3n de todo como marcadores en Google Maps o Azure Maps<\/p><\/div> <\/div> <div class=\"tb-fields-and-text\" data-toolset-blocks-fields-and-text=\"161bb9f799a3c0258d08fb7d2f32ad83\"><p>Toolset Maps permite mostrar cualquier cosa en un mapa de Google o Azure. Se puede usar para cosas simples, como <a href=\"https:\/\/toolset.com\/course-lesson\/displaying-a-simple-map\/\">una sola direcci\u00f3n<\/a> en la p\u00e1gina Contacto o para <a href=\"https:\/\/toolset.com\/course-lesson\/displaying-a-list-of-posts-on-a-map\/\">mostrar resultados de b\u00fasqueda<\/a> en un mapa.<\/p> <p>Con Toolset Maps, puede agregar <a href=\"https:\/\/toolset.com\/course-lesson\/installing-toolset-maps-and-adding-address-fields\/\">campos de &#8220;direcci\u00f3n&#8221;<\/a> a cualquier tipo de contenido y usuarios.<\/p><\/div> <\/div> <\/div> <\/div> <\/div> <\/div>","protected":false},"excerpt":{"rendered":"","protected":false},"author":4341,"featured_media":0,"parent":1396483,"menu_order":0,"comment_status":"closed","ping_status":"closed","template":"template-page-no-title.php","meta":{"_bbp_topic_count":0,"_bbp_reply_count":0,"_bbp_total_topic_count":0,"_bbp_total_reply_count":0,"_bbp_voice_count":0,"_bbp_anonymous_reply_count":0,"_bbp_topic_count_hidden":0,"_bbp_reply_count_hidden":0,"_bbp_forum_subforum_count":0,"ep_exclude_from_search":false,"footnotes":""},"documentation-category":[],"class_list":["post-508104","page","type-page","status-publish","hentry"],"_links":{"self":[{"href":"https:\/\/toolset.com\/es\/wp-json\/wp\/v2\/pages\/508104","targetHints":{"allow":["GET"]}}],"collection":[{"href":"https:\/\/toolset.com\/es\/wp-json\/wp\/v2\/pages"}],"about":[{"href":"https:\/\/toolset.com\/es\/wp-json\/wp\/v2\/types\/page"}],"author":[{"embeddable":true,"href":"https:\/\/toolset.com\/es\/wp-json\/wp\/v2\/users\/4341"}],"replies":[{"embeddable":true,"href":"https:\/\/toolset.com\/es\/wp-json\/wp\/v2\/comments?post=508104"}],"version-history":[{"count":8,"href":"https:\/\/toolset.com\/es\/wp-json\/wp\/v2\/pages\/508104\/revisions"}],"predecessor-version":[{"id":1792585,"href":"https:\/\/toolset.com\/es\/wp-json\/wp\/v2\/pages\/508104\/revisions\/1792585"}],"up":[{"embeddable":true,"href":"https:\/\/toolset.com\/es\/wp-json\/wp\/v2\/pages\/1396483"}],"wp:attachment":[{"href":"https:\/\/toolset.com\/es\/wp-json\/wp\/v2\/media?parent=508104"}],"wp:term":[{"taxonomy":"documentation-category","embeddable":true,"href":"https:\/\/toolset.com\/es\/wp-json\/wp\/v2\/documentation-category?post=508104"}],"curies":[{"name":"wp","href":"https:\/\/api.w.org\/{rel}","templated":true}]}}