{"id":4668,"date":"2013-04-08T23:17:40","date_gmt":"2013-04-08T23:17:40","guid":{"rendered":"https:\/\/toolset.com\/adquieralo-ahora-mismo\/"},"modified":"2020-06-01T13:09:21","modified_gmt":"2020-06-01T13:09:21","slug":"adquieralo-ahora-mismo","status":"publish","type":"page","link":"https:\/\/toolset.com\/es\/adquieralo-ahora-mismo\/","title":{"rendered":"Comprar Toolset"},"content":{"rendered":"<div id=\"toolset-buy-page\">\n<header>\n<h2>\n Cree divertidos sitios WordPress con el Toolset<br \/>\n        <\/h2>\n<p>Con su compra, usted hace <strong>ilimitados sitios<\/strong>, <strong>con pleno soporte<\/strong> y nuestra <strong>garant\u00eda de 30 d\u00edas de devoluci\u00f3n del dinero<\/strong>.<\/p>\n<\/header>\n<div id=\"toolset-buy-page-content\">\n<h3 class=\"toolset-logo\"><span>Toolset &#8211; Types Views CRED Access<\/span><\/h3>\n<p>Ahorre U$ 80 comprando todo el paquete. Tambi\u00e9n puede adquirir los componentes individuales del Toolset listados a continuaci\u00f3n.<\/p>\n<a href=\"https:\/\/toolset.com\/es\/\" class=\"action-button\" onclick=\"otgs_datalayer_push('Toolset')\">Comprar el paquete Toolset completo &#8211; $149<\/a>\n<script type=\"text\/javascript\">\n    if ('function' !== typeof otgs_datalayer_push) {\n        function otgs_datalayer_push(eventlabel) {\n            if ('object' === typeof window.dataLayer) {\n                window.dataLayer.push({\n                    event: 'gaEvent',\n                    eventCategory: 'Product',\n                    eventAction: 'purchase',\n                    eventLabel: eventlabel\n                });\n            }\n        }\n    }\n<\/script>\n\t\t\n<p>o <a href=\"https:\/\/toolset.com\/es\/\" onclick=\"otgs_datalayer_push('Toolset for life')\">comprar Toolset para toda la vida!<\/a>\n<script type=\"text\/javascript\">\n    if ('function' !== typeof otgs_datalayer_push) {\n        function otgs_datalayer_push(eventlabel) {\n            if ('object' === typeof window.dataLayer) {\n                window.dataLayer.push({\n                    event: 'gaEvent',\n                    eventCategory: 'Product',\n                    eventAction: 'purchase',\n                    eventLabel: eventlabel\n                });\n            }\n        }\n    }\n<\/script>\n\t\t<\/p>\n<div id=\"toolset-buy-boxes\">\n<div class=\"toolset-buy-box\">\n<h4 class=\"toolset-buy-box-logo types-logo\">\nTypes<br \/>\n                <\/h4>\n<div class=\"toolset-buy-box-content\">\n<h5>Defina tipos y campos personalizados<\/h5>\n<p>Types ampl\u00eda la capacidad de WordPress permiti\u00e9ndole a usted definir sus propios tipos de contenido.  Usted crear\u00e1 tipos de datos, taxonom\u00edas y campos personalizados, as\u00ed como una amplia selecci\u00f3n de potentes campos personalizados.<\/p>\n<ul>\n<li>Defina tipos personalizados<\/li>\n<li>Cree campos personalizados<\/li>\n<li>Establezca jerarqu\u00edas relacionales<\/li>\n<\/ul>\n<p class=\"action-button-wrapper\">\n <a href=\"https:\/\/toolset.com\/es\/?add-to-cart=38994&#038;buy_now=1\" class=\"action-button\" onclick=\"otgs_datalayer_push('Toolset Types')\"><i class=\"icon-cloud-download\"><\/i> \u00a1Descarga gratuita!<\/a>\n<script type=\"text\/javascript\">\n    if ('function' !== typeof otgs_datalayer_push) {\n        function otgs_datalayer_push(eventlabel) {\n            if ('object' === typeof window.dataLayer) {\n                window.dataLayer.push({\n                    event: 'gaEvent',\n                    eventCategory: 'Product',\n                    eventAction: 'purchase',\n                    eventLabel: eventlabel\n                });\n            }\n        }\n    }\n<\/script>\n\t\t\n                    <\/p><\/div>\n<\/p><\/div>\n<p class=\"plus-ico\">m\u00e1s<\/p>\n<div class=\"toolset-buy-box\">\n<h4 class=\"toolset-buy-box-logo views-logo\">\nViews<br \/>\n                <\/h4>\n<div class=\"toolset-buy-box-content\">\n<h5>Muestre contenido a su manera<\/h5>\n<p>Views es su motor de visualizaci\u00f3n. Usted podr\u00e1 personalizar el aspecto de p\u00e1ginas individuales, cargar listas de contenido, crear sus propios widgets y construir sitios enteros desde el administrador WordPress.<\/p>\n<ul>\n<li>Dise\u00f1e plantillas desde el administrador de WordPress<\/li>\n<li>Consulte, filtre y cargue cualquier tipo de contenido<\/li>\n<li>Visualice listas, grillas, sliders y mucho m\u00e1s<\/li>\n<li>Visualice contenido est\u00e1ndar y personalizado<\/li>\n<\/ul>\n<p class=\"action-button-wrapper\">\n <a href=\"https:\/\/toolset.com\/es\/\" class=\"action-button\" onclick=\"otgs_datalayer_push('Views')\">C\u00f3mprelo por $95 USD<\/a>\n<script type=\"text\/javascript\">\n    if ('function' !== typeof otgs_datalayer_push) {\n        function otgs_datalayer_push(eventlabel) {\n            if ('object' === typeof window.dataLayer) {\n                window.dataLayer.push({\n                    event: 'gaEvent',\n                    eventCategory: 'Product',\n                    eventAction: 'purchase',\n                    eventLabel: eventlabel\n                });\n            }\n        }\n    }\n<\/script>\n\t\t\n                    <\/p><\/div>\n<\/p><\/div>\n<p class=\"plus-ico\">m\u00e1s<\/p>\n<div class=\"toolset-buy-box\">\n<h4 class=\"toolset-buy-box-logo cred-logo\">\nCRED<br \/>\n                <\/h4>\n<div class=\"toolset-buy-box-content\">\n<h5>Confiera interactividad a los sitios<\/h5>\n<p>CRED le permite hacer formularios para la creaci\u00f3n y edici\u00f3n de contenido por parte del usuario.  Combinado con control de acceso (Access), CRED le permite construir excitantes aplicaciones web en WordPress.<\/p>\n<ul>\n<li>Haga formularios para crear y editar contenido<\/li>\n<li>Edite campos est\u00e1ndar, campos y taxonom\u00edas personalizados.<\/li>\n<li>Cree formularios flexibles y campos din\u00e1micos<\/li>\n<li>Desarrolle aplicaciones web completas con la API de CRED<\/li>\n<\/ul>\n<p class=\"action-button-wrapper\">\n <a href=\"https:\/\/toolset.com\/es\/\" class=\"action-button\" onclick=\"otgs_datalayer_push('CRED')\">C\u00f3mprelo por $95 USD<\/a>\n<script type=\"text\/javascript\">\n    if ('function' !== typeof otgs_datalayer_push) {\n        function otgs_datalayer_push(eventlabel) {\n            if ('object' === typeof window.dataLayer) {\n                window.dataLayer.push({\n                    event: 'gaEvent',\n                    eventCategory: 'Product',\n                    eventAction: 'purchase',\n                    eventLabel: eventlabel\n                });\n            }\n        }\n    }\n<\/script>\n\t\t\n                    <\/p><\/div>\n<\/p><\/div>\n<p class=\"plus-ico\">m\u00e1s<\/p>\n<div class=\"toolset-buy-box\">\n<h4 class=\"toolset-buy-box-logo access-logo\">\nAccess<br \/>\n                <\/h4>\n<div class=\"toolset-buy-box-content\">\n<h5>Controle el acceso al contenido<\/h5>\n<p>Access de Types le permite definir nuevos roles y controlar qui\u00e9n puede hacer qu\u00e9. Con Types Access puede proteger cierto contenido, permitiendo que los usuarios accedan \u00fanicamente a su propio contenido.<\/p>\n<ul>\n<li>Controle qui\u00e9n puede acceder al contenido<\/li>\n<li>Cree roles personalizados y asigne privilegios<\/li>\n<\/ul>\n<p class=\"action-button-wrapper\">\n <a href=\"https:\/\/toolset.com\/es\/\" class=\"action-button\" onclick=\"otgs_datalayer_push('Access')\">C\u00f3mprelo por $39 USD<\/a>\n<script type=\"text\/javascript\">\n    if ('function' !== typeof otgs_datalayer_push) {\n        function otgs_datalayer_push(eventlabel) {\n            if ('object' === typeof window.dataLayer) {\n                window.dataLayer.push({\n                    event: 'gaEvent',\n                    eventCategory: 'Product',\n                    eventAction: 'purchase',\n                    eventLabel: eventlabel\n                });\n            }\n        }\n    }\n<\/script>\n\t\t\n                    <\/p><\/div>\n<\/p><\/div>\n<\/p><\/div>\n<p class=\"toolset-buy-button-wrapper\">\n <a href=\"https:\/\/toolset.com\/es\/\" class=\"action-button\" onclick=\"otgs_datalayer_push('Toolset')\">Ahorre $80 comprando el paquete completo \u2013 <strong>Comprar Toolset $149 USD<\/strong><\/a>\n<script type=\"text\/javascript\">\n    if ('function' !== typeof otgs_datalayer_push) {\n        function otgs_datalayer_push(eventlabel) {\n            if ('object' === typeof window.dataLayer) {\n                window.dataLayer.push({\n                    event: 'gaEvent',\n                    eventCategory: 'Product',\n                    eventAction: 'purchase',\n                    eventLabel: eventlabel\n                });\n            }\n        }\n    }\n<\/script>\n\t\t\n        <\/p><\/div>\n<\/div>\n","protected":false},"excerpt":{"rendered":"<p>Cree divertidos sitios WordPress con el Toolset Con su compra, usted hace ilimitados sitios, con pleno soporte y nuestra garant\u00eda de 30 d\u00edas de devoluci\u00f3n del dinero. Toolset &#8211; Types Views CRED Access Ahorre U$ 80 comprando todo el paquete. Tambi\u00e9n puede adquirir los componentes individuales del Toolset listados a continuaci\u00f3n. o Types Defina tipos [&hellip;]<\/p>\n","protected":false},"author":3,"featured_media":0,"parent":0,"menu_order":66,"comment_status":"closed","ping_status":"closed","template":"","meta":{"_bbp_topic_count":0,"_bbp_reply_count":0,"_bbp_total_topic_count":0,"_bbp_total_reply_count":0,"_bbp_voice_count":0,"_bbp_anonymous_reply_count":0,"_bbp_topic_count_hidden":0,"_bbp_reply_count_hidden":0,"_bbp_forum_subforum_count":0,"ep_exclude_from_search":false,"footnotes":""},"documentation-category":[],"class_list":["post-4668","page","type-page","status-publish","hentry"],"_links":{"self":[{"href":"https:\/\/toolset.com\/es\/wp-json\/wp\/v2\/pages\/4668","targetHints":{"allow":["GET"]}}],"collection":[{"href":"https:\/\/toolset.com\/es\/wp-json\/wp\/v2\/pages"}],"about":[{"href":"https:\/\/toolset.com\/es\/wp-json\/wp\/v2\/types\/page"}],"author":[{"embeddable":true,"href":"https:\/\/toolset.com\/es\/wp-json\/wp\/v2\/users\/3"}],"replies":[{"embeddable":true,"href":"https:\/\/toolset.com\/es\/wp-json\/wp\/v2\/comments?post=4668"}],"version-history":[{"count":8,"href":"https:\/\/toolset.com\/es\/wp-json\/wp\/v2\/pages\/4668\/revisions"}],"predecessor-version":[{"id":1546449,"href":"https:\/\/toolset.com\/es\/wp-json\/wp\/v2\/pages\/4668\/revisions\/1546449"}],"wp:attachment":[{"href":"https:\/\/toolset.com\/es\/wp-json\/wp\/v2\/media?parent=4668"}],"wp:term":[{"taxonomy":"documentation-category","embeddable":true,"href":"https:\/\/toolset.com\/es\/wp-json\/wp\/v2\/documentation-category?post=4668"}],"curies":[{"name":"wp","href":"https:\/\/api.w.org\/{rel}","templated":true}]}}