{"id":30182,"date":"2012-12-08T15:06:55","date_gmt":"2012-12-08T15:06:55","guid":{"rendered":"https:\/\/toolset.com\/documentacion\/guias-de-usuario\/editar-campos-personalizados-de-entradas-child\/"},"modified":"2014-10-28T16:52:14","modified_gmt":"2014-10-28T16:52:14","slug":"editar-campos-personalizados-de-entradas-child","status":"publish","type":"page","link":"https:\/\/toolset.com\/es\/documentacion\/editar-campos-personalizados-de-entradas-child\/","title":{"rendered":"Editar campos personalizados de entradas child"},"content":{"rendered":"<p>Una vez que haya <a href=\"\/?page_id=28674\">definido una relaci\u00f3n parent \/ child entre diferentes tipos de entradas<\/a>, usted podr\u00e1 editar datos child directamente desde el editor parent.<\/p>\n<p>Esto representa un gran ahorro de tiempo cuando los parent poseen muchos child. Por ejemplo, considere un artista que tiene muchos shows, o una casa con numerosas habitaciones.<\/p>\n<p>En la p\u00e1gina parent, usted tendr\u00e1 una <strong>tabla de campo<\/strong> donde podr\u00e1 crear nuevas entradas en el tipo de entrada child:<\/p>\n<p><img decoding=\"async\" class=\"aligncenter size-full wp-image-6795\" title=\"tabla de campos 1\" src=\"https:\/\/toolset.com\/wp-content\/uploads\/2012\/12\/fieldstable11.jpg\" alt=\"el metabox de la tabla de campos para la p\u00e1gina parent\" width=\"591\" height=\"137\" \/><\/p>\n<p>El metabox sobre la p\u00e1gina child nos permite adosar la relaci\u00f3n:<\/p>\n<p><img decoding=\"async\" class=\"aligncenter size-full wp-image-6795\" title=\"tabla de campos 2\" src=\"https:\/\/toolset.com\/wp-content\/uploads\/2012\/12\/fieldstable2.jpg\" alt=\"el metabox de la tabla de campos para la p\u00e1gina child\" \/><\/p>\n<p><a title=\"Crear relaciones entre tipos de entradas\" href=\"\/?page_id=28674\">Aqu\u00ed puede leer m\u00e1s acerca de c\u00f3mo establecer relaciones entre entradas.<\/a><\/p>\n<div class=\"well well-info \"> Si no puede ver las opciones de relaci\u00f3n entre entradas, guarde su p\u00e1gina y rec\u00e1rguela. <\/div>\n<h3>Crear entradas child a partir de la entrada parent<\/h3>\n<p>Puede crear entradas child a partir de una entrada parent. Por ejemplo, hemos implementado una jerarqu\u00eda de entradas en nuestro <a href=\"http:\/\/ref.wp-types.com\/real-estate\/\">sitio web demo del tema inmobiliario<\/a>. Esto significa, que podemos tener tipos de contenido de listados que poseen tipos de contenido &#8216;room&#8217; (habitaciones) pertenecientes a ellos.<\/p>\n<p>Desde el contexto de la p\u00e1gina de edici\u00f3n de listados, puedo crear todas habitaciones pertenecientes a este listado. Por ejemplo, yo podr\u00eda querer a\u00f1adir un l\u00edving a un listado en particular. Puede hacerlo, introduciendo los datos en la tabla.<\/p>\n<p style=\"text-align: center;\"><img decoding=\"async\" class=\"aligncenter  wp-image-6795\" title=\"tabla de campos\" src=\"https:\/\/toolset.com\/wp-content\/uploads\/2012\/12\/fieldstable31.jpg\" alt=\"las opciones de relaci\u00f3n entre entradas, con la entrada master 'bedroom' (dormitorio). Usted puede ver que e contenido est\u00e1 resaltado en amarillo. Esto es, debido a a\u00fan no ha sido guardado.\" width=\"600\" height=\"196\" \/><\/p>\n<p>Usted puede ver que el contenido mostrado m\u00e1s arriba est\u00e1 resaltado en amarillo. Esto es debido a que a\u00fan no fue guardado. Haga clic en el bot\u00f3n Guardar. Cuando est\u00e9 todo blanco, significa que est\u00e1 guardado.<\/p>\n<div class=\"well well-info \"> \u00bfSab\u00eda que puede elegir los campos que Ud. desea que aparezcan en la caja de relaci\u00f3n entre entradas? Usted puede leer c\u00f3mo hacerlo en nuestra gu\u00eda sobre relaciones entre entradas. <\/div>\n<p>Ahora, cuando voy a mi lista del panel administrador de &#8216;Room&#8217; puedo ver que se agreg\u00f3 la nueva entrada.<\/p>\n<p><img decoding=\"async\" class=\"aligncenter  wp-image-6795\" title=\"l\u00edving\" src=\"https:\/\/toolset.com\/wp-content\/uploads\/2012\/12\/fieldstable4.jpg\" alt=\"el panel de admin para 'room' con el contenido del living listado\" \/><\/p>\n<p>Puede agregar tantas piezas de contenido como quiera, a una tabla de campos. Para el demo inmobiliario hemos agregado cinco habitaciones (rooms) a un listado simple:<\/p>\n<p style=\"text-align: center;\"><img decoding=\"async\" class=\"aligncenter  wp-image-6795\" title=\"tabla de campos completada\" src=\"https:\/\/toolset.com\/wp-content\/uploads\/2012\/12\/fieldstable5.jpg\" alt=\"una tabla de campos con 5 filas de contenido: cada \u00edtem de contenido es un tipo de entrada de habitaci\u00f3n (room) individual\" width=\"600\" height=\"635\" \/><\/p>\n<p>Cada una de esas columnas crea un nuevo tipo de entrada de habitaci\u00f3n:<\/p>\n<p style=\"text-align: center;\"><img decoding=\"async\" class=\"wp-image-6659 aligncenter\" title=\"habitaciones\" src=\"https:\/\/toolset.com\/wp-content\/uploads\/2012\/12\/rooms.png\" alt=\"la lista de 'rooms' creadas\" width=\"600\" height=\"418\" \/><\/p>\n<h3>Editar entradas child<\/h3>\n<p>Usted puede editar entradas child a partir de la entrada parent realizando cambios dentro de la tabla de campos. Al haber editado un \u00edtem, \u00e9ste se torna amarillo. Haga clic para guardar los cambios.<\/p>\n<p style=\"text-align: center;\"><img decoding=\"async\" class=\"aligncenter  wp-image-6665\" title=\"tabla de edici\u00f3n de campos\" src=\"https:\/\/toolset.com\/wp-content\/uploads\/2012\/12\/editfieldstable.png\" alt=\"El campo editado se ha resaltado en amarillo. El puntero del rat\u00f3n se encuentra sobre el bot\u00f3n Guardar\" width=\"600\" height=\"125\" \/><\/p>\n<p>Tambi\u00e9n puede editar la p\u00e1gina child en su propia pantalla de edici\u00f3n. Para ello haga clic en el bot\u00f3n de edici\u00f3n y ser\u00e1 redirigido a la pantalla de edici\u00f3n para la p\u00e1gina child:<\/p>\n<p style=\"text-align: center;\"><img decoding=\"async\" class=\"wp-image-6666 aligncenter\" title=\"haga clic en el bot\u00f3n de edici\u00f3n\" src=\"https:\/\/toolset.com\/wp-content\/uploads\/2012\/12\/editbutton.png\" alt=\"el rat\u00f3n pasa por encima del bot\u00f3n de edici\u00f3n para el tipo de entrada room\" width=\"600\" height=\"118\" \/><\/p>\n<p>Para borrar una p\u00e1gina child basta con hacer clic en el bot\u00f3n Borrar. No borrar\u00e1 la relaci\u00f3n pero <strong>borrar\u00e1 por completo la entrada.<\/strong><\/p>\n<h3>Ordenar su tabla de campos<\/h3>\n<p>Hay controles que le permiten ordenar su tabla de campos. Esto le permitir\u00e1 encontrar \u00edtems child, siendo particularmente \u00fatil si tiene largas listas de elementos child.<\/p>\n<p style=\"text-align: center;\"><img decoding=\"async\" class=\"aligncenter  wp-image-6669\" title=\"clic en las cabeceras para reordenar\" src=\"https:\/\/toolset.com\/wp-content\/uploads\/2012\/12\/reorder.png\" alt=\"la tabla de campos con los encabezados de columna resaltados y una llamada que dice \"clic en las cabeceras para reordenar\"\" width=\"600\" height=\"212\" \/><\/p>\n<div class=\"well well-info \">Al ordenar los \u00edtems child en el metabox de relaciones de entradas no se producir\u00e1n cambios en su orden real, o sea, en c\u00f3mo aparecen en la pantalla de post edici\u00f3n del parent. Cuando usted d\u00e9 salida a los datos con Views, este orden no ser\u00e1 respetado.<\/div>\n<h3>A\u00f1adir \u00edtems child a parents<\/h3>\n<p>\u00bfQu\u00e9 ocurre, si usted ya ha creado una habitaci\u00f3n y quiere a\u00f1adirla a un parent? Puede hacerlo, navegando hasta la pantalla de edici\u00f3n del child.<\/p>\n<p>Usted ver\u00e1 el metabox de relaciones entre entradas, donde puede hacer cambios en la relaci\u00f3n:<\/p>\n<p><img decoding=\"async\" class=\"aligncenter size-full wp-image-6805\" title=\"child-tabla-campos\" src=\"https:\/\/toolset.com\/wp-content\/uploads\/2012\/12\/fieldstablechild.jpg\" alt=\"el metabox de la tabla de campos sobre la p\u00e1gina child\" width=\"494\" height=\"126\" \/><\/p>\n<p>Puede aprender m\u00e1s acerca de c\u00f3mo trabajar en forma pr\u00e1ctica con relaciones entre entradas en nuestro tutorial sobre listados inmobiliarios.<\/p>\n<p>[hr]<\/p>\n<h3>M\u00e1s lectura sobre este t\u00f3pico<\/h3>\n<ul>\n<li><a href=\"\/?page_id=28674\">Crear relaciones entre entradas<\/a>: c\u00f3mo definir una relaci\u00f3n parent \/ child entre distintos tipos de entradas<\/li>\n<li><a href=\"\/?page_id=30114\">Consulta y visualizaci\u00f3n de entradas child<\/a>: aprenda a cargar entradas child desde la base de datos y mostrarlas<\/li>\n<\/ul>\n","protected":false},"excerpt":{"rendered":"<p>Una vez que haya definido una relaci\u00f3n parent \/ child entre diferentes tipos de entradas, usted podr\u00e1 editar datos child directamente desde el editor parent. Esto representa un gran ahorro de tiempo cuando los parent poseen muchos child. Por ejemplo, considere un artista que tiene muchos shows, o una casa con numerosas habitaciones. En la [&hellip;]<\/p>\n","protected":false},"author":3,"featured_media":0,"parent":5205,"menu_order":5,"comment_status":"closed","ping_status":"closed","template":"","meta":{"_bbp_topic_count":0,"_bbp_reply_count":0,"_bbp_total_topic_count":0,"_bbp_total_reply_count":0,"_bbp_voice_count":0,"_bbp_anonymous_reply_count":0,"_bbp_topic_count_hidden":0,"_bbp_reply_count_hidden":0,"_bbp_forum_subforum_count":0,"ep_exclude_from_search":false,"footnotes":""},"documentation-category":[],"class_list":["post-30182","page","type-page","status-publish","hentry"],"_links":{"self":[{"href":"https:\/\/toolset.com\/es\/wp-json\/wp\/v2\/pages\/30182","targetHints":{"allow":["GET"]}}],"collection":[{"href":"https:\/\/toolset.com\/es\/wp-json\/wp\/v2\/pages"}],"about":[{"href":"https:\/\/toolset.com\/es\/wp-json\/wp\/v2\/types\/page"}],"author":[{"embeddable":true,"href":"https:\/\/toolset.com\/es\/wp-json\/wp\/v2\/users\/3"}],"replies":[{"embeddable":true,"href":"https:\/\/toolset.com\/es\/wp-json\/wp\/v2\/comments?post=30182"}],"version-history":[{"count":1,"href":"https:\/\/toolset.com\/es\/wp-json\/wp\/v2\/pages\/30182\/revisions"}],"predecessor-version":[{"id":257228,"href":"https:\/\/toolset.com\/es\/wp-json\/wp\/v2\/pages\/30182\/revisions\/257228"}],"up":[{"embeddable":true,"href":"https:\/\/toolset.com\/es\/wp-json\/wp\/v2\/pages\/5205"}],"wp:attachment":[{"href":"https:\/\/toolset.com\/es\/wp-json\/wp\/v2\/media?parent=30182"}],"wp:term":[{"taxonomy":"documentation-category","embeddable":true,"href":"https:\/\/toolset.com\/es\/wp-json\/wp\/v2\/documentation-category?post=30182"}],"curies":[{"name":"wp","href":"https:\/\/api.w.org\/{rel}","templated":true}]}}