{"id":29623,"date":"2012-12-05T00:19:46","date_gmt":"2012-12-05T00:19:46","guid":{"rendered":"https:\/\/toolset.com\/documentacion\/guias-de-usuario\/views-de-archivo-personalizar-paginas-de-archivo-de-wordpress\/"},"modified":"2014-10-28T16:47:52","modified_gmt":"2014-10-28T16:47:52","slug":"views-de-archivo-personalizar-paginas-de-archivo-de-wordpress","status":"publish","type":"page","link":"https:\/\/toolset.com\/es\/documentacion\/views-de-archivo-personalizar-paginas-de-archivo-de-wordpress\/","title":{"rendered":"Views de archivo: personalizar p\u00e1ginas de archivo de WordPress"},"content":{"rendered":"<p>Por lo general, Views tiene dos partes:<\/p>\n<ul>\n<li>Consultar contenido de la base de datos<\/li>\n<li>Mostrar contenido de la base de datos<\/li>\n<\/ul>\n<p>No obstante, usted puede usar Views para mostrar el contenido cuando WordPress ya ha realizado la consulta. Por ejemplo, la p\u00e1gina (index) de blog, p\u00e1ginas de archivo, p\u00e1ginas de taxonom\u00eda e incluso resultados de b\u00fasqueda.<\/p>\n<p>En este caso, usted puede decirle a la View que no consulte, sino que utilice los resultados de la consulta que WordPress est\u00e1 suministrando.<\/p>\n<p>Veamos c\u00f3mo trabaja esto, en la p\u00e1gina est\u00e1ndar de blog.<\/p>\n<h2>Ejemplo: Uso de una View de archivo para personalizar el blog<\/h2>\n<p>Primero, cree una nueva View y p\u00f3ngale un nombre. Luego, en la secci\u00f3n <strong>Consulta de la View<\/strong>, cambie el tipo de la View a <strong>View de archivo<\/strong>.<\/p>\n<figure id=\"attachment_13340\" aria-describedby=\"caption-attachment-13340\" style=\"width: 300px\" class=\"wp-caption alignnone\"><a href=\"https:\/\/toolset.com\/wp-content\/uploads\/2012\/12\/archive-view-setting.png\"><img decoding=\"async\" class=\"size-medium wp-image-13340\" title=\"config-view-archivo\" src=\"https:\/\/toolset.com\/wp-content\/uploads\/2012\/12\/archive-view-setting-300x2911.png\" alt=\"\" width=\"300\" height=\"291\" \/><\/a><figcaption id=\"caption-attachment-13340\" class=\"wp-caption-text\">Configuraci\u00f3n de una View de archivo<\/figcaption><\/figure>\n<p>Cuando estamos en modo de View normal, escogemos el contenido a cargar, c\u00f3mo filtrarlo y c\u00f3mo paginar. Todo ello no es necesario en el modo View de archivo. WordPress proporciona el contenido y la View s\u00f3lo lo har\u00e1 visible.<\/p>\n<p>Escoja en cu\u00e1les p\u00e1ginas de listado se usar\u00e1 esta View. En este ejemplo, la usaremos en la p\u00e1gina Home\/Blog.<\/p>\n<p>A continuaci\u00f3n, prosiga con la secci\u00f3n de Layout de la view. Agregue campos, tal como lo har\u00eda en una View normal.<\/p>\n<p>Yo he elegido un <strong>layout de grilla<\/strong> con dos columnas. He a\u00f1adido el t\u00edtulo de la entrada (con enlace), categor\u00eda, conteo de comentarios, imagen destacada y rese\u00f1a. Tambi\u00e9n he aplicado cierto CSS (con mis escasas habilidades en CSS). Este es el resultado.<\/p>\n<figure id=\"attachment_13342\" aria-describedby=\"caption-attachment-13342\" style=\"width: 300px\" class=\"wp-caption alignnone\"><a href=\"https:\/\/toolset.com\/wp-content\/uploads\/2012\/12\/blog-as-grid.png\"><img decoding=\"async\" class=\"size-medium wp-image-13342\" title=\"blog-como-grilla\" src=\"https:\/\/toolset.com\/wp-content\/uploads\/2012\/12\/blog-as-grid-300x2271.png\" alt=\"\" width=\"300\" height=\"227\" \/><\/a><figcaption id=\"caption-attachment-13342\" class=\"wp-caption-text\">P\u00e1gina de blog mostr\u00e1ndose como grilla<\/figcaption><\/figure>\n<h2>Gestionar Views de archivo<\/h2>\n<p>Como se aclar\u00f3, hemos seleccionado cu\u00e1l p\u00e1gina de archivo mostrar\u00e1 esta View en la secci\u00f3n Consulta de la view. A medida que usted cree m\u00e1s views de archivo, seguramente querr\u00e1 gestionar su uso desde una ubicaci\u00f3n central.<\/p>\n<p>Ir a <strong>Views-&gt;Configuraci\u00f3n<\/strong>.<\/p>\n<figure id=\"attachment_13344\" aria-describedby=\"caption-attachment-13344\" style=\"width: 253px\" class=\"wp-caption alignnone\"><a href=\"https:\/\/toolset.com\/wp-content\/uploads\/2012\/12\/views-settings.png\"><img decoding=\"async\" class=\"size-medium wp-image-13344\" title=\"configurar-views\" src=\"https:\/\/toolset.com\/wp-content\/uploads\/2012\/12\/views-settings-253x3001.png\" alt=\"\" width=\"253\" height=\"300\" \/><\/a><figcaption id=\"caption-attachment-13344\" class=\"wp-caption-text\">Configuraci\u00f3n de las Views<\/figcaption><\/figure>\n<p>Usted ver\u00e1 una lista de todos los bucles (loops) donde puede usar views de archivo. Haga clic en &#8216;editar&#8217; al lado de cada secci\u00f3n y elija cu\u00e1l view muestra qu\u00e9 bucle.<\/p>\n","protected":false},"excerpt":{"rendered":"<p>Por lo general, Views tiene dos partes: Consultar contenido de la base de datos Mostrar contenido de la base de datos No obstante, usted puede usar Views para mostrar el contenido cuando WordPress ya ha realizado la consulta. Por ejemplo, la p\u00e1gina (index) de blog, p\u00e1ginas de archivo, p\u00e1ginas de taxonom\u00eda e incluso resultados de [&hellip;]<\/p>\n","protected":false},"author":1,"featured_media":0,"parent":5205,"menu_order":6,"comment_status":"closed","ping_status":"closed","template":"","meta":{"_bbp_topic_count":0,"_bbp_reply_count":0,"_bbp_total_topic_count":0,"_bbp_total_reply_count":0,"_bbp_voice_count":0,"_bbp_anonymous_reply_count":0,"_bbp_topic_count_hidden":0,"_bbp_reply_count_hidden":0,"_bbp_forum_subforum_count":0,"ep_exclude_from_search":false,"footnotes":""},"documentation-category":[],"class_list":["post-29623","page","type-page","status-publish","hentry"],"_links":{"self":[{"href":"https:\/\/toolset.com\/es\/wp-json\/wp\/v2\/pages\/29623","targetHints":{"allow":["GET"]}}],"collection":[{"href":"https:\/\/toolset.com\/es\/wp-json\/wp\/v2\/pages"}],"about":[{"href":"https:\/\/toolset.com\/es\/wp-json\/wp\/v2\/types\/page"}],"author":[{"embeddable":true,"href":"https:\/\/toolset.com\/es\/wp-json\/wp\/v2\/users\/1"}],"replies":[{"embeddable":true,"href":"https:\/\/toolset.com\/es\/wp-json\/wp\/v2\/comments?post=29623"}],"version-history":[{"count":1,"href":"https:\/\/toolset.com\/es\/wp-json\/wp\/v2\/pages\/29623\/revisions"}],"predecessor-version":[{"id":257089,"href":"https:\/\/toolset.com\/es\/wp-json\/wp\/v2\/pages\/29623\/revisions\/257089"}],"up":[{"embeddable":true,"href":"https:\/\/toolset.com\/es\/wp-json\/wp\/v2\/pages\/5205"}],"wp:attachment":[{"href":"https:\/\/toolset.com\/es\/wp-json\/wp\/v2\/media?parent=29623"}],"wp:term":[{"taxonomy":"documentation-category","embeddable":true,"href":"https:\/\/toolset.com\/es\/wp-json\/wp\/v2\/documentation-category?post=29623"}],"curies":[{"name":"wp","href":"https:\/\/api.w.org\/{rel}","templated":true}]}}