{"id":29347,"date":"2012-12-03T22:36:32","date_gmt":"2012-12-03T22:36:32","guid":{"rendered":"https:\/\/toolset.com\/documentacion\/guias-de-usuario\/crear-formularios-cred\/"},"modified":"2017-03-31T16:12:45","modified_gmt":"2017-03-31T16:12:45","slug":"crear-formularios-cred","status":"publish","type":"page","link":"https:\/\/toolset.com\/es\/documentacion\/crear-formularios-cred\/","title":{"rendered":"Formularios de edici\u00f3n y env\u00edo de contenido al front-end"},"content":{"rendered":"<p><strong>Muchos sitios web requieren la capacidad de crear y editar contenido desde el front-end. Entre ellos, sitios web de clasificados, listados, bienes ra\u00edces y trabajo. El plugin Forms facilita la integraci\u00f3n de estas capacidades. Forms permite crear formularios para el front-end para generar y editar contenido. Estos formularios pueden incluir campos personalizados, validar entradas, y enviar notificaciones por correo.<\/strong><\/p>\n<div class=\"well well-default \">Si a\u00fan no conoce bien el plugin Forms, le recomendamos empezar con el <a href=\"\/?page_id=565236\">Curso de Formaci\u00f3n en Forms<\/a>.<br \/>\n <\/div>\n<p> Para crear un formulario de edici\u00f3n de contenido para front-end, vaya a <strong>Toolset-&gt;Formularios de entrada <\/strong>y haga clic en <strong>Agregar nuevo<\/strong>. Elija el tipo de formulario que desea crear (\u201cnuevo contenido&#8221; o &#8220;editar contenido&#8221;) as\u00ed como tambi\u00e9n muchas otras opciones para el formulario.<\/p>\n<p><ta_ignore><figure id=\"attachment_400575\" aria-describedby=\"caption-attachment-400575\" style=\"width: 450px\" class=\"wp-caption aligncenter\"><a href=\"https:\/\/toolset.com\/wp-content\/uploads\/2012\/09\/cred-post-forms-classifieds-example.jpg\"><img decoding=\"async\" class=\"size-full wp-image-400575\" src=\"https:\/\/toolset.com\/wp-content\/uploads\/2012\/09\/cred-post-forms-classifieds-example-small-r1.jpg\" alt=\"Formulario Forms para enviar un anuncio nuevo\" width=\"450\" height=\"300\" srcset=\"https:\/\/toolset.com\/wp-content\/uploads\/2012\/09\/cred-post-forms-classifieds-example-small-r1.jpg 450w, https:\/\/toolset.com\/wp-content\/uploads\/2012\/09\/cred-post-forms-classifieds-example-small-r1-150x100.jpg 150w, https:\/\/toolset.com\/wp-content\/uploads\/2012\/09\/cred-post-forms-classifieds-example-small-r1-300x200.jpg 300w\" sizes=\"(max-width: 450px) 100vw, 450px\" \/><\/a><figcaption id=\"caption-attachment-400575\" class=\"wp-caption-text\">Formulario Forms para enviar un anuncio nuevo<ta_ignore><\/figcaption><\/figure><\/ta_ignore><\/p>\n<p> El formulario puede crear contenido nuevo o editar contenido existente. Los formularios de contenido para front-end de Forms funcionan con p\u00e1ginas de WordPress, entradas y tipos de entrada personalizados (vea las instrucciones para <a href=\"\/?post_type=course-lesson&#038;p=472600\">crear formularios Forms para productos WooCommerce<\/a>).<\/p>\n<p> Si necesita crear formularios para usuarios, use los <a href=\"http:\/\/www.wp-types.com\/user-guides\/cred-user-forms\/\">formularios de registro de usuario para front-end<\/a>. Si necesita permitir la creaci\u00f3n de contenido y editarlo, deber\u00eda crear dos formularios, uno para cada cosa.<\/p>\n<h2 id=\"designing-the-cred-post-form\">Dise\u00f1o de los formularios de entrega de contenido en el front-end<\/h2>\n<p> Al empezar, los formularios Forms est\u00e1n vac\u00edos La manera m\u00e1s f\u00e1cil de comenzar es usando el bot\u00f3n <strong>Autogenerar formulario<\/strong>.<\/p>\n<p><ta_ignore><figure id=\"attachment_427385\" aria-describedby=\"caption-attachment-427385\" style=\"width: 300px\" class=\"wp-caption aligncenter\"><a href=\"https:\/\/toolset.com\/wp-content\/uploads\/2012\/09\/cred-post-forms-autogeneration.png\"><img decoding=\"async\" class=\"wp-image-427385 size-medium\" src=\"https:\/\/toolset.com\/wp-content\/uploads\/2012\/09\/cred-post-forms-autogeneration-300x169.png\" alt=\"Funci\u00f3n de generaci\u00f3n autom\u00e1tica de formularios en los formularios de entrada de Forms\" width=\"300\" height=\"169\" srcset=\"https:\/\/toolset.com\/wp-content\/uploads\/2012\/09\/cred-post-forms-autogeneration-300x169.png 300w, https:\/\/toolset.com\/wp-content\/uploads\/2012\/09\/cred-post-forms-autogeneration-150x85.png 150w, https:\/\/toolset.com\/wp-content\/uploads\/2012\/09\/cred-post-forms-autogeneration-768x434.png 768w, https:\/\/toolset.com\/wp-content\/uploads\/2012\/09\/cred-post-forms-autogeneration-1024x578.png 1024w, https:\/\/toolset.com\/wp-content\/uploads\/2012\/09\/cred-post-forms-autogeneration-805x455.png 805w, https:\/\/toolset.com\/wp-content\/uploads\/2012\/09\/cred-post-forms-autogeneration.png 1130w\" sizes=\"(max-width: 300px) 100vw, 300px\" \/><\/a><figcaption id=\"caption-attachment-427385\" class=\"wp-caption-text\">Funci\u00f3n de generaci\u00f3n autom\u00e1tica de formularios en los formularios de entrada de Forms<ta_ignore><\/figcaption><\/figure><\/ta_ignore><\/p>\n<p> El generador autom\u00e1tico crea un formulario completamente funcional e incluye todos los campos que pertenecen al contenido.<\/p>\n<p><ta_ignore><figure id=\"attachment_427386\" aria-describedby=\"caption-attachment-427386\" style=\"width: 300px\" class=\"wp-caption aligncenter\"><a href=\"https:\/\/toolset.com\/wp-content\/uploads\/2012\/09\/cred-post-forms-autogeneration-basic.png\"><img decoding=\"async\" class=\"size-medium wp-image-427386\" src=\"https:\/\/toolset.com\/wp-content\/uploads\/2012\/09\/cred-post-forms-autogeneration-basic-300x285.png\" alt=\"Contenido de formulario generado autom\u00e1ticamente\" width=\"300\" height=\"285\" srcset=\"https:\/\/toolset.com\/wp-content\/uploads\/2012\/09\/cred-post-forms-autogeneration-basic-300x285.png 300w, https:\/\/toolset.com\/wp-content\/uploads\/2012\/09\/cred-post-forms-autogeneration-basic-150x143.png 150w, https:\/\/toolset.com\/wp-content\/uploads\/2012\/09\/cred-post-forms-autogeneration-basic-768x730.png 768w, https:\/\/toolset.com\/wp-content\/uploads\/2012\/09\/cred-post-forms-autogeneration-basic-1024x973.png 1024w, https:\/\/toolset.com\/wp-content\/uploads\/2012\/09\/cred-post-forms-autogeneration-basic-547x520.png 547w, https:\/\/toolset.com\/wp-content\/uploads\/2012\/09\/cred-post-forms-autogeneration-basic.png 1131w\" sizes=\"(max-width: 300px) 100vw, 300px\" \/><\/a><figcaption id=\"caption-attachment-427386\" class=\"wp-caption-text\">Contenido de formulario generado autom\u00e1ticamente<ta_ignore><\/figcaption><\/figure><\/ta_ignore><\/p>\n<p> Puede usar este estilo de formulario predeterminado o editar el HTML para aplicar su propia mirada.<\/p>\n<p> Puede editar casi cualquier cosa en los formularios Forms. Los shortcodes (textos entre corchetes cuadrados) son los controles de los campos y del formulario. No los edite, pero si\u00e9ntase libre de agregar clases, para controlar el estilo. Puede editar el HTML que rodea a estos shortcodes.<\/p>\n<p> Existen algunos shortcodes Forms especiales que controlan la funcionalidad b\u00e1sica de cada formulario. Estos shortcodes incluyen:<\/p>\n<ul>\n<li><code>{sc{credform class='cred-form cred-keep-original'}sc}<\/code> &#8211; obligatorio<\/li>\n<li><code>{sc{cred_field field='form_messages' value=''}sc}<\/code> &#8211; opcional, se utiliza para procesar los mensajes de validaci\u00f3n<\/li>\n<li><code>{sc{cred_field field='form_submit' value='Enviar' urlparam=}sc}<\/code> &#8211; obligatorio (el formulario no puede funcionar con un bot\u00f3n de env\u00edo)<\/li>\n<li><code>{sc{\/credform}sc}<\/code> &#8211; obligatorio<\/li>\n<\/ul>\n<p> Al eliminar los shortcodes obligatorios de los formularios se provocar\u00e1 la ruptura de los mismos.<\/p>\n<p> Puede insertar campos adicionales, que pertenezcan a la entrada, usando el bot\u00f3n <strong>Agregar campos de entrada<\/strong>. El bot\u00f3n <strong>Agregar campos gen\u00e9ricos<\/strong> permite agregar campos que no pertenecen a la entrada. Pruebe estos dos botones y vea qu\u00e9 ofrecen.<\/p>\n<h2 id=\"email-notifications\">Notificaciones por correo despu\u00e9s de enviar un formulario<\/h2>\n<p> Forms puede enviar mensajes de notificaci\u00f3n cuando se env\u00edan los formularios. Puede configurar varias notificaciones por correo para destinatarios diferentes con contenidos distintos. Los mensajes de notificaci\u00f3n se pueden enviar al autor del contenido, al administrador del sitio web, o a cualquier usuario espec\u00edfico o direcci\u00f3n de correo electr\u00f3nico.<\/p>\n<p> Veamos dos ejemplos de notificaciones por correo.<\/p>\n<h3>Env\u00edo de notificaciones por correo para borradores enviados recientemente<\/h3>\n<p> Cuando los formularios generen &#8216;borradores&#8217;, probablemente necesite un editor o administrador para revisar y publicar el contenido. Por supuesto, necesita una manera de notificar al administrador o editor que una entrada nueva est\u00e1 a la espera de aprobaci\u00f3n. Cree una notificaci\u00f3n, que se enviar\u00e1 al publicar el contenido, y seleccione al administrador del sitio web como destinatario.<\/p>\n<h3>Confirmaci\u00f3n del env\u00edo de contenido a quien env\u00eda<\/h3>\n<p> Otro ejemplo t\u00edpico del uso de notificaciones autom\u00e1ticas es el env\u00edo de confirmaciones a los usuarios sobre el contenido que fue publicado correctamente. Despu\u00e9s de publicar un formulario, los usuarios pueden recibir el mensaje de confirmaci\u00f3n &#8220;\u00a1Gracias por publicar!&#8221; de forma autom\u00e1tica. En estas notificaciones puede incluir informaci\u00f3n diferente, como un enlace a su entrada.<\/p>\n<h3>Configuraci\u00f3n de notificaciones por correo para formularios Forms<\/h3>\n<p> Configure notificaciones para el formulario en la secci\u00f3n <strong>Configuraci\u00f3n de notificaci\u00f3n<\/strong>.<\/p>\n<p><ta_ignore><figure id=\"attachment_427388\" aria-describedby=\"caption-attachment-427388\" style=\"width: 300px\" class=\"wp-caption aligncenter\"><a href=\"https:\/\/toolset.com\/wp-content\/uploads\/2012\/09\/cred-post-forms-notification-1.png\"><img decoding=\"async\" class=\"size-medium wp-image-427388\" src=\"https:\/\/toolset.com\/wp-content\/uploads\/2012\/09\/cred-post-forms-notification-1-300x179.png\" alt=\"Secci\u00f3n Notificaci\u00f3n de formularios de entrada de Forms\" width=\"300\" height=\"179\" srcset=\"https:\/\/toolset.com\/wp-content\/uploads\/2012\/09\/cred-post-forms-notification-1-300x179.png 300w, https:\/\/toolset.com\/wp-content\/uploads\/2012\/09\/cred-post-forms-notification-1-150x90.png 150w, https:\/\/toolset.com\/wp-content\/uploads\/2012\/09\/cred-post-forms-notification-1-768x459.png 768w, https:\/\/toolset.com\/wp-content\/uploads\/2012\/09\/cred-post-forms-notification-1-1024x612.png 1024w, https:\/\/toolset.com\/wp-content\/uploads\/2012\/09\/cred-post-forms-notification-1-805x481.png 805w, https:\/\/toolset.com\/wp-content\/uploads\/2012\/09\/cred-post-forms-notification-1.png 1114w\" sizes=\"(max-width: 300px) 100vw, 300px\" \/><\/a><figcaption id=\"caption-attachment-427388\" class=\"wp-caption-text\">Secci\u00f3n Notificaci\u00f3n de formularios de entrada de Forms<ta_ignore><\/figcaption><\/figure><\/ta_ignore><\/p>\n<h2>Validaci\u00f3n de campos de entrada en el formulario<\/h2>\n<p> Los formularios Forms se asegurar\u00e1n de que el contenido enviado sea v\u00e1lido. Si establece cualquier campo como &#8216;requerido&#8217;, Forms se asegurar\u00e1 de que estos campos no est\u00e9n en blanco. Algunos campos tienen formatos requeridos (como &#8217;email&#8217; y &#8216;num\u00e9rico&#8217;). Forms mostrar\u00e1 un error si faltan campos o si su formato no es correcto, y le pedir\u00e1 al usuario que lo solucione antes de enviar.<\/p>\n<p><ta_ignore><figure id=\"attachment_335028\" aria-describedby=\"caption-attachment-335028\" style=\"width: 300px\" class=\"wp-caption aligncenter\"><a href=\"https:\/\/toolset.com\/wp-content\/uploads\/2012\/09\/cred-post-forms-validation-fail-messages.jpg\"><img decoding=\"async\" class=\"img-border wp-image-335028 size-medium\" src=\"https:\/\/toolset.com\/wp-content\/uploads\/2012\/09\/cred-post-forms-validation-fail-messages-300x231.jpg\" alt=\"Ejemplo de mensaje de error de validaci\u00f3n de formularios de entrada Forms\" width=\"300\" height=\"231\" srcset=\"https:\/\/toolset.com\/wp-content\/uploads\/2012\/09\/cred-post-forms-validation-fail-messages-300x231.jpg 300w, https:\/\/toolset.com\/wp-content\/uploads\/2012\/09\/cred-post-forms-validation-fail-messages-150x116.jpg 150w, https:\/\/toolset.com\/wp-content\/uploads\/2012\/09\/cred-post-forms-validation-fail-messages-1024x790.jpg 1024w, https:\/\/toolset.com\/wp-content\/uploads\/2012\/09\/cred-post-forms-validation-fail-messages-674x520.jpg 674w, https:\/\/toolset.com\/wp-content\/uploads\/2012\/09\/cred-post-forms-validation-fail-messages.jpg 1053w\" sizes=\"(max-width: 300px) 100vw, 300px\" \/><\/a><figcaption id=\"caption-attachment-335028\" class=\"wp-caption-text\">Ejemplo de mensaje de error de validaci\u00f3n de formularios de entrada Forms<ta_ignore><\/figcaption><\/figure><\/ta_ignore><\/p>\n<p> La validaci\u00f3n de entrada autom\u00e1tica tambi\u00e9n es importante para la seguridad de su sitio web, ya que esta previene la inyecci\u00f3n de c\u00f3digo malicioso.<\/p>\n<p> Usar HTML y CSS para aplicar estilo a los mensajes de validaci\u00f3n para el formularos y para los campos.<\/p>\n<h2>Protecci\u00f3n anti SPAM integrada para formularios<\/h2>\n<p> Forms permite impedir el SPAM en el sitio web usando reCAPTCHA. Cuando configura el formulario, puede optar por incluir el campo reCAPTCHA. Tendr\u00e1 que introducir las credenciales de su cuenta para usarlo.<\/p>\n<p><ta_ignore><figure id=\"attachment_389973\" aria-describedby=\"caption-attachment-389973\" style=\"width: 300px\" class=\"wp-caption aligncenter\"><a href=\"https:\/\/toolset.com\/wp-content\/uploads\/2012\/09\/cred-recaptcha-v2.png\" rel=\"attachment wp-att-389973\"><img decoding=\"async\" class=\"size-medium wp-image-389973\" src=\"https:\/\/toolset.com\/wp-content\/uploads\/2012\/09\/cred-recaptcha-v2-300x76.png\" alt=\"Campo reCAPTCHA tal como se presenta en los formularios de entrada de Forms.\" width=\"300\" height=\"76\" srcset=\"https:\/\/toolset.com\/wp-content\/uploads\/2012\/09\/cred-recaptcha-v2-300x76.png 300w, https:\/\/toolset.com\/wp-content\/uploads\/2012\/09\/cred-recaptcha-v2-150x38.png 150w, https:\/\/toolset.com\/wp-content\/uploads\/2012\/09\/cred-recaptcha-v2.png 379w\" sizes=\"(max-width: 300px) 100vw, 300px\" \/><\/a><figcaption id=\"caption-attachment-389973\" class=\"wp-caption-text\">campo reCAPTCHA tal como se presenta en los formularios de entrada de Forms.<ta_ignore><\/figcaption><\/figure><\/ta_ignore><\/p>\n<p> Para usar reCAPTCHA, primero debe registrar tanto las claves P\u00fablicas como Privadas a trav\u00e9s de la <a href=\"https:\/\/www.google.com\/recaptcha\/\">p\u00e1gina de inicio reCAPTCHA de Google<\/a>. Luego puede insertar el campo en cualquier formulario utilizando la funci\u00f3n <strong>Autogenerar formularios Forms<\/strong> o insertarlo manualmente por medio del bot\u00f3n <strong>Agregar campos de entrada<\/strong>.<\/p>\n<p> Adem\u00e1s del campo reCAPTCHA utilizado para combatir el SPAM, tambi\u00e9n puede limitar el acceso a formularios usando el plugin Access.<\/p>\n<h2 id=\"displaying-forms-on-the-front-end\">Visualizaci\u00f3n de los formularios en el front-end del sitio<\/h2>\n<p> Puede insertar los formularios Forms en cualquier contenido de WordPress. Esto incluye p\u00e1ginas, entradas y cualquier tipo personalizado. Cuando edite contenido, haga clic en el bot\u00f3n <strong>Formularios Forms<\/strong> y seleccione el formulario.<\/p>\n<p><ta_ignore><figure id=\"attachment_427392\" aria-describedby=\"caption-attachment-427392\" style=\"width: 300px\" class=\"wp-caption aligncenter\"><a href=\"https:\/\/toolset.com\/wp-content\/uploads\/2012\/09\/cred-post-forms-insertion-into-content.png\"><img decoding=\"async\" class=\"size-medium wp-image-427392\" src=\"https:\/\/toolset.com\/wp-content\/uploads\/2012\/09\/cred-post-forms-insertion-into-content-300x180.png\" alt=\"Di\u00e1logo de inserci\u00f3n de formularios Forms.\" width=\"300\" height=\"180\" srcset=\"https:\/\/toolset.com\/wp-content\/uploads\/2012\/09\/cred-post-forms-insertion-into-content-300x180.png 300w, https:\/\/toolset.com\/wp-content\/uploads\/2012\/09\/cred-post-forms-insertion-into-content-150x90.png 150w, https:\/\/toolset.com\/wp-content\/uploads\/2012\/09\/cred-post-forms-insertion-into-content-768x460.png 768w, https:\/\/toolset.com\/wp-content\/uploads\/2012\/09\/cred-post-forms-insertion-into-content-1024x614.png 1024w, https:\/\/toolset.com\/wp-content\/uploads\/2012\/09\/cred-post-forms-insertion-into-content-805x482.png 805w, https:\/\/toolset.com\/wp-content\/uploads\/2012\/09\/cred-post-forms-insertion-into-content.png 1155w\" sizes=\"(max-width: 300px) 100vw, 300px\" \/><\/a><figcaption id=\"caption-attachment-427392\" class=\"wp-caption-text\">Di\u00e1logo de inserci\u00f3n de formularios Forms.<ta_ignore><\/figcaption><\/figure><\/ta_ignore><\/p>\n<p> El formulario luego ser\u00e1 mostrado dentro de la p\u00e1gina.<\/p>\n<p><ta_ignore><figure id=\"attachment_335025\" aria-describedby=\"caption-attachment-335025\" style=\"width: 212px\" class=\"wp-caption aligncenter\"><a href=\"https:\/\/toolset.com\/wp-content\/uploads\/2012\/09\/cred-post-forms-classifieds-example.jpg\"><img decoding=\"async\" class=\"img-border wp-image-335025 size-medium\" src=\"https:\/\/toolset.com\/wp-content\/uploads\/2012\/09\/cred-post-forms-classifieds-example-212x300.jpg\" alt=\"Formulario Forms que potencia un sitio web de clasificados.\" width=\"212\" height=\"300\" srcset=\"https:\/\/toolset.com\/wp-content\/uploads\/2012\/09\/cred-post-forms-classifieds-example-212x300.jpg 212w, https:\/\/toolset.com\/wp-content\/uploads\/2012\/09\/cred-post-forms-classifieds-example-106x150.jpg 106w, https:\/\/toolset.com\/wp-content\/uploads\/2012\/09\/cred-post-forms-classifieds-example-724x1024.jpg 724w, https:\/\/toolset.com\/wp-content\/uploads\/2012\/09\/cred-post-forms-classifieds-example-367x520.jpg 367w, https:\/\/toolset.com\/wp-content\/uploads\/2012\/09\/cred-post-forms-classifieds-example.jpg 1036w\" sizes=\"(max-width: 212px) 100vw, 212px\" \/><\/a><figcaption id=\"caption-attachment-335025\" class=\"wp-caption-text\">Formulario Forms que potencia un sitio web de clasificados.<ta_ignore><\/figcaption><\/figure><\/ta_ignore><\/p>\n<h3 id=\"editing-forms-and-deletion-links\">Inserci\u00f3n de formularios de edici\u00f3n de entrada y enlaces de eliminaci\u00f3n<\/h3>\n<p> Adem\u00e1s de insertar formularios Forms para crear contenido nuevo, tambi\u00e9n puede insertar los que editan contenido. Al insertar los formularios de edici\u00f3n, puede optar por mostrarlos directamente en una entrada o en una p\u00e1gina, o insertar un enlace al formulario de edici\u00f3n en s\u00ed. Las opciones avanzadas representan una manera de elegir el contenido para editar (la entrada actual o una espec\u00edfica).<\/p>\n<p> Adem\u00e1s, Forms permite insertar enlaces que eliminar\u00e1n una entrada seleccionada o una p\u00e1gina. <span>Las opciones avanzadas proporcionan una manera de elegir contenido para eliminar (la entrada actual o una espec\u00edfica).<\/span><\/p>\n<h2 id=\"creating-woocomerce-products\">Creaci\u00f3n de productos de WooCommerce usando formularios Forms<\/h2>\n<p> Los formularios Forms tambi\u00e9n se pueden utilizar para crear nuevos productos de WooCommerce desde el front-end.<\/p>\n<p> Puede agregar todos los campos de producto de WooCommerce est\u00e1ndar a estos formularios. Consulte la p\u00e1gina de documentaci\u00f3n de <a href=\"\/?post_type=course-lesson&#038;p=472600\">Creaci\u00f3n de productos de WooCommerce usando formularios Forms<\/a> para obtener m\u00e1s informaci\u00f3n.<\/p>\n<p><ta_ignore><figure id=\"attachment_473006\" aria-describedby=\"caption-attachment-473006\" style=\"width: 284px\" class=\"wp-caption aligncenter\"><a href=\"https:\/\/toolset.com\/wp-content\/uploads\/2012\/09\/woocommerce-product-cred-form.png\"><img decoding=\"async\" class=\"size-medium wp-image-473006\" src=\"https:\/\/toolset.com\/wp-content\/uploads\/2012\/09\/woocommerce-product-cred-form-284x300.png\" alt=\"Formulario Forms para publicar un nuevo producto de WooCommerce\" width=\"284\" height=\"300\" srcset=\"https:\/\/toolset.com\/wp-content\/uploads\/2012\/09\/woocommerce-product-cred-form-284x300.png 284w, https:\/\/toolset.com\/wp-content\/uploads\/2012\/09\/woocommerce-product-cred-form-142x150.png 142w, https:\/\/toolset.com\/wp-content\/uploads\/2012\/09\/woocommerce-product-cred-form-768x811.png 768w, https:\/\/toolset.com\/wp-content\/uploads\/2012\/09\/woocommerce-product-cred-form-493x520.png 493w, https:\/\/toolset.com\/wp-content\/uploads\/2012\/09\/woocommerce-product-cred-form.png 920w\" sizes=\"(max-width: 284px) 100vw, 284px\" \/><\/a><figcaption id=\"caption-attachment-473006\" class=\"wp-caption-text\">Formulario Forms para publicar un nuevo producto de WooCommerce<ta_ignore><\/figcaption><\/figure><\/ta_ignore><\/p>\n<h2>Control del acceso a los formularios de contenido de front-end<\/h2>\n<p> Controle el acceso a los formularios Forms usando el plugin Access, el cual es parte de Toolset.<\/p>\n<p> Por medio de Access, puede controlar qui\u00e9n puede usar los diferentes formularios. Algunos formularios pueden estar disponibles para todas las personas, otros para ciertos roles y otros para usuarios espec\u00edficos.<\/p>\n<p> Para obtener m\u00e1s informaci\u00f3n, lea <a href=\"\/?page_id=24631\">Control de acceso para formularios Forms<\/a>.<\/p>\n","protected":false},"excerpt":{"rendered":"<p>Muchos sitios web requieren la capacidad de crear y editar contenido desde el front-end. Entre ellos, sitios web de clasificados, listados, bienes ra\u00edces y trabajo. El plugin Forms facilita la integraci\u00f3n de estas capacidades. Forms permite crear formularios para el front-end para generar y editar contenido. Estos formularios pueden incluir campos personalizados, validar entradas, y [&hellip;]<\/p>\n","protected":false},"author":1,"featured_media":0,"parent":5205,"menu_order":0,"comment_status":"closed","ping_status":"closed","template":"","meta":{"_bbp_topic_count":0,"_bbp_reply_count":0,"_bbp_total_topic_count":0,"_bbp_total_reply_count":0,"_bbp_voice_count":0,"_bbp_anonymous_reply_count":0,"_bbp_topic_count_hidden":0,"_bbp_reply_count_hidden":0,"_bbp_forum_subforum_count":0,"ep_exclude_from_search":false,"footnotes":""},"documentation-category":[5752],"class_list":["post-29347","page","type-page","status-publish","hentry","documentation-category-cred"],"_links":{"self":[{"href":"https:\/\/toolset.com\/es\/wp-json\/wp\/v2\/pages\/29347","targetHints":{"allow":["GET"]}}],"collection":[{"href":"https:\/\/toolset.com\/es\/wp-json\/wp\/v2\/pages"}],"about":[{"href":"https:\/\/toolset.com\/es\/wp-json\/wp\/v2\/types\/page"}],"author":[{"embeddable":true,"href":"https:\/\/toolset.com\/es\/wp-json\/wp\/v2\/users\/1"}],"replies":[{"embeddable":true,"href":"https:\/\/toolset.com\/es\/wp-json\/wp\/v2\/comments?post=29347"}],"version-history":[{"count":2,"href":"https:\/\/toolset.com\/es\/wp-json\/wp\/v2\/pages\/29347\/revisions"}],"predecessor-version":[{"id":508317,"href":"https:\/\/toolset.com\/es\/wp-json\/wp\/v2\/pages\/29347\/revisions\/508317"}],"up":[{"embeddable":true,"href":"https:\/\/toolset.com\/es\/wp-json\/wp\/v2\/pages\/5205"}],"wp:attachment":[{"href":"https:\/\/toolset.com\/es\/wp-json\/wp\/v2\/media?parent=29347"}],"wp:term":[{"taxonomy":"documentation-category","embeddable":true,"href":"https:\/\/toolset.com\/es\/wp-json\/wp\/v2\/documentation-category?post=29347"}],"curies":[{"name":"wp","href":"https:\/\/api.w.org\/{rel}","templated":true}]}}