{"id":29323,"date":"2012-12-03T20:52:20","date_gmt":"2012-12-03T20:52:20","guid":{"rendered":"https:\/\/toolset.com\/documentacion\/guias-de-usuario\/filtrar-consultas-de-views-por-taxonomia\/"},"modified":"2014-10-28T16:46:19","modified_gmt":"2014-10-28T16:46:19","slug":"filtrar-consultas-de-views-por-taxonomia","status":"publish","type":"page","link":"https:\/\/toolset.com\/es\/documentacion\/filtrar-consultas-de-views-por-taxonomia\/","title":{"rendered":"Filtrar consultas de Views por taxonom\u00eda"},"content":{"rendered":"<p><strong>Usted puede filtrar consultas de Views mediante taxonom\u00eda. Ello le permite cargar contenido espec\u00edfico, organizado mediante tags, categor\u00edas y taxonom\u00eda personalizada.<\/strong><\/p>\n<p>En la secci\u00f3n <strong>Consulta de la View<\/strong>, haga clic en <strong>Agregar otro t\u00e9rmino de filtrado<\/strong>. Usted ver\u00e1 diferentes opciones de filtrado. Escoja una taxonom\u00eda para obtener este di\u00e1logo:<\/p>\n<figure id=\"attachment_13471\" aria-describedby=\"caption-attachment-13471\" style=\"width: 300px\" class=\"wp-caption alignnone\"><a href=\"https:\/\/toolset.com\/wp-content\/uploads\/2012\/12\/filter-taxonomy-by-value.png\"><img decoding=\"async\" src=\"https:\/\/toolset.com\/wp-content\/uploads\/2012\/12\/filter-taxonomy-by-value-300x1991.png\" alt=\"\" title=\"filter-taxonomy-by-value\" width=\"300\" height=\"199\" class=\"size-medium wp-image-13471\" \/><\/a><figcaption id=\"caption-attachment-13471\" class=\"wp-caption-text\">Filtrar por taxonom\u00eda<\/figcaption><\/figure>\n<p>La taxonom\u00eda puede componerse de acuerdo con una de las siguientes opciones:<\/p>\n<table class=\"table\">\n<tr>\n<th>Configuraci\u00f3n de taxonom\u00eda<\/th>\n<th>Uso<\/th>\n<\/tr>\n<tr>\n<td>Alguna de las siguientes<\/td>\n<td>Elija valores de taxonom\u00eda de las casillas de verificaci\u00f3n (como se muestra en la toma de pantalla precedente). Esto es conveniente, en aquellos casos donde usted quiera cargar entradas pertenecientes a una taxonom\u00eda espec\u00edfica.<\/td>\n<\/tr>\n<tr>\n<td>NO una de las siguientes<\/td>\n<td>Retorna entradas no pertenecientes a algunos de los t\u00e9rminos taxon\u00f3micos seleccionados.<\/td>\n<\/tr>\n<tr>\n<td>Todas las siguientes<\/td>\n<td>Retorna entradas pertenecientes a todos los t\u00e9rminos taxon\u00f3micos seleccionados.<\/td>\n<\/tr>\n<tr>\n<td>Valor establecido por la p\u00e1gina parent<\/td>\n<td>La View se inserta siempre en alg\u00fan lugar. Esa p\u00e1gina, donde se inserta la View, es responsable de fijar el t\u00e9rmino taxon\u00f3mico. Esto es conveniente, cada vez que usted necesite que la misma View retorne diferentes resultados, de acuerdo con la p\u00e1gina en la cual fue insertada.<\/td>\n<\/tr>\n<tr>\n<td>Valor fijado por atributo de shortcode de View<\/td>\n<td>Introduzca el nombre del atributo en el segundo argumento. Al insertar la View en el contenido de la p\u00e1gina, usted necesitar\u00e1 agregar ese atributo al shortcode y colocar su valor all\u00ed. Esto se recomienda en caso de necesitar reutilizar la misma View obteniendo distintos resultados, en funci\u00f3n de argumentos que usted establece al insertar la View.<\/td>\n<\/tr>\n<tr>\n<td>Valor establecido por par\u00e1metro URL<\/td>\n<td>Introduzca el nombre del par\u00e1metro URL en el segundo argumento. Una vez habilitada esa opci\u00f3n, puede usar la taxonom\u00eda en <a href=\"\/?page_id=29626\">filtros para el front-end<\/a>.<\/td>\n<\/tr>\n<tr>\n<td>Valor establecido por la View parent<\/td>\n<td>Use este esquema al crear Views anidadas, donde se necesita que esta View interna sea inherente al filtrado taxon\u00f3mico proveniente de la View parent.<\/td>\n<\/tr>\n<\/table>\n","protected":false},"excerpt":{"rendered":"<p>Usted puede filtrar consultas de Views mediante taxonom\u00eda. Ello le permite cargar contenido espec\u00edfico, organizado mediante tags, categor\u00edas y taxonom\u00eda personalizada. En la secci\u00f3n Consulta de la View, haga clic en Agregar otro t\u00e9rmino de filtrado. Usted ver\u00e1 diferentes opciones de filtrado. Escoja una taxonom\u00eda para obtener este di\u00e1logo: La taxonom\u00eda puede componerse de acuerdo [&hellip;]<\/p>\n","protected":false},"author":1,"featured_media":0,"parent":5205,"menu_order":3,"comment_status":"closed","ping_status":"closed","template":"","meta":{"_bbp_topic_count":0,"_bbp_reply_count":0,"_bbp_total_topic_count":0,"_bbp_total_reply_count":0,"_bbp_voice_count":0,"_bbp_anonymous_reply_count":0,"_bbp_topic_count_hidden":0,"_bbp_reply_count_hidden":0,"_bbp_forum_subforum_count":0,"ep_exclude_from_search":false,"footnotes":""},"documentation-category":[],"class_list":["post-29323","page","type-page","status-publish","hentry"],"_links":{"self":[{"href":"https:\/\/toolset.com\/es\/wp-json\/wp\/v2\/pages\/29323","targetHints":{"allow":["GET"]}}],"collection":[{"href":"https:\/\/toolset.com\/es\/wp-json\/wp\/v2\/pages"}],"about":[{"href":"https:\/\/toolset.com\/es\/wp-json\/wp\/v2\/types\/page"}],"author":[{"embeddable":true,"href":"https:\/\/toolset.com\/es\/wp-json\/wp\/v2\/users\/1"}],"replies":[{"embeddable":true,"href":"https:\/\/toolset.com\/es\/wp-json\/wp\/v2\/comments?post=29323"}],"version-history":[{"count":1,"href":"https:\/\/toolset.com\/es\/wp-json\/wp\/v2\/pages\/29323\/revisions"}],"predecessor-version":[{"id":257045,"href":"https:\/\/toolset.com\/es\/wp-json\/wp\/v2\/pages\/29323\/revisions\/257045"}],"up":[{"embeddable":true,"href":"https:\/\/toolset.com\/es\/wp-json\/wp\/v2\/pages\/5205"}],"wp:attachment":[{"href":"https:\/\/toolset.com\/es\/wp-json\/wp\/v2\/media?parent=29323"}],"wp:term":[{"taxonomy":"documentation-category","embeddable":true,"href":"https:\/\/toolset.com\/es\/wp-json\/wp\/v2\/documentation-category?post=29323"}],"curies":[{"name":"wp","href":"https:\/\/api.w.org\/{rel}","templated":true}]}}