{"id":26398,"date":"2012-11-21T21:54:28","date_gmt":"2012-11-21T21:54:28","guid":{"rendered":"https:\/\/toolset.com\/inicio\/access-gestione-roles-y-privilegios-de-usuario\/"},"modified":"2020-07-03T12:15:12","modified_gmt":"2020-07-03T12:15:12","slug":"access-gestione-roles-y-privilegios-de-usuario","status":"publish","type":"page","link":"https:\/\/toolset.com\/es\/nueva-pagina-de-inicio\/access-gestione-roles-y-privilegios-de-usuario\/","title":{"rendered":"Access"},"content":{"rendered":"<section class=\"full-bg masthead access row--padding--large ddl-frontend-editor-row ddl-frontend-editor-editable\" data-id='' data-name='page-lead' data-type='row' data-layout_slug='' data-kind='Row' >\n<div class=\"container \">\n<div class=\"row\">\n<div class=\"col-sm-6 ddl-frontend-editor-cell ddl-frontend-editor-editable js-ddl-frontend-editor-cell\" data-id='' data-name='text' data-type='cell-text' data-layout_slug='' data-kind='Cell'>\n<div class=\"masthead-content\">\n<h1 class=\"new-layout__header calltoaction__title\"><span class=\"text-primary-red\">Control<\/span> what users can do on your site<\/h1>\n<p class=\"home__lead__paragraph \">Access plugin lets you choose what different users can do on your WordPress site. Grant privileges to entire user roles or to specific users.<\/p><\/div>\n<div class=\"home__cta__paragraph\"> <a class=\"calltoaction__main-btn calltoaction__main-btn--orange\" href=\"https:\/\/wp-types.com\/buy\/\"><i class=\"fa fa-chevron-right\"><\/i> <span>Buy with Toolset<\/span><\/a> <a class=\"cta-btn--link text-primary-red flex--self-aligned-center\" href=\"https:\/\/toolset.com\/es\/course-chapter\/controlling-access-to-content-in-directory-sites\/\">Access documentation<\/a> <\/p>\n<p class=\"compatibility-note\"> Works with WordPress 5.0&#8211;6.9.4 and any theme<\/p><\/div>\n<\/div>\n<div class=\"col-sm-5 ddl-frontend-editor-cell ddl-frontend-editor-editable js-ddl-frontend-editor-cell col-sm-offset-1\" data-id='' data-name='Visual editor (text, images, HTML)' data-type='cell-text' data-layout_slug='' data-kind='Cell'><img decoding=\"async\" src=\"https:\/\/toolset.com\/wp-content\/uploads\/2018\/04\/main-img-access.png\" alt=\"Access gestiona los roles de WordPress\" class=\"size-full img-responsive\"><\/div>\n<\/div>\n<\/div>\n<\/section>\n<section class=\"full-bg row--darkGray row--padding--large ddl-frontend-editor-row ddl-frontend-editor-editable\" id=\"step-1\" data-id='' data-name='section 01' data-type='row' data-layout_slug='' data-kind='Row' >\n<div class=\"container \">\n<div class=\"row\">\n<div class=\"col-sm-6 ddl-frontend-editor-cell ddl-frontend-editor-editable js-ddl-frontend-editor-cell\" data-id='' data-name='image' data-type='cell-text' data-layout_slug='' data-kind='Cell'>\n<p><img decoding=\"async\" src=\"https:\/\/toolset.com\/wp-content\/uploads\/2018\/04\/stop.png\" alt=\"Seleccione qu\u00e9 mostrar\" class=\"size-full img-responsive\"><\/p>\n<\/div>\n<div class=\"col-sm-6 counter-top ddl-frontend-editor-cell ddl-frontend-editor-editable js-ddl-frontend-editor-cell\" data-id='' data-name='text' data-type='cell-text' data-layout_slug='' data-kind='Cell'>\n<h2 class=\"new-layout__header\"><span class=\"text-primary-red\">Seleccione qu\u00e9 mostrar <\/span>cuando los usuarios no pueden leer contenido<\/h2>\n<p class=\"new-layout__paragraph\">Access facilita la creaci\u00f3n de sitios web de membres\u00eda y de contenido de pago. Seleccione qu\u00e9 mostrar a los usuarios que no tienen <i>acceso de lectura<\/i> al contenido.<\/p>\n<p class=\"new-layout__paragraph\">Puede presentar la p\u00e1gina 404 (no encontrado) est\u00e1ndar o usar una plantilla diferente cuando se deniega el acceso.<\/p>\n<\/div>\n<\/div>\n<\/div>\n<\/section>\n<section class=\"full-bg bg-gray-lightest row--margin row--padding--large ddl-frontend-editor-row ddl-frontend-editor-editable\" id=\"step-2\" data-id='' data-name='section 02' data-type='row' data-layout_slug='' data-kind='Row' >\n<div class=\"container \">\n<div class=\"row\">\n<section class=\"col-sm-12 ddl-frontend-editor-cell ddl-frontend-editor-editable js-ddl-frontend-editor-cell\" id=\"step-2\" data-id='' data-name='details grid' data-type='container' data-layout_slug='' data-kind='Container'>\n<div class=\"row ddl-frontend-editor-row ddl-frontend-editor-editable\" data-id='' data-name='intro' data-type='row' data-layout_slug='' data-kind='Row' >\n<div class=\"col-sm-6 ddl-frontend-editor-cell ddl-frontend-editor-editable js-ddl-frontend-editor-cell\" data-id='' data-name='image' data-type='cell-text' data-layout_slug='' data-kind='Cell'>\n<h2 class=\"new-layout__header calltoaction__title\"><span class=\"text-primary-red\">Muestre u oculte <\/span>distintos elementos a las diferentes personas<\/h2>\n<p class=\"new-layout__paragraph\">Cuando se crea un sitio de membres\u00eda, a menudo es necesario reservar partes de la p\u00e1gina solo para los miembros del sitio. Access facilita esto. Usted puede controlar el acceso no solo a p\u00e1ginas enteras, sino tambi\u00e9n a elementos espec\u00edficos dentro de cada p\u00e1gina. <\/p>\n<\/div>\n<div class=\"col-sm-6 counter-top ddl-frontend-editor-cell ddl-frontend-editor-editable js-ddl-frontend-editor-cell\" data-id='' data-name='text' data-type='cell-text' data-layout_slug='' data-kind='Cell'><img decoding=\"async\" class=\"aligncenter img-responsive\" src=\"https:\/\/toolset.com\/wp-content\/uploads\/2018\/04\/member-content.png\"><\/div>\n<\/div>\n<\/section>\n<\/div>\n<\/div>\n<\/section>\n<section class=\"full-bg bg-gray-superlight row--padding--large ddl-frontend-editor-row ddl-frontend-editor-editable\" id=\"step-3\" data-id='' data-name='section 03' data-type='row' data-layout_slug='' data-kind='Row' >\n<div class=\"container \">\n<div class=\"row\">\n<div class=\"col-sm-12 ddl-frontend-editor-cell ddl-frontend-editor-editable js-ddl-frontend-editor-cell\" data-id='' data-name='details grid' data-type='container' data-layout_slug='' data-kind='Container'>\n<div class=\"row outer ddl-frontend-editor-row ddl-frontend-editor-editable\" data-id='' data-name='intro' data-type='row' data-layout_slug='' data-kind='Row' >\n<div class=\"col-sm-6 counter-top ddl-frontend-editor-cell ddl-frontend-editor-editable js-ddl-frontend-editor-cell\" data-id='' data-name='text - heading' data-type='cell-text' data-layout_slug='' data-kind='Cell'><img decoding=\"async\" class=\"aligncenter img-responsive\" src=\"https:\/\/toolset.com\/wp-content\/uploads\/2018\/04\/auto-set-access.png\"><\/div>\n<div class=\"col-sm-6 ddl-frontend-editor-cell ddl-frontend-editor-editable js-ddl-frontend-editor-cell\" data-id='' data-name='text - body' data-type='cell-text' data-layout_slug='' data-kind='Cell'>\n<h2 class=\"new-layout__header\"><span class=\"text-primary-red\">Defina autom\u00e1ticamente<\/span> los <span class=\"text-primary-red\">permisos <\/span>correctos para su sitio<\/h2>\n<p class=\"new-layout__paragraph\">El sistema de permisos de WordPress es confuso, con interdependencias complejas. Afortunadamente, Access saca esta complejidad de su vista, facilitando su trabajo de administraci\u00f3n. Access definir\u00e1 y aclarar\u00e1 los permisos de forma autom\u00e1tica por usted, mientras usted establezca los permisos que necesita.<\/p>\n<\/div>\n<\/div>\n<\/div>\n<\/div>\n<\/div>\n<\/section>\n<section class=\"full-bg row--padding--large ddl-frontend-editor-row ddl-frontend-editor-editable\" id=\"step-4\" data-id='' data-name='section 04' data-type='row' data-layout_slug='' data-kind='Row' >\n<div class=\"container \">\n<div class=\"row\">\n<div class=\"col-sm-12 ddl-frontend-editor-cell ddl-frontend-editor-editable js-ddl-frontend-editor-cell\" data-id='' data-name='details grid' data-type='container' data-layout_slug='' data-kind='Container'>\n<div class=\"row ddl-frontend-editor-row ddl-frontend-editor-editable\" data-id='' data-name='Row 3' data-type='row' data-layout_slug='' data-kind='Row' >\n<div class=\"col-sm-5 ddl-frontend-editor-cell ddl-frontend-editor-editable js-ddl-frontend-editor-cell col-sm-offset-1\" data-id='' data-name='Visual Editor' data-type='cell-text' data-layout_slug='' data-kind='Cell'>\n<h2 class=\"new-layout__header\">Controle el acceso de lectura a p\u00e1ginas individuales<\/h2>\n<p class=\"new-layout__paragraph\">El cuadro de Access aparece cuando se edita cualquier contenido. Cree grupos de contenido con control de acceso y establezca los permisos de lectura para roles de usuario completos o para ciertos usuarios en particular.<\/p>\n<\/div>\n<div class=\"col-sm-6 ddl-frontend-editor-cell ddl-frontend-editor-editable js-ddl-frontend-editor-cell\" data-id='' data-name='Visual Editor 2' data-type='cell-text' data-layout_slug='' data-kind='Cell'><img decoding=\"async\" class=\"aligncenter img-responsive\" src=\"https:\/\/toolset.com\/wp-content\/uploads\/2018\/04\/post-group.png\"><\/div>\n<\/div>\n<\/div>\n<\/div>\n<\/div>\n<\/section>\n<section class=\"full-bg row--darkGray row--padding--large ddl-frontend-editor-row ddl-frontend-editor-editable\" id=\"step-5\" data-id='' data-name='section05' data-type='row' data-layout_slug='' data-kind='Row' >\n<div class=\"container \">\n<div class=\"row\">\n<div class=\"col-sm-5 ddl-frontend-editor-cell ddl-frontend-editor-editable js-ddl-frontend-editor-cell col-sm-offset-1\" data-id='' data-name='Visual Editor 3' data-type='cell-text' data-layout_slug='' data-kind='Cell'><img decoding=\"async\" class=\"aligncenter img-responsive\" src=\"https:\/\/toolset.com\/wp-content\/uploads\/2018\/04\/custom-roles.png\"><\/div>\n<div class=\"col-sm-6 ddl-frontend-editor-cell ddl-frontend-editor-editable js-ddl-frontend-editor-cell\" data-id='' data-name='Visual Editor 4' data-type='cell-text' data-layout_slug='' data-kind='Cell'>\n<h2 class=\"new-layout__header\">Cree roles personalizados<\/h2>\n<p class=\"new-layout__paragraphs\"> Access le permite definir sus propios roles y seleccionar qu\u00e9 pueden hacer estos roles en la administraci\u00f3n de WordPress. Modifique el nivel del rol, para que sus capacidades coincidan con los roles integrados de WordPress, o controle las capacidades de forma manual. <\/p>\n<\/div>\n<\/div>\n<\/div>\n<\/section>\n<section class=\"full-bg row--margin bg-gray-superlight row--padding--large ddl-frontend-editor-row ddl-frontend-editor-editable\" id=\"step-6\" data-id='' data-name='section06' data-type='row' data-layout_slug='' data-kind='Row' >\n<div class=\"container \">\n<div class=\"row\">\n<div class=\"col-sm-12 ddl-frontend-editor-cell ddl-frontend-editor-editable js-ddl-frontend-editor-cell\" data-id='' data-name='details grid' data-type='container' data-layout_slug='' data-kind='Container'>\n<div class=\"row outer ddl-frontend-editor-row ddl-frontend-editor-editable\" data-id='' data-name='intro' data-type='row' data-layout_slug='' data-kind='Row' >\n<div class=\"col-sm-6 counter-top ddl-frontend-editor-cell ddl-frontend-editor-editable js-ddl-frontend-editor-cell\" data-id='' data-name='heading' data-type='cell-text' data-layout_slug='' data-kind='Cell'>\n<h2 class=\"new-layout__header\"><span class=\"text-primary-red\">Controles minuciosos<\/span> desde la administraci\u00f3n desde WordPress<\/h2>\n<p class=\"new-layout__paragraph\"> Access le brinda un control preciso de aquello que los usuarios con roles espec\u00edficos pueden haceer en la administraci\u00f3n de WordPress. Elija a qu\u00e9 pantalla administrativa pueden acceder los nuevos roles de usuario y qu\u00e9 acciones pueden realizar. <\/p>\n<\/div>\n<div class=\"col-sm-6 ddl-frontend-editor-cell ddl-frontend-editor-editable js-ddl-frontend-editor-cell\" data-id='' data-name='text' data-type='cell-text' data-layout_slug='' data-kind='Cell'><img decoding=\"async\" class=\"aligncenter img-responsive\" src=\"https:\/\/toolset.com\/wp-content\/uploads\/2018\/04\/access-controls.png\"><\/div>\n<\/div>\n<\/div>\n<\/div>\n<\/div>\n<\/section>\n<section class=\"full-bg bg-gray-superlight row--padding--large ddl-frontend-editor-row ddl-frontend-editor-editable\" id=\"step-7\" data-id='' data-name='Row 10' data-type='row' data-layout_slug='' data-kind='Row' >\n<div class=\"container \">\n<div class=\"row\">\n<div class=\"col-sm-4 ddl-frontend-editor-cell ddl-frontend-editor-editable js-ddl-frontend-editor-cell col-sm-offset-1\" data-id='' data-name='Visual Editor 5' data-type='cell-text' data-layout_slug='' data-kind='Cell'><img decoding=\"async\" class=\"aligncenter img-responsive\" src=\"https:\/\/toolset.com\/wp-content\/uploads\/2018\/04\/woo-access.png\"><\/div>\n<div class=\"col-sm-6 ddl-frontend-editor-cell ddl-frontend-editor-editable js-ddl-frontend-editor-cell col-sm-offset-1\" data-id='' data-name='Visual Editor 6' data-type='cell-text' data-layout_slug='' data-kind='Cell'>\n<h2 class=\"new-layout__header\">Gestione el acceso a la administraci\u00f3n de WPML y WooCommerce<\/h2>\n<p class=\"new-layout__paragraph\"> Access se integra a la perfecci\u00f3n con WPML y WooCommerce. Ver\u00e1 las distintas capacidades para gestionar las opciones de administraci\u00f3n tanto de WPML como de WooCommerce, expresado con claridad. <\/p>\n<p class=\"new-layout__paragraph\"> Con Access, puede crear los roles personalizados que gestionar\u00e1n las capacidades de sus sitios web multiling\u00fces y de e-comercio, \u00a1f\u00e1cilmente! <\/p>\n<\/div>\n<\/div>\n<\/div>\n<\/section>\n<section class=\"full-bg equalize row-calltoaction-bg ddl-frontend-editor-row ddl-frontend-editor-editable\" data-id='' data-name='Row 11' data-type='row' data-layout_slug='' data-kind='Row' >\n<div class=\"container \">\n<div class=\"row\">\n<div class=\"col-sm-5 col-xs-12 ddl-frontend-editor-cell ddl-frontend-editor-editable js-ddl-frontend-editor-cell col-sm-offset-1\" data-id='' data-name='Visual Editor 7' data-type='cell-text' data-layout_slug='' data-kind='Cell'>\n<h2 class=\"new-layout__header text--white\" style=\"margin-top: 0;\">\u00bfQu\u00e9 sigue? <\/h2>\n<p class=\"new-layout__paragraph text--white\"> Aproveche nuestra pol\u00edtica de devoluci\u00f3n en 30 d\u00edas. Obtenga Toolset y f\u00edjese qu\u00e9 le parece. Si no est\u00e1 100 % satisfecho, cu\u00e9ntenos y haremos la devoluci\u00f3n de su compra. <\/p>\n<p> <a href=\"https:\/\/toolset.com\/es\/preguntenos-sobre-toolset\/\" class=\"text-primary-yellow\">Preg\u00fantele a Toolset<\/a> Preg\u00fantenos de qu\u00e9 manera Toolset puede ayudarle con su proyecto. <\/p>\n<\/div>\n<div class=\"col-sm-4 col-xs-12 ddl-frontend-editor-cell ddl-frontend-editor-editable js-ddl-frontend-editor-cell col-sm-offset-1\" data-id='' data-name='Visual Editor 8' data-type='cell-text' data-layout_slug='' data-kind='Cell'><a href=\"https:\/\/toolset.com\/es\/adquieralo-ahora-mismo\/\" class=\"calltoaction__main-btn calltoaction__main-btn--white\"> <i class=\"fa fa-chevron-right\"><\/i> Comprar Toolset <\/a><\/div>\n<\/div>\n<\/div>\n<\/section>\n","protected":false},"excerpt":{"rendered":"<p>Control what users can do on your site Access plugin lets you choose what different users can do on your WordPress site. Grant privileges to entire user roles or to specific users. Buy with Toolset Access documentation Works with WordPress &#8211; and any theme Seleccione qu\u00e9 mostrar cuando los usuarios no pueden leer contenido Access [&hellip;]<\/p>\n","protected":false},"author":1,"featured_media":0,"parent":1396483,"menu_order":0,"comment_status":"closed","ping_status":"closed","template":"template-page-no-title.php","meta":{"_bbp_topic_count":0,"_bbp_reply_count":0,"_bbp_total_topic_count":0,"_bbp_total_reply_count":0,"_bbp_voice_count":0,"_bbp_anonymous_reply_count":0,"_bbp_topic_count_hidden":0,"_bbp_reply_count_hidden":0,"_bbp_forum_subforum_count":0,"ep_exclude_from_search":false,"footnotes":""},"documentation-category":[],"class_list":["post-26398","page","type-page","status-publish","hentry"],"_links":{"self":[{"href":"https:\/\/toolset.com\/es\/wp-json\/wp\/v2\/pages\/26398","targetHints":{"allow":["GET"]}}],"collection":[{"href":"https:\/\/toolset.com\/es\/wp-json\/wp\/v2\/pages"}],"about":[{"href":"https:\/\/toolset.com\/es\/wp-json\/wp\/v2\/types\/page"}],"author":[{"embeddable":true,"href":"https:\/\/toolset.com\/es\/wp-json\/wp\/v2\/users\/1"}],"replies":[{"embeddable":true,"href":"https:\/\/toolset.com\/es\/wp-json\/wp\/v2\/comments?post=26398"}],"version-history":[{"count":8,"href":"https:\/\/toolset.com\/es\/wp-json\/wp\/v2\/pages\/26398\/revisions"}],"predecessor-version":[{"id":1686583,"href":"https:\/\/toolset.com\/es\/wp-json\/wp\/v2\/pages\/26398\/revisions\/1686583"}],"up":[{"embeddable":true,"href":"https:\/\/toolset.com\/es\/wp-json\/wp\/v2\/pages\/1396483"}],"wp:attachment":[{"href":"https:\/\/toolset.com\/es\/wp-json\/wp\/v2\/media?parent=26398"}],"wp:term":[{"taxonomy":"documentation-category","embeddable":true,"href":"https:\/\/toolset.com\/es\/wp-json\/wp\/v2\/documentation-category?post=26398"}],"curies":[{"name":"wp","href":"https:\/\/api.w.org\/{rel}","templated":true}]}}