{"id":26389,"date":"2012-11-21T21:53:12","date_gmt":"2012-11-21T21:53:12","guid":{"rendered":"https:\/\/toolset.com\/inicio\/recursos-de-prensa\/"},"modified":"2023-08-25T07:40:23","modified_gmt":"2023-08-25T07:40:23","slug":"recursos-de-prensa","status":"publish","type":"page","link":"https:\/\/toolset.com\/es\/nueva-pagina-de-inicio\/recursos-de-prensa\/","title":{"rendered":"Recursos de prensa de Toolset"},"content":{"rendered":"<p>Aqu\u00ed encontrar\u00e1 los recursos oficiales de Toolset para su sitio web.<\/p> <p>Toolset est\u00e1 conformado por potentes plugines de WordPress, creados por OnTheGoSystems. OnTheGoSystems es la misma empresa que cre\u00f3 <a href=\"https:\/\/wpml.org\">WPML<\/a> y <a href=\"https:\/\/www.icanlocalize.com\/site\/\">ICanLocalize<\/a>. OnTheGoSystems Limited es propietario legal del nombre y logo de la marca registrada OnTheGoSystems. Cualquier uso del nombre o logo de OnTheGoSystems y del nombre o logo de sus plugines debe cumplir las siguientes <a title=\"Pol\u00edticas de la marca registrada\" href=\"http:\/\/www.onthegosystems.com\/legal\/\">pol\u00edticas de la marca registrada OnTheGoSystems<\/a> .<\/p> <hr class=\"hr-light extra-padding\"> <div class=\"row\"> <div class=\"col-sm-4\"> <h3 class=\"text-dark\">Lineamientos de la marca<\/h3> <p>Seamos socios justos. Inf\u00f3rmese m\u00e1s sobre los lineamientos del uso de la marca para las comunidades con la gu\u00eda.<\/p> <a target=\"_blank\" class=\"btn btn-secondary\" href=\"https:\/\/toolset.com\/wp-content\/uploads\/2020\/04\/Toolset-Branding-guidebook.pdf\" rel=\"noopener noreferrer\">Gu\u00eda de uso de la marca<\/a> <\/div> <div class=\"col-sm-8\"> <h5 class=\"text-dark\">Dos<\/h5> <ul> <li>Utilice la gr\u00e1fica de Toolset para promover nuestra marca y productos.<\/li> <li>Utilice nuestra gr\u00e1fica en publicaciones de blog y dem\u00e1s medios de comunicaci\u00f3n digitales.<\/li> <\/ul> <h5>No se permite<\/h5> <ul> <li>Modificar ni alterar la gr\u00e1fica proporcionada<\/li> <li>Incorporar nuestra gr\u00e1fica a su propia marca, o utilizarla de alguna manera que confunda al visitante sobre el titular del servicio.<\/li> <\/ul> <\/div> <\/div> <hr class=\"hr-light extra-padding\"> <div class=\"row\"> <div class=\"col-sm-4\"> <h4 class=\"text-dark\">Logos de Toolset<\/h4> <p>Los archivos que se entregan est\u00e1n en formato PNG. Puede descargar el conjunto de archivos completo a continuaci\u00f3n.<\/p> <a class=\"btn btn-secondary\" href=\"https:\/\/toolset.com\/wp-content\/uploads\/2020\/04\/toolset-community-package.zip\">Archivos multimedia de 7,5 MB<\/a> <\/div> <div class=\"col-sm-8\"> <div class=\"row brands\"> <div class=\"col-sm-6\"> <div class=\"brand-asset\"> <a href=\"https:\/\/toolset.com\/wp-content\/uploads\/2020\/04\/Toolset-logo-png.png\"> <img decoding=\"async\" class=\"wp-image-735321 size-full\" src=\"https:\/\/toolset.com\/wp-content\/uploads\/2020\/04\/Toolset-logo-png.png\" alt=\"\" width=\"600\" height=\"200\"> <\/a> <small>Logo de Toolset 600 x 200 px<\/small> <\/div> <\/div> <div class=\"col-sm-6\"> <div class=\"brand-asset\"> <a href=\"https:\/\/toolset.com\/wp-content\/uploads\/2020\/04\/Toolset-logo-bg-white-png.png\"> <img decoding=\"async\" src=\"https:\/\/toolset.com\/wp-content\/uploads\/2020\/04\/Toolset-logo-bg-white-png.png\" width=\"600\" height=\"200\" class=\"size-full\"> <\/a> <small>Logo de Toolset 600 x 200 px<\/small><\/div> <\/div> <\/div> <div class=\"row brands\"> <div class=\"col-sm-6\"> <div class=\"brand-asset\"> <a href=\"https:\/\/toolset.com\/wp-content\/uploads\/2020\/04\/toolset-logo-tag-line-png.png\"> <img decoding=\"async\" src=\"https:\/\/toolset.com\/wp-content\/uploads\/2020\/04\/toolset-logo-tag-line-png.png\" width=\"600\" height=\"310\" class=\"size-full\"> <\/a> <small>Logo de Toolset con eslogan 600 x 310 px<\/small><\/div> <\/div> <div class=\"col-sm-6\"> <div class=\"brand-asset\"> <a href=\"https:\/\/toolset.com\/wp-content\/uploads\/2020\/04\/toolset-logo-tag-line-bg-white-png.png\"> <img decoding=\"async\" class=\"size-full wp-image-742512\" src=\"https:\/\/toolset.com\/wp-content\/uploads\/2020\/04\/toolset-logo-tag-line-bg-white-png.png\" alt=\"\" width=\"600\" height=\"310\"> <\/a> <small>Logo de Toolset con eslogan 600 x 310 px<\/small><\/div> <\/div> <\/div> <\/div> <\/div> <hr class=\"hr-light extra-padding\"> <div class=\"row\"> <div class=\"col-sm-4\"> <h3 class=\"text-dark\">Uso de la marca en la comunidad de Toolset<\/h3> <p>Los logos para la comunidad est\u00e1n destinados para las personas que deseen crear videos, tutoriales o grupos de Facebook relacionados con Toolset.<\/p> <p><a class=\"btn btn-secondary\" href=\"https:\/\/toolset.com\/wp-content\/uploads\/2020\/04\/toolset-community-package.zip\">Archivos multimedia de 7,5 MB<\/a><\/p> <p><a target=\"_blank\" class=\"btn btn-secondary\" href=\"https:\/\/toolset.com\/wp-content\/uploads\/2020\/04\/Toolset-Community-Branding-guidebook.pdf\" rel=\"noopener noreferrer\">Gu\u00eda de uso de la marca<\/a> <\/p> <\/div> <div class=\"col-sm-4 col-sm-8\"> <div class=\"row brands\"> <div class=\"col-sm-6\"> <div class=\"brand-asset\"> <a href=\"https:\/\/toolset.com\/wp-content\/uploads\/2020\/04\/toolset-community-logo-transparent-png.png\"> <img decoding=\"async\" class=\"size-full wp-image-743077\" src=\"https:\/\/toolset.com\/wp-content\/uploads\/2020\/04\/toolset-community-logo-transparent-png.png\" alt=\"\" width=\"577\" height=\"148\"> <\/a> <small>Logo transparente de la comunidad de Toolset de 577 x 148 p\u00edx.<\/small> <\/div> <\/div> <div class=\"col-sm-6\"> <div class=\"brand-asset\"> <a href=\"https:\/\/toolset.com\/wp-content\/uploads\/2020\/04\/toolset-community-logo-png.png\"> <img decoding=\"async\" class=\"size-full wp-image-743096\" src=\"https:\/\/toolset.com\/wp-content\/uploads\/2020\/04\/toolset-community-logo-png.png\" alt=\"\" width=\"600\" height=\"171\"> <\/a> <small>Logo de la comunidad de Toolset 600 x 171 px<\/small> <\/div> <\/div> <\/div> <div class=\"row brands\"> <div class=\"col-sm-6\"> <div class=\"brand-asset\"> <a href=\"https:\/\/toolset.com\/wp-content\/uploads\/2020\/04\/toolset-community.png\"><img decoding=\"async\" class=\"size-full wp-image-735625\" src=\"https:\/\/toolset.com\/wp-content\/uploads\/2020\/04\/toolset-community.png\" alt=\"\" width=\"1280\" height=\"720\"><\/a> <small>Ejemplo de uso<\/small> <\/div> <\/div> <div class=\"col-sm-6\"> <div class=\"brand-asset\"> <a href=\"https:\/\/toolset.com\/wp-content\/uploads\/2020\/04\/toolset-community-2.png\"><img decoding=\"async\" class=\"size-full wp-image-735623\" src=\"https:\/\/toolset.com\/wp-content\/uploads\/2020\/04\/toolset-community-2.png\" alt=\"\" width=\"1500\" height=\"1500\"><\/a> <small>Ejemplo de uso<\/small> <\/div> <\/div> <\/div> <\/div> <\/div> <hr class=\"hr-light extra-padding\"> <div class=\"row\"> <div class=\"col-sm-4\"> <h3 class=\"text-dark\">Colores<\/h3> <p>Los colores oficiales de Toolset en RGB y c\u00f3digo hex<\/p> <\/div> <div class=\"col-sm-8\"> <ul class=\"toolset-colors\"> <li> <div class=\"orange\"><\/div> <small>#ed793e, rgb (237, 121, 62)<\/small> <\/li> <li> <div style=\"background: #ffffff;\"><\/div> <small>#ffffff, rgb (255,255,255)<\/small> <\/li> <\/ul> <\/div> <\/div> <hr class=\"hr-light extra-padding\"> <div class=\"row\"> <div class=\"col-sm-4\"> <h3 class=\"text-dark\">Nombre de la marca<\/h3> <\/div> <div class=\"col-sm-8\"> <div class=\"row\"> <div class=\"col-sm-6\"> <h5 class=\"text-dark\">Correcto<\/h5> <ul> <li>Toolset<\/li> <li>Toolset Types (Types)<\/li> <li>Toolset Views (Views)<\/li> <li>Toolset Layouts (Layouts)<\/li> <li>Toolset Forms (Forms)<\/li> <li>Toolset Access (Access)<\/li> <li>Toolset Maps (Maps)<\/li> <\/ul> <\/div> <div class=\"col-sm-6\"> <h5>Incorrecto<\/h5> <ul> <li>ToolKit<\/li> <li>SetofTool<\/li> <li>WP Types<\/li> <li>ToolSET<\/li> <\/ul> <\/div> <\/div> <\/div> <\/div> <hr class=\"hr-light extra-padding\"> <h3 class=\"text-dark\">Programa de afiliados<\/h3> <p>Si usted es blogger y tiene inter\u00e9s en promover Toolset, le ayudaremos a conocerlo y producir su propio material de marketing, y luego lo invitamos a usar nuestro <a href=\"https:\/\/toolset.com\/account\/affiliate\/\">sistema de afiliaci\u00f3n<\/a>. Si le interesa, aqu\u00ed tiene informaci\u00f3n para empezar f\u00e1cilmente.<\/p> <div class=\"row\"> <div class=\"col-sm-6\"> <h4>Tasas de comisi\u00f3n<\/h4> <p>Por cada compra de Toolset usted gana una comisi\u00f3n por afiliaci\u00f3n.<\/p> <table class=\"table table\"> <tbody> <tr> <th>Compra<\/th> <th>Su comisi\u00f3n<\/th> <\/tr> <tr> <td>Toolset Agency<\/td> <td class=\"fee\">EUR 60<\/td> <\/tr> <tr> <td>Toolset Interactive<\/td> <td class=\"fee\">EUR 30<\/td> <\/tr> <tr> <td>Toolset Presentation<\/td> <td class=\"fee\">EUR 14<\/td> <\/tr> <\/tbody> <\/table> <\/div> <div class=\"col-sm-6\"> <h4>C\u00f3mo obtener enlaces de afiliaci\u00f3n<\/h4> <p>Inicie sesi\u00f3n en su cuenta de Toolset y pulse el bot\u00f3n Afiliados All\u00ed ver\u00e1 un enlace que podr\u00e1 copiar y usar. El enlace incluye su ID y clave de afiliaci\u00f3n. Puede vincular a cualquier p\u00e1gina de toolset.com. Aseg\u00farese de incluir la ID y clave de afiliaci\u00f3n y ese enlace funcionar\u00e1 como enlace de afiliaci\u00f3n. Las visitas se recuerdan hasta durante 30 d\u00edas. Cuando un visitante llega a nuestro sitio, establecemos una cookie para el origen. M\u00e1s tarde, cuando el visitante realiza la compra, nosotros sabemos que usted lo envi\u00f3 y le damos el cr\u00e9dito. <\/p> <p>Le recomendamos que haga sus propias capturas de pantalla de los plugines de Toolset. Esto mostrar\u00e1 su trabajo exclusivo. Cuando haga capturas de pantalla, mantenga el tama\u00f1o del navegador al m\u00ednimo de modo que otras personas puedan ver sus capturas en su pantalla. Tambi\u00e9n recomendamos usar leyendas para explicar qu\u00e9 significan las im\u00e1genes. <\/p> <\/div> <\/div> <hr class=\"hr-light extra-padding\"> <h3 class=\"text-dark\">H\u00e1ganos saber cuando escriba sobre nosotros<\/h3> <p>Estaremos encantados de agregarle a nuestra p\u00e1gina <a href=\"https:\/\/toolset.com\/mention\/\">Toolset On The Web<\/a>. Si escribe un art\u00edculo interesante sobre Toolset, p\u00f3ngase en contacto con nosotros y con gusto le agregaremos.<\/p> <hr class=\"hr-light extra-padding\"> <h3 class=\"text-dark\">Cont\u00e1ctenos <\/h3> <p>A todo el mundo le gusta mostrar lo que hace y nosotros no nos quedamos atr\u00e1s. Si desea incluir Toolset y necesita m\u00e1s informaci\u00f3n, <a title=\"Formulario de contacto\" href=\"https:\/\/toolset.com\/home\/contact-us\/contact-form\/\">p\u00f3ngase en contacto con nosotros<\/a> por cualquier medio.<\/p>\n","protected":false},"excerpt":{"rendered":"","protected":false},"author":1,"featured_media":0,"parent":1396483,"menu_order":81,"comment_status":"closed","ping_status":"closed","template":"","meta":{"_bbp_topic_count":0,"_bbp_reply_count":0,"_bbp_total_topic_count":0,"_bbp_total_reply_count":0,"_bbp_voice_count":0,"_bbp_anonymous_reply_count":0,"_bbp_topic_count_hidden":0,"_bbp_reply_count_hidden":0,"_bbp_forum_subforum_count":0,"ep_exclude_from_search":false,"footnotes":""},"documentation-category":[],"class_list":["post-26389","page","type-page","status-publish","hentry"],"_links":{"self":[{"href":"https:\/\/toolset.com\/es\/wp-json\/wp\/v2\/pages\/26389","targetHints":{"allow":["GET"]}}],"collection":[{"href":"https:\/\/toolset.com\/es\/wp-json\/wp\/v2\/pages"}],"about":[{"href":"https:\/\/toolset.com\/es\/wp-json\/wp\/v2\/types\/page"}],"author":[{"embeddable":true,"href":"https:\/\/toolset.com\/es\/wp-json\/wp\/v2\/users\/1"}],"replies":[{"embeddable":true,"href":"https:\/\/toolset.com\/es\/wp-json\/wp\/v2\/comments?post=26389"}],"version-history":[{"count":8,"href":"https:\/\/toolset.com\/es\/wp-json\/wp\/v2\/pages\/26389\/revisions"}],"predecessor-version":[{"id":1501133,"href":"https:\/\/toolset.com\/es\/wp-json\/wp\/v2\/pages\/26389\/revisions\/1501133"}],"up":[{"embeddable":true,"href":"https:\/\/toolset.com\/es\/wp-json\/wp\/v2\/pages\/1396483"}],"wp:attachment":[{"href":"https:\/\/toolset.com\/es\/wp-json\/wp\/v2\/media?parent=26389"}],"wp:term":[{"taxonomy":"documentation-category","embeddable":true,"href":"https:\/\/toolset.com\/es\/wp-json\/wp\/v2\/documentation-category?post=26389"}],"curies":[{"name":"wp","href":"https:\/\/api.w.org\/{rel}","templated":true}]}}