{"id":26036,"date":"2012-11-21T21:47:58","date_gmt":"2012-11-21T21:47:58","guid":{"rendered":"https:\/\/toolset.com\/inicio\/quienes-somos\/"},"modified":"2020-11-19T10:57:12","modified_gmt":"2020-11-19T10:57:12","slug":"quienes-somos","status":"publish","type":"page","link":"https:\/\/toolset.com\/es\/nueva-pagina-de-inicio\/quienes-somos\/","title":{"rendered":"Nosotros"},"content":{"rendered":"<p><a href=\"http:\/\/www.onthegosystems.com\">OnTheGoSystems <\/a>es la empresa que impulsa Types, Views, Forms y Types Access. Operamos desde 2007 y nuestros plugines para WordPress dan vida a m\u00e1s de 600.000 sitios comerciales de WordPress. Puede que usted nos conozca por <a href=\"http:\/\/wpml.org\">WPML<\/a>, el plugin que hace multiling\u00fce a WordPress.<\/p>\n<p><a href=\"https:\/\/www.onthegosystems.com\/\" target=\"_blank\" rel=\"noopener noreferrer\"><img decoding=\"async\" class=\"alignnone wp-image-1722593\" role=\"img\" src=\"https:\/\/toolset.com\/wp-content\/uploads\/2020\/07\/logo-otgs-color.svg\" alt=\"\" width=\"240\" height=\"50\"><\/a><\/p>\n<p>Somos una empresa totalmente global, con gente de los seis continentes (si usted es de la Ant\u00e1rtida, pues post\u00falese, actualmente no tenemos a nadie de all\u00ed).<\/p>\n<h2 class=\"clear\">Algunas estad\u00edsticas de OnTheGoSystems<\/h2>\n<ul>\n<li>Mano de obra: el 90% del personal que trabaja para OnTheGoSystems posee un t\u00edtulo universitario en inform\u00e1tica o un grado equivalente en ingenier\u00eda.<\/li>\n<li>M\u00e1s de la mitad trabaja en desarrollo. Un tercio se dedica al soporte, la prueba y el control de calidad. Un sexto estudia el mercado y atrae clientes constantemente.<\/li>\n<\/ul>\n<h2>C\u00f3mo postularse<\/h2>\n<p>Estamos constantemente buscando gente buena que quiera unirse a nosotros. Nuestros requisitos son simples, pero para nada triviales. Tiene que ser un profesional, con una actitud acorde, agradable y amistoso y un colega con el que d\u00e9 gusto trabajar. Si esto es lo que ve al espejo todas las ma\u00f1anas y est\u00e1 buscando un trabajo desafiante y gratificante, sin duda, debe ponerse en contacto con nosotros.<\/p>\n<p>Consulte nuestra p\u00e1gina de <a href=\"http:\/\/www.onthegosystems.com\/jobs\/\">vacantes<\/a>para ver las oportunidades que le esperan.<\/p>\n<h2>Qu\u00e9 hacemos<\/h2>\n<p>El primer producto al que dimos vida fue WPML. Se trata de un plugin que permite a WordPress ejecutar sitios multiling\u00fces. Luego se cre\u00f3 Types. Le sigui\u00f3 Views y, m\u00e1s tarde, Forms y Access.<\/p>\n<h2>Nuestros clientes<\/h2>\n<p>Pr\u00e1cticamente todos los que nos compran crean sitios web para clientes. Podr\u00eda tratarse de una peque\u00f1a presentaci\u00f3n unipersonal o de todo un desarrollo web de una tienda importante. Nuestros productos son dise\u00f1ados para desarrolladores web. Usabilidad, documentaci\u00f3n y soporte son parte de la oferta. Cada producto viene con la ayuda y soporte que usted necesita para atender a sus clientes y cumplir los plazos de entrega.<\/p>\n<h2>Principios b\u00e1sicos<\/h2>\n<p>Somos conscientes de que nuestro \u00e9xito proviene de los miles de clientes satisfechos que conf\u00edan en nosotros. Esta confianza se debe ganar de nuevo d\u00eda a d\u00eda (literalmente). Algunos dicen que cuidan a sus clientes y les brindan buen soporte, pero nosotros adem\u00e1s lo ponemos a la vista. Vea usted mismo nuestro <a href=\"https:\/\/toolset.com\/forums\/\">foro de soporte t\u00e9cnico<\/a> y observe lo que hacemos.<\/p>\n<h2>C\u00f3mo contactarnos<\/h2>\n<p>Para cuestiones t\u00e9cnicas, utilice nuestro<a href=\"https:\/\/toolset.com\/forums\/\">foro de ayuda<\/a>. Si se trata de consultas de \u00edndole comercial u otras de car\u00e1cter no t\u00e9cnico, utilice el <a href=\"https:\/\/toolset.com\/es\/nueva-pagina-de-inicio\/contactenos\/\">formulario de contacto<\/a>.<\/p>\n","protected":false},"excerpt":{"rendered":"<p>OnTheGoSystems es la empresa que impulsa Types, Views, Forms y Types Access. Operamos desde 2007 y nuestros plugines para WordPress dan vida a m\u00e1s de 600.000 sitios comerciales de WordPress. Puede que usted nos conozca por WPML, el plugin que hace multiling\u00fce a WordPress. Somos una empresa totalmente global, con gente de los seis continentes [&hellip;]<\/p>\n","protected":false},"author":1,"featured_media":0,"parent":1396483,"menu_order":34,"comment_status":"closed","ping_status":"closed","template":"","meta":{"_bbp_topic_count":0,"_bbp_reply_count":0,"_bbp_total_topic_count":0,"_bbp_total_reply_count":0,"_bbp_voice_count":0,"_bbp_anonymous_reply_count":0,"_bbp_topic_count_hidden":0,"_bbp_reply_count_hidden":0,"_bbp_forum_subforum_count":0,"ep_exclude_from_search":false,"footnotes":""},"documentation-category":[],"class_list":["post-26036","page","type-page","status-publish","hentry"],"_links":{"self":[{"href":"https:\/\/toolset.com\/es\/wp-json\/wp\/v2\/pages\/26036","targetHints":{"allow":["GET"]}}],"collection":[{"href":"https:\/\/toolset.com\/es\/wp-json\/wp\/v2\/pages"}],"about":[{"href":"https:\/\/toolset.com\/es\/wp-json\/wp\/v2\/types\/page"}],"author":[{"embeddable":true,"href":"https:\/\/toolset.com\/es\/wp-json\/wp\/v2\/users\/1"}],"replies":[{"embeddable":true,"href":"https:\/\/toolset.com\/es\/wp-json\/wp\/v2\/comments?post=26036"}],"version-history":[{"count":8,"href":"https:\/\/toolset.com\/es\/wp-json\/wp\/v2\/pages\/26036\/revisions"}],"predecessor-version":[{"id":1849599,"href":"https:\/\/toolset.com\/es\/wp-json\/wp\/v2\/pages\/26036\/revisions\/1849599"}],"up":[{"embeddable":true,"href":"https:\/\/toolset.com\/es\/wp-json\/wp\/v2\/pages\/1396483"}],"wp:attachment":[{"href":"https:\/\/toolset.com\/es\/wp-json\/wp\/v2\/media?parent=26036"}],"wp:term":[{"taxonomy":"documentation-category","embeddable":true,"href":"https:\/\/toolset.com\/es\/wp-json\/wp\/v2\/documentation-category?post=26036"}],"curies":[{"name":"wp","href":"https:\/\/api.w.org\/{rel}","templated":true}]}}