{"id":2019449,"date":"2021-04-13T12:47:07","date_gmt":"2021-04-13T12:47:07","guid":{"rendered":"https:\/\/toolset.com\/nueva-pagina-de-inicio\/como-crearas-sitios-con-toolset\/"},"modified":"2023-08-28T14:28:01","modified_gmt":"2023-08-28T14:28:01","slug":"como-crearas-sitios-con-toolset","status":"publish","type":"page","link":"https:\/\/toolset.com\/es\/nueva-pagina-de-inicio\/como-crearas-sitios-con-toolset\/","title":{"rendered":"\u00bfC\u00f3mo crear\u00e1s sitios con Toolset?"},"content":{"rendered":"\n<div class=\"wp-block-toolset-blocks-container tb-container\" data-toolset-blocks-container=\"60ddc542d70164579710bbf5d08dcd7f\"><div class=\"tb-container-inner\">\n<h1 class=\"tb-heading\" data-toolset-blocks-heading=\"278d3a6efa08aa5c025eeb32f85ac887\" data-last-update=\"1.4\">\u00bfC\u00f3mo crear\u00e1s sitios con Toolset?<\/h1>\n\n\n\n<div class=\"tb-fields-and-text lead\" data-toolset-blocks-fields-and-text=\"31800c5cc2e4c12fbd5659cee0b6fa2e\"><p style=\"text-align: center;\"><span style=\"font-weight: 400;\">Toolset ofrece un enfoque innovador para crear sitios WordPress. Construye sobre WordPress y presenta un completo paquete de dise\u00f1o y desarrollo que no requiere programaci\u00f3n.<\/span><\/p><\/div>\n<\/div><\/div>\n\n<div class=\"wp-block-toolset-blocks-grid tb-grid\" data-toolset-blocks-grid=\"7f6ce8d03a4818f8b642e1c183a58a3a\">\n<div class=\"wp-block-toolset-blocks-grid-column tb-grid-column tb-grid-align-center\" data-toolset-blocks-grid-column=\"f586ff7bfe1d7317c63162ec7b7039ed\">\n<figure class=\"wp-block-image tb-image tb-image-media tb-image-frame-none\" data-toolset-blocks-image=\"ffdcb1141d6de53d07f50fed9c76d1d2\"><img decoding=\"async\" width=\"934\" height=\"793\" loading=\"lazy\" src=\"https:\/\/toolset.com\/wp-content\/uploads\/2021\/04\/01-5.png\" alt=\"\" class=\"wp-image-2014723\" srcset=\"https:\/\/toolset.com\/wp-content\/uploads\/2021\/04\/01-5.png 934w, https:\/\/toolset.com\/wp-content\/uploads\/2021\/04\/01-5-300x255.png 300w, https:\/\/toolset.com\/wp-content\/uploads\/2021\/04\/01-5-150x127.png 150w, https:\/\/toolset.com\/wp-content\/uploads\/2021\/04\/01-5-768x652.png 768w, https:\/\/toolset.com\/wp-content\/uploads\/2021\/04\/01-5-612x520.png 612w\" sizes=\"auto, (max-width: 934px) 100vw, 934px\" \/><\/figure>\n<\/div>\n\n\n\n<div class=\"wp-block-toolset-blocks-grid-column tb-grid-column tb-grid-align-top\" data-toolset-blocks-grid-column=\"3034fbe886c11054e95b46b09d3e4112\">\n<h3 class=\"tb-heading has-text-color\" data-toolset-blocks-heading=\"6e86c89c5903a097e912860eb00dfd11\" data-last-update=\"1.4\">01. Aprender<\/h3>\n\n\n\n<div class=\"tb-fields-and-text\" data-toolset-blocks-fields-and-text=\"5df1f513ae6236018107e0882c5bfbb6\"><p><span style=\"font-weight: 400;\">Sabemos que su tiempo es valioso, as\u00ed que hemos armado la documentaci\u00f3n de manera tal que se adapte a sus necesidades. Hemos creado cursos detallados que lo convierten de principiante en experto. Elija la clase de sitios que desea crear y aprenda todo lo que hay que saber sobre ella.<\/span><\/p><\/div>\n\n\n<div class=\"wpv-view-output\" data-toolset-views-view-editor=\"c1c5d2855db7fa6cc67c8e6a6437c21e\"><div class=\"wp-block-toolset-views-view-editor\"><div id=\"wpv-view-layout-2013617\" class=\"js-wpv-view-layout js-wpv-layout-responsive js-wpv-view-layout-2013617\" data-viewnumber=\"2013617\" data-pagination=\"{&quot;id&quot;:2013617,&quot;query&quot;:&quot;normal&quot;,&quot;type&quot;:&quot;disabled&quot;,&quot;effect&quot;:&quot;fade&quot;,&quot;duration&quot;:500,&quot;speed&quot;:5,&quot;pause_on_hover&quot;:&quot;enabled&quot;,&quot;stop_rollover&quot;:&quot;false&quot;,&quot;cache_pages&quot;:&quot;enabled&quot;,&quot;preload_images&quot;:&quot;enabled&quot;,&quot;preload_pages&quot;:&quot;enabled&quot;,&quot;preload_reach&quot;:1,&quot;spinner&quot;:&quot;builtin&quot;,&quot;spinner_image&quot;:&quot;https:\/\/toolset.com\/wp-content\/plugins\/wp-views\/embedded\/res\/img\/ajax-loader.gif&quot;,&quot;callback_next&quot;:&quot;&quot;,&quot;manage_history&quot;:&quot;disabled&quot;,&quot;has_controls_in_form&quot;:&quot;disabled&quot;,&quot;infinite_tolerance&quot;:&quot;0&quot;,&quot;max_pages&quot;:0,&quot;page&quot;:1,&quot;base_permalink&quot;:&quot;\/es\/wp-json\/wp\/v2\/pages\/2019449?wpv_view_count=2013617&amp;wpv_paged=WPV_PAGE_NUM&quot;,&quot;loop&quot;:{&quot;type&quot;:&quot;&quot;,&quot;name&quot;:&quot;&quot;,&quot;data&quot;:[],&quot;id&quot;:0}}\" data-permalink=\"\/es\/wp-json\/wp\/v2\/pages\/2019449?wpv_view_count=2013617\">\n\n<div class=\"js-wpv-loop-wrapper\"><div class=\"tb-grid\"><div class=\"tb-grid-column\">\n\n<div class=\"wp-block-toolset-views-view-template-block wpv-block-loop-item php-to-be-replaced-with-shortcode\" data-toolset-views-view-template-block=\"f0939298f44c2e99f50f8feec12adf75\">\n<div class=\"wp-block-toolset-blocks-container tb-container\" data-toolset-blocks-container=\"7ea296f8e221a8f930cfcaedbeabc8b2\" style=\"background: url(https:\/\/toolset.com\/wp-content\/uploads\/2021\/05\/Design.svg) left center no-repeat;background-size: 24px auto;\">\n<h5 class=\"tb-heading\" data-toolset-blocks-heading=\"154936a1b7dc565e69fd3f9f795450ca\" data-last-update=\"1.4\"><a href=\"https:\/\/toolset.com\/es\/course\/wordpress-design-course\/\">WordPress Design<\/a><\/h5>\n<\/div>\n<\/div>\n\n<\/div><div class=\"tb-grid-column\">\n\n<div class=\"wp-block-toolset-views-view-template-block wpv-block-loop-item php-to-be-replaced-with-shortcode\" data-toolset-views-view-template-block=\"f0939298f44c2e99f50f8feec12adf75\">\n<div class=\"wp-block-toolset-blocks-container tb-container\" data-toolset-blocks-container=\"7ea296f8e221a8f930cfcaedbeabc8b2\" style=\"background: url(https:\/\/toolset.com\/wp-content\/uploads\/2020\/12\/Real-estate.svg) left center no-repeat;background-size: 24px auto;\">\n<h5 class=\"tb-heading\" data-toolset-blocks-heading=\"154936a1b7dc565e69fd3f9f795450ca\" data-last-update=\"1.4\"><a href=\"https:\/\/toolset.com\/es\/course\/wordpress-real-estate-sites\/\">WordPress Real Estate Sites<\/a><\/h5>\n<\/div>\n<\/div>\n\n<\/div><div class=\"tb-grid-column\">\n\n<div class=\"wp-block-toolset-views-view-template-block wpv-block-loop-item php-to-be-replaced-with-shortcode\" data-toolset-views-view-template-block=\"f0939298f44c2e99f50f8feec12adf75\">\n<div class=\"wp-block-toolset-blocks-container tb-container\" data-toolset-blocks-container=\"7ea296f8e221a8f930cfcaedbeabc8b2\" style=\"background: url(https:\/\/toolset.com\/wp-content\/uploads\/2020\/12\/cart.svg) left center no-repeat;background-size: 24px auto;\">\n<h5 class=\"tb-heading\" data-toolset-blocks-heading=\"154936a1b7dc565e69fd3f9f795450ca\" data-last-update=\"1.4\"><a href=\"https:\/\/toolset.com\/es\/course\/custom-woocommerce-sites\/\">Custom WooCommerce Sites<\/a><\/h5>\n<\/div>\n<\/div>\n\n<\/div><div class=\"tb-grid-column\">\n\n<div class=\"wp-block-toolset-views-view-template-block wpv-block-loop-item php-to-be-replaced-with-shortcode\" data-toolset-views-view-template-block=\"f0939298f44c2e99f50f8feec12adf75\">\n<div class=\"wp-block-toolset-blocks-container tb-container\" data-toolset-blocks-container=\"7ea296f8e221a8f930cfcaedbeabc8b2\" style=\"background: url(https:\/\/toolset.com\/wp-content\/uploads\/2020\/12\/member.svg) left center no-repeat;background-size: 24px auto;\">\n<h5 class=\"tb-heading\" data-toolset-blocks-heading=\"154936a1b7dc565e69fd3f9f795450ca\" data-last-update=\"1.4\"><a href=\"https:\/\/toolset.com\/es\/course\/wordpress-membership-sites\/\">WordPress Membership Sites<\/a><\/h5>\n<\/div>\n<\/div>\n\n<\/div><div class=\"tb-grid-column\">\n\n<div class=\"wp-block-toolset-views-view-template-block wpv-block-loop-item php-to-be-replaced-with-shortcode\" data-toolset-views-view-template-block=\"f0939298f44c2e99f50f8feec12adf75\">\n<div class=\"wp-block-toolset-blocks-container tb-container\" data-toolset-blocks-container=\"7ea296f8e221a8f930cfcaedbeabc8b2\" style=\"background: url(https:\/\/toolset.com\/wp-content\/uploads\/2020\/12\/bussiness.svg) left center no-repeat;background-size: 24px auto;\">\n<h5 class=\"tb-heading\" data-toolset-blocks-heading=\"154936a1b7dc565e69fd3f9f795450ca\" data-last-update=\"1.4\"><a href=\"https:\/\/toolset.com\/es\/course\/custom-business-sites-with-dynamic-content\/\">Custom Business Sites<\/a><\/h5>\n<\/div>\n<\/div>\n\n<\/div><div class=\"tb-grid-column\">\n\n<div class=\"wp-block-toolset-views-view-template-block wpv-block-loop-item php-to-be-replaced-with-shortcode\" data-toolset-views-view-template-block=\"f0939298f44c2e99f50f8feec12adf75\">\n<div class=\"wp-block-toolset-blocks-container tb-container\" data-toolset-blocks-container=\"7ea296f8e221a8f930cfcaedbeabc8b2\" style=\"background: url(https:\/\/toolset.com\/wp-content\/uploads\/2020\/12\/Classifieds.svg) left center no-repeat;background-size: 24px auto;\">\n<h5 class=\"tb-heading\" data-toolset-blocks-heading=\"154936a1b7dc565e69fd3f9f795450ca\" data-last-update=\"1.4\"><a href=\"https:\/\/toolset.com\/es\/course\/wordpress-directory-and-classifieds-sites\/\">WordPress Directory and Classifieds Sites<\/a><\/h5>\n<\/div>\n<\/div>\n\n<\/div><\/div><\/div>\n<\/div><\/div>\n\n<\/div><\/div>\n<\/div>\n\n<div class=\"wp-block-toolset-blocks-grid tb-grid\" data-toolset-blocks-grid=\"738799f2f14c932f90247bcbf8d587ac\">\n<div class=\"wp-block-toolset-blocks-grid-column tb-grid-column tb-grid-align-center\" data-toolset-blocks-grid-column=\"f586ff7bfe1d7317c63162ec7b7039ed\">\n<h3 class=\"tb-heading\" data-toolset-blocks-heading=\"56b9c77d0805174327f355c1e962ee1a\" data-last-update=\"1.4\">02. Instalar<\/h3>\n\n\n\n<div class=\"tb-fields-and-text\" data-toolset-blocks-fields-and-text=\"3e1d2592ce20bdf2bf813c9dfa44c991\"><p><span style=\"font-weight: 400;\">Toolset brinda total funcionalidad y le ahorra la necesidad de usar plugines de otros proveedores. En nuestros cursos de formaci\u00f3n, ense\u00f1amos cu\u00e1les son los componentes de Toolset que usted necesita seg\u00fan lo que desee crear.<\/span><\/p><\/div>\n<\/div>\n\n\n\n<div class=\"wp-block-toolset-blocks-grid-column tb-grid-column tb-grid-align-top\" data-toolset-blocks-grid-column=\"3034fbe886c11054e95b46b09d3e4112\">\n<figure class=\"wp-block-image tb-image tb-image-media tb-image-frame-none\" data-toolset-blocks-image=\"b14587109e66127dd86b8f2da51d1555\"><img decoding=\"async\" width=\"934\" height=\"793\" loading=\"lazy\" src=\"https:\/\/toolset.com\/wp-content\/uploads\/2021\/04\/02-5.png\" alt=\"\" class=\"wp-image-2015891\" srcset=\"https:\/\/toolset.com\/wp-content\/uploads\/2021\/04\/02-5.png 934w, https:\/\/toolset.com\/wp-content\/uploads\/2021\/04\/02-5-300x255.png 300w, https:\/\/toolset.com\/wp-content\/uploads\/2021\/04\/02-5-150x127.png 150w, https:\/\/toolset.com\/wp-content\/uploads\/2021\/04\/02-5-768x652.png 768w, https:\/\/toolset.com\/wp-content\/uploads\/2021\/04\/02-5-612x520.png 612w\" sizes=\"auto, (max-width: 934px) 100vw, 934px\" \/><\/figure>\n<\/div>\n<\/div>\n\n<div class=\"wp-block-toolset-blocks-grid tb-grid\" data-toolset-blocks-grid=\"7f6ce8d03a4818f8b642e1c183a58a3a\">\n<div class=\"wp-block-toolset-blocks-grid-column tb-grid-column tb-grid-align-top\" data-toolset-blocks-grid-column=\"3034fbe886c11054e95b46b09d3e4112\">\n<figure class=\"wp-block-image tb-image tb-image-media tb-image-frame-none\" data-toolset-blocks-image=\"d7994253c2a0523298dede90b28e2f20\"><img decoding=\"async\" width=\"934\" height=\"793\" loading=\"lazy\" src=\"https:\/\/toolset.com\/wp-content\/uploads\/2021\/04\/03-3.png\" alt=\"\" class=\"wp-image-2014769\" srcset=\"https:\/\/toolset.com\/wp-content\/uploads\/2021\/04\/03-3.png 934w, https:\/\/toolset.com\/wp-content\/uploads\/2021\/04\/03-3-300x255.png 300w, https:\/\/toolset.com\/wp-content\/uploads\/2021\/04\/03-3-150x127.png 150w, https:\/\/toolset.com\/wp-content\/uploads\/2021\/04\/03-3-768x652.png 768w, https:\/\/toolset.com\/wp-content\/uploads\/2021\/04\/03-3-612x520.png 612w\" sizes=\"auto, (max-width: 934px) 100vw, 934px\" \/><\/figure>\n<\/div>\n\n\n\n<div class=\"wp-block-toolset-blocks-grid-column tb-grid-column tb-grid-align-center\" data-toolset-blocks-grid-column=\"f586ff7bfe1d7317c63162ec7b7039ed\">\n<h3 class=\"tb-heading\" data-toolset-blocks-heading=\"56b9c77d0805174327f355c1e962ee1a\" data-last-update=\"1.4\">03. Crear <\/h3>\n\n\n\n<div class=\"tb-fields-and-text\" data-toolset-blocks-fields-and-text=\"3e1d2592ce20bdf2bf813c9dfa44c991\"><p><span style=\"font-weight: 400;\">Cree sitios web de WordPress atractivos y avanzados sin abrir editores de c\u00f3digo ni realizar ninguna clase de programaci\u00f3n. Si necesita ayuda, nuestro equipo de soporte est\u00e1 disponible 6 d\u00edas a la semana, 19 horas al d\u00eda.<\/span><\/p><\/div>\n<\/div>\n<\/div>\n\n<div class=\"wp-block-toolset-blocks-container tb-container alignfull\" data-toolset-blocks-container=\"a1dcda694f34632058e5570c6b852cc1\"><div class=\"tb-container-inner\">\n<h2 class=\"tb-heading has-text-color\" data-toolset-blocks-heading=\"499c5d385c586e89f9e402d5fef1754b\" data-last-update=\"1.4\">Qu\u00e9 esperar de los sitios basados en Toolset<\/h2>\n\n\n\n<div class=\"wp-block-toolset-blocks-grid tb-grid\" data-toolset-blocks-grid=\"acfd2c4d517f43cfb3b6b62f63465d80\">\n<div class=\"wp-block-toolset-blocks-grid-column tb-grid-column tb-grid-align-top\" data-toolset-blocks-grid-column=\"39b82ab4c8628a923971927958fb5105\"><div class=\"wp-block-image\">\n<figure class=\" tb-image tb-image-media tb-image-frame-none alignleft\" data-toolset-blocks-image=\"5520ab39bc7762670ff06e9b842c949d\"><img decoding=\"async\" loading=\"lazy\" src=\"https:\/\/toolset.com\/wp-content\/uploads\/2021\/04\/custom.svg\" alt=\"\" class=\"wp-image-2015909\"\/><\/figure>\n<\/div>\n\n\n<h4 class=\"tb-heading\" data-toolset-blocks-heading=\"01f337907349149de6158269fc6058de\" data-last-update=\"1.4\"><strong>Personalizaci\u00f3n total<\/strong><\/h4>\n\n\n\n<div class=\"tb-fields-and-text\" data-toolset-blocks-fields-and-text=\"3e1d2592ce20bdf2bf813c9dfa44c991\"><p style=\"text-align: left;\"><span style=\"font-weight: 400;\">El aspecto y la funcionalidad que usted quiere, sin las limitaciones de temas y plugines que requieren mucho c\u00f3digo.<\/span><\/p><\/div>\n<\/div>\n\n\n\n<div class=\"wp-block-toolset-blocks-grid-column tb-grid-column tb-grid-align-top\" data-toolset-blocks-grid-column=\"3034fbe886c11054e95b46b09d3e4112\"><div class=\"wp-block-image\">\n<figure class=\" tb-image tb-image-media tb-image-frame-none alignleft\" data-toolset-blocks-image=\"59d005639d308589ef7ed3c3dcbb6e78\"><img decoding=\"async\" loading=\"lazy\" src=\"https:\/\/toolset.com\/wp-content\/uploads\/2020\/09\/diamond.svg\" alt=\"\" class=\"wp-image-1765195\"\/><\/figure>\n<\/div>\n\n\n<h4 class=\"tb-heading\" data-toolset-blocks-heading=\"01f337907349149de6158269fc6058de\" data-last-update=\"1.4\"><strong>Atractivos<\/strong><\/h4>\n\n\n\n<div class=\"tb-fields-and-text\" data-toolset-blocks-fields-and-text=\"3e1d2592ce20bdf2bf813c9dfa44c991\"><p style=\"text-align: left;\"><span style=\"font-weight: 400;\">Disfrute del control total del dise\u00f1o de todo lo que cree.<\/span><\/p><\/div>\n<\/div>\n\n\n\n<div class=\"wp-block-toolset-blocks-grid-column tb-grid-column tb-grid-align-top\" data-toolset-blocks-grid-column=\"3034fbe886c11054e95b46b09d3e4112\"><div class=\"wp-block-image\">\n<figure class=\" tb-image tb-image-media tb-image-frame-none alignleft\" data-toolset-blocks-image=\"96851fb3b48c5fffce443b5d99916067\"><img decoding=\"async\" loading=\"lazy\" src=\"https:\/\/toolset.com\/wp-content\/uploads\/2020\/09\/devices.svg\" alt=\"\" class=\"wp-image-1765185\"\/><\/figure>\n<\/div>\n\n\n<h4 class=\"tb-heading\" data-toolset-blocks-heading=\"01f337907349149de6158269fc6058de\" data-last-update=\"1.4\"><strong>Adaptables<\/strong><\/h4>\n\n\n\n<div class=\"tb-fields-and-text\" data-toolset-blocks-fields-and-text=\"3e1d2592ce20bdf2bf813c9dfa44c991\"><p style=\"text-align: left;\"><span style=\"font-weight: 400;\">Dise\u00f1os aptos p\u00e1ra tel\u00e9fonos y equipos de escritorio.<\/span><\/p><\/div>\n<\/div>\n\n\n\n<div class=\"wp-block-toolset-blocks-grid-column tb-grid-column tb-grid-align-top\" data-toolset-blocks-grid-column=\"3034fbe886c11054e95b46b09d3e4112\"><div class=\"wp-block-image\">\n<figure class=\" tb-image tb-image-media tb-image-frame-none alignleft\" data-toolset-blocks-image=\"714adddd83a3012fc640f763e43b139d\"><img decoding=\"async\" loading=\"lazy\" src=\"https:\/\/toolset.com\/wp-content\/uploads\/2021\/04\/fast.svg\" alt=\"\" class=\"wp-image-2015919\"\/><\/figure>\n<\/div>\n\n\n<h4 class=\"tb-heading\" data-toolset-blocks-heading=\"01f337907349149de6158269fc6058de\" data-last-update=\"1.4\"><strong>Ultrar\u00e1pidos<\/strong><\/h4>\n\n\n\n<div class=\"tb-fields-and-text\" data-toolset-blocks-fields-and-text=\"3e1d2592ce20bdf2bf813c9dfa44c991\"><p style=\"text-align: left;\"><span style=\"font-weight: 400;\">Alcance las mejores velocidades y mejore el SEO de su sitio.<\/span><\/p><\/div>\n<\/div>\n\n\n\n<div class=\"wp-block-toolset-blocks-grid-column tb-grid-column tb-grid-align-top\" data-toolset-blocks-grid-column=\"3034fbe886c11054e95b46b09d3e4112\"><div class=\"wp-block-image\">\n<figure class=\" tb-image tb-image-media tb-image-frame-none alignleft\" data-toolset-blocks-image=\"2555747ca306a24552a31886c1ae28ef\"><img decoding=\"async\" loading=\"lazy\" src=\"https:\/\/toolset.com\/wp-content\/uploads\/2021\/04\/shield.svg\" alt=\"\" class=\"wp-image-2015929\"\/><\/figure>\n<\/div>\n\n\n<h4 class=\"tb-heading\" data-toolset-blocks-heading=\"01f337907349149de6158269fc6058de\" data-last-update=\"1.4\"><strong>Confiables<\/strong><\/h4>\n\n\n\n<div class=\"tb-fields-and-text\" data-toolset-blocks-fields-and-text=\"44f15a3e49025ee93580856b817f69ad\"><p style=\"text-align: left;\"><span style=\"font-weight: 400;\">Siempre estamos listos antes de los lanzamientos nuevos de WordPress y nunca cancelamos la compatibilidad con versiones anteriores.<\/span><\/p><\/div>\n<\/div>\n\n\n\n<div class=\"wp-block-toolset-blocks-grid-column tb-grid-column tb-grid-align-top\" data-toolset-blocks-grid-column=\"3034fbe886c11054e95b46b09d3e4112\"><div class=\"wp-block-image\">\n<figure class=\" tb-image tb-image-media tb-image-frame-none alignleft\" data-toolset-blocks-image=\"623bf8bdad3b7ed9c665817487bdb67c\"><img decoding=\"async\" loading=\"lazy\" src=\"https:\/\/toolset.com\/wp-content\/uploads\/2021\/04\/translation.svg\" alt=\"\" class=\"wp-image-2015939\"\/><\/figure>\n<\/div>\n\n\n<h4 class=\"tb-heading\" data-toolset-blocks-heading=\"01f337907349149de6158269fc6058de\" data-last-update=\"1.4\"><strong>Preparado para entorno multiling\u00fce<\/strong><\/h4>\n\n\n\n<div class=\"tb-fields-and-text\" data-toolset-blocks-fields-and-text=\"3e1d2592ce20bdf2bf813c9dfa44c991\"><p style=\"text-align: left;\"><span style=\"font-weight: 400;\">Toolset proviene de la misma compa\u00f1\u00eda que WPML. Todo lo que cree con Toolset se puede traducir f\u00e1cilmente.<\/span><\/p><\/div>\n<\/div>\n<\/div>\n\n\n\n<p><\/p>\n<\/div><\/div>\n\n<div class=\"wp-block-toolset-blocks-container tb-container alignfull\" data-toolset-blocks-container=\"f6d88024bd8f3f32cae6a7b060fc78e2\"><div class=\"tb-container-inner\">\n<div class=\"wp-block-toolset-blocks-container tb-container\" data-toolset-blocks-container=\"149ba01811abd123b8891c234cd57f41\"><div class=\"tb-container-inner\">\n<h2 class=\"tb-heading has-text-color\" data-toolset-blocks-heading=\"e33b2b851972b2ec196044558fd498ac\" data-last-update=\"1.4\">\u00bfQu\u00e9 incluye Toolset?<\/h2>\n\n\n\n<div class=\"tb-fields-and-text\" data-toolset-blocks-fields-and-text=\"1e213d051e0a5601921c09882785ac82\"><p style=\"text-align: center;\"><span style=\"font-weight: 400;\">Toolset es un<\/span> <a href=\"https:\/\/toolset.com\/es\/nueva-pagina-de-inicio\/componentes-de-toolset-2\/\"><span style=\"font-weight: 400;\">paquete de plugines para WordPress<\/span><\/a><span style=\"font-weight: 400;\"> que funcionan en conjunto para crear sitios web WordPress avanzados, sin programar. Es un paquete modular que permite seleccionar los componentes necesarios para cada sitio.<\/span><\/p><\/div>\n<\/div><\/div>\n\n\n\n<div class=\"wp-block-toolset-blocks-grid tb-grid\" data-toolset-blocks-grid=\"0722175d6c61f3958c32c8574b44afb1\">\n<div class=\"wp-block-toolset-blocks-grid-column tb-grid-column tb-grid-align-top\" data-toolset-blocks-grid-column=\"c92d338d942a5659f229e130e61dad25\"><div class=\"wp-block-image\">\n<figure class=\" tb-image tb-image-media tb-image-frame-none aligncenter\" data-toolset-blocks-image=\"fcf05464bdbc6d15c11fec245d7f4c4f\"><img decoding=\"async\" loading=\"lazy\" src=\"https:\/\/toolset.com\/wp-content\/uploads\/2020\/05\/toolset-blocks.svg\" alt=\"\" class=\"wp-image-1643229\"\/><\/figure>\n<\/div>\n\n\n<h4 class=\"tb-heading\" data-toolset-blocks-heading=\"3c54dac589475e91c14ff9eefef6b899\" data-last-update=\"1.4\"><strong>Toolset Blocks<\/strong><\/h4>\n<\/div>\n\n\n\n<div class=\"wp-block-toolset-blocks-grid-column tb-grid-column tb-grid-align-top\" data-toolset-blocks-grid-column=\"ea5fffc02f8e82c1d71dd61dcfa18fc0\"><div class=\"wp-block-image\">\n<figure class=\" tb-image tb-image-media tb-image-frame-none aligncenter\" data-toolset-blocks-image=\"c38564687ff58891bdb37be7ef867e66\"><img decoding=\"async\" loading=\"lazy\" src=\"https:\/\/toolset.com\/wp-content\/uploads\/2020\/05\/toolset-types-logo.svg\" alt=\"\" class=\"wp-image-1641661\"\/><\/figure>\n<\/div>\n\n\n<h4 class=\"tb-heading\" data-toolset-blocks-heading=\"b54a07ca60f115f0507dccbe37bfe98a\" data-last-update=\"1.4\"><strong>Toolset Types<\/strong><\/h4>\n<\/div>\n\n\n\n<div class=\"wp-block-toolset-blocks-grid-column tb-grid-column tb-grid-align-top\" data-toolset-blocks-grid-column=\"4817480f82eda23a3b970acc09f9cc41\"><div class=\"wp-block-image\">\n<figure class=\" tb-image tb-image-media tb-image-frame-none aligncenter\" data-toolset-blocks-image=\"38966d17a622f9193fa9fd0303b355cb\"><img decoding=\"async\" loading=\"lazy\" src=\"https:\/\/toolset.com\/wp-content\/uploads\/2020\/05\/toolset-cred-logo.svg\" alt=\"\" class=\"wp-image-1643383\"\/><\/figure>\n<\/div>\n\n\n<h4 class=\"tb-heading\" data-toolset-blocks-heading=\"b54a07ca60f115f0507dccbe37bfe98a\" data-last-update=\"1.4\"><strong>Toolset Forms<\/strong><\/h4>\n<\/div>\n\n\n\n<div class=\"wp-block-toolset-blocks-grid-column tb-grid-column tb-grid-align-top\" data-toolset-blocks-grid-column=\"581edc3595a30a9410374ca535fa3fd8\"><div class=\"wp-block-image\">\n<figure class=\" tb-image tb-image-media tb-image-frame-none aligncenter\" data-toolset-blocks-image=\"af1edcb36017783ffde80588a873a316\"><img decoding=\"async\" loading=\"lazy\" src=\"https:\/\/toolset.com\/wp-content\/uploads\/2020\/05\/toolset-maps-logo.svg\" alt=\"\" class=\"wp-image-1643657\"\/><\/figure>\n<\/div>\n\n\n<h4 class=\"tb-heading\" data-toolset-blocks-heading=\"b54a07ca60f115f0507dccbe37bfe98a\" data-last-update=\"1.4\"><strong>Toolset Maps<\/strong><\/h4>\n<\/div>\n\n\n\n<div class=\"wp-block-toolset-blocks-grid-column tb-grid-column tb-grid-align-top\" data-toolset-blocks-grid-column=\"b8e6ea97b85d8a3db8cd97ef88f4ca4d\"><div class=\"wp-block-image\">\n<figure class=\" tb-image tb-image-media tb-image-frame-none aligncenter\" data-toolset-blocks-image=\"9d15b33c7d4035f0e9f62d3a33344a1a\"><img decoding=\"async\" loading=\"lazy\" src=\"https:\/\/toolset.com\/wp-content\/uploads\/2020\/05\/toolset-access-logo.svg\" alt=\"\" class=\"wp-image-1643591\"\/><\/figure>\n<\/div>\n\n\n<h4 class=\"tb-heading\" data-toolset-blocks-heading=\"b54a07ca60f115f0507dccbe37bfe98a\" data-last-update=\"1.4\"><strong>Toolset Access<\/strong><\/h4>\n<\/div>\n<\/div>\n\n\n\n<div class=\"wp-block-toolset-blocks-container tb-container\" data-toolset-blocks-container=\"cc0183e5d4659a649bdaa596bde47d8c\">\n<h2 class=\"tb-heading has-text-color\" data-toolset-blocks-heading=\"a09f29efa920e57a37ff5cd8e27f0922\" data-last-update=\"1.4\">\u00bfListo para unirse?<\/h2>\n\n\n\n<div class=\"tb-button\" data-toolset-blocks-button=\"3b0b5f4d32c40f96f633984be433a8cb\"><a class=\"tb-button__link\" href=\"https:\/\/toolset.com\/buy\/\"><span class=\"tb-button__content\">Descargue Toolset<\/span><i class=\"tb-button__icon\"><\/i><\/a><\/div>\n\n\n\n<div class=\"tb-fields-and-text\" data-toolset-blocks-fields-and-text=\"b0e45c64aca5bde607e9632d96b10646\"><p style=\"text-align: center;\"><span style=\"font-weight: 400;\">Todo incluido, desde <\/span>\u20ac<span style=\"font-weight: 400;\">69<\/span><\/p><\/div>\n<\/div>\n\n\n\n<p><\/p>\n<\/div><\/div>\n","protected":false},"excerpt":{"rendered":"","protected":false},"author":53452,"featured_media":0,"parent":1396483,"menu_order":0,"comment_status":"closed","ping_status":"closed","template":"template-page-no-title.php","meta":{"_bbp_topic_count":0,"_bbp_reply_count":0,"_bbp_total_topic_count":0,"_bbp_total_reply_count":0,"_bbp_voice_count":0,"_bbp_anonymous_reply_count":0,"_bbp_topic_count_hidden":0,"_bbp_reply_count_hidden":0,"_bbp_forum_subforum_count":0,"ep_exclude_from_search":false,"footnotes":""},"documentation-category":[],"class_list":["post-2019449","page","type-page","status-publish","hentry"],"_links":{"self":[{"href":"https:\/\/toolset.com\/es\/wp-json\/wp\/v2\/pages\/2019449","targetHints":{"allow":["GET"]}}],"collection":[{"href":"https:\/\/toolset.com\/es\/wp-json\/wp\/v2\/pages"}],"about":[{"href":"https:\/\/toolset.com\/es\/wp-json\/wp\/v2\/types\/page"}],"author":[{"embeddable":true,"href":"https:\/\/toolset.com\/es\/wp-json\/wp\/v2\/users\/53452"}],"replies":[{"embeddable":true,"href":"https:\/\/toolset.com\/es\/wp-json\/wp\/v2\/comments?post=2019449"}],"version-history":[{"count":4,"href":"https:\/\/toolset.com\/es\/wp-json\/wp\/v2\/pages\/2019449\/revisions"}],"predecessor-version":[{"id":2638339,"href":"https:\/\/toolset.com\/es\/wp-json\/wp\/v2\/pages\/2019449\/revisions\/2638339"}],"up":[{"embeddable":true,"href":"https:\/\/toolset.com\/es\/wp-json\/wp\/v2\/pages\/1396483"}],"wp:attachment":[{"href":"https:\/\/toolset.com\/es\/wp-json\/wp\/v2\/media?parent=2019449"}],"wp:term":[{"taxonomy":"documentation-category","embeddable":true,"href":"https:\/\/toolset.com\/es\/wp-json\/wp\/v2\/documentation-category?post=2019449"}],"curies":[{"name":"wp","href":"https:\/\/api.w.org\/{rel}","templated":true}]}}