{"id":1396483,"date":"2019-12-02T14:41:53","date_gmt":"2019-12-02T14:41:53","guid":{"rendered":"https:\/\/toolset.com\/?page_id=1396483"},"modified":"2023-08-25T07:40:54","modified_gmt":"2023-08-25T07:40:54","slug":"nueva-pagina-de-inicio","status":"publish","type":"page","link":"https:\/\/toolset.com\/es\/","title":{"rendered":"Inicio"},"content":{"rendered":"\n<div class=\"wp-block-toolset-blocks-container tb-container alignfull\" data-toolset-blocks-container=\"86600d0e6e04cb4a00e9186275e06017\">\n<div class=\"wp-block-toolset-blocks-container tb-container\" data-toolset-blocks-container=\"49a1e7aa50c59170ca828e6cfdf9f416\"><div class=\"tb-container-inner\">\n<div class=\"wp-block-toolset-blocks-container tb-container\" data-toolset-blocks-container=\"149ba01811abd123b8891c234cd57f41\"><div class=\"tb-container-inner\">\n<h1 class=\"tb-heading has-text-color\" data-toolset-blocks-heading=\"17a0c9b9f9a5cedd081151a61f029298\" data-last-update=\"1.4\">Toolset ayuda a los profesionales de WordPress a crear sitios web avanzados sin programar<\/h1>\n<\/div><\/div>\n\n\n\n<div class=\"wp-block-toolset-blocks-grid tb-grid\" data-toolset-blocks-grid=\"1f5293a84b4a6c3a942dc7f5c120581d\">\n<div class=\"wp-block-toolset-blocks-grid-column tb-grid-column tb-grid-align-top\" data-toolset-blocks-grid-column=\"3034fbe886c11054e95b46b09d3e4112\">\n<div class=\"tb-button\" data-toolset-blocks-button=\"106f96bf0b415d33e0b32d9c8f50922d\"><a class=\"tb-button__link\" href=\"https:\/\/toolset.com\/buy\/\"><i class=\"tb-button__icon\"><\/i><span class=\"tb-button__content\"><strong>Comprar ahora<\/strong> | desde &euro;69<\/span><\/a><\/div>\n<\/div>\n\n\n\n<div class=\"wp-block-toolset-blocks-grid-column tb-grid-column tb-grid-align-top\" data-toolset-blocks-grid-column=\"3034fbe886c11054e95b46b09d3e4112\">\n<div class=\"tb-button\" data-toolset-blocks-button=\"4f9ebb7f099a72e99b2ecdabcd444a9e\"><a class=\"tb-button__link\" href=\"https:\/\/toolset.com\/home\/how-youll-build-sites-with-toolset\/\"><span class=\"tb-button__content\">\u00bfC\u00f3mo usar\u00e1 Toolset?<\/span><i class=\"tb-button__icon\"><\/i><\/a><\/div>\n<\/div>\n<\/div>\n\n\n\n<div class=\"tb-fields-and-text hero-process\" data-toolset-blocks-fields-and-text=\"0acb027b72194c4142c01842f6d064b5\"><p style=\"text-align: center;\"><img decoding=\"async\" class=\"alignnone size-full\" src=\"https:\/\/toolset.com\/wp-content\/uploads\/2020\/04\/icon-check.png\" width=\"20\" height=\"16\"\/> Funciona con <span>WordPress <\/span><strong>5.0 \u2013<\/strong><span><strong>6.9.4<\/strong><\/span> y con cualquier tema.<\/p><\/div>\n\n\n\n<div class=\"tb-fields-and-text\" data-toolset-blocks-fields-and-text=\"da1a7688bf83a58af8ae686b6acc47dd\"><p style=\"text-align: center;\">\n  <video id=\"main-video\" autoplay=\"\" muted=\"\" loop=\"\" playsinline=\"\">\n    <source src=\"https:\/\/toolset.com\/wp-content\/uploads\/videos\/homepage_6_toolset_homepage_autoplay_video.mp4\" type=\"video\/mp4\">\n  <\/source><\/video>\n<\/p><\/div>\n\n\n\n<div class=\"wp-block-toolset-blocks-grid tb-grid\" data-toolset-blocks-grid=\"ee76466cd915726aa7f1f3d1939049b8\">\n<div class=\"wp-block-toolset-blocks-grid-column tb-grid-column tb-align-top\" data-toolset-blocks-grid-column=\"4de3dabc05ea41267e3f2a40f667ffc3\">\n<div class=\"wp-block-toolset-blocks-container tb-container\" data-toolset-blocks-container=\"a784e7683849064e721dd18de03b2dc4\">\n<h3 class=\"tb-heading has-text-color\" data-toolset-blocks-heading=\"121ffb67d15345b80f46367a2f59284b\" data-last-update=\"1.4\">Concrete sus ideas<\/h3>\n\n\n\n<div class=\"tb-fields-and-text\" data-toolset-blocks-fields-and-text=\"0545e5ab4a93c0e7c033edbbccbcdb53\"><p>Sin necesidad de crear temas subordinados ni escribir PHP. Toolset le permite dise\u00f1ar desde dentro de WordPress.<\/p><\/div>\n<\/div>\n<\/div>\n\n\n\n<div class=\"wp-block-toolset-blocks-grid-column tb-grid-column tb-grid-align-top tb-align-top\" data-toolset-blocks-grid-column=\"639ec54fd0e407d46858c9bae9aba05f\">\n<div class=\"wp-block-toolset-blocks-container tb-container\" data-toolset-blocks-container=\"a784e7683849064e721dd18de03b2dc4\">\n<h3 class=\"tb-heading has-text-color\" data-toolset-blocks-heading=\"0d77cbe6a5c787bdb56c195c6f33551b\" data-last-update=\"1.4\">A la manera de WordPress<\/h3>\n\n\n\n<div class=\"tb-fields-and-text\" data-toolset-blocks-fields-and-text=\"0545e5ab4a93c0e7c033edbbccbcdb53\"><p>Toolset usa el Editor de bloques de WordPress para crear sitios enriquecidos que se vean fant\u00e1sticos en cualquier dispositivo y se carguen r\u00e1pidamente.<\/p><\/div>\n<\/div>\n<\/div>\n\n\n\n<div class=\"wp-block-toolset-blocks-grid-column tb-grid-column tb-grid-align-top tb-align-top\" data-toolset-blocks-grid-column=\"639ec54fd0e407d46858c9bae9aba05f\">\n<div class=\"wp-block-toolset-blocks-container tb-container\" data-toolset-blocks-container=\"957e900e0a2e22cdb0d703fcebcdac13\">\n<h3 class=\"tb-heading has-text-color\" data-toolset-blocks-heading=\"0d77cbe6a5c787bdb56c195c6f33551b\" data-last-update=\"1.4\">Todo con Toolset<\/h3>\n\n\n\n<div class=\"tb-fields-and-text\" data-toolset-blocks-fields-and-text=\"0545e5ab4a93c0e7c033edbbccbcdb53\"><p>\u00a1El <a class=\"white-link\" href=\"https:\/\/toolset.com\/es\/nueva-pagina-de-inicio\/componentes-de-toolset-2\/\">paquete de Toolset<\/a> incluye todo lo que necesita para tipos de entradas personalizados, campos personalizados, plantillas, b\u00fasquedas, formularios, mapas, control de acceso y m\u00e1s!<\/p><\/div>\n<\/div>\n<\/div>\n<\/div>\n<\/div><\/div>\n<\/div>\n\n<div class=\"wp-block-toolset-blocks-container tb-container alignfull\" data-toolset-blocks-container=\"c75153faf0bb498f4e161edaf2c83ff7\"><div class=\"tb-container-inner\"><div class=\"wp-block-image\">\n<figure class=\" tb-image tb-image-media tb-image-frame-none text-center aligncenter\" data-toolset-blocks-image=\"d1e280dfab51ab03222e7e879c251849\"><img decoding=\"async\" width=\"32\" height=\"44\" loading=\"lazy\" src=\"https:\/\/toolset.com\/wp-content\/uploads\/2019\/11\/lightning.svg\" alt=\"\" class=\"wp-image-1395667\"\/><\/figure>\n<\/div>\n\n\n<h2 class=\"tb-heading\" data-toolset-blocks-heading=\"ab0bd730a6e1950fe058a71d2b8c9612\" data-last-update=\"1.4\"> La manera m\u00e1s r\u00e1pida de crear sitios web de WordPress avanzados<\/h2>\n\n\n\n<div class=\"wp-block-toolset-blocks-grid tb-grid\" data-toolset-blocks-grid=\"dac8f7c75616ee950b26f8bb333c0530\">\n<div class=\"wp-block-toolset-blocks-grid-column tb-grid-column tb-grid-align-top\" data-toolset-blocks-grid-column=\"3034fbe886c11054e95b46b09d3e4112\"><div class=\"wp-block-image\">\n<figure class=\" tb-image tb-image-media tb-image-frame-none aligncenter\" data-toolset-blocks-image=\"f17df7a11d51b9fdc826f2293f3ab3ed\"><img decoding=\"async\" width=\"934\" height=\"793\" loading=\"lazy\" src=\"https:\/\/toolset.com\/wp-content\/uploads\/2021\/01\/custom-post-type-3.png\" alt=\"\" class=\"wp-image-1920661\" srcset=\"https:\/\/toolset.com\/wp-content\/uploads\/2021\/01\/custom-post-type-3.png 934w, https:\/\/toolset.com\/wp-content\/uploads\/2021\/01\/custom-post-type-3-300x255.png 300w, https:\/\/toolset.com\/wp-content\/uploads\/2021\/01\/custom-post-type-3-150x127.png 150w, https:\/\/toolset.com\/wp-content\/uploads\/2021\/01\/custom-post-type-3-768x652.png 768w, https:\/\/toolset.com\/wp-content\/uploads\/2021\/01\/custom-post-type-3-612x520.png 612w\" sizes=\"auto, (max-width: 934px) 100vw, 934px\" \/><\/figure>\n<\/div><\/div>\n\n\n\n<div class=\"wp-block-toolset-blocks-grid-column tb-grid-column tb-grid-align-center\" data-toolset-blocks-grid-column=\"f586ff7bfe1d7317c63162ec7b7039ed\">\n<h3 class=\"tb-heading\" data-toolset-blocks-heading=\"abf30188e0f1bafa606181b5c752c90b\" data-last-update=\"1.4\">Tipos de entrada, campos y taxonom\u00edas personalizados <\/h3>\n\n\n\n<div class=\"tb-fields-and-text\" data-toolset-blocks-fields-and-text=\"2f841c2c2bad175e1d0233a813da03e2\"><p><span>R\u00e1pidamentecree<\/span> <a href=\"https:\/\/toolset.com\/course-lesson\/creating-a-custom-post-type\/\" rel=\"noopener noreferrer\">tipos personalizados<\/a> <span>, <a href=\"https:\/\/toolset.com\/course-lesson\/creating-custom-fields\/\">campos personalizados<\/a>,<\/span> <a href=\"https:\/\/toolset.com\/course-lesson\/creating-a-custom-taxonomy\/\">taxonom\u00eda personalizada<\/a><span>y hasta<\/span> <a href=\"https:\/\/toolset.com\/course-lesson\/what-are-post-relationships-and-how-they-work\/\">relaciones de entradas<\/a><span>.<\/span><\/p><\/div>\n<\/div>\n<\/div>\n\n\n\n<div class=\"wp-block-toolset-blocks-grid tb-grid\" data-toolset-blocks-grid=\"4324ac707ec99f5c2afbdbab297dd18d\">\n<div class=\"wp-block-toolset-blocks-grid-column tb-grid-column tb-grid-align-center\" data-toolset-blocks-grid-column=\"f586ff7bfe1d7317c63162ec7b7039ed\">\n<h3 class=\"tb-heading\" data-toolset-blocks-heading=\"e89b402ef0a06b920d04e1d67b1f881c\" data-last-update=\"1.4\">Plantillas y archivos <\/h3>\n\n\n\n<div class=\"tb-fields-and-text\" data-toolset-blocks-fields-and-text=\"2f841c2c2bad175e1d0233a813da03e2\"><p><span><a href=\"https:\/\/toolset.com\/course-lesson\/creating-templates-to-display-custom-posts\/\">Cree plantillas<\/a>, <a href=\"https:\/\/toolset.com\/course-lesson\/creating-a-custom-archive-page\/\">archivos personalizados<\/a> y listas con Block Editor de WordPress.<\/span><span> <\/span><\/p><\/div>\n<\/div>\n\n\n\n<div class=\"wp-block-toolset-blocks-grid-column tb-grid-column tb-grid-align-top\" data-toolset-blocks-grid-column=\"3034fbe886c11054e95b46b09d3e4112\"><div class=\"wp-block-image\">\n<figure class=\" tb-image tb-image-media tb-image-frame-none aligncenter\" data-toolset-blocks-image=\"0437dc6790647de9e2aaa778dad156c1\"><img decoding=\"async\" width=\"522\" height=\"500\" loading=\"lazy\" src=\"https:\/\/toolset.com\/wp-content\/uploads\/2021\/01\/archive-3.png\" alt=\"\" class=\"wp-image-1923501\" srcset=\"https:\/\/toolset.com\/wp-content\/uploads\/2021\/01\/archive-3.png 522w, https:\/\/toolset.com\/wp-content\/uploads\/2021\/01\/archive-3-300x287.png 300w, https:\/\/toolset.com\/wp-content\/uploads\/2021\/01\/archive-3-150x144.png 150w\" sizes=\"auto, (max-width: 522px) 100vw, 522px\" \/><\/figure>\n<\/div><\/div>\n<\/div>\n\n\n\n<div class=\"wp-block-toolset-blocks-grid tb-grid\" data-toolset-blocks-grid=\"d2da18711003303c6938c3d14fe7df50\">\n<div class=\"wp-block-toolset-blocks-grid-column tb-grid-column tb-grid-align-top\" data-toolset-blocks-grid-column=\"3034fbe886c11054e95b46b09d3e4112\"><div class=\"wp-block-image\">\n<figure class=\" tb-image tb-image-media tb-image-frame-none aligncenter\" data-toolset-blocks-image=\"02f95d4bd2f6d21a9e29e10747c38e60\"><img decoding=\"async\" width=\"934\" height=\"793\" loading=\"lazy\" src=\"https:\/\/toolset.com\/wp-content\/uploads\/2021\/01\/grid.png\" alt=\"\" class=\"wp-image-1922055\" srcset=\"https:\/\/toolset.com\/wp-content\/uploads\/2021\/01\/grid.png 934w, https:\/\/toolset.com\/wp-content\/uploads\/2021\/01\/grid-300x255.png 300w, https:\/\/toolset.com\/wp-content\/uploads\/2021\/01\/grid-150x127.png 150w, https:\/\/toolset.com\/wp-content\/uploads\/2021\/01\/grid-768x652.png 768w, https:\/\/toolset.com\/wp-content\/uploads\/2021\/01\/grid-612x520.png 612w\" sizes=\"auto, (max-width: 934px) 100vw, 934px\" \/><\/figure>\n<\/div><\/div>\n\n\n\n<div class=\"wp-block-toolset-blocks-grid-column tb-grid-column tb-grid-align-center\" data-toolset-blocks-grid-column=\"f586ff7bfe1d7317c63162ec7b7039ed\">\n<h3 class=\"tb-heading\" data-toolset-blocks-heading=\"e89b402ef0a06b920d04e1d67b1f881c\" data-last-update=\"1.4\">Cuadr\u00edculas, tablas y listas personalizadas<\/h3>\n\n\n\n<div class=\"tb-fields-and-text\" data-toolset-blocks-fields-and-text=\"2f841c2c2bad175e1d0233a813da03e2\"><p><span>Elija exactamente qu\u00e9 contenido mostrar y c\u00f3mo presentarlo. Use caracter\u00edsticas muy \u00fatiles, como la paginaci\u00f3n y AJAX para crear cualquier clase de lista.<\/span><\/p><\/div>\n<\/div>\n<\/div>\n<\/div><\/div>\n\n<div class=\"wp-block-toolset-blocks-container tb-container alignfull\" data-toolset-blocks-container=\"0bb6aa81a3f831c5fce23a70377c0d59\"><div class=\"tb-container-inner\">\n<div class=\"wp-block-toolset-blocks-container tb-container\" data-toolset-blocks-container=\"149ba01811abd123b8891c234cd57f41\"><div class=\"tb-container-inner\">\n<h2 class=\"tb-heading has-text-color\" data-toolset-blocks-heading=\"b189798b4c4b263d142b6ed12ac6af9e\" data-last-update=\"1.4\">Cree sitios personalizados de directorio, comercio electr\u00f3nico, bienes ra\u00edces y membrec\u00eda<\/h2>\n<\/div><\/div>\n\n\n\n<div class=\"wp-block-toolset-blocks-grid tb-grid\" data-toolset-blocks-grid=\"bf2ca3060df95664c6532e31919e092d\">\n<div class=\"wp-block-toolset-blocks-grid-column tb-grid-column tb-grid-align-top tb-align-top\" data-toolset-blocks-grid-column=\"639ec54fd0e407d46858c9bae9aba05f\"><div class=\"wp-block-image\">\n<figure class=\" tb-image tb-image-media tb-image-frame-none aligncenter\" data-toolset-blocks-image=\"256fa1953c6d82a889bebaf6ab9ad704\"><img decoding=\"async\" width=\"400\" height=\"292\" loading=\"lazy\" src=\"https:\/\/toolset.com\/wp-content\/uploads\/2021\/01\/form.png\" alt=\"\" class=\"wp-image-1923875\" srcset=\"https:\/\/toolset.com\/wp-content\/uploads\/2021\/01\/form.png 400w, https:\/\/toolset.com\/wp-content\/uploads\/2021\/01\/form-300x219.png 300w, https:\/\/toolset.com\/wp-content\/uploads\/2021\/01\/form-150x110.png 150w\" sizes=\"auto, (max-width: 400px) 100vw, 400px\" \/><\/figure>\n<\/div><\/div>\n\n\n\n<div class=\"wp-block-toolset-blocks-grid-column tb-grid-column tb-grid-align-top tb-align-top\" data-toolset-blocks-grid-column=\"639ec54fd0e407d46858c9bae9aba05f\">\n<div class=\"wp-block-toolset-blocks-container tb-container\" data-toolset-blocks-container=\"28c26c7ff4efee6210b05e71cb4d8bb2\"><div class=\"tb-container-inner\">\n<h3 class=\"tb-heading has-text-color\" data-toolset-blocks-heading=\"9823f2410b4f829cc81f8e1c8578bd65\" data-last-update=\"1.4\">Formularios para env\u00edo y edici\u00f3n de contenido<\/h3>\n\n\n\n<div class=\"tb-fields-and-text\" data-toolset-blocks-fields-and-text=\"2f841c2c2bad175e1d0233a813da03e2\"><p><span>Los formularios y el control de acceso de Toolset permiten crear sitios de listas y directorios completos.<\/span><\/p><\/div>\n<\/div><\/div>\n<\/div>\n<\/div>\n\n\n\n<div class=\"wp-block-toolset-blocks-grid tb-grid\" data-toolset-blocks-grid=\"2e02f6633a320170fdb25ecb17f04a75\">\n<div class=\"wp-block-toolset-blocks-grid-column tb-grid-column tb-grid-align-top tb-align-top\" data-toolset-blocks-grid-column=\"639ec54fd0e407d46858c9bae9aba05f\">\n<div class=\"wp-block-toolset-blocks-container tb-container\" data-toolset-blocks-container=\"09ff5cb3bc09fb280663ffd886256a21\"><div class=\"tb-container-inner\">\n<h3 class=\"tb-heading has-text-color\" data-toolset-blocks-heading=\"0e7c782b4b068722638331249c4a33a8\" data-last-update=\"1.4\">B\u00fasquedas personalizadas <\/h3>\n\n\n\n<div class=\"tb-fields-and-text\" data-toolset-blocks-fields-and-text=\"2f841c2c2bad175e1d0233a813da03e2\"><p><span>Toolset permite generar las <a href=\"https:\/\/toolset.com\/course-lesson\/creating-a-custom-search\/\">b\u00fasquedas personalizadas<\/a> m\u00e1s potentes con solo unos clics.<\/span><\/p><\/div>\n<\/div><\/div>\n<\/div>\n\n\n\n<div class=\"wp-block-toolset-blocks-grid-column tb-grid-column tb-grid-align-top tb-align-top\" data-toolset-blocks-grid-column=\"639ec54fd0e407d46858c9bae9aba05f\"><div class=\"wp-block-image\">\n<figure class=\" tb-image tb-image-media tb-image-frame-none aligncenter\" data-toolset-blocks-image=\"714b65a064011d810440eb6b7cbab7e8\"><img decoding=\"async\" width=\"400\" height=\"292\" loading=\"lazy\" src=\"https:\/\/toolset.com\/wp-content\/uploads\/2021\/01\/search-2.png\" alt=\"\" class=\"wp-image-1923887\" srcset=\"https:\/\/toolset.com\/wp-content\/uploads\/2021\/01\/search-2.png 400w, https:\/\/toolset.com\/wp-content\/uploads\/2021\/01\/search-2-300x219.png 300w, https:\/\/toolset.com\/wp-content\/uploads\/2021\/01\/search-2-150x110.png 150w\" sizes=\"auto, (max-width: 400px) 100vw, 400px\" \/><\/figure>\n<\/div><\/div>\n<\/div>\n\n\n\n<div class=\"wp-block-toolset-blocks-grid tb-grid\" data-toolset-blocks-grid=\"0c24eaac3c56a60c04ef96b24c5ad0fe\">\n<div class=\"wp-block-toolset-blocks-grid-column tb-grid-column tb-grid-align-top tb-align-top\" data-toolset-blocks-grid-column=\"639ec54fd0e407d46858c9bae9aba05f\"><div class=\"wp-block-image\">\n<figure class=\" tb-image tb-image-media tb-image-frame-none aligncenter\" data-toolset-blocks-image=\"19bcba52ffadc688951349271288c602\"><img decoding=\"async\" width=\"400\" height=\"292\" loading=\"lazy\" src=\"https:\/\/toolset.com\/wp-content\/uploads\/2021\/01\/map1.png\" alt=\"\" class=\"wp-image-1923719\" srcset=\"https:\/\/toolset.com\/wp-content\/uploads\/2021\/01\/map1.png 400w, https:\/\/toolset.com\/wp-content\/uploads\/2021\/01\/map1-300x219.png 300w, https:\/\/toolset.com\/wp-content\/uploads\/2021\/01\/map1-150x110.png 150w\" sizes=\"auto, (max-width: 400px) 100vw, 400px\" \/><\/figure>\n<\/div><\/div>\n\n\n\n<div class=\"wp-block-toolset-blocks-grid-column tb-grid-column tb-grid-align-top tb-align-top\" data-toolset-blocks-grid-column=\"639ec54fd0e407d46858c9bae9aba05f\">\n<div class=\"wp-block-toolset-blocks-container tb-container\" data-toolset-blocks-container=\"c8d22287c23e2031e9b5792a18364f6a\"><div class=\"tb-container-inner\">\n<h3 class=\"tb-heading has-text-color\" data-toolset-blocks-heading=\"0e7c782b4b068722638331249c4a33a8\" data-last-update=\"1.4\">Contenido en Maps <\/h3>\n\n\n\n<div class=\"tb-fields-and-text\" data-toolset-blocks-fields-and-text=\"2f841c2c2bad175e1d0233a813da03e2\"><p><span>F\u00e1cilmente, cree sitios de directorios y listas que <a href=\"https:\/\/toolset.com\/course-lesson\/displaying-a-list-of-posts-on-a-map\/\">muestran los resultados en Maps de Google y Azure<\/a>.<\/span><\/p><\/div>\n<\/div><\/div>\n<\/div>\n<\/div>\n<\/div><\/div>\n\n<div class=\"wp-block-toolset-blocks-container tb-container alignfull\" data-toolset-blocks-container=\"e9d95a1e801c5e04f3d05d6660501ab1\"><div class=\"tb-container-inner\">\n<div class=\"wp-block-toolset-blocks-grid tb-grid\" data-toolset-blocks-grid=\"ab09f7c5ffd22cac5063d15ed1c9bc82\">\n<div class=\"wp-block-toolset-blocks-grid-column tb-grid-column tb-grid-align-top\" data-toolset-blocks-grid-column=\"3034fbe886c11054e95b46b09d3e4112\">\n<div class=\"wp-block-toolset-blocks-container tb-container\" data-toolset-blocks-container=\"a5e2d018af0309536adc77246f78cdc5\">\n<figure class=\"wp-block-image tb-image tb-image-media tb-image-frame-none img-55\" data-toolset-blocks-image=\"783daaa62372117416b283b87c9ba14c\"><img decoding=\"async\" width=\"341\" height=\"110\" loading=\"lazy\" src=\"https:\/\/toolset.com\/wp-content\/uploads\/2021\/01\/wpml-full-grey.png\" alt=\"\" class=\"wp-image-1919193\" srcset=\"https:\/\/toolset.com\/wp-content\/uploads\/2021\/01\/wpml-full-grey.png 341w, https:\/\/toolset.com\/wp-content\/uploads\/2021\/01\/wpml-full-grey-300x97.png 300w, https:\/\/toolset.com\/wp-content\/uploads\/2021\/01\/wpml-full-grey-150x48.png 150w\" sizes=\"auto, (max-width: 341px) 100vw, 341px\" \/><\/figure>\n\n\n\n<h3 class=\"tb-heading\" data-toolset-blocks-heading=\"31e7d46616b7abab447d31d4d3bba0cd\" data-last-update=\"1.4\">Fant\u00e1sticos para sitios web multiling\u00fces<\/h3>\n\n\n\n<div class=\"tb-fields-and-text\" data-toolset-blocks-fields-and-text=\"bf940b7e4b9c86b12ba3d870bc2626c8\"><p style=\"text-align: left;\"><span style=\"font-weight: 400;\">Toolset naci\u00f3 en <a href=\"https:\/\/www.onthegosystems.com\/\" target=\"_blank\" rel=\"noopener noreferrer\">OnTheGoSystems<\/a>, la misma compa\u00f1\u00eda que desarrolla el <a href=\"https:\/\/wpml.org\/\" target=\"_blank\" rel=\"noopener noreferrer\">plugin WPML<\/a>. Con Toolset, usted puede crear sitios multiling\u00fces f\u00e1cilmente.<\/span><span> <\/span><\/p><\/div>\n<\/div>\n<\/div>\n\n\n\n<div class=\"wp-block-toolset-blocks-grid-column tb-grid-column tb-grid-align-top\" data-toolset-blocks-grid-column=\"3034fbe886c11054e95b46b09d3e4112\">\n<div class=\"wp-block-toolset-blocks-container tb-container\" data-toolset-blocks-container=\"a5e2d018af0309536adc77246f78cdc5\">\n<figure class=\"wp-block-image tb-image tb-image-media tb-image-frame-none img-55\" data-toolset-blocks-image=\"c2f8982701d5080bc3d00a9343c6cd54\"><img decoding=\"async\" width=\"961\" height=\"210\" loading=\"lazy\" src=\"https:\/\/toolset.com\/wp-content\/uploads\/2021\/01\/support-team-4.png\" alt=\"\" class=\"wp-image-1920431\" srcset=\"https:\/\/toolset.com\/wp-content\/uploads\/2021\/01\/support-team-4.png 961w, https:\/\/toolset.com\/wp-content\/uploads\/2021\/01\/support-team-4-300x66.png 300w, https:\/\/toolset.com\/wp-content\/uploads\/2021\/01\/support-team-4-150x33.png 150w, https:\/\/toolset.com\/wp-content\/uploads\/2021\/01\/support-team-4-768x168.png 768w, https:\/\/toolset.com\/wp-content\/uploads\/2021\/01\/support-team-4-805x176.png 805w\" sizes=\"auto, (max-width: 961px) 100vw, 961px\" \/><\/figure>\n\n\n\n<h3 class=\"tb-heading\" data-toolset-blocks-heading=\"a000fad3172c0b9371d420b52a9bbef6\" data-last-update=\"1.4\">Soporte dedicado<\/h3>\n\n\n\n<div class=\"tb-fields-and-text\" data-toolset-blocks-fields-and-text=\"bf940b7e4b9c86b12ba3d870bc2626c8\"><p style=\"text-align: left;\">Nuestro soporte tiene un solo objetivo en mente: ayudarle a entregar proyectos completos. Ofrecemos asistencia de expertos <strong>6 d\u00edas<\/strong> a la semana, <strong>19 horas<\/strong> por d\u00eda, en <strong>4 idiomas<\/strong>.<\/p><\/div>\n<\/div>\n<\/div>\n<\/div>\n\n\n\n<p><\/p>\n<\/div><\/div>\n\n<div class=\"wp-block-toolset-blocks-container tb-container alignfull\" data-toolset-blocks-container=\"d7379d8f5c0b89d99b4c6b29bdea5c1d\">\n<div class=\"wp-block-toolset-blocks-container tb-container alignfull\" data-toolset-blocks-container=\"4189c4800d0230a66d578bb99e0f040d\"><div class=\"tb-container-inner\">\n<h3 class=\"tb-heading has-text-color\" data-toolset-blocks-heading=\"76ca46fc24fd03565c117b1b8e69907f\" data-last-update=\"1.4\">M\u00e1s de 30 000 clientes ya han creado m\u00e1s de 120 000 sitios con Toolset<\/h3>\n\n\n\n<h2 class=\"tb-heading has-text-color\" data-toolset-blocks-heading=\"f7a1d8ecab57dc3c5de859a9b8e8389a\" data-last-update=\"1.4\">\u00bfEst\u00e1 listo para unirse?<\/h2>\n\n\n\n<div class=\"wp-block-toolset-blocks-grid tb-grid\" data-toolset-blocks-grid=\"7b2fe353701ffd7423efa5296eec5ae3\">\n<div class=\"wp-block-toolset-blocks-grid-column tb-grid-column tb-grid-align-top\" data-toolset-blocks-grid-column=\"3034fbe886c11054e95b46b09d3e4112\">\n<div class=\"tb-button\" data-toolset-blocks-button=\"dae03a5601ee0d4e28cbbcdfc828fdd7\"><a class=\"tb-button__link\" href=\"https:\/\/toolset.com\/buy\/\"><i class=\"tb-button__icon\"><\/i><span class=\"tb-button__content\"><strong>Comprar ahora<\/strong><\/span><\/a><\/div>\n<\/div>\n\n\n\n<div class=\"wp-block-toolset-blocks-grid-column tb-grid-column tb-grid-align-top\" data-toolset-blocks-grid-column=\"3034fbe886c11054e95b46b09d3e4112\">\n<div class=\"tb-button\" data-toolset-blocks-button=\"4f9ebb7f099a72e99b2ecdabcd444a9e\"><a class=\"tb-button__link\" href=\"https:\/\/toolset.com\/home\/how-youll-build-sites-with-toolset\/\"><span class=\"tb-button__content\">\u00bfC\u00f3mo usar\u00e1 Toolset?<\/span><i class=\"tb-button__icon\"><\/i><\/a><\/div>\n<\/div>\n<\/div>\n\n\n\n<div class=\"tb-fields-and-text hero-process\" data-toolset-blocks-fields-and-text=\"61b0cb8ae26cf15df3f16bba5dc80be3\"><p style=\"text-align: center;\"><img decoding=\"async\" class=\"wp-image-1905159 alignnone\" src=\"https:\/\/toolset.com\/wp-content\/uploads\/2021\/01\/shield-green-1.png\" alt=\"\" width=\"21\" height=\"27\"\/>    <span style=\"background-color: rgba(237, 122, 64, 0);\">Garantizamos su satisfacci\u00f3n con una <strong>pol\u00edtica de reintegro &#8220;sin preguntas&#8221; de 30 d\u00edas<\/strong>.<\/span><span style=\"background-color: rgba(237, 122, 64, 0);\"> <\/span><\/p><\/div>\n<\/div><\/div>\n<\/div>\n","protected":false},"excerpt":{"rendered":"","protected":false},"author":53452,"featured_media":0,"parent":0,"menu_order":0,"comment_status":"closed","ping_status":"closed","template":"","meta":{"_bbp_topic_count":0,"_bbp_reply_count":0,"_bbp_total_topic_count":0,"_bbp_total_reply_count":0,"_bbp_voice_count":0,"_bbp_anonymous_reply_count":0,"_bbp_topic_count_hidden":0,"_bbp_reply_count_hidden":0,"_bbp_forum_subforum_count":0,"ep_exclude_from_search":false,"footnotes":""},"documentation-category":[],"class_list":["post-1396483","page","type-page","status-publish","hentry"],"_links":{"self":[{"href":"https:\/\/toolset.com\/es\/wp-json\/wp\/v2\/pages\/1396483","targetHints":{"allow":["GET"]}}],"collection":[{"href":"https:\/\/toolset.com\/es\/wp-json\/wp\/v2\/pages"}],"about":[{"href":"https:\/\/toolset.com\/es\/wp-json\/wp\/v2\/types\/page"}],"author":[{"embeddable":true,"href":"https:\/\/toolset.com\/es\/wp-json\/wp\/v2\/users\/53452"}],"replies":[{"embeddable":true,"href":"https:\/\/toolset.com\/es\/wp-json\/wp\/v2\/comments?post=1396483"}],"version-history":[{"count":8,"href":"https:\/\/toolset.com\/es\/wp-json\/wp\/v2\/pages\/1396483\/revisions"}],"predecessor-version":[{"id":2637383,"href":"https:\/\/toolset.com\/es\/wp-json\/wp\/v2\/pages\/1396483\/revisions\/2637383"}],"wp:attachment":[{"href":"https:\/\/toolset.com\/es\/wp-json\/wp\/v2\/media?parent=1396483"}],"wp:term":[{"taxonomy":"documentation-category","embeddable":true,"href":"https:\/\/toolset.com\/es\/wp-json\/wp\/v2\/documentation-category?post=1396483"}],"curies":[{"name":"wp","href":"https:\/\/api.w.org\/{rel}","templated":true}]}}