{"id":117678,"date":"2013-07-25T11:55:52","date_gmt":"2013-07-25T11:55:52","guid":{"rendered":"https:\/\/toolset.com\/inicio\/paseo-por-views\/"},"modified":"2014-10-28T17:54:38","modified_gmt":"2014-10-28T17:54:38","slug":"paseo-por-views","status":"publish","type":"page","link":"https:\/\/toolset.com\/es\/inicio\/paseo-por-views\/","title":{"rendered":"Paseo por Views"},"content":{"rendered":"<div class=\"views-tour\">\n<hgroup style=\"text-align: center; margin: 30px 0 60px 0;\">\n\t<h1 style=\"border-bottom: 1px solid #ededed; padding-bottom: 30px;\">\n Views es una herramienta para desarrollar sitios web que le permite visualizar su contenido WordPress sin tener que programar\n\t<\/h1>\n\t<div class=\"header\">\n\t\t<h2>\n Las posibilidades con <a href=\"https:\/\/toolset.com\/es\/nueva-pagina-de-inicio\/views-cree-formas-elegantes-de-visualizacion-para-su-contenido\/\">Views<\/a> son infinitas. \u00a1Vea algunas de las cosas que Views sabe hacer!\n\t\t<\/h2>\n\t<\/div>\n\n<\/hgroup>\n\n\t<ul class=\"sites-list\">\n\n\t\t<li>\n\t\t\t<div class=\"img-wrap\">\n\t\t\t\t<div class=\"img\">\n\t\t\t\t\t<img decoding=\"async\" src=\"https:\/\/toolset.com\/wp-content\/uploads\/2013\/07\/views-tour-single-pages-back2.jpg\" alt=\"Templates de p\u00e1gina simple - panel administrador\">\n\t\t\t\t<\/div>\n<div class=\"img\">\n\t\t\t\t\t<img decoding=\"async\" src=\"https:\/\/toolset.com\/wp-content\/uploads\/2013\/07\/views-tour-single-pages-front2.jpg\" alt=\"Templates de p\u00e1gina doble - front\">\n\t\t\t\t<\/div>\n\t\t\t<\/div>\n\t\t\t<div class=\"entry\">\n\t\t\t\t<div class=\"entry-inner\">\n\t\t\t\t\t<h3 class=\"entry-title\">\n <a href=\"\/?page_id=5888\">Plantillas de dise\u00f1o para p\u00e1ginas individuales<\/a>\n\t\t\t\t\t<\/h3>\n\t\t\t\t\t<div class=\"entry-content\">\n\t\t\t\t\t\t<p><a href=\"https:\/\/toolset.com\/es\/nueva-pagina-de-inicio\/views-cree-formas-elegantes-de-visualizacion-para-su-contenido\/\">Views<\/a> le permite crear plantillas de p\u00e1gina utilizando el editor de WordPress. Inserte campos est\u00e1ndar, campos y taxonom\u00edas personalizados. Luego aplique estilo, utilizando simplemente HTML y CSS, exactamente igual a como usted escribe el contenido.<\/p>\n\t\t\t\t\t<\/div>\n\t\t\t\t<\/div>\n\t\t\t<\/div>\n\t\t<\/li>\n\n\t\t<li>\n\t\t\t<div class=\"img-wrap\">\n\t\t\t\t<div class=\"img\">\n\t\t\t\t\t<img decoding=\"async\" src=\"https:\/\/toolset.com\/wp-content\/uploads\/2013\/07\/views-tour-layouts-back2.jpg\" alt=\" -  panel administrador\">\n\t\t\t\t<\/div>\n<div class=\"img\">\n\t\t\t\t\t<img decoding=\"async\" src=\"https:\/\/toolset.com\/wp-content\/uploads\/2013\/07\/views-tour-layouts-front2.jpg\" alt=\" - front\">\n\t\t\t\t<\/div>\n\t\t\t<\/div>\n\t\t\t<div class=\"entry\">\n\t\t\t\t<div class=\"entry-inner\">\n\t\t\t\t\t<h3 class=\"entry-title\">\n <a href=\"\/?page_id=5879\">Visualice contenido en grillas y listas<\/a>\n\t\t\t\t\t<\/h3>\n\t\t\t\t\t<div class=\"entry-content\">\n\t\t\t\t\t\t<p>\n <a href=\"https:\/\/toolset.com\/es\/nueva-pagina-de-inicio\/views-cree-formas-elegantes-de-visualizacion-para-su-contenido\/\">Views<\/a> carga el contenido exacto que usted necesita y le permite mostrarlo con su propio dise\u00f1o y layout. Elija el tipo de contenido, a\u00f1ada filtros de datos y p\u00f3ngale estilos con HTML.\n\t\t\t\t\t\t<\/p>\n\t\t\t\t\t<\/div>\n\t\t\t\t<\/div>\n\t\t\t<\/div>\n\t\t<\/li>\n\n\t\t<li>\n\t\t\t<div class=\"img-wrap\">\n\t\t\t\t<div class=\"img\">\n\t\t\t\t\t<img decoding=\"async\" src=\"https:\/\/toolset.com\/wp-content\/uploads\/2013\/07\/views-tour-filters-back2.jpg\" alt=\"Filtros URL -  panel administrador\">\n\t\t\t\t<\/div>\n<div class=\"img\">\n\t\t\t\t\t<img decoding=\"async\" src=\"https:\/\/toolset.com\/wp-content\/uploads\/2013\/07\/views-tour-filters-front2.jpg\" alt=\"Filtros URL - front\">\n\t\t\t\t<\/div>\n\t\t\t<\/div>\n\t\t\t<div class=\"entry\">\n\t\t\t\t<div class=\"entry-inner\">\n\t\t\t\t\t<h3 class=\"entry-title\">\n <a href=\"\/?page_id=14974\">Haga que sus visitantes realicen b\u00fasquedas seg\u00fan par\u00e1metros<\/a>\n\t\t\t\t\t<\/h3>\n\t\t\t\t\t<div class=\"entry-content\">\n\t\t\t\t\t\t<p>\n Haga que los visitantes elijan exactamente el contenido a subir, mediante filtros <a href=\"https:\/\/toolset.com\/es\/nueva-pagina-de-inicio\/views-cree-formas-elegantes-de-visualizacion-para-su-contenido\/\">View<\/a>s para front-end. Puede crear filtros avanzados para sitios de avisos clasificados, inmobiliarios y cualquier otro contexto.\n\t\t\t\t\t\t<\/p>\n\t\t\t\t\t<\/div>\n\t\t\t\t<\/div>\n\t\t\t<\/div>\n\t\t<\/li>\n\n\t\t<li>\n\t\t\t<div class=\"img-wrap\">\n\t\t\t\t<div class=\"img\">\n\t\t\t\t\t<img decoding=\"async\" src=\"https:\/\/toolset.com\/wp-content\/uploads\/2013\/07\/views-tour-sliders-back2.jpg\" alt=\"Sliders -  panel administrador\">\n\t\t\t\t<\/div>\n<div class=\"img\">\n\t\t\t\t\t<img decoding=\"async\" src=\"https:\/\/toolset.com\/wp-content\/uploads\/2013\/07\/views-tour-sliders-front2.jpg\" alt=\"Sliders - front\">\n\t\t\t\t<\/div>\n\t\t\t<\/div>\n\t\t\t<div class=\"entry\">\n\t\t\t\t<div class=\"entry-inner\">\n\t\t\t\t\t<h3 class=\"entry-title\">\n <a href=\"\/?page_id=12097\">Haga sliders personalizados de la nada<\/a>\n\t\t\t\t\t<\/h3>\n\t\t\t\t\t<div class=\"entry-content\">\n\t\t\t\t\t\t<p>\n Puede crear sliders a partir de p\u00e1ginas, entradas y cualquier tipo de contenido personalizado. Dise\u00f1e sliders f\u00e1cilmente con templates HTML, para que contengan lo que usted quiere, y se vean como usted quiere.\n\t\t\t\t\t\t<\/p>\n\t\t\t\t\t<\/div>\n\t\t\t\t<\/div>\n\t\t\t<\/div>\n\t\t<\/li>\n\n\t\t<li>\n\t\t\t<div class=\"img-wrap\">\n\t\t\t\t<div class=\"img\">\n\t\t\t\t\t<img decoding=\"async\" src=\"https:\/\/toolset.com\/wp-content\/uploads\/2013\/07\/views-tour-pagination-enabled-back2.jpg\" alt=\"Paginaci\u00f3n -  panel administrador\">\n\t\t\t\t<\/div>\n<div class=\"img\">\n\t\t\t\t\t<img decoding=\"async\" src=\"https:\/\/toolset.com\/wp-content\/uploads\/2013\/07\/views-tour-pagination-front2.jpg\" alt=\"Paginaci\u00f3n - front\">\n\t\t\t\t<\/div>\n\t\t\t<\/div>\n\t\t\t<div class=\"entry\">\n\t\t\t\t<div class=\"entry-inner\">\n\t\t\t\t\t<h3 class=\"entry-title\">\n <a href=\"\/?page_id=29753\">Pagine grandes grupos de datos<\/a>\n\t\t\t\t\t<\/h3>\n\t\t\t\t\t<div class=\"entry-content\">\n\t\t\t\t\t\t<p>\n Cuando muestre contenido con Views, puede habilitar f\u00e1cilmente paginaci\u00f3n para segmentar muchos datos en p\u00e1ginas. Puede mostrar listas paginadas para todo, de la manera que guste.\n\t\t\t\t\t\t<\/p>\n\t\t\t\t\t<\/div>\n\t\t\t\t<\/div>\n\t\t\t<\/div>\n\t\t<\/li>\n\n\t\t<li>\n\t\t\t<div class=\"img-wrap\">\n\t\t\t\t<div class=\"img\">\n\t\t\t\t\t<img decoding=\"async\" src=\"https:\/\/toolset.com\/wp-content\/uploads\/2013\/07\/views-tour-relationship-back2.jpg\" alt=\"Relaci\u00f3n entre entradas -  panel administrador\">\n\t\t\t\t<\/div>\n<div class=\"img\">\n\t\t\t\t\t<img decoding=\"async\" src=\"https:\/\/toolset.com\/wp-content\/uploads\/2013\/07\/views-tour-relationship-front2.jpg\" alt=\"Relaci\u00f3n entre entradas - front\">\n\t\t\t\t<\/div>\n\t\t\t<\/div>\n\t\t\t<div class=\"entry\">\n\t\t\t\t<div class=\"entry-inner\">\n\t\t\t\t\t<h3 class=\"entry-title\">\n <a href=\"\/?page_id=28674\">Visualice datos relacionales<\/a>\n\t\t\t\t\t<\/h3>\n\t\t\t\t\t<div class=\"entry-content\">\n\t\t\t\t\t\t<p>\n Muchas veces es m\u00e1s f\u00e1cil organizar datos mediante una relaci\u00f3n parent \/ child. <a href=\"https:\/\/toolset.com\/es\/nueva-pagina-de-inicio\/views-cree-formas-elegantes-de-visualizacion-para-su-contenido\/\">Views<\/a> simplifica la visualizaci\u00f3n de datos relacionales.\n\t\t\t\t\t\t<\/p>\n\t\t\t\t\t<\/div>\n\t\t\t\t<\/div>\n\t\t\t<\/div>\n\t\t<\/li>\n\n\t\t<li>\n\t\t\t<div class=\"img-wrap\">\n\t\t\t\t<div class=\"img\">\n\t\t\t\t\t<img decoding=\"async\" src=\"https:\/\/toolset.com\/wp-content\/uploads\/2013\/07\/views-tour-wpml-back2.jpg\" alt=\"Contenido multiling\u00fce -  panel administrador\">\n\t\t\t\t<\/div>\n<div class=\"img\">\n\t\t\t\t\t<img decoding=\"async\" src=\"https:\/\/toolset.com\/wp-content\/uploads\/2013\/07\/views-tour-wpml-front2.jpg\" alt=\"Contenido multiling\u00fce - front\">\n\t\t\t\t<\/div>\n\t\t\t<\/div>\n\t\t\t<div class=\"entry\">\n\t\t\t\t<div class=\"entry-inner\">\n\t\t\t\t\t<h3 class=\"entry-title\">\n <a href=\"\/?page_id=27747\">Todo multiling\u00fce<\/a>\n\t\t\t\t\t<\/h3>\n\t\t\t\t\t<div class=\"entry-content\">\n\t\t\t\t\t\t<p>\n <a href=\"https:\/\/toolset.com\/es\/nueva-pagina-de-inicio\/views-cree-formas-elegantes-de-visualizacion-para-su-contenido\/\">Views<\/a> proviene de la misma empresa que hace WPML, el plugin WordPress Multiling\u00fce. Todo lo que cree con Views es multiling\u00fce desde el vamos. Nunca m\u00e1s se ocupar\u00e1 de poder traducir sus sitios nuevamente\n\t\t\t\t\t\t<\/p>\n\t\t\t\t\t<\/div>\n\t\t\t\t<\/div>\n\t\t\t<\/div>\n\t\t<\/li>\n\n\n\t<\/ul>\n\n<div class=\"buy-views\">\n<h3 class=\"h4\">Si a usted le gusta construir sitios web con WordPress, le encantar\u00e1 <a href=\"https:\/\/toolset.com\/es\/nueva-pagina-de-inicio\/views-cree-formas-elegantes-de-visualizacion-para-su-contenido\/\">Views<\/a>. Disfrute de las posibilidades de un dise\u00f1o absolutamente personalizado, sin el caos de tener que programar todo desde cero.<\/h3>\n<p><a href=\"https:\/\/toolset.com\/es\/adquieralo-ahora-mismo\/?add-to-cart=38995&#038;buy_now=1\" class=\"action-button\">Comprar Views<\/a><\/p>\n<\/div>\n\n<\/div>\n","protected":false},"excerpt":{"rendered":"<p>Views es una herramienta para desarrollar sitios web que le permite visualizar su contenido WordPress sin tener que programar Las posibilidades con Views son infinitas. \u00a1Vea algunas de las cosas que Views sabe hacer! Plantillas de dise\u00f1o para p\u00e1ginas individuales Views le permite crear plantillas de p\u00e1gina utilizando el editor de WordPress. Inserte campos est\u00e1ndar, [&hellip;]<\/p>\n","protected":false},"author":5464,"featured_media":0,"parent":4131,"menu_order":0,"comment_status":"closed","ping_status":"closed","template":"page-layouts.php","meta":{"_bbp_topic_count":0,"_bbp_reply_count":0,"_bbp_total_topic_count":0,"_bbp_total_reply_count":0,"_bbp_voice_count":0,"_bbp_anonymous_reply_count":0,"_bbp_topic_count_hidden":0,"_bbp_reply_count_hidden":0,"_bbp_forum_subforum_count":0,"ep_exclude_from_search":false,"footnotes":""},"documentation-category":[],"class_list":["post-117678","page","type-page","status-publish","hentry"],"_links":{"self":[{"href":"https:\/\/toolset.com\/es\/wp-json\/wp\/v2\/pages\/117678","targetHints":{"allow":["GET"]}}],"collection":[{"href":"https:\/\/toolset.com\/es\/wp-json\/wp\/v2\/pages"}],"about":[{"href":"https:\/\/toolset.com\/es\/wp-json\/wp\/v2\/types\/page"}],"author":[{"embeddable":true,"href":"https:\/\/toolset.com\/es\/wp-json\/wp\/v2\/users\/5464"}],"replies":[{"embeddable":true,"href":"https:\/\/toolset.com\/es\/wp-json\/wp\/v2\/comments?post=117678"}],"version-history":[{"count":2,"href":"https:\/\/toolset.com\/es\/wp-json\/wp\/v2\/pages\/117678\/revisions"}],"predecessor-version":[{"id":257948,"href":"https:\/\/toolset.com\/es\/wp-json\/wp\/v2\/pages\/117678\/revisions\/257948"}],"up":[{"embeddable":true,"href":"https:\/\/toolset.com\/es\/wp-json\/wp\/v2\/pages\/4131"}],"wp:attachment":[{"href":"https:\/\/toolset.com\/es\/wp-json\/wp\/v2\/media?parent=117678"}],"wp:term":[{"taxonomy":"documentation-category","embeddable":true,"href":"https:\/\/toolset.com\/es\/wp-json\/wp\/v2\/documentation-category?post=117678"}],"curies":[{"name":"wp","href":"https:\/\/api.w.org\/{rel}","templated":true}]}}