{"id":1150687,"date":"2018-11-21T15:04:53","date_gmt":"2018-11-21T15:04:53","guid":{"rendered":"https:\/\/toolset.com\/inicio\/types\/"},"modified":"2020-06-24T05:32:49","modified_gmt":"2020-06-24T05:32:49","slug":"types","status":"publish","type":"page","link":"https:\/\/toolset.com\/es\/nueva-pagina-de-inicio\/types\/","title":{"rendered":"Types"},"content":{"rendered":"<div class=\"wp-block-toolset-blocks-container tb-container alignfull\" data-toolset-blocks-container=\"b4ffebddef65c55b453028953d7d3647\"> <div class=\"wp-block-toolset-blocks-container tb-container alignfull\" data-toolset-blocks-container=\"6b4e3fd1ccb0b693abcce02601326d2f\"><div class=\"tb-container-inner\"> <div class=\"wp-block-toolset-blocks-grid tb-grid\" data-toolset-blocks-grid=\"1af5993f41297a6b74ecf781c7be715c\"> <div class=\"wp-block-toolset-blocks-grid-column tb-grid-column tb-grid-align-center tb-align-top\" data-toolset-blocks-grid-column=\"6c99d90d0bfe30cabf9a62185486ee3c\"> <h1 class=\"tb-heading\" data-toolset-blocks-heading=\"7b44d6216ea44b01b1065954e26e3675\"><strong>Toolset Types: tipos de entradas, campos y taxonom\u00eda personalizados<\/strong><\/h1> <div class=\"tb-fields-and-text\" data-toolset-blocks-fields-and-text=\"57413f427e9d81f5ed043abb9e0c3881\"> <p>Toolset Types es un plugin completo para gestionar contenido personalizado en WordPress. Permite definir tipos de entrada personalizados, taxonom\u00eda personalizada y campos personalizados.<\/p> <\/div> <div class=\"wp-block-toolset-blocks-container tb-container\" data-toolset-blocks-container=\"deaf6d2641f0a59e94ad0a06620df26f\"> <div class=\"wp-block-toolset-blocks-grid tb-grid\" data-toolset-blocks-grid=\"945215e30cd9079af759e7681f8506f9\"> <div class=\"wp-block-toolset-blocks-grid-column tb-grid-column tb-grid-align-top\" data-toolset-blocks-grid-column=\"3034fbe886c11054e95b46b09d3e4112\"><div class=\"tb-fields-and-text\" data-toolset-blocks-fields-and-text=\"7f55dc5340ed9d390effba94928149e6\"> <p><span style=\"font-weight: 400;\">\u00a1No necesita HTML, CSS, JavaScript ni PHP!<\/span><\/p> <\/div> <\/div> <div class=\"wp-block-toolset-blocks-grid-column tb-grid-column tb-grid-align-top\" data-toolset-blocks-grid-column=\"3034fbe886c11054e95b46b09d3e4112\"> <figure class=\"wp-block-image tb-image tb-image-media\" data-toolset-blocks-image=\"58d16bc320b0a7ca4b93496477b04b1a\"><img decoding=\"async\" loading=\"lazy\" src=\"https:\/\/toolset.com\/wp-content\/uploads\/2020\/03\/no-coding.svg\" alt=\"\" class=\"wp-image-1545661\"\/><\/figure> <\/div> <\/div> <\/div> <\/div> <div class=\"wp-block-toolset-blocks-grid-column tb-grid-column tb-grid-align-center tb-align-top\" data-toolset-blocks-grid-column=\"2eef7cf1cb64eeb51b891178b32d49fd\"> <figure class=\"wp-block-image tb-image tb-image-media\" data-toolset-blocks-image=\"e7e27b886474a417cd069dacd3467358\"><img decoding=\"async\" width=\"1600\" height=\"1466\" loading=\"lazy\" src=\"https:\/\/toolset.com\/wp-content\/uploads\/2020\/06\/types-1.png\" alt=\"\" class=\"wp-image-1663363\" srcset=\"https:\/\/toolset.com\/wp-content\/uploads\/2020\/06\/types-1.png 1600w, https:\/\/toolset.com\/wp-content\/uploads\/2020\/06\/types-1-300x275.png 300w, https:\/\/toolset.com\/wp-content\/uploads\/2020\/06\/types-1-1024x938.png 1024w, https:\/\/toolset.com\/wp-content\/uploads\/2020\/06\/types-1-150x137.png 150w, https:\/\/toolset.com\/wp-content\/uploads\/2020\/06\/types-1-768x704.png 768w, https:\/\/toolset.com\/wp-content\/uploads\/2020\/06\/types-1-1536x1407.png 1536w, https:\/\/toolset.com\/wp-content\/uploads\/2020\/06\/types-1-568x520.png 568w\" sizes=\"auto, (max-width: 1600px) 100vw, 1600px\" \/><\/figure> <\/div> <\/div> <\/div><\/div> <\/div> <div class=\"wp-block-toolset-blocks-container tb-container alignfull\" data-toolset-blocks-container=\"8d871ddf8b8628b328d67474c49e45b8\"><div class=\"tb-container-inner\"> <div class=\"wp-block-toolset-blocks-grid tb-grid\" data-toolset-blocks-grid=\"c0ca86f70d7239d5bbc4d8c0a7dcc828\"> <div class=\"wp-block-toolset-blocks-grid-column tb-grid-column tb-grid-align-center tb-align-top\" data-toolset-blocks-grid-column=\"6c99d90d0bfe30cabf9a62185486ee3c\"><div class=\"wp-block-image\"> <figure class=\" tb-image tb-image-url aligncenter\" data-toolset-blocks-image=\"6fd0170fc8c8cb05357290cd2cf0e0b3\"><img decoding=\"async\" loading=\"lazy\" src=\"https:\/\/toolset.com\/wp-content\/uploads\/2020\/05\/CPT-1.png\"\/><\/figure> <\/div><\/div> <div class=\"wp-block-toolset-blocks-grid-column tb-grid-column tb-grid-align-center tb-align-top\" data-toolset-blocks-grid-column=\"6c99d90d0bfe30cabf9a62185486ee3c\"> <div class=\"wp-block-toolset-blocks-container tb-container\" data-toolset-blocks-container=\"11d7377a43bd780b50b042f35b3fb975\"> <figure class=\"wp-block-image tb-image tb-image-media\" data-toolset-blocks-image=\"d1dfaae5bcf0422252302aeaba9ceaa7\"><img decoding=\"async\" loading=\"lazy\" src=\"https:\/\/toolset.com\/wp-content\/uploads\/2020\/03\/no-coding.svg\" alt=\"\" class=\"wp-image-1545661\"\/><\/figure> <h3 class=\"tb-heading\" data-toolset-blocks-heading=\"0f352e697adb8f1a3241ca4ef6113564\">Cree entradas, campos y taxonom\u00eda personalizados<\/h3> <div class=\"tb-fields-and-text\" data-toolset-blocks-fields-and-text=\"6088439d9df1bb352cf469db67308436\"> <p>Cuando necesita m\u00e1s que solo p\u00e1ginas y entradas, Types es la respuesta. Con Types, puede crear sus propios tipos de contenido, enriquecidos con campos personalizados y organizados seg\u00fan sus categor\u00edas.<\/p> <\/div> <\/div> <\/div> <\/div> <div class=\"wp-block-toolset-blocks-container tb-container\" data-toolset-blocks-container=\"39f9ffd729940b5567a921bd0062e768\"><\/div> <\/div><\/div> <div class=\"wp-block-toolset-blocks-container tb-container alignfull\" data-toolset-blocks-container=\"a2fad2cf07f2c1036d70b6c1f30bb734\"><div class=\"tb-container-inner\"> <div class=\"wp-block-toolset-blocks-grid tb-grid\" data-toolset-blocks-grid=\"b311a177d830f0795342f261d446f15a\"> <div class=\"wp-block-toolset-blocks-grid-column tb-grid-column tb-grid-align-center tb-align-top\" data-toolset-blocks-grid-column=\"6c99d90d0bfe30cabf9a62185486ee3c\"> <div class=\"wp-block-toolset-blocks-container tb-container\" data-toolset-blocks-container=\"11d7377a43bd780b50b042f35b3fb975\"> <figure class=\"wp-block-image tb-image tb-image-media\" data-toolset-blocks-image=\"d1dfaae5bcf0422252302aeaba9ceaa7\"><img decoding=\"async\" loading=\"lazy\" src=\"https:\/\/toolset.com\/wp-content\/uploads\/2020\/03\/no-coding.svg\" alt=\"\" class=\"wp-image-1545661\"\/><\/figure> <h3 class=\"tb-heading\" data-toolset-blocks-heading=\"5b6be45b9811d6366e9bd0a3e0ed20d3\">Configure grupos de campos repetitivos<\/h3> <div class=\"tb-fields-and-text\" data-toolset-blocks-fields-and-text=\"6088439d9df1bb352cf469db67308436\"> <p style=\"text-align: left;\"><span>A veces, no basta con un solo campo, y es necesario crear estructuras m\u00e1s complejas. Types le permite hacer que cualquier grupo de campos se repita, de modo que pueda crear matrices de datos.<\/span><\/p> <\/div> <\/div> <\/div> <div class=\"wp-block-toolset-blocks-grid-column tb-grid-column tb-grid-align-center tb-align-top\" data-toolset-blocks-grid-column=\"6c99d90d0bfe30cabf9a62185486ee3c\"> <figure class=\"wp-block-image tb-image tb-image-media\" data-toolset-blocks-image=\"15f5b126157f1a185cdf8589dd61b1f0\"><img decoding=\"async\" width=\"1000\" height=\"743\" loading=\"lazy\" src=\"https:\/\/toolset.com\/wp-content\/uploads\/2020\/06\/repeating-field-groups.png\" alt=\"\" class=\"wp-image-1669723\" srcset=\"https:\/\/toolset.com\/wp-content\/uploads\/2020\/06\/repeating-field-groups.png 1000w, https:\/\/toolset.com\/wp-content\/uploads\/2020\/06\/repeating-field-groups-300x223.png 300w, https:\/\/toolset.com\/wp-content\/uploads\/2020\/06\/repeating-field-groups-150x111.png 150w, https:\/\/toolset.com\/wp-content\/uploads\/2020\/06\/repeating-field-groups-768x571.png 768w, https:\/\/toolset.com\/wp-content\/uploads\/2020\/06\/repeating-field-groups-700x520.png 700w\" sizes=\"auto, (max-width: 1000px) 100vw, 1000px\" \/><\/figure> <\/div> <\/div> <div class=\"wp-block-toolset-blocks-container tb-container\" data-toolset-blocks-container=\"39f9ffd729940b5567a921bd0062e768\"><\/div> <\/div><\/div> <div class=\"wp-block-toolset-blocks-container tb-container alignfull\" data-toolset-blocks-container=\"8d871ddf8b8628b328d67474c49e45b8\"><div class=\"tb-container-inner\"> <div class=\"wp-block-toolset-blocks-grid tb-grid\" data-toolset-blocks-grid=\"c0ca86f70d7239d5bbc4d8c0a7dcc828\"> <div class=\"wp-block-toolset-blocks-grid-column tb-grid-column tb-grid-align-center tb-align-top\" data-toolset-blocks-grid-column=\"6c99d90d0bfe30cabf9a62185486ee3c\"><div class=\"wp-block-image\"> <figure class=\" tb-image tb-image-media aligncenter\" data-toolset-blocks-image=\"f446731be74f6e18edc2e1ad5f35b38a\"><img decoding=\"async\" width=\"1000\" height=\"743\" loading=\"lazy\" src=\"https:\/\/toolset.com\/wp-content\/uploads\/2020\/06\/Relationship.png\" alt=\"\" class=\"wp-image-1663187\" srcset=\"https:\/\/toolset.com\/wp-content\/uploads\/2020\/06\/Relationship.png 1000w, https:\/\/toolset.com\/wp-content\/uploads\/2020\/06\/Relationship-300x223.png 300w, https:\/\/toolset.com\/wp-content\/uploads\/2020\/06\/Relationship-150x111.png 150w, https:\/\/toolset.com\/wp-content\/uploads\/2020\/06\/Relationship-768x571.png 768w, https:\/\/toolset.com\/wp-content\/uploads\/2020\/06\/Relationship-700x520.png 700w\" sizes=\"auto, (max-width: 1000px) 100vw, 1000px\" \/><\/figure> <\/div><\/div> <div class=\"wp-block-toolset-blocks-grid-column tb-grid-column tb-grid-align-center tb-align-top\" data-toolset-blocks-grid-column=\"6c99d90d0bfe30cabf9a62185486ee3c\"> <div class=\"wp-block-toolset-blocks-container tb-container\" data-toolset-blocks-container=\"11d7377a43bd780b50b042f35b3fb975\"> <figure class=\"wp-block-image tb-image tb-image-media\" data-toolset-blocks-image=\"d1dfaae5bcf0422252302aeaba9ceaa7\"><img decoding=\"async\" loading=\"lazy\" src=\"https:\/\/toolset.com\/wp-content\/uploads\/2020\/03\/no-coding.svg\" alt=\"\" class=\"wp-image-1545661\"\/><\/figure> <h3 class=\"tb-heading\" data-toolset-blocks-heading=\"0f352e697adb8f1a3241ca4ef6113564\">Conecte tipos de entradas distintos<\/h3> <div class=\"tb-fields-and-text\" data-toolset-blocks-fields-and-text=\"6088439d9df1bb352cf469db67308436\"> <p><span>Types le permite definir las relaciones superior\/inferior, as\u00ed como tambi\u00e9n relaciones varios a varios entre diferentes tipos de entradas.<\/span><\/p> <\/div> <\/div> <\/div> <\/div> <div class=\"wp-block-toolset-blocks-container tb-container\" data-toolset-blocks-container=\"39f9ffd729940b5567a921bd0062e768\"><\/div> <\/div><\/div> <div class=\"wp-block-toolset-blocks-container tb-container alignfull\" data-toolset-blocks-container=\"a2fad2cf07f2c1036d70b6c1f30bb734\"><div class=\"tb-container-inner\"> <div class=\"wp-block-toolset-blocks-grid tb-grid\" data-toolset-blocks-grid=\"b311a177d830f0795342f261d446f15a\"> <div class=\"wp-block-toolset-blocks-grid-column tb-grid-column tb-grid-align-center tb-align-top\" data-toolset-blocks-grid-column=\"6c99d90d0bfe30cabf9a62185486ee3c\"> <div class=\"wp-block-toolset-blocks-container tb-container\" data-toolset-blocks-container=\"11d7377a43bd780b50b042f35b3fb975\"> <figure class=\"wp-block-image tb-image tb-image-media\" data-toolset-blocks-image=\"d1dfaae5bcf0422252302aeaba9ceaa7\"><img decoding=\"async\" loading=\"lazy\" src=\"https:\/\/toolset.com\/wp-content\/uploads\/2020\/03\/no-coding.svg\" alt=\"\" class=\"wp-image-1545661\"\/><\/figure> <h3 class=\"tb-heading\" data-toolset-blocks-heading=\"6bb756fef87b5a28186c94c73b4df895\">Validaci\u00f3n de entrada integrada<\/h3> <div class=\"tb-fields-and-text\" data-toolset-blocks-fields-and-text=\"6088439d9df1bb352cf469db67308436\"> <p><span>Types le ayuda a asegurarse de que el contenido que el usuario introduzca sea completo y correcto. Elija cu\u00e1les son los campos requeridos. Adem\u00e1s, Types controla autom\u00e1ticamente que los usuarios solo introduzcan datos v\u00e1lidos en los campos no textuales.<\/span><\/p> <\/div> <\/div> <\/div> <div class=\"wp-block-toolset-blocks-grid-column tb-grid-column tb-grid-align-center tb-align-top\" data-toolset-blocks-grid-column=\"6c99d90d0bfe30cabf9a62185486ee3c\"><div class=\"wp-block-image\"> <figure class=\" tb-image tb-image-media aligncenter\" data-toolset-blocks-image=\"d888265998097a1f42cbff2f8d793989\"><img decoding=\"async\" width=\"1000\" height=\"743\" loading=\"lazy\" src=\"https:\/\/toolset.com\/wp-content\/uploads\/2020\/06\/validation-2.png\" alt=\"\" class=\"wp-image-1669661\" srcset=\"https:\/\/toolset.com\/wp-content\/uploads\/2020\/06\/validation-2.png 1000w, https:\/\/toolset.com\/wp-content\/uploads\/2020\/06\/validation-2-300x223.png 300w, https:\/\/toolset.com\/wp-content\/uploads\/2020\/06\/validation-2-150x111.png 150w, https:\/\/toolset.com\/wp-content\/uploads\/2020\/06\/validation-2-768x571.png 768w, https:\/\/toolset.com\/wp-content\/uploads\/2020\/06\/validation-2-700x520.png 700w\" sizes=\"auto, (max-width: 1000px) 100vw, 1000px\" \/><\/figure> <\/div><\/div> <\/div> <div class=\"wp-block-toolset-blocks-container tb-container\" data-toolset-blocks-container=\"39f9ffd729940b5567a921bd0062e768\"><\/div> <\/div><\/div> <div class=\"wp-block-toolset-blocks-container tb-container alignfull\" data-toolset-blocks-container=\"8d871ddf8b8628b328d67474c49e45b8\"><div class=\"tb-container-inner\"> <div class=\"wp-block-toolset-blocks-grid tb-grid\" data-toolset-blocks-grid=\"c0ca86f70d7239d5bbc4d8c0a7dcc828\"> <div class=\"wp-block-toolset-blocks-grid-column tb-grid-column tb-grid-align-center tb-align-top\" data-toolset-blocks-grid-column=\"6c99d90d0bfe30cabf9a62185486ee3c\"> <figure class=\"wp-block-image tb-image tb-image-url\" data-toolset-blocks-image=\"0406575cf94fed1c6524dcaf580c420c\"><img decoding=\"async\" loading=\"lazy\" src=\"https:\/\/toolset.com\/wp-content\/uploads\/2020\/03\/tt.png\"\/><\/figure> <\/div> <div class=\"wp-block-toolset-blocks-grid-column tb-grid-column tb-grid-align-center tb-align-top\" data-toolset-blocks-grid-column=\"6c99d90d0bfe30cabf9a62185486ee3c\"> <div class=\"wp-block-toolset-blocks-container tb-container\" data-toolset-blocks-container=\"11d7377a43bd780b50b042f35b3fb975\"> <figure class=\"wp-block-image tb-image tb-image-media\" data-toolset-blocks-image=\"d1dfaae5bcf0422252302aeaba9ceaa7\"><img decoding=\"async\" loading=\"lazy\" src=\"https:\/\/toolset.com\/wp-content\/uploads\/2020\/03\/no-coding.svg\" alt=\"\" class=\"wp-image-1545661\"\/><\/figure> <h3 class=\"tb-heading\" data-toolset-blocks-heading=\"0f352e697adb8f1a3241ca4ef6113564\">Presente f\u00e1cilmente en la interfaz de usuario del sitio web<\/h3> <div class=\"tb-fields-and-text\" data-toolset-blocks-fields-and-text=\"6088439d9df1bb352cf469db67308436\"> <p><span>Types, en conjunto con el resto de los plugines de Toolset, facilita la presentaci\u00f3n de contenido personalizado en la interfaz de usuario. Puede dise\u00f1ar plantillas, archivos y listas con <\/span><strong>Toolset Blocks<\/strong> <span>y formularios para la interfaz de usuario con<\/span><a href=\"https:\/\/toolset.com\/es\/nueva-pagina-de-inicio\/cred-editor-de-contenido-wordpress-para-el-front-end\/\">Toolset Forms<\/a><span>.<\/span><\/p> <\/div> <\/div> <\/div> <\/div> <div class=\"wp-block-toolset-blocks-container tb-container\" data-toolset-blocks-container=\"39f9ffd729940b5567a921bd0062e768\"><\/div> <\/div><\/div> <div class=\"wp-block-toolset-blocks-container tb-container\" data-toolset-blocks-container=\"5e95d57dc8887c69cf230b9c0c2d7d84\"> <h2 class=\"tb-heading has-text-color\" data-toolset-blocks-heading=\"3825af7ef3d31e933170cbd31815cbc4\">\u00bfY despu\u00e9s?<\/h2> <div class=\"tb-fields-and-text\" data-toolset-blocks-fields-and-text=\"b0e45c64aca5bde607e9632d96b10646\"> <p class=\"new-layout__paragraph text--white\" style=\"text-align: center;\">Aproveche nuestra pol\u00edtica de devoluci\u00f3n en 30 d\u00edas. Obtenga Toolset y f\u00edjese qu\u00e9 le parece.<br \/>Si no est\u00e1 100 % satisfecho, cu\u00e9ntenos y haremos la devoluci\u00f3n de su compra.<\/p> <\/div> <div class=\"wp-block-toolset-blocks-grid tb-grid\" data-toolset-blocks-grid=\"be5090090764891feae9c27c8898fef6\"> <div class=\"wp-block-toolset-blocks-grid-column tb-grid-column tb-grid-align-top\" data-toolset-blocks-grid-column=\"3034fbe886c11054e95b46b09d3e4112\"> <div class=\"tb-button\" data-toolset-blocks-button=\"840ab4d68b44032eb1f9051a354fae14\"><a class=\"tb-button__link\" href=\"https:\/\/toolset.com\/toolset-free-consultation\/\"><i class=\"tb-button__icon\"><\/i><span class=\"tb-button__content\">Preg\u00fantenos<\/span><\/a><\/div> <\/div> <div class=\"wp-block-toolset-blocks-grid-column tb-grid-column tb-grid-align-center\" data-toolset-blocks-grid-column=\"f586ff7bfe1d7317c63162ec7b7039ed\"><div class=\"tb-fields-and-text\" data-toolset-blocks-fields-and-text=\"b0e45c64aca5bde607e9632d96b10646\"> <p><span>de qu\u00e9 manera Toolset puede ayudarle con su proyecto.<\/span><\/p> <\/div> <\/div> <\/div> <div class=\"tb-button\" data-toolset-blocks-button=\"74f1bf2754e8da8c320ec9645e3c04d9\"><a class=\"tb-button__link\" href=\"https:\/\/toolset.com\/buy\/\"><i class=\"tb-button__icon\"><\/i><span class=\"tb-button__content\">Descargue Toolset<\/span><\/a><\/div> <div class=\"tb-fields-and-text\" data-toolset-blocks-fields-and-text=\"5a02b6f3fcf20cc17316536cbaa9fb47\"> <p style=\"text-align: center;\"><span>Los sitios web creados con Toolset son s\u00f3lidos y confiables.<\/span><br \/><span>Con Toolset, usted dedica menos tiempo al desarrollo y a\u00fan menos tiempo al mantenimiento de los sitios.<\/span><\/p> <\/div> <\/div>","protected":false},"excerpt":{"rendered":"","protected":false},"author":1,"featured_media":0,"parent":1396483,"menu_order":0,"comment_status":"closed","ping_status":"closed","template":"template-page-no-title.php","meta":{"_bbp_topic_count":0,"_bbp_reply_count":0,"_bbp_total_topic_count":0,"_bbp_total_reply_count":0,"_bbp_voice_count":0,"_bbp_anonymous_reply_count":0,"_bbp_topic_count_hidden":0,"_bbp_reply_count_hidden":0,"_bbp_forum_subforum_count":0,"ep_exclude_from_search":false,"footnotes":""},"documentation-category":[],"class_list":["post-1150687","page","type-page","status-publish","hentry"],"_links":{"self":[{"href":"https:\/\/toolset.com\/es\/wp-json\/wp\/v2\/pages\/1150687","targetHints":{"allow":["GET"]}}],"collection":[{"href":"https:\/\/toolset.com\/es\/wp-json\/wp\/v2\/pages"}],"about":[{"href":"https:\/\/toolset.com\/es\/wp-json\/wp\/v2\/types\/page"}],"author":[{"embeddable":true,"href":"https:\/\/toolset.com\/es\/wp-json\/wp\/v2\/users\/1"}],"replies":[{"embeddable":true,"href":"https:\/\/toolset.com\/es\/wp-json\/wp\/v2\/comments?post=1150687"}],"version-history":[{"count":8,"href":"https:\/\/toolset.com\/es\/wp-json\/wp\/v2\/pages\/1150687\/revisions"}],"predecessor-version":[{"id":1674305,"href":"https:\/\/toolset.com\/es\/wp-json\/wp\/v2\/pages\/1150687\/revisions\/1674305"}],"up":[{"embeddable":true,"href":"https:\/\/toolset.com\/es\/wp-json\/wp\/v2\/pages\/1396483"}],"wp:attachment":[{"href":"https:\/\/toolset.com\/es\/wp-json\/wp\/v2\/media?parent=1150687"}],"wp:term":[{"taxonomy":"documentation-category","embeddable":true,"href":"https:\/\/toolset.com\/es\/wp-json\/wp\/v2\/documentation-category?post=1150687"}],"curies":[{"name":"wp","href":"https:\/\/api.w.org\/{rel}","templated":true}]}}