{"id":1122715,"date":"2018-10-08T13:13:02","date_gmt":"2018-10-08T13:13:02","guid":{"rendered":"https:\/\/toolset.com\/para-quien-es-toolset\/"},"modified":"2020-09-30T08:26:21","modified_gmt":"2020-09-30T08:26:21","slug":"para-quien-es-toolset","status":"publish","type":"page","link":"https:\/\/toolset.com\/es\/para-quien-es-toolset\/","title":{"rendered":"\u00bfPara qui\u00e9n es Toolset?"},"content":{"rendered":"<p class=\"lead\">Al no requerir habilidades para la programaci\u00f3n, Toolset le ayudar\u00e1 a tomar proyectos m\u00e1s grandes y m\u00e1s desafiantes. Puede usar el 80 % de las funciones de Toolset sin escribir una sola l\u00ednea de PHP o Javascript.<\/p>\n<h2>\u00bfQu\u00e9 puede hacer con Toolset y <strong>cero programaci\u00f3n<\/strong>?<\/h2>\n<p>Toolset permite agregar tipos de entrada personalizados, campos y taxonom\u00edas a su sitio de WordPress, pero eso es apenas raspar la superficie. El verdadero poder de Toolset es lo que usted puede hacer con estos tipos personalizados, sin escribir ning\u00fan c\u00f3digo.<\/p>\n<div class=\"alert alert-warning\">Usar Toolset es como tener a un programador experto, implementando al instante lo que usted pida. Si sabe de HTML y CSS b\u00e1sico, Toolset se encargar\u00e1 de la programaci\u00f3n por usted.<\/div>\n<ul>\n<li>Conectar tipos de entradas distintos<\/li>\n<li>Crear consultas personalizadas y muestre listas en la interfaz de usuario<\/li>\n<li>Mostra campos y taxonom\u00eda personalizados<\/li>\n<li>Crear b\u00fasquedas personalizadas<\/li>\n<li>Crear formularios para enviar y editar contenido de interfaz de usuario<\/li>\n<li>Crear formularios para el registro de usuarios en la interfaz de usuario<\/li>\n<li>Mostrar informaci\u00f3n como marcadores en Google Maps<\/li>\n<li>Controlar el acceso a distintas partes de la administraci\u00f3n de WordPress y la interfaz de usuario<\/li>\n<\/ul>\n<h2>\u00bfQu\u00e9 puede hacer con Toolset con <strong>un poco de programaci\u00f3n<\/strong>?<\/h2>\n<p>Toolset es altamente ampliable. Adem\u00e1s de todas las cosas buenas que puede crear sin una sola l\u00ednea de c\u00f3digo, Toolset viene con enlaces y filtros, lo cual permite una infinidad de mejoras.<\/p>\n<div class=\"alert alert-warning\">Si usted es un programador experimentado, Toolset le permitir\u00e1 manejar mucho m\u00e1s trabajo por mucho menos tiempo. Se volver\u00e1 mucho m\u00e1s eficiente y se limitar\u00e1 a escribir c\u00f3digo personalizado donde realmente se necesite.<\/div>\n<ul>\n<li>Crear flujos de trabajo personalizados, convirtiendo WordPress en un marco de aplicaci\u00f3n<\/li>\n<li>Mostrar valores de campo calculados por medio de shortcodes personalizados<\/li>\n<li>Integrar Views con herramientas de visualizaci\u00f3n no HTML<\/li>\n<\/ul>\n<h2>Ya uso Page Builder, \u00bfnecesito Toolset?<\/h2>\n<p>Toolset no es un creador de p\u00e1ginas. No reemplaza a los creadores de p\u00e1ginas, y los creadores de p\u00e1ginas no reemplazan a Toolset. Los creadores de p\u00e1ginas permiten dise\u00f1ar el <strong>aspecto<\/strong> del contenido. Toolset permite crear elementos personalizados para lo cual los creadores de p\u00e1ginas no fueron dise\u00f1ados.<\/p>\n<p>Toolset est\u00e1 totalmente integrado con el editor Block Editor (Gutenberg) incluido en WordPress. Esto le permite crear sitios personalizados avanzados de forma visual mediante el uso del editor nativo de WordPress.<\/p>\n<h2>Vengo de otro CMS, \u00bfc\u00f3mo puedo aprender a usar Toolset?<\/h2>\n<p>Muchos de los clientes de Toolset actuales han usado Drupal en el pasado. Si ahora est\u00e1 en Drupal y est\u00e1 buscando una alternativa, eche un vistazo a nuestra <a href=\"https:\/\/toolset.com\/documentation\/programmer-reference\/guide-drupal-developers-switching-wordpress\/\">gu\u00eda para la migraci\u00f3n de Drupal a WordPress.<\/a><\/p>\n<p>Si est\u00e1 creando sitios web con tablas de bases de datos perdonalizadas y c\u00f3digo PHP, lea nuestro tutorial sobre <a href=\"https:\/\/toolset.com\/documentation\/programmer-reference\/how-to-import-a-database-into-wordpress\/\">c\u00f3mo migrar de un dise\u00f1o de base de datos perdonalizada a WordPress.<\/a><\/p>\n<hr>\n<p>\u00bfA\u00fan se pregunta en qu\u00e9 se diferencia Toolset de las soluciones alternativas? Consulte nuestra <a href=\"https:\/\/toolset.com\/home\/comparing-toolset-to-free-and-paid-alternatives\/\">comparaci\u00f3n de Toolset con alternativas gratis y de pago.<\/a><\/p>\n<div class=\"alert alert-info\">\n<p>\u00bfLe interesa? <a href=\"https:\/\/toolset.com\/buy\/\">Elija el plan indicado para usted<\/a><\/p>\n<\/div>\n","protected":false},"excerpt":{"rendered":"<p>Al no requerir habilidades para la programaci\u00f3n, Toolset le ayudar\u00e1 a tomar proyectos m\u00e1s grandes y m\u00e1s desafiantes. Puede usar el 80 % de las funciones de Toolset sin escribir una sola l\u00ednea de PHP o Javascript. \u00bfQu\u00e9 puede hacer con Toolset y cero programaci\u00f3n? Toolset permite agregar tipos de entrada personalizados, campos y taxonom\u00edas [&hellip;]<\/p>\n","protected":false},"author":1,"featured_media":0,"parent":0,"menu_order":0,"comment_status":"closed","ping_status":"closed","template":"","meta":{"_bbp_topic_count":0,"_bbp_reply_count":0,"_bbp_total_topic_count":0,"_bbp_total_reply_count":0,"_bbp_voice_count":0,"_bbp_anonymous_reply_count":0,"_bbp_topic_count_hidden":0,"_bbp_reply_count_hidden":0,"_bbp_forum_subforum_count":0,"ep_exclude_from_search":false,"footnotes":""},"documentation-category":[],"class_list":["post-1122715","page","type-page","status-publish","hentry"],"_links":{"self":[{"href":"https:\/\/toolset.com\/es\/wp-json\/wp\/v2\/pages\/1122715","targetHints":{"allow":["GET"]}}],"collection":[{"href":"https:\/\/toolset.com\/es\/wp-json\/wp\/v2\/pages"}],"about":[{"href":"https:\/\/toolset.com\/es\/wp-json\/wp\/v2\/types\/page"}],"author":[{"embeddable":true,"href":"https:\/\/toolset.com\/es\/wp-json\/wp\/v2\/users\/1"}],"replies":[{"embeddable":true,"href":"https:\/\/toolset.com\/es\/wp-json\/wp\/v2\/comments?post=1122715"}],"version-history":[{"count":1,"href":"https:\/\/toolset.com\/es\/wp-json\/wp\/v2\/pages\/1122715\/revisions"}],"predecessor-version":[{"id":1408135,"href":"https:\/\/toolset.com\/es\/wp-json\/wp\/v2\/pages\/1122715\/revisions\/1408135"}],"wp:attachment":[{"href":"https:\/\/toolset.com\/es\/wp-json\/wp\/v2\/media?parent=1122715"}],"wp:term":[{"taxonomy":"documentation-category","embeddable":true,"href":"https:\/\/toolset.com\/es\/wp-json\/wp\/v2\/documentation-category?post=1122715"}],"curies":[{"name":"wp","href":"https:\/\/api.w.org\/{rel}","templated":true}]}}