{"id":692449,"date":"2018-04-19T14:22:07","date_gmt":"2018-04-19T14:22:07","guid":{"rendered":"https:\/\/toolset.com\/frontend-formular-zur-einsendung-und-bearbeitung-von-inhalten\/"},"modified":"2018-04-19T14:22:07","modified_gmt":"2018-04-19T14:22:07","slug":"frontend-formular-zur-einsendung-und-bearbeitung-von-inhalten","status":"publish","type":"page","link":"https:\/\/toolset.com\/de\/frontend-formular-zur-einsendung-und-bearbeitung-von-inhalten\/","title":{"rendered":"Frontend-Formular zur Einsendung und Bearbeitung von Inhalten"},"content":{"rendered":"<p><strong>Viele Websites ben\u00f6tigen die Funktion, vom Frontend aus Inhalte zu erstellen und zu bearbeiten. Beispiele sind Kleinanzeigen-, Auflistungs-, Immobilien- und Jobb\u00f6rsen-Seiten. Das Forms-Plugin macht diese Funktion einfach. Forms erm\u00f6glicht es Ihnen, Frontend-Formulare zum Erstellen und Bearbeiten von Inhalten zu erstellen. Diese Formulare k\u00f6nnen benutzerdefinierte Felder umfassen, Eingaben validieren und Benachrichtigungs-E-Mails versenden.<\/strong><\/p>\n<div class=\"well well-default \">Wenn Sie neu beim Forms-Plugin sind, empfehlen wir Ihnen, mit dem <a href=\"\/?page_id=565236\">Forms-Schulungskurs<\/a> zu beginnen.<br \/>\n <\/div>\n<p> Um ein neues Formular zur Bearbeitung der Inhalte im Frontend zu erstellen, gehen Sie auf <strong>Toolset -&gt; Beitragsformulare<\/strong> und klicken Sie auf <strong>Neues hinzuf\u00fcgen<\/strong>. W\u00e4hlen Sie die Art, die Sie erstellen m\u00f6chten (&#8220;neuer Inhalt&#8221; oder &#8220;Inhalt bearbeiten&#8221;) sowie die verschiedenen anderen Optionen f\u00fcr das Formular.<\/p>\n<p><ta_ignore><figure id=\"attachment_400575\" aria-describedby=\"caption-attachment-400575\" style=\"width: 450px\" class=\"wp-caption aligncenter\"><a href=\"https:\/\/toolset.com\/wp-content\/uploads\/2012\/09\/cred-post-forms-classifieds-example.jpg\"><img decoding=\"async\" class=\"size-full wp-image-400575\" src=\"https:\/\/toolset.com\/wp-content\/uploads\/2012\/09\/cred-post-forms-classifieds-example-small-r1.jpg\" alt=\"Forms-Formular zum Einsenden einer neuen Anzeige\" width=\"450\" height=\"300\" srcset=\"https:\/\/toolset.com\/wp-content\/uploads\/2012\/09\/cred-post-forms-classifieds-example-small-r1.jpg 450w, https:\/\/toolset.com\/wp-content\/uploads\/2012\/09\/cred-post-forms-classifieds-example-small-r1-150x100.jpg 150w, https:\/\/toolset.com\/wp-content\/uploads\/2012\/09\/cred-post-forms-classifieds-example-small-r1-300x200.jpg 300w\" sizes=\"(max-width: 450px) 100vw, 450px\" \/><\/a><figcaption id=\"caption-attachment-400575\" class=\"wp-caption-text\">Forms-Formular zum Einsenden einer neuen Anzeige<ta_ignore><\/figcaption><\/figure><\/ta_ignore><\/p>\n<p> Das Formular kann neue Inhalte erstellen oder vorhandene Inhalte bearbeiten. Forms-Frontend-Inhaltsformulare unterst\u00fctzen WordPress-Seiten, Beitr\u00e4ge und benutzerdefinierte Beitragstypen (siehe Anleitung zur <a href=\"\/?post_type=course-lesson&#038;p=472600\">Erstellung von Forms-Formularen f\u00fcr WooCommerce-Produkte<\/a>).<\/p>\n<p> Wenn Sie Formulare f\u00fcr Benutzer erstellen wollen, verwenden Sie die <a href=\"http:\/\/www.wp-types.com\/user-guides\/cred-user-forms\/\">Frontend-Benutzerregistrierungs-Formulare<\/a>. Wenn Sie die Erstellung und Bearbeitung von Inhalten erm\u00f6glichen wollen, sollten Sie zwei Formulare erstellen, eines f\u00fcr jede Aufgabe.<\/p>\n<h2 id=\"designing-the-cred-post-form\">Gestaltung der Frontend-Inhaltseinsende-Formulare<\/h2>\n<p> Forms-Formulare sind zu Beginn leer. Die einfachste Einstiegsm\u00f6glichkeit ist die Verwendung des Buttons <strong>Formular autom. erstellen<\/strong>.<\/p>\n<p><ta_ignore><figure id=\"attachment_427385\" aria-describedby=\"caption-attachment-427385\" style=\"width: 300px\" class=\"wp-caption aligncenter\"><a href=\"https:\/\/toolset.com\/wp-content\/uploads\/2012\/09\/cred-post-forms-autogeneration.png\"><img decoding=\"async\" class=\"wp-image-427385 size-medium\" src=\"https:\/\/toolset.com\/wp-content\/uploads\/2012\/09\/cred-post-forms-autogeneration-300x169.png\" alt=\"Funktion zur autom. Formularerstellung in Forms-Beitragsformularen\" width=\"300\" height=\"169\" srcset=\"https:\/\/toolset.com\/wp-content\/uploads\/2012\/09\/cred-post-forms-autogeneration-300x169.png 300w, https:\/\/toolset.com\/wp-content\/uploads\/2012\/09\/cred-post-forms-autogeneration-150x85.png 150w, https:\/\/toolset.com\/wp-content\/uploads\/2012\/09\/cred-post-forms-autogeneration-768x434.png 768w, https:\/\/toolset.com\/wp-content\/uploads\/2012\/09\/cred-post-forms-autogeneration-1024x578.png 1024w, https:\/\/toolset.com\/wp-content\/uploads\/2012\/09\/cred-post-forms-autogeneration-805x455.png 805w, https:\/\/toolset.com\/wp-content\/uploads\/2012\/09\/cred-post-forms-autogeneration.png 1130w\" sizes=\"(max-width: 300px) 100vw, 300px\" \/><\/a><figcaption id=\"caption-attachment-427385\" class=\"wp-caption-text\">Funktion zur autom. Formularerstellung in Forms-Beitragsformularen<ta_ignore><\/figcaption><\/figure><\/ta_ignore><\/p>\n<p> Der autom. Ersteller erstellt ein komplett funktionsf\u00e4higes Formular und enth\u00e4lt alle Felder, die zum Inhalt geh\u00f6ren.<\/p>\n<p><ta_ignore><figure id=\"attachment_427386\" aria-describedby=\"caption-attachment-427386\" style=\"width: 300px\" class=\"wp-caption aligncenter\"><a href=\"https:\/\/toolset.com\/wp-content\/uploads\/2012\/09\/cred-post-forms-autogeneration-basic.png\"><img decoding=\"async\" class=\"size-medium wp-image-427386\" src=\"https:\/\/toolset.com\/wp-content\/uploads\/2012\/09\/cred-post-forms-autogeneration-basic-300x285.png\" alt=\"Grundlegender autom. erstellter Formularinhalt.\" width=\"300\" height=\"285\" srcset=\"https:\/\/toolset.com\/wp-content\/uploads\/2012\/09\/cred-post-forms-autogeneration-basic-300x285.png 300w, https:\/\/toolset.com\/wp-content\/uploads\/2012\/09\/cred-post-forms-autogeneration-basic-150x143.png 150w, https:\/\/toolset.com\/wp-content\/uploads\/2012\/09\/cred-post-forms-autogeneration-basic-768x730.png 768w, https:\/\/toolset.com\/wp-content\/uploads\/2012\/09\/cred-post-forms-autogeneration-basic-1024x973.png 1024w, https:\/\/toolset.com\/wp-content\/uploads\/2012\/09\/cred-post-forms-autogeneration-basic-547x520.png 547w, https:\/\/toolset.com\/wp-content\/uploads\/2012\/09\/cred-post-forms-autogeneration-basic.png 1131w\" sizes=\"(max-width: 300px) 100vw, 300px\" \/><\/a><figcaption id=\"caption-attachment-427386\" class=\"wp-caption-text\">Grundlegender autom. erstellter Formularinhalt.<ta_ignore><\/figcaption><\/figure><\/ta_ignore><\/p>\n<p> Sie k\u00f6nnen diese Standardgestaltung eines Formulars verwenden oder den HTML-Code bearbeiten, um Ihren eigenen Look anzuwenden.<\/p>\n<p> Im Forms-Formular k\u00f6nnen Sie fast alles bearbeiten. Die Shortcodes (Texte mit eckigen Klammern um sie herum) sind die Felder und Formular-Steuerungen. Bearbeiten Sie diese nicht, aber f\u00fcgen Sie gern Klassen hinzu, um ihre Gestaltung zu steuern. Sie k\u00f6nnen die HTML um diese Shortcodes herum bearbeiten.<\/p>\n<p> Es gibt einige besondere Forms-Shortcodes, die diese Grundfunktionen jedes Formulars steuern. Diese Shortcodes umfassen:<\/p>\n<ul>\n<li><code>{sc{credform class='cred-form cred-keep-original'}sc}<\/code> &#8211; obligatorisch<\/li>\n<li><code>{sc{cred_field field='form_messages' value=''}sc}<\/code> &#8211; optional, wird zur Darstellung der Validierungsmeldungen verwendet<\/li>\n<li><code>{sc{cred_field field='form_submit' value='Submit' urlparam=}sc}<\/code> &#8211; obligatorisch (Formular kann ohne einen Absenden-Button nicht funktionieren)<\/li>\n<li><code>{sc{\/credform}sc}<\/code> &#8211; obligatorisch<\/li>\n<\/ul>\n<p> Wenn Sie die obligatorischen Shortcodes aus Ihren Formularen entfernen, zerst\u00f6ren Sie diese.<\/p>\n<p> Sie k\u00f6nnen zus\u00e4tzliche Felder einf\u00fcgen, die zum Beitrag geh\u00f6ren, verwenden Sie dazu den Button <strong>Beitragsfelder hinzuf\u00fcgen<\/strong>. Der Button <strong>Generische Felder hinzuf\u00fcgen<\/strong> erm\u00f6glicht es Ihnen, Felder hinzuzuf\u00fcgen, die nicht zum Beitrag geh\u00f6ren. Versuchen Sie, diese beiden Buttons hinzuzuf\u00fcgen und sehen Sie sich an, was sie zu bieten haben.<\/p>\n<h2 id=\"email-notifications\">E-Mail-Benachrichtigungen nach dem Einsenden eines Formulars<\/h2>\n<p> Forms kann Benachrichtigungs-E-Mails versenden, wenn Formulare abgeschickt werden. Sie k\u00f6nnen mehrere E-Mail-Benachrichtigungen an verschiedene Empf\u00e4nger einrichten, die unterschiedliche Inhalte haben. Benachrichtigungs-E-Mails k\u00f6nnen an den Autor eines Inhalts, an einen Website-Administrator oder an einen bestimmten Benutzer bzw. eine bestimmte E-Mail-Adresse gesendet werden.<\/p>\n<p> Sehen wir uns zwei Beispiele f\u00fcr E-Mail-Benachrichtigungen an.<\/p>\n<h3>Senden von E-Mail-Benachrichtigungen f\u00fcr neu eingereichte Entw\u00fcrfe<\/h3>\n<p> Wenn Formulare &#8216;Entw\u00fcrfe&#8217; generieren, brauchen Sie wahrscheinlich einen Redakteur oder Admin, der den Inhalt pr\u00fcft und ver\u00f6ffentlicht. Nat\u00fcrlich brauchen Sie eine M\u00f6glichkeit, den Administrator oder Redakteur zu benachrichtigen, dass ein neuer Beitrag auf Zulassung wartet. Erstellen Sie eine Benachrichtigung, die versendet wird, wenn der Inhalt eingereicht wird, und w\u00e4hlen Sie den Seiten-Admin als Empf\u00e4nger aus.<\/p>\n<h3>Best\u00e4tigung der Inhaltseinsendung an den Einsender<\/h3>\n<p> Ein weiteres typisches Beispiel f\u00fcr die Anwendung automatischer Benachrichtigungen ist das Versenden von Benachrichtigungen an Benutzer, wenn ihre Inhalte erfolgreich eingesandt wurden. Nach der Ver\u00f6ffentlichung eines Formulars k\u00f6nnen die Benutzer eine automatische Best\u00e4tigungs-E-Mail mit dem Text &#8220;Danke f\u00fcr Ihre Ver\u00f6ffentlichung!&#8221; erhalten. In diese Benachrichtigungen k\u00f6nnen Sie verschiedene Informationen einf\u00fcgen, zum Beispiel einen Link auf den Beitrag.<\/p>\n<h3>Einrichtung von E-Mail-Benachrichtigungen f\u00fcr Forms-Formulare<\/h3>\n<p> Benachrichtigungen f\u00fcr das Formular k\u00f6nnen Sie im Abschnitt <strong>Benachrichtigungseinstellungen<\/strong> einrichten.<\/p>\n<p><ta_ignore><figure id=\"attachment_427388\" aria-describedby=\"caption-attachment-427388\" style=\"width: 300px\" class=\"wp-caption aligncenter\"><a href=\"https:\/\/toolset.com\/wp-content\/uploads\/2012\/09\/cred-post-forms-notification-1.png\"><img decoding=\"async\" class=\"size-medium wp-image-427388\" src=\"https:\/\/toolset.com\/wp-content\/uploads\/2012\/09\/cred-post-forms-notification-1-300x179.png\" alt=\"Forms-Beitragsformular-Benachrichtigungs-Abschnitt\" width=\"300\" height=\"179\" srcset=\"https:\/\/toolset.com\/wp-content\/uploads\/2012\/09\/cred-post-forms-notification-1-300x179.png 300w, https:\/\/toolset.com\/wp-content\/uploads\/2012\/09\/cred-post-forms-notification-1-150x90.png 150w, https:\/\/toolset.com\/wp-content\/uploads\/2012\/09\/cred-post-forms-notification-1-768x459.png 768w, https:\/\/toolset.com\/wp-content\/uploads\/2012\/09\/cred-post-forms-notification-1-1024x612.png 1024w, https:\/\/toolset.com\/wp-content\/uploads\/2012\/09\/cred-post-forms-notification-1-805x481.png 805w, https:\/\/toolset.com\/wp-content\/uploads\/2012\/09\/cred-post-forms-notification-1.png 1114w\" sizes=\"(max-width: 300px) 100vw, 300px\" \/><\/a><figcaption id=\"caption-attachment-427388\" class=\"wp-caption-text\">Forms-Beitragsformular-Benachrichtigungs-Abschnitt<ta_ignore><\/figcaption><\/figure><\/ta_ignore><\/p>\n<h2>Validierung der Eingabefelder im Formular<\/h2>\n<p> Forms-Formulare stellen sicher, dass eingereichte Inhalte valide sind. Wenn Sie ein Feld als &#8216;Pflichtfeld&#8217; festlegen, wird Forms sicherstellen, dass diese Felder nicht leer sind. Einige Felder haben Pflichtformate (wie &#8216;E-Mail&#8217;- und &#8216;numerische&#8217; Felder). Forms wird einen Fehler anzeigen, wenn Felder fehlen oder falsch formatiert sind, und den Benutzer bitten, diesen vor dem Absenden zu korrigieren.<\/p>\n<p><ta_ignore><figure id=\"attachment_335028\" aria-describedby=\"caption-attachment-335028\" style=\"width: 300px\" class=\"wp-caption aligncenter\"><a href=\"https:\/\/toolset.com\/wp-content\/uploads\/2012\/09\/cred-post-forms-validation-fail-messages.jpg\"><img decoding=\"async\" class=\"img-border wp-image-335028 size-medium\" src=\"https:\/\/toolset.com\/wp-content\/uploads\/2012\/09\/cred-post-forms-validation-fail-messages-300x231.jpg\" alt=\"Beispiel f\u00fcr eine Fehlermeldung bei der Forms-Beitragsformular-Validierung\" width=\"300\" height=\"231\" srcset=\"https:\/\/toolset.com\/wp-content\/uploads\/2012\/09\/cred-post-forms-validation-fail-messages-300x231.jpg 300w, https:\/\/toolset.com\/wp-content\/uploads\/2012\/09\/cred-post-forms-validation-fail-messages-150x116.jpg 150w, https:\/\/toolset.com\/wp-content\/uploads\/2012\/09\/cred-post-forms-validation-fail-messages-1024x790.jpg 1024w, https:\/\/toolset.com\/wp-content\/uploads\/2012\/09\/cred-post-forms-validation-fail-messages-674x520.jpg 674w, https:\/\/toolset.com\/wp-content\/uploads\/2012\/09\/cred-post-forms-validation-fail-messages.jpg 1053w\" sizes=\"(max-width: 300px) 100vw, 300px\" \/><\/a><figcaption id=\"caption-attachment-335028\" class=\"wp-caption-text\">Beispiel f\u00fcr eine Fehlermeldung bei der Forms-Beitragsformular-Validierung<ta_ignore><\/figcaption><\/figure><\/ta_ignore><\/p>\n<p> Die automatische Eingabe-Validierung ist auch wichtig f\u00fcr die Sicherheit Ihrer Seite, da sie das Einsenden von schadhaftem Code verhindert.<\/p>\n<p> Benutzen Sie HTML und CSS, um die Validierungsmeldungen f\u00fcr das Formular und die Felder zu gestalten.<\/p>\n<h2>Integrierter Spam-Schutz f\u00fcr Formulare<\/h2>\n<p> Mit Forms k\u00f6nnen Sie SPAM auf Ihrer Seite mit Hilfe von reCAPTCHA verhindern. Bei der Einrichtung des Formulars k\u00f6nnen Sie wahlweise das reCAPTCHA-Feld einf\u00fcgen. Um dieses zu benutzen, m\u00fcssen Sie Ihre Account-Anmeldedaten eingeben.<\/p>\n<p><ta_ignore><figure id=\"attachment_389973\" aria-describedby=\"caption-attachment-389973\" style=\"width: 300px\" class=\"wp-caption aligncenter\"><a href=\"https:\/\/toolset.com\/wp-content\/uploads\/2012\/09\/cred-recaptcha-v2.png\" rel=\"attachment wp-att-389973\"><img decoding=\"async\" class=\"size-medium wp-image-389973\" src=\"https:\/\/toolset.com\/wp-content\/uploads\/2012\/09\/cred-recaptcha-v2-300x76.png\" alt=\"Das reCAPTCHA-Feld wie es in den Forms-Beitragsformularen erscheint.\" width=\"300\" height=\"76\" srcset=\"https:\/\/toolset.com\/wp-content\/uploads\/2012\/09\/cred-recaptcha-v2-300x76.png 300w, https:\/\/toolset.com\/wp-content\/uploads\/2012\/09\/cred-recaptcha-v2-150x38.png 150w, https:\/\/toolset.com\/wp-content\/uploads\/2012\/09\/cred-recaptcha-v2.png 379w\" sizes=\"(max-width: 300px) 100vw, 300px\" \/><\/a><figcaption id=\"caption-attachment-389973\" class=\"wp-caption-text\">das reCAPTCHA-Feld wie es in den Forms-Beitragsformularen erscheint.<ta_ignore><\/figcaption><\/figure><\/ta_ignore><\/p>\n<p> Um reCAPTCHA zu benutzen, m\u00fcssen Sie zuerst die \u00f6ffentlichen und privaten Schl\u00fcssel \u00fcber <a href=\"https:\/\/www.google.com\/recaptcha\/\">Googles reCAPTCHA-Website<\/a> registrieren. Dann k\u00f6nnen Sie das Feld in ein beliebiges Formular einf\u00fcgen, indem Sie die Funktion <strong>Forms autom. Formularerstellung<\/strong> verwenden oder dieses mit dem Button <strong>Beitragsfelder hinzuf\u00fcgen<\/strong> manuell einf\u00fcgen.<\/p>\n<p> Zus\u00e4tzlich zum reCAPTCHA-Feld, das zum Bek\u00e4mpfen von SPAM benutzt wird, k\u00f6nnen Sie auch mit dem Access-Plugin den Zugriff auf Formulare beschr\u00e4nken.<\/p>\n<h2 id=\"displaying-forms-on-the-front-end\">Anzeige der Formulare im Frontend der Seite<\/h2>\n<p> Sie k\u00f6nnen Forms-Formulare in einen beliebigen WordPress-Inhalt einf\u00fcgen. Dazu geh\u00f6ren Seiten, Beitr\u00e4ge und alle benutzerdefinierten Typen. Wenn Sie Inhalte bearbeiten, klicken Sie auf den Button <strong>Forms-Formulare<\/strong> und w\u00e4hlen Sie das Formular aus.<\/p>\n<p><ta_ignore><figure id=\"attachment_427392\" aria-describedby=\"caption-attachment-427392\" style=\"width: 300px\" class=\"wp-caption aligncenter\"><a href=\"https:\/\/toolset.com\/wp-content\/uploads\/2012\/09\/cred-post-forms-insertion-into-content.png\"><img decoding=\"async\" class=\"size-medium wp-image-427392\" src=\"https:\/\/toolset.com\/wp-content\/uploads\/2012\/09\/cred-post-forms-insertion-into-content-300x180.png\" alt=\"Forms-Formular-Einf\u00fcge-Dialog\" width=\"300\" height=\"180\" srcset=\"https:\/\/toolset.com\/wp-content\/uploads\/2012\/09\/cred-post-forms-insertion-into-content-300x180.png 300w, https:\/\/toolset.com\/wp-content\/uploads\/2012\/09\/cred-post-forms-insertion-into-content-150x90.png 150w, https:\/\/toolset.com\/wp-content\/uploads\/2012\/09\/cred-post-forms-insertion-into-content-768x460.png 768w, https:\/\/toolset.com\/wp-content\/uploads\/2012\/09\/cred-post-forms-insertion-into-content-1024x614.png 1024w, https:\/\/toolset.com\/wp-content\/uploads\/2012\/09\/cred-post-forms-insertion-into-content-805x482.png 805w, https:\/\/toolset.com\/wp-content\/uploads\/2012\/09\/cred-post-forms-insertion-into-content.png 1155w\" sizes=\"(max-width: 300px) 100vw, 300px\" \/><\/a><figcaption id=\"caption-attachment-427392\" class=\"wp-caption-text\">Forms-Formular-Einf\u00fcge-Dialog<ta_ignore><\/figcaption><\/figure><\/ta_ignore><\/p>\n<p> Das Formular wird dann auf der Seite angezeigt.<\/p>\n<p><ta_ignore><figure id=\"attachment_335025\" aria-describedby=\"caption-attachment-335025\" style=\"width: 212px\" class=\"wp-caption aligncenter\"><a href=\"https:\/\/toolset.com\/wp-content\/uploads\/2012\/09\/cred-post-forms-classifieds-example.jpg\"><img decoding=\"async\" class=\"img-border wp-image-335025 size-medium\" src=\"https:\/\/toolset.com\/wp-content\/uploads\/2012\/09\/cred-post-forms-classifieds-example-212x300.jpg\" alt=\"Forms-Formular f\u00fcr eine Kleinanzeigen-Seite\" width=\"212\" height=\"300\" srcset=\"https:\/\/toolset.com\/wp-content\/uploads\/2012\/09\/cred-post-forms-classifieds-example-212x300.jpg 212w, https:\/\/toolset.com\/wp-content\/uploads\/2012\/09\/cred-post-forms-classifieds-example-106x150.jpg 106w, https:\/\/toolset.com\/wp-content\/uploads\/2012\/09\/cred-post-forms-classifieds-example-724x1024.jpg 724w, https:\/\/toolset.com\/wp-content\/uploads\/2012\/09\/cred-post-forms-classifieds-example-367x520.jpg 367w, https:\/\/toolset.com\/wp-content\/uploads\/2012\/09\/cred-post-forms-classifieds-example.jpg 1036w\" sizes=\"(max-width: 212px) 100vw, 212px\" \/><\/a><figcaption id=\"caption-attachment-335025\" class=\"wp-caption-text\">Forms-Formular f\u00fcr eine Kleinanzeigen-Seite<ta_ignore><\/figcaption><\/figure><\/ta_ignore><\/p>\n<h3 id=\"editing-forms-and-deletion-links\">Einf\u00fcgen von Formularen zur Beitragsbearbeitung und zum L\u00f6schen von Links<\/h3>\n<p> Nach dem Einf\u00fcgen von Forms-Formularen zur Erstellung neuer Inhalte k\u00f6nnen Sie auch solche einf\u00fcgen, die Inhalte bearbeiten. Beim Einf\u00fcgen der Bearbeitungsformulare k\u00f6nnen Sie ausw\u00e4hlen, ob diese direkt in einem Beitrag oder auf einer Seite angezeigt werden sollen, oder einen Link zum Bearbeitungsformular selbst einf\u00fcgen. In den erweiterten Optionen haben Sie die M\u00f6glichkeit, Inhalte zur Bearbeitung auszuw\u00e4hlen (den aktuellen Beitrag oder einen bestimmten).<\/p>\n<p> Zus\u00e4tzlich erm\u00f6glicht Forms es Ihnen, Links einzuf\u00fcgen, die einen bestimmten Beitrag oder eine bestimmte Seite l\u00f6schen. <span>In den erweiterten Optionen k\u00f6nnen Sie Inhalte ausw\u00e4hlen, die gel\u00f6scht werden sollen (aktuelle Beitr\u00e4ge oder einen bestimmten).<\/span><\/p>\n<h2 id=\"creating-woocomerce-products\">Erstellung von WooCommerce-Produkten mit Forms-Formularen<\/h2>\n<p> Forms-Formulare k\u00f6nnen auch zur Erstellung neuer WooCommerce-Produkte vom Frontend aus benutzt werden.<\/p>\n<p> Sie k\u00f6nnen diesen Formularen alle Standard-WooCommerce-Produktfelder hinzuf\u00fcgen. Weitere Details finden Sie auf der Dokumentationsseite <a href=\"\/?post_type=course-lesson&#038;p=472600\">Erstellung von WooCommerce-Produkten mit Forms-Formularen<\/a>.<\/p>\n<p><ta_ignore><figure id=\"attachment_473006\" aria-describedby=\"caption-attachment-473006\" style=\"width: 284px\" class=\"wp-caption aligncenter\"><a href=\"https:\/\/toolset.com\/wp-content\/uploads\/2012\/09\/woocommerce-product-cred-form.png\"><img decoding=\"async\" class=\"size-medium wp-image-473006\" src=\"https:\/\/toolset.com\/wp-content\/uploads\/2012\/09\/woocommerce-product-cred-form-284x300.png\" alt=\"Forms-Formular zum Einsenden eines neuen WooCommerce-Produkts.\" width=\"284\" height=\"300\" srcset=\"https:\/\/toolset.com\/wp-content\/uploads\/2012\/09\/woocommerce-product-cred-form-284x300.png 284w, https:\/\/toolset.com\/wp-content\/uploads\/2012\/09\/woocommerce-product-cred-form-142x150.png 142w, https:\/\/toolset.com\/wp-content\/uploads\/2012\/09\/woocommerce-product-cred-form-768x811.png 768w, https:\/\/toolset.com\/wp-content\/uploads\/2012\/09\/woocommerce-product-cred-form-493x520.png 493w, https:\/\/toolset.com\/wp-content\/uploads\/2012\/09\/woocommerce-product-cred-form.png 920w\" sizes=\"(max-width: 284px) 100vw, 284px\" \/><\/a><figcaption id=\"caption-attachment-473006\" class=\"wp-caption-text\">Forms-Formular zum Einsenden eines neuen WooCommerce-Produkts.<ta_ignore><\/figcaption><\/figure><\/ta_ignore><\/p>\n<h2>Steuerung des Zugriffs auf die Frontend-Inhaltsformulare<\/h2>\n<p> Sie k\u00f6nnen den Zugriff auf die Forms-Formulare mit dem Access-Plugin steuern, das Teil von Toolset ist.<\/p>\n<p> Mit Access k\u00f6nnen Sie steuern, wer verschiedene Formulare verwenden kann. Einige Formulare k\u00f6nnen allen offen stehen, andere bestimmten Rollen und manche Formulare nur bestimmten Benutzern.<\/p>\n<p> Um mehr zu erfahren, lesen Sie <a href=\"\/?page_id=24631\">Access-Steuerung f\u00fcr Forms-Formulare<\/a>.<\/p>\n","protected":false},"excerpt":{"rendered":"<p>Viele Websites ben\u00f6tigen die Funktion, vom Frontend aus Inhalte zu erstellen und zu bearbeiten. Beispiele sind Kleinanzeigen-, Auflistungs-, Immobilien- und Jobb\u00f6rsen-Seiten. Das Forms-Plugin macht diese Funktion einfach. Forms erm\u00f6glicht es Ihnen, Frontend-Formulare zum Erstellen und Bearbeiten von Inhalten zu erstellen. Diese Formulare k\u00f6nnen benutzerdefinierte Felder umfassen, Eingaben validieren und Benachrichtigungs-E-Mails versenden. Um ein neues Formular [&hellip;]<\/p>\n","protected":false},"author":1,"featured_media":0,"parent":0,"menu_order":0,"comment_status":"closed","ping_status":"closed","template":"","meta":{"_bbp_topic_count":0,"_bbp_reply_count":0,"_bbp_total_topic_count":0,"_bbp_total_reply_count":0,"_bbp_voice_count":0,"_bbp_anonymous_reply_count":0,"_bbp_topic_count_hidden":0,"_bbp_reply_count_hidden":0,"_bbp_forum_subforum_count":0,"ep_exclude_from_search":false,"footnotes":""},"documentation-category":[5752],"class_list":["post-692449","page","type-page","status-publish","hentry","documentation-category-cred"],"_links":{"self":[{"href":"https:\/\/toolset.com\/de\/wp-json\/wp\/v2\/pages\/692449","targetHints":{"allow":["GET"]}}],"collection":[{"href":"https:\/\/toolset.com\/de\/wp-json\/wp\/v2\/pages"}],"about":[{"href":"https:\/\/toolset.com\/de\/wp-json\/wp\/v2\/types\/page"}],"author":[{"embeddable":true,"href":"https:\/\/toolset.com\/de\/wp-json\/wp\/v2\/users\/1"}],"replies":[{"embeddable":true,"href":"https:\/\/toolset.com\/de\/wp-json\/wp\/v2\/comments?post=692449"}],"version-history":[{"count":0,"href":"https:\/\/toolset.com\/de\/wp-json\/wp\/v2\/pages\/692449\/revisions"}],"wp:attachment":[{"href":"https:\/\/toolset.com\/de\/wp-json\/wp\/v2\/media?parent=692449"}],"wp:term":[{"taxonomy":"documentation-category","embeddable":true,"href":"https:\/\/toolset.com\/de\/wp-json\/wp\/v2\/documentation-category?post=692449"}],"curies":[{"name":"wp","href":"https:\/\/api.w.org\/{rel}","templated":true}]}}