{"id":625230,"date":"2018-03-15T10:44:17","date_gmt":"2018-03-15T10:44:17","guid":{"rendered":"https:\/\/toolset.com\/start\/toolset-tour\/"},"modified":"2020-06-04T08:17:55","modified_gmt":"2020-06-04T08:17:55","slug":"toolset-tour","status":"publish","type":"page","link":"https:\/\/toolset.com\/de\/startseite-neu\/toolset-tour\/","title":{"rendered":"Toolset-Tour"},"content":{"rendered":"<div class=\"wp-block-toolset-blocks-container tb-container alignfull\" data-toolset-blocks-container=\"50c80471f6789cd8e537aacd0c02bca1\"> <div class=\"wp-block-toolset-blocks-container tb-container alignfull\" data-toolset-blocks-container=\"aca689103d7312add1a35e63385fbd08\"><div class=\"tb-container-inner\"> <div class=\"wp-block-toolset-blocks-grid tb-grid\" data-toolset-blocks-grid=\"911934f7020e9c5d2123ec98a28288c8\"> <div class=\"wp-block-toolset-blocks-grid-column tb-grid-column tb-grid-align-center tb-align-top\" data-toolset-blocks-grid-column=\"6c99d90d0bfe30cabf9a62185486ee3c\"> <h2 class=\"tb-heading\" data-toolset-blocks-heading=\"22f3feddf06abce0c644b27c868598f6\"><strong>Toolset hilft Nichtprogrammierern, fortgeschrittene WordPress-Seiten zu erstellen.<\/strong> <\/h2> <div class=\"tb-fields-and-text\" data-toolset-blocks-fields-and-text=\"57413f427e9d81f5ed043abb9e0c3881\">Klingt, als w\u00fcrden wir zu viel versprechen?<br \/> Sehen Sie sich an, wie es wirklich funktioniert.<\/div> <div class=\"wp-block-toolset-blocks-container tb-container\" data-toolset-blocks-container=\"deaf6d2641f0a59e94ad0a06620df26f\"> <div class=\"wp-block-toolset-blocks-grid tb-grid\" data-toolset-blocks-grid=\"945215e30cd9079af759e7681f8506f9\"> <div class=\"wp-block-toolset-blocks-grid-column tb-grid-column tb-grid-align-top\" data-toolset-blocks-grid-column=\"3034fbe886c11054e95b46b09d3e4112\"><div class=\"tb-fields-and-text\" data-toolset-blocks-fields-and-text=\"7f55dc5340ed9d390effba94928149e6\"> <p><span style=\"font-weight: 400;\">Kein HTML, kein CSS, kein JavaScript und kein PHP n\u00f6tig!<\/span><\/p> <\/div> <\/div> <div class=\"wp-block-toolset-blocks-grid-column tb-grid-column tb-grid-align-top\" data-toolset-blocks-grid-column=\"3034fbe886c11054e95b46b09d3e4112\"> <figure class=\"wp-block-image tb-image tb-image-media\" data-toolset-blocks-image=\"58d16bc320b0a7ca4b93496477b04b1a\"><img decoding=\"async\" loading=\"lazy\" src=\"https:\/\/toolset.com\/wp-content\/uploads\/2020\/03\/no-coding.svg\" alt=\"\" class=\"wp-image-1545659\"\/><\/figure> <\/div> <\/div> <\/div> <\/div> <div class=\"wp-block-toolset-blocks-grid-column tb-grid-column tb-grid-align-center tb-align-top\" data-toolset-blocks-grid-column=\"2eef7cf1cb64eeb51b891178b32d49fd\"><div class=\"wp-block-image\"> <figure class=\" tb-image tb-image-media aligncenter\" data-toolset-blocks-image=\"6215f0937eba5559453576a908bf2d28\"><a href=\"https:\/\/www.youtube.com\/watch?v=_1MaF2QOjx8\"><img decoding=\"async\" width=\"559\" height=\"383\" loading=\"lazy\" src=\"https:\/\/toolset.com\/wp-content\/uploads\/2020\/05\/Dario-Toolset-tour-video-1.png\" alt=\"\" class=\"wp-image-1641149\" srcset=\"https:\/\/toolset.com\/wp-content\/uploads\/2020\/05\/Dario-Toolset-tour-video-1.png 559w, https:\/\/toolset.com\/wp-content\/uploads\/2020\/05\/Dario-Toolset-tour-video-1-300x206.png 300w, https:\/\/toolset.com\/wp-content\/uploads\/2020\/05\/Dario-Toolset-tour-video-1-150x103.png 150w\" sizes=\"auto, (max-width: 559px) 100vw, 559px\" \/><\/a><\/figure> <\/div><\/div> <\/div> <\/div><\/div> <\/div> <div class=\"wp-block-toolset-blocks-container tb-container alignfull\" data-toolset-blocks-container=\"8d871ddf8b8628b328d67474c49e45b8\"><div class=\"tb-container-inner\"> <div class=\"wp-block-toolset-blocks-grid tb-grid\" data-toolset-blocks-grid=\"c0ca86f70d7239d5bbc4d8c0a7dcc828\"> <div class=\"wp-block-toolset-blocks-grid-column tb-grid-column tb-grid-align-center tb-align-top\" data-toolset-blocks-grid-column=\"6c99d90d0bfe30cabf9a62185486ee3c\"><div class=\"wp-block-image\"> <figure class=\" tb-image tb-image-media aligncenter\" data-toolset-blocks-image=\"c6909d7ed8bf2e7e89045c20645359f6\"><img decoding=\"async\" width=\"1000\" height=\"743\" loading=\"lazy\" src=\"https:\/\/toolset.com\/wp-content\/uploads\/2020\/05\/CPT-1.png\" alt=\"\" class=\"wp-image-1641243\" srcset=\"https:\/\/toolset.com\/wp-content\/uploads\/2020\/05\/CPT-1.png 1000w, https:\/\/toolset.com\/wp-content\/uploads\/2020\/05\/CPT-1-300x223.png 300w, https:\/\/toolset.com\/wp-content\/uploads\/2020\/05\/CPT-1-150x111.png 150w, https:\/\/toolset.com\/wp-content\/uploads\/2020\/05\/CPT-1-768x571.png 768w, https:\/\/toolset.com\/wp-content\/uploads\/2020\/05\/CPT-1-700x520.png 700w\" sizes=\"auto, (max-width: 1000px) 100vw, 1000px\" \/><\/figure> <\/div><\/div> <div class=\"wp-block-toolset-blocks-grid-column tb-grid-column tb-grid-align-center tb-align-top\" data-toolset-blocks-grid-column=\"6c99d90d0bfe30cabf9a62185486ee3c\"> <div class=\"wp-block-toolset-blocks-container tb-container\" data-toolset-blocks-container=\"11d7377a43bd780b50b042f35b3fb975\"> <figure class=\"wp-block-image tb-image tb-image-media\" data-toolset-blocks-image=\"6d4153cc4d443368a34344482418b35d\"><img decoding=\"async\" loading=\"lazy\" src=\"https:\/\/toolset.com\/wp-content\/uploads\/2020\/03\/types-orange.svg\" alt=\"\" class=\"wp-image-1553607\"\/><\/figure> <h3 class=\"tb-heading\" data-toolset-blocks-heading=\"0f352e697adb8f1a3241ca4ef6113564\">Richten Sie die benutzerdefinierten Typen und Felder ein, die Ihre Website ben\u00f6tigt.<\/h3> <div class=\"tb-fields-and-text\" data-toolset-blocks-fields-and-text=\"6088439d9df1bb352cf469db67308436\"> <p><span>Verschiedene Seiten erfordern verschiedene Inhaltstypen. Mit Toolset k\u00f6nnen Sie genau die Inhaltstypen erstellen, die Sie ben\u00f6tigen, und ganz einfach Verbindungen zwischen ihnen einrichten.<\/span><\/p> <\/div> <\/div> <\/div> <\/div> <div class=\"wp-block-toolset-blocks-container tb-container\" data-toolset-blocks-container=\"39f9ffd729940b5567a921bd0062e768\"><\/div> <\/div><\/div> <div class=\"wp-block-toolset-blocks-container tb-container alignfull\" data-toolset-blocks-container=\"a2fad2cf07f2c1036d70b6c1f30bb734\"><div class=\"tb-container-inner\"> <div class=\"wp-block-toolset-blocks-grid tb-grid\" data-toolset-blocks-grid=\"b311a177d830f0795342f261d446f15a\"> <div class=\"wp-block-toolset-blocks-grid-column tb-grid-column tb-grid-align-center tb-align-top\" data-toolset-blocks-grid-column=\"6c99d90d0bfe30cabf9a62185486ee3c\"> <div class=\"wp-block-toolset-blocks-container tb-container\" data-toolset-blocks-container=\"11d7377a43bd780b50b042f35b3fb975\"> <figure class=\"wp-block-image tb-image tb-image-media\" data-toolset-blocks-image=\"2f6c1ef4942405df32e9267a3974cae1\"><img decoding=\"async\" loading=\"lazy\" src=\"https:\/\/toolset.com\/wp-content\/uploads\/2020\/05\/view.svg\" alt=\"\" class=\"wp-image-1641175\"\/><\/figure> <h3 class=\"tb-heading\" data-toolset-blocks-heading=\"6bb756fef87b5a28186c94c73b4df895\">Entwerfen Sie Templates und Views<\/h3> <div class=\"tb-fields-and-text\" data-toolset-blocks-fields-and-text=\"6088439d9df1bb352cf469db67308436\"> <p>Toolset macht die Gestaltung von Templates, Archiven und Listen f\u00fcr Ihre Inhaltstypen einfach. Sie erstellen alles visuell mit dem integrierten Block-Editor von WordPress.<\/p> <p>Neben den Templates m\u00fcssen Sie fast immer Listen von Objekten anzeigen. Diese nennen wir Views. Mit Views k\u00f6nnen Sie eine beliebige Inhaltsliste hochladen und ganz nach Ihren Vorstellungen anzeigen lassen. Sie k\u00f6nnen einfache Listen, Gitter, Tabellen und benutzerdefinierte Suche erstellen und sogar Inhalte auf Google Maps anzeigen.<\/p> <\/div> <\/div> <\/div> <div class=\"wp-block-toolset-blocks-grid-column tb-grid-column tb-grid-align-center tb-align-top\" data-toolset-blocks-grid-column=\"6c99d90d0bfe30cabf9a62185486ee3c\"> <figure class=\"wp-block-image tb-image tb-image-url\" data-toolset-blocks-image=\"a860dec40b45b5afb230ba11e3c11ea6\"><img decoding=\"async\" loading=\"lazy\" src=\"https:\/\/toolset.com\/wp-content\/uploads\/2020\/03\/trainer-1.png\"\/><\/figure> <\/div> <\/div> <div class=\"wp-block-toolset-blocks-container tb-container\" data-toolset-blocks-container=\"39f9ffd729940b5567a921bd0062e768\"><\/div> <\/div><\/div> <div class=\"wp-block-toolset-blocks-container tb-container alignfull\" data-toolset-blocks-container=\"8d871ddf8b8628b328d67474c49e45b8\"><div class=\"tb-container-inner\"> <div class=\"wp-block-toolset-blocks-grid tb-grid\" data-toolset-blocks-grid=\"c0ca86f70d7239d5bbc4d8c0a7dcc828\"> <div class=\"wp-block-toolset-blocks-grid-column tb-grid-column tb-grid-align-center tb-align-top\" data-toolset-blocks-grid-column=\"6c99d90d0bfe30cabf9a62185486ee3c\"><div class=\"wp-block-image\"> <figure class=\" tb-image tb-image-media aligncenter\" data-toolset-blocks-image=\"828168664d5bf99db0b66b2ea5b3e2d2\"><img decoding=\"async\" width=\"1000\" height=\"743\" loading=\"lazy\" src=\"https:\/\/toolset.com\/wp-content\/uploads\/2020\/05\/form.png\" alt=\"\" class=\"wp-image-1641331\" srcset=\"https:\/\/toolset.com\/wp-content\/uploads\/2020\/05\/form.png 1000w, https:\/\/toolset.com\/wp-content\/uploads\/2020\/05\/form-300x223.png 300w, https:\/\/toolset.com\/wp-content\/uploads\/2020\/05\/form-150x111.png 150w, https:\/\/toolset.com\/wp-content\/uploads\/2020\/05\/form-768x571.png 768w, https:\/\/toolset.com\/wp-content\/uploads\/2020\/05\/form-700x520.png 700w\" sizes=\"auto, (max-width: 1000px) 100vw, 1000px\" \/><\/figure> <\/div><\/div> <div class=\"wp-block-toolset-blocks-grid-column tb-grid-column tb-grid-align-center tb-align-top\" data-toolset-blocks-grid-column=\"6c99d90d0bfe30cabf9a62185486ee3c\"> <div class=\"wp-block-toolset-blocks-container tb-container\" data-toolset-blocks-container=\"11d7377a43bd780b50b042f35b3fb975\"> <figure class=\"wp-block-image tb-image tb-image-media\" data-toolset-blocks-image=\"c9d40af28227e5c71942853ef0cfdf86\"><img decoding=\"async\" loading=\"lazy\" src=\"https:\/\/toolset.com\/wp-content\/uploads\/2020\/03\/form-orange.svg\" alt=\"\" class=\"wp-image-1553623\"\/><\/figure> <h3 class=\"tb-heading\" data-toolset-blocks-heading=\"0f352e697adb8f1a3241ca4ef6113564\">Erstellen Sie Formulare f\u00fcr die Einsendung und Bearbeitung von Inhalten im Frontend<\/h3> <div class=\"tb-fields-and-text\" data-toolset-blocks-fields-and-text=\"6088439d9df1bb352cf469db67308436\"> <p><span>Wenn Sie Auflistungs-, Kleinanzeigen- oder Verzeichnisseiten erstellen, brauchen Sie Formulare, \u00fcber die die Besucher Inhalte direkt vom Frontend aus einsenden und bearbeiten k\u00f6nnen. Mit Hilife von Toolset k\u00f6nnen Sie Formulare f\u00fcr alle Inhaltstypen mit allen Feldern Ihrer Wahl erstellen. Toolset-Formulare erm\u00f6glichen die Erstellung neuer Inhalte, die Bearbeitung von Inhalten und sogar das L\u00f6schen von Inhalten.<\/span><\/p> <\/div> <\/div> <\/div> <\/div> <div class=\"wp-block-toolset-blocks-container tb-container\" data-toolset-blocks-container=\"39f9ffd729940b5567a921bd0062e768\"><\/div> <\/div><\/div> <div class=\"wp-block-toolset-blocks-container tb-container alignfull\" data-toolset-blocks-container=\"a2fad2cf07f2c1036d70b6c1f30bb734\"><div class=\"tb-container-inner\"> <div class=\"wp-block-toolset-blocks-grid tb-grid\" data-toolset-blocks-grid=\"b311a177d830f0795342f261d446f15a\"> <div class=\"wp-block-toolset-blocks-grid-column tb-grid-column tb-grid-align-center tb-align-top\" data-toolset-blocks-grid-column=\"6c99d90d0bfe30cabf9a62185486ee3c\"> <div class=\"wp-block-toolset-blocks-container tb-container\" data-toolset-blocks-container=\"11d7377a43bd780b50b042f35b3fb975\"> <figure class=\"wp-block-image tb-image tb-image-media\" data-toolset-blocks-image=\"9fe1a4e42f914615bf939883cf8c8571\"><img decoding=\"async\" width=\"30\" height=\"30\" loading=\"lazy\" src=\"https:\/\/toolset.com\/wp-content\/uploads\/2020\/03\/access-orange.svg\" alt=\"Toolset Access\" class=\"wp-image-1553633\"\/><\/figure> <h3 class=\"tb-heading\" data-toolset-blocks-heading=\"6bb756fef87b5a28186c94c73b4df895\">Steuern Sie, wer auf verschiedene Admin- und Frontend-Seiten zugreifen kann <\/h3> <div class=\"tb-fields-and-text\" data-toolset-blocks-fields-and-text=\"6088439d9df1bb352cf469db67308436\"> <p><span>Toolset umfasst erweiterte Zugriffskontrolle auf den WordPress-Adminbereich, ebenso wie auf die Frontend-Seiten. Sie k\u00f6nnen benutzerdefinierte Rolle festlegen und deren Zugriff auf Ihre Seite verwalten. Wenn Sie den Zugriff sperren, k\u00f6nnen Sie einstellen, was stattdessen angezeigt werden soll.<\/span><\/p> <\/div> <\/div> <\/div> <div class=\"wp-block-toolset-blocks-grid-column tb-grid-column tb-grid-align-center tb-align-top\" data-toolset-blocks-grid-column=\"6c99d90d0bfe30cabf9a62185486ee3c\"><div class=\"wp-block-image\"> <figure class=\" tb-image tb-image-media aligncenter\" data-toolset-blocks-image=\"8bc32c200a17695695e320dc40d48229\"><img decoding=\"async\" width=\"1000\" height=\"743\" loading=\"lazy\" src=\"https:\/\/toolset.com\/wp-content\/uploads\/2020\/05\/access.png\" alt=\"\" class=\"wp-image-1641355\" srcset=\"https:\/\/toolset.com\/wp-content\/uploads\/2020\/05\/access.png 1000w, https:\/\/toolset.com\/wp-content\/uploads\/2020\/05\/access-300x223.png 300w, https:\/\/toolset.com\/wp-content\/uploads\/2020\/05\/access-150x111.png 150w, https:\/\/toolset.com\/wp-content\/uploads\/2020\/05\/access-768x571.png 768w, https:\/\/toolset.com\/wp-content\/uploads\/2020\/05\/access-700x520.png 700w\" sizes=\"auto, (max-width: 1000px) 100vw, 1000px\" \/><\/figure> <\/div><\/div> <\/div> <div class=\"wp-block-toolset-blocks-container tb-container\" data-toolset-blocks-container=\"39f9ffd729940b5567a921bd0062e768\"><\/div> <\/div><\/div> <div class=\"wp-block-toolset-blocks-container tb-container\" data-toolset-blocks-container=\"55e374c8b6fb444efc183df0cae4d670\"><div class=\"tb-container-inner\"> <h2 class=\"tb-heading has-text-color\" data-toolset-blocks-heading=\"8e57c57ed9a6bb63e2705a4ce92e2a33\">Holen Sie sich Toolset noch heute und profitieren Sie von unserer 30 Tage geltenden 100-%-Geld-Zur\u00fcck-Garantie<\/h2> <div class=\"tb-button\" data-toolset-blocks-button=\"b0c6e8e7e546ee6cf2ba92f15b88a1b2\"><a class=\"tb-button__link\" href=\"https:\/\/toolset.com\/buy\/\"><i class=\"tb-button__icon\"><\/i><span class=\"tb-button__content\">Kaufen und herunterladen<\/span><\/a><\/div> <div class=\"wp-block-toolset-blocks-grid tb-grid\" data-toolset-blocks-grid=\"c6bdec274d6cdaeeea7644a2d21f03fe\"> <div class=\"wp-block-toolset-blocks-grid-column tb-grid-column tb-grid-align-center\" data-toolset-blocks-grid-column=\"f586ff7bfe1d7317c63162ec7b7039ed\"><div class=\"tb-fields-and-text\" data-toolset-blocks-fields-and-text=\"110ece5c8c116dd5bba2e3ee44718d46\"> <p style=\"text-align: right;\"><span>Sie haben Fragen?<\/span><\/p> <\/div> <\/div> <div class=\"wp-block-toolset-blocks-grid-column tb-grid-column tb-grid-align-center\" data-toolset-blocks-grid-column=\"f586ff7bfe1d7317c63162ec7b7039ed\"> <div class=\"tb-button\" data-toolset-blocks-button=\"7acb3a5817abc7c61ab21663601a796a\"><a class=\"tb-button__link\" href=\"https:\/\/toolset.com\/toolset-free-consultation\/\"><i class=\"tb-button__icon\"><\/i><span class=\"tb-button__content\">Stellen Sie sie uns<\/span><\/a><\/div> <\/div> <\/div> <\/div><\/div>","protected":false},"excerpt":{"rendered":"","protected":false},"author":23373,"featured_media":0,"parent":1397513,"menu_order":0,"comment_status":"closed","ping_status":"closed","template":"template-page-no-title.php","meta":{"_bbp_topic_count":0,"_bbp_reply_count":0,"_bbp_total_topic_count":0,"_bbp_total_reply_count":0,"_bbp_voice_count":0,"_bbp_anonymous_reply_count":0,"_bbp_topic_count_hidden":0,"_bbp_reply_count_hidden":0,"_bbp_forum_subforum_count":0,"ep_exclude_from_search":false,"footnotes":""},"documentation-category":[],"class_list":["post-625230","page","type-page","status-publish","hentry"],"_links":{"self":[{"href":"https:\/\/toolset.com\/de\/wp-json\/wp\/v2\/pages\/625230","targetHints":{"allow":["GET"]}}],"collection":[{"href":"https:\/\/toolset.com\/de\/wp-json\/wp\/v2\/pages"}],"about":[{"href":"https:\/\/toolset.com\/de\/wp-json\/wp\/v2\/types\/page"}],"author":[{"embeddable":true,"href":"https:\/\/toolset.com\/de\/wp-json\/wp\/v2\/users\/23373"}],"replies":[{"embeddable":true,"href":"https:\/\/toolset.com\/de\/wp-json\/wp\/v2\/comments?post=625230"}],"version-history":[{"count":8,"href":"https:\/\/toolset.com\/de\/wp-json\/wp\/v2\/pages\/625230\/revisions"}],"predecessor-version":[{"id":1650127,"href":"https:\/\/toolset.com\/de\/wp-json\/wp\/v2\/pages\/625230\/revisions\/1650127"}],"up":[{"embeddable":true,"href":"https:\/\/toolset.com\/de\/wp-json\/wp\/v2\/pages\/1397513"}],"wp:attachment":[{"href":"https:\/\/toolset.com\/de\/wp-json\/wp\/v2\/media?parent=625230"}],"wp:term":[{"taxonomy":"documentation-category","embeddable":true,"href":"https:\/\/toolset.com\/de\/wp-json\/wp\/v2\/documentation-category?post=625230"}],"curies":[{"name":"wp","href":"https:\/\/api.w.org\/{rel}","templated":true}]}}