{"id":5180,"date":"2012-11-21T21:12:36","date_gmt":"2012-11-21T21:12:36","guid":{"rendered":"https:\/\/toolset.com\/funktionen\/"},"modified":"2014-10-28T16:32:26","modified_gmt":"2014-10-28T16:32:26","slug":"funktionen","status":"publish","type":"page","link":"https:\/\/toolset.com\/de\/funktionen\/","title":{"rendered":"Rundgang"},"content":{"rendered":"<section id=\"product-features\">\n<header>\n<hgroup>\n<h1>Types-Rundgang<\/h1>\n<\/hgroup>\n<\/header>\n<section class=\"featureblock singlefeature\">\n<h3>Verwenden Sie benutzerdefinierte Felder in Templates<\/h3>\n<p><strong>Mit <a href=\"https:\/\/toolset.com\/de\/start\/types-verwalten-sie-beitragstypen-taxonomie-und-benutzerdefinierte-felder\/\">Types<\/a> k\u00f6nnen Sie dem Inhalt benutzerdefinierte Felder hinzuf\u00fcgen und <a href=\"https:\/\/toolset.com\/de\/start\/views-erstellen-sie-elegante-ansichten-fur-ihren-inhalt\/\">Views<\/a> macht es einfach, diese anzuzeigen.<\/strong><\/p>\n<p>Erstellen Sie View-Templates f\u00fcr Beitr\u00e4ge, Seiten und benutzerdefinierte Typen und f\u00fcgen Sie benutzerdefinierte Felder ein &#8211; alles vom Views-Men\u00fc aus. Sie k\u00f6nnen HTML und CSS benutzen, um die Seiten\u00fcberschrift, den Inhalt und die benutzerdefinierten Felder, die Sie einf\u00fcgen, zu gestalten und zu positionieren. <\/p>\n<p>Aber es sind nicht nur benutzerdefinierte Felder. Mit Views k\u00f6nnen Sie ganz einfach alle Standard-Beitragsfelder, Taxonomie und Kommentare anzeigen.<\/p>\n<div class=\"feature-thumbnail\"><figure id=\"attachment_13391\" aria-describedby=\"caption-attachment-13391\" style=\"width: 150px\" class=\"wp-caption alignnone\"><a href=\"https:\/\/toolset.com\/wp-content\/uploads\/2012\/11\/inserting-custom-fields1.png\"><img decoding=\"async\" src=\"https:\/\/toolset.com\/wp-content\/uploads\/2012\/11\/inserting-custom-fields-150x1502.png\" alt=\"\" title=\"\" width=\"150\" height=\"150\" class=\"size-thumbnail wp-image-13391\" \/><\/a><figcaption id=\"caption-attachment-13391\" class=\"wp-caption-text\">F\u00fcgen Sie Felder ins Template ein<\/figcaption><\/figure>\n<\/div>\n<div class=\"feature-thumbnail\"><figure id=\"attachment_1234\" aria-describedby=\"caption-attachment-1234\" style=\"width: 150px\" class=\"wp-caption alignnone\"><a href=\"https:\/\/toolset.com\/wp-content\/uploads\/2012\/11\/views-html1.png\"><img decoding=\"async\" src=\"https:\/\/toolset.com\/wp-content\/uploads\/2012\/11\/views-html-150x1502.png\" alt=\"\" title=\"\" width=\"150\" height=\"150\" class=\"size-thumbnail wp-image-1234\" \/><\/a><figcaption id=\"caption-attachment-1234\" class=\"wp-caption-text\">Template mit benutzerdefinierten Feldern<\/figcaption><\/figure>\n<\/div>\n<div class=\"feature-thumbnail-last\"><figure id=\"attachment_8318\" aria-describedby=\"caption-attachment-8318\" style=\"width: 150px\" class=\"wp-caption alignnone\"><a href=\"https:\/\/toolset.com\/wp-content\/uploads\/2012\/11\/single-showcase1.png\"><img decoding=\"async\" src=\"https:\/\/toolset.com\/wp-content\/uploads\/2012\/11\/single-showcase-150x1502.png\" alt=\"\" title=\"\" width=\"150\" height=\"150\" class=\"size-thumbnail wp-image-8318\" \/><\/a><figcaption id=\"caption-attachment-8318\" class=\"wp-caption-text\">Die Seite wurde mit einem Content Template formatiert<\/figcaption><\/figure><\/div>\n<div style=\"clear:both;\"><\/div>\n<\/section>\n<div class=\"feature-separator\"><\/div>\n<section class=\"featureblock singlefeature\">\n<h3>Laden Sie Inhalte aus der Datenbank und zeigen Sie diese an<\/h3>\n<p><strong>Mit <a href=\"https:\/\/toolset.com\/de\/start\/views-erstellen-sie-elegante-ansichten-fur-ihren-inhalt\/\">Views<\/a> k\u00f6nnen Sie alles aus der Datenbank laden, einschlie\u00dflich Standard- und benutzerdefinierte Typen. Sie k\u00f6nnen diese Inhalte als Bl\u00f6cke auf Seiten oder als Widgets anzeigen.<\/strong><\/p>\n<p>Sie m\u00f6chten benutzerdefinierte Inhalte auf der Startseite Ihrer Seite auff\u00fchren? Wollen Sie auch eigene Widgets erstellen? Einen durchsuchbaren Produktkatalog anlegen? Tun Sie all das und mehr mit Views.<\/p>\n<p>Views enth\u00e4lt eine leistungsstarke Abfrage-Engine, mit der Sie die Inhalte, die Sie laden m\u00f6chten, aus der Datenbank ausw\u00e4hlen k\u00f6nnen. W\u00e4hlen Sie den Inhaltstyp, f\u00fcgen Sie Filter hinzu, aktivieren Sie die Seitennummerierung und zeigen Sie alles auf gew\u00fcnschte Weise an.<\/p>\n<p>Sie k\u00f6nnen die in Views integrierten Layout-Stile benutzen, inklusive Gitter, Tabelle und Liste oder Ihre ganz eigenen erstellen. Wie alles andere in Views erstellen Sie dies alles mit simpler HTML.<\/p>\n<div class=\"feature-thumbnail\"><figure id=\"attachment_13392\" aria-describedby=\"caption-attachment-13392\" style=\"width: 150px\" class=\"wp-caption alignnone\"><a href=\"https:\/\/toolset.com\/wp-content\/uploads\/2012\/11\/view-query-type-selection1.png\"><img decoding=\"async\" src=\"https:\/\/toolset.com\/wp-content\/uploads\/2012\/11\/view-query-type-selection-150x1502.png\" alt=\"\" title=\"\" width=\"150\" height=\"150\" class=\"size-thumbnail wp-image-13392\" \/><\/a><figcaption id=\"caption-attachment-13392\" class=\"wp-caption-text\">W\u00e4hlen Sie, was geladen werden soll<\/figcaption><\/figure>\n<\/div>\n<div class=\"feature-thumbnail\"><figure id=\"attachment_13393\" aria-describedby=\"caption-attachment-13393\" style=\"width: 150px\" class=\"wp-caption alignnone\"><a href=\"https:\/\/toolset.com\/wp-content\/uploads\/2012\/11\/view-layout-simple1.png\"><img decoding=\"async\" src=\"https:\/\/toolset.com\/wp-content\/uploads\/2012\/11\/view-layout-simple-150x1502.png\" alt=\"\" title=\"\" width=\"150\" height=\"150\" class=\"size-thumbnail wp-image-13393\" \/><\/a><figcaption id=\"caption-attachment-13393\" class=\"wp-caption-text\">W\u00e4hlen Sie den Layout-Stil und f\u00fcgen Sie Felder hinzu<\/figcaption><\/figure>\n<\/div>\n<div class=\"feature-thumbnail-last\"><figure id=\"attachment_10679\" aria-describedby=\"caption-attachment-10679\" style=\"width: 150px\" class=\"wp-caption alignnone\"><a href=\"https:\/\/toolset.com\/wp-content\/uploads\/2012\/11\/showcase-homepage1.png\"><img decoding=\"async\" src=\"https:\/\/toolset.com\/wp-content\/uploads\/2012\/11\/showcase-homepage-150x1502.png\" alt=\"\" title=\"\" width=\"150\" height=\"150\" class=\"size-thumbnail wp-image-10679\" \/><\/a><figcaption id=\"caption-attachment-10679\" class=\"wp-caption-text\">View zeigt Ihre Inhalte an<\/figcaption><\/figure>\n<\/div>\n<div style=\"clear:both;\"><\/div>\n<\/section>\n<div class=\"feature-separator\"><\/div>\n<section class=\"featureblock singlefeature\">\n<h3>Erstellen und bearbeiten Sie Inhalte von Startseiten <\/h3>\n<p><strong>Mit <a href=\"https:\/\/toolset.com\/de\/start\/cred-frontend-wordpress-inhaltseditor\/\">Forms<\/a> k\u00f6nnen Sie Formulare erstellen, die Inhalte auf Ihrer Seite erstellen und bearbeiten. Forms-Formulare k\u00f6nnen alles bearbeiten, einschlie\u00dflich Standard-Felder, benutzerdefinierte Felder, Taxonomie und sogar die Beitragsbeziehungen.<\/strong><\/p>\n<p>Sie m\u00fcssen Seiten erstellen, auf denen Besucher Inhalte erstellen und bearbeiten? Genau daf\u00fcr ist Forms gemacht. Alle Forms-Formulare funktionieren direkt im WordPress-Inhalt. Sie k\u00f6nnen Forms sagen, auf welchen Inhaltstypen es funktioniert und alles andere wird automatisch konfiguriert. Forms wei\u00df, wie Formulare angezeigt und verarbeitet werden, ohne jegliche Konfiguration.<\/p>\n<p>Mit Forms k\u00f6nnen Sie komplette Web-Anwendungen auf WordPress aufbauen. Das umfangreiche API- und Hooks-System erm\u00f6glicht es Ihnen, Formularen eigene Aktionen hinzuzuf\u00fcgen. Sie k\u00f6nnen der Formularanzeige und -bearbeitung ganz leicht Benutzerregistrierung, Bezahlung und andere Schritte hinzuf\u00fcgen.<\/p>\n<div class=\"feature-thumbnail\"><figure id=\"attachment_25577\" aria-describedby=\"caption-attachment-25577\" style=\"width: 150px\" class=\"wp-caption alignnone\"><a href=\"https:\/\/toolset.com\/wp-content\/uploads\/2012\/11\/cred-form-settings1.png\"><img decoding=\"async\" src=\"https:\/\/toolset.com\/wp-content\/uploads\/2012\/11\/cred-form-settings-1501.png\" alt=\"\" title=\"Forms-Formulareinstellungen\" width=\"150\" height=\"150\" class=\"size-full wp-image-25577\" \/><\/a><figcaption id=\"caption-attachment-25577\" class=\"wp-caption-text\">Forms-Formulareinstellungen<\/figcaption><\/figure>\n<\/div>\n<div class=\"feature-thumbnail\"><figure id=\"attachment_25579\" aria-describedby=\"caption-attachment-25579\" style=\"width: 150px\" class=\"wp-caption alignnone\"><a href=\"https:\/\/toolset.com\/wp-content\/uploads\/2012\/11\/cred-form-editor3.png\"><img decoding=\"async\" src=\"https:\/\/toolset.com\/wp-content\/uploads\/2012\/11\/cred-form-editor-1501.png\" alt=\"\" title=\"Forms-Formular-HTML-Editor\" width=\"150\" height=\"150\" class=\"size-full wp-image-25579\" \/><\/a><figcaption id=\"caption-attachment-25579\" class=\"wp-caption-text\">Forms-Formular-HTML-Editor<\/figcaption><\/figure>\n<\/div>\n<div class=\"feature-thumbnail-last\"><figure id=\"attachment_25581\" aria-describedby=\"caption-attachment-25581\" style=\"width: 150px\" class=\"wp-caption alignnone\"><a href=\"https:\/\/toolset.com\/wp-content\/uploads\/2012\/11\/sample-cred-form3.png\"><img decoding=\"async\" src=\"https:\/\/toolset.com\/wp-content\/uploads\/2012\/11\/sample-cred-form-1501.png\" alt=\"\" title=\"Forms-Formular auf \u00f6ffentlicher Seite\" width=\"150\" height=\"150\" class=\"size-full wp-image-25581\" \/><\/a><figcaption id=\"caption-attachment-25581\" class=\"wp-caption-text\">Forms-Formular auf \u00f6ffentlicher Seite<\/figcaption><\/figure><\/div>\n<div style=\"clear:both;\"><\/div>\n<\/section>\n<div class=\"feature-separator\"><\/div>\n<section class=\"featureblock singlefeature\">\n<h3>Komplette Zugriffskontrolle und Rollenverwaltung<\/h3>\n<p><strong>Mit <a href=\"https:\/\/toolset.com\/de\/start\/access-verwalten-sie-benutzerrollen-und-rechte\/\">Access<\/a> k\u00f6nnen Sie ganz leicht steuern, wer was auf Ihren Seiten machen kann. Vollst\u00e4ndige Integration mit Types, Views und Forms sorgt f\u00fcr simple und komplette Zugriffskontrolle.<\/strong><\/p>\n<p>Access erm\u00f6glicht es Ihnen, Ihre eigenen benutzerdefinierten Rollen festzulegen und auszuw\u00e4hlen, wer was auf der Seite tun darf. Sie k\u00f6nnen alles kontrollieren, angefangen von Leserechten bis hin zur Erstellung, Bearbeitung und Ver\u00f6ffentlichung von Inhalten.<\/p>\n<p>So k\u00f6nnen Sie komplette Web-Autoren- und Administrationsrechte f\u00fcr alle Arten von Seiten festlegen.<\/p>\n<div class=\"feature-thumbnail\"><figure id=\"attachment_25585\" aria-describedby=\"caption-attachment-25585\" style=\"width: 150px\" class=\"wp-caption alignnone\"><a href=\"https:\/\/toolset.com\/wp-content\/uploads\/2012\/11\/access-for-properties1.png\"><img decoding=\"async\" src=\"https:\/\/toolset.com\/wp-content\/uploads\/2012\/11\/access-for-properties-1501.png\" alt=\"\" title=\"Zugriffskontrolle f\u00fcr benutzerdefinierte Beitragstypen\" width=\"150\" height=\"150\" class=\"size-full wp-image-25585\" \/><\/a><figcaption id=\"caption-attachment-25585\" class=\"wp-caption-text\">Zugriffskontrolle f\u00fcr benutzerdefinierte Beitragstypen<\/figcaption><\/figure>\n<\/div>\n<div class=\"feature-thumbnail\"><figure id=\"attachment_25587\" aria-describedby=\"caption-attachment-25587\" style=\"width: 150px\" class=\"wp-caption alignnone\"><a href=\"https:\/\/toolset.com\/wp-content\/uploads\/2012\/11\/access-for-forms3.png\"><img decoding=\"async\" src=\"https:\/\/toolset.com\/wp-content\/uploads\/2012\/11\/access-for-forms-1501.png\" alt=\"\" title=\"Zugriffskontrolle f\u00fcr Formulare\" width=\"150\" height=\"150\" class=\"size-full wp-image-25587\" \/><\/a><figcaption id=\"caption-attachment-25587\" class=\"wp-caption-text\">Zugriffskontrolle f\u00fcr Formulare<\/figcaption><\/figure>\n<\/div>\n<div class=\"feature-thumbnail-last\"><figure id=\"attachment_25589\" aria-describedby=\"caption-attachment-25589\" style=\"width: 150px\" class=\"wp-caption alignnone\"><a href=\"https:\/\/toolset.com\/wp-content\/uploads\/2012\/11\/custom-roles1.png\"><img decoding=\"async\" src=\"https:\/\/toolset.com\/wp-content\/uploads\/2012\/11\/custom-roles-1501.png\" alt=\"\" title=\"Erstellen und Bearbeiten von benutzerdefinierten Regeln\" width=\"150\" height=\"150\" class=\"size-full wp-image-25589\" \/><\/a><figcaption id=\"caption-attachment-25589\" class=\"wp-caption-text\">Erstellen und Bearbeiten von benutzerdefinierten Regeln<\/figcaption><\/figure><\/div>\n<div style=\"clear:both;\"><\/div>\n<\/section>\n<div class=\"feature-separator\"><\/div>\n<section class=\"featureblock singlefeature\">\n<h3>Erstellen Sie Ihre eigenen Funktionen<\/h3>\n<p>Sie brauchen komplexe Funktionen und m\u00f6gen keine Beschr\u00e4nkungen? Erstellen Sie sie selbst mit Toolset, genau so, wie Sie sie sich w\u00fcnschen.<\/p>\n<p>Views enth\u00e4lt Bausteine, mit denen Sie ganz leicht Inhalte auf verschiedene Weise anzeigen k\u00f6nnen. Die Views-Seitennummerierung und AJAX-Updates sind Grundlage leistungsstarker Slider. Frondent-Filter erm\u00f6glichen es Ihnen, Immobilien-, Kleinanzeigen- und Produktseiten aufzubauen. E-Commerce-Integration macht die Erstellung von E-Commerce-Seiten von der Pike auf m\u00f6glich.<\/p>\n<p>Forms erm\u00f6glicht es Ihnen, Benutzerinteraktion einzubauen, indem sie Ihrer Seite Frontend-Autorenzugriff hinzuf\u00fcgen.<\/p>\n<p>Access f\u00fcgt mit robuster Rollenverwaltung und Zugriffskontrolle alles zusammen.<\/p>\n<div class=\"feature-thumbnail\"><figure id=\"attachment_13397\" aria-describedby=\"caption-attachment-13397\" style=\"width: 150px\" class=\"wp-caption alignnone\"><a href=\"https:\/\/toolset.com\/wp-content\/uploads\/2012\/11\/slider-demo-11.png\"><img decoding=\"async\" src=\"https:\/\/toolset.com\/wp-content\/uploads\/2012\/11\/slider-demo-1-150x1502.png\" alt=\"\" title=\"\" width=\"150\" height=\"150\" class=\"size-thumbnail wp-image-13397\" \/><\/a><figcaption id=\"caption-attachment-13397\" class=\"wp-caption-text\">Ihre einzigartigen Slider<\/figcaption><\/figure>\n<\/div>\n<div class=\"feature-thumbnail\"><figure id=\"attachment_13398\" aria-describedby=\"caption-attachment-13398\" style=\"width: 150px\" class=\"wp-caption alignnone\"><a href=\"https:\/\/toolset.com\/wp-content\/uploads\/2012\/11\/front-end-filter1.png\"><img decoding=\"async\" src=\"https:\/\/toolset.com\/wp-content\/uploads\/2012\/11\/front-end-filter-150x1502.png\" alt=\"\" title=\"\" width=\"150\" height=\"150\" class=\"size-thumbnail wp-image-13398\" \/><\/a><figcaption id=\"caption-attachment-13398\" class=\"wp-caption-text\">Frontend-Filter<\/figcaption><\/figure>\n<\/div>\n<div class=\"feature-thumbnail-last\"><figure id=\"attachment_13399\" aria-describedby=\"caption-attachment-13399\" style=\"width: 150px\" class=\"wp-caption alignnone\"><a href=\"https:\/\/toolset.com\/wp-content\/uploads\/2012\/11\/magazine-sample1.png\"><img decoding=\"async\" src=\"https:\/\/toolset.com\/wp-content\/uploads\/2012\/11\/magazine-sample-150x1502.png\" alt=\"\" title=\"\" width=\"150\" height=\"150\" class=\"size-thumbnail wp-image-13399\" \/><\/a><figcaption id=\"caption-attachment-13399\" class=\"wp-caption-text\">Komplexe Layouts leicht gemacht<\/figcaption><\/figure>\n<\/div>\n<div style=\"clear:both;\"><\/div>\n<\/section>\n<div class=\"feature-separator\"><\/div>\n<section class=\"featureblock singlefeature\">\n<h3>Types, Views, Forms und Access funktionieren bei jedem Theme<\/h3>\n<p>W\u00e4re es nicht toll, wenn das Theme das Aussehen bestimmen w\u00fcrde, aber Sie die Funktionen der Seite steuern k\u00f6nnten? Mit Types und Views k\u00f6nnen Sie erstellen, was immer Sie m\u00f6chten, mit jedem Theme.<\/p>\n<p>W\u00e4hlen Sie Themes nach Design aus und machen Sie sich keine Sorgen \u00fcber die Funktionalit\u00e4t. Mit Types und Views k\u00f6nnen Sie genau die Seiten erstellen, die Sie sich w\u00fcnschen.<\/p>\n<p>Seiten, die Sie mit Views erstellen, sind portabel, flexibel und robust. Sie k\u00f6nnen ganz leicht zwischen Themes hin- und her wechseln, um ein frisches Aussehen zu erzielen, aber Toolset k\u00fcmmert sich um die Funktionen.<\/p>\n<\/section>\n","protected":false},"excerpt":{"rendered":"<p>Types-Rundgang Verwenden Sie benutzerdefinierte Felder in Templates Mit Types k\u00f6nnen Sie dem Inhalt benutzerdefinierte Felder hinzuf\u00fcgen und Views macht es einfach, diese anzuzeigen. Erstellen Sie View-Templates f\u00fcr Beitr\u00e4ge, Seiten und benutzerdefinierte Typen und f\u00fcgen Sie benutzerdefinierte Felder ein &#8211; alles vom Views-Men\u00fc aus. Sie k\u00f6nnen HTML und CSS benutzen, um die Seiten\u00fcberschrift, den Inhalt und [&hellip;]<\/p>\n","protected":false},"author":3,"featured_media":0,"parent":0,"menu_order":64,"comment_status":"closed","ping_status":"closed","template":"page-layouts.php","meta":{"_bbp_topic_count":0,"_bbp_reply_count":0,"_bbp_total_topic_count":0,"_bbp_total_reply_count":0,"_bbp_voice_count":0,"_bbp_anonymous_reply_count":0,"_bbp_topic_count_hidden":0,"_bbp_reply_count_hidden":0,"_bbp_forum_subforum_count":0,"ep_exclude_from_search":false,"footnotes":""},"documentation-category":[],"class_list":["post-5180","page","type-page","status-publish","hentry"],"_links":{"self":[{"href":"https:\/\/toolset.com\/de\/wp-json\/wp\/v2\/pages\/5180","targetHints":{"allow":["GET"]}}],"collection":[{"href":"https:\/\/toolset.com\/de\/wp-json\/wp\/v2\/pages"}],"about":[{"href":"https:\/\/toolset.com\/de\/wp-json\/wp\/v2\/types\/page"}],"author":[{"embeddable":true,"href":"https:\/\/toolset.com\/de\/wp-json\/wp\/v2\/users\/3"}],"replies":[{"embeddable":true,"href":"https:\/\/toolset.com\/de\/wp-json\/wp\/v2\/comments?post=5180"}],"version-history":[{"count":59,"href":"https:\/\/toolset.com\/de\/wp-json\/wp\/v2\/pages\/5180\/revisions"}],"predecessor-version":[{"id":256576,"href":"https:\/\/toolset.com\/de\/wp-json\/wp\/v2\/pages\/5180\/revisions\/256576"}],"wp:attachment":[{"href":"https:\/\/toolset.com\/de\/wp-json\/wp\/v2\/media?parent=5180"}],"wp:term":[{"taxonomy":"documentation-category","embeddable":true,"href":"https:\/\/toolset.com\/de\/wp-json\/wp\/v2\/documentation-category?post=5180"}],"curies":[{"name":"wp","href":"https:\/\/api.w.org\/{rel}","templated":true}]}}