{"id":507663,"date":"2017-03-30T08:02:10","date_gmt":"2017-03-30T08:02:10","guid":{"rendered":"https:\/\/toolset.com\/start\/toolset-komponenten-2\/"},"modified":"2020-09-28T06:54:08","modified_gmt":"2020-09-28T06:54:08","slug":"toolset-komponenten-2","status":"publish","type":"page","link":"https:\/\/toolset.com\/de\/startseite-neu\/toolset-komponenten-2\/","title":{"rendered":"Toolset-Komponenten"},"content":{"rendered":"<h2 class=\"tb-heading\" data-toolset-blocks-heading=\"8c9e2e3eb5873a1a8ac6520bc1e634ac\">Toolset-Komponenten<\/h2> <div class=\"tb-fields-and-text\" data-toolset-blocks-fields-and-text=\"9ded41bcfbfde20249136d0aebe552d6\"><p><span>Mit Toolset-Plugins k\u00f6nnen Sie Ihrer Website benutzerdefinierte Typen hinzuf\u00fcgen und auf jede gew\u00fcnschte Weise anzeigen \u2013 alles ganz ohne PHP-Programmierung.<\/span><\/p><\/div> <div class=\"wp-block-toolset-blocks-grid tb-grid\" data-toolset-blocks-grid=\"af053ad20ad5f278981af17bc9cc8a78\"> <div class=\"wp-block-toolset-blocks-grid-column tb-grid-column tb-grid-align-top\" data-toolset-blocks-grid-column=\"6ecf300193c94cd8fcf2701c0be7dcaf\"> <div class=\"wp-block-toolset-blocks-container tb-container\" data-toolset-blocks-container=\"5b2541eba82dfcf4023230cd464cab73\"> <h4 class=\"tb-heading\" data-toolset-blocks-heading=\"6e9033c48fbe9b68155f704eebf00e37\">Komponenten<\/h4> <ul class=\"doc-content wp-block-list\"><li><a href=\"#blocks\">Blocks<\/a><\/li><li><a href=\"#types\">Das Types-<\/a><\/li><li><a href=\"#forms\">Forms<\/a><\/li><li><a href=\"#access\">Access<\/a><\/li><li><a href=\"#maps\">Maps<\/a><\/li><\/ul> <\/div> <\/div> <div class=\"wp-block-toolset-blocks-grid-column tb-grid-column tb-grid-align-top\" data-toolset-blocks-grid-column=\"b6300e4a8e0fa3097ba0ac1902aae186\"> <div class=\"wp-block-toolset-blocks-container tb-container\" data-toolset-blocks-container=\"97d55aff54ac3206cad33efa27e92b01\"> <div class=\"wp-block-toolset-blocks-grid tb-grid\" data-toolset-blocks-grid=\"08e59640c49b8e0aebca1e7ee7f0398e\"> <div class=\"wp-block-toolset-blocks-grid-column tb-grid-column tb-grid-align-top\" data-toolset-blocks-grid-column=\"a992820d7fb301188dad620be23f1543\"><\/div> <div class=\"wp-block-toolset-blocks-grid-column tb-grid-column tb-grid-align-top\" data-toolset-blocks-grid-column=\"c5a6be97cfec4b7967978aca3c723c45\"> <div class=\"wp-block-toolset-blocks-container tb-container\" data-toolset-blocks-container=\"9875d691c96dd4ce3687a89ccad32af9\"> <h2 id=\"blocks\" class=\"tb-heading\" data-toolset-blocks-heading=\"443a2a064b493db724e2427aa0641cc8\"><a href=\"https:\/\/toolset.com\/home\/blocks\/\">Blocks<\/a><\/h2> <div class=\"tb-fields-and-text\" data-toolset-blocks-fields-and-text=\"7ec5b330a84aaa759037f8f1a41a583d\"><p style=\"text-align: left;\">Inhaltsanzeige im Frontend<\/p><\/div> <\/div> <div class=\"tb-fields-and-text\" data-toolset-blocks-fields-and-text=\"161bb9f799a3c0258d08fb7d2f32ad83\"><p><a href=\"https:\/\/toolset.com\/home\/blocks\/\">Blocks<\/a><span> <\/span>zeigt Inhalte auf jede gew\u00fcnschte Weise im Frontend der Website an. Mit Blocks k\u00f6nnen Sie Inhaltslisten visuell darstellen und Templates f\u00fcr Inhalte sowie Archivseiten gestalten.<\/p> <p>Mit Blocks k\u00f6nnen Sie leistungsstarke<span> <\/span><a href=\"https:\/\/toolset.com\/course-lesson\/creating-a-custom-search\/\">benutzerdefinierte Suchen<\/a><span> <\/span>f\u00fcr jeden Inhaltstyp erstellen. Mit benutzerdefinierten Suchen k\u00f6nnen Besucher Inhalte nach Feldern, Taxonomie und Beziehung finden.<\/p> <p>Sie erledigen die gesamten Design-Arbeiten visuell \u2013 mit dem integrierten WordPress Block Editor.<\/p><\/div> <\/div> <\/div> <\/div> <div class=\"wp-block-toolset-blocks-container tb-container\" data-toolset-blocks-container=\"0fcc8c64174fc6e4a52ee549d508db75\"> <div class=\"wp-block-toolset-blocks-grid tb-grid\" data-toolset-blocks-grid=\"08e59640c49b8e0aebca1e7ee7f0398e\"> <div class=\"wp-block-toolset-blocks-grid-column tb-grid-column tb-grid-align-top\" data-toolset-blocks-grid-column=\"a992820d7fb301188dad620be23f1543\"><\/div> <div class=\"wp-block-toolset-blocks-grid-column tb-grid-column tb-grid-align-top\" data-toolset-blocks-grid-column=\"c5a6be97cfec4b7967978aca3c723c45\"> <div class=\"wp-block-toolset-blocks-container tb-container\" data-toolset-blocks-container=\"ee1f51d45e33a0066294787dcc1d389f\"> <h2 id=\"types\" class=\"tb-heading\" data-toolset-blocks-heading=\"ff1a879e5dd078550578e8247befc5eb\"><a href=\"https:\/\/toolset.com\/home\/types-manage-post-types-taxonomy-and-custom-fields\/\">Das Types-<\/a><\/h2> <div class=\"tb-fields-and-text\" data-toolset-blocks-fields-and-text=\"7ec5b330a84aaa759037f8f1a41a583d\"><p style=\"text-align: left;\">Benutzerdefinierte Beitragstypen, Taxonmien und Felder<\/p><\/div> <\/div> <div class=\"tb-fields-and-text\" data-toolset-blocks-fields-and-text=\"161bb9f799a3c0258d08fb7d2f32ad83\"><p><a href=\"https:\/\/toolset.com\/home\/types-manage-post-types-taxonomy-and-custom-fields\/\">Das Types-<\/a><span> <\/span>Plugin richtet<span> <\/span><a href=\"https:\/\/toolset.com\/course-lesson\/creating-a-custom-post-type\/\">benutzerdefinierte Beitragstypen<\/a>,<span> <\/span><a href=\"https:\/\/toolset.com\/course-lesson\/creating-a-custom-taxonomy\/\">benutzerdefinierte Taxonomien<\/a><span> <\/span>und<span> <\/span><a href=\"https:\/\/toolset.com\/course-lesson\/creating-custom-fields\/\">benutzerdefinierte Felder<\/a> ein. Sie k\u00f6nnen Felder zu jedem Inhaltstyp und zu Benutzern hinzuf\u00fcgen.<\/p> <p>Zudem k\u00f6nnen Sie mit Types verschiedene Inhaltstypen verbinden und mit relationalen Datenbanken arbeiten.<\/p><\/div> <\/div> <\/div> <\/div> <div class=\"wp-block-toolset-blocks-container tb-container\" data-toolset-blocks-container=\"867edb78acc15b6268806fdfbff84577\"> <div class=\"wp-block-toolset-blocks-grid tb-grid\" data-toolset-blocks-grid=\"08e59640c49b8e0aebca1e7ee7f0398e\"> <div class=\"wp-block-toolset-blocks-grid-column tb-grid-column tb-grid-align-top\" data-toolset-blocks-grid-column=\"a992820d7fb301188dad620be23f1543\"><\/div> <div class=\"wp-block-toolset-blocks-grid-column tb-grid-column tb-grid-align-top\" data-toolset-blocks-grid-column=\"c5a6be97cfec4b7967978aca3c723c45\"> <div class=\"wp-block-toolset-blocks-container tb-container\" data-toolset-blocks-container=\"a975711b3486f2d1d44280fbdad24221\"> <h2 id=\"forms\" class=\"tb-heading\" data-toolset-blocks-heading=\"2fe3a91544bbcf0caa5b749dbe4a975e\"><a href=\"https:\/\/toolset.com\/home\/cred\/\">Forms<\/a><\/h2> <div class=\"tb-fields-and-text\" data-toolset-blocks-fields-and-text=\"7ec5b330a84aaa759037f8f1a41a583d\"><p style=\"text-align: left;\">Formulare zur Frontend-Inhaltserstellung<\/p><\/div> <\/div> <div class=\"tb-fields-and-text\" data-toolset-blocks-fields-and-text=\"161bb9f799a3c0258d08fb7d2f32ad83\"><p>Mit<span> <\/span><a href=\"https:\/\/toolset.com\/home\/cred\/\">Forms<\/a> k\u00f6nnen Sie Frontend-Formulare f\u00fcr die Erstellung und Bearbeitung von Inhalten und Benutzern erstellen. Toolset-Formulare enthalten alle Felder, die zu diesem Inhalt geh\u00f6ren. Angezeigt werden diese mit Ihrer HTML-Gestaltung. Toolset-Formulare validieren Eingaben und senden E-Mail-Benachrichtigungen beim Einsenden von Formularen.<\/p> <p>Mit Toolset Forms k\u00f6nnen Sie Websites f\u00fcr Kleinanzeigen, Verzeichnisse, Mitgliederseiten und alles andere erstellen, das Frontend-Inhaltseinsendung erfordert.<\/p><\/div> <\/div> <\/div> <\/div> <div class=\"wp-block-toolset-blocks-container tb-container\" data-toolset-blocks-container=\"fc53cc4a0ff2f686177e47ea78966067\"> <div class=\"wp-block-toolset-blocks-grid tb-grid\" data-toolset-blocks-grid=\"08e59640c49b8e0aebca1e7ee7f0398e\"> <div class=\"wp-block-toolset-blocks-grid-column tb-grid-column tb-grid-align-top\" data-toolset-blocks-grid-column=\"a992820d7fb301188dad620be23f1543\"><\/div> <div class=\"wp-block-toolset-blocks-grid-column tb-grid-column tb-grid-align-top\" data-toolset-blocks-grid-column=\"c5a6be97cfec4b7967978aca3c723c45\"> <div class=\"wp-block-toolset-blocks-container tb-container\" data-toolset-blocks-container=\"7b2465396c326afd33406d8599dcfa51\"> <h2 id=\"access\" class=\"tb-heading\" data-toolset-blocks-heading=\"884b0bbfa124ec29d9e98f9f38de088e\"><a href=\"https:\/\/toolset.com\/home\/types-access\/\">Access<\/a><\/h2> <div class=\"tb-fields-and-text\" data-toolset-blocks-fields-and-text=\"7ec5b330a84aaa759037f8f1a41a583d\"><p style=\"text-align: left;\">Zugangskontrolle und Verwaltung von benutzerdefinierten Rollen<\/p><\/div> <\/div> <div class=\"tb-fields-and-text\" data-toolset-blocks-fields-and-text=\"161bb9f799a3c0258d08fb7d2f32ad83\"><p><a href=\"https:\/\/toolset.com\/home\/types-access\/\">Access<\/a><span> erm\u00f6glicht es Ihnen, benutzerdefinierte Rollen hinzuzuf\u00fcgen und deren Rechte zu kontrollieren. Sie k\u00f6nnen kontrollieren, welche Aktionen verschiedene Rollen und Benutzer am Inhalt ausf\u00fchren d\u00fcrfen und auf welche WordPress-Admin-Bildschirme die Benutzer zugreifen d\u00fcrfen.<\/span><\/p><\/div> <\/div> <\/div> <\/div> <div class=\"wp-block-toolset-blocks-container tb-container\" data-toolset-blocks-container=\"9590bcaeebd585261276e846cf8dfc00\"> <div class=\"wp-block-toolset-blocks-grid tb-grid\" data-toolset-blocks-grid=\"08e59640c49b8e0aebca1e7ee7f0398e\"> <div class=\"wp-block-toolset-blocks-grid-column tb-grid-column tb-grid-align-top\" data-toolset-blocks-grid-column=\"a992820d7fb301188dad620be23f1543\"><\/div> <div class=\"wp-block-toolset-blocks-grid-column tb-grid-column tb-grid-align-top\" data-toolset-blocks-grid-column=\"c5a6be97cfec4b7967978aca3c723c45\"> <div class=\"wp-block-toolset-blocks-container tb-container\" data-toolset-blocks-container=\"17db993fb8dea81424176a81598daa45\"> <h2 id=\"maps\" class=\"tb-heading\" data-toolset-blocks-heading=\"e7239041f1c6b9fecb9855fe3516d53e\"><a href=\"https:\/\/toolset.com\/course-lesson\/displaying-a-list-of-posts-on-a-map\/\">Maps<\/a><\/h2> <div class=\"tb-fields-and-text\" data-toolset-blocks-fields-and-text=\"7ec5b330a84aaa759037f8f1a41a583d\"><p style=\"text-align: left;\">Zeigen Sie alles als Marker auf Google Maps oder Azure Maps an<\/p><\/div> <\/div> <div class=\"tb-fields-and-text\" data-toolset-blocks-fields-and-text=\"161bb9f799a3c0258d08fb7d2f32ad83\"><p>Mit Toolset Maps k\u00f6nnen Sie alles auf einer Google- oder Azure-Map anzeigen. Sie k\u00f6nnen dies f\u00fcr simple Dinge verwenden, wie eine <a href=\"https:\/\/toolset.com\/course-lesson\/displaying-a-simple-map\/\">einzelne Adresse<\/a> auf einer &#8220;Kontakt&#8221;-Seite oder zum <a href=\"https:\/\/toolset.com\/course-lesson\/displaying-a-list-of-posts-on-a-map\/\">Anzeigen von Suchergebnissen<\/a> auf einer Karte.<\/p> <p>Mit Toolset Maps k\u00f6nnen Sie allen Inhaltstypen und Benutzern <a href=\"https:\/\/toolset.com\/course-lesson\/installing-toolset-maps-and-adding-address-fields\/\">&#8220;Adress&#8221;-Felder hinzuf\u00fcgen<\/a>.<\/p><\/div> <\/div> <\/div> <\/div> <\/div> <\/div>","protected":false},"excerpt":{"rendered":"","protected":false},"author":4341,"featured_media":0,"parent":1397513,"menu_order":0,"comment_status":"closed","ping_status":"closed","template":"template-page-no-title.php","meta":{"_bbp_topic_count":0,"_bbp_reply_count":0,"_bbp_total_topic_count":0,"_bbp_total_reply_count":0,"_bbp_voice_count":0,"_bbp_anonymous_reply_count":0,"_bbp_topic_count_hidden":0,"_bbp_reply_count_hidden":0,"_bbp_forum_subforum_count":0,"ep_exclude_from_search":false,"footnotes":""},"documentation-category":[],"class_list":["post-507663","page","type-page","status-publish","hentry"],"_links":{"self":[{"href":"https:\/\/toolset.com\/de\/wp-json\/wp\/v2\/pages\/507663","targetHints":{"allow":["GET"]}}],"collection":[{"href":"https:\/\/toolset.com\/de\/wp-json\/wp\/v2\/pages"}],"about":[{"href":"https:\/\/toolset.com\/de\/wp-json\/wp\/v2\/types\/page"}],"author":[{"embeddable":true,"href":"https:\/\/toolset.com\/de\/wp-json\/wp\/v2\/users\/4341"}],"replies":[{"embeddable":true,"href":"https:\/\/toolset.com\/de\/wp-json\/wp\/v2\/comments?post=507663"}],"version-history":[{"count":8,"href":"https:\/\/toolset.com\/de\/wp-json\/wp\/v2\/pages\/507663\/revisions"}],"predecessor-version":[{"id":1792583,"href":"https:\/\/toolset.com\/de\/wp-json\/wp\/v2\/pages\/507663\/revisions\/1792583"}],"up":[{"embeddable":true,"href":"https:\/\/toolset.com\/de\/wp-json\/wp\/v2\/pages\/1397513"}],"wp:attachment":[{"href":"https:\/\/toolset.com\/de\/wp-json\/wp\/v2\/media?parent=507663"}],"wp:term":[{"taxonomy":"documentation-category","embeddable":true,"href":"https:\/\/toolset.com\/de\/wp-json\/wp\/v2\/documentation-category?post=507663"}],"curies":[{"name":"wp","href":"https:\/\/api.w.org\/{rel}","templated":true}]}}