{"id":4770,"date":"2012-11-21T21:07:56","date_gmt":"2012-11-21T21:07:56","guid":{"rendered":"https:\/\/toolset.com\/start\/types-verwalten-sie-beitragstypen-taxonomie-und-benutzerdefinierte-felder\/"},"modified":"2014-10-28T16:30:43","modified_gmt":"2014-10-28T16:30:43","slug":"types-verwalten-sie-beitragstypen-taxonomie-und-benutzerdefinierte-felder","status":"publish","type":"page","link":"https:\/\/toolset.com\/de\/start\/types-verwalten-sie-beitragstypen-taxonomie-und-benutzerdefinierte-felder\/","title":{"rendered":"Types Plugin &#8211; Benutzerdefinierte Beitragstypen, Taxonomien und benutzerdefinierte Felder"},"content":{"rendered":"<section id=\"about\" class=\"gray-height\">\n<div id=\"about-right\">\n<a class=\"play-mask top\" onclick=\"popupVideo(640, 410, 'http:\/\/d1ftqtsbckf6jv.cloudfront.net\/types-intro.mp4', '');\"><i><\/i><img decoding=\"async\" alt=\"Video abspielen\" title=\"\" width=\"320\" height=\"220\" class=\"alignnone size-full wp-image-11466\" src=\"https:\/\/toolset.com\/wp-content\/uploads\/2012\/11\/vp-types2.jpg\"><\/a>\n\t<\/div>\n<div id=\"about-left\">\n<h1 style=\"line-height: 1em;\">Types Plugin &#8211; Benutzerdefinierte Beitragstypen, Taxonomien und benutzerdefinierte Felder<\/h1>\n<h2>Types ist die integrierte L\u00f6sung zur individuellen Anpassung von WordPress.<\/h2>\n<p>\n Sie werden benutzerdefinierte Beitragstypen, Taxonomie und benutzerdefinierte Felder erstellen k\u00f6nnen &#8211; alles von der WordPress-Benutzeroberfl\u00e4che aus.\n\t\t<\/p>\n<p style=\"margin-top:3em; text-align:center;\"><a href=\"\/de\/wp-json\/wp\/v2\/pages\/4770?add-to-cart=38994&buy_now=1\" class=\"woo-sc-button custom large\" title=\"Register to download Types\"><span class=\"woo-download\">Types herunterladen<\/span><\/a><\/p>\n<ul>\n<li>Eine breite Auswahl benutzerdefinierter Felder, alle wiederholbar<\/li>\n<li>Benutzerdefinierte Beitragstypen mit \u00fcbergeordneten\/untergeordneten Beziehungen<\/li>\n<li>Mehrsprachenf\u00e4hig mit WPML<\/li>\n<\/ul><\/div>\n<\/section>\n<div class=\"section-wrapper\">\n<section id=\"moreinformation\">\n<section id=\"whychoose\" class=\"column-float\">\n<h3>Warum Types w\u00e4hlen?<\/h3>\n<ul class=\"oklist\">\n<li><span class=\"promise-title\"><i class=\"icon-ok-sign\"><\/i>Vollst\u00e4ndig integriert<\/span>\n<p>Types enth\u00e4lt alles, was Sie brauchen, in einem Paket. Benutzerdefinierte Beitragstypen, Taxonomie und Felder spielen perfekt zusammen.<\/p>\n<\/li>\n<li>\n<span class=\"promise-title\"><i class=\"icon-ok-sign\"><\/i>Solide und zuverl\u00e4ssig<\/span><\/p>\n<p>Types ist Teil einer Familie von Plugins und betreibt \u00fcber 100.000 gewerbliche WordPress-Seiten.<\/p>\n<\/li>\n<li>\n<span class=\"promise-title\"><i class=\"icon-ok-sign\"><\/i>Mehrsprachenf\u00e4hig<\/span><\/p>\n<p>Types ist das einzige Plugin f\u00fcr benutzerdefinierte Beitragstypen und Felder, das zu 100% einsatzf\u00e4hig f\u00fcr mehrsprachige Seiten mit WPML ist.<\/p>\n<\/li>\n<\/ul>\n<\/section>\n<section id=\"links\" class=\"column-float\">\n<h3>Kurzlinks<\/h3>\n<ul class=\"linklist\">\n<li><a href=\"https:\/\/toolset.com\/documentation\/customizing-sites-using-php\/functions\/\"><i class=\"icon-arrow-right\"><\/i>Definieren benutzerdefinierter Felder<\/a><\/li>\n<li><a href=\"https:\/\/toolset.com\/de\/dokumentation\/benutzeranleitungen\/benutzerdefinierte-beitragstypen\/\"><i class=\"icon-arrow-right\"><\/i>Einrichten benutzerdefinierter Beitragstypen<\/a><\/li>\n<li><a href=\"https:\/\/toolset.com\/de\/dokumentation\/benutzeranleitungen\/benutzerdefinierte-taxonomie\/\"><i class=\"icon-arrow-right\"><\/i>Verwendung benutzerdefinierter Taxonomie<\/a><\/li>\n<li><a href=\"https:\/\/toolset.com\/de\/functions\/\"><i class=\"icon-arrow-right\"><\/i>Types-Felder-API<\/a><\/li>\n<li><a href=\"https:\/\/toolset.com\/de\/dokumentation\/benutzeranleitungen\/erstellung-von-beitragstyp-beziehungen\/\"><i class=\"icon-arrow-right\"><\/i>\u00dcbergeordnet \/ untergeordnet Beziehung zwischen benutzerdefinierten Beitragstypen<\/a><\/li>\n<\/ul>\n<\/section>\n<section id=\"download\" class=\"column-float end\">\n<h3>Herunterladen<\/h3>\n<p> Types ist kostenlos. Um es von dieser Seite herunterzuladen, bitten wir Sie, sich mit Ihrem Namen und Ihrer E-Mail zu registrieren. Die Registrierung bietet Ihnen auch Zugriff auf das Community-Support-Forum.<\/p>\n<p style=\"margin-top:4em; text-align:center;\"><a href=\"\/de\/wp-json\/wp\/v2\/pages\/4770?add-to-cart=38994&buy_now=1\" class=\"woo-sc-button custom large\" title=\"Register to download Types\"><span class=\"woo-download\">Types herunterladen<\/span><\/a><\/p>\n<\/section>\n<\/section>\n<\/div>\n<section id=\"features\" class=\"featuretype\">\n<h3>Types-Funktionen<\/h3>\n<h4 style=\"clear: both;\">Passen Sie Bearbeitungsbildschirme mit benutzerdefinierten Feldern an<\/h4>\n<p><a href=\"https:\/\/toolset.com\/wp-content\/uploads\/2012\/11\/project-edit1.png\"><img decoding=\"async\" src=\"https:\/\/toolset.com\/wp-content\/uploads\/2012\/11\/project-edit-272x3002.png\" alt=\"\" title=\"Projekt-bearbeiten\" width=\"272\" height=\"300\" class=\"alignright size-medium wp-image-9759\" \/><\/a><\/p>\n<p>Types bietet Ihnen eine breite Palette benutzerdefinierter Felder, inklusive Kontrollk\u00e4stchen, Textbereichen, visuellen Editoren, Bildern, Dropdowns und vielem mehr.<\/p>\n<p>Mit diesen Feldern k\u00f6nnen Sie anpassen, wie verschiedene Bearbeitungsbildschirme f\u00fcr verschiedene Inhaltstypen aussehen.<\/p>\n<p>Benutzerdefinierte Felder in Types k\u00f6nnen auch Benutzereingaben validieren.  Sie \u00fcberpr\u00fcfen, dass die Eingabe korrekt hinzugef\u00fcgt und formatiert wird. Das hei\u00dft, wenn Sie diese Daten in Ihren Templates benutzen, wissen Sie, dass die Anzeige makellos sein wird.<\/p>\n<p>Types unterst\u00fctzt einfache <strong>Wiederholfelder<\/strong> und komplexe Datenstrukturen mit Bearbeitung untergeordneter Daten direkt im Text.<\/p>\n<p>Lernen Sie mehr \u00fcber das <a href=\"https:\/\/toolset.com\/documentation\/customizing-sites-using-php\/functions\/\">Verwalten benutzerdefinierter Felder.<\/a><\/p>\n<h4 style=\"clear: both;\">Erstellen Sie WordPress-benutzerdefinierte Beitragstypen<\/h4>\n<p><a href=\"https:\/\/toolset.com\/wp-content\/uploads\/2012\/11\/new-custom-post-type1.png\"><img decoding=\"async\" class=\"alignright size-medium wp-image-918\" title=\"neuer-benutzerdefinierter-Beitragstyp\" src=\"https:\/\/toolset.com\/wp-content\/uploads\/2012\/11\/new-custom-post-type-300x2362.png\" alt=\"\" width=\"300\" height=\"236\" \/><\/a><\/p>\n<p>Geben Sie den Namen des neuen Inhaltstyps ein, klicken Sie auf Speichern und schon ist er einsatzbereit.<\/p>\n<p>Neben dieser sehr grundlegenden und schnellen Einrichtung bietet Types Ihnen auch Zugriff auf alle erweiterten Einstellungen und Funktionen benutzerdefinierter Beitragstypen und Taxonomie.<\/p>\n<p>Types erm\u00f6glicht es Ihnen auch, die <strong>\u00fcbergeordnet \/ untergeordnet<\/strong> Beziehung zwischen verschiedenen Beitragstypen festzulegen. Dies wird es Ihnen erm\u00f6glichen, verschiedene Datentypen einander zuzuordnen und alles gut zu verbinden.<\/p>\n<p>Erfahren Sie mehr \u00fcber die <a href=\"https:\/\/toolset.com\/de\/dokumentation\/benutzeranleitungen\/benutzerdefinierte-beitragstypen\/\">Erstellung benutzerdefinierter Beitragstypen<\/a> und die <a href=\"https:\/\/toolset.com\/de\/dokumentation\/benutzeranleitungen\/benutzerdefinierte-taxonomie\/\">Erstellung benutzerdefinierter Taxonomien<\/a>.<\/p>\n<h4 style=\"clear: both;\">Zeigen Sie benutzerdefinierte Felder einfach an<\/h4>\n<p><a href=\"https:\/\/toolset.com\/wp-content\/uploads\/2012\/11\/insert-types-shortcodes1.png\"><img decoding=\"async\" class=\"alignright size-medium wp-image-947\" title=\"\" src=\"https:\/\/toolset.com\/wp-content\/uploads\/2012\/11\/insert-types-shortcodes-300x1792.png\" alt=\"\" width=\"300\" height=\"179\" \/><\/a><\/p>\n<p>Types macht es Ihnen leicht, Ihre benutzerdefinierten Inhalte einzuf\u00fcgen. Beim Erstellen von Inhalten k\u00f6nnen Autoren auf das <strong>T<\/strong>-Symbol klicken und ein beliebiges Feld in den Inhalt einf\u00fcgen.<\/p>\n<p>Um benutzerdefinierte Felder in Themes anzuzeigen, nutzen Sie die <a href=\"https:\/\/toolset.com\/de\/functions\/\">Types-API<\/a> und programmieren Sie sie in PHP oder nutzen Sie <a href=\"https:\/\/toolset.com\/de\/start\/views-erstellen-sie-elegante-ansichten-fur-ihren-inhalt\/\">Views<\/a>, um dynamische Templates (und mehr) zu kreieren, ohne PHP auch nur anzufassen.<\/p>\n<h4 style=\"clear: both;\">Umgang mit bestehendem Inhalt<\/h4>\n<p><a href=\"https:\/\/toolset.com\/wp-content\/uploads\/2012\/11\/custom-fields-management1.png\"><img decoding=\"async\" class=\"size-medium wp-image-899 alignright\" src=\"https:\/\/toolset.com\/wp-content\/uploads\/2012\/11\/custom-fields-management-300x1752.png\" alt=\"\" width=\"300\" height=\"175\" \/><\/a><\/p>\n<p>Wenn Sie bereits sehr viele benutzerdefinierte Felder haben, die Sie manuell verwalten, k\u00f6nnen Sie Types die Kontrolle \u00fcberlassen.<\/p>\n<p>Sagen Sie Types, welche Arten von benutzerdefinierten Feldern Sie haben und jedes davon wird auf der Bearbeitungsseite seine eigene, tolle Meta-Box erhalten.<\/p>\n<p>Dies funktioniert super bei benutzerdefinierten Feldern, die Sie zuvor erstellt haben, oder bei benutzerdefinierten Feld-Plugins, die Sie zuvor verwaltet haben.<\/p>\n<h4 style=\"clear: both;\">Einbetten in Ihre Themes und Plugins<\/h4>\n<p>Wenn Sie Themes und Plugins erstellen, k\u00f6nnen Sie die Leistung von Types nutzen und Ihren Benutzern ein reichhaltiges WordPress-Erlebnis bieten.<\/p>\n<p>Types hat einen eingebetteten Modus, den Sie benutzen k\u00f6nnen, um die Funktionen in Ihre Themes und Plugins zu integrieren. Das hei\u00dft, Sie k\u00f6nnen benutzerdefinierte Typen definieren und die Bearbeitungsoberfl\u00e4che anpassen, ohne eine einzige Zeile Code schreiben zu m\u00fcssen.<\/p>\n<p>Die eingebettete Version l\u00e4uft als Theme-Funktion, nicht als Plugin. Sie erfordert keinerlei Aktivierung. Da sie nicht die grafische Benutzeroberfl\u00e4che von Types enth\u00e4lt, ist sie auch viel kleiner als die volle Plugin-Version. Ihre Benutzer werden trotzdem noch selbst Anpassungen vornehmen k\u00f6nnen, wenn sie das Types-Plugin herunterladen.<\/p>\n<\/section>\n","protected":false},"excerpt":{"rendered":"<p>Types Plugin &#8211; Benutzerdefinierte Beitragstypen, Taxonomien und benutzerdefinierte Felder Types ist die integrierte L\u00f6sung zur individuellen Anpassung von WordPress. Sie werden benutzerdefinierte Beitragstypen, Taxonomie und benutzerdefinierte Felder erstellen k\u00f6nnen &#8211; alles von der WordPress-Benutzeroberfl\u00e4che aus. Eine breite Auswahl benutzerdefinierter Felder, alle wiederholbar Benutzerdefinierte Beitragstypen mit \u00fcbergeordneten\/untergeordneten Beziehungen Mehrsprachenf\u00e4hig mit WPML Warum Types w\u00e4hlen? Vollst\u00e4ndig integriert [&hellip;]<\/p>\n","protected":false},"author":1,"featured_media":0,"parent":4128,"menu_order":0,"comment_status":"closed","ping_status":"closed","template":"template-blank.php","meta":{"_bbp_topic_count":0,"_bbp_reply_count":0,"_bbp_total_topic_count":0,"_bbp_total_reply_count":0,"_bbp_voice_count":0,"_bbp_anonymous_reply_count":0,"_bbp_topic_count_hidden":0,"_bbp_reply_count_hidden":0,"_bbp_forum_subforum_count":0,"ep_exclude_from_search":false,"footnotes":""},"documentation-category":[],"class_list":["post-4770","page","type-page","status-publish","hentry"],"_links":{"self":[{"href":"https:\/\/toolset.com\/de\/wp-json\/wp\/v2\/pages\/4770","targetHints":{"allow":["GET"]}}],"collection":[{"href":"https:\/\/toolset.com\/de\/wp-json\/wp\/v2\/pages"}],"about":[{"href":"https:\/\/toolset.com\/de\/wp-json\/wp\/v2\/types\/page"}],"author":[{"embeddable":true,"href":"https:\/\/toolset.com\/de\/wp-json\/wp\/v2\/users\/1"}],"replies":[{"embeddable":true,"href":"https:\/\/toolset.com\/de\/wp-json\/wp\/v2\/comments?post=4770"}],"version-history":[{"count":27,"href":"https:\/\/toolset.com\/de\/wp-json\/wp\/v2\/pages\/4770\/revisions"}],"predecessor-version":[{"id":27724,"href":"https:\/\/toolset.com\/de\/wp-json\/wp\/v2\/pages\/4770\/revisions\/27724"}],"up":[{"embeddable":true,"href":"https:\/\/toolset.com\/de\/wp-json\/wp\/v2\/pages\/4128"}],"wp:attachment":[{"href":"https:\/\/toolset.com\/de\/wp-json\/wp\/v2\/media?parent=4770"}],"wp:term":[{"taxonomy":"documentation-category","embeddable":true,"href":"https:\/\/toolset.com\/de\/wp-json\/wp\/v2\/documentation-category?post=4770"}],"curies":[{"name":"wp","href":"https:\/\/api.w.org\/{rel}","templated":true}]}}