{"id":4709,"date":"2013-07-25T00:01:45","date_gmt":"2013-07-25T00:01:45","guid":{"rendered":"https:\/\/toolset.com\/start\/views-erstellen-sie-elegante-ansichten-fur-ihren-inhalt\/"},"modified":"2020-02-10T06:44:33","modified_gmt":"2020-02-10T06:44:33","slug":"views-erstellen-sie-elegante-ansichten-fur-ihren-inhalt","status":"publish","type":"page","link":"https:\/\/toolset.com\/de\/startseite-neu\/views-erstellen-sie-elegante-ansichten-fur-ihren-inhalt\/","title":{"rendered":"Views"},"content":{"rendered":"<section class=\"full-bg page-views row--padding--large\" > <div class=\"container \"> <div class=\"row\"> <section class=\"col-sm-12\"> <div class=\"row \" > <div class=\"col-sm-5 hero-text col-sm-offset-1\"><h1 class=\"new-layout__header calltoaction__title\">Views &#8211; der <span class=\"text-primary-red\">Abfragen-Ersteller<\/span> f\u00fcr WordPress <\/h1> <p class=\"home__lead__paragraph\"> Mit Views k\u00f6nnen Sie Inhalte aller Art aus der Datenbank laden und mit Ihrem Design anzeigen. Es ist einfach f\u00fcr Nichtprogrammierer und funktionsreich f\u00fcr fortgeschrittene WordPress-Entwickler. <\/p><\/div><div class=\"col-sm-5 hero-img col-sm-offset-1\"><img decoding=\"async\" class=\"size-full aligncenter img-responsive\" src=\"https:\/\/toolset.com\/wp-content\/uploads\/2018\/06\/img-new-grid-1.png\"><\/div><\/div> <div class=\"row page-views__hero-box\" > <div class=\"col-sm-4 col-sm-4\"><div class=\"shadow-box__element\"> <div class=\"col-sm-3 col-xs-3\"> <span class=\"icon compatible\"><\/span> <\/div> <div class=\"col-sm-9 col-xs-9\"> <h3>Kompatibel<\/h3> <p> Views funktioniert mit jedem Theme und Seitenersteller <\/p> <\/div> <\/div><\/div><div class=\"col-sm-4 col-xs-12 col-sm-4\"><div class=\"shadow-box__element\"> <div class=\"col-sm-3 col-xs-3\"> <span class=\"icon complete\"><\/span> <\/div> <div class=\"col-sm-9 col-xs-9\"> <h3>Vollst\u00e4ndig<\/h3> <p> Erm\u00f6glicht es Ihnen, alles in Ihrer Datenbank anzuzeigen <\/p> <\/div> <\/div><\/div><div class=\"col-sm-4 col-xs-12 col-sm-4\"><div class=\"shadow-box__element\"> <div class=\"col-sm-3 col-xs-3\"> <span class=\"icon easy\"><\/span> <\/div> <div class=\"col-sm-9 col-xs-9\"> <h3>Einfach zu verwenden<\/h3> <p> Sie k\u00f6nnen Views bis an seine Grenzen nutzen, ohne zu programmieren <\/p> <\/div> <\/div><\/div><\/div><\/section><\/div><\/div><\/section> <section class=\"full-bg row--padding--large explore\" > <div class=\"container \"> <div class=\"row\"> <section class=\"col-sm-12\"> <div class=\"row \" > <div class=\"col-sm-12\"><h2 class=\"new-layout__header text-center\">Wie Sie mit Views <span class=\"text-primary-red\">Abfragen erstellen<\/span><\/div><\/div> <div class=\"row \" > <div class=\"col-sm-12\"><div class=\"step row one\"> <div class=\"step__number one\"> <span>SCHRITT<\/span> <\/div> <div class=\"step__content row\"> <div class=\"col-sm-6 step__content__img\"> <a class=\"js-box\" href=\"https:\/\/toolset.com\/wp-content\/uploads\/2018\/06\/custom-search-content-type-selection.jpg\"> <img decoding=\"async\" class=\"has-border step__image img-responsive\" src=\"https:\/\/toolset.com\/wp-content\/uploads\/2018\/06\/custom-search-content-type-selection.jpg\" alt=\"\"> <\/a> <\/div> <div class=\"col-sm-5 step__content__text\"> <h3 class=\"step__header\">W\u00e4hlen Sie den zu ladenden Inhalt aus<\/h3> <p class=\"step__paragraph\"> Views macht es Ihnen einfach, den richtigen Inhalt aus der Datenbank zu laden. Als erstes w\u00e4hlen Sie den zu ladenden Inhaltstyp aus. Alles, das auf Ihrer Website erscheint, kann Views f\u00fcr Sie laden. <\/p> <\/div> <\/div> <\/div> <div class=\"step row two\"> <div class=\"step__number two\"> <span>SCHRITT<\/span> <\/div> <div class=\"step__content row\"> <div class=\"col-sm-6 step__content__img\"> <a class=\"js-box\" href=\"https:\/\/toolset.com\/wp-content\/uploads\/2018\/06\/Global-list-of-Planeta.png\"> <img decoding=\"async\" class=\"step__image img-responsive\" alt=\"\" src=\"https:\/\/toolset.com\/wp-content\/uploads\/2018\/06\/Global-list-of-Planeta.png\"> <\/a> <\/div> <div class=\"col-sm-5 step__content__text\"> <h3 class=\"step__header\">Wenden Sie Filter an<\/h3> <p class=\"step__paragraph\"> Oft m\u00fcssen Sie nicht alles anzeigen, sondern nur bestimmte Elemente. Zum Beispiel, wenn Sie &#8220;\u00e4hnliche Geschichten&#8221;, &#8220;Bewertungen f\u00fcr dieses Produkt&#8221; oder &#8220;Redner auf dieser Konferenz&#8221; anzeigen wollen. Views macht das Filtern einfach und intuitiv. <\/p> <\/div> <\/div> <\/div> <div class=\"step row three\"> <div class=\"step__number three\"> <span>SCHRITT<\/span> <\/div> <div class=\"step__content row\"> <div class=\"col-sm-6 step__content__img\"> <a class=\"js-box\" href=\"https:\/\/toolset.com\/wp-content\/uploads\/2018\/06\/layout-select-style-300x18211.png\"> <img decoding=\"async\" class=\"step__image img-responsive\" src=\"https:\/\/toolset.com\/wp-content\/uploads\/2018\/06\/layout-select-style-300x18211.png\" alt=\"\"> <\/a> <\/div> <div class=\"col-sm-5 step__content__text\"> <h3 class=\"step__header\">Gestalten Sie die Ausgabe<\/h3> <p class=\"step__paragraph\"> Views l\u00e4dt nicht nur den richtigen Inhalt aus der Datenbank, sondern macht es auch einfach, ihn im Frontend der Website anzuzeigen. Sie verwenden einfach HTML, um die Ergebnisse wie gew\u00fcnscht darzustellen. Views hilft Ihnen, die Ausgabe mit vordefinierten Stilen zu formatieren, die Sie komplett bearbeiten k\u00f6nnen. <\/p> <\/div> <\/div> <\/div> <div class=\"step row\"> <div class=\"step__number four\"> <span>SCHRITT<\/span> <\/div> <div class=\"step__content row\"> <div class=\"col-sm-6 step__content__img\"> <a class=\"js-box\" href=\"https:\/\/toolset.com\/wp-content\/uploads\/2018\/06\/Jon-Arvizu-I-Design.png\"> <img decoding=\"async\" class=\"step__image img-responsive\" src=\"https:\/\/toolset.com\/wp-content\/uploads\/2018\/06\/Jon-Arvizu-I-Design.png\" alt=\"\"> <\/a> <\/div> <div class=\"col-sm-5 step__content__text\"> <h3 class=\"step__header\">Anzeigen im Frontend<\/h3> <p class=\"step__paragraph\"> Sie k\u00f6nnen Views \u00fcberall auf jeder Website anzeigen, die mit einem beliebigen Theme- oder Seitenersteller erstellt wurde. Sie k\u00f6nnen Views zu Seiten, Templates, Archiven und sogar Widgets hinzuf\u00fcgen. <\/p> <\/div> <\/div> <\/div><\/div><\/div><\/section><\/div><\/div><\/section> <section class=\"full-bg showcase-container\" > <div class=\"container \"> <div class=\"row\"> <section class=\"col-sm-10 container showcase col-sm-offset-1\"> <div class=\"row \" > <div class=\"col-sm-12\"><h2 class=\"new-layout__header text-center\"> Wollen Sie sehen, was andere <span class=\"text-primary-red\">mit Views erstellt<\/span> haben? <\/h2><\/div><\/div> <div class=\"row \" > <div class=\"col-sm-6 showcase__element\"><div class=\"showcase__container\"> <img decoding=\"async\" class=\"img-responsive\" src=\"https:\/\/toolset.com\/wp-content\/uploads\/2018\/06\/Helena-Frith-Powell.png\" alt=\"\"> <div class=\"showcase__content\"> <h3>Dynamische Listen des Inhalts f\u00fcr die Website<\/h3> <p> <a href=\"http:\/\/helenafrithpowell.com\/\" target=\"_blank\" rel=\"nofollow noopener noreferrer\" class=\"showcase__link\">Helenafrithpowell.com<\/a> nutzt eine Reihe von Views, um die Inhalte der Autoren auf der Website anzuzeigen. Die Website aktualisiert sich immer automatisch, wenn Inhalte zur Website hinzugef\u00fcgt werden. <\/p> <\/div> <\/div><\/div><div class=\"col-sm-6 showcase__element\"><div class=\"showcase__container\"> <img decoding=\"async\" class=\"img-responsive\" src=\"https:\/\/toolset.com\/wp-content\/uploads\/2018\/06\/Hotel-Business-e-per-Famiglie-Roma.png\" alt=\"\"> <div class=\"showcase__content\"> <h3>Eine benutzerdefinierte Suche in der Seitenleiste in der Website<\/h3> <p> <a href=\"http:\/\/hotelinrome.com\/\" class=\"showcase__link\" target=\"_blank\" rel=\"nofollow noopener noreferrer\">Hotel in Rome<\/a> bietet Infos zu Unterk\u00fcnften, Touren und Restaurants in Italiens Hauptstadt an. Um den Dienstleistungen so viel Raum wie m\u00f6glich zu geben, platzierte die Seite die Suchoption in einem Widget in der rechten Seitenleiste. <\/p> <\/div> <\/div><\/div><\/div> <div class=\"row \" > <div class=\"col-sm-6 showcase__element\"><div class=\"showcase__container\"> <img decoding=\"async\" class=\"img-responsive\" src=\"https:\/\/toolset.com\/wp-content\/uploads\/2018\/06\/Global-list-of-Planeta-2.png\" alt=\"\"> <div class=\"showcase__content\"> <h3>Eine ganzseitige benutzerdefinierte Suche mit Ergebnissen auf einer Google Map<\/h3> <p> <a href=\"http:\/\/www.fddb.org\/\" class=\"showcase__link\" target=\"_blank\" rel=\"nofollow noopener noreferrer\">Die Fulldom Database<\/a> brauchte eine benutzerdefinierte Suche mit 14 Attributen, um ihre hunderte Shows auf der ganzen Welt aufzulisten. Mit Views hat sie eine Suche erstellt, die sich in Echtzeit aktualisiert. So k\u00f6nnen Benutzer in Sekundenschnelle die richtige Show finden. <\/p> <\/div> <\/div><\/div><div class=\"col-sm-6 showcase__element\"><div class=\"showcase__container\"> <img decoding=\"async\" class=\"img-responsive\" src=\"https:\/\/toolset.com\/wp-content\/uploads\/2018\/06\/Forms.png\" alt=\"\"> <div class=\"showcase__content\"> <h3>Eine einfache Tabelle<\/h3> <p> <a href=\"http:\/\/andersoncountyclerkandmaster.com\/\" class=\"showcase__link\" target=\"_blank\" rel=\"nofollow noopener noreferrer\">The Anderson County Clerk &amp; Master <\/a> ist Sachverwalter von Gerichtsdokumenten. Das Unternehmen bietet eine lange Liste an Formularen in verschiedenen Formaten an. Die Liste ist eine View, die die Ergebnisse als Tabelle anzeigt. <\/p> <\/div> <\/div><\/div><\/div> <div class=\"row \" > <div class=\"col-sm-6 showcase__element\"><div class=\"showcase__container\"> <img decoding=\"async\" class=\"img-responsive\" src=\"https:\/\/toolset.com\/wp-content\/uploads\/2018\/06\/Swindon-Teaching-Schools.png\" alt=\"\"> <div class=\"showcase__content\"> <h3>Ein Gitter<\/h3> <p> <a href=\"https:\/\/www.swindonteachingschool.org.uk\/\" class=\"showcase__link\" target=\"_blank\" rel=\"nofollow noopener noreferrer\">Swindon Teaching Schools <\/a>bietet eine Reihe von Kursen an. Um die Wartung der Website zu vereinfachten, zeigen sie sie mit einer View an. So aktualisiert sich auch die Website automatisch, wenn die Kurse sich aktualisieren. <\/p> <\/div> <\/div><\/div><div class=\"col-sm-6 showcase__element\"><div class=\"showcase__container\"> <img decoding=\"async\" class=\"img-responsive\" src=\"https:\/\/toolset.com\/wp-content\/uploads\/2018\/06\/Jon-Arvizu-I-Design.png\" alt=\"\"> <div class=\"showcase__content\"> <h3>Benutzerdefinierte Auflistungen f\u00fcr WooCommerce-Produkte<\/h3> <p> Die Website von <a href=\"https:\/\/jonarvizu.com\/\" class=\"showcase__link\" target=\"_blank\" rel=\"nofollow noopener noreferrer\">Jon Arvizu<\/a> verkauft \u00fcber WooCommerce Kunst. Dazu wurde mit Views eine benutzerdefinierte Auflistung f\u00fcr Produkte erstellt, um exakt das gew\u00fcnschte Design und Verhalten zu erzielen. <\/p> <\/div> <\/div><\/div><\/div><\/section><\/div><\/div><\/section> <section class=\"full-bg equalize row-calltoaction-bg\" > <div class=\"container \"> <div class=\"row\"> <div class=\"col-sm-5 col-xs-12 col-sm-offset-1\"><h2 class=\"new-layout__header text--white\">Testen Sie <span class=\"text-primary-yellow\">Views<\/span><\/h2> <p class=\"new-layout__paragraph text--white\"> Innerhalb weniger Minuten hilft das Views-Plugin Ihnen, Ihre ersten Abfragen zu erstellen. Mithilfe der fortgeschrittenen Funktionen in Views k\u00f6nnen Sie genau das gestalten, was Ihre Kunden fordern, ganz ohne Programmieren. <br> <strong>Testen Sie es 30 Tage lang<\/strong> und schauen Sie, wie es Ihnen gef\u00e4llt. Wenn Sie nicht zu 100 % zufrieden sind, geben Sie uns Bescheid, dann erstatten wir Ihre Bestellung. <\/p><\/div><div class=\"col-sm-4 col-xs-12 col-sm-offset-1\"><a href=\"https:\/\/toolset.com\/de\/gleich-kaufen\/\" class=\"calltoaction__main-btn calltoaction__main-btn--white\"><i class=\"fa fa-chevron-right\"><\/i> Kaufen Sie Views mit Toolset<\/a><\/div><\/div><\/div><\/section>","protected":false},"excerpt":{"rendered":"<p>Views &#8211; der Abfragen-Ersteller f\u00fcr WordPress Mit Views k\u00f6nnen Sie Inhalte aller Art aus der Datenbank laden und mit Ihrem Design anzeigen. Es ist einfach f\u00fcr Nichtprogrammierer und funktionsreich f\u00fcr fortgeschrittene WordPress-Entwickler. Kompatibel Views funktioniert mit jedem Theme und Seitenersteller Vollst\u00e4ndig Erm\u00f6glicht es Ihnen, alles in Ihrer Datenbank anzuzeigen Einfach zu verwenden Sie k\u00f6nnen Views [&hellip;]<\/p>\n","protected":false},"author":3,"featured_media":0,"parent":1397513,"menu_order":0,"comment_status":"closed","ping_status":"closed","template":"","meta":{"_bbp_topic_count":0,"_bbp_reply_count":0,"_bbp_total_topic_count":0,"_bbp_total_reply_count":0,"_bbp_voice_count":0,"_bbp_anonymous_reply_count":0,"_bbp_topic_count_hidden":0,"_bbp_reply_count_hidden":0,"_bbp_forum_subforum_count":0,"ep_exclude_from_search":false,"footnotes":""},"documentation-category":[],"class_list":["post-4709","page","type-page","status-publish","hentry"],"_links":{"self":[{"href":"https:\/\/toolset.com\/de\/wp-json\/wp\/v2\/pages\/4709","targetHints":{"allow":["GET"]}}],"collection":[{"href":"https:\/\/toolset.com\/de\/wp-json\/wp\/v2\/pages"}],"about":[{"href":"https:\/\/toolset.com\/de\/wp-json\/wp\/v2\/types\/page"}],"author":[{"embeddable":true,"href":"https:\/\/toolset.com\/de\/wp-json\/wp\/v2\/users\/3"}],"replies":[{"embeddable":true,"href":"https:\/\/toolset.com\/de\/wp-json\/wp\/v2\/comments?post=4709"}],"version-history":[{"count":9,"href":"https:\/\/toolset.com\/de\/wp-json\/wp\/v2\/pages\/4709\/revisions"}],"predecessor-version":[{"id":1501163,"href":"https:\/\/toolset.com\/de\/wp-json\/wp\/v2\/pages\/4709\/revisions\/1501163"}],"up":[{"embeddable":true,"href":"https:\/\/toolset.com\/de\/wp-json\/wp\/v2\/pages\/1397513"}],"wp:attachment":[{"href":"https:\/\/toolset.com\/de\/wp-json\/wp\/v2\/media?parent=4709"}],"wp:term":[{"taxonomy":"documentation-category","embeddable":true,"href":"https:\/\/toolset.com\/de\/wp-json\/wp\/v2\/documentation-category?post=4709"}],"curies":[{"name":"wp","href":"https:\/\/api.w.org\/{rel}","templated":true}]}}